{"id":91525,"date":"2023-01-17T11:57:36","date_gmt":"2023-01-17T11:57:36","guid":{"rendered":"https:\/\/www.omnitrack.com\/ball-transfer-units\/heavy-duty\/85-95-series-housed-spring-loaded\/"},"modified":"2024-10-09T18:24:10","modified_gmt":"2024-10-09T18:24:10","slug":"serie-85-e-95-sfere-portanti-con-molla-interna","status":"publish","type":"page","link":"https:\/\/www.omnitrack.com\/it\/sfere-portanti\/heavy-duty\/serie-85-e-95-sfere-portanti-con-molla-interna\/","title":{"rendered":"Serie 85 e 95 &#8211; Sfere portanti con molla interna"},"content":{"rendered":"<section id=\"product-presentation-one\" class=\"row cpn-section pb-0\">\n<div class=\"col\">\n<header class=\"row\">    <div class=\"col\">        <nav id=\"breadcrumb\">                    <\/nav>        <h1 class=\"fontSize-1\">Serie 85 e 95 &#8211; Sfere portanti con molla interna<\/h1>    <\/div>    <\/header>\n<div class=\"row list-images image-sizes\" data-material=\"ST_material\">\n<div class=\"col-auto col-md col-xxl-4\">\n<div class=\"img-default\"><img loading=\"lazy\" decoding=\"async\" class=\"ST_material alignnone wp-image-79785 size-full\" src=\"https:\/\/www.omnitrack.com\/wp-content\/uploads\/2023\/03\/95-series-heavy-duty-ball-transfer-units.webp\" alt=\"Sfere portanti serie 95\" width=\"400\" height=\"400\" data-fullsrc=\"\" srcset=\"https:\/\/www.omnitrack.com\/wp-content\/uploads\/2023\/03\/95-series-heavy-duty-ball-transfer-units.webp 400w, https:\/\/www.omnitrack.com\/wp-content\/uploads\/2023\/03\/95-series-heavy-duty-ball-transfer-units-300x300.webp 300w, https:\/\/www.omnitrack.com\/wp-content\/uploads\/2023\/03\/95-series-heavy-duty-ball-transfer-units-150x150.webp 150w, https:\/\/www.omnitrack.com\/wp-content\/uploads\/2023\/03\/95-series-heavy-duty-ball-transfer-units-100x100.webp 100w\" sizes=\"auto, (max-width: 400px) 100vw, 400px\" \/> <img loading=\"lazy\" decoding=\"async\" class=\"A_material alignnone wp-image-78331 size-medium\" src=\"https:\/\/www.omnitrack.com\/wp-content\/uploads\/2023\/03\/95_00_01-300x300.webp\" alt=\"Serie 95\" width=\"300\" height=\"300\" data-fullsrc=\"\" srcset=\"https:\/\/www.omnitrack.com\/wp-content\/uploads\/2023\/03\/95_00_01-300x300.webp 300w, https:\/\/www.omnitrack.com\/wp-content\/uploads\/2023\/03\/95_00_01-150x150.webp 150w, https:\/\/www.omnitrack.com\/wp-content\/uploads\/2023\/03\/95_00_01-768x768.webp 768w, https:\/\/www.omnitrack.com\/wp-content\/uploads\/2023\/03\/95_00_01-600x600.webp 600w, https:\/\/www.omnitrack.com\/wp-content\/uploads\/2023\/03\/95_00_01-100x100.webp 100w, https:\/\/www.omnitrack.com\/wp-content\/uploads\/2023\/03\/95_00_01.webp 800w\" sizes=\"auto, (max-width: 300px) 100vw, 300px\" \/> <img loading=\"lazy\" decoding=\"async\" class=\"Z_material alignnone wp-image-78331 size-medium\" src=\"https:\/\/www.omnitrack.com\/wp-content\/uploads\/2023\/03\/95_00_01-300x300.webp\" alt=\"Serie 95\" width=\"300\" height=\"300\" data-fullsrc=\"\" srcset=\"https:\/\/www.omnitrack.com\/wp-content\/uploads\/2023\/03\/95_00_01-300x300.webp 300w, https:\/\/www.omnitrack.com\/wp-content\/uploads\/2023\/03\/95_00_01-150x150.webp 150w, https:\/\/www.omnitrack.com\/wp-content\/uploads\/2023\/03\/95_00_01-768x768.webp 768w, https:\/\/www.omnitrack.com\/wp-content\/uploads\/2023\/03\/95_00_01-600x600.webp 600w, https:\/\/www.omnitrack.com\/wp-content\/uploads\/2023\/03\/95_00_01-100x100.webp 100w, https:\/\/www.omnitrack.com\/wp-content\/uploads\/2023\/03\/95_00_01.webp 800w\" sizes=\"auto, (max-width: 300px) 100vw, 300px\" \/> <img loading=\"lazy\" decoding=\"async\" class=\"SS_material alignnone wp-image-78332 size-medium\" src=\"https:\/\/www.omnitrack.com\/wp-content\/uploads\/2023\/03\/95_00_SS-300x300.webp\" alt=\"Serie 95\" width=\"300\" height=\"300\" data-fullsrc=\"\" srcset=\"https:\/\/www.omnitrack.com\/wp-content\/uploads\/2023\/03\/95_00_SS-300x300.webp 300w, https:\/\/www.omnitrack.com\/wp-content\/uploads\/2023\/03\/95_00_SS-150x150.webp 150w, https:\/\/www.omnitrack.com\/wp-content\/uploads\/2023\/03\/95_00_SS-768x768.webp 768w, https:\/\/www.omnitrack.com\/wp-content\/uploads\/2023\/03\/95_00_SS-600x600.webp 600w, https:\/\/www.omnitrack.com\/wp-content\/uploads\/2023\/03\/95_00_SS-100x100.webp 100w, https:\/\/www.omnitrack.com\/wp-content\/uploads\/2023\/03\/95_00_SS.webp 800w\" sizes=\"auto, (max-width: 300px) 100vw, 300px\" \/><\/div>\n<\/div>\n<div class=\"col-auto col-md col-xxl-4\">\n<div><img loading=\"lazy\" decoding=\"async\" class=\"alignnone wp-image-79786 size-full\" src=\"https:\/\/www.omnitrack.com\/wp-content\/uploads\/2024\/10\/diagram_95_series_heavy_duty_ball_transfer_units_it.webp\" alt=\"Serie 95 Diagramma sfere portanti\" width=\"400\" height=\"400\" data-fullsrc=\"\" \/><\/div>\n<\/div>\n<\/div>\n<\/div>\n<div class=\"col sidebar-cpn\">\n<div class=\"row\">\n<div class=\"col\"><div class=\"box-material-upgrade\">        <div class=\"form-check ps-0\">                <div class=\"d-flex flex-row justify-content-between align-items-center\">            <label class=\"form-check-label pe-2\" for=\"materialUpgrade1\" style=\"width:calc(100% - 1.5rem)\" title=\"Sfere in acciaio al cromo AISI 52100 e alloggiamento in acciaio tornito con rivestimento elettroforetico antiossidante. Le parti del meccanismo a molla sono in acciaio al carbonio, indipendentemente dalle opzioni di aggiornamento del materiale indicate di seguito.\">                <span class=\"fontSize-6\"><b>Materiali Standard<\/b> - Sfere in acciaio al cromo AISI 52100 e alloggiamento in acciaio tornito con rivestimento elettroforetico antiossidante. Le parti del meccanismo a molla sono in acciaio al carbonio, indipendentemente dalle opzioni di aggiornamento del materiale indicate di seguito.<\/span>            <\/label>            <input class=\"form-check-input inputCheck\" type=\"radio\" name=\"materialUpgrade\" id=\"materialUpgrade1\" checked=\"checked\" value=\"ST_material\">        <\/div>        <h4 class=\"fontSize-3 my-3\">Opzioni dei materiali disponibili:<\/h4>        <div class=\"box-input-material-upgrade mb-2 d-flex flex-row justify-content-between\">            <label class=\"form-check-label pe-2\" for=\"materialUpgrade2\" style=\"width:calc(100% - 1.5rem)\"  title=\"Sfere in acciaio inox AISI 440C, componenti interni standard. Alloggiamento con trattamento antiossidante. Il coefficiente di carico standard rimane inalterato.\">                <span class=\"material material-A\">Sfere in acciaio inossidabile<\/span>            <\/label>            <input class=\"form-check-input inputCheck\" type=\"radio\" name=\"materialUpgrade\" id=\"materialUpgrade2\"  value=\"A_material\">        <\/div>        <div class=\"box-input-material-upgrade mb-2 d-flex flex-row justify-content-between\">            <label class=\"form-check-label pe-2\" for=\"materialUpgrade3\" style=\"width:calc(100% - 1.5rem)\"  title=\"Sfere in acciaio inox AISI 440C, componenti interni standard. Alloggiamento con trattamento antiossidante. Il coefficiente di carico standard rimane inalterato.\" >                <span class=\"material material-Z\">Parti interne in acciaio inossidabile<\/span>            <\/label>            <input class=\"form-check-input inputCheck\" type=\"radio\" name=\"materialUpgrade\" id=\"materialUpgrade3\"  value=\"Z_material\">        <\/div>        <div class=\"box-input-material-upgrade mb-2 d-flex flex-row justify-content-between\">            <label class=\"form-check-label pe-2\" for=\"materialUpgrade4\" style=\"width:calc(100% - 1.5rem)\" title=\"Sfere e componenti interni portanti in acciaio inox AISI440C. Alloggiamento esterno in AISI 304. Il coefficiente di carico standard rimane inalterato.\">                <span class=\"material material-SS\">Tutte le parti in acciaio inossidabile<\/span>            <\/label>            <input class=\"form-check-input inputCheck\" type=\"radio\" name=\"materialUpgrade\" id=\"materialUpgrade4\" value=\"SS_material\">        <\/div>            <\/div><\/div><\/div>\n<\/div>\n<\/div>\n<\/section>\n<section id=\"part-table-one\" class=\"row cpn-section pb-4\">\n<div class=\"col\"><div class=\"switcher mt-3 mt-md-0 mx-2 me-sm-0 ms-sm-5\">    <div class=\"switcher-title\"><b>Cambia sistema di misura:<\/b> <\/span><\/div>    <button class=\"toggle-unit\" type=\"button\"><span class=\"switch-metric\">Metrico (mm\/kg)<\/span><span class=\"switch\"><\/span><span class=\"switch-imperial\">Imperiale (pollici\/lb)<\/span><\/button><\/div> [omni_render_table class-container=&#8221;table-mobi table-scroll&#8221;]<\/div>\n<\/section>\n<section id=\"also-consider\" class=\"row cpn-section\">\n<div class=\"col\">\n<div>\n<h2>Considerate anche<\/h2>\n<div>\t<div class=\"omni-slider omni-carousel\" >\t<ul class=\"omni-slider-track\"><li>    <a href=\"https:\/\/www.omnitrack.com\/it\/sfere-portanti\/heavy-duty\/serie-84-e-94-sfere-portanti-a-molla-esterna\/\"><img loading=\"lazy\" decoding=\"async\" width=\"150\" height=\"150\" src=\"https:\/\/www.omnitrack.com\/wp-content\/uploads\/2023\/03\/94_400.webp\" class=\"img-fluid\" alt=\"Stud\" srcset=\"https:\/\/www.omnitrack.com\/wp-content\/uploads\/2023\/03\/94_400.webp 400w, https:\/\/www.omnitrack.com\/wp-content\/uploads\/2023\/03\/94_400-300x300.webp 300w, https:\/\/www.omnitrack.com\/wp-content\/uploads\/2023\/03\/94_400-150x150.webp 150w, https:\/\/www.omnitrack.com\/wp-content\/uploads\/2023\/03\/94_400-100x100.webp 100w\" sizes=\"auto, (max-width: 150px) 100vw, 150px\" \/><h3>Serie 84 e 94<\/h3><\/a><\/li><li>    <a href=\"https:\/\/www.omnitrack.com\/it\/sfere-portanti\/heavy-duty\/serie-86-e-96-sfere-portanti-a-molla-con-flangia-di-fissaggio\/\"><img loading=\"lazy\" decoding=\"async\" width=\"150\" height=\"150\" src=\"https:\/\/www.omnitrack.com\/wp-content\/uploads\/2023\/03\/96_400.webp\" class=\"img-fluid\" alt=\"Stud\" srcset=\"https:\/\/www.omnitrack.com\/wp-content\/uploads\/2023\/03\/96_400.webp 400w, https:\/\/www.omnitrack.com\/wp-content\/uploads\/2023\/03\/96_400-300x300.webp 300w, https:\/\/www.omnitrack.com\/wp-content\/uploads\/2023\/03\/96_400-150x150.webp 150w, https:\/\/www.omnitrack.com\/wp-content\/uploads\/2023\/03\/96_400-100x100.webp 100w\" sizes=\"auto, (max-width: 150px) 100vw, 150px\" \/><h3>Serie 86 e 96<\/h3><\/a><\/li><li>    <a href=\"https:\/\/www.omnitrack.com\/it\/sfere-portanti\/heavy-duty\/serie-87-e-97-sfere-portanti-a-molla-con-flangia-di-base\/\"><img loading=\"lazy\" decoding=\"async\" width=\"150\" height=\"150\" src=\"https:\/\/www.omnitrack.com\/wp-content\/uploads\/2023\/03\/97_400.webp\" class=\"img-fluid\" alt=\"Stud\" srcset=\"https:\/\/www.omnitrack.com\/wp-content\/uploads\/2023\/03\/97_400.webp 400w, https:\/\/www.omnitrack.com\/wp-content\/uploads\/2023\/03\/97_400-300x300.webp 300w, https:\/\/www.omnitrack.com\/wp-content\/uploads\/2023\/03\/97_400-150x150.webp 150w, https:\/\/www.omnitrack.com\/wp-content\/uploads\/2023\/03\/97_400-100x100.webp 100w\" sizes=\"auto, (max-width: 150px) 100vw, 150px\" \/><h3>Serie 87 e 97<\/h3><\/a><\/li><li>    <a href=\"https:\/\/www.omnitrack.com\/it\/sfere-portanti\/carico-a-molla-e-barre-a-t-b\/barre-a-t-b\/\"><img loading=\"lazy\" decoding=\"async\" width=\"150\" height=\"150\" src=\"https:\/\/www.omnitrack.com\/wp-content\/uploads\/2023\/03\/T_Bar.webp\" class=\"img-fluid\" alt=\"Spring loaded&amp; T\/B-bars\" srcset=\"https:\/\/www.omnitrack.com\/wp-content\/uploads\/2023\/03\/T_Bar.webp 800w, https:\/\/www.omnitrack.com\/wp-content\/uploads\/2023\/03\/T_Bar-300x300.webp 300w, https:\/\/www.omnitrack.com\/wp-content\/uploads\/2023\/03\/T_Bar-150x150.webp 150w, https:\/\/www.omnitrack.com\/wp-content\/uploads\/2023\/03\/T_Bar-768x768.webp 768w, https:\/\/www.omnitrack.com\/wp-content\/uploads\/2023\/03\/T_Bar-600x600.webp 600w, https:\/\/www.omnitrack.com\/wp-content\/uploads\/2023\/03\/T_Bar-100x100.webp 100w\" sizes=\"auto, (max-width: 150px) 100vw, 150px\" \/><h3>Barre a &#039;T&#039;<\/h3><\/a><\/li><li>    <a href=\"https:\/\/www.omnitrack.com\/it\/sfere-portanti\/medium-duty\/serie-mm-sfere-portanti-a-molla-interna\/\"><img loading=\"lazy\" decoding=\"async\" width=\"150\" height=\"150\" src=\"https:\/\/www.omnitrack.com\/wp-content\/uploads\/2023\/03\/mm-series-medium-duty-ball-transfer-units.webp\" class=\"img-fluid\" alt=\"medium-duty ball transfer unit\" srcset=\"https:\/\/www.omnitrack.com\/wp-content\/uploads\/2023\/03\/mm-series-medium-duty-ball-transfer-units.webp 400w, https:\/\/www.omnitrack.com\/wp-content\/uploads\/2023\/03\/mm-series-medium-duty-ball-transfer-units-300x300.webp 300w, https:\/\/www.omnitrack.com\/wp-content\/uploads\/2023\/03\/mm-series-medium-duty-ball-transfer-units-150x150.webp 150w, https:\/\/www.omnitrack.com\/wp-content\/uploads\/2023\/03\/mm-series-medium-duty-ball-transfer-units-100x100.webp 100w\" sizes=\"auto, (max-width: 150px) 100vw, 150px\" \/><h3>Serie MM<\/h3><\/a><\/li><li>    <a href=\"https:\/\/www.omnitrack.com\/it\/sfere-portanti\/medium-duty\/serie-mn-sfere-portanti-a-molla-interna\/\"><img loading=\"lazy\" decoding=\"async\" width=\"150\" height=\"150\" src=\"https:\/\/www.omnitrack.com\/wp-content\/uploads\/2023\/03\/MN-series-medium-duty-ball-transfer-units.webp\" class=\"img-fluid\" alt=\"medium-duty ball transfer unit\" srcset=\"https:\/\/www.omnitrack.com\/wp-content\/uploads\/2023\/03\/MN-series-medium-duty-ball-transfer-units.webp 400w, https:\/\/www.omnitrack.com\/wp-content\/uploads\/2023\/03\/MN-series-medium-duty-ball-transfer-units-300x300.webp 300w, https:\/\/www.omnitrack.com\/wp-content\/uploads\/2023\/03\/MN-series-medium-duty-ball-transfer-units-150x150.webp 150w, https:\/\/www.omnitrack.com\/wp-content\/uploads\/2023\/03\/MN-series-medium-duty-ball-transfer-units-100x100.webp 100w\" sizes=\"auto, (max-width: 150px) 100vw, 150px\" \/><h3>Serie MN<\/h3><\/a><\/li><li>    <a href=\"https:\/\/www.omnitrack.com\/it\/sfere-portanti\/sfere-portanti-pneumatiche\/\"><img loading=\"lazy\" decoding=\"async\" width=\"113\" height=\"150\" src=\"https:\/\/www.omnitrack.com\/wp-content\/uploads\/2023\/03\/Pneumatic-Ball_pb25.webp\" class=\"img-fluid\" alt=\"Nut\" srcset=\"https:\/\/www.omnitrack.com\/wp-content\/uploads\/2023\/03\/Pneumatic-Ball_pb25.webp 300w, https:\/\/www.omnitrack.com\/wp-content\/uploads\/2023\/03\/Pneumatic-Ball_pb25-225x300.webp 225w\" sizes=\"auto, (max-width: 113px) 100vw, 113px\" \/><h3>Pneumatiche<\/h3><\/a><\/li><li>    <a href=\"https:\/\/www.omnitrack.com\/it\/sfere-portanti\/light-duty\/serie-lm-sfere-portanti-con-molla-a-spirale\/\"><img loading=\"lazy\" decoding=\"async\" width=\"150\" height=\"150\" src=\"https:\/\/www.omnitrack.com\/wp-content\/uploads\/2023\/03\/LM-series-light-duty-ball-transfer-units.webp\" class=\"img-fluid\" alt=\"LM series light duty ball transfer units\" srcset=\"https:\/\/www.omnitrack.com\/wp-content\/uploads\/2023\/03\/LM-series-light-duty-ball-transfer-units.webp 400w, https:\/\/www.omnitrack.com\/wp-content\/uploads\/2023\/03\/LM-series-light-duty-ball-transfer-units-300x300.webp 300w, https:\/\/www.omnitrack.com\/wp-content\/uploads\/2023\/03\/LM-series-light-duty-ball-transfer-units-150x150.webp 150w, https:\/\/www.omnitrack.com\/wp-content\/uploads\/2023\/03\/LM-series-light-duty-ball-transfer-units-100x100.webp 100w\" sizes=\"auto, (max-width: 150px) 100vw, 150px\" \/><h3>Serie LM<\/h3><\/a><\/li>\t<\/ul><div class=\"omni-slider-controls\"><button class=\"omni-slider-prev\"><img src=\"https:\/\/www.omnitrack.com\/wp-content\/themes\/omnitrack2023\/images\/icon-arrow-blue-left.svg\" alt=\"Arrow left icon\" decoding=\"async\" loading=\"lazy\" alt=\"Arrow left icon\"><\/button> <button class=\"omni-slider-next\"><img src=\"https:\/\/www.omnitrack.com\/wp-content\/themes\/omnitrack2023\/images\/icon-arrow-blue-right.svg\" decoding=\"async\" loading=\"lazy\" alt=\"Arrow right icon\"><\/button><\/div><\/div><\/div>\n<\/div>\n<\/div>\n<\/section>\n<div class=\"row cpn-section\">\n<div class=\"col\">\n<hr \/>\n<\/div>\n<\/div>\n<section id=\"icons-grid-one\" class=\"row cpn-section\">\n<div class=\"col-12 col-sm-5 col-xl-6 col-xxl-7 fontSize-4 pb-4\">\n<p>Le sfere portanti Omnitrack a molla heavy-duty sono ideali in caso di piani di scorrimento irregolari o in presenza di urti. Le molle interne offrono la completa retrazione della sfera all&#8217;interno dell&#8217;alloggiamento. Possiamo personalizzare i precarichi, le deflessioni e le caratteristiche delle molle in base alle vostre esigenze. Considerate le opzioni di upgrade dei materiali alternativi per resistere agli ambienti operativi pi\u00f9 difficili.<\/p>\n<p>Le sfere portanti a molla della serie Omnitrack 95 sono precompresse per un posizionamento omnidirezionale e preciso. Poich\u00e9 queste sfere appartengono alla nostra gamma deavy-duty, offrono il pi\u00f9 basso coefficiente di attrito e le prestazioni pi\u00f9 fluide disponibili.<\/p>\n<p>Quando si incorporano le sfere Omnitrack della serie 95 in utensili o stampi per presse pesanti, l&#8217;utensile pu\u00f2 essere posizionato con precisione e poi bloccato. La forza aggiuntiva fa s\u00ec che le molle a tazza si deflettano mentre sono bloccate, ma una volta sbloccate sollevano l&#8217;utensile pronto per essere manovrato con facilit\u00e0 e precisione.<\/p>\n<p>Le opzioni di upgrade dei materiali sono indicate di seguito: ordinate aggiungendo il suffisso al numero di parte richiesto, ad esempio 9520 &#8216;Z&#8217; che include sfere\/parti interne in acciaio inox e una maggiore resistenza alle alte temperature.<br \/>\nLe parti del meccanismo a molla rimangono in acciaio al carbonio, indipendentemente dagli upgrade dei materiali; consultateci se sono necessari altri materiali.<\/p>\n<ul>\n<li>Massima protezione dagli urti \u2013 La sfera si ritrae completamente all&#8217;interno dell&#8217;alloggiamento.<\/li>\n<li>Ideale in caso di bilanciamento del carico o di condizioni di carico\/traccia disuguali.<\/li>\n<li>Eccezionale resistenza agli urti e alle alte\/basse temperature.<\/li>\n<li>Massima capacit\u00e0 di carico con qualsiasi angolo di orientamento.<\/li>\n<li>Montaggio a pressione\/spinta all&#8217;interno del foro o utilizzo di anelli di tolleranza.<\/li>\n<\/ul>\n<p>Scoprite il resto della nostra gamma di <a href=\"https:\/\/www.omnitrack.com\/it\/sfere-portanti\/\">unit\u00e0 di trasferimento delle sfere<\/a>.<\/p>\n<p>Non avete trovato quello che vi serve? <a href=\"https:\/\/www.omnitrack.com\/it\/contattaci\/\">Chiamateci ora<\/a>.<\/p>\n<\/div>\n<div class=\"col-12 col-sm-7 col-xl-6 col-xxl-5\"><div class=\"grid-wrap\">\n<div class=\"row g-2 g-md-3 mb-2 mb-md-3\">\n<div class=\"col-8\">\n<div class=\"grid-item double\"><img decoding=\"async\" loading=\"lazy\" src=\"https:\/\/www.omnitrack.com\/wp-content\/themes\/omnitrack2023\/images\/icon-maximum-load-6000.svg\" class=\"ico-icons-grid\" alt=\"Portata massima\"  \/>Il coefficiente di carico massimo \u00e8 inalterato in qualsiasi orientamento<small><\/small><\/div>\n<\/div>\n<div class=\"col-4\">\n<div class=\"grid-item\"><img decoding=\"async\" loading=\"lazy\" src=\"https:\/\/www.omnitrack.com\/wp-content\/themes\/omnitrack2023\/images\/icon-low-friction.svg\" class=\"ico-icons-grid\" alt=\"Basso attrito\"  \/>Basso attrito<br \/>1 : 0,005<small>Solo serie 9000<\/small><\/div>\n<\/div>\n<\/div>\n<div class=\"row g-2 g-md-3 mb-2 mb-md-3\">\n<div class=\"col-4\">\n<div class=\"grid-item\"><img decoding=\"async\" loading=\"lazy\" src=\"https:\/\/www.omnitrack.com\/wp-content\/themes\/omnitrack2023\/images\/icon-speed.svg\" class=\"ico-icons-grid\" alt=\"Velocit\u00e0\"  \/>Velocit\u00e0<br \/>2m\/sec<small><\/small><\/div>\n<\/div>\n<div class=\"col-4\">\n<div class=\"grid-item\"><img decoding=\"async\" loading=\"lazy\" src=\"https:\/\/www.omnitrack.com\/wp-content\/themes\/omnitrack2023\/images\/icon-temperature.svg\" class=\"ico-icons-grid\" alt=\"Temperatura\"  \/>Temperatura<br \/>-50\/+160\u00baC<small><\/small><\/div>\n<\/div>\n<div class=\"col-4\">\n<div class=\"grid-item\"><img decoding=\"async\" loading=\"lazy\" src=\"https:\/\/www.omnitrack.com\/wp-content\/themes\/omnitrack2023\/images\/icon-high-shock-resistence.svg\" class=\"ico-icons-grid\" alt=\"Elevata resistenza agli urti\"  \/>Elevata resistenza agli urti<small><\/small><\/div>\n<\/div>\n<\/div>\n<div class=\"row g-2 g-md-3\">\n<div class=\"col-4\">\n<div class=\"grid-item\">\n<div><img decoding=\"async\" loading=\"lazy\" src=\"https:\/\/www.omnitrack.com\/wp-content\/themes\/omnitrack2023\/images\/icon-uneven-loads.webp\" class=\"ico-icons-grid\" alt=\"Carichi irregolari\"  \/><\/div>\n<p>Carichi irregolari<small><\/small><\/p>\n<\/div>\n<\/div>\n<div class=\"col-4\">\n<div class=\"grid-item\"><img decoding=\"async\" loading=\"lazy\" src=\"https:\/\/www.omnitrack.com\/wp-content\/themes\/omnitrack2023\/images\/icon-user-seviceble.svg\" class=\"ico-icons-grid\" alt=\"Riparabile dall&#039;utente\"  \/>Riparabile dall&#8217;utente<small>Solo serie 9000<\/small><\/div>\n<\/div>\n<\/div>\n<\/div>\n<\/div>\n<\/section>\n<div class=\"row cpn-section\">\n<div class=\"col\">\n<hr \/>\n<\/div>\n<\/div>\n<section id=\"service-kits-one\" class=\"row cpn-section pb-4\"><div class=\"col\">\n<div class=\"row\">\n<div class=\"col-12 col-sm-6 col-xl-6 col-xxl-6 fontSize-3\">\n<h2>Kit di manutenzione<\/h2>\n<p class=\"fontSize-\">Servizio di ricondizionamento di fabbrica per sfere portanti a molla e personalizzate che richiedono strumentazioni idonee per uno smontaggio sicuro.<\/p>\n<\/div>\n<div class=\"col-12 col-sm-6 col-xl-6 col-xxl-6 image-sizes text-center text-sm-left\"><img loading=\"lazy\" decoding=\"async\" class=\"img-fluid alignnone wp-image-79719 size-full\" src=\"https:\/\/www.omnitrack.com\/wp-content\/uploads\/2023\/03\/Service_Kits_2-2.webp\" alt=\"Schema del kit di assistenza\" width=\"241\" height=\"240\" srcset=\"https:\/\/www.omnitrack.com\/wp-content\/uploads\/2023\/03\/Service_Kits_2-2.webp 241w, https:\/\/www.omnitrack.com\/wp-content\/uploads\/2023\/03\/Service_Kits_2-2-150x150.webp 150w, https:\/\/www.omnitrack.com\/wp-content\/uploads\/2023\/03\/Service_Kits_2-2-100x100.webp 100w\" sizes=\"auto, (max-width: 241px) 100vw, 241px\" \/> <img loading=\"lazy\" decoding=\"async\" class=\"img-fluid alignnone wp-image-79720 size-full\" src=\"https:\/\/www.omnitrack.com\/wp-content\/uploads\/2023\/03\/Diagram_Heavy_Duty_85_95-1.webp\" alt=\"diagramma delle sfere di trasferimento per impieghi gravosi\" width=\"241\" height=\"240\" srcset=\"https:\/\/www.omnitrack.com\/wp-content\/uploads\/2023\/03\/Diagram_Heavy_Duty_85_95-1.webp 241w, https:\/\/www.omnitrack.com\/wp-content\/uploads\/2023\/03\/Diagram_Heavy_Duty_85_95-1-150x150.webp 150w, https:\/\/www.omnitrack.com\/wp-content\/uploads\/2023\/03\/Diagram_Heavy_Duty_85_95-1-100x100.webp 100w\" sizes=\"auto, (max-width: 241px) 100vw, 241px\" \/><\/div>\n<\/div>\n<\/div>\n<\/section>\n<div class=\"row cpn-section\">\n<div class=\"col\">\n<hr \/>\n<\/div>\n<\/div>\n<section id=\"tolerance-rings-one\" class=\"row cpn-section pb-5\">\n<div class=\"col\"><div class=\"row\">\n<div class=\"col-12 col-md-6 fontSize-4 mb-4 mb-md-0\">\n<h2>Anelli di tolleranza<\/h2>\n<ul>\n<li>Compensa le irregolarit\u00e0 di foro e diametro.<\/li>\n<li>Ideale in caso di accesso a un solo lato della superficie di montaggio<\/li>\n<\/ul>\n<\/div>\n<div class=\"col-12 col-md-6 d-flex justify-content-center justify-content-md-around flex-wrap image-sizes\"><img loading=\"lazy\" decoding=\"async\" class=\"alignnone wp-image-79717 size-full\" src=\"https:\/\/www.omnitrack.com\/wp-content\/uploads\/2023\/03\/9300_Glass-1.webp\" alt=\"pneumatico e ruote\" width=\"314\" height=\"240\" srcset=\"https:\/\/www.omnitrack.com\/wp-content\/uploads\/2023\/03\/9300_Glass-1.webp 314w, https:\/\/www.omnitrack.com\/wp-content\/uploads\/2023\/03\/9300_Glass-1-300x229.webp 300w\" sizes=\"auto, (max-width: 314px) 100vw, 314px\" \/> <img loading=\"lazy\" decoding=\"async\" class=\"alignnone wp-image-79718 size-full\" src=\"https:\/\/www.omnitrack.com\/wp-content\/uploads\/2023\/03\/Tolerance_Ring_2-1.webp\" alt=\"Anelli di tolleranza\" width=\"284\" height=\"240\"><\/div>\n<\/div>\n<\/p>\n<div class=\"row\">\n<div class=\"col\">[omni_render_table_tolerance_ring class-container=&#8221;table-mobi table-no-scroll&#8221;]<\/div>\n<\/div>\n<\/div>\n<\/section>\n<section id=\"cant-find\" class=\"row one cpn-section py-5\"><div class=\"col col-md-7 col-lg-6 py-4 pe-5\">\n<h3 class=\"fontSize-1 mb-4\">Non riuscite a trovare quello che state cercando?<\/h3>\n<p class=\"fontSize-4\">Provate a cercare parole chiave, numeri di parte, carico, tipi di fissaggio.<\/p>\n<div class=\"input-group mb-3\"><form class=\"form-search\"><div class=\"input-group\">  <input type=\"text\" name=\"s\" class=\"form-control field\" placeholder=\"Cerca il codice prodotto\">  <input type=\"hidden\" name=\"post-type\" value=\"product\"><\/div><\/form><\/div>\n<\/div>\n<div class=\"col col-md-5 col-lg-6 py-4 text-center\"><a href=\"..\/..\/..\/garanzia\/\" target=\"_blank\" rel=\"noopener\"><img loading=\"lazy\" decoding=\"async\" class=\"mb-3 img-fluid alignnone wp-image-79745 size-full\" title=\"Garanzia di 2 anni\" src=\"https:\/\/www.omnitrack.com\/wp-content\/uploads\/2024\/08\/2_year_warranty_it.webp\" alt=\"Garanzia di 2 anni\" width=\"401\" height=\"190\" \/><\/a><br \/><small class=\"d-block\">Soggetto all&#8217;uso e alle condizioni.<\/small><\/div>\n<\/section>\n","protected":false},"excerpt":{"rendered":"<p>[omni_render_table class-container=&#8221;table-mobi table-scroll&#8221;] Considerate anche Le sfere portanti Omnitrack a molla heavy-duty sono ideali in caso di piani di scorrimento irregolari o in presenza di urti. Le molle interne offrono la completa retrazione della sfera all&#8217;interno dell&#8217;alloggiamento. Possiamo personalizzare i precarichi, le deflessioni e le caratteristiche delle molle in base alle vostre esigenze. Considerate le [&hellip;]<\/p>\n","protected":false},"author":7,"featured_media":0,"parent":91496,"menu_order":0,"comment_status":"closed","ping_status":"closed","template":"page-series-heavy-duty-tolerance-rings.php","meta":{"inline_featured_image":false,"footnotes":""},"class_list":["post-91525","page","type-page","status-publish","hentry"],"acf":[],"_links":{"self":[{"href":"https:\/\/www.omnitrack.com\/it\/wp-json\/wp\/v2\/pages\/91525","targetHints":{"allow":["GET"]}}],"collection":[{"href":"https:\/\/www.omnitrack.com\/it\/wp-json\/wp\/v2\/pages"}],"about":[{"href":"https:\/\/www.omnitrack.com\/it\/wp-json\/wp\/v2\/types\/page"}],"author":[{"embeddable":true,"href":"https:\/\/www.omnitrack.com\/it\/wp-json\/wp\/v2\/users\/7"}],"replies":[{"embeddable":true,"href":"https:\/\/www.omnitrack.com\/it\/wp-json\/wp\/v2\/comments?post=91525"}],"version-history":[{"count":4,"href":"https:\/\/www.omnitrack.com\/it\/wp-json\/wp\/v2\/pages\/91525\/revisions"}],"predecessor-version":[{"id":107677,"href":"https:\/\/www.omnitrack.com\/it\/wp-json\/wp\/v2\/pages\/91525\/revisions\/107677"}],"up":[{"embeddable":true,"href":"https:\/\/www.omnitrack.com\/it\/wp-json\/wp\/v2\/pages\/91496"}],"wp:attachment":[{"href":"https:\/\/www.omnitrack.com\/it\/wp-json\/wp\/v2\/media?parent=91525"}],"curies":[{"name":"wp","href":"https:\/\/api.w.org\/{rel}","templated":true}]}}