{"id":91503,"date":"2023-02-08T00:55:32","date_gmt":"2023-02-08T00:55:32","guid":{"rendered":"https:\/\/www.omnitrack.com\/ball-transfer-units\/heavy-duty\/service-kits\/"},"modified":"2025-04-14T01:15:55","modified_gmt":"2025-04-14T01:15:55","slug":"kit-di-manutenzione","status":"publish","type":"page","link":"https:\/\/www.omnitrack.com\/it\/sfere-portanti\/heavy-duty\/kit-di-manutenzione\/","title":{"rendered":"Kit di manutenzione"},"content":{"rendered":"<section id=\"service-kits-one\" class=\"row cpn-section pb-4\"> <div class=\"col\"> <div class=\"row mb-3\"> <div class=\"col col-lg-5 col-xl-6 col-xxl-7 fontSize-4\"> <nav class=\"breadcrumb\"><\/nav> <h1>Kit di manutenzione<\/h1> <p><a href=\"https:\/\/www.omnitrack.com\/it\/sfere-portanti\/\">Sfere portanti<\/a>&#8211; Omnitrack Heavy Duty serie 9000 &#8211; In produzione dal 1954. Ripristinate velocemente il funzionamento in pochi minuti con i Kit di manutenzione S1 ed S2 che offrono 2 livelli di componenti e istruzioni complete per la revisione.<\/p> <p>Servizio di ricondizionamento di fabbrica per sfere portanti a molla e personalizzate che richiedono strumentazioni idonee per uno smontaggio sicuro.<\/p> <p>Per ordinare, indicate i numeri di codice originali, i marchi di identificazione e il kit di manutenzione, ad es.: S1-9241. In caso di dubbio, <a href=\"https:\/\/www.omnitrack.com\/it\/contattaci\/\">contattateci<\/a> e vi terremo aggiornati!<\/p> <\/div> <div class=\"col col-lg-7 col-xl-6 col-xxl-5\"><img loading=\"lazy\" decoding=\"async\" class=\"img-fluid alignnone wp-image-79735 size-full\" src=\"https:\/\/www.omnitrack.com\/wp-content\/uploads\/2023\/03\/Service_Kits_3.webp\" alt=\"Kit di manutenzione\" width=\"469\" height=\"345\" srcset=\"https:\/\/www.omnitrack.com\/wp-content\/uploads\/2023\/03\/Service_Kits_3.webp 469w, https:\/\/www.omnitrack.com\/wp-content\/uploads\/2023\/03\/Service_Kits_3-300x221.webp 300w\" sizes=\"auto, (max-width: 469px) 100vw, 469px\" \/><\/div> <\/div> <div class=\"row text-center\"><div class=\"col\">\n<p><img loading=\"lazy\" decoding=\"async\" class=\"img-fluid alignnone wp-image-79738 size-full\" src=\"https:\/\/www.omnitrack.com\/wp-content\/uploads\/2023\/03\/service_kits-circlip.webp\" alt=\"Kit di manutenzione anello di sicurezza\" width=\"141\" height=\"140\" srcset=\"https:\/\/www.omnitrack.com\/wp-content\/uploads\/2023\/03\/service_kits-circlip.webp 141w, https:\/\/www.omnitrack.com\/wp-content\/uploads\/2023\/03\/service_kits-circlip-100x100.webp 100w\" sizes=\"auto, (max-width: 141px) 100vw, 141px\" \/><\/p>\n<h4 class=\"fontSize-5\">1 &#8211; Circlip<\/h4>\n<div><span class=\"tag blue\">S2<\/span><\/div>\n<p>&nbsp;<\/p>\n<\/div>\n<div class=\"col\">\n<p><img loading=\"lazy\" decoding=\"async\" class=\"img-fluid alignnone wp-image-79739 size-full\" src=\"https:\/\/www.omnitrack.com\/wp-content\/uploads\/2023\/03\/service_kits-top_cap.webp\" alt=\"Kit di manutenzione tappo superiore\" width=\"141\" height=\"140\" srcset=\"https:\/\/www.omnitrack.com\/wp-content\/uploads\/2023\/03\/service_kits-top_cap.webp 141w, https:\/\/www.omnitrack.com\/wp-content\/uploads\/2023\/03\/service_kits-top_cap-100x100.webp 100w\" sizes=\"auto, (max-width: 141px) 100vw, 141px\" \/><\/p>\n<h4 class=\"fontSize-5\">2 &#8211; Coperchio<\/h4>\n<div> <\/div>\n<p>&nbsp;<\/p>\n<\/div>\n<div class=\"col\">\n<p><img loading=\"lazy\" decoding=\"async\" class=\"img-fluid alignnone wp-image-79740 size-full\" src=\"https:\/\/www.omnitrack.com\/wp-content\/uploads\/2023\/03\/service_kits-felt_seal.webp\" alt=\"Kit di manutenzione guarnizione in feltro\" width=\"141\" height=\"140\" srcset=\"https:\/\/www.omnitrack.com\/wp-content\/uploads\/2023\/03\/service_kits-felt_seal.webp 141w, https:\/\/www.omnitrack.com\/wp-content\/uploads\/2023\/03\/service_kits-felt_seal-100x100.webp 100w\" sizes=\"auto, (max-width: 141px) 100vw, 141px\" \/><\/p>\n<h4 class=\"fontSize-5\">3 &#8211; Tenuta in feltro<\/h4>\n<div><span class=\"tag green\">S1<\/span><span class=\"tag blue\">S2<\/span><\/div>\n<p><small>(\u00d8 sfera &gt; 12.7mm)<\/small><\/p>\n<\/div>\n<div class=\"col\">\n<p><img loading=\"lazy\" decoding=\"async\" class=\"img-fluid alignnone wp-image-79741 size-full\" src=\"https:\/\/www.omnitrack.com\/wp-content\/uploads\/2023\/03\/service_kits-main_ball.webp\" alt=\"Kit di manutenzione sfera principale\" width=\"141\" height=\"140\" srcset=\"https:\/\/www.omnitrack.com\/wp-content\/uploads\/2023\/03\/service_kits-main_ball.webp 141w, https:\/\/www.omnitrack.com\/wp-content\/uploads\/2023\/03\/service_kits-main_ball-100x100.webp 100w\" sizes=\"auto, (max-width: 141px) 100vw, 141px\" \/><\/p>\n<h4 class=\"fontSize-5\">4 &#8211; Sfera principale<\/h4>\n<div><span class=\"tag green\">S1<\/span><span class=\"tag blue\">S2<\/span><\/div>\n<p>&nbsp;<\/p>\n<\/div>\n<div class=\"col\">\n<p><img loading=\"lazy\" decoding=\"async\" class=\"img-fluid alignnone wp-image-79742 size-full\" src=\"https:\/\/www.omnitrack.com\/wp-content\/uploads\/2023\/03\/service_kits-recirculating_balls.webp\" alt=\"Kit di manutenzione sfere di ricircolo\" width=\"141\" height=\"140\" srcset=\"https:\/\/www.omnitrack.com\/wp-content\/uploads\/2023\/03\/service_kits-recirculating_balls.webp 141w, https:\/\/www.omnitrack.com\/wp-content\/uploads\/2023\/03\/service_kits-recirculating_balls-100x100.webp 100w\" sizes=\"auto, (max-width: 141px) 100vw, 141px\" \/><\/p>\n<h4 class=\"fontSize-5\">5 &#8211; Sfere di ricircolo<\/h4>\n<div><span class=\"tag green\">S1<\/span><span class=\"tag blue\">S2<\/span><\/div>\n<p>&nbsp;<\/p>\n<\/div>\n<div class=\"col\">\n<p><img loading=\"lazy\" decoding=\"async\" class=\"img-fluid alignnone wp-image-79743 size-full\" src=\"https:\/\/www.omnitrack.com\/wp-content\/uploads\/2023\/03\/service_kits-retainer.webp\" alt=\"Kit di manutenzione fermi\" width=\"141\" height=\"140\" srcset=\"https:\/\/www.omnitrack.com\/wp-content\/uploads\/2023\/03\/service_kits-retainer.webp 141w, https:\/\/www.omnitrack.com\/wp-content\/uploads\/2023\/03\/service_kits-retainer-100x100.webp 100w\" sizes=\"auto, (max-width: 141px) 100vw, 141px\" \/><\/p>\n<h4 class=\"fontSize-5\">6 &#8211; Fermo<\/h4>\n<div><span class=\"tag blue\">S2<\/span><\/div>\n<p>&nbsp;<\/p>\n<\/div>\n<div class=\"col\">\n<p><img loading=\"lazy\" decoding=\"async\" class=\"img-fluid alignnone wp-image-79744 size-full\" src=\"https:\/\/www.omnitrack.com\/wp-content\/uploads\/2023\/03\/service_kits-table.webp\" alt=\"Tabella del kit di manutenzione\" width=\"141\" height=\"140\" srcset=\"https:\/\/www.omnitrack.com\/wp-content\/uploads\/2023\/03\/service_kits-table.webp 141w, https:\/\/www.omnitrack.com\/wp-content\/uploads\/2023\/03\/service_kits-table-100x100.webp 100w\" sizes=\"auto, (max-width: 141px) 100vw, 141px\" \/><\/p>\n<h4 class=\"fontSize-5\">7 &#8211; Tavola<\/h4>\n<div><span class=\"tag blue\">S2<\/span><\/div>\n<p>&nbsp;<\/p>\n<\/div>\n<\/div> <div class=\"row\"> <div class=\"col-12 col-sm text-center\"><img loading=\"lazy\" decoding=\"async\" class=\"img-fluid d-sm-none alignnone wp-image-83577 size-full\" src=\"https:\/\/www.omnitrack.com\/wp-content\/uploads\/2023\/01\/dismantle-assemble-mobile.webp\" alt=\"Schema di smontaggio e montaggio\" width=\"1062\" height=\"123\" srcset=\"https:\/\/www.omnitrack.com\/wp-content\/uploads\/2023\/01\/dismantle-assemble-mobile.webp 1062w, https:\/\/www.omnitrack.com\/wp-content\/uploads\/2023\/01\/dismantle-assemble-mobile-300x35.webp 300w, https:\/\/www.omnitrack.com\/wp-content\/uploads\/2023\/01\/dismantle-assemble-mobile-1024x119.webp 1024w, https:\/\/www.omnitrack.com\/wp-content\/uploads\/2023\/01\/dismantle-assemble-mobile-768x89.webp 768w, https:\/\/www.omnitrack.com\/wp-content\/uploads\/2023\/01\/dismantle-assemble-mobile-600x69.webp 600w\" sizes=\"auto, (max-width: 1062px) 100vw, 1062px\" \/> <img loading=\"lazy\" decoding=\"async\" class=\"img-fluid d-none d-sm-inline-block alignnone wp-image-79712 size-full\" src=\"https:\/\/www.omnitrack.com\/wp-content\/uploads\/2024\/08\/dismantle_assemble_it.webp\" alt=\"Schema di smontaggio e montaggio\" width=\"2000\" height=\"123\" \/><\/div> <\/div> <div class=\"row\" style=\"margin-top: 40px;\"> <div class=\"ratio ratio-16x9\"><iframe title=\"YouTube video player\" frameborder=\"0\" allowfullscreen=\"allowfullscreen\" class=\" lozad\" data-src=\"https:\/\/www.youtube.com\/embed\/VrG0_ktmKHE?si=vKUquimQAEdlOTNF\"><\/iframe><\/div> <\/div> <\/div> <\/section> <div class=\"row cpn-section\"> <div class=\"col\"> <hr \/> <\/div> <\/div> <section class=\"row cpn-section pt-4 pb-5\"> <div class=\"col fontSize-4\"> <h2>Kit di assistenza per sfere portanti Omnitrack<\/h2> <p>Ripristinate rapidamente le prestazioni delle <a href=\"https:\/\/www.omnitrack.com\/it\/sfere-portanti\/heavy-duty\/serie-80-e-90-sfere-portanti-a-montaggio-a-pressione\/\">sfere portanti della serie 9000<\/a> in pochi minuti utilizzando i kit di manutenzione &#8220;S1&#8221; e &#8220;S2&#8221;, che offrono 2 livelli di parti di ricambio e istruzioni complete per la revisione.<\/p> <p>Se si utilizzano le sfere portanti in condizioni difficili o in condizioni estreme previste, proponiamo di tenere a magazzino dei kit di assistenza. Nell&#8217;eventualit\u00e0 di un guasto imprevisto, \u00e8 possibile riprendere la marcia in pochi minuti, qualunque sia l&#8217;evento.<\/p> <p>Le sfere portanti Heavy-Duty della serie 9000 possono essere smontate in modo sicuro in pochi minuti utilizzando le istruzioni o guardando il nostro video. Una volta rimosso l&#8217;anello di sicurezza &#8220;spirolox&#8221;, i componenti possono essere facilmente smontati capovolgendo l&#8217;unit\u00e0 cuscinetto su un recipiente adatto. L&#8217;anello di sicurezza &#8220;spirolox&#8221; \u00e8 simile a quello utilizzato per molti portachiavi, quindi \u00e8 facile da rimuovere e riciclare dopo essere stato utilizzato pi\u00f9 volte.<\/p> <p>Ciascuno dei kit di manutenzione contiene le parti di ricambio pertinenti, pre-testate e pulite in fabbrica, pronte per il riassemblaggio. Due parti essenziali dell&#8217;assemblaggio (a seconda del livello di ricambi specificato) richiedono sempre una pulizia prima del riassemblaggio. Produciamo dal 1909 e ci impegniamo a farvi girare sempre al meglio!<\/p> <p>Ci impegniamo a riciclare i componenti che non sono stati sottoposti a usura, in quanto crediamo che sia necessario sostituire solo le parti che hanno un effetto negativo sulle prestazioni. Il design intrinsecamente robusto e la scelta di materiali di prima qualit\u00e0 lo consentono.<\/p> <p>Offriamo un servizio completo di ricondizionamento in fabbrica per le sfere a molla e personalizzate, poich\u00e9 spesso queste richiedono un&#8217;attrezzatura per uno smontaggio sicuro. Nei casi in cui i clienti non possono restituire le sfere portanti a molla per il ricondizionamento originale in fabbrica, abbiamo accettato di &#8220;parlare e camminare&#8221; attraverso il processo di revisione e il montaggio o la sostituzione delle parti. Abbiamo bisogno di sapere che il cliente dispone di un&#8217;officina adeguatamente attrezzata con personale tecnicamente competente, ma \u00e8 parte del servizio dare una mano quando possiamo. Questo livello di servizio testimonia il nostro impegno nei confronti dei nostri stimati clienti.<\/p> <p>Le nostre sfere portanti Heavy-Duty sono in produzione continua dal 1954 e siamo orgogliosi del nostro archivio tecnico che contiene la maggior parte dei disegni di tutti i modelli prodotti. Conserviamo anche disegni su misura e personalizzati, destinati e prodotti appositamente per un&#8217;applicazione o un progetto specifico. Ci\u00f2 significa che possiamo produrre kit di assistenza con parti di ricambio originali per la maggior parte dei modelli.<\/p> <p>Per ordinare, indicare il numero di parte originale, l&#8217;eventuale marchio di identificazione e i kit di assistenza richiesti, ad esempio S1-9241.<\/p> <p>Nel caso in cui il numero di parte non sia visibile o presente, siamo in grado di identificare la maggior parte delle sfere grazie al nostro team di ingegneri che vanta una conoscenza di oltre 4 generazioni. Di solito \u00e8 sufficiente una fotografia o uno schizzo.<\/p> <p>In caso di dubbio, <a href=\"https:\/\/www.omnitrack.com\/it\/contattaci\/\">contattateci<\/a> e vi terremo aggiornati!<\/p> <\/div> <\/section> <section id=\"cant-find\" class=\"row cpn-section py-5 two justify-content-between\"><div class=\"col-12 col-sm-6 col-lg-7 py-lg-4 pe-lg-5\">\n<h3 class=\"fontSize-2 fontSize-md-1\">Non riuscite a trovare quello che state cercando?<\/h3>\n<p class=\"fontSize-4\">Provate a cercare parole chiave, numeri di parte, carico, tipi di fissaggio.<\/p>\n<div class=\"input-group\"><form class=\"form-search\"><div class=\"input-group\">  <input type=\"text\" name=\"s\" class=\"form-control field\" placeholder=\"Cerca il codice prodotto\">  <input type=\"hidden\" name=\"post-type\" value=\"product\"><\/div><\/form><\/div>\n<\/div>\n<div class=\"col-12 col-sm-6 col-lg-5 py-lg-4 pt-4 pt-sm-0\">\n<h3 class=\"fontSize-2 fontSize-md-1\">Free technical advice<\/h3>\n<p class=\"fontSize-4\">Phone: <b><a href=\"tel:+3903621321595\">+39 0362 1321595<br \/><\/a><\/b><\/p>\n<p class=\"fontSize-4\">Email: <b><a href=\"mailto:info@omnitrack.com\">info@omnitrack.com<\/a><\/b><\/p>\n<div class=\"mt-4\"> <a class=\"btn-ot green me-2 mb-3 mb-md-0 w100-mobile\" href=\"https:\/\/wa.me\/447759128207\" target=\"_blank\" rel=\"noopener\"><img decoding=\"async\" loading=\"lazy\" src=\"https:\/\/www.omnitrack.com\/wp-content\/themes\/omnitrack2023\/images\/icon-whatsapp.svg\"  alt=\"WhatsApp Omnitrack\"  \/> WhatsApp<\/a> <a class=\"btn-ot w100-mobile\" href=\"https:\/\/calendly.com\/omnitrack\/15min\" target=\"_blank\" rel=\"noopener\"><img decoding=\"async\" loading=\"lazy\" src=\"https:\/\/www.omnitrack.com\/wp-content\/themes\/omnitrack2023\/images\/icon-schedule.svg\"  alt=\"Schedule a call with Omnitrack\"  \/> Schedule a call<\/a><\/div>\n<\/div>\n<\/section> ","protected":false},"excerpt":{"rendered":"<p>Kit di manutenzione Sfere portanti&#8211; Omnitrack Heavy Duty serie 9000 &#8211; In produzione dal 1954. Ripristinate velocemente il funzionamento in pochi minuti con i Kit di manutenzione S1 ed S2 che offrono 2 livelli di componenti e istruzioni complete per la revisione. Servizio di ricondizionamento di fabbrica per sfere portanti a molla e personalizzate che [&hellip;]<\/p>\n","protected":false},"author":7,"featured_media":0,"parent":91496,"menu_order":0,"comment_status":"closed","ping_status":"closed","template":"","meta":{"inline_featured_image":false,"footnotes":""},"class_list":["post-91503","page","type-page","status-publish","hentry"],"acf":[],"_links":{"self":[{"href":"https:\/\/www.omnitrack.com\/it\/wp-json\/wp\/v2\/pages\/91503","targetHints":{"allow":["GET"]}}],"collection":[{"href":"https:\/\/www.omnitrack.com\/it\/wp-json\/wp\/v2\/pages"}],"about":[{"href":"https:\/\/www.omnitrack.com\/it\/wp-json\/wp\/v2\/types\/page"}],"author":[{"embeddable":true,"href":"https:\/\/www.omnitrack.com\/it\/wp-json\/wp\/v2\/users\/7"}],"replies":[{"embeddable":true,"href":"https:\/\/www.omnitrack.com\/it\/wp-json\/wp\/v2\/comments?post=91503"}],"version-history":[{"count":3,"href":"https:\/\/www.omnitrack.com\/it\/wp-json\/wp\/v2\/pages\/91503\/revisions"}],"predecessor-version":[{"id":109104,"href":"https:\/\/www.omnitrack.com\/it\/wp-json\/wp\/v2\/pages\/91503\/revisions\/109104"}],"up":[{"embeddable":true,"href":"https:\/\/www.omnitrack.com\/it\/wp-json\/wp\/v2\/pages\/91496"}],"wp:attachment":[{"href":"https:\/\/www.omnitrack.com\/it\/wp-json\/wp\/v2\/media?parent=91503"}],"curies":[{"name":"wp","href":"https:\/\/api.w.org\/{rel}","templated":true}]}}