{"id":91494,"date":"2023-01-26T12:02:36","date_gmt":"2023-01-26T12:02:36","guid":{"rendered":"https:\/\/www.omnitrack.com\/ball-transfer-units\/light-duty\/"},"modified":"2024-02-21T18:15:53","modified_gmt":"2024-02-21T18:15:53","slug":"light-duty","status":"publish","type":"page","link":"https:\/\/www.omnitrack.com\/it\/sfere-portanti\/light-duty\/","title":{"rendered":"Light Duty"},"content":{"rendered":"<section id=\"header-product-one\" class=\"row cpn-section\">\n<div class=\"col\"><header class=\"row\">    <div class=\"col\">        <nav id=\"breadcrumb\">                    <\/nav>        <h1 class=\"fontSize-1\">Light Duty<\/h1>    <\/div>    <\/header><\/div>\n<div><strong><span style=\"font-size: 24px;\">Sfere portanti Light-Duty<\/span><\/strong><\/div>\n<\/section>\n<section id=\"category-list-two\" class=\"row cpn-section\">\n<div class=\"col\"><ul class=\"row category-list clear-list g-3 g-sm-4\"><li class=\"col-6 col-sm-4 col-lg-3 col-xl-3 col-xxl-20 \">    <a href=\"https:\/\/www.omnitrack.com\/it\/sfere-portanti\/light-duty\/serie-l-gamma-di-sfere-portanti-con-fissaggio-a-pressione-e-con-clip\/\" class=\"category-list-item\" alt=\"Serie L-Gamma di sfere portanti con fissaggio a pressione e con clip\">        <img loading=\"lazy\" decoding=\"async\" width=\"150\" height=\"150\" src=\"https:\/\/www.omnitrack.com\/wp-content\/uploads\/2023\/03\/L-Clip.webp\" class=\"img-fluid\" alt=\"Transfer Unit\" srcset=\"https:\/\/www.omnitrack.com\/wp-content\/uploads\/2023\/03\/L-Clip.webp 600w, https:\/\/www.omnitrack.com\/wp-content\/uploads\/2023\/03\/L-Clip-300x300.webp 300w, https:\/\/www.omnitrack.com\/wp-content\/uploads\/2023\/03\/L-Clip-150x150.webp 150w, https:\/\/www.omnitrack.com\/wp-content\/uploads\/2023\/03\/L-Clip-100x100.webp 100w\" sizes=\"auto, (max-width: 150px) 100vw, 150px\" \/>        <h3 class=\"fontSize-4 fontSize-sm-3 mb-0 mb-sm-2\">Serie L<\/h3>                    <small>Gamma di sfere portanti con fissaggio a pressione e con clip<\/small>                    <\/a><\/li><li class=\"col-6 col-sm-4 col-lg-3 col-xl-3 col-xxl-20 \">    <a href=\"https:\/\/www.omnitrack.com\/it\/sfere-portanti\/light-duty\/serie-ld-sfere-portanti-di-tipo-saturno\/\" class=\"category-list-item\" alt=\"Serie LD-Sfere portanti di tipo &#039;Saturno&#039;\">        <img loading=\"lazy\" decoding=\"async\" width=\"150\" height=\"150\" src=\"https:\/\/www.omnitrack.com\/wp-content\/uploads\/2023\/03\/LD_2.webp\" class=\"img-fluid\" alt=\"saturn type ball transfer unit\" srcset=\"https:\/\/www.omnitrack.com\/wp-content\/uploads\/2023\/03\/LD_2.webp 800w, https:\/\/www.omnitrack.com\/wp-content\/uploads\/2023\/03\/LD_2-300x300.webp 300w, https:\/\/www.omnitrack.com\/wp-content\/uploads\/2023\/03\/LD_2-150x150.webp 150w, https:\/\/www.omnitrack.com\/wp-content\/uploads\/2023\/03\/LD_2-768x768.webp 768w, https:\/\/www.omnitrack.com\/wp-content\/uploads\/2023\/03\/LD_2-600x600.webp 600w, https:\/\/www.omnitrack.com\/wp-content\/uploads\/2023\/03\/LD_2-100x100.webp 100w\" sizes=\"auto, (max-width: 150px) 100vw, 150px\" \/>        <h3 class=\"fontSize-4 fontSize-sm-3 mb-0 mb-sm-2\">Serie LD<\/h3>                    <small>Sfere portanti di tipo &#039;Saturno&#039;<\/small>                    <\/a><\/li><li class=\"col-6 col-sm-4 col-lg-3 col-xl-3 col-xxl-20 \">    <a href=\"https:\/\/www.omnitrack.com\/it\/sfere-portanti\/light-duty\/serie-lf-sfere-portanti-con-montaggio-a-flangia\/\" class=\"category-list-item\" alt=\"Serie LF-Sfere portanti con montaggio a flangia\">        <img loading=\"lazy\" decoding=\"async\" width=\"150\" height=\"150\" src=\"https:\/\/www.omnitrack.com\/wp-content\/uploads\/2023\/03\/LF.webp\" class=\"img-fluid\" alt=\"flange mounted 4 holes\" srcset=\"https:\/\/www.omnitrack.com\/wp-content\/uploads\/2023\/03\/LF.webp 800w, https:\/\/www.omnitrack.com\/wp-content\/uploads\/2023\/03\/LF-300x300.webp 300w, https:\/\/www.omnitrack.com\/wp-content\/uploads\/2023\/03\/LF-150x150.webp 150w, https:\/\/www.omnitrack.com\/wp-content\/uploads\/2023\/03\/LF-768x768.webp 768w, https:\/\/www.omnitrack.com\/wp-content\/uploads\/2023\/03\/LF-600x600.webp 600w, https:\/\/www.omnitrack.com\/wp-content\/uploads\/2023\/03\/LF-100x100.webp 100w\" sizes=\"auto, (max-width: 150px) 100vw, 150px\" \/>        <h3 class=\"fontSize-4 fontSize-sm-3 mb-0 mb-sm-2\">Serie LF<\/h3>                    <small>Sfere portanti con montaggio a flangia<\/small>                    <\/a><\/li><li class=\"col-6 col-sm-4 col-lg-3 col-xl-3 col-xxl-20 \">    <a href=\"https:\/\/www.omnitrack.com\/it\/sfere-portanti\/light-duty\/serie-lm-sfere-portanti-con-molla-a-spirale\/\" class=\"category-list-item\" alt=\"Serie LM-Sfere portanti con molla a spirale\">        <img loading=\"lazy\" decoding=\"async\" width=\"150\" height=\"150\" src=\"https:\/\/www.omnitrack.com\/wp-content\/uploads\/2023\/03\/LM.webp\" class=\"img-fluid\" alt=\"light duty ball transfer\" srcset=\"https:\/\/www.omnitrack.com\/wp-content\/uploads\/2023\/03\/LM.webp 800w, https:\/\/www.omnitrack.com\/wp-content\/uploads\/2023\/03\/LM-300x300.webp 300w, https:\/\/www.omnitrack.com\/wp-content\/uploads\/2023\/03\/LM-150x150.webp 150w, https:\/\/www.omnitrack.com\/wp-content\/uploads\/2023\/03\/LM-768x768.webp 768w, https:\/\/www.omnitrack.com\/wp-content\/uploads\/2023\/03\/LM-600x600.webp 600w, https:\/\/www.omnitrack.com\/wp-content\/uploads\/2023\/03\/LM-100x100.webp 100w\" sizes=\"auto, (max-width: 150px) 100vw, 150px\" \/>        <h3 class=\"fontSize-4 fontSize-sm-3 mb-0 mb-sm-2\">Serie LM<\/h3>                    <small>Sfere portanti con molla a spirale<\/small>                    <\/a><\/li><li class=\"col-6 col-sm-4 col-lg-3 col-xl-3 col-xxl-20 \">    <a href=\"https:\/\/www.omnitrack.com\/it\/sfere-portanti\/light-duty\/serie-lp-gamma-di-sfere-portanti-interamente-in-plastica-e-con-fissaggio-a-clip\/\" class=\"category-list-item\" alt=\"Serie LP-Gamma di sfere portanti interamente in plastica e con fissaggio a clip\">        <img loading=\"lazy\" decoding=\"async\" width=\"150\" height=\"150\" src=\"https:\/\/www.omnitrack.com\/wp-content\/uploads\/2023\/03\/LPSS_LK.webp\" class=\"img-fluid\" alt=\"Transfer Unit\" srcset=\"https:\/\/www.omnitrack.com\/wp-content\/uploads\/2023\/03\/LPSS_LK.webp 600w, https:\/\/www.omnitrack.com\/wp-content\/uploads\/2023\/03\/LPSS_LK-300x300.webp 300w, https:\/\/www.omnitrack.com\/wp-content\/uploads\/2023\/03\/LPSS_LK-150x150.webp 150w, https:\/\/www.omnitrack.com\/wp-content\/uploads\/2023\/03\/LPSS_LK-100x100.webp 100w\" sizes=\"auto, (max-width: 150px) 100vw, 150px\" \/>        <h3 class=\"fontSize-4 fontSize-sm-3 mb-0 mb-sm-2\">Serie LP<\/h3>                    <small>Gamma di sfere portanti interamente in plastica e con fissaggio a clip<\/small>                    <\/a><\/li><li class=\"col-6 col-sm-4 col-lg-3 col-xl-3 col-xxl-20 \">    <a href=\"https:\/\/www.omnitrack.com\/it\/sfere-portanti\/light-duty\/binari-di-sfere-portanti\/\" class=\"category-list-item\" alt=\"Binari di sfere portanti\">        <img loading=\"lazy\" decoding=\"async\" width=\"150\" height=\"150\" src=\"https:\/\/www.omnitrack.com\/wp-content\/uploads\/2023\/03\/R15-1.webp\" class=\"img-fluid\" alt=\"Rails\" srcset=\"https:\/\/www.omnitrack.com\/wp-content\/uploads\/2023\/03\/R15-1.webp 600w, https:\/\/www.omnitrack.com\/wp-content\/uploads\/2023\/03\/R15-1-300x300.webp 300w, https:\/\/www.omnitrack.com\/wp-content\/uploads\/2023\/03\/R15-1-150x150.webp 150w, https:\/\/www.omnitrack.com\/wp-content\/uploads\/2023\/03\/R15-1-100x100.webp 100w\" sizes=\"auto, (max-width: 150px) 100vw, 150px\" \/>        <h3 class=\"fontSize-4 fontSize-sm-3 mb-0 mb-sm-2\">Binari di sfere portanti<\/h3>                    <\/a><\/li><\/ul><\/div>\n<\/section>\n<div class=\"row cpn-section\">\n<div class=\"col\">\n<hr \/>\n<\/div>\n<\/div>\n<section id=\"icons-grid-one\" class=\"row cpn-section\">\n<div class=\"col-12 col-sm-5 col-xl-6 col-xxl-7 fontSize-4 text-content\">\n<ul>\n<li>Le <a href=\"https:\/\/www.omnitrack.com\/it\/sfere-portanti\/\">sfere portanti<\/a> Light-Duty sono ideali per le applicazioni di trasporto che richiedono l&#8217;orientamento delle sfere verso l&#8217;alto.<\/li>\n<li>Le sfere portanti in acciaio stampato sono lubrificate a vita e la maggior parte dei tipi ha opzioni di materiali alternativi per adattarsi al servizio in diversi ambienti operativi.<\/li>\n<li>Le unit\u00e0 LP &#8216;Plastic&#8217; sono amagnetiche, leggere e offrono una completa resistenza alla corrosione.<\/li>\n<\/ul>\n<\/div>\n<div class=\"col-12 col-sm-7 col-xl-6 col-xxl-5\"><div class=\"grid-wrap\">\n<div class=\"row g-2 g-sm-3 mb-2 mb-sm-3\">\n<div class=\"col-4\">\n<div class=\"grid-item\"><img decoding=\"async\" loading=\"lazy\" src=\"https:\/\/www.omnitrack.com\/wp-content\/themes\/omnitrack2023\/images\/icon-low-friction.svg\" class=\"ico-icons-grid\" alt=\"Basso attrito\"  \/> Basso attrito<br \/>1 : 0,003  <small><\/small><\/div>\n<\/div>\n<div class=\"col-4\">\n<div class=\"grid-item\"><img decoding=\"async\" loading=\"lazy\" src=\"https:\/\/www.omnitrack.com\/wp-content\/themes\/omnitrack2023\/images\/icon-speed.svg\" class=\"ico-icons-grid\" alt=\"Velocit\u00e0\"  \/> Velocit\u00e0<br \/>1m\/sec <small><\/small><\/div>\n<\/div>\n<div class=\"col-4\">\n<div class=\"grid-item\"><img decoding=\"async\" loading=\"lazy\" src=\"https:\/\/www.omnitrack.com\/wp-content\/themes\/omnitrack2023\/images\/icon-temperature.svg\" class=\"ico-icons-grid\" alt=\"Temperatura\"  \/> Temperatura<br \/>-20\/+80\u00baC <small><\/small><\/div>\n<\/div>\n<\/div>\n<div class=\"row g-2 g-sm-3\">\n<div class=\"col-4\">\n<div class=\"grid-item\">\n<div><img decoding=\"async\" loading=\"lazy\" src=\"https:\/\/www.omnitrack.com\/wp-content\/themes\/omnitrack2023\/images\/icon-orientation-horizontal-up.webp\" class=\"ico-icons-grid\" alt=\"Orientamento Orizzontale \/ Su\"  \/><\/div>\n<p>Orientation Horizontal \/ Up <small><\/small><\/p>\n<\/div>\n<\/div>\n<div class=\"col-4\">\n<div class=\"grid-item\"><img decoding=\"async\" loading=\"lazy\" src=\"https:\/\/www.omnitrack.com\/wp-content\/themes\/omnitrack2023\/images\/icon-economy-value.svg\" class=\"ico-icons-grid\" alt=\"Vantaggi economici\"  \/> Vantaggi economici <small><\/small><\/div>\n<\/div>\n<\/div>\n<\/div>\n<\/div>\n<\/section>\n<div class=\"row cpn-section\">\n<div class=\"col\">\n<hr \/>\n<\/div>\n<\/div>\n<section id=\"page-content\" class=\"row cpn-section\">\n<div class=\"col\">\n<h2>Sfere portanti Light-Duty<\/h2>\n<h3>Sfere portanti Light-Duty (eccetto la serie LP) &#8211; Costruzione<\/h3>\n<p>Le sfere portanti Light-Duty sono assemblate da componenti in lamiera d&#8217;acciaio stampata, ad eccezione della serie LP che \u00e8 tornita a macchina da una barra solida di acetale. Tutti i modelli di sfere portanti Light-Duty sono dotate di una coppa emisferica per il ricircolo delle piccole sfere di supporto. Ci\u00f2 consente una rotazione fluida della sfera portante sporgente. Tutte le sfere portanti Light-Duty (tranne LP) sono dotate di una coppa di supporto trattata termicamente e resistente all&#8217;usura.<\/p>\n<\/div>\n<\/section>\n<div class=\"row cpn-section\">\n<div class=\"col\">\n<hr \/>\n<\/div>\n<\/div>\n<section class=\"row cpn-section\">\n<div class=\"col\">\n<h3>Configurazioni dei materiali per sfere portanti Light-Duty (eccetto la serie LP)<\/h3>\n<ul>\n<li>Standard &#8211; stampaggi in lamiera d&#8217;acciaio zincata e sfere in acciaio al carbonio per uso interno generale.<\/li>\n<li>I numeri di parte che terminano con A indicano sfere in acciaio inossidabile all&#8217;interno di acciaio stampato zincato, per una maggiore resistenza alla corrosione o alla temperatura.<\/li>\n<li>I numeri di parte che terminano con SS utilizzano una struttura interamente in acciaio inossidabile, che resiste alla corrosione e alle alte e basse temperature.<\/li>\n<li>I numeri di parte che terminano con D utilizzano una sfera principale in acetale (POM) per il trasporto delicato di articoli delicati che possono essere soggetti a segni\/graffi.<\/li>\n<\/ul>\n<\/div>\n<\/section>\n<div class=\"row cpn-section\">\n<div class=\"col\">\n<hr \/>\n<\/div>\n<\/div>\n<section class=\"row cpn-section\">\n<div class=\"col\">\n<h3>Serie LP \u2013 Sfere portanti Light-Duty \u2013 Costruzione<\/h3>\n<p>Le sfere LP si distinguono dalle altre sfere portanti Light-Duty perch\u00e9 sono lavorate con precisione in poliossimetilene solido (POM). Si tratta di un polimero tecnico (plastica) di alta qualit\u00e0.<\/p>\n<p>Le sfere portanti LP sono dotate di sfere in Delrin o in acciaio inossidabile AISI 316 (aggiungere il suffisso &#8220;A&#8221;).<\/p>\n<p>Questo tipo di acciaio inossidabile austenitico ha un&#8217;eccezionale resistenza all&#8217;attacco corrosivo del sale o dell&#8217;acqua di mare. I gradi marini degli acciai inossidabili CR sono relativamente morbidi e offrono quindi una capacit\u00e0 di carico limitata. Le sfere portanti LP sono amagnetiche e offrono un&#8217;eccellente resistenza agli attacchi chimici.<\/p>\n<p>Se sono richieste propriet\u00e0 antitraccia, si possono considerare anche le nostre sfere portanti della serie L per impieghi leggeri e le unit\u00e0 della serie M con l&#8217;aggiornamento della sfera con il suffisso &#8220;D&#8221;. Sono dimensionalmente compatibili con la serie LP.<\/p>\n<p>Queste sfere portanti offrono un trasporto delicato di superfici verniciate o sensibili. Entrambe possono utilizzare clip K (lamiera d&#8217;acciaio zincata) e clip C (acciaio inox) per un montaggio e una sostituzione rapidi.<\/p>\n<\/div>\n<\/section>\n<div class=\"row cpn-section\">\n<div class=\"col\">\n<hr \/>\n<\/div>\n<\/div>\n<section class=\"row cpn-section\">\n<div class=\"col\">\n<h3>Guarnizioni in feltro<\/h3>\n<p>Le sfere portanti con una sfera principale di diametro superiore a 19 mm incorporano una guarnizione in feltro per ridurre l&#8217;ingresso di contaminanti, fluidi e detriti.<\/p>\n<\/div>\n<\/section>\n<div class=\"row cpn-section\">\n<div class=\"col\">\n<hr \/>\n<\/div>\n<\/div>\n<section class=\"row cpn-section\">\n<div class=\"col\">\n<h3>Lubrificazione<\/h3>\n<p>La maggior parte delle sfere portanti Light-Duty viene assemblata a vita con un leggero olio per macchinari per evitare l&#8217;appannamento durante il trasporto e lo stoccaggio.<\/p>\n<p>Le seguenti sfere portanti light-duty sono assemblate a secco (senza lubrificazione):<\/p>\n<ul>\n<li>Suffisso &#8220;SS&#8221; \u2013 Tutte le sfere portanti in acciaio inox<\/li>\n<li>Upgrade sfera &#8220;D&#8221; in Delrin\/POM<\/li>\n<li>Gamma della serie LP plastica<\/li>\n<\/ul>\n<\/div>\n<\/section>\n<div class=\"row cpn-section\">\n<div class=\"col\">\n<hr \/>\n<\/div>\n<\/div>\n<section class=\"row cpn-section\">\n<div class=\"col\">\n<h3>Che dire degli ambienti operativi umidi e sporchi?<\/h3>\n<p>I materiali standard utilizzano una coppa di supporto interna ferrosa cementata, talvolta chiamata pista di rotolamento delle sfere. Con stampaggi in acciaio e sfere in acciaio al carbonio, ideali per un uso pulito, asciutto e in ambienti interni.<\/p>\n<p>Condizioni operative difficili possono richiedere altri materiali per adattarsi meglio all&#8217;ambiente. Gli ambienti ad alta temperatura e corrosivi richiedono l&#8217;uso di acciaio inossidabile per resistere meglio al calore e agli attacchi chimici e corrosivi:<\/p>\n<ul>\n<li>Suffisso &#8220;SS&#8221; \u2013 Tutte le parti in acciaio inox per la massima resistenza.<\/li>\n<li>Suffisso &#8220;A&#8221; \u2013 Solo sfere in acciaio inox.<\/li>\n<li>L&#8217;acciaio inox AISI420 ha una durezza inferiore rispetto ai materiali standard, pertanto si prega di ridurre la capacit\u00e0 di carico massima come specificato.<\/li>\n<\/ul>\n<\/div>\n<\/section>\n<div class=\"row cpn-section\">\n<div class=\"col\">\n<hr \/>\n<\/div>\n<\/div>\n<section class=\"row cpn-section\">\n<div class=\"col\">\n<h3>Perch\u00e9 le sfere di plastica (suffisso &#8220;D&#8221;) riducono cos\u00ec tanto la capacit\u00e0 di carico?<\/h3>\n<p>Le sfere in plastica POM pi\u00f9 morbide sono realizzate in Delrin. Talvolta indicate anche come nylon, nylon 66 o acetile. Possono essere specificate aggiungendo il suffisso &#8220;D&#8221;, ad esempio L15D.<\/p>\n<p>Il materiale plastico \u00e8 pi\u00f9 morbido e riduce la capacit\u00e0 di carico della sfera portante. Il motivo \u00e8 che fornisce un punto di contatto pi\u00f9 morbido e riduce la marcatura del prodotto su superfici delicate o verniciate. Poich\u00e9 la sfera principale (pi\u00f9 morbida) ha meno probabilit\u00e0 di segnare, la capacit\u00e0 di carico deve ridursi.<\/p>\n<p>Offriamo altri materiali per le sfere (teflon, acrilico) su misura per la vostra applicazione.<\/p>\n<hr \/>\n<h3>Risparmiate tempo utilizzando le clip di fissaggio<\/h3>\n<p>Quando \u00e8 possibile accedere al piano di trasporto solo da un lato, le clip di fissaggio rappresentano un metodo di fissaggio pratico e veloce per le sfere portanti Light Duty della serie L e LP.<\/p>\n<p>Questa clip a molla pu\u00f2 essere montata su fori punzonati o tagliati al laser; la clip a molla compensa le irregolarit\u00e0 del diametro e dell&#8217;ovalizzazione del foro. In questo modo si elimina la costosa lavorazione di un foro di alloggiamento preciso delle sfere portanti.<\/p>\n<p>Le clip possono essere riutilizzate e sono disponibili nella maggior parte delle dimensioni. Considerate anche gli anelli di tolleranza per il fissaggio.<\/p>\n<\/div>\n<\/section>\n<div class=\"row cpn-section\">\n<div class=\"col\">\n<hr \/>\n<\/div>\n<\/div>\n<section class=\"row cpn-section\">\n<div class=\"col-12\">\n<h3>Gamma e opzioni di fissaggio<\/h3>\n<\/div>\n<div class=\"col-12 col-md-6 col-lg-4 col-xl-3 mt-3\">\n<h4 class=\" fontSize-4\">L \u2013 Serie montaggio a pressione<\/h4>\n<p>Le sfere portanti in acciaio stampato a basso profilo si inseriscono nel raccordo con collare circolare rinforzato della flangia superiore. Clip K, clip C e anelli di tolleranza opzionali per un fissaggio rapido.<\/p>\n<\/div>\n<div class=\"col-12 col-md-6 col-lg-4 col-xl-3 mt-3\">\n<h4 class=\" fontSize-4\">LP \u2013 Serie di sfere portanti in plastica<\/h4>\n<p>Dimensionalmente paragonabili alle sfere portanti della serie L e M. Sfere portanti in plastica a basso profilo che si inseriscono nel collare di montaggio a presione della flangia. Il suffisso A indica sfere in acciaio inox AISI316 per uso alimentare che offrono un&#8217;eccezionale resistenza agli attacchi chimici. Sono disponibili clip K, clip C e anelli di tolleranza opzionali per un fissaggio rapido.<\/p>\n<\/div>\n<div class=\"col-12 col-md-6 col-lg-4 col-xl-3 mt-3\">\n<h4 class=\" fontSize-4\">LD \u2013 Serie &#8220;Saturno&#8221;<\/h4>\n<p>Sfere portanti a disco volante con comoda flangia di fissaggio a medio profilo. Fissaggio a 2 e 3 fori ideale per la rivettatura a scatto per il montaggio a filo del pannello o a basso profilo per il montaggio a banco. Considerare i fori di uscita dei fluidi e dei detriti quando si fornisce il foro\/diametro di fissaggio.<\/p>\n<\/div>\n<div class=\"col-12 col-md-6 col-lg-4 col-xl-3 mt-3\">\n<h4 class=\" fontSize-4\">LF \u2013 Montaggio a flangia serie a 2 e 4 fori<\/h4>\n<p>Sfere portanti con montaggio a flangia di alto profilo con fissaggio integrale alla base a 2 o 4 bulloni. LF26 \u00e8 dotato di &#8220;punti di fissaggio variabili a 2 fessure&#8221;; 2 fessure che consentono di variare gli interassi dei fori di fissaggio. Si adatta al piano di lavoro per creare un piano di trasporto flessibile.<\/p>\n<\/div>\n<div class=\"col-12 col-md-6 col-lg-4 col-xl-3 mt-3\">\n<h4 class=\" fontSize-4\">LM \u2013 Serie a molla<\/h4>\n<p>La molla elicoidale interna equalizza i carichi e compensa le irregolarit\u00e0 del trasporto. La sfera portante da 25,4 mm con guarnizione integrata in nylon si ritrae parzialmente all&#8217;interno dell&#8217;involucro esterno all&#8217;aumentare del carico di supporto.<\/p>\n<\/div>\n<\/section>\n<div class=\"row cpn-section\">\n<div class=\"col\">\n<hr \/>\n<\/div>\n<\/div>\n<section class=\"row cpn-section\">\n<div class=\"col\">\n<h3>Perch\u00e9 le sfere della serie L, della serie M (Medium Duty) e della serie LP si assomigliano?<\/h3>\n<p>Tutti e 3 i tipi sono di dimensioni equivalenti.<\/p>\n<ul>\n<li>La serie L \u00e8 assemblata da stampaggi per ridurre i costi di produzione e il valore.<\/li>\n<li>La serie M \u00e8 lavorata da barre di acciaio per una maggiore resistenza al carico, all&#8217;usura e agli urti.<\/li>\n<li>Le serie LP sono lavorate in materiale plastico solido per migliorare la resistenza agli attacchi chimici.<\/li>\n<\/ul>\n<p>Le sfere portanti delle serie L, M e LP sono compatibili con le clip di fissaggio rapido a molla K e C.<\/p>\n<\/div>\n<\/section>\n<div class=\"row cpn-section\">\n<div class=\"col\">\n<hr \/>\n<\/div>\n<\/div>\n<section class=\"row cpn-section\">\n<div class=\"col\">\n<h3>Perch\u00e9 dovrei prendere in considerazione le sfere portanti heavy duty?<\/h3>\n<p>Se l&#8217;applicazione richiede:<\/p>\n<ul>\n<li>Pieno carico\/capacit\u00e0 massima di carico in posizione invertita (sfera abbassata o rotella).<\/li>\n<li>Coefficiente di attrito minimo 1:005 \u03bc (0,5%) punto di rottura dell&#8217;inerzia.<\/li>\n<li>Temperatura di esercizio inferiore a -30 gradi centigradi (C\/F) o superiore a 100 gradi<\/li>\n<li>Velocit\u00e0 di funzionamento superiore a 1 metro al secondo.<\/li>\n<li>Carico d&#8217;urto &#8211; considerare le sfere portanti Heavy Duty a molla precaricata.<\/li>\n<li>Condizioni difficili richiedono specifiche di materiali su misura.<\/li>\n<\/ul>\n<\/div>\n<\/section>\n<div class=\"row cpn-section\">\n<div class=\"col\">\n<hr \/>\n<\/div>\n<\/div>\n<section class=\"row cpn-section pb-5\">\n<div class=\"col\">\n<h3>Applications typiques<\/h3>\n<p>LD32SS and LD32\/3SS flying saucer ball units are stamped from stainless steel pressings and balls. And they omit the felt seals.<\/p>\n<p>Queste sfere sono dotate di 7 fori di scarico e sono state progettate per la movimentazione di merci e valigie negli aeroporti. A causa dell&#8217;aumento dei carichi e delle esigenze, queste sfere sono state in gran parte sostituite dalle sfere portanti MX30 e MV30 serie cargo. Tuttavia, sono ancora ampiamente utilizzate negli scanner a raggi X, nei carrelli di manutenzione e nei tavoli a sfere in tutto il mondo.<\/p>\n<p>Le sfere della serie LP sono molto diffuse nelle strutture farmaceutiche e di preparazione degli alimenti. In particolare con sfere in acciaio inox AISI316 per uso alimentare.<\/p>\n<p>Gli ammortizzatori a molla della serie LM sono adatti per le applicazioni con tavola girevole e per il mantenimento del lavoro. Spesso possono essere combinati con sfere portanti pneumatiche e arresti pneumatici per stazioni di assemblaggio automatizzate.<\/p>\n<p>Scoprite qui la nostra gamma di sfere portanti Light Duty.<\/p>\n<\/div>\n<\/section>\n<section id=\"cant-find\" class=\"row cpn-section py-5 two justify-content-between\"><div class=\"col-12 col-sm-6 col-lg-7 py-lg-4 pe-lg-5\">\n<h3 class=\"fontSize-2 fontSize-md-1\">Non riuscite a trovare quello che state cercando?<\/h3>\n<p class=\"fontSize-4\">Provate a cercare parole chiave, numeri di parte, carico, tipi di fissaggio.<\/p>\n<div class=\"input-group\"><form class=\"form-search\"><div class=\"input-group\">  <input type=\"text\" name=\"s\" class=\"form-control field\" placeholder=\"Cerca il codice prodotto\">  <input type=\"hidden\" name=\"post-type\" value=\"product\"><\/div><\/form><\/div>\n<\/div>\n<div class=\"col-12 col-sm-6 col-lg-5 py-lg-4 pt-4 pt-sm-0\">\n<h3 class=\"fontSize-2 fontSize-md-1\">Free technical advice<\/h3>\n<p class=\"fontSize-4\">Phone: <b><a href=\"tel:+3903621321595\">+39 0362 1321595<br \/><\/a><\/b><\/p>\n<p class=\"fontSize-4\">Email: <b><a href=\"mailto:info@omnitrack.com\">info@omnitrack.com<\/a><\/b><\/p>\n<div class=\"mt-4\"> <a class=\"btn-ot green me-2 mb-3 mb-md-0 w100-mobile\" href=\"https:\/\/wa.me\/447759128207\" target=\"_blank\" rel=\"noopener\"><img decoding=\"async\" loading=\"lazy\" src=\"https:\/\/www.omnitrack.com\/wp-content\/themes\/omnitrack2023\/images\/icon-whatsapp.svg\"  alt=\"WhatsApp Omnitrack\"  \/> WhatsApp<\/a> <a class=\"btn-ot w100-mobile\" href=\"https:\/\/calendly.com\/omnitrack\/15min\" target=\"_blank\" rel=\"noopener\"><img decoding=\"async\" loading=\"lazy\" src=\"https:\/\/www.omnitrack.com\/wp-content\/themes\/omnitrack2023\/images\/icon-schedule.svg\"  alt=\"Schedule a call with Omnitrack\"  \/> Schedule a call<\/a><\/div>\n<\/div>\n<\/section>\n","protected":false},"excerpt":{"rendered":"<p>Sfere portanti Light-Duty Le sfere portanti Light-Duty sono ideali per le applicazioni di trasporto che richiedono l&#8217;orientamento delle sfere verso l&#8217;alto. Le sfere portanti in acciaio stampato sono lubrificate a vita e la maggior parte dei tipi ha opzioni di materiali alternativi per adattarsi al servizio in diversi ambienti operativi. Le unit\u00e0 LP &#8216;Plastic&#8217; sono [&hellip;]<\/p>\n","protected":false},"author":7,"featured_media":0,"parent":91476,"menu_order":0,"comment_status":"closed","ping_status":"closed","template":"page-light-duty.php","meta":{"inline_featured_image":false,"footnotes":""},"class_list":["post-91494","page","type-page","status-publish","hentry"],"acf":[],"_links":{"self":[{"href":"https:\/\/www.omnitrack.com\/it\/wp-json\/wp\/v2\/pages\/91494","targetHints":{"allow":["GET"]}}],"collection":[{"href":"https:\/\/www.omnitrack.com\/it\/wp-json\/wp\/v2\/pages"}],"about":[{"href":"https:\/\/www.omnitrack.com\/it\/wp-json\/wp\/v2\/types\/page"}],"author":[{"embeddable":true,"href":"https:\/\/www.omnitrack.com\/it\/wp-json\/wp\/v2\/users\/7"}],"replies":[{"embeddable":true,"href":"https:\/\/www.omnitrack.com\/it\/wp-json\/wp\/v2\/comments?post=91494"}],"version-history":[{"count":3,"href":"https:\/\/www.omnitrack.com\/it\/wp-json\/wp\/v2\/pages\/91494\/revisions"}],"predecessor-version":[{"id":100240,"href":"https:\/\/www.omnitrack.com\/it\/wp-json\/wp\/v2\/pages\/91494\/revisions\/100240"}],"up":[{"embeddable":true,"href":"https:\/\/www.omnitrack.com\/it\/wp-json\/wp\/v2\/pages\/91476"}],"wp:attachment":[{"href":"https:\/\/www.omnitrack.com\/it\/wp-json\/wp\/v2\/media?parent=91494"}],"curies":[{"name":"wp","href":"https:\/\/api.w.org\/{rel}","templated":true}]}}