{"id":91483,"date":"2018-12-27T19:50:49","date_gmt":"2018-12-27T19:50:49","guid":{"rendered":"https:\/\/www.omnitrack.com\/returns-and-faq\/"},"modified":"2024-04-05T23:08:54","modified_gmt":"2024-04-05T23:08:54","slug":"resi-e-faq","status":"publish","type":"page","link":"https:\/\/www.omnitrack.com\/it\/resi-e-faq\/","title":{"rendered":"Resi e FAQ"},"content":{"rendered":"<section id=\"header-product-one\" class=\"row cpn-section fontSize-4\">\n<div class=\"col\">\n<h1>Resi e FAQ<\/h1>\n<h2>La nostra politica di restituzione &#8220;senza problemi&#8221;: Ho ordinato per errore i pezzi sbagliati<\/h2>\n<p>Sostituiamo gli articoli standard non utilizzati fino a 14 giorni dalla data di consegna. Se sono passati pi\u00f9 di 14 giorni o se gli articoli sono stati usati, contattateci e cercheremo di trovare una soluzione speciale per voi. Siamo qui per aiutarvi e teniamo molto alla vostra clientela!<\/p>\n<p>Le sfere portanti per applicazioni speciali (realizzate in base a requisiti o usi specifici) di solito non sono rimborsabili, ma faremo del nostro meglio per voi. Parliamone.<\/p>\n<\/div>\n<\/section>\n<div class=\"row cpn-section\">\n<div class=\"col\">\n<hr \/>\n<\/div>\n<\/div>\n<section class=\"row cpn-section fontSize-4\">\n<div class=\"col-12\">\n<h2>Perch\u00e9 scegliere Omnitrack per le vostre soluzioni di sfere portanti?<\/h2>\n<p>Omnitrack \u00e8 il principale produttore britannico di prodotti per il movimento omnidirezionale e di sfere per applicazioni speciali. Le nostre sfere portanti sono state utilizzate in un&#8217;ampia gamma di applicazioni da clienti come la NASA, il CERN e organizzazioni militari internazionali. Possiamo progettare e costruire la vostra soluzione personalizzata, fornendo design innovativi che consentono la massima precisione e un cambio di direzione istantaneo.<\/p>\n<\/div>\n<\/section>\n<div class=\"row cpn-section\">\n<div class=\"col\">\n<hr \/>\n<\/div>\n<\/div>\n<section class=\"row cpn-section fontSize-4\">\n<div class=\"col-12\">\n<h2>Ho bisogno del mio ordine in fretta!<\/h2>\n<p>Realizziamo internamente le nostre sfere portanti per una rapida spedizione dal magazzino. Effettuiamo spedizioni globali ogni giorno e le nostre statistiche di consegna mostrano che il 98% delle consegne avviene entro quattro giorni:<\/p>\n<p>Le sfere Omnitrack variano:<\/p>\n<ul>\n<li>USA (costa orientale) e Canada 1-2 giorni.<\/li>\n<li>USA (Mid\/West) e Messico 3 giorni.<\/li>\n<li>Sud America 4-5 giorni.<\/li>\n<li>Asia 2-4 giorni.<\/li>\n<li>Europa occidentale 1-2 giorni.<\/li>\n<li>Europa orientale 2-4 giorni.<\/li>\n<\/ul>\n<p>Avete bisogno di un ordine pi\u00f9 veloce? Basta chiedere, il nostro partner di consegna leader nel settore \u00e8 FedEx Express!<\/p>\n<\/div>\n<\/section>\n<div class=\"row cpn-section\">\n<div class=\"col\">\n<hr \/>\n<\/div>\n<\/div>\n<section class=\"row cpn-section fontSize-4\">\n<div class=\"col-12\">\n<h2>L&#8217;imposta sulle vendite \u00e8 inclusa?<\/h2>\n<p>USA, Canada &#8211; <strong>Includiamo<\/strong> tutte le imposte di vendita e i dazi locali nel prezzo web che vedete in Sud America &#8211; possono essere applicate ulteriori imposte locali.<\/p>\n<\/div>\n<\/section>\n<div class=\"row cpn-section\">\n<div class=\"col\">\n<hr \/>\n<\/div>\n<\/div>\n<section class=\"row cpn-section fontSize-4\">\n<div class=\"col-12\">\n<h2>Quanto costa la consegna?<\/h2>\n<ul>\n<li>Regno Unito &#8211; Per ordini superiori a 500 sterline, il prezzo include la consegna <strong>gratuita<\/strong> FedEx a domicilio.<\/li>\n<li>Regno Unito &#8211; Per ordini superiori a 500 sterline, il prezzo include la consegna <strong>gratuita<\/strong> FedEx a domicilio.<\/li>\n<li>EUROPA &#8211; Per ordini superiori a 500 euro, il prezzo include la consegna <strong>gratuita<\/strong> FedEx a domicilio.<\/li>\n<li>ALTRI &#8211; spese di consegna come da preventivo.<\/li>\n<\/ul>\n<\/div>\n<\/section>\n<div class=\"row cpn-section\">\n<div class=\"col\">\n<hr \/>\n<\/div>\n<\/div>\n<section class=\"row cpn-section fontSize-4\">\n<div class=\"col-12\">\n<h2>Ordine danneggiato o in ritardo<\/h2>\n<p>A volte le cose vanno storte: vi saremmo grati se poteste aiutarci con le fotografie di:<\/p>\n<ul>\n<li>Imballaggio e\/o merce danneggiati.<\/li>\n<li>Etichette sulla scatola.<\/li>\n<\/ul>\n<p>La tempestivit\u00e0 \u00e8 fondamentale: vi preghiamo di aiutarci inviandoci questi dati via e-mail entro 72 ore dalla consegna. Faremo tutto il possibile per spedire\/sostituire eventuali mancanze entro 48 ore.<\/p>\n<\/div>\n<\/section>\n<div class=\"row cpn-section\">\n<div class=\"col\">\n<hr \/>\n<\/div>\n<\/div>\n<section class=\"row cpn-section fontSize-4\">\n<div class=\"col-12\">\n<h2>2 Anni di Garanzia<\/h2>\n<p><a href=\"https:\/\/www.omnitrack.com\/it\/garanzia\/\">Attivate la garanzia online<\/a> per registrare la data di inizio della <strong>garanzia gratuita di 2 anni<\/strong>. Assicurarsi di attivare la garanzia entro sei mesi dalla spedizione. Dobbiamo verificare che l&#8217;applicazione corrisponda all&#8217;uso previsto e sia conforme alle specifiche originali pi\u00f9 vicine. Organizzeremo la sostituzione e la spedizione gratuita. Se vediamo un prodotto pi\u00f9 adatto alla vostra applicazione, parleremo con voi di condizioni favorevoli per risolvere il problema.<\/p>\n<\/div>\n<\/section>\n<div class=\"row cpn-section\">\n<div class=\"col\">\n<hr \/>\n<\/div>\n<\/div>\n<section class=\"row cpn-section fontSize-4\">\n<div class=\"col-12\">\n<h2>Rimborso e restituzione dell&#8217;ordine<\/h2>\n<p>Questo accade raramente, ma se accade:<\/p>\n<ul>\n<li>Contattateci indicando il numero d&#8217;ordine, i dettagli dell&#8217;applicazione condivisa e il motivo della restituzione.<\/li>\n<li>Vi forniremo un codice identificativo del caso e di solito valuteremo le richieste entro 48 ore.<\/li>\n<li>Una volta concordato il tutto con voi, organizzeremo per voi la spedizione di ritorno.<\/li>\n<\/ul>\n<\/div>\n<\/section>\n<div class=\"row cpn-section\">\n<div class=\"col\">\n<hr \/>\n<\/div>\n<\/div>\n<section class=\"row cpn-section fontSize-4\">\n<div class=\"col-12\">\n<h2>Ho un&#8217;applicazione in cui le vostre sfere standard non si adattano: cosa posso fare?<\/h2>\n<p>Una domanda migliore da porre sarebbe: &#8220;Cosa possiamo fare?&#8221;<\/p>\n<p>Essendo un&#8217;azienda britannica a conduzione familiare produttrice di sfere portanti e soluzioni di movimentazione a sfera, possiamo progettare e produrre sfere &#8220;speciali&#8221; una tantum per soddisfare le vostre esigenze specifiche. Dal design su misura dell&#8217;alloggiamento alla scelta di materiali particolari, il nostro team di assistenza tecnica sar\u00e0 in grado di offrirvi i migliori consigli e di aiutarvi a progettare una soluzione rapida per la vostra applicazione.<\/p>\n<p>Se desiderate ricevere assistenza tecnica gratuita per quanto riguarda la produzione &#8220;speciale&#8221; e ci\u00f2 che possiamo offrirvi, inviate i vostri dati a <a href=\"mailto:info@omnitrack.co.uk\">info@omnitrack.co.uk<\/a>. Oppure contattate direttamente il nostro team di assistenza tecnica utilizzando la funzione Livechat del nostro sito web.<\/p>\n<p>Saremo lieti di sentirvi presto!<\/p>\n<\/div>\n<\/section>\n<div class=\"row cpn-section\">\n<div class=\"col\">\n<hr \/>\n<\/div>\n<\/div>\n<section id=\"track-your-order\" class=\"row cpn-section fontSize-4\">\n<div class=\"col-12\">\n<h2>Traccia il tuo ordine<\/h2>\n<p>Per rintracciare il vostro ordine, inserite l&#8217;ID dell&#8217;ordine nella casella sottostante e premete il pulsante &#8220;Rintraccia&#8221;. L&#8217;ID \u00e8 riportato sulla ricevuta e nell&#8217;e-mail di conferma che dovreste aver ricevuto.<\/p>\n<\/div>\n<div class=\"col-12 col-md-6 col-lg-6 col-xxl-4\">\n<div><div class=\"woocommerce\"><\/div><\/div>\n<\/div>\n<\/section>\n<div class=\"row cpn-section\">\n<div class=\"col\">\n<hr \/>\n<\/div>\n<\/div>\n<section class=\"row cpn-section fontSize-4\">\n<div class=\"col-12\">\n<h2>Mi servono solo un paio di sfere per un mio progetto privato.<br \/>\nC&#8217;\u00e8 una quantit\u00e0 minima che devo ordinare?<\/h2>\n<p><strong>No<\/strong>, e vogliamo che sia cos\u00ec.<\/p>\n<p>Noi di Omnitrack non crediamo in un minimo d&#8217;ordine o in un minimo di valore e possiamo consegnare direttamente a casa vostra un numero di unit\u00e0 pari o superiore a quello richiesto. La maggior parte delle nostre unit\u00e0 di trasferimento delle sfere e delle soluzioni di movimento pu\u00f2 essere spedita immediatamente da magazzino, offrendovi una consegna rapida in oltre 52 paesi in tutto il mondo. I nostri impianti di produzione ci permettono anche di produrre rapidamente modifiche su misura della nostra gamma standard per soddisfare le vostre esigenze specifiche, se necessario.<\/p>\n<p>Se desiderate ricevere un preventivo o richiedere una consulenza tecnica gratuita per un progetto privato, inviate i vostri dati a <a href=\"mailto:info@omnitrack.co.uk\">info@omnitrack.co.uk<\/a> o inviate un messaggio istantaneo al nostro team di assistenza tecnica utilizzando la funzione Livechat sul nostro sito web.<\/p>\n<\/div>\n<\/section>\n<div class=\"row cpn-section\">\n<div class=\"col\">\n<hr \/>\n<\/div>\n<\/div>\n<section class=\"row cpn-section fontSize-4\">\n<div class=\"col-12\">\n<h2>C&#8217;\u00e8 altro?<\/h2>\n<p>Siamo qui per voi &#8211; parlate con noi! <a href=\"https:\/\/www.omnitrack.com\/it\/contattaci\/\">Chiamateci, inviateci un&#8217;e-mail o un messaggio<\/a>.<\/p>\n<\/div>\n<\/section>\n<section id=\"cant-find\" class=\"row cpn-section py-5 two justify-content-between\"><div class=\"col-12 col-sm-6 col-lg-7 py-lg-4 pe-lg-5\">\n<h3 class=\"fontSize-2 fontSize-md-1\">Non riuscite a trovare quello che state cercando?<\/h3>\n<p class=\"fontSize-4\">Provate a cercare parole chiave, numeri di parte, carico, tipi di fissaggio.<\/p>\n<div class=\"input-group\"><form class=\"form-search\"><div class=\"input-group\">  <input type=\"text\" name=\"s\" class=\"form-control field\" placeholder=\"Cerca il codice prodotto\">  <input type=\"hidden\" name=\"post-type\" value=\"product\"><\/div><\/form><\/div>\n<\/div>\n<div class=\"col-12 col-sm-6 col-lg-5 py-lg-4 pt-4 pt-sm-0\">\n<h3 class=\"fontSize-2 fontSize-md-1\">Free technical advice<\/h3>\n<p class=\"fontSize-4\">Phone: <b><a href=\"tel:+3903621321595\">+39 0362 1321595<br \/><\/a><\/b><\/p>\n<p class=\"fontSize-4\">Email: <b><a href=\"mailto:info@omnitrack.com\">info@omnitrack.com<\/a><\/b><\/p>\n<div class=\"mt-4\"> <a class=\"btn-ot green me-2 mb-3 mb-md-0 w100-mobile\" href=\"https:\/\/wa.me\/447759128207\" target=\"_blank\" rel=\"noopener\"><img decoding=\"async\" loading=\"lazy\" src=\"https:\/\/www.omnitrack.com\/wp-content\/themes\/omnitrack2023\/images\/icon-whatsapp.svg\"  alt=\"WhatsApp Omnitrack\"  \/> WhatsApp<\/a> <a class=\"btn-ot w100-mobile\" href=\"https:\/\/calendly.com\/omnitrack\/15min\" target=\"_blank\" rel=\"noopener\"><img decoding=\"async\" loading=\"lazy\" src=\"https:\/\/www.omnitrack.com\/wp-content\/themes\/omnitrack2023\/images\/icon-schedule.svg\"  alt=\"Schedule a call with Omnitrack\"  \/> Schedule a call<\/a><\/div>\n<\/div>\n<\/section>\n","protected":false},"excerpt":{"rendered":"<p>Resi e FAQ La nostra politica di restituzione &#8220;senza problemi&#8221;: Ho ordinato per errore i pezzi sbagliati Sostituiamo gli articoli standard non utilizzati fino a 14 giorni dalla data di consegna. Se sono passati pi\u00f9 di 14 giorni o se gli articoli sono stati usati, contattateci e cercheremo di trovare una soluzione speciale per voi. [&hellip;]<\/p>\n","protected":false},"author":7,"featured_media":0,"parent":0,"menu_order":0,"comment_status":"closed","ping_status":"closed","template":"","meta":{"inline_featured_image":false,"footnotes":""},"class_list":["post-91483","page","type-page","status-publish","hentry"],"acf":[],"_links":{"self":[{"href":"https:\/\/www.omnitrack.com\/it\/wp-json\/wp\/v2\/pages\/91483","targetHints":{"allow":["GET"]}}],"collection":[{"href":"https:\/\/www.omnitrack.com\/it\/wp-json\/wp\/v2\/pages"}],"about":[{"href":"https:\/\/www.omnitrack.com\/it\/wp-json\/wp\/v2\/types\/page"}],"author":[{"embeddable":true,"href":"https:\/\/www.omnitrack.com\/it\/wp-json\/wp\/v2\/users\/7"}],"replies":[{"embeddable":true,"href":"https:\/\/www.omnitrack.com\/it\/wp-json\/wp\/v2\/comments?post=91483"}],"version-history":[{"count":3,"href":"https:\/\/www.omnitrack.com\/it\/wp-json\/wp\/v2\/pages\/91483\/revisions"}],"predecessor-version":[{"id":103615,"href":"https:\/\/www.omnitrack.com\/it\/wp-json\/wp\/v2\/pages\/91483\/revisions\/103615"}],"wp:attachment":[{"href":"https:\/\/www.omnitrack.com\/it\/wp-json\/wp\/v2\/media?parent=91483"}],"curies":[{"name":"wp","href":"https:\/\/api.w.org\/{rel}","templated":true}]}}