{"id":91476,"date":"2023-01-09T22:05:54","date_gmt":"2023-01-09T22:05:54","guid":{"rendered":"https:\/\/www.omnitrack.com\/ball-transfer-units\/"},"modified":"2025-04-14T01:14:39","modified_gmt":"2025-04-14T01:14:39","slug":"sfere-portanti","status":"publish","type":"page","link":"https:\/\/www.omnitrack.com\/it\/sfere-portanti\/","title":{"rendered":"Sfere Portanti"},"content":{"rendered":"<section id=\"header-product-one\" class=\"row cpn-section fontSize-4\">\n<div class=\"col\">\n<h1>Sfere Portanti<\/h1>\n<p>Le innovative sfere portanti di Omnitrack garantiscono un cambio di direzione istantaneo e preciso con un basso attrito e una capacit\u00e0 di carico elevata. Le nostre soluzioni brevettate sono disponibili in un&#8217;ampia gamma di stili e dimensioni. Dalle sfere a molla in acciaio alle sfere pneumatiche che consentono il posizionamento ad aria dell&#8217;articolo trasportato. Tutti gli articoli &#8220;in stock&#8221; vengono spediti immediatamente, con consegna gratuita in tutto il mondo per ordini superiori a 500 sterline. Avete bisogno di una soluzione personalizzata per soddisfare un requisito specifico? Parlate subito con il nostro team: siamo sempre felici di aiutarvi.<\/p>\n<\/div>\n<\/section>\n<section class=\"row cpn-section fontSize-4\">\n<div class=\"col-12\">\n<ul class=\"row clear-list product-card-list justify-content-center ball-transfer-units g-2 g-md-3\">\n<li class=\"col-12 col-sm-4 mb-4 mb-md-0\"><a href=\"https:\/\/www.omnitrack.com\/it\/sfere-portanti\/heavy-duty\/\" class=\"product-card-item\"><img loading=\"lazy\" decoding=\"async\" class=\"img-fluid alignnone wp-image-79865 size-full\" src=\"https:\/\/www.omnitrack.com\/wp-content\/uploads\/2023\/03\/Heavy_Duty.webp\" alt=\"Heavy Duty\" width=\"140\" height=\"140\" srcset=\"https:\/\/www.omnitrack.com\/wp-content\/uploads\/2023\/03\/Heavy_Duty.webp 140w, https:\/\/www.omnitrack.com\/wp-content\/uploads\/2023\/03\/Heavy_Duty-100x100.webp 100w\" sizes=\"auto, (max-width: 140px) 100vw, 140px\" \/><br \/>\n<h2 class=\"fontSize-2\">Heavy Duty<\/h2>\n<dl>\n<dt>Carico max:<\/dt>\n<dd>8000kg<\/dd>\n<dt>Attrito:<\/dt>\n<dd>1:0,005<\/dd>\n<dt>Temperatura:<\/dt>\n<dd>-50\/260\u00b0C<\/dd>\n<dt>Velocit\u00e0:<\/dt>\n<dd>2m\/sec<\/dd>\n<dt>Orientamento:<\/dt>\n<dd>Qualsiasi<\/dd>\n<\/dl>\n<p><\/a><\/li>\n<li class=\"col-12 col-sm-4 mb-4 mb-md-0\"><a href=\"https:\/\/www.omnitrack.com\/it\/sfere-portanti\/medium-duty\/\" class=\"product-card-item category-list-item\"> <img loading=\"lazy\" decoding=\"async\" class=\"img-fluid alignnone wp-image-79866 size-full\" src=\"https:\/\/www.omnitrack.com\/wp-content\/uploads\/2023\/03\/Medium_Duty.webp\" alt=\"Sfere portanti Medium-Duty\" width=\"140\" height=\"140\" srcset=\"https:\/\/www.omnitrack.com\/wp-content\/uploads\/2023\/03\/Medium_Duty.webp 140w, https:\/\/www.omnitrack.com\/wp-content\/uploads\/2023\/03\/Medium_Duty-100x100.webp 100w\" sizes=\"auto, (max-width: 140px) 100vw, 140px\" \/><br \/>\n<h2 class=\"fontSize-2\">Medium Duty<\/h2>\n<dl>\n<dt>Resistenza agli urti<\/dt>\n<dd><\/dd>\n<dt>Attrito:<\/dt>\n<dd>1:0,02<\/dd>\n<dt>Temperatura:<\/dt>\n<dd>-30\/100\u00b0C<\/dd>\n<dt>Velocit\u00e0:<\/dt>\n<dd>1.5m\/sec<\/dd>\n<dt>Orientamento:<\/dt>\n<dd>Orizzontale \/ Alto<\/dd>\n<\/dl>\n<p><\/a><\/li>\n<li class=\"col-12 col-sm-4\"><a href=\"https:\/\/www.omnitrack.com\/it\/sfere-portanti\/light-duty\/\" class=\"product-card-item category-list-item\"> <img loading=\"lazy\" decoding=\"async\" class=\"img-fluid alignnone wp-image-79867 size-full\" src=\"https:\/\/www.omnitrack.com\/wp-content\/uploads\/2023\/03\/Light_Duty.webp\" alt=\"Sfere portanti Light-Duty\" width=\"140\" height=\"140\" srcset=\"https:\/\/www.omnitrack.com\/wp-content\/uploads\/2023\/03\/Light_Duty.webp 140w, https:\/\/www.omnitrack.com\/wp-content\/uploads\/2023\/03\/Light_Duty-100x100.webp 100w\" sizes=\"auto, (max-width: 140px) 100vw, 140px\" \/><br \/>\n<h2 class=\"fontSize-2\">Light-Duty<\/h2>\n<dl>\n<dt>Valore economico<\/dt>\n<dd><\/dd>\n<dt>Attrito:<\/dt>\n<dd>1:0,03<\/dd>\n<dt>Temperatura:<\/dt>\n<dd>-20\/70\u00b0C<\/dd>\n<dt>Velocit\u00e0:<\/dt>\n<dd>1m\/sec<\/dd>\n<dt>Orientamento:<\/dt>\n<dd>Orizzontale \/ Alto<\/dd>\n<\/dl>\n<p><\/a><\/li>\n<\/ul>\n<\/div>\n<\/section>\n<div class=\"row cpn-section\">\n<div class=\"col\">\n<hr \/>\n<\/div>\n<\/div>\n<section class=\"row cpn-section fontSize-4\">\n<div class=\"col\">\n<h2>Scoprite la nostra gamma di sfere portanti<\/h2>\n<p>Omnitrack offre un&#8217;ampia gamma di sfere portanti ad alta precisione. Progettate per un cambio direzionale ottimale con il pi\u00f9 basso coefficiente di attrito e le prestazioni pi\u00f9 fluide. \u00c8 possibile scegliere upgrade dei materiali, richiedere una soluzione su misura e selezionare tra un&#8217;ampia gamma di stili e dimensioni, come illustrato di seguito.<\/p>\n<ul class=\"row clear-list\">\n<li class=\"col-12 col-sm-6 col-md-4 mb-4\">\n<h3 class=\"fontSize-3\">Heavy Duty<\/h3>\n<p>Le nostre sfere portanti heavy-duty sono disponibili in una variet\u00e0 di dimensioni e stili per soddisfare tutte le specifiche. Con un&#8217;impressionante capacit\u00e0 di carico fino a 8000 kg (16000 libbre) ciascuna.<\/p>\n<p><a class=\"btn-table lilac-one shadow-3\" href=\"https:\/\/www.omnitrack.com\/it\/sfere-portanti\/heavy-duty\/\">Visualizza i prodotti<\/a><\/li>\n<li class=\"col-12 col-sm-6 col-md-4 mb-4\">\n<h3 class=\"fontSize-3\">Medium Duty<\/h3>\n<p>Le sfere portanti medium-duty di Omnitrack sono lavorate in acciaio massiccio e cementate per resistere all&#8217;usura. Sono lubrificate a vita e zincate.<\/p>\n<p><a class=\"btn-table lilac-one shadow-3\" href=\"https:\/\/www.omnitrack.com\/it\/sfere-portanti\/medium-duty\/\">Visualizza i prodotti<\/a><\/li>\n<li class=\"col-12 col-sm-6 col-md-4 mb-4\">\n<h3 class=\"fontSize-3\">Light Duty<\/h3>\n<p>Le nostre sfere portanti light-duty sono disponibili come unit\u00e0 interamente in plastica o in acciaio inox. Con fissaggi drop-in, a flangia pressata o ad alto profilo, montati in superficie.<\/p>\n<p><a class=\"btn-table lilac-one shadow-3\" href=\"https:\/\/www.omnitrack.com\/it\/sfere-portanti\/light-duty\/\">Visualizza i prodotti<\/a><\/li>\n<li class=\"col-12 col-sm-6 col-md-4 mb-4\">\n<h3 class=\"fontSize-3\">Barre e binari a sfera<\/h3>\n<p>Le nostre barre e guide a T e B-ball offrono un controllo versatile e una grande facilit\u00e0 d&#8217;uso. Sono dotate di sfere portanti a molla Heavy-Duty che garantiscono un posizionamento preciso.<\/p>\n<p><a class=\"btn-table lilac-one shadow-3\" href=\"https:\/\/www.omnitrack.com\/it\/sfere-portanti\/carico-a-molla-e-barre-a-t-b\/\">Visualizza i prodotti<\/a><\/li>\n<li class=\"col-12 col-sm-6 col-md-4\">\n<h3 class=\"fontSize-3\">A molla e pneumatiche<\/h3>\n<p>Le nostre sfere portanti pneumatiche e a molla sono ideali per l&#8217;uso in condizioni di carreggiata\/carico disuguali grazie alla loro eccezionale resistenza agli urti e al precarico regolabile della molla.<\/p>\n<p><a class=\"btn-table lilac-one shadow-3\" href=\"https:\/\/www.omnitrack.com\/it\/sfere-portanti\/sfere-portanti-pneumatiche\/?\">Visualizza i prodotti<\/a><\/li>\n<\/ul>\n<\/div>\n<\/section>\n<div class=\"row cpn-section\">\n<div class=\"col\">\n<hr \/>\n<\/div>\n<\/div>\n<section class=\"row cpn-section fontSize-4\">\n<div class=\"col\">\n<h2>Perch\u00e9 scegliere Omnitrack per le vostre soluzioni di sfere portanti?<\/h2>\n<p>Omnitrack \u00e8 il principale produttore britannico di prodotti per il movimento omnidirezionale e di sfere per applicazioni speciali. Le nostre sfere portanti sono state utilizzate in un&#8217;ampia gamma di applicazioni da clienti come la NASA, il CERN e organizzazioni militari internazionali. Possiamo progettare e costruire la vostra soluzione personalizzata, fornendo design innovativi che consentono la massima precisione e un cambio di direzione istantaneo.<\/p>\n<h3>Scoprite la differenza di Omnitrack:<\/h3>\n<ul>\n<li>Sfere portanti heavy-duty in grado di sostenere fino a 8000 kg.<\/li>\n<li>L&#8217;esclusivo sistema di cuscinetti interni &#8220;endless-track&#8221; consente la massima precisione e un cambio di direzione istantaneo.<\/li>\n<li>\u00c8 disponibile un&#8217;ampia gamma di dimensioni, opzioni di montaggio e materiali.<\/li>\n<li>Progettazione e produzione interne a Stroud, Regno Unito. Questo ci permette di spedire immediatamente, di fornire spedizioni espresse in tutto il mondo e di mantenere bassi i costi.<\/li>\n<li>Tutti i prodotti Omnitrack sono accompagnati da una garanzia gratuita di due anni e da una garanzia di qualit\u00e0.<\/li>\n<li>Consulenza gratuita da parte del nostro team di assistenza tecnica di grande esperienza.<\/li>\n<\/ul>\n<\/div>\n<\/section>\n<div class=\"row cpn-section\">\n<div class=\"col\">\n<hr \/>\n<\/div>\n<\/div>\n<section class=\"row cpn-section fontSize-4\">\n<div class=\"col\">\n<h2>Diversi tipi di sfere portanti<\/h2>\n<p>Le sfere portanti Omnitrack (BTU) sono un tipo avanzato di cuscinetto progettato per consentire il movimento omnidirezionale di precisione o il trasporto di oggetti pesanti.<\/p>\n<p>Le sfere Omnitrack variano:<\/p>\n<ul>\n<li>Costruzione &#8211; Costruzione in acciaio stampato o componenti lavorati da acciaio massiccio o materiali plastici.<\/li>\n<li>Gamma \u2013 Le gamme Light-Duty e Medium-Duty utilizzano il sistema di ricircolo a camera emisferica a semplice tazza e sfera, mentre le gamme Heavy-Duty utilizzano il sistema di ricircolo a &#8220;pista infinita&#8221; o a corsa completa.<\/li>\n<li>Dimensioni della sfera principale &#8211; Da 12,7 mm (0.5\u201d) a 101,6 mm (4\u201d)<\/li>\n<li>Capacit\u00e0 di carico, da 15 kg (35 libbre) a 8000 kg (18000 libbre) ciascuno.<\/li>\n<li>Materiali &#8211; Acciaio al cromo, acciaio inox, Delrin (Acetalica \/ POM)<\/li>\n<\/ul>\n<p>La gamma Heavy-Duty non richiede normalmente la manutenzione da parte dell&#8217;utente, in quanto \u00e8 lubrificata a vita e prodotta utilizzando il design brevettato della pista infinita Omnitrack. Ci siamo imbattuti in applicazioni in cui le sfere sono state sottoposte per errore, ad esempio, a carichi d&#8217;urto eccessivi o all&#8217;ingresso di liquami o agenti contaminanti che hanno reso necessario lo smontaggio della sfera per la manutenzione da parte dell&#8217;utente. In queste situazioni, un kit di manutenzione pronto a magazzino pu\u00f2 ripristinare il funzionamento e l&#8217;efficienza della sfera portante nella vostra applicazione in pochi minuti!<\/p>\n<\/div>\n<\/section>\n<div class=\"row cpn-section\">\n<div class=\"col\">\n<hr \/>\n<\/div>\n<\/div>\n<section class=\"row cpn-section fontSize-4\">\n<div class=\"col\">\n<h2>Assistenza agli utenti e kit di assistenza: Posso effettuare la manutenzione delle mie sfere portanti?<\/h2>\n<p>Le sfere portanti Heavy-Duty della serie Omnitrack 9000 sono riparabili dall&#8217;utente. Questa gamma era chiamata gamma ad alta capacit\u00e0. Le sfere portanti heavy-Duty della serie Compact 8000 incorporano il design a &#8220;binario infinito&#8221; o a &#8220;ricircolo completo&#8221;. Tuttavia, a causa delle loro dimensioni ridotte, non sono adatti alla manutenzione da parte dell&#8217;utente.<\/p>\n<p>Le sfere portanti a molla della serie 94 possono essere ricondizionate. Le serie 95, 96 e 97 richiedono l&#8217;uso di una pressa e di utensili speciali per smontare in modo sicuro la sfera portante, pertanto in questo caso consigliamo il ricondizionamento in fabbrica.<\/p>\n<\/div>\n<\/section>\n<div class=\"row cpn-section\">\n<div class=\"col\">\n<hr \/>\n<\/div>\n<\/div>\n<section class=\"row cpn-section fontSize-4\">\n<div class=\"col\">\n<h2>Assistenza alle unit\u00e0 di trasferimento delle sfere<\/h2>\n<p>Per le istruzioni di revisione per la manutenzione delle sfere, abbiamo un <a href=\"https:\/\/www.youtube.com\/watch?v=VrG0_ktmKHE\" target=\"_blank\" rel=\"noopener\" data-schema-attribute=\"mentions\">video<\/a> che vi guida attraverso il processo di smontaggio, pulizia e rimontaggio.<\/p>\n<p>La manutenzione del gruppo di sfere portanti richiede un kit di ricambi. \u00c8 possibile acquistare due tipi di kit di manutenzione, &#8220;S1&#8221; e &#8220;S2&#8221;, a seconda dell&#8217;entit\u00e0 della manutenzione delle sfere. L&#8217;elenco dei componenti di ricambio riportato di seguito mostra quali ricambi sono inclusi nei kit di assistenza S1 e S2.<\/p>\n<ol>\n<li>Anello di sicurezza (S2)<\/li>\n<li>Guarnizione in feltro (S1 &amp; S2)<\/li>\n<li>Sfera principale (S1 &amp; S2)<\/li>\n<li>Sfere di ricircolo (S1 &amp; S2)<\/li>\n<li>Fermo (S2)<\/li>\n<li>Tavola (S2)<\/li>\n<\/ol>\n<p>Per ordinare, \u00e8 necessario fornire il numero della parte originale, l&#8217;eventuale marchio di identificazione e il kit di assistenza richiesto (ad esempio, S1- [part number]). Se il numero della parte o la marcatura non sono visibili, \u00e8 sufficiente inviare uno schizzo o una foto dell&#8217;unit\u00e0 che verr\u00e0 identificata dai nostri archivi.<\/p>\n<p><a class=\"underline\" href=\"https:\/\/www.omnitrack.com\/it\/contattaci\/\">Contattateci direttamente<\/a> per una consulenza: saremo lieti di indicarvi il kit di assistenza di cui avete bisogno!<\/p>\n<\/div>\n<\/section>\n<div class=\"row cpn-section\">\n<div class=\"col\">\n<hr \/>\n<\/div>\n<\/div>\n<section class=\"row cpn-section pb-5 fontSize-4\">\n<div class=\"col\">\n<h2>Servizio di ricondizionamento in fabbrica<\/h2>\n<p>Le diverse varianti di fissaggio e di precarico della molla delle sfere portanti Omnitrack possono essere riportate alle prestazioni originali utilizzando il nostro servizio di ricondizionamento in fabbrica, disponibile anche per la maggior parte delle sfere heavy-Duty e personalizzate.<\/p>\n<p>Le sfere portanti con molla sono solitamente precaricati per limitare la depressione della molla fino al superamento di un carico teorico. A causa dello stato precaricato delle molle a tazza o elicoidali, utilizziamo strumenti speciali per smontare queste sfere in modo sicuro. Abbiamo oltre 75 anni di disegni di produzione e configurazioni di molle per tutte le sfere portanti Omnitrack prodotte.<\/p>\n<p>Ingegneri di precisione dal 1909 &#8211; Produttori e inventori originali di sfere portanti Heavy-Duty dal 1954. Omnitrack \u00e8 il produttore originale, l&#8217;inventore e il brevettatore della gamma di sfere portanti Heavy-Duty, in produzione continua dal 1954. Le sfere portanti sono state commercializzate in tutto il mondo con nomi diversi, tra cui Autoset Production Ltd, Autotrack (Birmingham) Ltd, Omnitrack North America Ltd, Omnitrack Srl, Omnitrack Corporation, Acme e General Bearing.<\/p>\n<p>Nel corso dei 75 anni, anche i numeri delle parti sono cambiati diverse volte, ma siamo orgogliosi di onorare il nostro impegno per i ricambi e i kit di assistenza nella maggior parte dei casi fino alle sfere portanti costruite nel 1954! Se non riconoscete il numero della parte nell&#8217;attuale sequenza di numeri delle parti, provate a inserirlo nella barra di ricerca in alto sulla nostra homepage. Questo pu\u00f2 essere utilizzato anche come interscambio di numeri delle parti per altri rivenditori\/marchi.<\/p>\n<p>Desiderate saperne di pi\u00f9 sulla manutenzione delle sfere portanti o su come ordinare i ricambi e i kit di manutenzione? Contattate oggi stesso per parlare con i nostri esperti. Saremo lieti di rispondere alle vostre domande sui nostri prodotti e sulle modalit\u00e0 di manutenzione, o su qualsiasi altra cosa vi venga in mente!<\/p>\n<\/div>\n<\/section>\n<section id=\"cant-find\" class=\"row cpn-section py-5 two justify-content-between\"><div class=\"col-12 col-sm-6 col-lg-7 py-lg-4 pe-lg-5\">\n<h3 class=\"fontSize-2 fontSize-md-1\">Non riuscite a trovare quello che state cercando?<\/h3>\n<p class=\"fontSize-4\">Provate a cercare parole chiave, numeri di parte, carico, tipi di fissaggio.<\/p>\n<div class=\"input-group\"><form class=\"form-search\"><div class=\"input-group\">  <input type=\"text\" name=\"s\" class=\"form-control field\" placeholder=\"Cerca il codice prodotto\">  <input type=\"hidden\" name=\"post-type\" value=\"product\"><\/div><\/form><\/div>\n<\/div>\n<div class=\"col-12 col-sm-6 col-lg-5 py-lg-4 pt-4 pt-sm-0\">\n<h3 class=\"fontSize-2 fontSize-md-1\">Free technical advice<\/h3>\n<p class=\"fontSize-4\">Phone: <b><a href=\"tel:+3903621321595\">+39 0362 1321595<br \/><\/a><\/b><\/p>\n<p class=\"fontSize-4\">Email: <b><a href=\"mailto:info@omnitrack.com\">info@omnitrack.com<\/a><\/b><\/p>\n<div class=\"mt-4\"> <a class=\"btn-ot green me-2 mb-3 mb-md-0 w100-mobile\" href=\"https:\/\/wa.me\/447759128207\" target=\"_blank\" rel=\"noopener\"><img decoding=\"async\" loading=\"lazy\" src=\"https:\/\/www.omnitrack.com\/wp-content\/themes\/omnitrack2023\/images\/icon-whatsapp.svg\"  alt=\"WhatsApp Omnitrack\"  \/> WhatsApp<\/a> <a class=\"btn-ot w100-mobile\" href=\"https:\/\/calendly.com\/omnitrack\/15min\" target=\"_blank\" rel=\"noopener\"><img decoding=\"async\" loading=\"lazy\" src=\"https:\/\/www.omnitrack.com\/wp-content\/themes\/omnitrack2023\/images\/icon-schedule.svg\"  alt=\"Schedule a call with Omnitrack\"  \/> Schedule a call<\/a><\/div>\n<\/div>\n<\/section>\n","protected":false},"excerpt":{"rendered":"<p>Sfere Portanti Le innovative sfere portanti di Omnitrack garantiscono un cambio di direzione istantaneo e preciso con un basso attrito e una capacit\u00e0 di carico elevata. Le nostre soluzioni brevettate sono disponibili in un&#8217;ampia gamma di stili e dimensioni. Dalle sfere a molla in acciaio alle sfere pneumatiche che consentono il posizionamento ad aria dell&#8217;articolo [&hellip;]<\/p>\n","protected":false},"author":7,"featured_media":0,"parent":0,"menu_order":0,"comment_status":"closed","ping_status":"closed","template":"","meta":{"inline_featured_image":false,"footnotes":""},"class_list":["post-91476","page","type-page","status-publish","hentry"],"acf":[],"_links":{"self":[{"href":"https:\/\/www.omnitrack.com\/it\/wp-json\/wp\/v2\/pages\/91476","targetHints":{"allow":["GET"]}}],"collection":[{"href":"https:\/\/www.omnitrack.com\/it\/wp-json\/wp\/v2\/pages"}],"about":[{"href":"https:\/\/www.omnitrack.com\/it\/wp-json\/wp\/v2\/types\/page"}],"author":[{"embeddable":true,"href":"https:\/\/www.omnitrack.com\/it\/wp-json\/wp\/v2\/users\/7"}],"replies":[{"embeddable":true,"href":"https:\/\/www.omnitrack.com\/it\/wp-json\/wp\/v2\/comments?post=91476"}],"version-history":[{"count":3,"href":"https:\/\/www.omnitrack.com\/it\/wp-json\/wp\/v2\/pages\/91476\/revisions"}],"predecessor-version":[{"id":109103,"href":"https:\/\/www.omnitrack.com\/it\/wp-json\/wp\/v2\/pages\/91476\/revisions\/109103"}],"wp:attachment":[{"href":"https:\/\/www.omnitrack.com\/it\/wp-json\/wp\/v2\/media?parent=91476"}],"curies":[{"name":"wp","href":"https:\/\/api.w.org\/{rel}","templated":true}]}}