{"id":93534,"date":"2023-01-17T11:57:36","date_gmt":"2023-01-17T11:57:36","guid":{"rendered":"https:\/\/www.omnitrack.com\/ball-transfer-units\/heavy-duty\/85-95-series-housed-spring-loaded\/"},"modified":"2024-10-09T18:23:25","modified_gmt":"2024-10-09T18:23:25","slug":"series-85-et-95-bille-escamotable-a-ressort-interieur","status":"publish","type":"page","link":"https:\/\/www.omnitrack.com\/fr\/billes-de-manutention\/heavy-duty\/series-85-et-95-bille-escamotable-a-ressort-interieur\/","title":{"rendered":"S\u00e9ries 85 et 95 \u2013 Bille escamotable \u00e0 ressort int\u00e9rieur"},"content":{"rendered":"<section id=\"product-presentation-one\" class=\"row cpn-section pb-0\">\n<div class=\"col\">\n<header class=\"row\">    <div class=\"col\">        <nav id=\"breadcrumb\">                    <\/nav>        <h1 class=\"fontSize-1\">S\u00e9ries 85 et 95 \u2013 Bille escamotable \u00e0 ressort int\u00e9rieur<\/h1>    <\/div>    <\/header>\n<div class=\"row list-images image-sizes\" data-material=\"ST_material\">\n<div class=\"col-auto col-md col-xxl-4\">\n<div class=\"img-default\"><img loading=\"lazy\" decoding=\"async\" class=\"ST_material alignnone wp-image-79785 size-full\" src=\"https:\/\/www.omnitrack.com\/wp-content\/uploads\/2023\/03\/95-series-heavy-duty-ball-transfer-units.webp\" alt=\"Billes de manutention de la s\u00e9rie 95\" width=\"400\" height=\"400\" data-fullsrc=\"\" srcset=\"https:\/\/www.omnitrack.com\/wp-content\/uploads\/2023\/03\/95-series-heavy-duty-ball-transfer-units.webp 400w, https:\/\/www.omnitrack.com\/wp-content\/uploads\/2023\/03\/95-series-heavy-duty-ball-transfer-units-300x300.webp 300w, https:\/\/www.omnitrack.com\/wp-content\/uploads\/2023\/03\/95-series-heavy-duty-ball-transfer-units-150x150.webp 150w, https:\/\/www.omnitrack.com\/wp-content\/uploads\/2023\/03\/95-series-heavy-duty-ball-transfer-units-100x100.webp 100w\" sizes=\"auto, (max-width: 400px) 100vw, 400px\" \/> <img loading=\"lazy\" decoding=\"async\" class=\"A_material alignnone wp-image-78331 size-medium\" src=\"https:\/\/www.omnitrack.com\/wp-content\/uploads\/2023\/03\/95_00_01-300x300.webp\" alt=\"S\u00e9ries 85 et 95\" width=\"300\" height=\"300\" data-fullsrc=\"\" srcset=\"https:\/\/www.omnitrack.com\/wp-content\/uploads\/2023\/03\/95_00_01-300x300.webp 300w, https:\/\/www.omnitrack.com\/wp-content\/uploads\/2023\/03\/95_00_01-150x150.webp 150w, https:\/\/www.omnitrack.com\/wp-content\/uploads\/2023\/03\/95_00_01-768x768.webp 768w, https:\/\/www.omnitrack.com\/wp-content\/uploads\/2023\/03\/95_00_01-600x600.webp 600w, https:\/\/www.omnitrack.com\/wp-content\/uploads\/2023\/03\/95_00_01-100x100.webp 100w, https:\/\/www.omnitrack.com\/wp-content\/uploads\/2023\/03\/95_00_01.webp 800w\" sizes=\"auto, (max-width: 300px) 100vw, 300px\" \/> <img loading=\"lazy\" decoding=\"async\" class=\"Z_material alignnone wp-image-78331 size-medium\" src=\"https:\/\/www.omnitrack.com\/wp-content\/uploads\/2023\/03\/95_00_01-300x300.webp\" alt=\"S\u00e9ries 85 et 95\" width=\"300\" height=\"300\" data-fullsrc=\"\" srcset=\"https:\/\/www.omnitrack.com\/wp-content\/uploads\/2023\/03\/95_00_01-300x300.webp 300w, https:\/\/www.omnitrack.com\/wp-content\/uploads\/2023\/03\/95_00_01-150x150.webp 150w, https:\/\/www.omnitrack.com\/wp-content\/uploads\/2023\/03\/95_00_01-768x768.webp 768w, https:\/\/www.omnitrack.com\/wp-content\/uploads\/2023\/03\/95_00_01-600x600.webp 600w, https:\/\/www.omnitrack.com\/wp-content\/uploads\/2023\/03\/95_00_01-100x100.webp 100w, https:\/\/www.omnitrack.com\/wp-content\/uploads\/2023\/03\/95_00_01.webp 800w\" sizes=\"auto, (max-width: 300px) 100vw, 300px\" \/> <img loading=\"lazy\" decoding=\"async\" class=\"SS_material alignnone wp-image-78332 size-medium\" src=\"https:\/\/www.omnitrack.com\/wp-content\/uploads\/2023\/03\/95_00_SS-300x300.webp\" alt=\"S\u00e9ries 85 et 95\" width=\"300\" height=\"300\" data-fullsrc=\"\" srcset=\"https:\/\/www.omnitrack.com\/wp-content\/uploads\/2023\/03\/95_00_SS-300x300.webp 300w, https:\/\/www.omnitrack.com\/wp-content\/uploads\/2023\/03\/95_00_SS-150x150.webp 150w, https:\/\/www.omnitrack.com\/wp-content\/uploads\/2023\/03\/95_00_SS-768x768.webp 768w, https:\/\/www.omnitrack.com\/wp-content\/uploads\/2023\/03\/95_00_SS-600x600.webp 600w, https:\/\/www.omnitrack.com\/wp-content\/uploads\/2023\/03\/95_00_SS-100x100.webp 100w, https:\/\/www.omnitrack.com\/wp-content\/uploads\/2023\/03\/95_00_SS.webp 800w\" sizes=\"auto, (max-width: 300px) 100vw, 300px\" \/><\/div>\n<\/div>\n<div class=\"col-auto col-md col-xxl-4\">\n<div><img loading=\"lazy\" decoding=\"async\" class=\"alignnone wp-image-79786 size-full\" src=\"https:\/\/www.omnitrack.com\/wp-content\/uploads\/2024\/10\/diagram_95_series_heavy_duty_ball_transfer_units_fr.webp\" alt=\"Diagramme de billes de manutention de la s\u00e9rie 95\" width=\"400\" height=\"400\" data-fullsrc=\"\" \/><\/div>\n<\/div>\n<\/div>\n<\/div>\n<div class=\"col sidebar-cpn\">\n<div class=\"row\">\n<div class=\"col\"><div class=\"box-material-upgrade\">        <div class=\"form-check ps-0\">                <div class=\"d-flex flex-row justify-content-between align-items-center\">            <label class=\"form-check-label pe-2\" for=\"materialUpgrade1\" style=\"width:calc(100% - 1.5rem)\" title=\"Billes en acier \u00e0 haute teneur en chrome AISI 52100 et corp en acier usin\u00e9 \u00e0 rev\u00eatement \u00e9lectrophor\u00e9tique antioxydant.\">                <span class=\"fontSize-6\"><b>Mat\u00e9riaux standard<\/b> - Billes en acier \u00e0 haute teneur en chrome AISI 52100 et corp en acier usin\u00e9 \u00e0 rev\u00eatement \u00e9lectrophor\u00e9tique antioxydant.<\/span>            <\/label>            <input class=\"form-check-input inputCheck\" type=\"radio\" name=\"materialUpgrade\" id=\"materialUpgrade1\" checked=\"checked\" value=\"ST_material\">        <\/div>        <h4 class=\"fontSize-3 my-3\">Options de mat\u00e9riaux:<\/h4>        <div class=\"box-input-material-upgrade mb-2 d-flex flex-row justify-content-between\">            <label class=\"form-check-label pe-2\" for=\"materialUpgrade2\" style=\"width:calc(100% - 1.5rem)\"  title=\"Billes en Inox AISI 440C, et form\u00e9e d&#039;un corps en acier d&#039;une seule pi\u00e8ce&quot;Anti-Oxide&quot;. La capacit\u00e8 de charge &amp; performances restent inchang\u00e9es.\">                <span class=\"material material-A\">Billes en Inox<\/span>            <\/label>            <input class=\"form-check-input inputCheck\" type=\"radio\" name=\"materialUpgrade\" id=\"materialUpgrade2\"  value=\"A_material\">        <\/div>        <div class=\"box-input-material-upgrade mb-2 d-flex flex-row justify-content-between\">            <label class=\"form-check-label pe-2\" for=\"materialUpgrade3\" style=\"width:calc(100% - 1.5rem)\"  title=\"Billes et composants internes en Inox AISI440C. Corps &quot;Anti-Oxide&quot;. La capacit\u00e8 de charge &amp; performances restent inchang\u00e9es.\" >                <span class=\"material material-Z\">Composants interne en Inox<\/span>            <\/label>            <input class=\"form-check-input inputCheck\" type=\"radio\" name=\"materialUpgrade\" id=\"materialUpgrade3\"  value=\"Z_material\">        <\/div>        <div class=\"box-input-material-upgrade mb-2 d-flex flex-row justify-content-between\">            <label class=\"form-check-label pe-2\" for=\"materialUpgrade4\" style=\"width:calc(100% - 1.5rem)\" title=\"Billes et composants internes en Inox AISI440C. Carter en AISI 304. La capacit\u00e8 de charge &amp; performances restent inchang\u00e9es.\">                <span class=\"material material-SS\">Tous les composants en Inox<\/span>            <\/label>            <input class=\"form-check-input inputCheck\" type=\"radio\" name=\"materialUpgrade\" id=\"materialUpgrade4\" value=\"SS_material\">        <\/div>            <\/div><\/div><\/div>\n<\/div>\n<\/div>\n<\/section>\n<section id=\"part-table-one\" class=\"row cpn-section pb-4\">\n<div class=\"col\"><div class=\"switcher mt-3 mt-md-0 mx-2 me-sm-0 ms-sm-5\">    <div class=\"switcher-title\"><b>Conversion de Poids:<\/b> <\/span><\/div>    <button class=\"toggle-unit\" type=\"button\"><span class=\"switch-metric\">M\u00e9trique<\/span><span class=\"switch\"><\/span><span class=\"switch-imperial\">Imp\u00e9rial<\/span><\/button><\/div> [omni_render_table class-container=\u00a0\u00bbtable-mobi table-scroll\u00a0\u00bb]<\/div>\n<\/section>\n<section id=\"also-consider\" class=\"row cpn-section\">\n<div class=\"col\">\n<h2>Voir \u00e9galement<\/h2>\n<div>\t<div class=\"omni-slider omni-carousel\" >\t<ul class=\"omni-slider-track\"><li>    <a href=\"https:\/\/www.omnitrack.com\/fr\/ball-transfer-units\/heavy-duty\/84-94-series-external-spring-loaded\/\"><img loading=\"lazy\" decoding=\"async\" width=\"150\" height=\"150\" src=\"https:\/\/www.omnitrack.com\/wp-content\/uploads\/2023\/03\/94_400.webp\" class=\"img-fluid\" alt=\"Stud\" srcset=\"https:\/\/www.omnitrack.com\/wp-content\/uploads\/2023\/03\/94_400.webp 400w, https:\/\/www.omnitrack.com\/wp-content\/uploads\/2023\/03\/94_400-300x300.webp 300w, https:\/\/www.omnitrack.com\/wp-content\/uploads\/2023\/03\/94_400-150x150.webp 150w, https:\/\/www.omnitrack.com\/wp-content\/uploads\/2023\/03\/94_400-100x100.webp 100w\" sizes=\"auto, (max-width: 150px) 100vw, 150px\" \/><h3>S\u00e9ries 84 et 94<\/h3><\/a><\/li><li>    <a href=\"https:\/\/www.omnitrack.com\/fr\/ball-transfer-units\/heavy-duty\/86-96-series-spring-loaded-flange-socket\/\"><img loading=\"lazy\" decoding=\"async\" width=\"150\" height=\"150\" src=\"https:\/\/www.omnitrack.com\/wp-content\/uploads\/2023\/03\/96_400.webp\" class=\"img-fluid\" alt=\"Stud\" srcset=\"https:\/\/www.omnitrack.com\/wp-content\/uploads\/2023\/03\/96_400.webp 400w, https:\/\/www.omnitrack.com\/wp-content\/uploads\/2023\/03\/96_400-300x300.webp 300w, https:\/\/www.omnitrack.com\/wp-content\/uploads\/2023\/03\/96_400-150x150.webp 150w, https:\/\/www.omnitrack.com\/wp-content\/uploads\/2023\/03\/96_400-100x100.webp 100w\" sizes=\"auto, (max-width: 150px) 100vw, 150px\" \/><h3>S\u00e9ries 86 et 96<\/h3><\/a><\/li><li>    <a href=\"https:\/\/www.omnitrack.com\/fr\/ball-transfer-units\/heavy-duty\/87-97-series-spring-loaded-flange-fixing\/\"><img loading=\"lazy\" decoding=\"async\" width=\"150\" height=\"150\" src=\"https:\/\/www.omnitrack.com\/wp-content\/uploads\/2023\/03\/97_400.webp\" class=\"img-fluid\" alt=\"Stud\" srcset=\"https:\/\/www.omnitrack.com\/wp-content\/uploads\/2023\/03\/97_400.webp 400w, https:\/\/www.omnitrack.com\/wp-content\/uploads\/2023\/03\/97_400-300x300.webp 300w, https:\/\/www.omnitrack.com\/wp-content\/uploads\/2023\/03\/97_400-150x150.webp 150w, https:\/\/www.omnitrack.com\/wp-content\/uploads\/2023\/03\/97_400-100x100.webp 100w\" sizes=\"auto, (max-width: 150px) 100vw, 150px\" \/><h3>S\u00e9ries 87 et 97<\/h3><\/a><\/li><li>    <a href=\"https:\/\/www.omnitrack.com\/fr\/ball-transfer-units\/spring-loaded-t-b-bars\/t-b-bars\/\"><img loading=\"lazy\" decoding=\"async\" width=\"150\" height=\"150\" src=\"https:\/\/www.omnitrack.com\/wp-content\/uploads\/2023\/03\/T_Bar.webp\" class=\"img-fluid\" alt=\"Spring loaded&amp; T\/B-bars\" srcset=\"https:\/\/www.omnitrack.com\/wp-content\/uploads\/2023\/03\/T_Bar.webp 800w, https:\/\/www.omnitrack.com\/wp-content\/uploads\/2023\/03\/T_Bar-300x300.webp 300w, https:\/\/www.omnitrack.com\/wp-content\/uploads\/2023\/03\/T_Bar-150x150.webp 150w, https:\/\/www.omnitrack.com\/wp-content\/uploads\/2023\/03\/T_Bar-768x768.webp 768w, https:\/\/www.omnitrack.com\/wp-content\/uploads\/2023\/03\/T_Bar-600x600.webp 600w, https:\/\/www.omnitrack.com\/wp-content\/uploads\/2023\/03\/T_Bar-100x100.webp 100w\" sizes=\"auto, (max-width: 150px) 100vw, 150px\" \/><h3>Barres en T<\/h3><\/a><\/li><li>    <a href=\"https:\/\/www.omnitrack.com\/fr\/ball-transfer-units\/medium-duty\/mm-series-housed-spring-loaded\/\"><img loading=\"lazy\" decoding=\"async\" width=\"150\" height=\"150\" src=\"https:\/\/www.omnitrack.com\/wp-content\/uploads\/2023\/03\/mm-series-medium-duty-ball-transfer-units.webp\" class=\"img-fluid\" alt=\"medium-duty ball transfer unit\" srcset=\"https:\/\/www.omnitrack.com\/wp-content\/uploads\/2023\/03\/mm-series-medium-duty-ball-transfer-units.webp 400w, https:\/\/www.omnitrack.com\/wp-content\/uploads\/2023\/03\/mm-series-medium-duty-ball-transfer-units-300x300.webp 300w, https:\/\/www.omnitrack.com\/wp-content\/uploads\/2023\/03\/mm-series-medium-duty-ball-transfer-units-150x150.webp 150w, https:\/\/www.omnitrack.com\/wp-content\/uploads\/2023\/03\/mm-series-medium-duty-ball-transfer-units-100x100.webp 100w\" sizes=\"auto, (max-width: 150px) 100vw, 150px\" \/><h3>S\u00e9ries MM<\/h3><\/a><\/li><li>    <a href=\"https:\/\/www.omnitrack.com\/fr\/ball-transfer-units\/medium-duty\/mn-series-housed-spring-loaded\/\"><img loading=\"lazy\" decoding=\"async\" width=\"150\" height=\"150\" src=\"https:\/\/www.omnitrack.com\/wp-content\/uploads\/2023\/03\/MN-series-medium-duty-ball-transfer-units.webp\" class=\"img-fluid\" alt=\"medium-duty ball transfer unit\" srcset=\"https:\/\/www.omnitrack.com\/wp-content\/uploads\/2023\/03\/MN-series-medium-duty-ball-transfer-units.webp 400w, https:\/\/www.omnitrack.com\/wp-content\/uploads\/2023\/03\/MN-series-medium-duty-ball-transfer-units-300x300.webp 300w, https:\/\/www.omnitrack.com\/wp-content\/uploads\/2023\/03\/MN-series-medium-duty-ball-transfer-units-150x150.webp 150w, https:\/\/www.omnitrack.com\/wp-content\/uploads\/2023\/03\/MN-series-medium-duty-ball-transfer-units-100x100.webp 100w\" sizes=\"auto, (max-width: 150px) 100vw, 150px\" \/><h3>S\u00e9ries MN<\/h3><\/a><\/li><li>    <a href=\"https:\/\/www.omnitrack.com\/fr\/ball-transfer-units\/pneumatic-ball-transfers\/\"><img loading=\"lazy\" decoding=\"async\" width=\"113\" height=\"150\" src=\"https:\/\/www.omnitrack.com\/wp-content\/uploads\/2023\/03\/Pneumatic-Ball_pb25.webp\" class=\"img-fluid\" alt=\"Nut\" srcset=\"https:\/\/www.omnitrack.com\/wp-content\/uploads\/2023\/03\/Pneumatic-Ball_pb25.webp 300w, https:\/\/www.omnitrack.com\/wp-content\/uploads\/2023\/03\/Pneumatic-Ball_pb25-225x300.webp 225w\" sizes=\"auto, (max-width: 113px) 100vw, 113px\" \/><h3>Pneumatique<\/h3><\/a><\/li><li>    <a href=\"https:\/\/www.omnitrack.com\/fr\/ball-transfer-units\/light-duty\/lm-series-cased-spring-loaded\/\"><img loading=\"lazy\" decoding=\"async\" width=\"150\" height=\"150\" src=\"https:\/\/www.omnitrack.com\/wp-content\/uploads\/2023\/03\/LM-series-light-duty-ball-transfer-units.webp\" class=\"img-fluid\" alt=\"LM series light duty ball transfer units\" srcset=\"https:\/\/www.omnitrack.com\/wp-content\/uploads\/2023\/03\/LM-series-light-duty-ball-transfer-units.webp 400w, https:\/\/www.omnitrack.com\/wp-content\/uploads\/2023\/03\/LM-series-light-duty-ball-transfer-units-300x300.webp 300w, https:\/\/www.omnitrack.com\/wp-content\/uploads\/2023\/03\/LM-series-light-duty-ball-transfer-units-150x150.webp 150w, https:\/\/www.omnitrack.com\/wp-content\/uploads\/2023\/03\/LM-series-light-duty-ball-transfer-units-100x100.webp 100w\" sizes=\"auto, (max-width: 150px) 100vw, 150px\" \/><h3>S\u00e9ries LM<\/h3><\/a><\/li>\t<\/ul><div class=\"omni-slider-controls\"><button class=\"omni-slider-prev\"><img src=\"https:\/\/www.omnitrack.com\/wp-content\/themes\/omnitrack2023\/images\/icon-arrow-blue-left.svg\" alt=\"Arrow left icon\" decoding=\"async\" loading=\"lazy\" alt=\"Arrow left icon\"><\/button> <button class=\"omni-slider-next\"><img src=\"https:\/\/www.omnitrack.com\/wp-content\/themes\/omnitrack2023\/images\/icon-arrow-blue-right.svg\" decoding=\"async\" loading=\"lazy\" alt=\"Arrow right icon\"><\/button><\/div><\/div><\/div>\n<\/div>\n<\/section>\n<div class=\"row cpn-section\">\n<div class=\"col\">\n<hr \/>\n<\/div>\n<\/div>\n<section id=\"icons-grid-one\" class=\"row cpn-section\">\n<div class=\"col-12 col-sm-5 col-xl-6 col-xxl-7 fontSize-4 pb-4\">\n<p>Les Billes de manutention escamotables Omnitrack sont id\u00e9ales lorsque la surface de travail n&rsquo;est pas parfaitement plane ou quand &lsquo;il y a des chocs lors du chargement. Les ressorts internes permettent une r\u00e9traction compl\u00e8te de la bille dans le bo\u00eetier. Nous pouvons adapter les pr\u00e9charges, les d\u00e9battements et les caract\u00e9ristiques des ressorts selon vos besoins. Envisagez d&rsquo;autres options de mat\u00e9riaux pour r\u00e9sister \u00e0 des environnements d&rsquo;exploitation s\u00e9v\u00e8res.<\/p>\n<p>Les billes de manutention escamotables de la s\u00e9rie Omnitrack 95 sont pr\u00e9contraintes pour un positionnement omnidirectionnel et pr\u00e9cis. Comme ces unit\u00e9s font partie de notre gamme \u00ab\u00a0forte charge\u00a0\u00bb, elles offrent le coefficient de frottement le plus bas et des performances nettement sup\u00e9rieures a celles disponibles.<\/p>\n<p>Lors de l&rsquo;incorporation des billes de la s\u00e9rie Omnitrack 95 dans des outils de presse ou des matrices lourdes, l&rsquo;outil peut \u00eatre positionn\u00e9 avec pr\u00e9cision puis serr\u00e9. La force suppl\u00e9mentaire entra\u00eene la d\u00e9flexion des ressorts \u00e0 disque pendant le serrage, mais une fois desserr\u00e9s, ils soul\u00e8vent l&rsquo;outillage pr\u00eat \u00e0 \u00eatre man\u0153uvr\u00e9 avec facilit\u00e9 et pr\u00e9cision.<\/p>\n<p>Les options de mat\u00e9riaux sont indiqu\u00e9es ci-dessous &#8211; commandez en ajoutant le suffixe au num\u00e9ro de reference requis, par exemple, 9520 &lsquo;Z&rsquo; qui inclut des billes\/des composants internes en ino et une r\u00e9sistance am\u00e9lior\u00e9e aux temp\u00e9ratures \u00e9lev\u00e9es.<br \/>\nLe m\u00e9canisme du ressort reste en acier au carbone ind\u00e9pendamment des types de mat\u00e9riaux &#8211; consultez-nous si d&rsquo;autres mat\u00e9riaux sont requis.<\/p>\n<ul>\n<li>Protection maximale contre les chocs &#8211; La bille se r\u00e9tracte compl\u00e8tement \u00e0 l&rsquo;int\u00e9rieur du corps.<\/li>\n<li>Id\u00e9al en cas d&rsquo;\u00e9quilibrage de la charge ou plan\/charge non conformes.<\/li>\n<li>R\u00e9sistance exceptionnelle aux chocs et aux temp\u00e9ratures \u00e9lev\u00e9es\/basses.<\/li>\n<li>Capacit\u00e9 de charge maximale dans toutes les directions.<\/li>\n<li>Fixation par embo\u00eetement dans des trous ou maintenues par les bagues de tol\u00e9rance.<\/li>\n<\/ul>\n<p>D\u00e9couvrez le reste de notre gamme de <a href=\"https:\/\/www.omnitrack.com\/fr\/ball-transfer-units\/\">billes<\/a> de manutention.<\/p>\n<p>Vous n&rsquo;avez pas trouv\u00e9 ce que vous cherchiez? <a href=\"https:\/\/www.omnitrack.com\/fr\/nous-contacter\/\">Appelez-nous<\/a>.<\/p>\n<\/div>\n<div class=\"col-12 col-sm-7 col-xl-6 col-xxl-5\"><div class=\"grid-wrap\">\n<div class=\"row g-2 g-md-3 mb-2 mb-md-3\">\n<div class=\"col-8\">\n<div class=\"grid-item double\"><img decoding=\"async\" loading=\"lazy\" src=\"https:\/\/www.omnitrack.com\/wp-content\/themes\/omnitrack2023\/images\/icon-maximum-load-6000.svg\" class=\"ico-icons-grid\" alt=\"Capacit\u00e9 de charge maximale dans toutes les directions.\"  \/>Charge nominale maximale inchang\u00e9e quelle que soit l&rsquo;orientation<small><\/small><\/div>\n<\/div>\n<div class=\"col-4\">\n<div class=\"grid-item\"><img decoding=\"async\" loading=\"lazy\" src=\"https:\/\/www.omnitrack.com\/wp-content\/themes\/omnitrack2023\/images\/icon-low-friction.svg\" class=\"ico-icons-grid\" alt=\"Faible frottement\"  \/>Faible frottement<br \/>1 : 0,005<small>S\u00e9rie 9000 uniquement<\/small><\/div>\n<\/div>\n<\/div>\n<div class=\"row g-2 g-md-3 mb-2 mb-md-3\">\n<div class=\"col-4\">\n<div class=\"grid-item\"><img decoding=\"async\" loading=\"lazy\" src=\"https:\/\/www.omnitrack.com\/wp-content\/themes\/omnitrack2023\/images\/icon-speed.svg\" class=\"ico-icons-grid\" alt=\"Vitesse\"  \/>Vitesse<br \/>2m\/sec<small><\/small><\/div>\n<\/div>\n<div class=\"col-4\">\n<div class=\"grid-item\"><img decoding=\"async\" loading=\"lazy\" src=\"https:\/\/www.omnitrack.com\/wp-content\/themes\/omnitrack2023\/images\/icon-temperature.svg\" class=\"ico-icons-grid\" alt=\"Temp\u00e9rature\"  \/>Temp\u00e9rature<br \/>-50\/+160\u00baC<small><\/small><\/div>\n<\/div>\n<div class=\"col-4\">\n<div class=\"grid-item\"><img decoding=\"async\" loading=\"lazy\" src=\"https:\/\/www.omnitrack.com\/wp-content\/themes\/omnitrack2023\/images\/icon-high-shock-resistence.svg\" class=\"ico-icons-grid\" alt=\"R\u00e9sistance \u00e9lev\u00e9e aux chocs\"  \/>R\u00e9sistance \u00e9lev\u00e9e aux chocs<small><\/small><\/div>\n<\/div>\n<\/div>\n<div class=\"row g-2 g-md-3\">\n<div class=\"col-4\">\n<div class=\"grid-item\">\n<div><img decoding=\"async\" loading=\"lazy\" src=\"https:\/\/www.omnitrack.com\/wp-content\/themes\/omnitrack2023\/images\/icon-uneven-loads.webp\" class=\"ico-icons-grid\" alt=\"Charges in\u00e9gales\"  \/><\/div>\n<p>Charges in\u00e9gales<small><\/small><\/p>\n<\/div>\n<\/div>\n<div class=\"col-4\">\n<div class=\"grid-item\"><img decoding=\"async\" loading=\"lazy\" src=\"https:\/\/www.omnitrack.com\/wp-content\/themes\/omnitrack2023\/images\/icon-user-seviceble.svg\" class=\"ico-icons-grid\" alt=\"Entretien par l&#039;utilisateur\"  \/>Entretien par l&rsquo;utilisateur <small>S\u00e9rie 9000 uniquement<\/small><\/div>\n<\/div>\n<\/div>\n<\/div>\n<\/div>\n<\/section>\n<div class=\"row cpn-section\">\n<div class=\"col\">\n<hr \/>\n<\/div>\n<\/div>\n<section id=\"service-kits-one\" class=\"row cpn-section pb-4\"><div class=\"col\">\n<div class=\"row\">\n<div class=\"col-12 col-sm-6 col-xl-6 col-xxl-6 fontSize-3\">\n<h2>Kits de service<\/h2>\n<p class=\"fontSize-\">Service de reconditionnement en usine pour les billes \u00e0 ressort et unit\u00e9s sur mesure, qui peuvent n\u00e9cessiter un outillage sp\u00e9cial pour un d\u00e9montage en toute s\u00e9curit\u00e9.<\/p>\n<\/div>\n<div class=\"col-12 col-sm-6 col-xl-6 col-xxl-6 image-sizes text-center text-sm-left\"><img loading=\"lazy\" decoding=\"async\" class=\"img-fluid alignnone wp-image-79719 size-full\" src=\"https:\/\/www.omnitrack.com\/wp-content\/uploads\/2023\/03\/Service_Kits_2-2.webp\" alt=\"Diagramme du kit d'entretien\" width=\"241\" height=\"240\" srcset=\"https:\/\/www.omnitrack.com\/wp-content\/uploads\/2023\/03\/Service_Kits_2-2.webp 241w, https:\/\/www.omnitrack.com\/wp-content\/uploads\/2023\/03\/Service_Kits_2-2-150x150.webp 150w, https:\/\/www.omnitrack.com\/wp-content\/uploads\/2023\/03\/Service_Kits_2-2-100x100.webp 100w\" sizes=\"auto, (max-width: 241px) 100vw, 241px\" \/> <img loading=\"lazy\" decoding=\"async\" class=\"img-fluid alignnone wp-image-79720 size-full\" src=\"https:\/\/www.omnitrack.com\/wp-content\/uploads\/2023\/03\/Diagram_Heavy_Duty_85_95-1.webp\" alt=\"Diagramme des billes de manutention forte charge\" width=\"241\" height=\"240\" srcset=\"https:\/\/www.omnitrack.com\/wp-content\/uploads\/2023\/03\/Diagram_Heavy_Duty_85_95-1.webp 241w, https:\/\/www.omnitrack.com\/wp-content\/uploads\/2023\/03\/Diagram_Heavy_Duty_85_95-1-150x150.webp 150w, https:\/\/www.omnitrack.com\/wp-content\/uploads\/2023\/03\/Diagram_Heavy_Duty_85_95-1-100x100.webp 100w\" sizes=\"auto, (max-width: 241px) 100vw, 241px\" \/><\/div>\n<\/div>\n<\/div>\n<\/section>\n<div class=\"row cpn-section\">\n<div class=\"col\">\n<hr \/>\n<\/div>\n<\/div>\n<section id=\"tolerance-rings-one\" class=\"row cpn-section pb-5\">\n<div class=\"col\"><div class=\"row\">\n<div class=\"col-12 col-md-6 fontSize-4 mb-4 mb-md-0\">\n<h2>Anneaux de tol\u00e9rance<\/h2>\n<ul>\n<li>Compense les irr\u00e9gularit\u00e9s de calibre et de diam\u00e8tre<\/li>\n<li>Id\u00e9al en cas d&rsquo;acc\u00e8s unilat\u00e9ral de la surface de montage<\/li>\n<\/ul>\n<\/div>\n<div class=\"col-12 col-md-6 d-flex justify-content-center justify-content-md-around flex-wrap image-sizes\"><img loading=\"lazy\" decoding=\"async\" class=\"alignnone wp-image-79717 size-full\" src=\"https:\/\/www.omnitrack.com\/wp-content\/uploads\/2023\/03\/9300_Glass-1.webp\" alt=\"Pneumatique et roulettes\" width=\"314\" height=\"240\" srcset=\"https:\/\/www.omnitrack.com\/wp-content\/uploads\/2023\/03\/9300_Glass-1.webp 314w, https:\/\/www.omnitrack.com\/wp-content\/uploads\/2023\/03\/9300_Glass-1-300x229.webp 300w\" sizes=\"auto, (max-width: 314px) 100vw, 314px\" \/> <img loading=\"lazy\" decoding=\"async\" class=\"alignnone wp-image-79718 size-full\" src=\"https:\/\/www.omnitrack.com\/wp-content\/uploads\/2023\/03\/Tolerance_Ring_2-1.webp\" alt=\"Anneau de tol\u00e9rance\" width=\"284\" height=\"240\"><\/div>\n<\/div>\n<\/p>\n<div class=\"row\">\n<div class=\"col\">[omni_render_table_tolerance_ring class-container=\u00a0\u00bbtable-mobi table-no-scroll\u00a0\u00bb]<\/div>\n<\/div>\n<\/div>\n<\/section>\n<section id=\"cant-find\" class=\"row one cpn-section py-5\"><div class=\"col col-md-7 col-lg-6 py-4 pe-5\">\n<h3 class=\"fontSize-1 mb-4\">Vous ne trouvez pas ce que vous cherchez?<\/h3>\n<p class=\"fontSize-4\">Essayez de rechercher des mots-cl\u00e9s, num\u00e9ros r\u00e9fr\u00e9rence, capacit\u00e8 de charge et types de fixation.<\/p>\n<div class=\"input-group mb-3\"><form class=\"form-search\"><div class=\"input-group\">  <input type=\"text\" name=\"s\" class=\"form-control field\" placeholder=\"Recherche de r\u00e9f\u00e8rence #\">  <input type=\"hidden\" name=\"post-type\" value=\"product\"><\/div><\/form><\/div>\n<\/div>\n<div class=\"col col-md-5 col-lg-6 py-4 text-center\"><a href=\"..\/..\/..\/garantie\/\" target=\"_blank\" rel=\"noopener\"><img loading=\"lazy\" decoding=\"async\" class=\"mb-3 img-fluid alignnone wp-image-79745 size-full\" title=\"Garantie de 2 ans\" src=\"https:\/\/www.omnitrack.com\/wp-content\/uploads\/2024\/08\/2_year_warranty_fr.webp\" alt=\"Garantie de 2 ans\" width=\"401\" height=\"190\" \/><\/a><br \/><small class=\"d-block\">Sous r\u00e9serve de conditions d&rsquo;usage.<\/small><\/div>\n<\/section>\n","protected":false},"excerpt":{"rendered":"<p>[omni_render_table class-container=\u00a0\u00bbtable-mobi table-scroll\u00a0\u00bb] Voir \u00e9galement Les Billes de manutention escamotables Omnitrack sont id\u00e9ales lorsque la surface de travail n&rsquo;est pas parfaitement plane ou quand &lsquo;il y a des chocs lors du chargement. Les ressorts internes permettent une r\u00e9traction compl\u00e8te de la bille dans le bo\u00eetier. Nous pouvons adapter les pr\u00e9charges, les d\u00e9battements et les caract\u00e9ristiques [&hellip;]<\/p>\n","protected":false},"author":7,"featured_media":0,"parent":93506,"menu_order":0,"comment_status":"closed","ping_status":"closed","template":"page-series-heavy-duty-tolerance-rings.php","meta":{"inline_featured_image":false,"footnotes":""},"class_list":["post-93534","page","type-page","status-publish","hentry"],"acf":[],"_links":{"self":[{"href":"https:\/\/www.omnitrack.com\/fr\/wp-json\/wp\/v2\/pages\/93534","targetHints":{"allow":["GET"]}}],"collection":[{"href":"https:\/\/www.omnitrack.com\/fr\/wp-json\/wp\/v2\/pages"}],"about":[{"href":"https:\/\/www.omnitrack.com\/fr\/wp-json\/wp\/v2\/types\/page"}],"author":[{"embeddable":true,"href":"https:\/\/www.omnitrack.com\/fr\/wp-json\/wp\/v2\/users\/7"}],"replies":[{"embeddable":true,"href":"https:\/\/www.omnitrack.com\/fr\/wp-json\/wp\/v2\/comments?post=93534"}],"version-history":[{"count":4,"href":"https:\/\/www.omnitrack.com\/fr\/wp-json\/wp\/v2\/pages\/93534\/revisions"}],"predecessor-version":[{"id":107675,"href":"https:\/\/www.omnitrack.com\/fr\/wp-json\/wp\/v2\/pages\/93534\/revisions\/107675"}],"up":[{"embeddable":true,"href":"https:\/\/www.omnitrack.com\/fr\/wp-json\/wp\/v2\/pages\/93506"}],"wp:attachment":[{"href":"https:\/\/www.omnitrack.com\/fr\/wp-json\/wp\/v2\/media?parent=93534"}],"curies":[{"name":"wp","href":"https:\/\/api.w.org\/{rel}","templated":true}]}}