{"id":93523,"date":"2023-01-26T12:27:23","date_gmt":"2023-01-26T12:27:23","guid":{"rendered":"https:\/\/www.omnitrack.com\/ball-transfer-units\/medium-duty\/ms-series-top-flange\/"},"modified":"2024-03-23T19:45:50","modified_gmt":"2024-03-23T19:45:50","slug":"serie-ms-bille-a-collerette-rectangulaire","status":"publish","type":"page","link":"https:\/\/www.omnitrack.com\/fr\/billes-de-manutention\/gamme-moyenne\/serie-ms-bille-a-collerette-rectangulaire\/","title":{"rendered":"S\u00e9rie MS \u2013 Bille \u00e0 collerette rectangulaire"},"content":{"rendered":"<section id=\"product-presentation-one\" class=\"row cpn-section pb-0\">\n<div class=\"col\">\n<header class=\"row\">    <div class=\"col\">        <nav id=\"breadcrumb\">                    <\/nav>        <h1 class=\"fontSize-1\">S\u00e9rie MS \u2013 Bille \u00e0 collerette rectangulaire<\/h1>    <\/div>    <\/header>\n<div class=\"row list-images image-sizes\" data-material=\"ST_material\">\n<div class=\"col-auto col-md col-xxl-4\">\n<div class=\"img-default\"><img loading=\"lazy\" decoding=\"async\" class=\"alignnone wp-image-79805 size-full\" src=\"https:\/\/www.omnitrack.com\/wp-content\/uploads\/2023\/03\/MS-series-medium-duty-ball-transfer-units.webp\" alt=\"S\u00e9rie MS pour travaux moyens\" width=\"400\" height=\"400\" data-fullsrc=\"\" srcset=\"https:\/\/www.omnitrack.com\/wp-content\/uploads\/2023\/03\/MS-series-medium-duty-ball-transfer-units.webp 400w, https:\/\/www.omnitrack.com\/wp-content\/uploads\/2023\/03\/MS-series-medium-duty-ball-transfer-units-300x300.webp 300w, https:\/\/www.omnitrack.com\/wp-content\/uploads\/2023\/03\/MS-series-medium-duty-ball-transfer-units-150x150.webp 150w, https:\/\/www.omnitrack.com\/wp-content\/uploads\/2023\/03\/MS-series-medium-duty-ball-transfer-units-100x100.webp 100w\" sizes=\"auto, (max-width: 400px) 100vw, 400px\" \/><\/div>\n<\/div>\n<div class=\"col-auto col-md col-xxl-4\">\n<div><img loading=\"lazy\" decoding=\"async\" class=\"alignnone wp-image-80467 size-full\" src=\"https:\/\/www.omnitrack.com\/wp-content\/uploads\/2023\/04\/diagram-MS-series-medium-duty-ball-transfer-units.webp\" alt=\"S\u00e9ries MS\" width=\"600\" height=\"600\" data-fullsrc=\"\" srcset=\"https:\/\/www.omnitrack.com\/wp-content\/uploads\/2023\/04\/diagram-MS-series-medium-duty-ball-transfer-units.webp 600w, https:\/\/www.omnitrack.com\/wp-content\/uploads\/2023\/04\/diagram-MS-series-medium-duty-ball-transfer-units-300x300.webp 300w, https:\/\/www.omnitrack.com\/wp-content\/uploads\/2023\/04\/diagram-MS-series-medium-duty-ball-transfer-units-150x150.webp 150w, https:\/\/www.omnitrack.com\/wp-content\/uploads\/2023\/04\/diagram-MS-series-medium-duty-ball-transfer-units-100x100.webp 100w\" sizes=\"auto, (max-width: 600px) 100vw, 600px\" \/><\/div>\n<\/div>\n<\/div>\n<\/div>\n<div class=\"col sidebar-cpn mt-3\">\n<div class=\"row\">\n<div class=\"col\"><div class=\"box-material-upgrade\">        <div class=\"form-check ps-0\">        <div class=\"d-flex flex-row justify-content-between align-items-center\">            <label class=\"form-check-label pe-2\" for=\"materialUpgrade1\" style=\"width:calc(100% - 1.5rem)\" title=\"Roulements en acier chrome, corps et protecteur zingu\u00e9s.\">                <span class=\"fontSize-6\"><b>Mat\u00e9riaux standard<\/b> - Roulements en acier chrome, corps et protecteur zingu\u00e9s.<\/span>            <\/label>            <input class=\"form-check-input inputCheck\" type=\"radio\" name=\"materialUpgrade\" id=\"materialUpgrade1\" checked=\"checked\" value=\"ST_material\">        <\/div>        <h4 class=\"fontSize-3 my-3\">Options de mat\u00e9riaux:<\/h4>        <div class=\"box-input-material-upgrade mb-2 d-flex flex-row justify-content-between\">            <label class=\"form-check-label pe-2\" for=\"materialUpgrade2\" style=\"width:calc(100% - 1.5rem)\"  title=\"Billes en acier inox Corps et protecteur zingu\u00e9s\">                <span class=\"material material-A\">Billes en Inox<\/span>            <\/label>            <input class=\"form-check-input inputCheck\" type=\"radio\" name=\"materialUpgrade\" id=\"materialUpgrade2\"  value=\"A_material\">        <\/div>        <div class=\"box-input-material-upgrade mb-2 d-flex flex-row justify-content-between\">            <label class=\"form-check-label pe-2\" for=\"materialUpgrade4\" style=\"width:calc(100% - 1.5rem)\" title=\"Billes en acier inox corps et protecteur.\">                <span class=\"material material-SS\">Tous les composants en Inox<\/span>            <\/label>            <input class=\"form-check-input inputCheck\" type=\"radio\" name=\"materialUpgrade\" id=\"materialUpgrade4\" value=\"SS_material\">        <\/div>        <div class=\"box-input-material-upgrade d-flex flex-row justify-content-between\">            <label class=\"form-check-label pe-2\" for=\"materialUpgrade5\" style=\"width:calc(100% - 1.5rem)\" title=\"Billes en acier inox Corps et protecteur zingu\u00e9s\">                <span class=\"material material-D\">Nylon main ball<\/span>            <\/label>            <input class=\"form-check-input inputCheck\" type=\"radio\" name=\"materialUpgrade\" id=\"materialUpgrade5\"  value=\"D_material\">        <\/div>    <\/div><\/div><\/div>\n<\/div>\n<\/div>\n<\/section>\n<section id=\"part-table-one\" class=\"row cpn-section pb-4\">\n<div class=\"col\"><div class=\"switcher mt-3 mt-md-0 mx-2 me-sm-0 ms-sm-5\">    <div class=\"switcher-title\"><b>Conversion de Poids:<\/b> <\/span><\/div>    <button class=\"toggle-unit\" type=\"button\"><span class=\"switch-metric\">M\u00e9trique<\/span><span class=\"switch\"><\/span><span class=\"switch-imperial\">Imp\u00e9rial<\/span><\/button><\/div> [omni_render_table class-container=\u00a0\u00bbtable-scroll table-mobi\u00a0\u00bb]<\/div>\n<\/section>\n<section id=\"also-consider\" class=\"row cpn-section\">\n<div class=\"col\">\n<h2>Voir \u00e9galement<\/h2>\n<div>\t<div class=\"omni-slider omni-carousel\" >\t<ul class=\"omni-slider-track\"><li>    <a href=\"https:\/\/www.omnitrack.com\/fr\/ball-transfer-units\/medium-duty\/m-series-push-fit\/\"><img loading=\"lazy\" decoding=\"async\" width=\"150\" height=\"150\" src=\"https:\/\/www.omnitrack.com\/wp-content\/uploads\/2023\/03\/m-series-push-fit.webp\" class=\"img-fluid\" alt=\"Transfer Unit\" srcset=\"https:\/\/www.omnitrack.com\/wp-content\/uploads\/2023\/03\/m-series-push-fit.webp 600w, https:\/\/www.omnitrack.com\/wp-content\/uploads\/2023\/03\/m-series-push-fit-300x300.webp 300w, https:\/\/www.omnitrack.com\/wp-content\/uploads\/2023\/03\/m-series-push-fit-150x150.webp 150w, https:\/\/www.omnitrack.com\/wp-content\/uploads\/2023\/03\/m-series-push-fit-100x100.webp 100w\" sizes=\"auto, (max-width: 150px) 100vw, 150px\" \/><h3>S\u00e9ries M<\/h3><\/a><\/li><li>    <a href=\"https:\/\/www.omnitrack.com\/fr\/ball-transfer-units\/heavy-duty\/83-93-series-flange-socket-mounted\/\"><img loading=\"lazy\" decoding=\"async\" width=\"150\" height=\"150\" src=\"https:\/\/www.omnitrack.com\/wp-content\/uploads\/2023\/03\/93.webp\" class=\"img-fluid\" alt=\"flange socket mounted\" srcset=\"https:\/\/www.omnitrack.com\/wp-content\/uploads\/2023\/03\/93.webp 800w, https:\/\/www.omnitrack.com\/wp-content\/uploads\/2023\/03\/93-300x300.webp 300w, https:\/\/www.omnitrack.com\/wp-content\/uploads\/2023\/03\/93-150x150.webp 150w, https:\/\/www.omnitrack.com\/wp-content\/uploads\/2023\/03\/93-768x768.webp 768w, https:\/\/www.omnitrack.com\/wp-content\/uploads\/2023\/03\/93-600x600.webp 600w, https:\/\/www.omnitrack.com\/wp-content\/uploads\/2023\/03\/93-100x100.webp 100w\" sizes=\"auto, (max-width: 150px) 100vw, 150px\" \/><h3>S\u00e9ries 83 et 93<\/h3><\/a><\/li><li>    <a href=\"https:\/\/www.omnitrack.com\/fr\/ball-transfer-units\/medium-duty\/mf-series-bottom-flange\/\"><img loading=\"lazy\" decoding=\"async\" width=\"150\" height=\"150\" src=\"https:\/\/www.omnitrack.com\/wp-content\/uploads\/2023\/03\/mf-series-medium-duty-ball-transfer-units-1.webp\" class=\"img-fluid\" alt=\"medium duty ball transfer unit\" srcset=\"https:\/\/www.omnitrack.com\/wp-content\/uploads\/2023\/03\/mf-series-medium-duty-ball-transfer-units-1.webp 400w, https:\/\/www.omnitrack.com\/wp-content\/uploads\/2023\/03\/mf-series-medium-duty-ball-transfer-units-1-300x300.webp 300w, https:\/\/www.omnitrack.com\/wp-content\/uploads\/2023\/03\/mf-series-medium-duty-ball-transfer-units-1-150x150.webp 150w, https:\/\/www.omnitrack.com\/wp-content\/uploads\/2023\/03\/mf-series-medium-duty-ball-transfer-units-1-100x100.webp 100w\" sizes=\"auto, (max-width: 150px) 100vw, 150px\" \/><h3>S\u00e9ries MF<\/h3><\/a><\/li><li>    <a href=\"https:\/\/www.omnitrack.com\/fr\/ball-transfer-units\/medium-duty\/mg-series-plain-fitting\/\"><img loading=\"lazy\" decoding=\"async\" width=\"150\" height=\"150\" src=\"https:\/\/www.omnitrack.com\/wp-content\/uploads\/2023\/03\/MG.webp\" class=\"img-fluid\" alt=\"plain fitting\" srcset=\"https:\/\/www.omnitrack.com\/wp-content\/uploads\/2023\/03\/MG.webp 800w, https:\/\/www.omnitrack.com\/wp-content\/uploads\/2023\/03\/MG-300x300.webp 300w, https:\/\/www.omnitrack.com\/wp-content\/uploads\/2023\/03\/MG-150x150.webp 150w, https:\/\/www.omnitrack.com\/wp-content\/uploads\/2023\/03\/MG-768x768.webp 768w, https:\/\/www.omnitrack.com\/wp-content\/uploads\/2023\/03\/MG-600x600.webp 600w, https:\/\/www.omnitrack.com\/wp-content\/uploads\/2023\/03\/MG-100x100.webp 100w\" sizes=\"auto, (max-width: 150px) 100vw, 150px\" \/><h3>S\u00e9ries MG<\/h3><\/a><\/li><li>    <a href=\"https:\/\/www.omnitrack.com\/fr\/ball-transfer-units\/medium-duty\/msp-series-bolt-fitting\/\"><img loading=\"lazy\" decoding=\"async\" width=\"150\" height=\"150\" src=\"https:\/\/www.omnitrack.com\/wp-content\/uploads\/2023\/03\/MSP8.webp\" class=\"img-fluid\" alt=\"bolt fitting\" srcset=\"https:\/\/www.omnitrack.com\/wp-content\/uploads\/2023\/03\/MSP8.webp 800w, https:\/\/www.omnitrack.com\/wp-content\/uploads\/2023\/03\/MSP8-300x300.webp 300w, https:\/\/www.omnitrack.com\/wp-content\/uploads\/2023\/03\/MSP8-150x150.webp 150w, https:\/\/www.omnitrack.com\/wp-content\/uploads\/2023\/03\/MSP8-768x768.webp 768w, https:\/\/www.omnitrack.com\/wp-content\/uploads\/2023\/03\/MSP8-600x600.webp 600w, https:\/\/www.omnitrack.com\/wp-content\/uploads\/2023\/03\/MSP8-100x100.webp 100w\" sizes=\"auto, (max-width: 150px) 100vw, 150px\" \/><h3>S\u00e9ries MSP<\/h3><\/a><\/li><li>    <a href=\"https:\/\/www.omnitrack.com\/fr\/ball-transfer-units\/medium-duty\/mi-series-internal-thread-fixing\/\"><img loading=\"lazy\" decoding=\"async\" width=\"150\" height=\"150\" src=\"https:\/\/www.omnitrack.com\/wp-content\/uploads\/2023\/03\/MI.webp\" class=\"img-fluid\" alt=\"internal thread fixing\" srcset=\"https:\/\/www.omnitrack.com\/wp-content\/uploads\/2023\/03\/MI.webp 800w, https:\/\/www.omnitrack.com\/wp-content\/uploads\/2023\/03\/MI-300x300.webp 300w, https:\/\/www.omnitrack.com\/wp-content\/uploads\/2023\/03\/MI-150x150.webp 150w, https:\/\/www.omnitrack.com\/wp-content\/uploads\/2023\/03\/MI-768x768.webp 768w, https:\/\/www.omnitrack.com\/wp-content\/uploads\/2023\/03\/MI-600x600.webp 600w, https:\/\/www.omnitrack.com\/wp-content\/uploads\/2023\/03\/MI-100x100.webp 100w\" sizes=\"auto, (max-width: 150px) 100vw, 150px\" \/><h3>S\u00e9ries MI<\/h3><\/a><\/li><li>    <a href=\"https:\/\/www.omnitrack.com\/fr\/ball-transfer-units\/medium-duty\/mv-mw-mx-series-air-cargo-ball-unit\/\"><img loading=\"lazy\" decoding=\"async\" width=\"150\" height=\"150\" src=\"https:\/\/www.omnitrack.com\/wp-content\/uploads\/2023\/03\/MW.webp\" class=\"img-fluid\" alt=\"all cargo ball unit diagram\" srcset=\"https:\/\/www.omnitrack.com\/wp-content\/uploads\/2023\/03\/MW.webp 800w, https:\/\/www.omnitrack.com\/wp-content\/uploads\/2023\/03\/MW-300x300.webp 300w, https:\/\/www.omnitrack.com\/wp-content\/uploads\/2023\/03\/MW-150x150.webp 150w, https:\/\/www.omnitrack.com\/wp-content\/uploads\/2023\/03\/MW-768x768.webp 768w, https:\/\/www.omnitrack.com\/wp-content\/uploads\/2023\/03\/MW-600x600.webp 600w, https:\/\/www.omnitrack.com\/wp-content\/uploads\/2023\/03\/MW-100x100.webp 100w\" sizes=\"auto, (max-width: 150px) 100vw, 150px\" \/><h3>S\u00e9ries MV \/ MW \/ MX<\/h3><\/a><\/li>\t<\/ul><div class=\"omni-slider-controls\"><button class=\"omni-slider-prev\"><img src=\"https:\/\/www.omnitrack.com\/wp-content\/themes\/omnitrack2023\/images\/icon-arrow-blue-left.svg\" alt=\"Arrow left icon\" decoding=\"async\" loading=\"lazy\" alt=\"Arrow left icon\"><\/button> <button class=\"omni-slider-next\"><img src=\"https:\/\/www.omnitrack.com\/wp-content\/themes\/omnitrack2023\/images\/icon-arrow-blue-right.svg\" decoding=\"async\" loading=\"lazy\" alt=\"Arrow right icon\"><\/button><\/div><\/div><\/div>\n<\/div>\n<\/section>\n<div class=\"row cpn-section\">\n<div class=\"col\">\n<hr \/>\n<\/div>\n<\/div>\n<section id=\"icons-grid-one\" class=\"row cpn-section pb-5\">\n<div class=\"col-12 col-sm-5 col-xl-6 col-xxl-7 fontSize-4 mb-3\">\n<p>Les <a href=\"https:\/\/www.omnitrack.com\/fr\/ball-transfer-units\/\">billes<\/a> de manutention de la s\u00e9rie MS avec collerette sont usin\u00e9es en acier massif et c\u00e9ment\u00e9es pour une meilleure r\u00e9sistance \u00e0 l&rsquo;usure. Le capuchon sup\u00e9rieur renforc\u00e9 en acier usin\u00e9 prot\u00e8ge contre les chocs dus \u00e0 un mauvais alignement de l&rsquo;objet transport\u00e9. Lubrifi\u00e9s \u00e0 vie et zingu\u00e9s pour r\u00e9sister \u00e0 la corrosion. Mat\u00e9riaux standard : corps et capuchon AISI 1015, billes AISI 52100. Les versions sup\u00e9rieures en acier inoxydable &lsquo;A&rsquo; et &lsquo;SS&rsquo; comportent des billes AISI420 R\u00e9sistance aux chocs et corps. Les principales tailles de billes \u226519mm int\u00e8grent un joint en feutre pour limiter la contamination.<\/p>\n<p>Cette s\u00e9rie comporte un seul trou de drainage.<\/p>\n<p>Fixation plaque sup\u00e9rieure<\/p>\n<\/div>\n<div class=\"col-12 col-sm-7 col-xl-6 col-xxl-5\"><div class=\"grid-wrap\">\n<div class=\"row g-2 g-md-3 mb-2 mb-md-3\">\n<div class=\"col-4\">\n<div class=\"grid-item\"><img decoding=\"async\" loading=\"lazy\" src=\"https:\/\/www.omnitrack.com\/wp-content\/themes\/omnitrack2023\/images\/icon-low-friction.svg\" class=\"ico-icons-grid\" alt=\"Faible frottement\"  \/> Faible frottement<br \/>1 : 0,002  <small><\/small><\/div>\n<\/div>\n<div class=\"col-4\">\n<div class=\"grid-item\"><img decoding=\"async\" loading=\"lazy\" src=\"https:\/\/www.omnitrack.com\/wp-content\/themes\/omnitrack2023\/images\/icon-speed.svg\" class=\"ico-icons-grid\" alt=\"Vitesse\"  \/> Vitesse<br \/>1.5m\/sec <small><\/small><\/div>\n<\/div>\n<div class=\"col-4\">\n<div class=\"grid-item\"><img decoding=\"async\" loading=\"lazy\" src=\"https:\/\/www.omnitrack.com\/wp-content\/themes\/omnitrack2023\/images\/icon-temperature.svg\" class=\"ico-icons-grid\" alt=\"Temp\u00e9rature\"  \/> Temp\u00e9rature<br \/>-30\/+100\u00baC <small><\/small><\/div>\n<\/div>\n<\/div>\n<div class=\"row g-2 g-md-3\">\n<div class=\"col-4\">\n<div class=\"grid-item\"><img decoding=\"async\" loading=\"lazy\" src=\"https:\/\/www.omnitrack.com\/wp-content\/themes\/omnitrack2023\/images\/icon-high-shock-resistence.svg\" class=\"ico-icons-grid\" alt=\"R\u00e9sistance aux chocs\"  \/> R\u00e9sistance aux chocs <small><\/small><\/div>\n<\/div>\n<div class=\"col-4\">\n<div class=\"grid-item\">\n<div><img decoding=\"async\" loading=\"lazy\" src=\"https:\/\/www.omnitrack.com\/wp-content\/themes\/omnitrack2023\/images\/icon-orientation-horizontal-up.webp\" class=\"ico-icons-grid\" alt=\"Orientation Horizontale \/ Haut\"  \/><\/div>\n<p>Orientation Horizontale \/ Haut <small><\/small><\/p>\n<\/div>\n<\/div>\n<\/div>\n<\/div>\n<\/div>\n<\/section>\n<section id=\"similiar-one\" class=\"row cpn-section pt-5 bg-lilac\"><div class=\"col\">\n<div class=\"pb-4\">\n<h2>Mod\u00e8les similaires \u00e0 forte charge:<\/h2>\n<p><!--div>[ omni_render_carousel acf=\"similar_heavy_duty_models\"]<\/div--><\/p>\n<div>\t<div class=\"omni-slider omni-carousel carousel-similar-models\" >\t<ul class=\"omni-slider-track\"><li>    <a href=\"https:\/\/www.omnitrack.com\/fr\/billes-de-manutention\/heavy-duty\/series-88-et-98-bille-avec-anneau-de-tolerance\/\"><img loading=\"lazy\" decoding=\"async\" width=\"150\" height=\"150\" src=\"https:\/\/www.omnitrack.com\/wp-content\/uploads\/2023\/03\/98-b.webp\" class=\"img-fluid\" alt=\"Nut\" srcset=\"https:\/\/www.omnitrack.com\/wp-content\/uploads\/2023\/03\/98-b.webp 600w, https:\/\/www.omnitrack.com\/wp-content\/uploads\/2023\/03\/98-b-300x300.webp 300w, https:\/\/www.omnitrack.com\/wp-content\/uploads\/2023\/03\/98-b-150x150.webp 150w, https:\/\/www.omnitrack.com\/wp-content\/uploads\/2023\/03\/98-b-100x100.webp 100w\" sizes=\"auto, (max-width: 150px) 100vw, 150px\" \/><h3>8810<\/h3><\/a><\/li><li>    <a href=\"https:\/\/www.omnitrack.com\/fr\/billes-de-manutention\/heavy-duty\/series-83-et-93-bille-a-collerette\/\"><img loading=\"lazy\" decoding=\"async\" width=\"150\" height=\"150\" src=\"https:\/\/www.omnitrack.com\/wp-content\/uploads\/2023\/03\/93_00.webp\" class=\"img-fluid\" alt=\"flange socket mounted\" srcset=\"https:\/\/www.omnitrack.com\/wp-content\/uploads\/2023\/03\/93_00.webp 800w, https:\/\/www.omnitrack.com\/wp-content\/uploads\/2023\/03\/93_00-300x300.webp 300w, https:\/\/www.omnitrack.com\/wp-content\/uploads\/2023\/03\/93_00-150x150.webp 150w, https:\/\/www.omnitrack.com\/wp-content\/uploads\/2023\/03\/93_00-768x768.webp 768w, https:\/\/www.omnitrack.com\/wp-content\/uploads\/2023\/03\/93_00-600x600.webp 600w, https:\/\/www.omnitrack.com\/wp-content\/uploads\/2023\/03\/93_00-100x100.webp 100w\" sizes=\"auto, (max-width: 150px) 100vw, 150px\" \/><h3>8300<\/h3><\/a><\/li><li>    <a href=\"https:\/\/www.omnitrack.com\/fr\/billes-de-manutention\/heavy-duty\/series-83-et-93-bille-a-collerette\/\"><img loading=\"lazy\" decoding=\"async\" width=\"150\" height=\"150\" src=\"https:\/\/www.omnitrack.com\/wp-content\/uploads\/2023\/03\/93_00.webp\" class=\"img-fluid\" alt=\"flange socket mounted\" srcset=\"https:\/\/www.omnitrack.com\/wp-content\/uploads\/2023\/03\/93_00.webp 800w, https:\/\/www.omnitrack.com\/wp-content\/uploads\/2023\/03\/93_00-300x300.webp 300w, https:\/\/www.omnitrack.com\/wp-content\/uploads\/2023\/03\/93_00-150x150.webp 150w, https:\/\/www.omnitrack.com\/wp-content\/uploads\/2023\/03\/93_00-768x768.webp 768w, https:\/\/www.omnitrack.com\/wp-content\/uploads\/2023\/03\/93_00-600x600.webp 600w, https:\/\/www.omnitrack.com\/wp-content\/uploads\/2023\/03\/93_00-100x100.webp 100w\" sizes=\"auto, (max-width: 150px) 100vw, 150px\" \/><h3>8320<\/h3><\/a><\/li><li>    <a href=\"https:\/\/www.omnitrack.com\/fr\/billes-de-manutention\/heavy-duty\/series-83-et-93-bille-a-collerette\/\"><img loading=\"lazy\" decoding=\"async\" width=\"150\" height=\"150\" src=\"https:\/\/www.omnitrack.com\/wp-content\/uploads\/2023\/03\/93_00.webp\" class=\"img-fluid\" alt=\"flange socket mounted\" srcset=\"https:\/\/www.omnitrack.com\/wp-content\/uploads\/2023\/03\/93_00.webp 800w, https:\/\/www.omnitrack.com\/wp-content\/uploads\/2023\/03\/93_00-300x300.webp 300w, https:\/\/www.omnitrack.com\/wp-content\/uploads\/2023\/03\/93_00-150x150.webp 150w, https:\/\/www.omnitrack.com\/wp-content\/uploads\/2023\/03\/93_00-768x768.webp 768w, https:\/\/www.omnitrack.com\/wp-content\/uploads\/2023\/03\/93_00-600x600.webp 600w, https:\/\/www.omnitrack.com\/wp-content\/uploads\/2023\/03\/93_00-100x100.webp 100w\" sizes=\"auto, (max-width: 150px) 100vw, 150px\" \/><h3>8330<\/h3><\/a><\/li><li>    <a href=\"https:\/\/www.omnitrack.com\/fr\/billes-de-manutention\/heavy-duty\/series-83-et-93-bille-a-collerette\/\"><img loading=\"lazy\" decoding=\"async\" width=\"150\" height=\"150\" src=\"https:\/\/www.omnitrack.com\/wp-content\/uploads\/2023\/03\/93.webp\" class=\"img-fluid\" alt=\"flange socket mounted\" srcset=\"https:\/\/www.omnitrack.com\/wp-content\/uploads\/2023\/03\/93.webp 800w, https:\/\/www.omnitrack.com\/wp-content\/uploads\/2023\/03\/93-300x300.webp 300w, https:\/\/www.omnitrack.com\/wp-content\/uploads\/2023\/03\/93-150x150.webp 150w, https:\/\/www.omnitrack.com\/wp-content\/uploads\/2023\/03\/93-768x768.webp 768w, https:\/\/www.omnitrack.com\/wp-content\/uploads\/2023\/03\/93-600x600.webp 600w, https:\/\/www.omnitrack.com\/wp-content\/uploads\/2023\/03\/93-100x100.webp 100w\" sizes=\"auto, (max-width: 150px) 100vw, 150px\" \/><h3>8340<\/h3><\/a><\/li><li>    <a href=\"https:\/\/www.omnitrack.com\/fr\/billes-de-manutention\/heavy-duty\/series-83-et-93-bille-a-collerette\/\"><img loading=\"lazy\" decoding=\"async\" width=\"150\" height=\"150\" src=\"https:\/\/www.omnitrack.com\/wp-content\/uploads\/2023\/03\/93.webp\" class=\"img-fluid\" alt=\"flange socket mounted\" srcset=\"https:\/\/www.omnitrack.com\/wp-content\/uploads\/2023\/03\/93.webp 800w, https:\/\/www.omnitrack.com\/wp-content\/uploads\/2023\/03\/93-300x300.webp 300w, https:\/\/www.omnitrack.com\/wp-content\/uploads\/2023\/03\/93-150x150.webp 150w, https:\/\/www.omnitrack.com\/wp-content\/uploads\/2023\/03\/93-768x768.webp 768w, https:\/\/www.omnitrack.com\/wp-content\/uploads\/2023\/03\/93-600x600.webp 600w, https:\/\/www.omnitrack.com\/wp-content\/uploads\/2023\/03\/93-100x100.webp 100w\" sizes=\"auto, (max-width: 150px) 100vw, 150px\" \/><h3>9321<\/h3><\/a><\/li>\t<\/ul><div class=\"omni-slider-controls\"><button class=\"omni-slider-prev\"><img src=\"https:\/\/www.omnitrack.com\/wp-content\/themes\/omnitrack2023\/images\/icon-arrow-blue-left.svg\" alt=\"Arrow left icon\" decoding=\"async\" loading=\"lazy\" alt=\"Arrow left icon\"><\/button> <button class=\"omni-slider-next\"><img src=\"https:\/\/www.omnitrack.com\/wp-content\/themes\/omnitrack2023\/images\/icon-arrow-blue-right.svg\" decoding=\"async\" loading=\"lazy\" alt=\"Arrow right icon\"><\/button><\/div><\/div><\/div>\n<\/div>\n<div class=\"row\"><ul class=\"col-12 col-sm-6 col-lg-7 blue-bullet mb-3 mb-sm-0\">\n<li>Capacit\u00e9 maximale dans toutes les directions.<\/li>\n<li>Bille forte charge, usin\u00e9e avec pr\u00e9cision.<\/li>\n<li>Conception \u00ab\u00a0piste sans fin\u00a0\u00bb &#8211; pr\u00e9cision optimale.<\/li>\n<li>Kits d&rsquo;entretien et pi\u00e8ces de rechange depuis 1954.<\/li>\n<\/ul>\n<div class=\"col-12 col-sm-6 col-lg-5\"><img loading=\"lazy\" decoding=\"async\" class=\"img-fluid alignnone wp-image-79745 size-full\" src=\"https:\/\/www.omnitrack.com\/wp-content\/uploads\/2024\/08\/2_year_warranty_fr.webp\" alt=\"Logo de garantie 2 ans\" width=\"401\" height=\"190\" \/><br \/><small class=\"d-block mt-3\">Sous r\u00e9serve de conditions d&rsquo;usage.<\/small><\/div>\n<\/div>\n<\/div>\n<\/section>\n<section id=\"cant-find\" class=\"row cpn-section py-5 two justify-content-between\"><div class=\"col-12 col-sm-6 col-lg-7 py-lg-4 pe-lg-5\">\n<h3 class=\"fontSize-2 fontSize-md-1\">Vous ne trouvez pas ce que vous cherchez?<\/h3>\n<p class=\"fontSize-4\">Essayez de rechercher des mots-cl\u00e9s, num\u00e9ros r\u00e9fr\u00e9rence, capacit\u00e8 de charge et types de fixation.<\/p>\n<div class=\"input-group\"><form class=\"form-search\"><div class=\"input-group\">  <input type=\"text\" name=\"s\" class=\"form-control field\" placeholder=\"Recherche de r\u00e9f\u00e8rence #\">  <input type=\"hidden\" name=\"post-type\" value=\"product\"><\/div><\/form><\/div>\n<\/div>\n<div class=\"col-12 col-sm-6 col-lg-5 py-lg-4 pt-4 pt-sm-0\">\n<h3 class=\"fontSize-2 fontSize-md-1\">Free technical advice<\/h3>\n<p class=\"fontSize-4\">Phone: <b><a href=\"tel:+330187210069\">+33 01 8721 0069<\/a><\/b><\/p>\n<p class=\"fontSize-4\">Email: <b><a href=\"mailto:info@omnitrack.com\">info@omnitrack.com<\/a><\/b><\/p>\n<div class=\"mt-4\"> <a class=\"btn-ot green me-2 mb-3 mb-md-0 w100-mobile\" href=\"https:\/\/wa.me\/447759128207\" target=\"_blank\" rel=\"noopener\"><img decoding=\"async\" loading=\"lazy\" src=\"https:\/\/www.omnitrack.com\/wp-content\/themes\/omnitrack2023\/images\/icon-whatsapp.svg\"  alt=\"WhatsApp Omnitrack\"  \/> WhatsApp<\/a> <a class=\"btn-ot w100-mobile\" href=\"https:\/\/calendly.com\/omnitrack\/15min\" target=\"_blank\" rel=\"noopener\"><img decoding=\"async\" loading=\"lazy\" src=\"https:\/\/www.omnitrack.com\/wp-content\/themes\/omnitrack2023\/images\/icon-schedule.svg\"  alt=\"Planifier un appel t\u00e9l\u00e9phonique avec Omnitrack\"  \/> Planifier un appel<\/a><\/div>\n<\/div>\n<\/section>\n","protected":false},"excerpt":{"rendered":"<p>[omni_render_table class-container=\u00a0\u00bbtable-scroll table-mobi\u00a0\u00bb] Voir \u00e9galement Les billes de manutention de la s\u00e9rie MS avec collerette sont usin\u00e9es en acier massif et c\u00e9ment\u00e9es pour une meilleure r\u00e9sistance \u00e0 l&rsquo;usure. Le capuchon sup\u00e9rieur renforc\u00e9 en acier usin\u00e9 prot\u00e8ge contre les chocs dus \u00e0 un mauvais alignement de l&rsquo;objet transport\u00e9. Lubrifi\u00e9s \u00e0 vie et zingu\u00e9s pour r\u00e9sister \u00e0 [&hellip;]<\/p>\n","protected":false},"author":7,"featured_media":0,"parent":93505,"menu_order":0,"comment_status":"closed","ping_status":"closed","template":"page-series-medium-duty.php","meta":{"inline_featured_image":false,"footnotes":""},"class_list":["post-93523","page","type-page","status-publish","hentry"],"acf":[],"_links":{"self":[{"href":"https:\/\/www.omnitrack.com\/fr\/wp-json\/wp\/v2\/pages\/93523","targetHints":{"allow":["GET"]}}],"collection":[{"href":"https:\/\/www.omnitrack.com\/fr\/wp-json\/wp\/v2\/pages"}],"about":[{"href":"https:\/\/www.omnitrack.com\/fr\/wp-json\/wp\/v2\/types\/page"}],"author":[{"embeddable":true,"href":"https:\/\/www.omnitrack.com\/fr\/wp-json\/wp\/v2\/users\/7"}],"replies":[{"embeddable":true,"href":"https:\/\/www.omnitrack.com\/fr\/wp-json\/wp\/v2\/comments?post=93523"}],"version-history":[{"count":3,"href":"https:\/\/www.omnitrack.com\/fr\/wp-json\/wp\/v2\/pages\/93523\/revisions"}],"predecessor-version":[{"id":103253,"href":"https:\/\/www.omnitrack.com\/fr\/wp-json\/wp\/v2\/pages\/93523\/revisions\/103253"}],"up":[{"embeddable":true,"href":"https:\/\/www.omnitrack.com\/fr\/wp-json\/wp\/v2\/pages\/93505"}],"wp:attachment":[{"href":"https:\/\/www.omnitrack.com\/fr\/wp-json\/wp\/v2\/media?parent=93523"}],"curies":[{"name":"wp","href":"https:\/\/api.w.org\/{rel}","templated":true}]}}