{"id":93513,"date":"2023-02-08T00:55:32","date_gmt":"2023-02-08T00:55:32","guid":{"rendered":"https:\/\/www.omnitrack.com\/ball-transfer-units\/heavy-duty\/service-kits\/"},"modified":"2025-04-13T23:46:22","modified_gmt":"2025-04-13T23:46:22","slug":"kits-de-service","status":"publish","type":"page","link":"https:\/\/www.omnitrack.com\/fr\/billes-de-manutention\/heavy-duty\/kits-de-service\/","title":{"rendered":"Kits d&rsquo;entretien"},"content":{"rendered":"<section id=\"service-kits-one\" class=\"row cpn-section pb-4\"> <div class=\"col\"> <div class=\"row mb-3\"> <div class=\"col col-lg-5 col-xl-6 col-xxl-7 fontSize-4\"> <nav class=\"breadcrumb\"><\/nav> <h1>Kits d&rsquo;entretien<\/h1> <p>Les <a href=\"https:\/\/www.omnitrack.com\/fr\/billes-de-manutention\/\">billes de manutention<\/a> forte charge Omnitrack de la s\u00e9rie 9000 &#8211; En production continue depuis 1954. Remettez vos billes en \u00e9tat en quelques minutes gr\u00e2ce aux kits d&rsquo;entretien S1 et S2 qui offrent deux niveaux de composantes et des instructions de r\u00e9paration compl\u00e8te.<\/p> <p>Service de reconditionnement en usine pour les billes \u00e0 ressort et unit\u00e9s sur mesure, qui peuvent n\u00e9cessiter un outillage sp\u00e9cial pour un d\u00e9montage en toute s\u00e9curit\u00e9.<\/p> <p>Pour commander, fournissez-nous le num\u00e9ro de pi\u00e8ce, toute marque d&rsquo;identification et le kit d&rsquo;entretien requis, par ex. S1-9241. En cas de doute, <a href=\"https:\/\/www.omnitrack.com\/fr\/nous-contacter\/\">contactez-nous<\/a> pour agir vite!<\/p> <\/div> <div class=\"col col-lg-7 col-xl-6 col-xxl-5\"><img loading=\"lazy\" decoding=\"async\" class=\"img-fluid alignnone wp-image-79735 size-full\" src=\"https:\/\/www.omnitrack.com\/wp-content\/uploads\/2023\/03\/Service_Kits_3.webp\" alt=\"Kits de service\" width=\"469\" height=\"345\" srcset=\"https:\/\/www.omnitrack.com\/wp-content\/uploads\/2023\/03\/Service_Kits_3.webp 469w, https:\/\/www.omnitrack.com\/wp-content\/uploads\/2023\/03\/Service_Kits_3-300x221.webp 300w\" sizes=\"auto, (max-width: 469px) 100vw, 469px\" \/><\/div> <\/div> <div class=\"row text-center\"><div class=\"col\">\n<p><img loading=\"lazy\" decoding=\"async\" class=\"img-fluid alignnone wp-image-79738 size-full\" src=\"https:\/\/www.omnitrack.com\/wp-content\/uploads\/2023\/03\/service_kits-circlip.webp\" alt=\"Circlips kits d'entretien\" width=\"141\" height=\"140\" srcset=\"https:\/\/www.omnitrack.com\/wp-content\/uploads\/2023\/03\/service_kits-circlip.webp 141w, https:\/\/www.omnitrack.com\/wp-content\/uploads\/2023\/03\/service_kits-circlip-100x100.webp 100w\" sizes=\"auto, (max-width: 141px) 100vw, 141px\" \/><\/p>\n<h4 class=\"fontSize-5\">1 &#8211; Circlip<\/h4>\n<div><span class=\"tag blue\">S2<\/span><\/div>\n<p>&nbsp;<\/p>\n<\/div>\n<div class=\"col\">\n<p><img loading=\"lazy\" decoding=\"async\" class=\"img-fluid alignnone wp-image-79739 size-full\" src=\"https:\/\/www.omnitrack.com\/wp-content\/uploads\/2023\/03\/service_kits-top_cap.webp\" alt=\"Capuchon sup\u00e9rieur kit d'entretien\" width=\"141\" height=\"140\" srcset=\"https:\/\/www.omnitrack.com\/wp-content\/uploads\/2023\/03\/service_kits-top_cap.webp 141w, https:\/\/www.omnitrack.com\/wp-content\/uploads\/2023\/03\/service_kits-top_cap-100x100.webp 100w\" sizes=\"auto, (max-width: 141px) 100vw, 141px\" \/><\/p>\n<h4 class=\"fontSize-5\">2 &#8211; Rondelle sup\u00e9rieure<\/h4>\n<div>\u00a0<\/div>\n<p>&nbsp;<\/p>\n<\/div>\n<div class=\"col\">\n<p><img loading=\"lazy\" decoding=\"async\" class=\"img-fluid alignnone wp-image-79740 size-full\" src=\"https:\/\/www.omnitrack.com\/wp-content\/uploads\/2023\/03\/service_kits-felt_seal.webp\" alt=\"Joint en feutre Kits d'entretien\" width=\"141\" height=\"140\" srcset=\"https:\/\/www.omnitrack.com\/wp-content\/uploads\/2023\/03\/service_kits-felt_seal.webp 141w, https:\/\/www.omnitrack.com\/wp-content\/uploads\/2023\/03\/service_kits-felt_seal-100x100.webp 100w\" sizes=\"auto, (max-width: 141px) 100vw, 141px\" \/><\/p>\n<h4 class=\"fontSize-5\">3 &#8211; Joint \u00e0 feutre<\/h4>\n<div><span class=\"tag green\">S1<\/span><span class=\"tag blue\">S2<\/span><\/div>\n<p><small>(Bille \u00d8 &gt; 12.7mm)<\/small><\/p>\n<\/div>\n<div class=\"col\">\n<p><img loading=\"lazy\" decoding=\"async\" class=\"img-fluid alignnone wp-image-79741 size-full\" src=\"https:\/\/www.omnitrack.com\/wp-content\/uploads\/2023\/03\/service_kits-main_ball.webp\" alt=\"Bille principale Kits d'entretien\" width=\"141\" height=\"140\" srcset=\"https:\/\/www.omnitrack.com\/wp-content\/uploads\/2023\/03\/service_kits-main_ball.webp 141w, https:\/\/www.omnitrack.com\/wp-content\/uploads\/2023\/03\/service_kits-main_ball-100x100.webp 100w\" sizes=\"auto, (max-width: 141px) 100vw, 141px\" \/><\/p>\n<h4 class=\"fontSize-5\">4 &#8211; Bille principale<\/h4>\n<div><span class=\"tag green\">S1<\/span><span class=\"tag blue\">S2<\/span><\/div>\n<p>&nbsp;<\/p>\n<\/div>\n<div class=\"col\">\n<p><img loading=\"lazy\" decoding=\"async\" class=\"img-fluid alignnone wp-image-79742 size-full\" src=\"https:\/\/www.omnitrack.com\/wp-content\/uploads\/2023\/03\/service_kits-recirculating_balls.webp\" alt=\"Billes de recirculation Kits d'entretien\" width=\"141\" height=\"140\" srcset=\"https:\/\/www.omnitrack.com\/wp-content\/uploads\/2023\/03\/service_kits-recirculating_balls.webp 141w, https:\/\/www.omnitrack.com\/wp-content\/uploads\/2023\/03\/service_kits-recirculating_balls-100x100.webp 100w\" sizes=\"auto, (max-width: 141px) 100vw, 141px\" \/><\/p>\n<h4 class=\"fontSize-5\">5 &#8211; Billes de recirculation<\/h4>\n<div><span class=\"tag green\">S1<\/span><span class=\"tag blue\">S2<\/span><\/div>\n<p>&nbsp;<\/p>\n<\/div>\n<div class=\"col\">\n<p><img loading=\"lazy\" decoding=\"async\" class=\"img-fluid alignnone wp-image-79743 size-full\" src=\"https:\/\/www.omnitrack.com\/wp-content\/uploads\/2023\/03\/service_kits-retainer.webp\" alt=\"Anneau de retenue kits d'entretien\" width=\"141\" height=\"140\" srcset=\"https:\/\/www.omnitrack.com\/wp-content\/uploads\/2023\/03\/service_kits-retainer.webp 141w, https:\/\/www.omnitrack.com\/wp-content\/uploads\/2023\/03\/service_kits-retainer-100x100.webp 100w\" sizes=\"auto, (max-width: 141px) 100vw, 141px\" \/><\/p>\n<h4 class=\"fontSize-5\">6 &#8211; Bague de retenue<\/h4>\n<div><span class=\"tag blue\">S2<\/span><\/div>\n<p>&nbsp;<\/p>\n<\/div>\n<div class=\"col\">\n<p><img loading=\"lazy\" decoding=\"async\" class=\"img-fluid alignnone wp-image-79744 size-full\" src=\"https:\/\/www.omnitrack.com\/wp-content\/uploads\/2023\/03\/service_kits-table.webp\" alt=\"Table de kits d'entretien\" width=\"141\" height=\"140\" srcset=\"https:\/\/www.omnitrack.com\/wp-content\/uploads\/2023\/03\/service_kits-table.webp 141w, https:\/\/www.omnitrack.com\/wp-content\/uploads\/2023\/03\/service_kits-table-100x100.webp 100w\" sizes=\"auto, (max-width: 141px) 100vw, 141px\" \/><\/p>\n<h4 class=\"fontSize-5\">7 &#8211; Coupelle usin\u00e9e<\/h4>\n<div><span class=\"tag blue\">S2<\/span><\/div>\n<p>&nbsp;<\/p>\n<\/div>\n<\/div> <div class=\"row\"> <div><img loading=\"lazy\" decoding=\"async\" class=\"img-fluid d-sm-none alignnone wp-image-103337 size-full\" src=\"https:\/\/www.omnitrack.com\/wp-content\/uploads\/2023\/01\/FR-Service-Kits-Mobile-2.png\" alt=\"\" width=\"1062\" height=\"113\" srcset=\"https:\/\/www.omnitrack.com\/wp-content\/uploads\/2023\/01\/FR-Service-Kits-Mobile-2.png 1062w, https:\/\/www.omnitrack.com\/wp-content\/uploads\/2023\/01\/FR-Service-Kits-Mobile-2-300x32.png 300w, https:\/\/www.omnitrack.com\/wp-content\/uploads\/2023\/01\/FR-Service-Kits-Mobile-2-1024x109.png 1024w, https:\/\/www.omnitrack.com\/wp-content\/uploads\/2023\/01\/FR-Service-Kits-Mobile-2-768x82.png 768w, https:\/\/www.omnitrack.com\/wp-content\/uploads\/2023\/01\/FR-Service-Kits-Mobile-2-600x64.png 600w\" sizes=\"auto, (max-width: 1062px) 100vw, 1062px\" \/><\/div> <div><img loading=\"lazy\" decoding=\"async\" class=\"img-fluid d-none d-sm-inline-block alignnone wp-image-103273 size-full\" src=\"https:\/\/www.omnitrack.com\/wp-content\/uploads\/2024\/03\/Kits-de-service-1.png\" alt=\"Kits de service\" width=\"2000\" height=\"119\" srcset=\"https:\/\/www.omnitrack.com\/wp-content\/uploads\/2024\/03\/Kits-de-service-1.png 2000w, https:\/\/www.omnitrack.com\/wp-content\/uploads\/2024\/03\/Kits-de-service-1-300x18.png 300w, https:\/\/www.omnitrack.com\/wp-content\/uploads\/2024\/03\/Kits-de-service-1-1024x61.png 1024w, https:\/\/www.omnitrack.com\/wp-content\/uploads\/2024\/03\/Kits-de-service-1-768x46.png 768w, https:\/\/www.omnitrack.com\/wp-content\/uploads\/2024\/03\/Kits-de-service-1-1536x91.png 1536w, https:\/\/www.omnitrack.com\/wp-content\/uploads\/2024\/03\/Kits-de-service-1-600x36.png 600w\" sizes=\"auto, (max-width: 2000px) 100vw, 2000px\" \/><\/div> <\/div> <div class=\"row\" style=\"margin-top: 40px;\"> <div class=\"ratio ratio-16x9\"><iframe title=\"YouTube video player\" frameborder=\"0\" allowfullscreen=\"allowfullscreen\" class=\" lozad\" data-src=\"https:\/\/www.youtube.com\/embed\/VrG0_ktmKHE?si=vKUquimQAEdlOTNF\"><\/iframe><\/div> <\/div> <\/div> <\/section> <div class=\"row cpn-section\"> <div class=\"col\"> <hr \/> <\/div> <\/div> <section class=\"row cpn-section pt-4 pb-5\"> <div class=\"col fontSize-4\"> <h2>Kits d&rsquo;entretien de billes de manutention Omnitrack<\/h2> <p>Restaurez rapidement les performances des <a href=\"https:\/\/www.omnitrack.com\/fr\/billes-de-manutention\/heavy-duty\/series-80-et-90-bille-encastrable\/\">billes de manutention de la s\u00e9rie 9000<\/a> en quelques minutes \u00e0 l&rsquo;aide des kits d&rsquo;entretien \u00ab S1 \u00bb et \u00ab S2 \u00bb \u2013 offrant 2 niveaux de pi\u00e8ces de rechange et des instructions de r\u00e9vision compl\u00e8tes.<\/p> <p>\u00a0\u00bb \u200b L&rsquo;utilisation des billes de manutention dans des conditions difficiles, voir extr\u00eames, nous proposons des kits de maintenance en stock. En cas de panne impr\u00e9vue, vous pouvez recommencer en quelques minutes, quelle que soit l\u2019\u00e9ventualit\u00e9.\u00a0\u00bb<\/p> <p>Les billes de manutention forte charge de la s\u00e9rie 9000 peuvent \u00eatre d\u00e9mont\u00e9s en toute s\u00e9curit\u00e9 en quelques minutes en suivant les instructions ou en regardant notre vid\u00e9o. Une fois le clip de retenue \u00ab\u00a0spirolox\u00a0\u00bb retir\u00e9, les composants peuvent facilement \u00eatre d\u00e9mont\u00e9s en retournant l&rsquo;unit\u00e9 sur un r\u00e9ceptacle appropri\u00e9. Le circlip spirolox est comme l\u2019anneau de retenue utilis\u00e9 pour de nombreux porte-cl\u00e9s, il est donc facile \u00e0 retirer et \u00e0 recycler plusieurs fois.<\/p> <p>Chacun des kits d&rsquo;entretien contient les pi\u00e8ces de rechange pertinentes, pr\u00e9-test\u00e9es et nettoy\u00e9es en usine, pr\u00eates \u00e0 \u00eatre r\u00e9assembl\u00e9es. Deux parties essentielles de l&rsquo;assemblage (selon le niveau de pi\u00e8ces de rechange que vous sp\u00e9cifiez) n\u00e9cessiteront toujours un nettoyage avant le remontage. Nous fabriquons depuis 1909 et nous nous engageons \u00e0 vous faire rouler !<\/p> <p>Nous nous engageons \u00e0 recycler les composants qui n&rsquo;ont pas \u00e9t\u00e9 soumis \u00e0 l&rsquo;usure car nous croyons qu&rsquo;il faut remplacer uniquement les pi\u00e8ces qui auront un effet n\u00e9gatif sur les performances. La conception intrins\u00e8quement robuste et le choix de mat\u00e9riaux de premi\u00e8re qualit\u00e9 le permettent.<\/p> <p>Nous proposons un service complet de reconditionnement en usine pour les billes \u00e0 ressort et personnalis\u00e9es, car celles-ci n\u00e9cessitent souvent un outillage special, pour un d\u00e9montage en toute s\u00e9curit\u00e9. Lorsque les clients ne peuvent pas renvoyer les billes \u00e0 ressort pour une remise \u00e0 neuf d&rsquo;origine en usine, nous avons convenu de \u00ab discuter et de parcourir \u00bb tout au long du processus de r\u00e9vision et d&rsquo;installation ou de remplacement des pi\u00e8ces. Nous devons savoir que vous disposez d\u2019un atelier convenablement \u00e9quip\u00e9 et dot\u00e9 d\u2019un personnel techniquement comp\u00e9tent, mais cela fait partie du service de vous aider lorsque nous le pouvons. Ce niveau de service t\u00e9moigne de notre engagement envers nos pr\u00e9cieux clients.<\/p> <p>Nos billes de manutention forte charge sont en production continue depuis 1954 et nous sommes fiers de nos archives techniques qui contiennent la plupart des dessins de tous les mod\u00e8les produits. Nous conservons \u00e9galement des conceptions sur mesure\/personnalis\u00e9es et sp\u00e9cialement r\u00e9alis\u00e9es pour une application ou un projet sp\u00e9cifique. Cela signifie que nous pouvons produire des kits d&rsquo;entretien avec des pi\u00e8ces de rechange d&rsquo;origine pour la plupart des mod\u00e8les.<\/p> <p>Pour commander, indiquez le num\u00e9ro de pi\u00e8ce d&rsquo;origine, toute marque d&rsquo;identification et les kits d&rsquo;entretien requis, par ex. S1-9241<\/p> <p>Si le num\u00e9ro de pi\u00e8ce n&rsquo;est pas visible ou pr\u00e9sent, nous pouvons g\u00e9n\u00e9ralement identifier la plupart des unit\u00e9s de notre \u00e9quipe d&rsquo;ing\u00e9nieurs dont la base de connaissances s&rsquo;\u00e9tend sur 4 g\u00e9n\u00e9rations. Une photo ou un croquis suffira g\u00e9n\u00e9ralement.<\/p> <p>En cas de doute, <a href=\"https:\/\/www.omnitrack.com\/fr\/nous-contacter\/\">contactez-nous<\/a> pour agir vite!<\/p> <\/div> <\/section> <section id=\"cant-find\" class=\"row cpn-section py-5 two justify-content-between\"><div class=\"col-12 col-sm-6 col-lg-7 py-lg-4 pe-lg-5\">\n<h3 class=\"fontSize-2 fontSize-md-1\">Vous ne trouvez pas ce que vous cherchez?<\/h3>\n<p class=\"fontSize-4\">Essayez de rechercher des mots-cl\u00e9s, num\u00e9ros r\u00e9fr\u00e9rence, capacit\u00e8 de charge et types de fixation.<\/p>\n<div class=\"input-group\"><form class=\"form-search\"><div class=\"input-group\">  <input type=\"text\" name=\"s\" class=\"form-control field\" placeholder=\"Recherche de r\u00e9f\u00e8rence #\">  <input type=\"hidden\" name=\"post-type\" value=\"product\"><\/div><\/form><\/div>\n<\/div>\n<div class=\"col-12 col-sm-6 col-lg-5 py-lg-4 pt-4 pt-sm-0\">\n<h3 class=\"fontSize-2 fontSize-md-1\">Free technical advice<\/h3>\n<p class=\"fontSize-4\">Phone: <b><a href=\"tel:+330187210069\">+33 01 8721 0069<\/a><\/b><\/p>\n<p class=\"fontSize-4\">Email: <b><a href=\"mailto:info@omnitrack.com\">info@omnitrack.com<\/a><\/b><\/p>\n<div class=\"mt-4\"> <a class=\"btn-ot green me-2 mb-3 mb-md-0 w100-mobile\" href=\"https:\/\/wa.me\/447759128207\" target=\"_blank\" rel=\"noopener\"><img decoding=\"async\" loading=\"lazy\" src=\"https:\/\/www.omnitrack.com\/wp-content\/themes\/omnitrack2023\/images\/icon-whatsapp.svg\"  alt=\"WhatsApp Omnitrack\"  \/> WhatsApp<\/a> <a class=\"btn-ot w100-mobile\" href=\"https:\/\/calendly.com\/omnitrack\/15min\" target=\"_blank\" rel=\"noopener\"><img decoding=\"async\" loading=\"lazy\" src=\"https:\/\/www.omnitrack.com\/wp-content\/themes\/omnitrack2023\/images\/icon-schedule.svg\"  alt=\"Planifier un appel t\u00e9l\u00e9phonique avec Omnitrack\"  \/> Planifier un appel<\/a><\/div>\n<\/div>\n<\/section> ","protected":false},"excerpt":{"rendered":"<p>Kits d&rsquo;entretien Les billes de manutention forte charge Omnitrack de la s\u00e9rie 9000 &#8211; En production continue depuis 1954. Remettez vos billes en \u00e9tat en quelques minutes gr\u00e2ce aux kits d&rsquo;entretien S1 et S2 qui offrent deux niveaux de composantes et des instructions de r\u00e9paration compl\u00e8te. Service de reconditionnement en usine pour les billes \u00e0 [&hellip;]<\/p>\n","protected":false},"author":7,"featured_media":0,"parent":93506,"menu_order":0,"comment_status":"closed","ping_status":"closed","template":"","meta":{"inline_featured_image":false,"footnotes":""},"class_list":["post-93513","page","type-page","status-publish","hentry"],"acf":[],"_links":{"self":[{"href":"https:\/\/www.omnitrack.com\/fr\/wp-json\/wp\/v2\/pages\/93513","targetHints":{"allow":["GET"]}}],"collection":[{"href":"https:\/\/www.omnitrack.com\/fr\/wp-json\/wp\/v2\/pages"}],"about":[{"href":"https:\/\/www.omnitrack.com\/fr\/wp-json\/wp\/v2\/types\/page"}],"author":[{"embeddable":true,"href":"https:\/\/www.omnitrack.com\/fr\/wp-json\/wp\/v2\/users\/7"}],"replies":[{"embeddable":true,"href":"https:\/\/www.omnitrack.com\/fr\/wp-json\/wp\/v2\/comments?post=93513"}],"version-history":[{"count":4,"href":"https:\/\/www.omnitrack.com\/fr\/wp-json\/wp\/v2\/pages\/93513\/revisions"}],"predecessor-version":[{"id":109095,"href":"https:\/\/www.omnitrack.com\/fr\/wp-json\/wp\/v2\/pages\/93513\/revisions\/109095"}],"up":[{"embeddable":true,"href":"https:\/\/www.omnitrack.com\/fr\/wp-json\/wp\/v2\/pages\/93506"}],"wp:attachment":[{"href":"https:\/\/www.omnitrack.com\/fr\/wp-json\/wp\/v2\/media?parent=93513"}],"curies":[{"name":"wp","href":"https:\/\/api.w.org\/{rel}","templated":true}]}}