{"id":93512,"date":"2023-03-07T18:59:04","date_gmt":"2023-03-07T18:59:04","guid":{"rendered":"https:\/\/www.omnitrack.com\/ball-transfer-units\/light-duty\/ball-transfer-rails\/"},"modified":"2024-09-06T15:08:12","modified_gmt":"2024-09-06T15:08:12","slug":"rails-a-billes","status":"publish","type":"page","link":"https:\/\/www.omnitrack.com\/fr\/billes-de-manutention\/gamme-legere\/rails-a-billes\/","title":{"rendered":"Rails \u00e0 billes"},"content":{"rendered":"<section id=\"product-presentation-one\" class=\"row cpn-section\">\n<div class=\"col\">\n<header class=\"row\">    <div class=\"col\">        <nav id=\"breadcrumb\">                    <\/nav>        <h1 class=\"fontSize-1\">Rails \u00e0 billes<\/h1>    <\/div>    <\/header>\n<div class=\"row list-images image-sizes is400\" data-material=\"ST_material\">\n<div class=\"col-auto col-md col-xxl-5\">\n<div class=\"img-default\"><img loading=\"lazy\" decoding=\"async\" class=\"alignnone wp-image-80310 size-full\" src=\"https:\/\/www.omnitrack.com\/wp-content\/uploads\/2024\/09\/diagram_R15_R22_R30_fr-1.webp\" alt=\"Rails De Convoyage \u00c0 Billes \" width=\"600\" height=\"600\" data-fullsrc=\"\" \/><\/div>\n<\/div>\n<div class=\"col-auto col-md col-xxl-5\">\n<div><img loading=\"lazy\" decoding=\"async\" class=\"alignnone wp-image-80314 size-full\" src=\"https:\/\/www.omnitrack.com\/wp-content\/uploads\/2023\/03\/Rail-trio.webp\" alt=\"Rails De Convoyage \u00c0 Billes\" width=\"600\" height=\"600\" data-fullsrc=\"\" srcset=\"https:\/\/www.omnitrack.com\/wp-content\/uploads\/2023\/03\/Rail-trio.webp 600w, https:\/\/www.omnitrack.com\/wp-content\/uploads\/2023\/03\/Rail-trio-300x300.webp 300w, https:\/\/www.omnitrack.com\/wp-content\/uploads\/2023\/03\/Rail-trio-150x150.webp 150w, https:\/\/www.omnitrack.com\/wp-content\/uploads\/2023\/03\/Rail-trio-100x100.webp 100w\" sizes=\"auto, (max-width: 600px) 100vw, 600px\" \/><\/div>\n<\/div>\n<\/div>\n<\/div>\n<div class=\"col sidebar-cpn\">\n<div class=\"row\">\n<div class=\"col\"><div class=\"box-material-upgrade\">        <div class=\"form-check ps-0\">        <div class=\"d-flex flex-row justify-content-between align-items-center\">            <label class=\"form-check-label pe-2\" for=\"materialUpgrade1\" style=\"width:calc(100% - 1.5rem)\" title=\"Standard Materials \u2013 Carbon steel balls, case hardened internal cap &amp; zinc-plated pressings.\">                <span class=\"fontSize-6\"><b>Mat\u00e9riaux standard<\/b> - Standard Materials \u2013 Carbon steel balls, case hardened internal cap & zinc-plated pressings.<\/span>            <\/label>            <input class=\"form-check-input inputCheck\" type=\"radio\" name=\"materialUpgrade\" id=\"materialUpgrade1\" checked=\"checked\" value=\"ST_material\">        <\/div>        <h4 class=\"fontSize-3 my-3\">Options de mat\u00e9riaux:<\/h4>        <div class=\"box-input-material-upgrade mb-2 d-flex flex-row justify-content-between\">            <label class=\"form-check-label pe-2\" for=\"materialUpgrade2\" style=\"width:calc(100% - 1.5rem)\"  title=\"Billes en acier inox, en acier carbone zingu\u00e9.\">                <span class=\"material material-A\">Billes en Inox<\/span>            <\/label>            <input class=\"form-check-input inputCheck\" type=\"radio\" name=\"materialUpgrade\" id=\"materialUpgrade2\"  value=\"A_material\">        <\/div>        <div class=\"box-input-material-upgrade mb-2 d-flex flex-row justify-content-between\">            <label class=\"form-check-label pe-2\" for=\"materialUpgrade4\" style=\"width:calc(100% - 1.5rem)\" title=\"Une Equipe d&#039;assistance technique mondiale.\">                <span class=\"material material-SS\">Tous les composants en Inox<\/span>            <\/label>            <input class=\"form-check-input inputCheck\" type=\"radio\" name=\"materialUpgrade\" id=\"materialUpgrade4\" value=\"SS_material\">        <\/div>        <div class=\"box-input-material-upgrade d-flex flex-row justify-content-between\">            <label class=\"form-check-label pe-2\" for=\"materialUpgrade5\" style=\"width:calc(100% - 1.5rem)\" title=\"Bille de charge en nylon, en acier carbone zingu\u00e9.\">                <span class=\"material material-D\">Nylon main ball<\/span>            <\/label>            <input class=\"form-check-input inputCheck\" type=\"radio\" name=\"materialUpgrade\" id=\"materialUpgrade5\"  value=\"D_material\">        <\/div>    <\/div><\/div><\/div>\n<\/div>\n<\/div>\n<\/section>\n<section id=\"part-table-one\" class=\"row cpn-section pb-4\">\n<div class=\"col\"><div class=\"switcher mt-3 mt-md-0 mx-2 me-sm-0 ms-sm-5\">    <div class=\"switcher-title\"><b>Conversion de Poids:<\/b> <\/span><\/div>    <button class=\"toggle-unit\" type=\"button\"><span class=\"switch-metric\">M\u00e9trique<\/span><span class=\"switch\"><\/span><span class=\"switch-imperial\">Imp\u00e9rial<\/span><\/button><\/div> [omni_render_table class-container=\u00a0\u00bbtable-scroll table-mobi\u00a0\u00bb]<\/div>\n<\/section>\n<section id=\"icons-grid-one\" class=\"row cpn-section\">\n<div class=\"col-12 col-md-5 fontSize-4\">\n<h2>Rails \u00e0 billes Omnitrack<\/h2>\n<p>Pour un plan de convoyage sur mesure et souple adapt\u00e9 \u00e0 votre application Id\u00e9al dans les applications de stockage, les rails peuvent \u00eatre install\u00e9s individuellement \u00e0 l&rsquo;aide de supports de fixation en option ou boulonn\u00e9s, avec ou sans entretoises, pour former une plateforme de convoyage instantan\u00e9ment. Longueurs standard de 400 mm et 600 mm pour int\u00e9gration rapide aux rouleaux de convoyeur existants. Unit\u00e9s de convoyage \u00e0 <a href=\"https:\/\/www.omnitrack.com\/fr\/ball-transfer-units\/\">billes<\/a> avec options d&rsquo;am\u00e9lioration de mat\u00e9riaux.<\/p>\n<\/div>\n<div class=\"col-12 col-md-7\"><img loading=\"lazy\" decoding=\"async\" class=\"img-fluid alignnone wp-image-79855 size-full\" src=\"https:\/\/www.omnitrack.com\/wp-content\/uploads\/2023\/03\/Rails-1.webp\" alt=\"Rails De Convoyage \u00c0 Billes\" width=\"1024\" height=\"500\" srcset=\"https:\/\/www.omnitrack.com\/wp-content\/uploads\/2023\/03\/Rails-1.webp 1024w, https:\/\/www.omnitrack.com\/wp-content\/uploads\/2023\/03\/Rails-1-300x146.webp 300w, https:\/\/www.omnitrack.com\/wp-content\/uploads\/2023\/03\/Rails-1-768x375.webp 768w, https:\/\/www.omnitrack.com\/wp-content\/uploads\/2023\/03\/Rails-1-600x293.webp 600w\" sizes=\"auto, (max-width: 1024px) 100vw, 1024px\" \/><\/div>\n<\/section>\n<div class=\"row cpn-section\">\n<div class=\"col\">\n<hr \/>\n<\/div>\n<\/div>\n<section class=\"row cpn-section align-items-center\">\n<div class=\"col-12 col-md-5 col-xl-6 col-xxl-6 text-center mb-3 mb-md-0\"><img loading=\"lazy\" decoding=\"async\" class=\"img-fluid alignnone wp-image-79856 size-full\" src=\"https:\/\/www.omnitrack.com\/wp-content\/uploads\/2024\/09\/fixing_brackets_fr.webp\" alt=\"Supports de fixation pour rails \u00e0 billes\" width=\"1038\" height=\"553\" \/><\/div>\n<div class=\"col-12 col-md-7 col-xl-6 col-xxl-6 ps-xxl-5 fontSize-3\">\n<h2>Supports de fixation<\/h2>\n<p>En option &#8211; Pi\u00e8ce # RB-1 (chacune)<\/p>\n<div class=\"lg download-container\"><button class=\"btn-download btn-table lilac-one\" type=\"button\" disabled>PDF<\/button> <button class=\"btn-download btn-table lilac-one\" type=\"button\" disabled>STEP<\/button><button class=\"btn-table orange-one btn-add-to-cart\" type=\"button\" data-action=\"add-to-cart\" data-post-id=\"92548\" data-sku=\"RB-1\" data-price=\"&lt;span class=&quot;woocommerce-Price-amount amount&quot;&gt;&lt;bdi&gt;11,19&lt;span class=&quot;woocommerce-Price-currencySymbol&quot;&gt;&euro;&lt;\/span&gt;&lt;\/bdi&gt;&lt;\/span&gt;\"  ><img decoding=\"async\" src=\"https:\/\/www.omnitrack.com\/wp-content\/themes\/omnitrack2023\/images\/cart-orange.svg\" alt=\"Cart icon\"> Ajouter au panier<\/button><\/div>\n<\/div>\n<\/section>\n<div class=\"row cpn-section\">\n<div class=\"col\">\n<hr \/>\n<\/div>\n<\/div>\n<section class=\"row cpn-section align-items-center\">\n<div class=\"col-12 col-md-5 col-xl-6 col-xxl-6 text-center mb-3 mb-md-0\"><img loading=\"lazy\" decoding=\"async\" class=\"img-fluid alignnone wp-image-79857 size-full\" src=\"https:\/\/www.omnitrack.com\/wp-content\/uploads\/2023\/03\/Spacer-Tubes.webp\" alt=\"Tubes d'espacement pour rails a billes\" width=\"1038\" height=\"553\" srcset=\"https:\/\/www.omnitrack.com\/wp-content\/uploads\/2023\/03\/Spacer-Tubes.webp 1038w, https:\/\/www.omnitrack.com\/wp-content\/uploads\/2023\/03\/Spacer-Tubes-300x160.webp 300w, https:\/\/www.omnitrack.com\/wp-content\/uploads\/2023\/03\/Spacer-Tubes-1024x546.webp 1024w, https:\/\/www.omnitrack.com\/wp-content\/uploads\/2023\/03\/Spacer-Tubes-768x409.webp 768w, https:\/\/www.omnitrack.com\/wp-content\/uploads\/2023\/03\/Spacer-Tubes-600x320.webp 600w\" sizes=\"auto, (max-width: 1038px) 100vw, 1038px\" \/><\/div>\n<div class=\"col-12 col-md-7 col-xl-6 col-xxl-6 ps-xxl-5 fontSize-3\">\n<h2>Tubes d&rsquo;\u00e9cartement<\/h2>\n<p>Joindre ou espacer les rails en utilisant des trous de passage de 10 mm de diam\u00e8tre. Tubes d&rsquo;\u00e9cartement coup\u00e9s \u00e0 la demande.<\/p>\n<\/div>\n<\/section>\n<div class=\"row cpn-section\">\n<div class=\"col\">\n<hr \/>\n<\/div>\n<\/div>\n<section id=\"also-consider\" class=\"row cpn-section pb-5\">\n<div class=\"col\">\n<div>\n<h2>Il faut \u00e9galement prendre en compte<\/h2>\n<div>\t<div class=\"omni-slider omni-carousel\" >\t<ul class=\"omni-slider-track\"><li>    <a href=\"https:\/\/www.omnitrack.com\/fr\/ball-transfer-units\/spring-loaded-t-b-bars\/t-b-bars\/\"><img loading=\"lazy\" decoding=\"async\" width=\"150\" height=\"150\" src=\"https:\/\/www.omnitrack.com\/wp-content\/uploads\/2023\/03\/TB-Bars.webp\" class=\"img-fluid\" alt=\"TB-Bars\" srcset=\"https:\/\/www.omnitrack.com\/wp-content\/uploads\/2023\/03\/TB-Bars.webp 600w, https:\/\/www.omnitrack.com\/wp-content\/uploads\/2023\/03\/TB-Bars-300x300.webp 300w, https:\/\/www.omnitrack.com\/wp-content\/uploads\/2023\/03\/TB-Bars-150x150.webp 150w, https:\/\/www.omnitrack.com\/wp-content\/uploads\/2023\/03\/TB-Bars-100x100.webp 100w\" sizes=\"auto, (max-width: 150px) 100vw, 150px\" \/><h3>Barres en T<\/h3><\/a><\/li><li>    <a href=\"https:\/\/www.omnitrack.com\/fr\/ball-transfer-units\/pneumatic-linear-rollers\/\"><img loading=\"lazy\" decoding=\"async\" width=\"150\" height=\"150\" src=\"https:\/\/www.omnitrack.com\/wp-content\/uploads\/2023\/03\/PW25_Up_Down.webp\" class=\"img-fluid\" alt=\"Transfer Unit\" srcset=\"https:\/\/www.omnitrack.com\/wp-content\/uploads\/2023\/03\/PW25_Up_Down.webp 600w, https:\/\/www.omnitrack.com\/wp-content\/uploads\/2023\/03\/PW25_Up_Down-300x300.webp 300w, https:\/\/www.omnitrack.com\/wp-content\/uploads\/2023\/03\/PW25_Up_Down-150x150.webp 150w, https:\/\/www.omnitrack.com\/wp-content\/uploads\/2023\/03\/PW25_Up_Down-100x100.webp 100w\" sizes=\"auto, (max-width: 150px) 100vw, 150px\" \/><h3>PW25<\/h3><\/a><\/li><li>    <a href=\"https:\/\/www.omnitrack.com\/fr\/ball-transfer-units\/light-duty\/lf-series-flange-mounted\/\"><img loading=\"lazy\" decoding=\"async\" width=\"150\" height=\"150\" src=\"https:\/\/www.omnitrack.com\/wp-content\/uploads\/2023\/03\/LF-25.webp\" class=\"img-fluid\" alt=\"Nut\" srcset=\"https:\/\/www.omnitrack.com\/wp-content\/uploads\/2023\/03\/LF-25.webp 600w, https:\/\/www.omnitrack.com\/wp-content\/uploads\/2023\/03\/LF-25-300x300.webp 300w, https:\/\/www.omnitrack.com\/wp-content\/uploads\/2023\/03\/LF-25-150x150.webp 150w, https:\/\/www.omnitrack.com\/wp-content\/uploads\/2023\/03\/LF-25-100x100.webp 100w\" sizes=\"auto, (max-width: 150px) 100vw, 150px\" \/><h3>LF25<\/h3><\/a><\/li><li>    <a href=\"https:\/\/www.omnitrack.com\/fr\/ball-transfer-units\/heavy-duty\/86-96-series-spring-loaded-flange-socket\/\"><img loading=\"lazy\" decoding=\"async\" width=\"150\" height=\"150\" src=\"https:\/\/www.omnitrack.com\/wp-content\/uploads\/2023\/03\/96.webp\" class=\"img-fluid\" alt=\"flange mounted spring loaded\" srcset=\"https:\/\/www.omnitrack.com\/wp-content\/uploads\/2023\/03\/96.webp 800w, https:\/\/www.omnitrack.com\/wp-content\/uploads\/2023\/03\/96-300x300.webp 300w, https:\/\/www.omnitrack.com\/wp-content\/uploads\/2023\/03\/96-150x150.webp 150w, https:\/\/www.omnitrack.com\/wp-content\/uploads\/2023\/03\/96-768x768.webp 768w, https:\/\/www.omnitrack.com\/wp-content\/uploads\/2023\/03\/96-600x600.webp 600w, https:\/\/www.omnitrack.com\/wp-content\/uploads\/2023\/03\/96-100x100.webp 100w\" sizes=\"auto, (max-width: 150px) 100vw, 150px\" \/><h3>S\u00e9ries 96<\/h3><\/a><\/li><li>    <a href=\"https:\/\/www.omnitrack.com\/fr\/ball-transfer-units\/pneumatic-rails\/\"><img loading=\"lazy\" decoding=\"async\" width=\"150\" height=\"150\" src=\"https:\/\/www.omnitrack.com\/wp-content\/uploads\/2023\/03\/Pneumatic_Rails.webp\" class=\"img-fluid\" alt=\"pneumatic rails\" srcset=\"https:\/\/www.omnitrack.com\/wp-content\/uploads\/2023\/03\/Pneumatic_Rails.webp 420w, https:\/\/www.omnitrack.com\/wp-content\/uploads\/2023\/03\/Pneumatic_Rails-300x300.webp 300w, https:\/\/www.omnitrack.com\/wp-content\/uploads\/2023\/03\/Pneumatic_Rails-150x150.webp 150w, https:\/\/www.omnitrack.com\/wp-content\/uploads\/2023\/03\/Pneumatic_Rails-100x100.webp 100w\" sizes=\"auto, (max-width: 150px) 100vw, 150px\" \/><h3>PB25 \/ PS25<\/h3><\/a><\/li><li>    <a href=\"https:\/\/www.omnitrack.com\/fr\/ball-transfer-units\/light-duty\/l-series-push-fit-clip-fixing-range\/\"><img loading=\"lazy\" decoding=\"async\" width=\"150\" height=\"150\" src=\"https:\/\/www.omnitrack.com\/wp-content\/uploads\/2023\/03\/L.webp\" class=\"img-fluid\" alt=\"all plastic and clip fixing range diagram\" srcset=\"https:\/\/www.omnitrack.com\/wp-content\/uploads\/2023\/03\/L.webp 800w, https:\/\/www.omnitrack.com\/wp-content\/uploads\/2023\/03\/L-300x300.webp 300w, https:\/\/www.omnitrack.com\/wp-content\/uploads\/2023\/03\/L-150x150.webp 150w, https:\/\/www.omnitrack.com\/wp-content\/uploads\/2023\/03\/L-768x768.webp 768w, https:\/\/www.omnitrack.com\/wp-content\/uploads\/2023\/03\/L-600x600.webp 600w, https:\/\/www.omnitrack.com\/wp-content\/uploads\/2023\/03\/L-100x100.webp 100w\" sizes=\"auto, (max-width: 150px) 100vw, 150px\" \/><h3>L30<\/h3><\/a><\/li>\t<\/ul><div class=\"omni-slider-controls\"><button class=\"omni-slider-prev\"><img src=\"https:\/\/www.omnitrack.com\/wp-content\/themes\/omnitrack2023\/images\/icon-arrow-blue-left.svg\" alt=\"Arrow left icon\" decoding=\"async\" loading=\"lazy\" alt=\"Arrow left icon\"><\/button> <button class=\"omni-slider-next\"><img src=\"https:\/\/www.omnitrack.com\/wp-content\/themes\/omnitrack2023\/images\/icon-arrow-blue-right.svg\" decoding=\"async\" loading=\"lazy\" alt=\"Arrow right icon\"><\/button><\/div><\/div><\/div>\n<\/div>\n<\/div>\n<\/section>\n<section id=\"cant-find\" class=\"row cpn-section py-5 two justify-content-between\"><div class=\"col-12 col-sm-6 col-lg-7 py-lg-4 pe-lg-5\">\n<h3 class=\"fontSize-2 fontSize-md-1\">Vous ne trouvez pas ce que vous cherchez?<\/h3>\n<p class=\"fontSize-4\">Essayez de rechercher des mots-cl\u00e9s, num\u00e9ros r\u00e9fr\u00e9rence, capacit\u00e8 de charge et types de fixation.<\/p>\n<div class=\"input-group\"><form class=\"form-search\"><div class=\"input-group\">  <input type=\"text\" name=\"s\" class=\"form-control field\" placeholder=\"Recherche de r\u00e9f\u00e8rence #\">  <input type=\"hidden\" name=\"post-type\" value=\"product\"><\/div><\/form><\/div>\n<\/div>\n<div class=\"col-12 col-sm-6 col-lg-5 py-lg-4 pt-4 pt-sm-0\">\n<h3 class=\"fontSize-2 fontSize-md-1\">Free technical advice<\/h3>\n<p class=\"fontSize-4\">Phone: <b><a href=\"tel:+330187210069\">+33 01 8721 0069<\/a><\/b><\/p>\n<p class=\"fontSize-4\">Email: <b><a href=\"mailto:info@omnitrack.com\">info@omnitrack.com<\/a><\/b><\/p>\n<div class=\"mt-4\"> <a class=\"btn-ot green me-2 mb-3 mb-md-0 w100-mobile\" href=\"https:\/\/wa.me\/447759128207\" target=\"_blank\" rel=\"noopener\"><img decoding=\"async\" loading=\"lazy\" src=\"https:\/\/www.omnitrack.com\/wp-content\/themes\/omnitrack2023\/images\/icon-whatsapp.svg\"  alt=\"WhatsApp Omnitrack\"  \/> WhatsApp<\/a> <a class=\"btn-ot w100-mobile\" href=\"https:\/\/calendly.com\/omnitrack\/15min\" target=\"_blank\" rel=\"noopener\"><img decoding=\"async\" loading=\"lazy\" src=\"https:\/\/www.omnitrack.com\/wp-content\/themes\/omnitrack2023\/images\/icon-schedule.svg\"  alt=\"Planifier un appel t\u00e9l\u00e9phonique avec Omnitrack\"  \/> Planifier un appel<\/a><\/div>\n<\/div>\n<\/section>\n","protected":false},"excerpt":{"rendered":"<p>[omni_render_table class-container=\u00a0\u00bbtable-scroll table-mobi\u00a0\u00bb] Rails \u00e0 billes Omnitrack Pour un plan de convoyage sur mesure et souple adapt\u00e9 \u00e0 votre application Id\u00e9al dans les applications de stockage, les rails peuvent \u00eatre install\u00e9s individuellement \u00e0 l&rsquo;aide de supports de fixation en option ou boulonn\u00e9s, avec ou sans entretoises, pour former une plateforme de convoyage instantan\u00e9ment. Longueurs standard [&hellip;]<\/p>\n","protected":false},"author":7,"featured_media":0,"parent":93504,"menu_order":0,"comment_status":"closed","ping_status":"closed","template":"page-ball-transfer-rails.php","meta":{"inline_featured_image":false,"footnotes":""},"class_list":["post-93512","page","type-page","status-publish","hentry"],"acf":[],"_links":{"self":[{"href":"https:\/\/www.omnitrack.com\/fr\/wp-json\/wp\/v2\/pages\/93512","targetHints":{"allow":["GET"]}}],"collection":[{"href":"https:\/\/www.omnitrack.com\/fr\/wp-json\/wp\/v2\/pages"}],"about":[{"href":"https:\/\/www.omnitrack.com\/fr\/wp-json\/wp\/v2\/types\/page"}],"author":[{"embeddable":true,"href":"https:\/\/www.omnitrack.com\/fr\/wp-json\/wp\/v2\/users\/7"}],"replies":[{"embeddable":true,"href":"https:\/\/www.omnitrack.com\/fr\/wp-json\/wp\/v2\/comments?post=93512"}],"version-history":[{"count":3,"href":"https:\/\/www.omnitrack.com\/fr\/wp-json\/wp\/v2\/pages\/93512\/revisions"}],"predecessor-version":[{"id":106332,"href":"https:\/\/www.omnitrack.com\/fr\/wp-json\/wp\/v2\/pages\/93512\/revisions\/106332"}],"up":[{"embeddable":true,"href":"https:\/\/www.omnitrack.com\/fr\/wp-json\/wp\/v2\/pages\/93504"}],"wp:attachment":[{"href":"https:\/\/www.omnitrack.com\/fr\/wp-json\/wp\/v2\/media?parent=93512"}],"curies":[{"name":"wp","href":"https:\/\/api.w.org\/{rel}","templated":true}]}}