{"id":93511,"date":"2023-02-08T00:42:45","date_gmt":"2023-02-08T00:42:45","guid":{"rendered":"https:\/\/www.omnitrack.com\/wheels-castors\/omniwheels-accessories\/"},"modified":"2024-09-29T16:14:22","modified_gmt":"2024-09-29T16:14:22","slug":"omniwheels-accessories","status":"publish","type":"page","link":"https:\/\/www.omnitrack.com\/fr\/roues-et-roulettes\/omniwheels-accessories\/","title":{"rendered":"Omniwheels &#038; accessories"},"content":{"rendered":"<section class=\"row cpn-section\">\n<div class=\"col-12 col-md-6 col-lg-7\">\n<div><header class=\"row\">    <div class=\"col\">        <nav id=\"breadcrumb\">                    <\/nav>        <h1 class=\"fontSize-1\">Omniwheels &#038; accessories<\/h1>    <\/div>    <\/header><\/div>\n<div>\n<p>Les Omniwheels sont dot\u00e9s de rouleaux p\u00e9riph\u00e9riques qui permettent un mouvement \u00e0 360 degr\u00e9s et soutiennent les articles de forme irr\u00e9guli\u00e8re. Id\u00e9ales pour les lignes d&rsquo;assemblage et d&rsquo;inspection, l&rsquo;alimentation des machines et les zones d&#8217;emballage.<\/p>\n<p>Syst\u00e8mes de tri automatique et motoris\u00e9 disponibles &#8211; <a href=\"https:\/\/www.omnitrack.com\/fr\/nous-contacter\/\">Contactez-nous<\/a>.<\/p>\n<p><img loading=\"lazy\" decoding=\"async\" class=\"img-fluid rounded alignnone wp-image-79822 size-full\" src=\"https:\/\/www.omnitrack.com\/wp-content\/uploads\/2023\/03\/omniwheels-accessories-2.webp\" alt=\"Omniwheels\" width=\"900\" height=\"317\" srcset=\"https:\/\/www.omnitrack.com\/wp-content\/uploads\/2023\/03\/omniwheels-accessories-2.webp 900w, https:\/\/www.omnitrack.com\/wp-content\/uploads\/2023\/03\/omniwheels-accessories-2-300x106.webp 300w, https:\/\/www.omnitrack.com\/wp-content\/uploads\/2023\/03\/omniwheels-accessories-2-768x271.webp 768w, https:\/\/www.omnitrack.com\/wp-content\/uploads\/2023\/03\/omniwheels-accessories-2-600x211.webp 600w\" sizes=\"auto, (max-width: 900px) 100vw, 900px\" \/><\/p>\n<\/div>\n<\/div>\n<div class=\"col-12 col-md-6 col-lg-5 d-flex align-items-end\"><div class=\"grid-wrap\">\n<div class=\"row g-2 g-md-3 mb-2 mb-md-3\">\n<div class=\"col-4\">\n<div class=\"grid-item\"><img decoding=\"async\" loading=\"lazy\" src=\"https:\/\/www.omnitrack.com\/wp-content\/themes\/omnitrack2023\/images\/icon-feather.svg\" class=\"ico-icons-grid\" alt=\"Manipulation d\u00e9licate\"  \/>Manipulation d\u00e9licate<small><\/small><\/div>\n<\/div>\n<div class=\"col-4\">\n<div class=\"grid-item\"><img decoding=\"async\" loading=\"lazy\" src=\"https:\/\/www.omnitrack.com\/wp-content\/themes\/omnitrack2023\/images\/icon-speed.svg\" class=\"ico-icons-grid\" alt=\"Vitesse\"  \/>Vitesse<br \/>1m\/sec<small><\/small><\/div>\n<\/div>\n<div class=\"col-4\">\n<div class=\"grid-item\"><img decoding=\"async\" loading=\"lazy\" src=\"https:\/\/www.omnitrack.com\/wp-content\/themes\/omnitrack2023\/images\/icon-temperature.svg\" class=\"ico-icons-grid\" alt=\"Temp\u00e9rature\"  \/>Temp\u00e9rature<br \/>-20\/+100\u00b0C<small><\/small><\/div>\n<\/div>\n<\/div>\n<div class=\"row g-2 g-md-3\">\n<div class=\"col-4\">\n<div class=\"grid-item\"><img decoding=\"async\" loading=\"lazy\" src=\"https:\/\/www.omnitrack.com\/wp-content\/themes\/omnitrack2023\/images\/icon-magnet.svg\" class=\"ico-icons-grid\" alt=\"Construction non magn\u00e9tique\"  \/>Construction non magn\u00e9tique<small><\/small><\/div>\n<\/div>\n<div class=\"col-4\">\n<div class=\"grid-item\"><img decoding=\"async\" loading=\"lazy\" src=\"https:\/\/www.omnitrack.com\/wp-content\/themes\/omnitrack2023\/images\/icon-irregular-objects.svg\" class=\"ico-icons-grid\" alt=\"icon-irregular-objects\"  \/>Objets irr\u00e9guliers et d\u00e9formables<small><\/small><\/div>\n<\/div>\n<div class=\"col-4\">\n<div class=\"grid-item\"><img decoding=\"async\" loading=\"lazy\" src=\"https:\/\/www.omnitrack.com\/wp-content\/themes\/omnitrack2023\/images\/icon-washdown.svg\" class=\"ico-icons-grid\" alt=\"Environnement humide \/ D\u00e9bris de salet\u00e9\"  \/>Environnement humide \/ D\u00e9bris de salet\u00e9<small><\/small><\/div>\n<\/div>\n<\/div>\n<\/div>\n<\/div>\n<\/section>\n<section id=\"omniwheels-series\" class=\"row cpn-section g-sm-2 g-lg-3 align-items-center justify-content-sm-center justify-content-md-between flex-column flex-sm-row pb-3 pt-4 pt-sm-0\"><div class=\"col-auto text-center\">\n<figure class=\"d-flex align-items-end\"><img loading=\"lazy\" decoding=\"async\" width=\"141\" height=\"122\" class=\"alignnone img-fluid img-ow-1 size-full wp-image-79730\" src=\"https:\/\/www.omnitrack.com\/wp-content\/uploads\/2023\/03\/Diagram_OW48_OW80-1.webp\" alt=\"Diagramme OW48 OW80\"><\/figure>\n<p><strong>OW48-1-(X)-(Y)<\/strong><br \/><strong>OW80-1-(X)-(Y)<\/strong><\/p>\n<\/div>\n<div class=\"col-auto text-center\">\n<figure class=\"d-flex align-items-end\"><img loading=\"lazy\" decoding=\"async\" width=\"141\" height=\"150\" class=\"alignnone img-fluid img-ow-2 size-full wp-image-79183\" src=\"https:\/\/www.omnitrack.com\/wp-content\/uploads\/2023\/03\/Diagram_OW35_OW50.webp\" alt=\"Diagramme OW35 OW50\"><\/figure>\n<p><strong>OW35-2-(X)-(Y)<\/strong><br \/><strong>OW50-2-(X)-(Y)<\/strong><\/p>\n<\/div>\n<div class=\"col-auto text-center\">\n<figure class=\"d-flex align-items-end\"><img loading=\"lazy\" decoding=\"async\" width=\"181\" height=\"214\" class=\"alignnone img-fluid img-ow-3 size-full wp-image-79226\" src=\"https:\/\/www.omnitrack.com\/wp-content\/uploads\/2023\/03\/Diagram_OW90.webp\" alt=\"Diagramme OW90\"><\/figure>\n<p><strong>OW90-2-(X)-(Y)<\/strong><\/p>\n<\/div>\n<div class=\"col-auto text-center\">\n<figure class=\"d-flex align-items-end\"><img loading=\"lazy\" decoding=\"async\" width=\"221\" height=\"257\" class=\"alignnone img-fluid img-ow-4 size-full wp-image-79733\" src=\"https:\/\/www.omnitrack.com\/wp-content\/uploads\/2023\/03\/Diagram_OW125.webp\" alt=\"Diagramme OW125\"><\/figure>\n<p><strong>OW125-3-(X)-(Y)<\/strong><\/p>\n<\/div>\n<div class=\"col-auto text-center\">\n<figure class=\"d-flex align-items-end\"><img loading=\"lazy\" decoding=\"async\" width=\"281\" height=\"320\" class=\"alignnone img-fluid img-ow-5 size-full wp-image-79734\" src=\"https:\/\/www.omnitrack.com\/wp-content\/uploads\/2023\/03\/Diagram_OW180.webp\" alt=\"Diagramme OW180\" srcset=\"https:\/\/www.omnitrack.com\/wp-content\/uploads\/2023\/03\/Diagram_OW180.webp 281w, https:\/\/www.omnitrack.com\/wp-content\/uploads\/2023\/03\/Diagram_OW180-263x300.webp 263w\" sizes=\"auto, (max-width: 281px) 100vw, 281px\" \/><\/figure>\n<p><strong>OW180-2-(X)-(Y)<\/strong><\/p>\n<\/div>\n<\/section>\n<div class=\"row cpn-section\">\n<div class=\"col\">\n<hr \/>\n<\/div>\n<\/div>\n<section class=\"row cpn-section\">\n<div class=\"col\">\n<div>\n<h2>(X) Mat\u00e9riaux des rouleaux &amp; Charge<\/h2>\n<ul class=\"fontSize-3 blue-bullet mb-4 fontSize-4 fontSize-md-3\">\n<li>Les charges lourdes exigent une duret\u00e9 de rouleau Shore A plus \u00e9lev\u00e9e. Les mat\u00e9riaux plus souples et amortissants compromettent la capacit\u00e9 de charge.<\/li>\n<li>Les mod\u00e8les OW48 et OW80 sont \u00e9quip\u00e9s d&rsquo;essieux en acier inoxydable, les autres mod\u00e8les sont en plastique non magn\u00e9tique, sauf en cas d&rsquo;option de moyeu \u00e0 centre de roulement.<\/li>\n<li>Pour les v\u00e9los Brompton, choisissez \u00ab\u00a0OW50-2-95-B2\u00a0\u00bb. Boulon M6, \u00e9crou et rondelles sont fournis gratuitement pour faciliter le montage sur le v\u00e9lo Brompton.<\/li>\n<\/ul>\n<h3 class=\"mb-3 mt-1\">\u00c9tape 1 : S\u00e9lection de la dimension, de la charge et de la duret\u00e9 de l&rsquo;Omniwheel<\/h3>\n<div class=\"row mb-5\">\n<div class=\"col col-lg-8 pe-4 mb-4 mb-sm-0\"><div class=\"switcher mt-3 mt-md-0 mx-2 me-sm-0 ms-sm-5\">    <div class=\"switcher-title\"><b>Conversion de Poids:<\/b> <\/span><\/div>    <button class=\"toggle-unit\" type=\"button\"><span class=\"switch-metric\">M\u00e9trique<\/span><span class=\"switch\"><\/span><span class=\"switch-imperial\">Imp\u00e9rial<\/span><\/button><\/div> [omni_render_table]<\/div>\n<div class=\"col col-lg-4 mt-2\">\n<h4>Duret\u00e9 rive A &#8211; Exemple d&rsquo;article:<\/h4>\n<div class=\"table-border mb-5\">\n<table id=\"omniwheels-hardness-table\">\n<thead>\n<tr>\n<th>35<\/th>\n<th>85<\/th>\n<th>95<\/th>\n<th>99<\/th>\n<\/tr>\n<\/thead>\n<tbody>\n<tr>\n<td><img loading=\"lazy\" decoding=\"async\" class=\"alignnone wp-image-79823 size-full\" style=\"margin-left: -0.75rem;\" src=\"https:\/\/www.omnitrack.com\/wp-content\/uploads\/2023\/03\/Omniwheel_Materials_Pencil_Eraser.webp\" alt=\"Gomme \u00e0 crayon\" width=\"80\" height=\"80\" \/> <small>Gomme \u00e0 crayon<\/small><\/td>\n<td><img loading=\"lazy\" decoding=\"async\" class=\"alignnone wp-image-79824 size-full\" src=\"https:\/\/www.omnitrack.com\/wp-content\/uploads\/2023\/03\/Omniwheel_Materials_Shoe_Heel.webp\" alt=\"Montrer le talon\" width=\"80\" height=\"80\" \/> <small>Montrer le talon<\/small><\/td>\n<td><img loading=\"lazy\" decoding=\"async\" class=\"alignnone wp-image-79825 size-full\" src=\"https:\/\/www.omnitrack.com\/wp-content\/uploads\/2023\/03\/Omniwheel_Materials_Skater.webp\" alt=\"Roue de skateboard\" width=\"80\" height=\"80\" \/> <small>Roue de skateboard<\/small><\/td>\n<td><img loading=\"lazy\" decoding=\"async\" class=\"alignnone wp-image-79826 size-full\" src=\"https:\/\/www.omnitrack.com\/wp-content\/uploads\/2023\/03\/Omniwheel_Materials_Shopping_Cart.webp\" alt=\"Roue de chariot de magasinage\" width=\"80\" height=\"80\" \/> <small>Roue de chariot de magasinage<\/small><\/td>\n<\/tr>\n<\/tbody>\n<\/table>\n<\/div>\n<h4>(X) Indique la valeur &lsquo;Shore A&rsquo;:<\/h4>\n<p><img loading=\"lazy\" decoding=\"async\" class=\"img-fluid alignnone wp-image-79827 size-full\" src=\"https:\/\/www.omnitrack.com\/wp-content\/uploads\/2024\/09\/omniwheel_material_chart_fr.webp\" alt=\"Omniwheels\" width=\"562\" height=\"364\" data-fullsrc=\"\" \/><\/div>\n<\/div>\n<h3>OW48 \/ OW80 uniquement:<\/h3>\n<div class=\"row\">\n<div class=\"col-12 col-md-4 col-lg-3\"><img loading=\"lazy\" decoding=\"async\" class=\"img-fluid alignnone wp-image-79828 size-full\" src=\"https:\/\/www.omnitrack.com\/wp-content\/uploads\/2023\/03\/Diagram_Omniwheel.webp\" alt=\"Omniwheel Diagramme\" width=\"400\" height=\"400\" srcset=\"https:\/\/www.omnitrack.com\/wp-content\/uploads\/2023\/03\/Diagram_Omniwheel.webp 400w, https:\/\/www.omnitrack.com\/wp-content\/uploads\/2023\/03\/Diagram_Omniwheel-300x300.webp 300w, https:\/\/www.omnitrack.com\/wp-content\/uploads\/2023\/03\/Diagram_Omniwheel-150x150.webp 150w, https:\/\/www.omnitrack.com\/wp-content\/uploads\/2023\/03\/Diagram_Omniwheel-100x100.webp 100w\" sizes=\"auto, (max-width: 400px) 100vw, 400px\" \/><\/div>\n<div class=\"col-12 col-md-8 col-lg-8 col-xl-7 col-xxl-6\"><div class=\"switcher mt-3 mt-md-0 mx-2 me-sm-0 ms-sm-5\">    <div class=\"switcher-title\"><b>Conversion de Poids:<\/b> <\/span><\/div>    <button class=\"toggle-unit\" type=\"button\"><span class=\"switch-metric\">M\u00e9trique<\/span><span class=\"switch\"><\/span><span class=\"switch-imperial\">Imp\u00e9rial<\/span><\/button><\/div> [omni_render_table_omniwheels_extra]<\/div>\n<\/div>\n<\/div>\n<\/div>\n<\/section>\n<div class=\"row cpn-section\">\n<div class=\"col\">\n<hr \/>\n<\/div>\n<\/div>\n<section class=\"row cpn-section\">\n<div class=\"col\">\n<div class=\"row\">\n<div>\n<h2>Diam\u00e8tre, construction et espacement<\/h2>\n<\/div>\n<\/div>\n<div class=\"row mb-4\">\n<div class=\"col-12 col-md-5 mb-4 mb-md-0\">\n<ul class=\"blue-bullet fontSize-4 fontSize-md-3\">\n<li>Applications \u00e0 roulettes &#8211; s&rsquo;assurer que le diam\u00e8tre est x3 minimum du \u00d8 de toute marche\/obstacle dans la direction principale de d\u00e9placement.<\/li>\n<li>Synchroniser les rouleaux pour obtenir un changement de direction rapide.<\/li>\n<li>Les roues Omniwheel OW48-1 et OW80-1 sont individuelles mais se configurent et se synchronisent en se verrouillant en s\u00e9rie.<\/li>\n<li>Autres mod\u00e8les pr\u00e9-synchronis\u00e9s en construction x2, x3 &amp; x4 pour une flexibilit\u00e9 et un support modulaires.<\/li>\n<\/ul>\n<\/div>\n<div class=\"col-12 col-md-7\"><img loading=\"lazy\" decoding=\"async\" class=\"img-fluid alignnone wp-image-79829 size-full\" src=\"https:\/\/www.omnitrack.com\/wp-content\/uploads\/2023\/03\/omniwheels-diagram-series.webp\" alt=\"Diagramme Omniwheel\" width=\"1050\" height=\"308\" srcset=\"https:\/\/www.omnitrack.com\/wp-content\/uploads\/2023\/03\/omniwheels-diagram-series.webp 1050w, https:\/\/www.omnitrack.com\/wp-content\/uploads\/2023\/03\/omniwheels-diagram-series-300x88.webp 300w, https:\/\/www.omnitrack.com\/wp-content\/uploads\/2023\/03\/omniwheels-diagram-series-1024x300.webp 1024w, https:\/\/www.omnitrack.com\/wp-content\/uploads\/2023\/03\/omniwheels-diagram-series-768x225.webp 768w, https:\/\/www.omnitrack.com\/wp-content\/uploads\/2023\/03\/omniwheels-diagram-series-600x176.webp 600w\" sizes=\"auto, (max-width: 1050px) 100vw, 1050px\" \/><br \/>\n<img loading=\"lazy\" decoding=\"async\" class=\"img-fluid alignnone wp-image-79830 size-full\" src=\"https:\/\/www.omnitrack.com\/wp-content\/uploads\/2024\/09\/omniwheels_twin_series_fr.webp\" alt=\"Omniwheels Series\" width=\"1050\" height=\"308\" \/><\/div>\n<\/div>\n<\/div>\n<\/section>\n<div class=\"row cpn-section\">\n<div class=\"col\">\n<hr \/>\n<\/div>\n<\/div>\n<section id=\"accessories\" class=\"row cpn-section pb-5\">\n<div class=\"col col-lg-8 mb-4 md-lg-0\">\n<h2>Accessoires<\/h2>\n<ul class=\"blue-bullet fontSize-4 fontSize-md-3\">\n<li>Supports de roulettes et brides de fixation.<\/li>\n<li>Canaux et essieux de section &lsquo;Live-storage&rsquo;.<\/li>\n<li>Sp\u00e9cifier des tubes d&rsquo;espacement pr\u00e9d\u00e9coup\u00e9s ou personnalis\u00e9s pour r\u00e9duire la densit\u00e9 des articles rigides de grande taille.<\/li>\n<\/ul>\n<\/div>\n<div class=\"col-auto d-flex align-items-end pb-4\">\n<div class=\"bg-beige rounded d-flex align-items-center justify-content-center p-3\"><img loading=\"lazy\" decoding=\"async\" class=\"alignnone wp-image-80042 size-full\" src=\"https:\/\/www.omnitrack.com\/wp-content\/uploads\/2023\/03\/icon-gears.svg\" alt=\"\u00c9crous\" width=\"65\" height=\"50\" \/><\/p>\n<div class=\"ps-3\">\n<h3 class=\"mb-0\">Syst\u00e8mes pilot\u00e9s<\/h3>\n<p><a class=\"fontSize-4\" href=\"https:\/\/www.omnitrack.com\/fr\/nous-contacter\/\">Contactez-nous<\/a><\/div>\n<\/div>\n<\/div>\n<div class=\"col-12\">\t<div class=\"omni-slider omni-carousel\" >\t<ul class=\"omni-slider-track\"><li class=\"\">    <img loading=\"lazy\" decoding=\"async\" width=\"150\" height=\"150\" src=\"https:\/\/www.omnitrack.com\/wp-content\/uploads\/2023\/03\/XOW50W21A.webp\" class=\"img-fluid\" alt=\"omniwheel accessory\" srcset=\"https:\/\/www.omnitrack.com\/wp-content\/uploads\/2023\/03\/XOW50W21A.webp 800w, https:\/\/www.omnitrack.com\/wp-content\/uploads\/2023\/03\/XOW50W21A-300x300.webp 300w, https:\/\/www.omnitrack.com\/wp-content\/uploads\/2023\/03\/XOW50W21A-150x150.webp 150w, https:\/\/www.omnitrack.com\/wp-content\/uploads\/2023\/03\/XOW50W21A-768x768.webp 768w, https:\/\/www.omnitrack.com\/wp-content\/uploads\/2023\/03\/XOW50W21A-600x600.webp 600w, https:\/\/www.omnitrack.com\/wp-content\/uploads\/2023\/03\/XOW50W21A-100x100.webp 100w\" sizes=\"auto, (max-width: 150px) 100vw, 150px\" \/>    <h3>XOW50W21A<\/h3>            <h4>A utiliser avec OW50<\/h4>                <span class=\"from\">\u00c0 partir de <span class=\"woocommerce-Price-amount amount\"><bdi>13,41<span class=\"woocommerce-Price-currencySymbol\">&euro;<\/span><\/bdi><\/span><\/span>            <button class=\"btn-table orange-one btn-add-to-cart\" type=\"button\" data-action=\"add-to-cart\" data-post-id=\"92276\" data-sku=\"XOW50W21A\" data-price=\"&lt;span class=&quot;woocommerce-Price-amount amount&quot;&gt;&lt;bdi&gt;13,41&lt;span class=&quot;woocommerce-Price-currencySymbol&quot;&gt;&euro;&lt;\/span&gt;&lt;\/bdi&gt;&lt;\/span&gt;\"  ><img decoding=\"async\" src=\"https:\/\/www.omnitrack.com\/wp-content\/themes\/omnitrack2023\/images\/cart-orange.svg\" alt=\"Cart icon\"> Acheter<\/button><\/li><li class=\"\">    <img loading=\"lazy\" decoding=\"async\" width=\"150\" height=\"150\" src=\"https:\/\/www.omnitrack.com\/wp-content\/uploads\/2023\/03\/XOW50U24A.webp\" class=\"img-fluid\" alt=\"omniwheel accessory\" srcset=\"https:\/\/www.omnitrack.com\/wp-content\/uploads\/2023\/03\/XOW50U24A.webp 800w, https:\/\/www.omnitrack.com\/wp-content\/uploads\/2023\/03\/XOW50U24A-300x300.webp 300w, https:\/\/www.omnitrack.com\/wp-content\/uploads\/2023\/03\/XOW50U24A-150x150.webp 150w, https:\/\/www.omnitrack.com\/wp-content\/uploads\/2023\/03\/XOW50U24A-768x768.webp 768w, https:\/\/www.omnitrack.com\/wp-content\/uploads\/2023\/03\/XOW50U24A-600x600.webp 600w, https:\/\/www.omnitrack.com\/wp-content\/uploads\/2023\/03\/XOW50U24A-100x100.webp 100w\" sizes=\"auto, (max-width: 150px) 100vw, 150px\" \/>    <h3>XOW50U24A<\/h3>            <h4>A utiliser avec OW50<\/h4>                <span class=\"from\">\u00c0 partir de <span class=\"woocommerce-Price-amount amount\"><bdi>178,60<span class=\"woocommerce-Price-currencySymbol\">&euro;<\/span><\/bdi><\/span><\/span>            <button class=\"btn-table orange-one btn-add-to-cart\" type=\"button\" data-action=\"add-to-cart\" data-post-id=\"92277\" data-sku=\"XOW50U24A\" data-price=\"&lt;span class=&quot;woocommerce-Price-amount amount&quot;&gt;&lt;bdi&gt;178,60&lt;span class=&quot;woocommerce-Price-currencySymbol&quot;&gt;&euro;&lt;\/span&gt;&lt;\/bdi&gt;&lt;\/span&gt;\"  ><img decoding=\"async\" src=\"https:\/\/www.omnitrack.com\/wp-content\/themes\/omnitrack2023\/images\/cart-orange.svg\" alt=\"Cart icon\"> Acheter<\/button><\/li><li class=\"\">    <img loading=\"lazy\" decoding=\"async\" width=\"150\" height=\"150\" src=\"https:\/\/www.omnitrack.com\/wp-content\/uploads\/2023\/03\/XOW50F21A.webp\" class=\"img-fluid\" alt=\"omniwheel accessory\" srcset=\"https:\/\/www.omnitrack.com\/wp-content\/uploads\/2023\/03\/XOW50F21A.webp 800w, https:\/\/www.omnitrack.com\/wp-content\/uploads\/2023\/03\/XOW50F21A-300x300.webp 300w, https:\/\/www.omnitrack.com\/wp-content\/uploads\/2023\/03\/XOW50F21A-150x150.webp 150w, https:\/\/www.omnitrack.com\/wp-content\/uploads\/2023\/03\/XOW50F21A-768x768.webp 768w, https:\/\/www.omnitrack.com\/wp-content\/uploads\/2023\/03\/XOW50F21A-600x600.webp 600w, https:\/\/www.omnitrack.com\/wp-content\/uploads\/2023\/03\/XOW50F21A-100x100.webp 100w\" sizes=\"auto, (max-width: 150px) 100vw, 150px\" \/>    <h3>XOW50F21A<\/h3>            <h4>A utiliser avec OW50<\/h4>                <span class=\"from\">\u00c0 partir de <span class=\"woocommerce-Price-amount amount\"><bdi>13,41<span class=\"woocommerce-Price-currencySymbol\">&euro;<\/span><\/bdi><\/span><\/span>            <button class=\"btn-table orange-one btn-add-to-cart\" type=\"button\" data-action=\"add-to-cart\" data-post-id=\"92278\" data-sku=\"XOW50F21A\" data-price=\"&lt;span class=&quot;woocommerce-Price-amount amount&quot;&gt;&lt;bdi&gt;13,41&lt;span class=&quot;woocommerce-Price-currencySymbol&quot;&gt;&euro;&lt;\/span&gt;&lt;\/bdi&gt;&lt;\/span&gt;\"  ><img decoding=\"async\" src=\"https:\/\/www.omnitrack.com\/wp-content\/themes\/omnitrack2023\/images\/cart-orange.svg\" alt=\"Cart icon\"> Acheter<\/button><\/li><li class=\"\">    <img loading=\"lazy\" decoding=\"async\" width=\"150\" height=\"150\" src=\"https:\/\/www.omnitrack.com\/wp-content\/uploads\/2023\/03\/XOW125W21A.webp\" class=\"img-fluid\" alt=\"omniwheel accessory\" srcset=\"https:\/\/www.omnitrack.com\/wp-content\/uploads\/2023\/03\/XOW125W21A.webp 800w, https:\/\/www.omnitrack.com\/wp-content\/uploads\/2023\/03\/XOW125W21A-300x300.webp 300w, https:\/\/www.omnitrack.com\/wp-content\/uploads\/2023\/03\/XOW125W21A-150x150.webp 150w, https:\/\/www.omnitrack.com\/wp-content\/uploads\/2023\/03\/XOW125W21A-768x768.webp 768w, https:\/\/www.omnitrack.com\/wp-content\/uploads\/2023\/03\/XOW125W21A-600x600.webp 600w, https:\/\/www.omnitrack.com\/wp-content\/uploads\/2023\/03\/XOW125W21A-100x100.webp 100w\" sizes=\"auto, (max-width: 150px) 100vw, 150px\" \/>    <h3>XOW125W21A<\/h3>            <h4>A utiliser avec OW125<\/h4>                <span class=\"from\">\u00c0 partir de <span class=\"woocommerce-Price-amount amount\"><bdi>49,10<span class=\"woocommerce-Price-currencySymbol\">&euro;<\/span><\/bdi><\/span><\/span>            <button class=\"btn-table orange-one btn-add-to-cart\" type=\"button\" data-action=\"add-to-cart\" data-post-id=\"92274\" data-sku=\"XOW125W21A\" data-price=\"&lt;span class=&quot;woocommerce-Price-amount amount&quot;&gt;&lt;bdi&gt;49,10&lt;span class=&quot;woocommerce-Price-currencySymbol&quot;&gt;&euro;&lt;\/span&gt;&lt;\/bdi&gt;&lt;\/span&gt;\"  ><img decoding=\"async\" src=\"https:\/\/www.omnitrack.com\/wp-content\/themes\/omnitrack2023\/images\/cart-orange.svg\" alt=\"Cart icon\"> Acheter<\/button><\/li><li class=\"\">    <img loading=\"lazy\" decoding=\"async\" width=\"150\" height=\"150\" src=\"https:\/\/www.omnitrack.com\/wp-content\/uploads\/2023\/03\/XOW125W22A.webp\" class=\"img-fluid\" alt=\"omniwheel accessory\" srcset=\"https:\/\/www.omnitrack.com\/wp-content\/uploads\/2023\/03\/XOW125W22A.webp 800w, https:\/\/www.omnitrack.com\/wp-content\/uploads\/2023\/03\/XOW125W22A-300x300.webp 300w, https:\/\/www.omnitrack.com\/wp-content\/uploads\/2023\/03\/XOW125W22A-150x150.webp 150w, https:\/\/www.omnitrack.com\/wp-content\/uploads\/2023\/03\/XOW125W22A-768x768.webp 768w, https:\/\/www.omnitrack.com\/wp-content\/uploads\/2023\/03\/XOW125W22A-600x600.webp 600w, https:\/\/www.omnitrack.com\/wp-content\/uploads\/2023\/03\/XOW125W22A-100x100.webp 100w\" sizes=\"auto, (max-width: 150px) 100vw, 150px\" \/>    <h3>XOW125W22A<\/h3>            <h4>A utiliser avec OW125<\/h4>                <span class=\"from\">\u00c0 partir de <span class=\"woocommerce-Price-amount amount\"><bdi>77,82<span class=\"woocommerce-Price-currencySymbol\">&euro;<\/span><\/bdi><\/span><\/span>            <button class=\"btn-table orange-one btn-add-to-cart\" type=\"button\" data-action=\"add-to-cart\" data-post-id=\"92275\" data-sku=\"XOW125W22A\" data-price=\"&lt;span class=&quot;woocommerce-Price-amount amount&quot;&gt;&lt;bdi&gt;77,82&lt;span class=&quot;woocommerce-Price-currencySymbol&quot;&gt;&euro;&lt;\/span&gt;&lt;\/bdi&gt;&lt;\/span&gt;\"  ><img decoding=\"async\" src=\"https:\/\/www.omnitrack.com\/wp-content\/themes\/omnitrack2023\/images\/cart-orange.svg\" alt=\"Cart icon\"> Acheter<\/button><\/li>\t<\/ul><div class=\"omni-slider-controls\"><button class=\"omni-slider-prev\"><img src=\"https:\/\/www.omnitrack.com\/wp-content\/themes\/omnitrack2023\/images\/icon-arrow-blue-left.svg\" alt=\"Arrow left icon\" decoding=\"async\" loading=\"lazy\" alt=\"Arrow left icon\"><\/button> <button class=\"omni-slider-next\"><img src=\"https:\/\/www.omnitrack.com\/wp-content\/themes\/omnitrack2023\/images\/icon-arrow-blue-right.svg\" decoding=\"async\" loading=\"lazy\" alt=\"Arrow right icon\"><\/button><\/div><\/div><\/div>\n<\/section>\n<section id=\"cant-find\" class=\"row cpn-section py-5 two justify-content-between\"><div class=\"col-12 col-sm-6 col-lg-7 py-lg-4 pe-lg-5\">\n<h3 class=\"fontSize-2 fontSize-md-1\">Vous ne trouvez pas ce que vous cherchez?<\/h3>\n<p class=\"fontSize-4\">Essayez de rechercher des mots-cl\u00e9s, num\u00e9ros r\u00e9fr\u00e9rence, capacit\u00e8 de charge et types de fixation.<\/p>\n<div class=\"input-group\"><form class=\"form-search\"><div class=\"input-group\">  <input type=\"text\" name=\"s\" class=\"form-control field\" placeholder=\"Recherche de r\u00e9f\u00e8rence #\">  <input type=\"hidden\" name=\"post-type\" value=\"product\"><\/div><\/form><\/div>\n<\/div>\n<div class=\"col-12 col-sm-6 col-lg-5 py-lg-4 pt-4 pt-sm-0\">\n<h3 class=\"fontSize-2 fontSize-md-1\">Free technical advice<\/h3>\n<p class=\"fontSize-4\">Phone: <b><a href=\"tel:+330187210069\">+33 01 8721 0069<\/a><\/b><\/p>\n<p class=\"fontSize-4\">Email: <b><a href=\"mailto:info@omnitrack.com\">info@omnitrack.com<\/a><\/b><\/p>\n<div class=\"mt-4\"> <a class=\"btn-ot green me-2 mb-3 mb-md-0 w100-mobile\" href=\"https:\/\/wa.me\/447759128207\" target=\"_blank\" rel=\"noopener\"><img decoding=\"async\" loading=\"lazy\" src=\"https:\/\/www.omnitrack.com\/wp-content\/themes\/omnitrack2023\/images\/icon-whatsapp.svg\"  alt=\"WhatsApp Omnitrack\"  \/> WhatsApp<\/a> <a class=\"btn-ot w100-mobile\" href=\"https:\/\/calendly.com\/omnitrack\/15min\" target=\"_blank\" rel=\"noopener\"><img decoding=\"async\" loading=\"lazy\" src=\"https:\/\/www.omnitrack.com\/wp-content\/themes\/omnitrack2023\/images\/icon-schedule.svg\"  alt=\"Planifier un appel t\u00e9l\u00e9phonique avec Omnitrack\"  \/> Planifier un appel<\/a><\/div>\n<\/div>\n<\/section>\n","protected":false},"excerpt":{"rendered":"<p>Les Omniwheels sont dot\u00e9s de rouleaux p\u00e9riph\u00e9riques qui permettent un mouvement \u00e0 360 degr\u00e9s et soutiennent les articles de forme irr\u00e9guli\u00e8re. Id\u00e9ales pour les lignes d&rsquo;assemblage et d&rsquo;inspection, l&rsquo;alimentation des machines et les zones d&#8217;emballage. Syst\u00e8mes de tri automatique et motoris\u00e9 disponibles &#8211; Contactez-nous. (X) Mat\u00e9riaux des rouleaux &amp; Charge Les charges lourdes exigent une [&hellip;]<\/p>\n","protected":false},"author":7,"featured_media":0,"parent":93496,"menu_order":0,"comment_status":"closed","ping_status":"closed","template":"page-omniwheels.php","meta":{"inline_featured_image":false,"footnotes":""},"class_list":["post-93511","page","type-page","status-publish","hentry"],"acf":[],"_links":{"self":[{"href":"https:\/\/www.omnitrack.com\/fr\/wp-json\/wp\/v2\/pages\/93511","targetHints":{"allow":["GET"]}}],"collection":[{"href":"https:\/\/www.omnitrack.com\/fr\/wp-json\/wp\/v2\/pages"}],"about":[{"href":"https:\/\/www.omnitrack.com\/fr\/wp-json\/wp\/v2\/types\/page"}],"author":[{"embeddable":true,"href":"https:\/\/www.omnitrack.com\/fr\/wp-json\/wp\/v2\/users\/7"}],"replies":[{"embeddable":true,"href":"https:\/\/www.omnitrack.com\/fr\/wp-json\/wp\/v2\/comments?post=93511"}],"version-history":[{"count":4,"href":"https:\/\/www.omnitrack.com\/fr\/wp-json\/wp\/v2\/pages\/93511\/revisions"}],"predecessor-version":[{"id":107115,"href":"https:\/\/www.omnitrack.com\/fr\/wp-json\/wp\/v2\/pages\/93511\/revisions\/107115"}],"up":[{"embeddable":true,"href":"https:\/\/www.omnitrack.com\/fr\/wp-json\/wp\/v2\/pages\/93496"}],"wp:attachment":[{"href":"https:\/\/www.omnitrack.com\/fr\/wp-json\/wp\/v2\/media?parent=93511"}],"curies":[{"name":"wp","href":"https:\/\/api.w.org\/{rel}","templated":true}]}}