{"id":93509,"date":"2023-02-08T00:50:30","date_gmt":"2023-02-08T00:50:30","guid":{"rendered":"https:\/\/www.omnitrack.com\/wheels-castors\/omnifloat\/"},"modified":"2024-02-20T20:57:26","modified_gmt":"2024-02-20T20:57:26","slug":"omnifloat","status":"publish","type":"page","link":"https:\/\/www.omnitrack.com\/fr\/roues-et-roulettes\/omnifloat\/","title":{"rendered":"Omnifloat"},"content":{"rendered":"<section id=\"product-presentation-one\" class=\"row cpn-section\">\n<div class=\"col-12 col-md-6 col-lg-5\"><header class=\"row\">    <div class=\"col\">        <nav id=\"breadcrumb\">                    <\/nav>        <h1 class=\"fontSize-1\">Omnifloat<\/h1>    <\/div>    <\/header><\/p>\n<div class=\"row list-images image-sizes\" data-material=\"ST_material\">\n<div class=\"col-auto col-lg\">\n<div class=\"img-default\"><img loading=\"lazy\" decoding=\"async\" class=\"ST_material img-fluid alignnone wp-image-79836 size-full\" src=\"https:\/\/www.omnitrack.com\/wp-content\/uploads\/2023\/03\/Omnifloat-serie.webp\" alt=\"Omnifloat\" width=\"400\" height=\"400\" data-fullsrc=\"\" srcset=\"https:\/\/www.omnitrack.com\/wp-content\/uploads\/2023\/03\/Omnifloat-serie.webp 400w, https:\/\/www.omnitrack.com\/wp-content\/uploads\/2023\/03\/Omnifloat-serie-300x300.webp 300w, https:\/\/www.omnitrack.com\/wp-content\/uploads\/2023\/03\/Omnifloat-serie-150x150.webp 150w, https:\/\/www.omnitrack.com\/wp-content\/uploads\/2023\/03\/Omnifloat-serie-100x100.webp 100w\" sizes=\"auto, (max-width: 400px) 100vw, 400px\" \/><\/div>\n<\/div>\n<div class=\"col-auto col-lg\">\n<div><img loading=\"lazy\" decoding=\"async\" class=\"img-fluid alignnone wp-image-79837 size-full\" src=\"https:\/\/www.omnitrack.com\/wp-content\/uploads\/2023\/03\/Diagram-Omnifloat-serie.webp\" alt=\"Diagramme Omnifloat\" width=\"400\" height=\"400\" data-fullsrc=\"\" srcset=\"https:\/\/www.omnitrack.com\/wp-content\/uploads\/2023\/03\/Diagram-Omnifloat-serie.webp 400w, https:\/\/www.omnitrack.com\/wp-content\/uploads\/2023\/03\/Diagram-Omnifloat-serie-300x300.webp 300w, https:\/\/www.omnitrack.com\/wp-content\/uploads\/2023\/03\/Diagram-Omnifloat-serie-150x150.webp 150w, https:\/\/www.omnitrack.com\/wp-content\/uploads\/2023\/03\/Diagram-Omnifloat-serie-100x100.webp 100w\" sizes=\"auto, (max-width: 400px) 100vw, 400px\" \/><\/div>\n<\/div>\n<\/div>\n<\/div>\n<div class=\"col-12 col-md-6 col-lg-7\">\n<div class=\"row\">\n<div class=\"col col-lg-6 mb-3 mb-lg-0\"><div class=\"box-material-upgrade\">        <div class=\"form-check ps-0\">        <h4 class=\"fontSize-3 my-3\">Options de mat\u00e9riaux pour les billes:<\/h4>        <div class=\"box-input-material-upgrade mb-2 d-flex flex-row justify-content-between active\">            <label class=\"form-check-label\" for=\"materialUpgrade1\">                <span class=\"material ball material-R pe-2\">                    <div>                        <strong>Boule de caoutchouc<\/strong><br \/>                        <small>Meilleure adh\u00e9rence (noir) 70 Shore A -20\u2070C \u00e0 +80\u2070C<\/small>                    <\/div>\t\t\t\t<\/span>                <span class=\"pe-2\"><img src=\"https:\/\/www.omnitrack.com\/wp-content\/themes\/omnitrack2023\/images\/icon-rubber-ball.webp\" alt=\"Rubber ball icon\" decoding=\"async\" loading=\"lazy\"\/><\/span>            <\/label>            <input class=\"form-check-input inputCheck\" type=\"radio\" name=\"materialUpgrade\" id=\"materialUpgrade1\"  value=\"R_material\" checked>        <\/div>        <div class=\"box-input-material-upgrade mb-2 d-flex flex-row justify-content-between\">            <label class=\"form-check-label\" for=\"materialUpgrade2\">                <span class=\"material ball material-P pe-2\">\t\t\t\t\t<div>                        <strong>Bille en polyur\u00e9thane<\/strong><br \/>                        <small>R\u00e9sistant \u00e0 l&#039;usure (caramel) 92 Shore A -20\u2070C \u00e0 +80\u2070C<\/small>                    <\/div>\t\t\t\t<\/span>                <span class=\"pe-2\"><img src=\"https:\/\/www.omnitrack.com\/wp-content\/themes\/omnitrack2023\/images\/icon-feather.svg\" alt =\"Feather icon\" decoding=\"async\" loading=\"lazy\"\/><\/span>            <\/label>            <input class=\"form-check-input inputCheck\" type=\"radio\" name=\"materialUpgrade\" id=\"materialUpgrade2\"  value=\"P_material\">        <\/div>        <div class=\"box-input-material-upgrade mb-2 d-flex flex-row justify-content-between\">            <label class=\"form-check-label\" for=\"materialUpgrade3\">                <span class=\"material ball material-HT pe-2\">                    <div>                        <strong>Boule haute temp\u00e9rature<\/strong><br \/>                        <small>R\u00e9sistant \u00e0 la chaleur (rouge) 80 Shore A -20\u2070C \u00e0+150\u2070C<\/small>                    <\/div>\t\t\t\t<\/span>                <span class=\"pe-2\"><img src=\"https:\/\/www.omnitrack.com\/wp-content\/themes\/omnitrack2023\/images\/icon-fire.svg\" alt=\"Fire icon\" decoding=\"async\" loading=\"lazy\" \/><\/span>            <\/label>            <input class=\"form-check-input inputCheck\" type=\"radio\" name=\"materialUpgrade\" id=\"materialUpgrade3\"  value=\"HT_material\">        <\/div>    <\/div><\/div><\/div>\n<div class=\"col col-lg-6\"><div class=\"box-material-upgrade\">        <div class=\"form-check ps-0\">        <h4 class=\"fontSize-3 my-3\">Options de mat\u00e9riaux pour les bras:<\/h4>        <div class=\"box-input-material-upgrade mb-2 d-flex flex-row justify-content-between active\">            <label class=\"form-check-label pe-2\" for=\"materialUpgradeArm1\">                <span class=\"material arm pe-2\">                    <div>                        <strong>Acier zingu\u00e9:<\/strong><br \/>                        <small>AISI 1113<\/small>                    <\/div>                <\/span>            <\/label>            <input class=\"form-check-input inputCheck\" type=\"radio\" name=\"materialUpgradeArm\" id=\"materialUpgradeArm1\"  value=\"Z_material_arm\" checked>        <\/div>        <div class=\"box-input-material-upgrade mb-2 d-flex flex-row justify-content-between\">            <label class=\"form-check-label pe-2\" for=\"materialUpgradeArm2\">                <span class=\"material arm material-SS pe-2\">                    <div>                        <strong>Acier inoxydable:<\/strong><br \/>                        <small>AISI 304 Corrosion \/ Contamination chimique<\/small>                    <\/div>                <\/span>            <\/label>            <input class=\"form-check-input inputCheck\" type=\"radio\" name=\"materialUpgradeArm\" id=\"materialUpgradeArm2\"  value=\"SS_material_arm\">        <\/div>    <\/div><\/div><\/div>\n<\/div>\n<\/div>\n<\/section>\n<section id=\"part-table-one\" class=\"row cpn-section\">\n<div class=\"col\"><div class=\"switcher mt-3 mt-md-0 mx-2 me-sm-0 ms-sm-5\">    <div class=\"switcher-title\"><b>Conversion de Poids:<\/b> <\/span><\/div>    <button class=\"toggle-unit\" type=\"button\"><span class=\"switch-metric\">M\u00e9trique<\/span><span class=\"switch\"><\/span><span class=\"switch-imperial\">Imp\u00e9rial<\/span><\/button><\/div> [omni_render_table class-container=\u00a0\u00bbtable-scroll table-mobi\u00a0\u00bb]<\/div>\n<\/section>\n<section id=\"icons-grid-one\" class=\"row cpn-section\">\n<div class=\"col-12 col-md-5 col-xl-6 col-xxl-7 fontSize-4\">\n<p>Sp\u00e9cifi\u00e9es dans toute l&rsquo;industrie de la manutention du verre pour le d\u00e8placement du verre dans des environements humides, corrosifs, poussi\u00e9reux et \u00e0 haute temp\u00e9rature. Sp\u00e9cifi\u00e9es dans toute l&rsquo;industrie de la manutention du verre pour le d\u00e8placement du verre dans des environements humides, corrosifs, poussi\u00e9reux et \u00e0 haute temp\u00e9rature.<\/p>\n<p>Les Omnifloats sont g\u00e9n\u00e9ralement fournis avec un m\u00e9lange de 50 % de tiges pivotantes \u00ab\u00a0\u00e0 gauche\u00a0\u00bb et \u00ab\u00a0\u00e0 droite\u00a0\u00bb. Nous recommandons d&rsquo;installer les roulettes selon un sch\u00e9ma r\u00e9gulier et altern\u00e9 afin de minimiser les biais et d&rsquo;obtenir un plan de travail neutre.<\/p>\n<p>Des billes de remplacement sont disponibles en pi\u00e8ces d\u00e9tach\u00e9es. D&rsquo;autres mat\u00e9riaux peuvent \u00eatre mont\u00e9s ult\u00e9rieurement pour une durabilit\u00e9 et un service accrus. Alternative materials can be retro-fitted for extended durability &amp; service.<\/p>\n<\/div>\n<div class=\"col-12 col-md-7 col-xl-6 col-xxl-5\"><div class=\"grid-wrap\">\n<div class=\"row mb-3 g-2 g-md-3\">\n<div class=\"col-4\">\n<div class=\"grid-item\"><img decoding=\"async\" loading=\"lazy\" src=\"https:\/\/www.omnitrack.com\/wp-content\/themes\/omnitrack2023\/images\/icon-contamined-environments.svg\" class=\"ico-icons-grid\" alt=\"Environnements contamin\u00e9s\"  \/>Environnements contamin\u00e9s<small><\/small><\/div>\n<\/div>\n<div class=\"col-4\">\n<div class=\"grid-item\"><img decoding=\"async\" loading=\"lazy\" src=\"https:\/\/www.omnitrack.com\/wp-content\/themes\/omnitrack2023\/images\/icon-temperature.svg\" class=\"ico-icons-grid\" alt=\"Temp\u00e9rature\"  \/>Temp\u00e9rature<br \/>-20\/150\u00baC<small><\/small><\/div>\n<\/div>\n<div class=\"col-4\">\n<div class=\"grid-item\"><img decoding=\"async\" loading=\"lazy\" src=\"https:\/\/www.omnitrack.com\/wp-content\/themes\/omnitrack2023\/images\/icon-user-seviceble.svg\" class=\"ico-icons-grid\" alt=\"Replacement parts\"  \/>Replacement parts<small><\/small><\/div>\n<\/div>\n<\/div>\n<\/div>\n<\/div>\n<\/section>\n<div class=\"row cpn-section\">\n<div class=\"col\">\n<hr \/>\n<\/div>\n<\/div>\n<section id=\"replacement-balls\" class=\"row cpn-section pb-5\">\n<div class=\"col\">\n<div class=\"row mb-4\">\n<h2>Bille de remplacement<\/h2>\n<p>Des billes de remplacement sont disponibles en pi\u00e8ces d\u00e9tach\u00e9es. D&rsquo;autres mat\u00e9riaux peuvent \u00eatre mont\u00e9s ult\u00e9rieurement pour une durabilit\u00e9 et un service accrus.<\/p>\n<\/div>\n<div class=\"row justify-content-between\">\n<div class=\"col-12 col-lg-9 col-xl-7\"><div class=\"table-no-scroll\">\n<table class=\"part-table replacement-balls nofooter table table-striped\">\n<thead>\n<tr>\n<td>Suffixe<\/td>\n<td width=\"35%\">Sp\u00e9cifier le mat\u00e9riau<\/td>\n<td>&nbsp;<\/td>\n<td class=\"text-center\">35mm<br \/><button class=\"btn-download btn-table lilac-one\" type=\"button\" disabled>PDF<\/button> <button class=\"btn-download btn-table lilac-one\" type=\"button\" disabled>STEP<\/button><\/td>\n<td class=\"text-center\">50mm<br \/><button class=\"btn-download btn-table lilac-one\" type=\"button\" disabled>PDF<\/button> <button class=\"btn-download btn-table lilac-one\" type=\"button\" disabled>STEP<\/button><\/td>\n<\/tr>\n<\/thead>\n<tbody>\n<tr>\n<td>\n<div class=\"material ball material-R justify-content-center\"> <\/div>\n<\/td>\n<td class=\"text-start\">\n<h4>Boule de caoutchouc<\/h4>\n<p>Meilleure adh\u00e9rence (noir)<br \/>70 Shore A -20\u2070C \u00e0 +80\u2070C<\/p>\n<\/td>\n<td><img decoding=\"async\" loading=\"lazy\" src=\"https:\/\/www.omnitrack.com\/wp-content\/themes\/omnitrack2023\/images\/icon-rubber-ball-lg-2.webp\" class=\"icon\" alt=\"icon-rubber-ball-lg-2\"  \/><\/td>\n<td>\n<h3>S35R<\/h3>\n<p><button class=\"btn-table orange-one btn-add-to-cart\" type=\"button\" data-action=\"add-to-cart\" data-post-id=\"92508\" data-sku=\"S35R\" data-price=\"&lt;span class=&quot;woocommerce-Price-amount amount&quot;&gt;&lt;bdi&gt;2,04&lt;span class=&quot;woocommerce-Price-currencySymbol&quot;&gt;&euro;&lt;\/span&gt;&lt;\/bdi&gt;&lt;\/span&gt;\"  > Ajouter au panier<\/button><\/td>\n<td>\n<h3>S50R<\/h3>\n<p><button class=\"btn-table orange-one btn-add-to-cart\" type=\"button\" data-action=\"add-to-cart\" data-post-id=\"92483\" data-sku=\"S50R\" data-price=\"&lt;span class=&quot;woocommerce-Price-amount amount&quot;&gt;&lt;bdi&gt;3,09&lt;span class=&quot;woocommerce-Price-currencySymbol&quot;&gt;&euro;&lt;\/span&gt;&lt;\/bdi&gt;&lt;\/span&gt;\"  > Ajouter au panier<\/button><\/td>\n<\/tr>\n<tr>\n<td>\n<div class=\"material ball material-P justify-content-center\"> <\/div>\n<\/td>\n<td class=\"text-start\">\n<h4>Bille en polyur\u00e9thane<\/h4>\n<p>R\u00e9sistant \u00e0 l&rsquo;usure (caramel)<br \/>92 Shore A -20\u2070C \u00e0 +80\u2070C<\/p>\n<\/td>\n<td><img decoding=\"async\" loading=\"lazy\" src=\"https:\/\/www.omnitrack.com\/wp-content\/themes\/omnitrack2023\/images\/icon-feather.svg\" class=\"icon\" alt=\"icon-feather\"  \/><\/td>\n<td>\n<h3>S35P<\/h3>\n<p><button class=\"btn-table orange-one btn-add-to-cart\" type=\"button\" data-action=\"add-to-cart\" data-post-id=\"92506\" data-sku=\"S35P\" data-price=\"&lt;span class=&quot;woocommerce-Price-amount amount&quot;&gt;&lt;bdi&gt;2,85&lt;span class=&quot;woocommerce-Price-currencySymbol&quot;&gt;&euro;&lt;\/span&gt;&lt;\/bdi&gt;&lt;\/span&gt;\"  > Ajouter au panier<\/button><\/td>\n<td>\n<h3>S50P<\/h3>\n<p><button class=\"btn-table orange-one btn-add-to-cart\" type=\"button\" data-action=\"add-to-cart\" data-post-id=\"92481\" data-sku=\"S50P\" data-price=\"&lt;span class=&quot;woocommerce-Price-amount amount&quot;&gt;&lt;bdi&gt;3,59&lt;span class=&quot;woocommerce-Price-currencySymbol&quot;&gt;&euro;&lt;\/span&gt;&lt;\/bdi&gt;&lt;\/span&gt;\"  > Ajouter au panier<\/button><\/td>\n<\/tr>\n<tr>\n<td>\n<div class=\"material ball material-HT justify-content-center\"> <\/div>\n<\/td>\n<td class=\"text-start\">\n<h4>High Temperature<\/h4>\n<p>R\u00e9sistant \u00e0 la chaleur (rouge)<br \/>80 Shore A -20\u2070C \u00e0+150\u2070C<\/p>\n<\/td>\n<td><img decoding=\"async\" loading=\"lazy\" src=\"https:\/\/www.omnitrack.com\/wp-content\/themes\/omnitrack2023\/images\/icon-fire.svg\" class=\"icon\" alt=\"icon-fire\"  \/><\/td>\n<td class=\"text-center\">\n<h3>S35HT<\/h3>\n<p><button class=\"btn-table orange-one btn-add-to-cart\" type=\"button\" data-action=\"add-to-cart\" data-post-id=\"92507\" data-sku=\"S35HT\" data-price=\"&lt;span class=&quot;woocommerce-Price-amount amount&quot;&gt;&lt;bdi&gt;3,09&lt;span class=&quot;woocommerce-Price-currencySymbol&quot;&gt;&euro;&lt;\/span&gt;&lt;\/bdi&gt;&lt;\/span&gt;\"  > Ajouter au panier<\/button><\/td>\n<td class=\"text-center\">\n<h3>S50HT<\/h3>\n<p><button class=\"btn-table orange-one btn-add-to-cart\" type=\"button\" data-action=\"add-to-cart\" data-post-id=\"92482\" data-sku=\"S50HT\" data-price=\"&lt;span class=&quot;woocommerce-Price-amount amount&quot;&gt;&lt;bdi&gt;4,49&lt;span class=&quot;woocommerce-Price-currencySymbol&quot;&gt;&euro;&lt;\/span&gt;&lt;\/bdi&gt;&lt;\/span&gt;\"  > Ajouter au panier<\/button><\/td>\n<\/tr>\n<\/tbody>\n<\/table>\n<\/div>\n<\/div>\n<div class=\"col-12 col-lg-3 col-xl-3 mt-3\">\n<div class=\"row\">\n<div class=\"col-6 col-lg-12\"><img loading=\"lazy\" decoding=\"async\" class=\"img-fluid img-border alignnone wp-image-95616 size-full\" src=\"https:\/\/www.omnitrack.com\/wp-content\/uploads\/2023\/07\/Omnifloat_Remove.webp\" alt=\"Omnifloat Retirer\" width=\"576\" height=\"374\" srcset=\"https:\/\/www.omnitrack.com\/wp-content\/uploads\/2023\/07\/Omnifloat_Remove.webp 576w, https:\/\/www.omnitrack.com\/wp-content\/uploads\/2023\/07\/Omnifloat_Remove-300x195.webp 300w\" sizes=\"auto, (max-width: 576px) 100vw, 576px\" \/><\/p>\n<p class=\"fw-bold text-center fontSize-4\">Retirer<\/p>\n<\/div>\n<div class=\"col-6 col-lg-12\"><img loading=\"lazy\" decoding=\"async\" class=\"img-fluid img-border alignnone wp-image-79838 size-full\" src=\"https:\/\/www.omnitrack.com\/wp-content\/uploads\/2023\/03\/Omnifloat_Snap_Fitting.webp\" alt=\"Raccord rapide\" width=\"575\" height=\"373\" srcset=\"https:\/\/www.omnitrack.com\/wp-content\/uploads\/2023\/03\/Omnifloat_Snap_Fitting.webp 575w, https:\/\/www.omnitrack.com\/wp-content\/uploads\/2023\/03\/Omnifloat_Snap_Fitting-300x195.webp 300w\" sizes=\"auto, (max-width: 575px) 100vw, 575px\" \/><\/p>\n<p class=\"fw-bold text-center fontSize-4\">Raccord rapide<\/p>\n<\/div>\n<\/div>\n<\/div>\n<\/div>\n<\/div>\n<\/section>\n<section id=\"cant-find\" class=\"row cpn-section py-5 two justify-content-between\"><div class=\"col-12 col-sm-6 col-lg-7 py-lg-4 pe-lg-5\">\n<h3 class=\"fontSize-2 fontSize-md-1\">Vous ne trouvez pas ce que vous cherchez?<\/h3>\n<p class=\"fontSize-4\">Essayez de rechercher des mots-cl\u00e9s, num\u00e9ros r\u00e9fr\u00e9rence, capacit\u00e8 de charge et types de fixation.<\/p>\n<div class=\"input-group\"><form class=\"form-search\"><div class=\"input-group\">  <input type=\"text\" name=\"s\" class=\"form-control field\" placeholder=\"Recherche de r\u00e9f\u00e8rence #\">  <input type=\"hidden\" name=\"post-type\" value=\"product\"><\/div><\/form><\/div>\n<\/div>\n<div class=\"col-12 col-sm-6 col-lg-5 py-lg-4 pt-4 pt-sm-0\">\n<h3 class=\"fontSize-2 fontSize-md-1\">Free technical advice<\/h3>\n<p class=\"fontSize-4\">Phone: <b><a href=\"tel:+330187210069\">+33 01 8721 0069<\/a><\/b><\/p>\n<p class=\"fontSize-4\">Email: <b><a href=\"mailto:info@omnitrack.com\">info@omnitrack.com<\/a><\/b><\/p>\n<div class=\"mt-4\"> <a class=\"btn-ot green me-2 mb-3 mb-md-0 w100-mobile\" href=\"https:\/\/wa.me\/447759128207\" target=\"_blank\" rel=\"noopener\"><img decoding=\"async\" loading=\"lazy\" src=\"https:\/\/www.omnitrack.com\/wp-content\/themes\/omnitrack2023\/images\/icon-whatsapp.svg\"  alt=\"WhatsApp Omnitrack\"  \/> WhatsApp<\/a> <a class=\"btn-ot w100-mobile\" href=\"https:\/\/calendly.com\/omnitrack\/15min\" target=\"_blank\" rel=\"noopener\"><img decoding=\"async\" loading=\"lazy\" src=\"https:\/\/www.omnitrack.com\/wp-content\/themes\/omnitrack2023\/images\/icon-schedule.svg\"  alt=\"Planifier un appel t\u00e9l\u00e9phonique avec Omnitrack\"  \/> Planifier un appel<\/a><\/div>\n<\/div>\n<\/section>\n","protected":false},"excerpt":{"rendered":"<p>[omni_render_table class-container=\u00a0\u00bbtable-scroll table-mobi\u00a0\u00bb] Sp\u00e9cifi\u00e9es dans toute l&rsquo;industrie de la manutention du verre pour le d\u00e8placement du verre dans des environements humides, corrosifs, poussi\u00e9reux et \u00e0 haute temp\u00e9rature. Sp\u00e9cifi\u00e9es dans toute l&rsquo;industrie de la manutention du verre pour le d\u00e8placement du verre dans des environements humides, corrosifs, poussi\u00e9reux et \u00e0 haute temp\u00e9rature. Les Omnifloats sont g\u00e9n\u00e9ralement [&hellip;]<\/p>\n","protected":false},"author":7,"featured_media":0,"parent":93496,"menu_order":0,"comment_status":"closed","ping_status":"closed","template":"page-omnifloat.php","meta":{"inline_featured_image":false,"footnotes":""},"class_list":["post-93509","page","type-page","status-publish","hentry"],"acf":[],"_links":{"self":[{"href":"https:\/\/www.omnitrack.com\/fr\/wp-json\/wp\/v2\/pages\/93509","targetHints":{"allow":["GET"]}}],"collection":[{"href":"https:\/\/www.omnitrack.com\/fr\/wp-json\/wp\/v2\/pages"}],"about":[{"href":"https:\/\/www.omnitrack.com\/fr\/wp-json\/wp\/v2\/types\/page"}],"author":[{"embeddable":true,"href":"https:\/\/www.omnitrack.com\/fr\/wp-json\/wp\/v2\/users\/7"}],"replies":[{"embeddable":true,"href":"https:\/\/www.omnitrack.com\/fr\/wp-json\/wp\/v2\/comments?post=93509"}],"version-history":[{"count":3,"href":"https:\/\/www.omnitrack.com\/fr\/wp-json\/wp\/v2\/pages\/93509\/revisions"}],"predecessor-version":[{"id":100179,"href":"https:\/\/www.omnitrack.com\/fr\/wp-json\/wp\/v2\/pages\/93509\/revisions\/100179"}],"up":[{"embeddable":true,"href":"https:\/\/www.omnitrack.com\/fr\/wp-json\/wp\/v2\/pages\/93496"}],"wp:attachment":[{"href":"https:\/\/www.omnitrack.com\/fr\/wp-json\/wp\/v2\/media?parent=93509"}],"curies":[{"name":"wp","href":"https:\/\/api.w.org\/{rel}","templated":true}]}}