{"id":93508,"date":"2023-02-08T00:50:57","date_gmt":"2023-02-08T00:50:57","guid":{"rendered":"https:\/\/www.omnitrack.com\/wheels-castors\/flexible-conveyors\/"},"modified":"2024-09-03T12:26:05","modified_gmt":"2024-09-03T12:26:05","slug":"convoyeurs-extensibles","status":"publish","type":"page","link":"https:\/\/www.omnitrack.com\/fr\/roues-et-roulettes\/convoyeurs-extensibles\/","title":{"rendered":"Convoyeurs extensibles"},"content":{"rendered":"<section class=\"row cpn-section\">\n<div class=\"col-12\"><header class=\"row\">    <div class=\"col\">        <nav id=\"breadcrumb\">                    <\/nav>        <h1 class=\"fontSize-1\">Convoyeurs extensibles<\/h1>    <\/div>    <\/header><\/div>\n<div class=\"col-12 col-lg-7\">\n<p>Convoyeurs extensibles Omnitrack \u2013 Modules de convoyage polyvalents et mobiles. Les convoyeurs compacts s&rsquo;\u00e9tendent jusqu&rsquo;\u00e0 3,6 fois leur longueur r\u00e9tract\u00e9e et les roulettes robustes sont verrouill\u00e9es une fois positionn\u00e9es. Tous les mod\u00e8les sont r\u00e9glables en hauteur et assembl\u00e9s avec des rgalets pour les articles plats et les virages plus serr\u00e9s, ou avec des rouleaux pour un soutien accru des articles irr\u00e9guliers\/d\u00e9formables. Les galets et les rouleaux sont fabriqu\u00e9es en PVC \u00e0 faible inertie et \u00e0 fort impact.<\/p>\n<\/div>\n<div class=\"col-12 col-lg-5\">\n<ul class=\"blue-bullet clear-list mb-0\">\n<li>Capacit\u00e9 de charge de 80 kg\/m\u00e8tre.<\/li>\n<li>Hauteur de travail ajustable (650 &#8211; 1100 mm).<\/li>\n<li>Pas maximum de l&rsquo;essieu 125mm (\u00e9tendu).<\/li>\n<li>Largeur de convoyeur standard 400 mm ou 600 mm.<\/li>\n<li>Autres mod\u00e8les et mat\u00e9riaux disponibles.<\/li>\n<\/ul>\n<\/div>\n<\/section>\n<div class=\"row cpn-section\">\n<div class=\"col\">\n<hr \/>\n<\/div>\n<\/div>\n<section class=\"row cpn-section\">\n<div class=\"col\">\n<div class=\"row mb-3 justify-content-center\">\n<div class=\"col-12 col-lg-4 pe-lg-4 mb-4 mb-lg-0\">\n<h2>Convoyeurs extensibles avec galets en plastique<\/h2>\n<ul class=\"list-check clear-list fontSize-4 fontSize-md-3\">\n<li>Pour les objets \u00e0 base plate et pour les virages plus serr\u00e9s.<\/li>\n<\/ul>\n<\/div>\n<div class=\"col-12 col-sm-7 d-lg-none text-center\"><img loading=\"lazy\" decoding=\"async\" class=\"img-fluid alignnone wp-image-79839 size-full\" src=\"https:\/\/www.omnitrack.com\/wp-content\/uploads\/2023\/03\/flexible-conveyors-skatewheel.webp\" alt=\"Convoyeurs extensibles \u00e0 galets plastiques\" width=\"400\" height=\"500\" srcset=\"https:\/\/www.omnitrack.com\/wp-content\/uploads\/2023\/03\/flexible-conveyors-skatewheel.webp 400w, https:\/\/www.omnitrack.com\/wp-content\/uploads\/2023\/03\/flexible-conveyors-skatewheel-240x300.webp 240w\" sizes=\"auto, (max-width: 400px) 100vw, 400px\" \/><\/div>\n<div class=\"col-9 col-sm-4 col-lg-8 ps-lg-0\"><div class=\"row g-3 g-lg-4 mb-4\">\n<div class=\"col-12 col-lg-4\"><img loading=\"lazy\" decoding=\"async\" class=\"img-fluid img-border alignnone wp-image-79725 size-full\" src=\"https:\/\/www.omnitrack.com\/wp-content\/uploads\/2024\/09\/flexible_conveyors_1_fr-1.webp\" alt=\"Convoyeurs extensibles\" width=\"400\" height=\"342\" \/><\/div>\n<div class=\"col-12 col-lg-4\"><img loading=\"lazy\" decoding=\"async\" class=\"img-fluid img-border alignnone wp-image-79726 size-full\" src=\"https:\/\/www.omnitrack.com\/wp-content\/uploads\/2024\/09\/flexible_conveyors_2_fr-1.webp\" alt=\"Convoyeurs extensibles\" width=\"400\" height=\"342\" \/><\/div>\n<div class=\"col-12 col-lg-4\"><img loading=\"lazy\" decoding=\"async\" class=\"img-fluid img-border alignnone wp-image-79727 size-full\" src=\"https:\/\/www.omnitrack.com\/wp-content\/uploads\/2023\/03\/Flexible_Conveyors_3-1.webp\" alt=\"Diagramme des convoyeurs extensibles\" width=\"400\" height=\"342\" srcset=\"https:\/\/www.omnitrack.com\/wp-content\/uploads\/2023\/03\/Flexible_Conveyors_3-1.webp 400w, https:\/\/www.omnitrack.com\/wp-content\/uploads\/2023\/03\/Flexible_Conveyors_3-1-300x257.webp 300w\" sizes=\"auto, (max-width: 400px) 100vw, 400px\" \/><\/div>\n<\/div>\n<\/div>\n<\/div>\n<div class=\"row\">\n<div class=\"col-12 col-lg-4 pe-lg-4 d-none d-lg-block\"><img loading=\"lazy\" decoding=\"async\" class=\"img-fluid alignnone wp-image-79839 size-full\" src=\"https:\/\/www.omnitrack.com\/wp-content\/uploads\/2023\/03\/flexible-conveyors-skatewheel.webp\" alt=\"Convoyeurs extensibles \u00e0 galets plastiques\" width=\"400\" height=\"500\" srcset=\"https:\/\/www.omnitrack.com\/wp-content\/uploads\/2023\/03\/flexible-conveyors-skatewheel.webp 400w, https:\/\/www.omnitrack.com\/wp-content\/uploads\/2023\/03\/flexible-conveyors-skatewheel-240x300.webp 240w\" sizes=\"auto, (max-width: 400px) 100vw, 400px\" \/><\/div>\n<div class=\"col-12 col-lg-8 ps-lg-0\"><div class=\"switcher mt-3 mt-md-0 mx-2 me-sm-0 ms-sm-5\">    <div class=\"switcher-title\"><b>Conversion de Poids:<\/b> <\/span><\/div>    <button class=\"toggle-unit\" type=\"button\"><span class=\"switch-metric\">M\u00e9trique<\/span><span class=\"switch\"><\/span><span class=\"switch-imperial\">Imp\u00e9rial<\/span><\/button><\/div>[omni_render_flexible_conveyors]<\/div>\n<\/div>\n<\/div>\n<\/section>\n<div class=\"row cpn-section\">\n<div class=\"col\">\n<hr \/>\n<\/div>\n<\/div>\n<section class=\"row cpn-section\">\n<div class=\"col\">\n<div class=\"row mb-3 justify-content-center\">\n<div class=\"col-12 col-lg-4 pe-lg-4 mb-4 mb-lg-0\">\n<h2>Convoyeurs extencibles \u00e0 rouleaux<\/h2>\n<ul class=\"list-check clear-list fontSize-4 fontSize-md-3\">\n<li>pour un meilleur support des articles irr\u00e9guliers\/d\u00e9formables.<\/li>\n<\/ul>\n<\/div>\n<div class=\"col-12 col-sm-7 d-lg-none text-center mb-3\"><img loading=\"lazy\" decoding=\"async\" class=\"img-fluid alignnone wp-image-81091 size-full\" src=\"https:\/\/www.omnitrack.com\/wp-content\/uploads\/2023\/06\/Flexible_Conveyors_Roller_MB.webp\" alt=\"Convoyeurs extensibles \u00e0 Rouleaux\" width=\"892\" height=\"619\" srcset=\"https:\/\/www.omnitrack.com\/wp-content\/uploads\/2023\/06\/Flexible_Conveyors_Roller_MB.webp 892w, https:\/\/www.omnitrack.com\/wp-content\/uploads\/2023\/06\/Flexible_Conveyors_Roller_MB-300x208.webp 300w, https:\/\/www.omnitrack.com\/wp-content\/uploads\/2023\/06\/Flexible_Conveyors_Roller_MB-768x533.webp 768w, https:\/\/www.omnitrack.com\/wp-content\/uploads\/2023\/06\/Flexible_Conveyors_Roller_MB-600x416.webp 600w\" sizes=\"auto, (max-width: 892px) 100vw, 892px\" \/><\/div>\n<div class=\"col-9 col-sm-4 col-lg-8 ps-lg-0\"><div class=\"row g-3 g-lg-4 mb-4\">\n<div class=\"col-12 col-lg-4\"><img loading=\"lazy\" decoding=\"async\" class=\"img-fluid img-border alignnone wp-image-79725 size-full\" src=\"https:\/\/www.omnitrack.com\/wp-content\/uploads\/2024\/09\/flexible_conveyors_1_fr-1.webp\" alt=\"Convoyeurs extensibles\" width=\"400\" height=\"342\" \/><\/div>\n<div class=\"col-12 col-lg-4\"><img loading=\"lazy\" decoding=\"async\" class=\"img-fluid img-border alignnone wp-image-79726 size-full\" src=\"https:\/\/www.omnitrack.com\/wp-content\/uploads\/2024\/09\/flexible_conveyors_2_fr-1.webp\" alt=\"Convoyeurs extensibles\" width=\"400\" height=\"342\" \/><\/div>\n<div class=\"col-12 col-lg-4\"><img loading=\"lazy\" decoding=\"async\" class=\"img-fluid img-border alignnone wp-image-79727 size-full\" src=\"https:\/\/www.omnitrack.com\/wp-content\/uploads\/2023\/03\/Flexible_Conveyors_3-1.webp\" alt=\"Diagramme des convoyeurs extensibles\" width=\"400\" height=\"342\" srcset=\"https:\/\/www.omnitrack.com\/wp-content\/uploads\/2023\/03\/Flexible_Conveyors_3-1.webp 400w, https:\/\/www.omnitrack.com\/wp-content\/uploads\/2023\/03\/Flexible_Conveyors_3-1-300x257.webp 300w\" sizes=\"auto, (max-width: 400px) 100vw, 400px\" \/><\/div>\n<\/div>\n<\/div>\n<\/div>\n<div class=\"row\">\n<div class=\"col-12 col-lg-4 pe-lg-4 d-none d-lg-block\"><img loading=\"lazy\" decoding=\"async\" class=\"img-fluid alignnone wp-image-79087 size-full\" src=\"https:\/\/www.omnitrack.com\/wp-content\/uploads\/2023\/03\/Flexible_Conveyors_Roller.webp\" alt=\"Convoyeurs extensibles \u00e0 Rouleaux\" width=\"600\" height=\"600\" srcset=\"https:\/\/www.omnitrack.com\/wp-content\/uploads\/2023\/03\/Flexible_Conveyors_Roller.webp 600w, https:\/\/www.omnitrack.com\/wp-content\/uploads\/2023\/03\/Flexible_Conveyors_Roller-300x300.webp 300w, https:\/\/www.omnitrack.com\/wp-content\/uploads\/2023\/03\/Flexible_Conveyors_Roller-150x150.webp 150w, https:\/\/www.omnitrack.com\/wp-content\/uploads\/2023\/03\/Flexible_Conveyors_Roller-100x100.webp 100w\" sizes=\"auto, (max-width: 600px) 100vw, 600px\" \/><\/div>\n<div class=\"col-12 col-lg-8 ps-lg-0\"><div class=\"switcher mt-3 mt-md-0 mx-2 me-sm-0 ms-sm-5\">    <div class=\"switcher-title\"><b>Conversion de Poids:<\/b> <\/span><\/div>    <button class=\"toggle-unit\" type=\"button\"><span class=\"switch-metric\">M\u00e9trique<\/span><span class=\"switch\"><\/span><span class=\"switch-imperial\">Imp\u00e9rial<\/span><\/button><\/div>[omni_render_flexible_rollers]<\/div>\n<\/div>\n<\/div>\n<\/section>\n<div class=\"row cpn-section\">\n<div class=\"col\">\n<hr \/>\n<\/div>\n<\/div>\n<section class=\"row cpn-section pb-5\">\n<div class=\"col\">\n<div class=\"row mb-3\">\n<div class=\"col\">\n<h2>Pi\u00e8ces optionnelles<\/h2>\n<\/div>\n<\/div>\n<ul class=\"row clear-list optional-parts-list\">\n<li class=\"col-12 col-sm-6 col-md-3 mb-4 mb-lg-0\">\n<div class=\"row\">\n<div class=\"col-6 col-md-12\"><img loading=\"lazy\" decoding=\"async\" class=\"img-fluid img-border mb-3 alignnone wp-image-79841 size-full\" src=\"https:\/\/www.omnitrack.com\/wp-content\/uploads\/2023\/03\/CH1_Connecting_Hook-1.webp\" alt=\"Crochet de connexion pour convoyeurs extencbles\" width=\"490\" height=\"356\" srcset=\"https:\/\/www.omnitrack.com\/wp-content\/uploads\/2023\/03\/CH1_Connecting_Hook-1.webp 490w, https:\/\/www.omnitrack.com\/wp-content\/uploads\/2023\/03\/CH1_Connecting_Hook-1-300x218.webp 300w\" sizes=\"auto, (max-width: 490px) 100vw, 490px\" \/><\/div>\n<div class=\"col-6 col-md-12 text-md-center\">\n<h3>Crochets de connexion (1 paire)<\/h3>\n<p><small>CH1 &#8211; Relier plusieurs convoyeurs entre eux.<\/small><br \/>\n<span class=\"from-price\">\u00e0 partir de<\/span> <span class=\"woocommerce-Price-amount amount\"><bdi>46,08<span class=\"woocommerce-Price-currencySymbol\">&euro;<\/span><\/bdi><\/span><br \/>\n<button class=\"btn-table orange-one btn-add-to-cart\" type=\"button\" data-action=\"add-to-cart\" data-post-id=\"92495\" data-sku=\"CH1\" data-price=\"&lt;span class=&quot;woocommerce-Price-amount amount&quot;&gt;&lt;bdi&gt;46,08&lt;span class=&quot;woocommerce-Price-currencySymbol&quot;&gt;&euro;&lt;\/span&gt;&lt;\/bdi&gt;&lt;\/span&gt;\"  ><img decoding=\"async\" src=\"https:\/\/www.omnitrack.com\/wp-content\/themes\/omnitrack2023\/images\/cart-orange.svg\" alt=\"Cart icon\"> Buy now<\/button><\/div>\n<\/div>\n<\/li>\n<li class=\"col-12 col-sm-6 col-md-3 mb-4 mb-lg-0\">\n<div class=\"row\">\n<div class=\"col-6 col-md-12\"><img loading=\"lazy\" decoding=\"async\" class=\"img-fluid img-border mb-3 alignnone wp-image-79842 size-full\" src=\"https:\/\/www.omnitrack.com\/wp-content\/uploads\/2023\/03\/ES400_ES600_End_Stops.webp\" alt=\"ES400 ES600 But\u00e9es d'extr\u00e9mit\u00e9 Convoyeurs flexibles\" width=\"490\" height=\"356\" srcset=\"https:\/\/www.omnitrack.com\/wp-content\/uploads\/2023\/03\/ES400_ES600_End_Stops.webp 490w, https:\/\/www.omnitrack.com\/wp-content\/uploads\/2023\/03\/ES400_ES600_End_Stops-300x218.webp 300w\" sizes=\"auto, (max-width: 490px) 100vw, 490px\" \/><\/div>\n<div class=\"col-6 col-md-12 text-md-center\">\n<h3>But\u00e9e d&rsquo;extr\u00e9mit\u00e9 (largeur 400mm)<\/h3>\n<p><small>ES400<\/small><br \/>\n<span class=\"from-price\">\u00e0 partir de<\/span> <span class=\"woocommerce-Price-amount amount\"><bdi>67,68<span class=\"woocommerce-Price-currencySymbol\">&euro;<\/span><\/bdi><\/span><br \/>\n<button class=\"btn-table orange-one btn-add-to-cart\" type=\"button\" data-action=\"add-to-cart\" data-post-id=\"92484\" data-sku=\"ES400\" data-price=\"&lt;span class=&quot;woocommerce-Price-amount amount&quot;&gt;&lt;bdi&gt;67,68&lt;span class=&quot;woocommerce-Price-currencySymbol&quot;&gt;&euro;&lt;\/span&gt;&lt;\/bdi&gt;&lt;\/span&gt;\"  ><img decoding=\"async\" src=\"https:\/\/www.omnitrack.com\/wp-content\/themes\/omnitrack2023\/images\/cart-orange.svg\" alt=\"Cart icon\"> Buy now<\/button><\/div>\n<\/div>\n<\/li>\n<li class=\"col-12 col-sm-6 col-md-3 mb-4 mb-lg-0\">\n<div class=\"row\">\n<div class=\"col-6 col-md-12\"><img loading=\"lazy\" decoding=\"async\" class=\"img-fluid img-border mb-3 alignnone wp-image-79842 size-full\" src=\"https:\/\/www.omnitrack.com\/wp-content\/uploads\/2023\/03\/ES400_ES600_End_Stops.webp\" alt=\"ES400 ES600 But\u00e9es d'extr\u00e9mit\u00e9 Convoyeurs flexibles\" width=\"490\" height=\"356\" srcset=\"https:\/\/www.omnitrack.com\/wp-content\/uploads\/2023\/03\/ES400_ES600_End_Stops.webp 490w, https:\/\/www.omnitrack.com\/wp-content\/uploads\/2023\/03\/ES400_ES600_End_Stops-300x218.webp 300w\" sizes=\"auto, (max-width: 490px) 100vw, 490px\" \/><\/div>\n<div class=\"col-6 col-md-12 text-md-center\">\n<h3>But\u00e9e d&rsquo;extr\u00e9mit\u00e9 (largeur 600 mm)<\/h3>\n<p><small>ES600<\/small><br \/>\n<span class=\"from-price\">\u00e0 partir de<\/span> <span class=\"woocommerce-Price-amount amount\"><bdi>67,68<span class=\"woocommerce-Price-currencySymbol\">&euro;<\/span><\/bdi><\/span><br \/>\n<button class=\"btn-table orange-one btn-add-to-cart\" type=\"button\" data-action=\"add-to-cart\" data-post-id=\"92485\" data-sku=\"ES600\" data-price=\"&lt;span class=&quot;woocommerce-Price-amount amount&quot;&gt;&lt;bdi&gt;67,68&lt;span class=&quot;woocommerce-Price-currencySymbol&quot;&gt;&euro;&lt;\/span&gt;&lt;\/bdi&gt;&lt;\/span&gt;\"  ><img decoding=\"async\" src=\"https:\/\/www.omnitrack.com\/wp-content\/themes\/omnitrack2023\/images\/cart-orange.svg\" alt=\"Cart icon\"> Buy now<\/button><\/div>\n<\/div>\n<\/li>\n<li class=\"col-12 col-sm-6 col-md-3 mb-4 mb-lg-0\">\n<div class=\"row\">\n<div class=\"col-6 col-md-12\"><a href=\"https:\/\/www.omnitrack.com\/fr\/ball-transfer-tables-platforms\/\"><img loading=\"lazy\" decoding=\"async\" class=\"img-fluid img-border mb-3 alignnone wp-image-79708 size-full\" src=\"https:\/\/www.omnitrack.com\/wp-content\/uploads\/2024\/09\/ball_platforms_tables.webp\" alt=\"Tables \u00e0 billes Convoyeurs extensibles\" width=\"316\" height=\"236\" \/><\/a><\/div>\n<div class=\"col-6 col-md-12 text-md-center\">\n<h3>Plates-formes et tables \u00e0 billes<\/h3>\n<p><small><a href=\"https:\/\/www.omnitrack.com\/fr\/ball-transfer-tables-platforms\/\">Il faut \u00e9galement prendre en compte<\/a><\/small><\/div>\n<\/div>\n<\/li>\n<\/ul>\n<\/div>\n<\/section>\n<section id=\"cant-find\" class=\"row cpn-section py-5 two justify-content-between\"><div class=\"col-12 col-sm-6 col-lg-7 py-lg-4 pe-lg-5\">\n<h3 class=\"fontSize-2 fontSize-md-1\">Vous ne trouvez pas ce que vous cherchez?<\/h3>\n<p class=\"fontSize-4\">Essayez de rechercher des mots-cl\u00e9s, num\u00e9ros r\u00e9fr\u00e9rence, capacit\u00e8 de charge et types de fixation.<\/p>\n<div class=\"input-group\"><form class=\"form-search\"><div class=\"input-group\">  <input type=\"text\" name=\"s\" class=\"form-control field\" placeholder=\"Recherche de r\u00e9f\u00e8rence #\">  <input type=\"hidden\" name=\"post-type\" value=\"product\"><\/div><\/form><\/div>\n<\/div>\n<div class=\"col-12 col-sm-6 col-lg-5 py-lg-4 pt-4 pt-sm-0\">\n<h3 class=\"fontSize-2 fontSize-md-1\">Free technical advice<\/h3>\n<p class=\"fontSize-4\">Phone: <b><a href=\"tel:+330187210069\">+33 01 8721 0069<\/a><\/b><\/p>\n<p class=\"fontSize-4\">Email: <b><a href=\"mailto:info@omnitrack.com\">info@omnitrack.com<\/a><\/b><\/p>\n<div class=\"mt-4\"> <a class=\"btn-ot green me-2 mb-3 mb-md-0 w100-mobile\" href=\"https:\/\/wa.me\/447759128207\" target=\"_blank\" rel=\"noopener\"><img decoding=\"async\" loading=\"lazy\" src=\"https:\/\/www.omnitrack.com\/wp-content\/themes\/omnitrack2023\/images\/icon-whatsapp.svg\"  alt=\"WhatsApp Omnitrack\"  \/> WhatsApp<\/a> <a class=\"btn-ot w100-mobile\" href=\"https:\/\/calendly.com\/omnitrack\/15min\" target=\"_blank\" rel=\"noopener\"><img decoding=\"async\" loading=\"lazy\" src=\"https:\/\/www.omnitrack.com\/wp-content\/themes\/omnitrack2023\/images\/icon-schedule.svg\"  alt=\"Planifier un appel t\u00e9l\u00e9phonique avec Omnitrack\"  \/> Planifier un appel<\/a><\/div>\n<\/div>\n<\/section>\n","protected":false},"excerpt":{"rendered":"<p>Convoyeurs extensibles Omnitrack \u2013 Modules de convoyage polyvalents et mobiles. Les convoyeurs compacts s&rsquo;\u00e9tendent jusqu&rsquo;\u00e0 3,6 fois leur longueur r\u00e9tract\u00e9e et les roulettes robustes sont verrouill\u00e9es une fois positionn\u00e9es. Tous les mod\u00e8les sont r\u00e9glables en hauteur et assembl\u00e9s avec des rgalets pour les articles plats et les virages plus serr\u00e9s, ou avec des rouleaux pour [&hellip;]<\/p>\n","protected":false},"author":7,"featured_media":0,"parent":93496,"menu_order":0,"comment_status":"closed","ping_status":"closed","template":"page-flexible-conveyors.php","meta":{"inline_featured_image":false,"footnotes":""},"class_list":["post-93508","page","type-page","status-publish","hentry"],"acf":[],"_links":{"self":[{"href":"https:\/\/www.omnitrack.com\/fr\/wp-json\/wp\/v2\/pages\/93508","targetHints":{"allow":["GET"]}}],"collection":[{"href":"https:\/\/www.omnitrack.com\/fr\/wp-json\/wp\/v2\/pages"}],"about":[{"href":"https:\/\/www.omnitrack.com\/fr\/wp-json\/wp\/v2\/types\/page"}],"author":[{"embeddable":true,"href":"https:\/\/www.omnitrack.com\/fr\/wp-json\/wp\/v2\/users\/7"}],"replies":[{"embeddable":true,"href":"https:\/\/www.omnitrack.com\/fr\/wp-json\/wp\/v2\/comments?post=93508"}],"version-history":[{"count":3,"href":"https:\/\/www.omnitrack.com\/fr\/wp-json\/wp\/v2\/pages\/93508\/revisions"}],"predecessor-version":[{"id":106023,"href":"https:\/\/www.omnitrack.com\/fr\/wp-json\/wp\/v2\/pages\/93508\/revisions\/106023"}],"up":[{"embeddable":true,"href":"https:\/\/www.omnitrack.com\/fr\/wp-json\/wp\/v2\/pages\/93496"}],"wp:attachment":[{"href":"https:\/\/www.omnitrack.com\/fr\/wp-json\/wp\/v2\/media?parent=93508"}],"curies":[{"name":"wp","href":"https:\/\/api.w.org\/{rel}","templated":true}]}}