{"id":93507,"date":"2023-03-28T13:40:58","date_gmt":"2023-03-28T13:40:58","guid":{"rendered":"https:\/\/www.omnitrack.com\/wheels-castors\/ball-tables-rails-skates\/"},"modified":"2024-10-21T17:07:16","modified_gmt":"2024-10-21T17:07:16","slug":"tables-rails-et-platines-a-billes","status":"publish","type":"page","link":"https:\/\/www.omnitrack.com\/fr\/roues-et-roulettes\/tables-rails-et-platines-a-billes\/","title":{"rendered":"Tables, rails et platines a billes"},"content":{"rendered":"<section id=\"header-product-one\" class=\"row cpn-section\">\n<div class=\"col\"><header class=\"row\">    <div class=\"col\">        <nav id=\"breadcrumb\">                    <\/nav>        <h1 class=\"fontSize-1\">Tables, rails et platines a billes<\/h1>    <\/div>    <\/header><\/div>\n<div><span style=\"font-size: 24px;\"><strong>Tables \u00e0 billes, rails \u00e0 billes et patins a billes<\/strong><\/span><\/div>\n<\/section>\n<section id=\"category-list-two\" class=\"row cpn-section pb-5\">\n<div class=\"col\"><ul class=\"row ps-0 category-list g-3 g-sm-4\"><li class=\"col-6 col-sm-4 col-lg-3 col-xl-3 col-xxl-20 \">    <a href=\"https:\/\/www.omnitrack.com\/fr\/tables-et-plates-formes-a-billes\/?\" class=\"category-list-item\" alt=\"Tables\">        <img loading=\"lazy\" decoding=\"async\" width=\"150\" height=\"150\" src=\"https:\/\/www.omnitrack.com\/wp-content\/uploads\/2023\/03\/Ball-Tables-1.webp\" class=\"img-fluid\" alt=\"Table\" srcset=\"https:\/\/www.omnitrack.com\/wp-content\/uploads\/2023\/03\/Ball-Tables-1.webp 600w, https:\/\/www.omnitrack.com\/wp-content\/uploads\/2023\/03\/Ball-Tables-1-300x300.webp 300w, https:\/\/www.omnitrack.com\/wp-content\/uploads\/2023\/03\/Ball-Tables-1-150x150.webp 150w, https:\/\/www.omnitrack.com\/wp-content\/uploads\/2023\/03\/Ball-Tables-1-100x100.webp 100w\" sizes=\"auto, (max-width: 150px) 100vw, 150px\" \/>        <h3 class=\"fontSize-4 fontSize-sm-3 mb-0 mb-sm-2\">Tables<\/h3>                    <\/a><\/li><li class=\"col-6 col-sm-4 col-lg-3 col-xl-3 col-xxl-20 \">    <a href=\"https:\/\/www.omnitrack.com\/fr\/ball-transfer-units\/light-duty\/ball-transfer-rails\/\" class=\"category-list-item\" alt=\"Rails\">        <img loading=\"lazy\" decoding=\"async\" width=\"150\" height=\"150\" src=\"https:\/\/www.omnitrack.com\/wp-content\/uploads\/2023\/03\/R15-1.webp\" class=\"img-fluid\" alt=\"Rails\" srcset=\"https:\/\/www.omnitrack.com\/wp-content\/uploads\/2023\/03\/R15-1.webp 600w, https:\/\/www.omnitrack.com\/wp-content\/uploads\/2023\/03\/R15-1-300x300.webp 300w, https:\/\/www.omnitrack.com\/wp-content\/uploads\/2023\/03\/R15-1-150x150.webp 150w, https:\/\/www.omnitrack.com\/wp-content\/uploads\/2023\/03\/R15-1-100x100.webp 100w\" sizes=\"auto, (max-width: 150px) 100vw, 150px\" \/>        <h3 class=\"fontSize-4 fontSize-sm-3 mb-0 mb-sm-2\">Rails<\/h3>                    <\/a><\/li><li class=\"col-6 col-sm-4 col-lg-3 col-xl-3 col-xxl-20 \">    <a href=\"https:\/\/www.omnitrack.com\/fr\/wheels-castors\/ball-tables-rails-skates\/ball-transfer-skates-accessories\/\" class=\"category-list-item\" alt=\"Patins\">        <img loading=\"lazy\" decoding=\"async\" width=\"140\" height=\"140\" src=\"https:\/\/www.omnitrack.com\/wp-content\/uploads\/2023\/03\/skates-industrial.webp\" class=\"img-fluid\" alt=\"industrial skates\" srcset=\"https:\/\/www.omnitrack.com\/wp-content\/uploads\/2023\/03\/skates-industrial.webp 140w, https:\/\/www.omnitrack.com\/wp-content\/uploads\/2023\/03\/skates-industrial-100x100.webp 100w\" sizes=\"auto, (max-width: 140px) 100vw, 140px\" \/>        <h3 class=\"fontSize-4 fontSize-sm-3 mb-0 mb-sm-2\">Patins<\/h3>                    <\/a><\/li><\/ul><\/div>\n<\/section>\n<section id=\"cant-find\" class=\"row cpn-section py-5 two justify-content-between\"><div class=\"col-12 col-sm-6 col-lg-7 py-lg-4 pe-lg-5\">\n<h3 class=\"fontSize-2 fontSize-md-1\">Vous ne trouvez pas ce que vous cherchez?<\/h3>\n<p class=\"fontSize-4\">Essayez de rechercher des mots-cl\u00e9s, num\u00e9ros r\u00e9fr\u00e9rence, capacit\u00e8 de charge et types de fixation.<\/p>\n<div class=\"input-group\"><form class=\"form-search\"><div class=\"input-group\">  <input type=\"text\" name=\"s\" class=\"form-control field\" placeholder=\"Recherche de r\u00e9f\u00e8rence #\">  <input type=\"hidden\" name=\"post-type\" value=\"product\"><\/div><\/form><\/div>\n<\/div>\n<div class=\"col-12 col-sm-6 col-lg-5 py-lg-4 pt-4 pt-sm-0\">\n<h3 class=\"fontSize-2 fontSize-md-1\">Free technical advice<\/h3>\n<p class=\"fontSize-4\">Phone: <b><a href=\"tel:+330187210069\">+33 01 8721 0069<\/a><\/b><\/p>\n<p class=\"fontSize-4\">Email: <b><a href=\"mailto:info@omnitrack.com\">info@omnitrack.com<\/a><\/b><\/p>\n<div class=\"mt-4\"> <a class=\"btn-ot green me-2 mb-3 mb-md-0 w100-mobile\" href=\"https:\/\/wa.me\/447759128207\" target=\"_blank\" rel=\"noopener\"><img decoding=\"async\" loading=\"lazy\" src=\"https:\/\/www.omnitrack.com\/wp-content\/themes\/omnitrack2023\/images\/icon-whatsapp.svg\"  alt=\"WhatsApp Omnitrack\"  \/> WhatsApp<\/a> <a class=\"btn-ot w100-mobile\" href=\"https:\/\/calendly.com\/omnitrack\/15min\" target=\"_blank\" rel=\"noopener\"><img decoding=\"async\" loading=\"lazy\" src=\"https:\/\/www.omnitrack.com\/wp-content\/themes\/omnitrack2023\/images\/icon-schedule.svg\"  alt=\"Planifier un appel t\u00e9l\u00e9phonique avec Omnitrack\"  \/> Planifier un appel<\/a><\/div>\n<\/div>\n<\/section>\n","protected":false},"excerpt":{"rendered":"<p>Tables \u00e0 billes, rails \u00e0 billes et patins a billes<\/p>\n","protected":false},"author":7,"featured_media":0,"parent":93496,"menu_order":0,"comment_status":"closed","ping_status":"closed","template":"","meta":{"inline_featured_image":false,"footnotes":""},"class_list":["post-93507","page","type-page","status-publish","hentry"],"acf":[],"_links":{"self":[{"href":"https:\/\/www.omnitrack.com\/fr\/wp-json\/wp\/v2\/pages\/93507","targetHints":{"allow":["GET"]}}],"collection":[{"href":"https:\/\/www.omnitrack.com\/fr\/wp-json\/wp\/v2\/pages"}],"about":[{"href":"https:\/\/www.omnitrack.com\/fr\/wp-json\/wp\/v2\/types\/page"}],"author":[{"embeddable":true,"href":"https:\/\/www.omnitrack.com\/fr\/wp-json\/wp\/v2\/users\/7"}],"replies":[{"embeddable":true,"href":"https:\/\/www.omnitrack.com\/fr\/wp-json\/wp\/v2\/comments?post=93507"}],"version-history":[{"count":4,"href":"https:\/\/www.omnitrack.com\/fr\/wp-json\/wp\/v2\/pages\/93507\/revisions"}],"predecessor-version":[{"id":107909,"href":"https:\/\/www.omnitrack.com\/fr\/wp-json\/wp\/v2\/pages\/93507\/revisions\/107909"}],"up":[{"embeddable":true,"href":"https:\/\/www.omnitrack.com\/fr\/wp-json\/wp\/v2\/pages\/93496"}],"wp:attachment":[{"href":"https:\/\/www.omnitrack.com\/fr\/wp-json\/wp\/v2\/media?parent=93507"}],"curies":[{"name":"wp","href":"https:\/\/api.w.org\/{rel}","templated":true}]}}