{"id":93500,"date":"2023-02-08T00:48:32","date_gmt":"2023-02-08T00:48:32","guid":{"rendered":"https:\/\/www.omnitrack.com\/ball-transfer-units\/pneumatic-rails\/"},"modified":"2024-09-25T12:01:59","modified_gmt":"2024-09-25T12:01:59","slug":"rails-pneumatiques","status":"publish","type":"page","link":"https:\/\/www.omnitrack.com\/fr\/billes-de-manutention\/rails-pneumatiques\/","title":{"rendered":"Rails pneumatiques"},"content":{"rendered":"<section class=\"row cpn-section\"><div><ul class=\"row justify-content-between category-list clear-list g-3 g-sm-4\"><li class=\"col-6 col-sm-4 col-lg-3 col-xl-3 col-xxl-20 \">    <a href=\"https:\/\/www.omnitrack.com\/fr\/ball-transfer-units\/pneumatic-ball-transfers\/\" class=\"category-list-item\" alt=\"Billes de manutention pneumatiques\">        <img loading=\"lazy\" decoding=\"async\" width=\"150\" height=\"150\" src=\"https:\/\/www.omnitrack.com\/wp-content\/uploads\/2023\/03\/Pneumatic_Balls-1.webp\" class=\"img-fluid\" alt=\"pneumatic balls\" srcset=\"https:\/\/www.omnitrack.com\/wp-content\/uploads\/2023\/03\/Pneumatic_Balls-1.webp 420w, https:\/\/www.omnitrack.com\/wp-content\/uploads\/2023\/03\/Pneumatic_Balls-1-300x300.webp 300w, https:\/\/www.omnitrack.com\/wp-content\/uploads\/2023\/03\/Pneumatic_Balls-1-150x150.webp 150w, https:\/\/www.omnitrack.com\/wp-content\/uploads\/2023\/03\/Pneumatic_Balls-1-100x100.webp 100w\" sizes=\"auto, (max-width: 150px) 100vw, 150px\" \/>        <h3 class=\"fontSize-4 fontSize-sm-3 mb-0 mb-sm-2\">Billes de manutention pneumatiques<\/h3>                    <\/a><\/li><li class=\"col-6 col-sm-4 col-lg-3 col-xl-3 col-xxl-20 \">    <a href=\"https:\/\/www.omnitrack.com\/fr\/ball-transfer-units\/pneumatic-stops\/\" class=\"category-list-item\" alt=\"Coussins pneumatiques\">        <img loading=\"lazy\" decoding=\"async\" width=\"150\" height=\"150\" src=\"https:\/\/www.omnitrack.com\/wp-content\/uploads\/2023\/03\/PS25-1.webp\" class=\"img-fluid\" alt=\"pneumatic\" srcset=\"https:\/\/www.omnitrack.com\/wp-content\/uploads\/2023\/03\/PS25-1.webp 400w, https:\/\/www.omnitrack.com\/wp-content\/uploads\/2023\/03\/PS25-1-300x300.webp 300w, https:\/\/www.omnitrack.com\/wp-content\/uploads\/2023\/03\/PS25-1-150x150.webp 150w, https:\/\/www.omnitrack.com\/wp-content\/uploads\/2023\/03\/PS25-1-100x100.webp 100w\" sizes=\"auto, (max-width: 150px) 100vw, 150px\" \/>        <h3 class=\"fontSize-4 fontSize-sm-3 mb-0 mb-sm-2\">Coussins pneumatiques<\/h3>                    <\/a><\/li><li class=\"col-6 col-sm-4 col-lg-3 col-xl-3 col-xxl-20 \">    <a href=\"https:\/\/www.omnitrack.com\/fr\/ball-transfer-units\/pneumatic-linear-rollers\/\" class=\"category-list-item\" alt=\"Rouleaux pneumatiques\">        <img loading=\"lazy\" decoding=\"async\" width=\"150\" height=\"150\" src=\"https:\/\/www.omnitrack.com\/wp-content\/uploads\/2023\/03\/PW25-1.webp\" class=\"img-fluid\" alt=\"pneumatic\" srcset=\"https:\/\/www.omnitrack.com\/wp-content\/uploads\/2023\/03\/PW25-1.webp 400w, https:\/\/www.omnitrack.com\/wp-content\/uploads\/2023\/03\/PW25-1-300x300.webp 300w, https:\/\/www.omnitrack.com\/wp-content\/uploads\/2023\/03\/PW25-1-150x150.webp 150w, https:\/\/www.omnitrack.com\/wp-content\/uploads\/2023\/03\/PW25-1-100x100.webp 100w\" sizes=\"auto, (max-width: 150px) 100vw, 150px\" \/>        <h3 class=\"fontSize-4 fontSize-sm-3 mb-0 mb-sm-2\">Rouleaux pneumatiques<\/h3>                    <\/a><\/li><li class=\"col-6 col-sm-4 col-lg-3 col-xl-3 col-xxl-20 current-item\">    <a href=\"https:\/\/www.omnitrack.com\/fr\/ball-transfer-units\/pneumatic-rails\/\" class=\"category-list-item\" alt=\"Rails pneumatiques\">        <img loading=\"lazy\" decoding=\"async\" width=\"150\" height=\"150\" src=\"https:\/\/www.omnitrack.com\/wp-content\/uploads\/2023\/03\/Pneumatic_Rails.webp\" class=\"img-fluid\" alt=\"pneumatic rails\" srcset=\"https:\/\/www.omnitrack.com\/wp-content\/uploads\/2023\/03\/Pneumatic_Rails.webp 420w, https:\/\/www.omnitrack.com\/wp-content\/uploads\/2023\/03\/Pneumatic_Rails-300x300.webp 300w, https:\/\/www.omnitrack.com\/wp-content\/uploads\/2023\/03\/Pneumatic_Rails-150x150.webp 150w, https:\/\/www.omnitrack.com\/wp-content\/uploads\/2023\/03\/Pneumatic_Rails-100x100.webp 100w\" sizes=\"auto, (max-width: 150px) 100vw, 150px\" \/>        <h3 class=\"fontSize-4 fontSize-sm-3 mb-0 mb-sm-2\">Rails pneumatiques<\/h3>                    <\/a><\/li><\/ul><\/div>\n<\/section>\n<div class=\"row cpn-section\">\n<div class=\"col\">\n<hr \/>\n<\/div>\n<\/div>\n<section class=\"row cpn-section pb-4\">\n<div class=\"col\">\n<header class=\"row\">\n<div class=\"col mb-3 mb-md-0\">\n<nav class=\"breadcrumb\"><\/nav>\n<h1 class=\"fontSize-1\">Rails pneumatiques haute pression<\/h1>\n<\/div>\n<\/header>\n<div class=\"row mb-3 mb-md-0\">\n<div class=\"col fontSize-4\">\n<p>Les billes et les rails sont tous \u00e9quip\u00e9s d&rsquo;un connecteur en T pour faciliter l&rsquo;int\u00e9gration. Tubes haute et basse pression, connecteurs et embouts. A configurer avec des interrupteurs et des r\u00e9gulateurs pour un contr\u00f4le polyvalent. Les bouchons d&rsquo;obturation appropri\u00e9s sont automatiquement fournis avec chaque commande. D&rsquo;autres mat\u00e9riaux et tailles de billes sont disponibles.<\/p>\n<\/div>\n<\/div>\n<div class=\"row fontSize-4 fontSize-md-3\">\n<div class=\"col col-lg-auto\"><img loading=\"lazy\" decoding=\"async\" class=\"img-fluid alignnone wp-image-79831 size-full\" src=\"https:\/\/www.omnitrack.com\/wp-content\/uploads\/2023\/03\/Diagram_PB22_PB28_PB36.webp\" alt=\"Billes pneumatiques (rails) PB22 PB28 PB36 Sch\u00e9ma des rails pneumatiques\" width=\"500\" height=\"375\" srcset=\"https:\/\/www.omnitrack.com\/wp-content\/uploads\/2023\/03\/Diagram_PB22_PB28_PB36.webp 500w, https:\/\/www.omnitrack.com\/wp-content\/uploads\/2023\/03\/Diagram_PB22_PB28_PB36-300x225.webp 300w\" sizes=\"auto, (max-width: 500px) 100vw, 500px\" \/><\/p>\n<div class=\"fw-bold text-center\">PB22, PB28 &amp; PB36<\/div>\n<\/div>\n<div class=\"col col-lg-auto\"><img loading=\"lazy\" decoding=\"async\" class=\"img-fluid alignnone wp-image-79832 size-full\" src=\"https:\/\/www.omnitrack.com\/wp-content\/uploads\/2023\/03\/Diagram_PW22-1.webp\" alt=\"Pneumatic Rollers (Rails) PW22 Diagram Pneumatic Rails\" width=\"500\" height=\"375\" srcset=\"https:\/\/www.omnitrack.com\/wp-content\/uploads\/2023\/03\/Diagram_PW22-1.webp 500w, https:\/\/www.omnitrack.com\/wp-content\/uploads\/2023\/03\/Diagram_PW22-1-300x225.webp 300w\" sizes=\"auto, (max-width: 500px) 100vw, 500px\" \/><\/p>\n<div class=\"fw-bold text-center\">PW22, PW28 &amp; PW36<\/div>\n<\/div>\n<\/div>\n<\/div>\n<\/section>\n<section id=\"part-table-one\" class=\"row cpn-section\">\n<div class=\"col\"><div class=\"switcher mt-3 mt-md-0 mx-2 me-sm-0 ms-sm-5\">    <div class=\"switcher-title\"><b>Conversion de Poids:<\/b> <\/span><\/div>    <button class=\"toggle-unit\" type=\"button\"><span class=\"switch-metric\">M\u00e9trique<\/span><span class=\"switch\"><\/span><span class=\"switch-imperial\">Imp\u00e9rial<\/span><\/button><\/div> [omni_render_table_pneumatic_rails_high class-container=\u00a0\u00bbtable-scroll table-mobi\u00a0\u00bb]<\/div>\n<\/section>\n<div class=\"row cpn-section\">\n<div class=\"col\">\n<hr \/>\n<\/div>\n<\/div>\n<section id=\"low-pressure-pneumatic-rails\" class=\"row cpn-section pb-4\"><div class=\"col\">\n<header class=\"row\">\n<div class=\"col mb-3 mb-md-0\">\n<h2 class=\"fontSize-1\">Rails pneumatiques basse pression<\/h2>\n<\/div>\n<\/header>\n<div class=\"row\">\n<div class=\"col-12 col-md-4 pe-md-4 fontSize-4 mb-3 mb-md-0\">\n<p>Dans les syst\u00e8mes \u00e0 basse pression, la longueur des tubes doit \u00eatre augment\u00e9e ou modifi\u00e9e \u00e0 l&rsquo;aide des raccords en ligne optionnels (TC4) car les tubes et les raccords ne sont pas con\u00e7us pour \u00eatre s\u00e9par\u00e9s une fois assembl\u00e9s.<\/p>\n<p>Les bouchons d&rsquo;obturation appropri\u00e9s sont automatiquement fournis avec chaque commande.<\/p>\n<p>D&rsquo;autres mat\u00e9riaux et tailles de billes sont disponibles.<\/p>\n<\/div>\n<div class=\"col-12 col-md-8\"><img loading=\"lazy\" decoding=\"async\" class=\"img-fluid alignnone wp-image-79728 size-full\" src=\"https:\/\/www.omnitrack.com\/wp-content\/uploads\/2024\/10\/diagram_PB25_PS25_rail_fr.webp\" alt=\"Billes \/ but\u00e9es pneumatiques (rails) PB25 Sch\u00e9ma PS25\" width=\"801\" height=\"340\" \/><\/div>\n<\/div>\n<\/div>\n<\/section>\n<section id=\"part-table-tow\" class=\"row cpn-section\">\n<div class=\"col\"><div class=\"switcher mt-3 mt-md-0 mx-2 me-sm-0 ms-sm-5\">    <div class=\"switcher-title\"><b>Conversion de Poids:<\/b> <\/span><\/div>    <button class=\"toggle-unit\" type=\"button\"><span class=\"switch-metric\">M\u00e9trique<\/span><span class=\"switch\"><\/span><span class=\"switch-imperial\">Imp\u00e9rial<\/span><\/button><\/div> [omni_render_table_pneumatic_rails_low class-container=\u00a0\u00bbtable-no-scroll table-mobi\u00a0\u00bb]<\/div>\n<\/section>\n<div class=\"row cpn-section\">\n<div class=\"col\">\n<hr \/>\n<\/div>\n<\/div>\n<section id=\"accessories\" class=\"row cpn-section\">\n<div class=\"col\">\n<h2>Accessoires<\/h2>\n<div><div class=\"select-pressure\"><span class=\"d-block d-sm-inline mb-3 mb-sm-0\">S\u00e9lectionner la pression:<\/span>\t<label class=\"active\"><input type='radio' value='both' name='selectPressure' checked \/> <span class=\"all\">Tous<\/span><\/label>\t<label><input type='radio' value='high' name='selectPressure' \/> <span class=\"high\">Haut<\/span><\/label>\t<label><input type='radio' value='low' name='selectPressure' \/> <span class=\"low\">Faible<\/span><\/label><\/div>\t<div class=\"omni-slider pneumatic-accessories\" data-pressure=\"both\" id=\"pneumatic-accessories\">\t<ul class=\"omni-slider-track\"><li class=\"both-pressure\">    <img loading=\"lazy\" decoding=\"async\" width=\"150\" height=\"150\" src=\"https:\/\/www.omnitrack.com\/wp-content\/uploads\/2023\/03\/Regulator_AV6.webp\" class=\"img-fluid\" alt=\"regulator\" srcset=\"https:\/\/www.omnitrack.com\/wp-content\/uploads\/2023\/03\/Regulator_AV6.webp 800w, https:\/\/www.omnitrack.com\/wp-content\/uploads\/2023\/03\/Regulator_AV6-300x300.webp 300w, https:\/\/www.omnitrack.com\/wp-content\/uploads\/2023\/03\/Regulator_AV6-150x150.webp 150w, https:\/\/www.omnitrack.com\/wp-content\/uploads\/2023\/03\/Regulator_AV6-768x768.webp 768w, https:\/\/www.omnitrack.com\/wp-content\/uploads\/2023\/03\/Regulator_AV6-600x600.webp 600w, https:\/\/www.omnitrack.com\/wp-content\/uploads\/2023\/03\/Regulator_AV6-100x100.webp 100w\" sizes=\"auto, (max-width: 150px) 100vw, 150px\" \/>    <small>Haute et basse pression<\/small>    <h3>Valve de r\u00e9gulation<\/h3>    <h4>AV6<\/h4>            <span class=\"from\">\u00c0 partir de <span class=\"woocommerce-Price-amount amount\"><bdi>81,09<span class=\"woocommerce-Price-currencySymbol\">&euro;<\/span><\/bdi><\/span><\/span>            <button class=\"btn-table orange-one btn-add-to-cart\" type=\"button\" data-action=\"add-to-cart\" data-post-id=\"92441\" data-sku=\"AV6\" data-price=\"&lt;span class=&quot;woocommerce-Price-amount amount&quot;&gt;&lt;bdi&gt;81,09&lt;span class=&quot;woocommerce-Price-currencySymbol&quot;&gt;&euro;&lt;\/span&gt;&lt;\/bdi&gt;&lt;\/span&gt;\"  ><img decoding=\"async\" src=\"https:\/\/www.omnitrack.com\/wp-content\/themes\/omnitrack2023\/images\/cart-orange.svg\" alt=\"Cart icon\"> Acheter<\/button><\/li><li class=\"both-pressure\">    <img loading=\"lazy\" decoding=\"async\" width=\"150\" height=\"150\" src=\"https:\/\/www.omnitrack.com\/wp-content\/uploads\/2023\/03\/Switch.webp\" class=\"img-fluid\" alt=\"switch\" srcset=\"https:\/\/www.omnitrack.com\/wp-content\/uploads\/2023\/03\/Switch.webp 800w, https:\/\/www.omnitrack.com\/wp-content\/uploads\/2023\/03\/Switch-300x300.webp 300w, https:\/\/www.omnitrack.com\/wp-content\/uploads\/2023\/03\/Switch-150x150.webp 150w, https:\/\/www.omnitrack.com\/wp-content\/uploads\/2023\/03\/Switch-768x768.webp 768w, https:\/\/www.omnitrack.com\/wp-content\/uploads\/2023\/03\/Switch-600x600.webp 600w, https:\/\/www.omnitrack.com\/wp-content\/uploads\/2023\/03\/Switch-100x100.webp 100w\" sizes=\"auto, (max-width: 150px) 100vw, 150px\" \/>    <small>Haute et basse pression<\/small>    <h3>Interrupteur \u00e0 3 voies<\/h3>    <h4>AS7<\/h4>            <span class=\"from\">\u00c0 partir de <span class=\"woocommerce-Price-amount amount\"><bdi>0,00<span class=\"woocommerce-Price-currencySymbol\">&euro;<\/span><\/bdi><\/span><\/span>            <button class=\"btn-table orange-one btn-add-to-cart\" type=\"button\" data-action=\"add-to-cart\" data-post-id=\"92440\" data-sku=\"AS7\" data-price=\"-\"  ><img decoding=\"async\" src=\"https:\/\/www.omnitrack.com\/wp-content\/themes\/omnitrack2023\/images\/cart-orange.svg\" alt=\"Cart icon\"> Acheter<\/button><\/li><li class=\"low-pressure\">    <img loading=\"lazy\" decoding=\"async\" width=\"150\" height=\"150\" src=\"https:\/\/www.omnitrack.com\/wp-content\/uploads\/2023\/03\/Tubing.webp\" class=\"img-fluid\" alt=\"blue tubbing\" srcset=\"https:\/\/www.omnitrack.com\/wp-content\/uploads\/2023\/03\/Tubing.webp 800w, https:\/\/www.omnitrack.com\/wp-content\/uploads\/2023\/03\/Tubing-300x300.webp 300w, https:\/\/www.omnitrack.com\/wp-content\/uploads\/2023\/03\/Tubing-150x150.webp 150w, https:\/\/www.omnitrack.com\/wp-content\/uploads\/2023\/03\/Tubing-768x768.webp 768w, https:\/\/www.omnitrack.com\/wp-content\/uploads\/2023\/03\/Tubing-600x600.webp 600w, https:\/\/www.omnitrack.com\/wp-content\/uploads\/2023\/03\/Tubing-100x100.webp 100w\" sizes=\"auto, (max-width: 150px) 100vw, 150px\" \/>    <small>Basse pression<\/small>    <h3>Tubes (rouleau de 3m)<\/h3>    <h4>TP4<\/h4>            <span class=\"from\">\u00c0 partir de <span class=\"woocommerce-Price-amount amount\"><bdi>7,36<span class=\"woocommerce-Price-currencySymbol\">&euro;<\/span><\/bdi><\/span><\/span>            <button class=\"btn-table orange-one btn-add-to-cart\" type=\"button\" data-action=\"add-to-cart\" data-post-id=\"92444\" data-sku=\"TP4\" data-price=\"&lt;span class=&quot;woocommerce-Price-amount amount&quot;&gt;&lt;bdi&gt;7,36&lt;span class=&quot;woocommerce-Price-currencySymbol&quot;&gt;&euro;&lt;\/span&gt;&lt;\/bdi&gt;&lt;\/span&gt;\"  ><img decoding=\"async\" src=\"https:\/\/www.omnitrack.com\/wp-content\/themes\/omnitrack2023\/images\/cart-orange.svg\" alt=\"Cart icon\"> Acheter<\/button><\/li><li class=\"low-pressure\">    <img loading=\"lazy\" decoding=\"async\" width=\"150\" height=\"150\" src=\"https:\/\/www.omnitrack.com\/wp-content\/uploads\/2023\/03\/3_Way_Connector.webp\" class=\"img-fluid\" alt=\"3 way connector\" srcset=\"https:\/\/www.omnitrack.com\/wp-content\/uploads\/2023\/03\/3_Way_Connector.webp 800w, https:\/\/www.omnitrack.com\/wp-content\/uploads\/2023\/03\/3_Way_Connector-300x300.webp 300w, https:\/\/www.omnitrack.com\/wp-content\/uploads\/2023\/03\/3_Way_Connector-150x150.webp 150w, https:\/\/www.omnitrack.com\/wp-content\/uploads\/2023\/03\/3_Way_Connector-768x768.webp 768w, https:\/\/www.omnitrack.com\/wp-content\/uploads\/2023\/03\/3_Way_Connector-600x600.webp 600w, https:\/\/www.omnitrack.com\/wp-content\/uploads\/2023\/03\/3_Way_Connector-100x100.webp 100w\" sizes=\"auto, (max-width: 150px) 100vw, 150px\" \/>    <small>Basse pression<\/small>    <h3>Connecteur \u00e0 3 voies<\/h3>    <h4>TC4<\/h4>            <span class=\"from\">\u00c0 partir de <span class=\"woocommerce-Price-amount amount\"><bdi>5,38<span class=\"woocommerce-Price-currencySymbol\">&euro;<\/span><\/bdi><\/span><\/span>            <button class=\"btn-table orange-one btn-add-to-cart\" type=\"button\" data-action=\"add-to-cart\" data-post-id=\"92446\" data-sku=\"TC4\" data-price=\"&lt;span class=&quot;woocommerce-Price-amount amount&quot;&gt;&lt;bdi&gt;5,38&lt;span class=&quot;woocommerce-Price-currencySymbol&quot;&gt;&euro;&lt;\/span&gt;&lt;\/bdi&gt;&lt;\/span&gt;\"  ><img decoding=\"async\" src=\"https:\/\/www.omnitrack.com\/wp-content\/themes\/omnitrack2023\/images\/cart-orange.svg\" alt=\"Cart icon\"> Acheter<\/button><\/li><li class=\"low-pressure\">    <img loading=\"lazy\" decoding=\"async\" width=\"150\" height=\"150\" src=\"https:\/\/www.omnitrack.com\/wp-content\/uploads\/2023\/03\/Blanking_Plug.webp\" class=\"img-fluid\" alt=\"blanking plug\" srcset=\"https:\/\/www.omnitrack.com\/wp-content\/uploads\/2023\/03\/Blanking_Plug.webp 800w, https:\/\/www.omnitrack.com\/wp-content\/uploads\/2023\/03\/Blanking_Plug-300x300.webp 300w, https:\/\/www.omnitrack.com\/wp-content\/uploads\/2023\/03\/Blanking_Plug-150x150.webp 150w, https:\/\/www.omnitrack.com\/wp-content\/uploads\/2023\/03\/Blanking_Plug-768x768.webp 768w, https:\/\/www.omnitrack.com\/wp-content\/uploads\/2023\/03\/Blanking_Plug-600x600.webp 600w, https:\/\/www.omnitrack.com\/wp-content\/uploads\/2023\/03\/Blanking_Plug-100x100.webp 100w\" sizes=\"auto, (max-width: 150px) 100vw, 150px\" \/>    <small>Basse pression<\/small>    <h3>Bouchon d&#039;obturation<\/h3>    <h4>TB4<\/h4>            <span class=\"from\">\u00c0 partir de <span class=\"woocommerce-Price-amount amount\"><bdi>2,79<span class=\"woocommerce-Price-currencySymbol\">&euro;<\/span><\/bdi><\/span><\/span>            <button class=\"btn-table orange-one btn-add-to-cart\" type=\"button\" data-action=\"add-to-cart\" data-post-id=\"92445\" data-sku=\"TB4\" data-price=\"&lt;span class=&quot;woocommerce-Price-amount amount&quot;&gt;&lt;bdi&gt;2,79&lt;span class=&quot;woocommerce-Price-currencySymbol&quot;&gt;&euro;&lt;\/span&gt;&lt;\/bdi&gt;&lt;\/span&gt;\"  ><img decoding=\"async\" src=\"https:\/\/www.omnitrack.com\/wp-content\/themes\/omnitrack2023\/images\/cart-orange.svg\" alt=\"Cart icon\"> Acheter<\/button><\/li><li class=\"low-pressure\">    <img loading=\"lazy\" decoding=\"async\" width=\"150\" height=\"150\" src=\"https:\/\/www.omnitrack.com\/wp-content\/uploads\/2023\/03\/Clip_PF2.webp\" class=\"img-fluid\" alt=\"Versatile Tool for Various Applications\" srcset=\"https:\/\/www.omnitrack.com\/wp-content\/uploads\/2023\/03\/Clip_PF2.webp 600w, https:\/\/www.omnitrack.com\/wp-content\/uploads\/2023\/03\/Clip_PF2-300x300.webp 300w, https:\/\/www.omnitrack.com\/wp-content\/uploads\/2023\/03\/Clip_PF2-150x150.webp 150w, https:\/\/www.omnitrack.com\/wp-content\/uploads\/2023\/03\/Clip_PF2-100x100.webp 100w\" sizes=\"auto, (max-width: 150px) 100vw, 150px\" \/>    <small>Basse pression<\/small>    <h3>Clip de fixation<\/h3>    <h4>PF2<\/h4>            <span class=\"from\">\u00c0 partir de <span class=\"woocommerce-Price-amount amount\"><bdi>2,12<span class=\"woocommerce-Price-currencySymbol\">&euro;<\/span><\/bdi><\/span><\/span>            <button class=\"btn-table orange-one btn-add-to-cart\" type=\"button\" data-action=\"add-to-cart\" data-post-id=\"92284\" data-sku=\"PF2\" data-price=\"&lt;span class=&quot;woocommerce-Price-amount amount&quot;&gt;&lt;bdi&gt;2,12&lt;span class=&quot;woocommerce-Price-currencySymbol&quot;&gt;&euro;&lt;\/span&gt;&lt;\/bdi&gt;&lt;\/span&gt;\"  ><img decoding=\"async\" src=\"https:\/\/www.omnitrack.com\/wp-content\/themes\/omnitrack2023\/images\/cart-orange.svg\" alt=\"Cart icon\"> Acheter<\/button><\/li>\t<\/ul><div class=\"omni-slider-controls\"><button class=\"omni-slider-prev\"><img src=\"https:\/\/www.omnitrack.com\/wp-content\/themes\/omnitrack2023\/images\/icon-arrow-blue-left.svg\" alt=\"Arrow left icon\" decoding=\"async\" loading=\"lazy\" alt=\"Arrow left icon\"><\/button> <button class=\"omni-slider-next\"><img src=\"https:\/\/www.omnitrack.com\/wp-content\/themes\/omnitrack2023\/images\/icon-arrow-blue-right.svg\" decoding=\"async\" loading=\"lazy\" alt=\"Arrow right icon\"><\/button><\/div><\/div><\/div>\n<\/div>\n<\/section>\n<div class=\"row cpn-section\">\n<div class=\"col\">\n<hr \/>\n<\/div>\n<\/div>\n<section id=\"also-consider\" class=\"row cpn-section\">\n<div class=\"col\">\n<div>\n<h2>Il faut \u00e9galement prendre en compte<\/h2>\n<div>\t<div class=\"omni-slider omni-carousel\" >\t<ul class=\"omni-slider-track\"><li>    <a href=\"https:\/\/www.omnitrack.com\/fr\/billes-de-manutention\/billes-pneumatiques\/\">        <img loading=\"lazy\" decoding=\"async\" width=\"150\" height=\"150\" src=\"https:\/\/www.omnitrack.com\/wp-content\/uploads\/2023\/03\/Pneumatic_Balls-1.webp\" class=\"img-fluid\" alt=\"pneumatic balls\" srcset=\"https:\/\/www.omnitrack.com\/wp-content\/uploads\/2023\/03\/Pneumatic_Balls-1.webp 420w, https:\/\/www.omnitrack.com\/wp-content\/uploads\/2023\/03\/Pneumatic_Balls-1-300x300.webp 300w, https:\/\/www.omnitrack.com\/wp-content\/uploads\/2023\/03\/Pneumatic_Balls-1-150x150.webp 150w, https:\/\/www.omnitrack.com\/wp-content\/uploads\/2023\/03\/Pneumatic_Balls-1-100x100.webp 100w\" sizes=\"auto, (max-width: 150px) 100vw, 150px\" \/>        <small>Haute et basse pression<\/small>        <h3>Billes<\/h3>        <h4>PB25, PB525 &amp; PB625<\/h4>    <\/a><\/li><li>    <a href=\"https:\/\/www.omnitrack.com\/fr\/billes-de-manutention\/coussins-pneumatiques\/\">        <img loading=\"lazy\" decoding=\"async\" width=\"113\" height=\"150\" src=\"https:\/\/www.omnitrack.com\/wp-content\/uploads\/2023\/03\/Pneumatic-Stop-PS25.webp\" class=\"img-fluid\" alt=\"Transfer Ball Unit\" srcset=\"https:\/\/www.omnitrack.com\/wp-content\/uploads\/2023\/03\/Pneumatic-Stop-PS25.webp 300w, https:\/\/www.omnitrack.com\/wp-content\/uploads\/2023\/03\/Pneumatic-Stop-PS25-225x300.webp 225w\" sizes=\"auto, (max-width: 113px) 100vw, 113px\" \/>        <small>Basse pression<\/small>        <h3>Coussins pneumatiques<\/h3>        <h4>PS25<\/h4>    <\/a><\/li><li>    <a href=\"https:\/\/www.omnitrack.com\/fr\/billes-de-manutention\/rouleaux-lineaires-pneumatiques\/\">        <img loading=\"lazy\" decoding=\"async\" width=\"113\" height=\"150\" src=\"https:\/\/www.omnitrack.com\/wp-content\/uploads\/2023\/03\/PW25.webp\" class=\"img-fluid\" alt=\"Pneumatic Ball Transfer Unit\" srcset=\"https:\/\/www.omnitrack.com\/wp-content\/uploads\/2023\/03\/PW25.webp 300w, https:\/\/www.omnitrack.com\/wp-content\/uploads\/2023\/03\/PW25-225x300.webp 225w\" sizes=\"auto, (max-width: 113px) 100vw, 113px\" \/>        <small>Basse pression<\/small>        <h3>Rouleaux lin\u00e9aires<\/h3>        <h4>PW25<\/h4>    <\/a><\/li>\t<\/ul><div class=\"omni-slider-controls\"><button class=\"omni-slider-prev\"><img src=\"https:\/\/www.omnitrack.com\/wp-content\/themes\/omnitrack2023\/images\/icon-arrow-blue-left.svg\" alt=\"Arrow left icon\" decoding=\"async\" loading=\"lazy\" alt=\"Arrow left icon\"><\/button> <button class=\"omni-slider-next\"><img src=\"https:\/\/www.omnitrack.com\/wp-content\/themes\/omnitrack2023\/images\/icon-arrow-blue-right.svg\" decoding=\"async\" loading=\"lazy\" alt=\"Arrow right icon\"><\/button><\/div><\/div><\/div>\n<\/div>\n<\/div>\n<\/section>\n<div class=\"row cpn-section\">\n<div class=\"col\">\n<hr \/>\n<\/div>\n<\/div>\n<section class=\"row cpn-section pb-5\"><div class=\"col fontSize-4\">\n<h2>Billes de manutention pneumatiques, but\u00e9es, rouleaux et rails lin\u00e9aires<\/h2>\n<ul class=\"li-height\">\n<li>Les billes de manutention pneumatiques permettent le positionnement de l&rsquo;objet transport\u00e9 et peuvent \u00eatre dispos\u00e9es individuellement pour un plan de d\u00e9placement flexible et modulaire.<\/li>\n<li>Les coussins pneumatiques PS25 sont activ\u00e9es pneumatiquement pour arr\u00eater et maintenir la position de l&rsquo;objet transport\u00e9.<\/li>\n<li>Les billes de manutention pneumatiques dont la pression d&rsquo;alimentation en air est de \u2264 3,4 bar supportent des charges allant jusqu&rsquo;\u00e0 200 kg\/rail, tandis que ceux dont la pression d&rsquo;alimentation en air est de \u2264 6 bar supportent des charges allant jusqu&rsquo;\u00e0 2500 kg\/rail.<\/li>\n<\/ul>\n<\/div>\n<\/section>\n<section id=\"cant-find\" class=\"row cpn-section py-5 two justify-content-between\"><div class=\"col-12 col-sm-6 col-lg-7 py-lg-4 pe-lg-5\">\n<h3 class=\"fontSize-2 fontSize-md-1\">Vous ne trouvez pas ce que vous cherchez?<\/h3>\n<p class=\"fontSize-4\">Essayez de rechercher des mots-cl\u00e9s, num\u00e9ros r\u00e9fr\u00e9rence, capacit\u00e8 de charge et types de fixation.<\/p>\n<div class=\"input-group\"><form class=\"form-search\"><div class=\"input-group\">  <input type=\"text\" name=\"s\" class=\"form-control field\" placeholder=\"Recherche de r\u00e9f\u00e8rence #\">  <input type=\"hidden\" name=\"post-type\" value=\"product\"><\/div><\/form><\/div>\n<\/div>\n<div class=\"col-12 col-sm-6 col-lg-5 py-lg-4 pt-4 pt-sm-0\">\n<h3 class=\"fontSize-2 fontSize-md-1\">Free technical advice<\/h3>\n<p class=\"fontSize-4\">Phone: <b><a href=\"tel:+330187210069\">+33 01 8721 0069<\/a><\/b><\/p>\n<p class=\"fontSize-4\">Email: <b><a href=\"mailto:info@omnitrack.com\">info@omnitrack.com<\/a><\/b><\/p>\n<div class=\"mt-4\"> <a class=\"btn-ot green me-2 mb-3 mb-md-0 w100-mobile\" href=\"https:\/\/wa.me\/447759128207\" target=\"_blank\" rel=\"noopener\"><img decoding=\"async\" loading=\"lazy\" src=\"https:\/\/www.omnitrack.com\/wp-content\/themes\/omnitrack2023\/images\/icon-whatsapp.svg\"  alt=\"WhatsApp Omnitrack\"  \/> WhatsApp<\/a> <a class=\"btn-ot w100-mobile\" href=\"https:\/\/calendly.com\/omnitrack\/15min\" target=\"_blank\" rel=\"noopener\"><img decoding=\"async\" loading=\"lazy\" src=\"https:\/\/www.omnitrack.com\/wp-content\/themes\/omnitrack2023\/images\/icon-schedule.svg\"  alt=\"Planifier un appel t\u00e9l\u00e9phonique avec Omnitrack\"  \/> Planifier un appel<\/a><\/div>\n<\/div>\n<\/section>\n","protected":false},"excerpt":{"rendered":"<p>Rails pneumatiques haute pression Les billes et les rails sont tous \u00e9quip\u00e9s d&rsquo;un connecteur en T pour faciliter l&rsquo;int\u00e9gration. Tubes haute et basse pression, connecteurs et embouts. A configurer avec des interrupteurs et des r\u00e9gulateurs pour un contr\u00f4le polyvalent. Les bouchons d&rsquo;obturation appropri\u00e9s sont automatiquement fournis avec chaque commande. D&rsquo;autres mat\u00e9riaux et tailles de billes [&hellip;]<\/p>\n","protected":false},"author":7,"featured_media":0,"parent":93484,"menu_order":0,"comment_status":"closed","ping_status":"closed","template":"page-pneumatic-rails.php","meta":{"inline_featured_image":false,"footnotes":""},"class_list":["post-93500","page","type-page","status-publish","hentry"],"acf":[],"_links":{"self":[{"href":"https:\/\/www.omnitrack.com\/fr\/wp-json\/wp\/v2\/pages\/93500","targetHints":{"allow":["GET"]}}],"collection":[{"href":"https:\/\/www.omnitrack.com\/fr\/wp-json\/wp\/v2\/pages"}],"about":[{"href":"https:\/\/www.omnitrack.com\/fr\/wp-json\/wp\/v2\/types\/page"}],"author":[{"embeddable":true,"href":"https:\/\/www.omnitrack.com\/fr\/wp-json\/wp\/v2\/users\/7"}],"replies":[{"embeddable":true,"href":"https:\/\/www.omnitrack.com\/fr\/wp-json\/wp\/v2\/comments?post=93500"}],"version-history":[{"count":3,"href":"https:\/\/www.omnitrack.com\/fr\/wp-json\/wp\/v2\/pages\/93500\/revisions"}],"predecessor-version":[{"id":106968,"href":"https:\/\/www.omnitrack.com\/fr\/wp-json\/wp\/v2\/pages\/93500\/revisions\/106968"}],"up":[{"embeddable":true,"href":"https:\/\/www.omnitrack.com\/fr\/wp-json\/wp\/v2\/pages\/93484"}],"wp:attachment":[{"href":"https:\/\/www.omnitrack.com\/fr\/wp-json\/wp\/v2\/media?parent=93500"}],"curies":[{"name":"wp","href":"https:\/\/api.w.org\/{rel}","templated":true}]}}