{"id":93499,"date":"2023-02-08T00:54:48","date_gmt":"2023-02-08T00:54:48","guid":{"rendered":"https:\/\/www.omnitrack.com\/ball-transfer-units\/fixing-clips-kits\/"},"modified":"2024-05-28T20:48:12","modified_gmt":"2024-05-28T20:48:12","slug":"clips-de-fixation-kits","status":"publish","type":"page","link":"https:\/\/www.omnitrack.com\/fr\/billes-de-manutention\/clips-de-fixation-kits\/","title":{"rendered":"Clips de fixation &#038; Kits"},"content":{"rendered":"<section id=\"fixing-clips-one\" class=\"row cpn-section\">\n<div class=\"col\">\n<div class=\"row mb-3\">\n<div class=\"fontSize-md-4\">\n<nav class=\"breadcrumb\"><\/nav>\n<h1 class=\"mb-2\">Clips de fixation<\/h1>\n<ul class=\"list-check clear-list fontSize-4 fontSize-md-3\">\n<li>Les clips de fixation compensent les irr\u00e9gularit\u00e9s du trou de montage et du diam\u00e8tre.<\/li>\n<li>Id\u00e9al lorsqu&rsquo;il n&rsquo;est possible d&rsquo;acc\u00e9der au plan de montage que d&rsquo;un seul c\u00f4t\u00e9.<\/li>\n<\/ul>\n<\/div>\n<\/div>\n<div class=\"row mb-3 align-items-center\"><div class=\"col-12 col-md-5\">\n<div class=\"row mb-3 align-items-center\">\n<div class=\"col-12 col-md-5 col-xl-4 fontSize-3 mb-3 mb-md-0\"><strong>Maintien optimal \u2265 3mm<\/strong><\/div>\n<div class=\"col-12 col-md-7 col-xl-8\"><img loading=\"lazy\" decoding=\"async\" class=\"img-fluid alignnone wp-image-79721 size-full\" src=\"https:\/\/www.omnitrack.com\/wp-content\/uploads\/2023\/03\/K_C_Clips_Optimal_Retention-1.webp\" alt=\"Clips de r\u00e9tention optimaux\" width=\"425\" height=\"305\" srcset=\"https:\/\/www.omnitrack.com\/wp-content\/uploads\/2023\/03\/K_C_Clips_Optimal_Retention-1.webp 425w, https:\/\/www.omnitrack.com\/wp-content\/uploads\/2023\/03\/K_C_Clips_Optimal_Retention-1-300x215.webp 300w\" sizes=\"auto, (max-width: 425px) 100vw, 425px\" \/><\/div>\n<\/div>\n<div class=\"row mb-3 align-items-center\">\n<div class=\"col\">\n<ol class=\"fontSize-4 li-height clear-list\">\n<li>Installer le clip au trou de calibre<\/li>\n<li>Faites passer la bille par le clip<\/li>\n<li>Les languettes p\u00e9riph\u00e9riques s&rsquo;allongent et agrippent la bille<\/li>\n<\/ol>\n<\/div>\n<\/div>\n<\/div>\n<div class=\"col-12 col-md-7\">\n<div class=\"row mb-3 align-items-center\">\n<div class=\"col border-end text-center px-lg-5\"><img loading=\"lazy\" decoding=\"async\" class=\"img-fluid alignnone wp-image-79729 size-full\" src=\"https:\/\/www.omnitrack.com\/wp-content\/uploads\/2023\/03\/K-C-Clip.webp\" alt=\"K &amp; C Clip\" width=\"400\" height=\"200\" srcset=\"https:\/\/www.omnitrack.com\/wp-content\/uploads\/2023\/03\/K-C-Clip.webp 400w, https:\/\/www.omnitrack.com\/wp-content\/uploads\/2023\/03\/K-C-Clip-300x150.webp 300w\" sizes=\"auto, (max-width: 400px) 100vw, 400px\" \/><br \/><strong>Clip K Acier \u00e0 ressort<\/strong><\/div>\n<div class=\"col text-center px-lg-5\"><img loading=\"lazy\" decoding=\"async\" class=\"img-fluid alignnone wp-image-79729 size-full\" src=\"https:\/\/www.omnitrack.com\/wp-content\/uploads\/2023\/03\/K-C-Clip.webp\" alt=\"K &amp; C Clip\" width=\"400\" height=\"200\" srcset=\"https:\/\/www.omnitrack.com\/wp-content\/uploads\/2023\/03\/K-C-Clip.webp 400w, https:\/\/www.omnitrack.com\/wp-content\/uploads\/2023\/03\/K-C-Clip-300x150.webp 300w\" sizes=\"auto, (max-width: 400px) 100vw, 400px\" \/><br \/><strong>Clip C Acier inoxydable<\/strong><\/div>\n<\/div>\n<div class=\"row align-items-center justify-content-center\">\n<div class=\"col-auto\"><img loading=\"lazy\" decoding=\"async\" class=\"img-fluid w-200 alignnone wp-image-80304 size-full\" src=\"https:\/\/www.omnitrack.com\/wp-content\/uploads\/2023\/02\/Clip_B-1.webp\" alt=\"Outil polyvalent pour diverses applications\" width=\"257\" height=\"133\"><\/div>\n<div class=\"col-auto\"><strong>Autres clips disponibles<\/strong><\/div>\n<\/div>\n<\/div>\n<\/div>\n<div class=\"row\">\n<div class=\"col\"><div class=\"switcher mt-3 mt-md-0 mx-2 me-sm-0 ms-sm-5\">    <div class=\"switcher-title\"><b>Conversion de Poids:<\/b> <\/span><\/div>    <button class=\"toggle-unit\" type=\"button\"><span class=\"switch-metric\">M\u00e9trique<\/span><span class=\"switch\"><\/span><span class=\"switch-imperial\">Imp\u00e9rial<\/span><\/button><\/div>[omni_render_table_clips class-container=\u00a0\u00bbtable-no-scroll table-mobi\u00a0\u00bb]<\/div>\n<\/div>\n<div class=\"row pt-4\">\n<div class=\"col fontSize-4\">\n<p>L&rsquo;ajout du suffixe K ou C au num\u00e9ro de pi\u00e8ce de la bille pr\u00e9cisera la fourniture du clip optionnel (par exemple L22K ou L22C). Lorsque vous utilisez des clips de fixation, installez le clip sur l&rsquo;al\u00e9sage et poussez la bille \u00e0 travers le clip. Les crochets p\u00e9riph\u00e9riques s&rsquo;\u00e9tendent et retiennent solidement la bille.<\/p>\n<p>Les dimensions A et B deviennent A* et B* lors de l&rsquo;utilisation de clips.<\/p>\n<p>Les gammes de bagues de tol\u00e9rance et de clips de fixation sont pr\u00e9sent\u00e9es \u00e0 la page 15 du catalogue.<\/p>\n<\/div>\n<\/div>\n<\/div>\n<\/section>\n<div class=\"row cpn-section\">\n<div class=\"col\">\n<hr \/>\n<\/div>\n<\/div>\n<section id=\"tolerance-rings-one\" class=\"row cpn-section\">\n<div class=\"col\">\n<div class=\"row mb-3\">\n<div class=\"col fontSize-4\">\n<h2>Anneaux de tol\u00e9rance<\/h2>\n<ul class=\"list-check clear-list fontSize-4 fontSize-md-3\">\n<li>Compense les irr\u00e9gularit\u00e9s de calibre et de diam\u00e8tre<\/li>\n<li>Id\u00e9al en cas d&rsquo;acc\u00e8s unilat\u00e9ral de la surface de montage<\/li>\n<\/ul>\n<\/div>\n<\/div>\n<div class=\"row mb-3 text-center\">\n<div class=\"col-auto me-3\"><img loading=\"lazy\" decoding=\"async\" class=\"img-fluid alignnone wp-image-79736 size-medium\" src=\"https:\/\/www.omnitrack.com\/wp-content\/uploads\/2023\/03\/9040_Glass_4-300x229.webp\" alt=\"Clips de fixation\" width=\"300\" height=\"229\" srcset=\"https:\/\/www.omnitrack.com\/wp-content\/uploads\/2023\/03\/9040_Glass_4-300x229.webp 300w, https:\/\/www.omnitrack.com\/wp-content\/uploads\/2023\/03\/9040_Glass_4.webp 314w\" sizes=\"auto, (max-width: 300px) 100vw, 300px\" \/><\/div>\n<div class=\"col-auto\"><img loading=\"lazy\" decoding=\"async\" class=\"img-fluid alignnone wp-image-79737 size-full\" src=\"https:\/\/www.omnitrack.com\/wp-content\/uploads\/2023\/03\/Tolerance_Ring_2_1.webp\" alt=\"Clips de fixation \" width=\"284\" height=\"240\" \/><\/div>\n<\/div>\n<div class=\"row\">\n<div class=\"col\"><div class=\"switcher mt-3 mt-md-0 mx-2 me-sm-0 ms-sm-5\">    <div class=\"switcher-title\"><b>Conversion de Poids:<\/b> <\/span><\/div>    <button class=\"toggle-unit\" type=\"button\"><span class=\"switch-metric\">M\u00e9trique<\/span><span class=\"switch\"><\/span><span class=\"switch-imperial\">Imp\u00e9rial<\/span><\/button><\/div>[omni_render_table_tolerance_ring class-container=\u00a0\u00bbtable-scroll table-mobi\u00a0\u00bb]<\/div>\n<\/div>\n<\/div>\n<\/section>\n<div class=\"row cpn-section\">\n<div class=\"col\">\n<hr \/>\n<\/div>\n<\/div>\n<section id=\"nyloc-one\" class=\"row cpn-section\">\n<div class=\"col\"><div class=\"row mb-4\">\n<div class=\"col-12 col-sm-3 fontSize-4 mb-4 mb-sm-0\">\n<h2>Kit d&rsquo;\u00e9crous &amp; rondelles Nyloc + Kit d\u00e9crous \u00e0 griffe pour bois<\/h2>\n<p>A utiliser avec les s\u00e9ries forte charge 81 &amp; 91, la s\u00e9rie gamme moyenne MSP et les roulettes Omnicaster.<\/p>\n<\/div>\n<div class=\"col-12 col-sm-3 text-center mb-4 mb-sm-0\"><img loading=\"lazy\" decoding=\"async\" class=\"img-fluid alignnone wp-image-79713 size-full\" src=\"https:\/\/www.omnitrack.com\/wp-content\/uploads\/2023\/03\/MSP_Nyloc_Nut_Washer.webp\" alt=\"Rondelle d'\u00e9crou Nyloc\" width=\"127\" height=\"217\" \/><\/div>\n<div class=\"col-12 col-sm-6\">\n<div class=\"row\">\n<div class=\"col-12 col-md-4 text-center d-flex flex-column justify-content-between mb-4 mb-sm-0\">\n<div><img loading=\"lazy\" decoding=\"async\" class=\"img-fluid alignnone wp-image-79714 size-full\" src=\"https:\/\/www.omnitrack.com\/wp-content\/uploads\/2023\/03\/Wood_Insert.webp\" alt=\"Fixation de l'ecrou a griffe pour bois\" width=\"188\" height=\"178\" \/><\/div>\n<div><strong>Fixation de l&rsquo;ecrou a griffe pour bois<\/strong><\/div>\n<\/div>\n<div class=\"col-12 col-md-8 text-center d-flex flex-column justify-content-between mb-3 mb-sm-0\">\n<div class=\"row\">\n<div class=\"col-6\"><img loading=\"lazy\" decoding=\"async\" class=\"img-fluid alignnone wp-image-79715 size-full\" src=\"https:\/\/www.omnitrack.com\/wp-content\/uploads\/2023\/03\/Washer.webp\" alt=\"Rondelle\" width=\"119\" height=\"152\" \/><\/div>\n<div class=\"col-6\"><img loading=\"lazy\" decoding=\"async\" class=\"img-fluid alignnone wp-image-79716 size-full\" src=\"https:\/\/www.omnitrack.com\/wp-content\/uploads\/2023\/03\/Nut.webp\" alt=\"\u00c9crou\" width=\"187\" height=\"149\" \/><\/div>\n<\/div>\n<div><strong>Fixation des \u00e9crous et rondelles<\/strong><\/div>\n<\/div>\n<\/div>\n<\/div>\n<\/div>\n<\/div>\n<div class=\"col-12\"><div class=\"switcher mt-3 mt-md-0 mx-2 me-sm-0 ms-sm-5\">    <div class=\"switcher-title\"><b>Conversion de Poids:<\/b> <\/span><\/div>    <button class=\"toggle-unit\" type=\"button\"><span class=\"switch-metric\">M\u00e9trique<\/span><span class=\"switch\"><\/span><span class=\"switch-imperial\">Imp\u00e9rial<\/span><\/button><\/div>[omni_render_table_nyloc_nut class-container=\u00a0\u00bbtable-no-scroll table-mobi\u00a0\u00bb]<\/div>\n<\/section>\n<div class=\"row cpn-section\">\n<div class=\"col\">\n<hr \/>\n<\/div>\n<\/div>\n<section id=\"service-kits-one\" class=\"row cpn-section pb-5\"><div class=\"col\">\n<div class=\"row mb-3\">\n<div class=\"col-12 col-sm-6 col-lg-5 col-xl-6 col-xxl-7 fontSize-4 mb-4 mb-md-0\">\n<h2>Kits de service<\/h2>\n<p>Les <a href=\"https:\/\/www.omnitrack.com\/fr\/billes-de-manutention\/\">billes de manutention<\/a> forte charge Omnitrack de la s\u00e9rie 9000 &#8211; En production continue depuis 1954.<\/p>\n<p>Remettez vos billes en \u00e9tat en quelques minutes gr\u00e2ce aux kits d&rsquo;entretien S1 et S2 qui offrent deux niveaux de composantes et des instructions de r\u00e9paration compl\u00e8te.<\/p>\n<p>Service de reconditionnement en usine pour les billes \u00e0 ressort et unit\u00e9s sur mesure, qui peuvent n\u00e9cessiter un outillage sp\u00e9cial pour un d\u00e9montage en toute s\u00e9curit\u00e9.<\/p>\n<p>Pour commander, fournissez-nous le num\u00e9ro de pi\u00e8ce, toute marque d&rsquo;identification et le kit d&rsquo;entretien requis, par ex. S1-9241. En cas de doute, <a href=\"https:\/\/www.omnitrack.com\/fr\/nous-contacter\/\">contactez-nous<\/a> pour agir vite!<\/p>\n<p><a class=\"btn-ot lilac-one shadow\" href=\"https:\/\/www.omnitrack.com\/fr\/billes-de-manutention\/heavy-duty\/kits-de-service\/\">Lire la suite<\/a><\/p>\n<\/div>\n<div class=\"col-12 col-sm-6 col-lg-7 col-xl-6 col-xxl-5\"><img loading=\"lazy\" decoding=\"async\" class=\"img-fluid alignnone wp-image-79735 size-full\" src=\"https:\/\/www.omnitrack.com\/wp-content\/uploads\/2023\/03\/Service_Kits_3.webp\" alt=\"Kit de service\" width=\"469\" height=\"345\" srcset=\"https:\/\/www.omnitrack.com\/wp-content\/uploads\/2023\/03\/Service_Kits_3.webp 469w, https:\/\/www.omnitrack.com\/wp-content\/uploads\/2023\/03\/Service_Kits_3-300x221.webp 300w\" sizes=\"auto, (max-width: 469px) 100vw, 469px\" \/><\/div>\n<\/div>\n<div class=\"row text-center carousel-mobi-servicekits\"><div class=\"col\">\n<p><img loading=\"lazy\" decoding=\"async\" class=\"img-fluid alignnone wp-image-79738 size-full\" src=\"https:\/\/www.omnitrack.com\/wp-content\/uploads\/2023\/03\/service_kits-circlip.webp\" alt=\"Circlips kits d'entretien\" width=\"141\" height=\"140\" srcset=\"https:\/\/www.omnitrack.com\/wp-content\/uploads\/2023\/03\/service_kits-circlip.webp 141w, https:\/\/www.omnitrack.com\/wp-content\/uploads\/2023\/03\/service_kits-circlip-100x100.webp 100w\" sizes=\"auto, (max-width: 141px) 100vw, 141px\" \/><\/p>\n<h4 class=\"fontSize-5\">1 &#8211; Circlip<\/h4>\n<div><span class=\"tag blue\">S2<\/span><\/div>\n<p>&nbsp;<\/p>\n<\/div>\n<div class=\"col\">\n<p><img loading=\"lazy\" decoding=\"async\" class=\"img-fluid alignnone wp-image-79739 size-full\" src=\"https:\/\/www.omnitrack.com\/wp-content\/uploads\/2023\/03\/service_kits-top_cap.webp\" alt=\"Capuchon sup\u00e9rieur kit d'entretien\" width=\"141\" height=\"140\" srcset=\"https:\/\/www.omnitrack.com\/wp-content\/uploads\/2023\/03\/service_kits-top_cap.webp 141w, https:\/\/www.omnitrack.com\/wp-content\/uploads\/2023\/03\/service_kits-top_cap-100x100.webp 100w\" sizes=\"auto, (max-width: 141px) 100vw, 141px\" \/><\/p>\n<h4 class=\"fontSize-5\">2 &#8211; Rondelle sup\u00e9rieure<\/h4>\n<div>\u00a0<\/div>\n<p>&nbsp;<\/p>\n<\/div>\n<div class=\"col\">\n<p><img loading=\"lazy\" decoding=\"async\" class=\"img-fluid alignnone wp-image-79740 size-full\" src=\"https:\/\/www.omnitrack.com\/wp-content\/uploads\/2023\/03\/service_kits-felt_seal.webp\" alt=\"Joint en feutre Kits d'entretien\" width=\"141\" height=\"140\" srcset=\"https:\/\/www.omnitrack.com\/wp-content\/uploads\/2023\/03\/service_kits-felt_seal.webp 141w, https:\/\/www.omnitrack.com\/wp-content\/uploads\/2023\/03\/service_kits-felt_seal-100x100.webp 100w\" sizes=\"auto, (max-width: 141px) 100vw, 141px\" \/><\/p>\n<h4 class=\"fontSize-5\">3 &#8211; Joint \u00e0 feutre<\/h4>\n<div><span class=\"tag green\">S1<\/span><span class=\"tag blue\">S2<\/span><\/div>\n<p><small>(Bille \u00d8 &gt; 12.7mm)<\/small><\/p>\n<\/div>\n<div class=\"col\">\n<p><img loading=\"lazy\" decoding=\"async\" class=\"img-fluid alignnone wp-image-79741 size-full\" src=\"https:\/\/www.omnitrack.com\/wp-content\/uploads\/2023\/03\/service_kits-main_ball.webp\" alt=\"Bille principale Kits d'entretien\" width=\"141\" height=\"140\" srcset=\"https:\/\/www.omnitrack.com\/wp-content\/uploads\/2023\/03\/service_kits-main_ball.webp 141w, https:\/\/www.omnitrack.com\/wp-content\/uploads\/2023\/03\/service_kits-main_ball-100x100.webp 100w\" sizes=\"auto, (max-width: 141px) 100vw, 141px\" \/><\/p>\n<h4 class=\"fontSize-5\">4 &#8211; Bille principale<\/h4>\n<div><span class=\"tag green\">S1<\/span><span class=\"tag blue\">S2<\/span><\/div>\n<p>&nbsp;<\/p>\n<\/div>\n<div class=\"col\">\n<p><img loading=\"lazy\" decoding=\"async\" class=\"img-fluid alignnone wp-image-79742 size-full\" src=\"https:\/\/www.omnitrack.com\/wp-content\/uploads\/2023\/03\/service_kits-recirculating_balls.webp\" alt=\"Billes de recirculation Kits d'entretien\" width=\"141\" height=\"140\" srcset=\"https:\/\/www.omnitrack.com\/wp-content\/uploads\/2023\/03\/service_kits-recirculating_balls.webp 141w, https:\/\/www.omnitrack.com\/wp-content\/uploads\/2023\/03\/service_kits-recirculating_balls-100x100.webp 100w\" sizes=\"auto, (max-width: 141px) 100vw, 141px\" \/><\/p>\n<h4 class=\"fontSize-5\">5 &#8211; Billes de recirculation<\/h4>\n<div><span class=\"tag green\">S1<\/span><span class=\"tag blue\">S2<\/span><\/div>\n<p>&nbsp;<\/p>\n<\/div>\n<div class=\"col\">\n<p><img loading=\"lazy\" decoding=\"async\" class=\"img-fluid alignnone wp-image-79743 size-full\" src=\"https:\/\/www.omnitrack.com\/wp-content\/uploads\/2023\/03\/service_kits-retainer.webp\" alt=\"Anneau de retenue kits d'entretien\" width=\"141\" height=\"140\" srcset=\"https:\/\/www.omnitrack.com\/wp-content\/uploads\/2023\/03\/service_kits-retainer.webp 141w, https:\/\/www.omnitrack.com\/wp-content\/uploads\/2023\/03\/service_kits-retainer-100x100.webp 100w\" sizes=\"auto, (max-width: 141px) 100vw, 141px\" \/><\/p>\n<h4 class=\"fontSize-5\">6 &#8211; Bague de retenue<\/h4>\n<div><span class=\"tag blue\">S2<\/span><\/div>\n<p>&nbsp;<\/p>\n<\/div>\n<div class=\"col\">\n<p><img loading=\"lazy\" decoding=\"async\" class=\"img-fluid alignnone wp-image-79744 size-full\" src=\"https:\/\/www.omnitrack.com\/wp-content\/uploads\/2023\/03\/service_kits-table.webp\" alt=\"Table de kits d'entretien\" width=\"141\" height=\"140\" srcset=\"https:\/\/www.omnitrack.com\/wp-content\/uploads\/2023\/03\/service_kits-table.webp 141w, https:\/\/www.omnitrack.com\/wp-content\/uploads\/2023\/03\/service_kits-table-100x100.webp 100w\" sizes=\"auto, (max-width: 141px) 100vw, 141px\" \/><\/p>\n<h4 class=\"fontSize-5\">7 &#8211; Coupelle usin\u00e9e<\/h4>\n<div><span class=\"tag blue\">S2<\/span><\/div>\n<p>&nbsp;<\/p>\n<\/div>\n<\/div>\n<div class=\"row\">\n<div class=\"col-12 col-sm text-center\"><img loading=\"lazy\" decoding=\"async\" class=\"img-fluid d-sm-none alignnone wp-image-83577 size-full\" src=\"https:\/\/www.omnitrack.com\/wp-content\/uploads\/2024\/09\/dismantle_assemble_mobile_fr.webp\" alt=\"Diagramme de d\u00e9montage et de montage\" width=\"1062\" height=\"123\" \/> <img loading=\"lazy\" decoding=\"async\" class=\"img-fluid d-none d-sm-inline-block alignnone wp-image-79712 size-full\" src=\"https:\/\/www.omnitrack.com\/wp-content\/uploads\/2024\/08\/dismantle_assemble_fr.webp\" alt=\"Diagramme de d\u00e9montage et de montage\" width=\"2000\" height=\"123\" \/><\/div>\n<\/div>\n<\/div>\n<\/section>\n<section id=\"cant-find\" class=\"row cpn-section py-5 two justify-content-between\"><div class=\"col-12 col-sm-6 col-lg-7 py-lg-4 pe-lg-5\">\n<h3 class=\"fontSize-2 fontSize-md-1\">Vous ne trouvez pas ce que vous cherchez?<\/h3>\n<p class=\"fontSize-4\">Essayez de rechercher des mots-cl\u00e9s, num\u00e9ros r\u00e9fr\u00e9rence, capacit\u00e8 de charge et types de fixation.<\/p>\n<div class=\"input-group\"><form class=\"form-search\"><div class=\"input-group\">  <input type=\"text\" name=\"s\" class=\"form-control field\" placeholder=\"Recherche de r\u00e9f\u00e8rence #\">  <input type=\"hidden\" name=\"post-type\" value=\"product\"><\/div><\/form><\/div>\n<\/div>\n<div class=\"col-12 col-sm-6 col-lg-5 py-lg-4 pt-4 pt-sm-0\">\n<h3 class=\"fontSize-2 fontSize-md-1\">Free technical advice<\/h3>\n<p class=\"fontSize-4\">Phone: <b><a href=\"tel:+330187210069\">+33 01 8721 0069<\/a><\/b><\/p>\n<p class=\"fontSize-4\">Email: <b><a href=\"mailto:info@omnitrack.com\">info@omnitrack.com<\/a><\/b><\/p>\n<div class=\"mt-4\"> <a class=\"btn-ot green me-2 mb-3 mb-md-0 w100-mobile\" href=\"https:\/\/wa.me\/447759128207\" target=\"_blank\" rel=\"noopener\"><img decoding=\"async\" loading=\"lazy\" src=\"https:\/\/www.omnitrack.com\/wp-content\/themes\/omnitrack2023\/images\/icon-whatsapp.svg\"  alt=\"WhatsApp Omnitrack\"  \/> WhatsApp<\/a> <a class=\"btn-ot w100-mobile\" href=\"https:\/\/calendly.com\/omnitrack\/15min\" target=\"_blank\" rel=\"noopener\"><img decoding=\"async\" loading=\"lazy\" src=\"https:\/\/www.omnitrack.com\/wp-content\/themes\/omnitrack2023\/images\/icon-schedule.svg\"  alt=\"Planifier un appel t\u00e9l\u00e9phonique avec Omnitrack\"  \/> Planifier un appel<\/a><\/div>\n<\/div>\n<\/section>\n","protected":false},"excerpt":{"rendered":"<p>Clips de fixation Les clips de fixation compensent les irr\u00e9gularit\u00e9s du trou de montage et du diam\u00e8tre. Id\u00e9al lorsqu&rsquo;il n&rsquo;est possible d&rsquo;acc\u00e9der au plan de montage que d&rsquo;un seul c\u00f4t\u00e9. [omni_render_table_clips class-container=\u00a0\u00bbtable-no-scroll table-mobi\u00a0\u00bb] L&rsquo;ajout du suffixe K ou C au num\u00e9ro de pi\u00e8ce de la bille pr\u00e9cisera la fourniture du clip optionnel (par exemple L22K [&hellip;]<\/p>\n","protected":false},"author":7,"featured_media":0,"parent":93484,"menu_order":0,"comment_status":"closed","ping_status":"closed","template":"page-fixin-clips-and-kits.php","meta":{"inline_featured_image":false,"footnotes":""},"class_list":["post-93499","page","type-page","status-publish","hentry"],"acf":[],"_links":{"self":[{"href":"https:\/\/www.omnitrack.com\/fr\/wp-json\/wp\/v2\/pages\/93499","targetHints":{"allow":["GET"]}}],"collection":[{"href":"https:\/\/www.omnitrack.com\/fr\/wp-json\/wp\/v2\/pages"}],"about":[{"href":"https:\/\/www.omnitrack.com\/fr\/wp-json\/wp\/v2\/types\/page"}],"author":[{"embeddable":true,"href":"https:\/\/www.omnitrack.com\/fr\/wp-json\/wp\/v2\/users\/7"}],"replies":[{"embeddable":true,"href":"https:\/\/www.omnitrack.com\/fr\/wp-json\/wp\/v2\/comments?post=93499"}],"version-history":[{"count":3,"href":"https:\/\/www.omnitrack.com\/fr\/wp-json\/wp\/v2\/pages\/93499\/revisions"}],"predecessor-version":[{"id":103756,"href":"https:\/\/www.omnitrack.com\/fr\/wp-json\/wp\/v2\/pages\/93499\/revisions\/103756"}],"up":[{"embeddable":true,"href":"https:\/\/www.omnitrack.com\/fr\/wp-json\/wp\/v2\/pages\/93484"}],"wp:attachment":[{"href":"https:\/\/www.omnitrack.com\/fr\/wp-json\/wp\/v2\/media?parent=93499"}],"curies":[{"name":"wp","href":"https:\/\/api.w.org\/{rel}","templated":true}]}}