{"id":93498,"date":"2023-03-28T13:22:47","date_gmt":"2023-03-28T13:22:47","guid":{"rendered":"https:\/\/www.omnitrack.com\/ball-transfer-units\/spring-loaded-t-b-bars\/"},"modified":"2024-04-05T09:42:43","modified_gmt":"2024-04-05T09:42:43","slug":"bille-a-ressort-and-barres-en-t-b","status":"publish","type":"page","link":"https:\/\/www.omnitrack.com\/fr\/billes-de-manutention\/bille-a-ressort-and-barres-en-t-b\/","title":{"rendered":"Bille \u00e0 ressort &#038; Barres en T \/ B"},"content":{"rendered":"<section id=\"header-product-one\" class=\"row cpn-section\">\n<div class=\"col\"><header class=\"row\">    <div class=\"col\">        <nav id=\"breadcrumb\">                    <\/nav>        <h1 class=\"fontSize-1\">Bille \u00e0 ressort &#038; Barres en T \/ B<\/h1>    <\/div>    <\/header><\/div>\n<\/section>\n<section id=\"category-list-two\" class=\"row cpn-section\">\n<div class=\"col\"><ul class=\"row ps-0 category-list g-3 g-sm-4\"><li class=\"col-6 col-sm-4 col-lg-3 col-xl-3 col-xxl-20 \">    <a href=\"https:\/\/www.omnitrack.com\/fr\/ball-transfer-units\/heavy-duty\/84-94-series-external-spring-loaded\/\" class=\"category-list-item\" alt=\"S\u00e9ries 84 et 94-\u00c1 ressort exterieur\">        <img loading=\"lazy\" decoding=\"async\" width=\"150\" height=\"150\" src=\"https:\/\/www.omnitrack.com\/wp-content\/uploads\/2023\/03\/94_400.webp\" class=\"img-fluid\" alt=\"Stud\" srcset=\"https:\/\/www.omnitrack.com\/wp-content\/uploads\/2023\/03\/94_400.webp 400w, https:\/\/www.omnitrack.com\/wp-content\/uploads\/2023\/03\/94_400-300x300.webp 300w, https:\/\/www.omnitrack.com\/wp-content\/uploads\/2023\/03\/94_400-150x150.webp 150w, https:\/\/www.omnitrack.com\/wp-content\/uploads\/2023\/03\/94_400-100x100.webp 100w\" sizes=\"auto, (max-width: 150px) 100vw, 150px\" \/>        <h3 class=\"fontSize-4 fontSize-sm-3 mb-0 mb-sm-2\">S\u00e9ries 84 et 94<\/h3>                    <small>\u00c1 ressort exterieur<\/small>                    <\/a><\/li><li class=\"col-6 col-sm-4 col-lg-3 col-xl-3 col-xxl-20 \">    <a href=\"https:\/\/www.omnitrack.com\/fr\/ball-transfer-units\/heavy-duty\/85-95-series-housed-spring-loaded\/\" class=\"category-list-item\" alt=\"S\u00e9ries 85 et 95-Bille \u00e0 ressort int\u00e9rieur\">        <img loading=\"lazy\" decoding=\"async\" width=\"150\" height=\"150\" src=\"https:\/\/www.omnitrack.com\/wp-content\/uploads\/2023\/03\/95_400.webp\" class=\"img-fluid\" alt=\"Stud\" srcset=\"https:\/\/www.omnitrack.com\/wp-content\/uploads\/2023\/03\/95_400.webp 400w, https:\/\/www.omnitrack.com\/wp-content\/uploads\/2023\/03\/95_400-300x300.webp 300w, https:\/\/www.omnitrack.com\/wp-content\/uploads\/2023\/03\/95_400-150x150.webp 150w, https:\/\/www.omnitrack.com\/wp-content\/uploads\/2023\/03\/95_400-100x100.webp 100w\" sizes=\"auto, (max-width: 150px) 100vw, 150px\" \/>        <h3 class=\"fontSize-4 fontSize-sm-3 mb-0 mb-sm-2\">S\u00e9ries 85 et 95<\/h3>                    <small>Bille \u00e0 ressort int\u00e9rieur<\/small>                    <\/a><\/li><li class=\"col-6 col-sm-4 col-lg-3 col-xl-3 col-xxl-20 \">    <a href=\"https:\/\/www.omnitrack.com\/fr\/ball-transfer-units\/heavy-duty\/86-96-series-spring-loaded-flange-socket\/\" class=\"category-list-item\" alt=\"S\u00e9ries 86 et 96-Socle cylindrique \u00e0 collerette\">        <img loading=\"lazy\" decoding=\"async\" width=\"150\" height=\"150\" src=\"https:\/\/www.omnitrack.com\/wp-content\/uploads\/2023\/03\/96_400.webp\" class=\"img-fluid\" alt=\"Stud\" srcset=\"https:\/\/www.omnitrack.com\/wp-content\/uploads\/2023\/03\/96_400.webp 400w, https:\/\/www.omnitrack.com\/wp-content\/uploads\/2023\/03\/96_400-300x300.webp 300w, https:\/\/www.omnitrack.com\/wp-content\/uploads\/2023\/03\/96_400-150x150.webp 150w, https:\/\/www.omnitrack.com\/wp-content\/uploads\/2023\/03\/96_400-100x100.webp 100w\" sizes=\"auto, (max-width: 150px) 100vw, 150px\" \/>        <h3 class=\"fontSize-4 fontSize-sm-3 mb-0 mb-sm-2\">S\u00e9ries 86 et 96<\/h3>                    <small>Socle cylindrique \u00e0 collerette<\/small>                    <\/a><\/li><li class=\"col-6 col-sm-4 col-lg-3 col-xl-3 col-xxl-20 \">    <a href=\"https:\/\/www.omnitrack.com\/fr\/ball-transfer-units\/heavy-duty\/87-97-series-spring-loaded-flange-fixing\/\" class=\"category-list-item\" alt=\"S\u00e9ries 87 et 97-Socle cylindrique \u00e0 platine\">        <img loading=\"lazy\" decoding=\"async\" width=\"150\" height=\"150\" src=\"https:\/\/www.omnitrack.com\/wp-content\/uploads\/2023\/03\/97_400.webp\" class=\"img-fluid\" alt=\"Stud\" srcset=\"https:\/\/www.omnitrack.com\/wp-content\/uploads\/2023\/03\/97_400.webp 400w, https:\/\/www.omnitrack.com\/wp-content\/uploads\/2023\/03\/97_400-300x300.webp 300w, https:\/\/www.omnitrack.com\/wp-content\/uploads\/2023\/03\/97_400-150x150.webp 150w, https:\/\/www.omnitrack.com\/wp-content\/uploads\/2023\/03\/97_400-100x100.webp 100w\" sizes=\"auto, (max-width: 150px) 100vw, 150px\" \/>        <h3 class=\"fontSize-4 fontSize-sm-3 mb-0 mb-sm-2\">S\u00e9ries 87 et 97<\/h3>                    <small>Socle cylindrique \u00e0 platine<\/small>                    <\/a><\/li><li class=\"col-6 col-sm-4 col-lg-3 col-xl-3 col-xxl-20 \">    <a href=\"https:\/\/www.omnitrack.com\/fr\/ball-transfer-units\/medium-duty\/mn-series-housed-spring-loaded\/\" class=\"category-list-item\" alt=\"S\u00e9ries MN-Bille avec d\u00e9flecteur\">        <img loading=\"lazy\" decoding=\"async\" width=\"150\" height=\"150\" src=\"https:\/\/www.omnitrack.com\/wp-content\/uploads\/2023\/03\/MN-series-medium-duty-ball-transfer-units.webp\" class=\"img-fluid\" alt=\"medium-duty ball transfer unit\" srcset=\"https:\/\/www.omnitrack.com\/wp-content\/uploads\/2023\/03\/MN-series-medium-duty-ball-transfer-units.webp 400w, https:\/\/www.omnitrack.com\/wp-content\/uploads\/2023\/03\/MN-series-medium-duty-ball-transfer-units-300x300.webp 300w, https:\/\/www.omnitrack.com\/wp-content\/uploads\/2023\/03\/MN-series-medium-duty-ball-transfer-units-150x150.webp 150w, https:\/\/www.omnitrack.com\/wp-content\/uploads\/2023\/03\/MN-series-medium-duty-ball-transfer-units-100x100.webp 100w\" sizes=\"auto, (max-width: 150px) 100vw, 150px\" \/>        <h3 class=\"fontSize-4 fontSize-sm-3 mb-0 mb-sm-2\">S\u00e9ries MN<\/h3>                    <small>Bille avec d\u00e9flecteur<\/small>                    <\/a><\/li><li class=\"col-6 col-sm-4 col-lg-3 col-xl-3 col-xxl-20 \">    <a href=\"https:\/\/www.omnitrack.com\/fr\/ball-transfer-units\/medium-duty\/mm-series-housed-spring-loaded\/\" class=\"category-list-item\" alt=\"S\u00e9ries MM-Bille \u00e0 socle cylindrique \u00e9paul\u00e9 avec d\u00e9flecteur\">        <img loading=\"lazy\" decoding=\"async\" width=\"150\" height=\"150\" src=\"https:\/\/www.omnitrack.com\/wp-content\/uploads\/2023\/03\/mm-series-medium-duty-ball-transfer-units.webp\" class=\"img-fluid\" alt=\"medium-duty ball transfer unit\" srcset=\"https:\/\/www.omnitrack.com\/wp-content\/uploads\/2023\/03\/mm-series-medium-duty-ball-transfer-units.webp 400w, https:\/\/www.omnitrack.com\/wp-content\/uploads\/2023\/03\/mm-series-medium-duty-ball-transfer-units-300x300.webp 300w, https:\/\/www.omnitrack.com\/wp-content\/uploads\/2023\/03\/mm-series-medium-duty-ball-transfer-units-150x150.webp 150w, https:\/\/www.omnitrack.com\/wp-content\/uploads\/2023\/03\/mm-series-medium-duty-ball-transfer-units-100x100.webp 100w\" sizes=\"auto, (max-width: 150px) 100vw, 150px\" \/>        <h3 class=\"fontSize-4 fontSize-sm-3 mb-0 mb-sm-2\">S\u00e9ries MM<\/h3>                    <small>Bille \u00e0 socle cylindrique \u00e9paul\u00e9 avec d\u00e9flecteur<\/small>                    <\/a><\/li><li class=\"col-6 col-sm-4 col-lg-3 col-xl-3 col-xxl-20 \">    <a href=\"https:\/\/www.omnitrack.com\/fr\/ball-transfer-units\/light-duty\/lm-series-cased-spring-loaded\/\" class=\"category-list-item\" alt=\"S\u00e9ries LM-Billes escamotables encastrables\">        <img loading=\"lazy\" decoding=\"async\" width=\"150\" height=\"150\" src=\"https:\/\/www.omnitrack.com\/wp-content\/uploads\/2023\/03\/LM-series-light-duty-ball-transfer-units.webp\" class=\"img-fluid\" alt=\"LM series light duty ball transfer units\" srcset=\"https:\/\/www.omnitrack.com\/wp-content\/uploads\/2023\/03\/LM-series-light-duty-ball-transfer-units.webp 400w, https:\/\/www.omnitrack.com\/wp-content\/uploads\/2023\/03\/LM-series-light-duty-ball-transfer-units-300x300.webp 300w, https:\/\/www.omnitrack.com\/wp-content\/uploads\/2023\/03\/LM-series-light-duty-ball-transfer-units-150x150.webp 150w, https:\/\/www.omnitrack.com\/wp-content\/uploads\/2023\/03\/LM-series-light-duty-ball-transfer-units-100x100.webp 100w\" sizes=\"auto, (max-width: 150px) 100vw, 150px\" \/>        <h3 class=\"fontSize-4 fontSize-sm-3 mb-0 mb-sm-2\">S\u00e9ries LM<\/h3>                    <small>Billes escamotables encastrables<\/small>                    <\/a><\/li><li class=\"col-6 col-sm-4 col-lg-3 col-xl-3 col-xxl-20 \">    <a href=\"https:\/\/www.omnitrack.com\/fr\/ball-transfer-units\/spring-loaded-t-b-bars\/t-b-bars\/\" class=\"category-list-item\" alt=\"Barres en B-Avec billes \u00e0 ressort\">        <img loading=\"lazy\" decoding=\"async\" width=\"150\" height=\"150\" src=\"https:\/\/www.omnitrack.com\/wp-content\/uploads\/2023\/03\/B_Bar.webp\" class=\"img-fluid\" alt=\"spring loaded &amp; t\/b bars\" srcset=\"https:\/\/www.omnitrack.com\/wp-content\/uploads\/2023\/03\/B_Bar.webp 800w, https:\/\/www.omnitrack.com\/wp-content\/uploads\/2023\/03\/B_Bar-300x300.webp 300w, https:\/\/www.omnitrack.com\/wp-content\/uploads\/2023\/03\/B_Bar-150x150.webp 150w, https:\/\/www.omnitrack.com\/wp-content\/uploads\/2023\/03\/B_Bar-768x768.webp 768w, https:\/\/www.omnitrack.com\/wp-content\/uploads\/2023\/03\/B_Bar-600x600.webp 600w, https:\/\/www.omnitrack.com\/wp-content\/uploads\/2023\/03\/B_Bar-100x100.webp 100w\" sizes=\"auto, (max-width: 150px) 100vw, 150px\" \/>        <h3 class=\"fontSize-4 fontSize-sm-3 mb-0 mb-sm-2\">Barres en B<\/h3>                    <small>Avec billes \u00e0 ressort<\/small>                    <\/a><\/li><li class=\"col-6 col-sm-4 col-lg-3 col-xl-3 col-xxl-20 \">    <a href=\"https:\/\/www.omnitrack.com\/fr\/ball-transfer-units\/spring-loaded-t-b-bars\/t-b-bars\/\" class=\"category-list-item\" alt=\"Barres en T-Avec billes \u00e0 ressort\">        <img loading=\"lazy\" decoding=\"async\" width=\"150\" height=\"150\" src=\"https:\/\/www.omnitrack.com\/wp-content\/uploads\/2023\/03\/T_Bar.webp\" class=\"img-fluid\" alt=\"Spring loaded&amp; T\/B-bars\" srcset=\"https:\/\/www.omnitrack.com\/wp-content\/uploads\/2023\/03\/T_Bar.webp 800w, https:\/\/www.omnitrack.com\/wp-content\/uploads\/2023\/03\/T_Bar-300x300.webp 300w, https:\/\/www.omnitrack.com\/wp-content\/uploads\/2023\/03\/T_Bar-150x150.webp 150w, https:\/\/www.omnitrack.com\/wp-content\/uploads\/2023\/03\/T_Bar-768x768.webp 768w, https:\/\/www.omnitrack.com\/wp-content\/uploads\/2023\/03\/T_Bar-600x600.webp 600w, https:\/\/www.omnitrack.com\/wp-content\/uploads\/2023\/03\/T_Bar-100x100.webp 100w\" sizes=\"auto, (max-width: 150px) 100vw, 150px\" \/>        <h3 class=\"fontSize-4 fontSize-sm-3 mb-0 mb-sm-2\">Barres en T<\/h3>                    <small>Avec billes \u00e0 ressort<\/small>                    <\/a><\/li><\/ul><\/div>\n<\/section>\n<div class=\"row cpn-section\">\n<div class=\"col\">\n<hr \/>\n<\/div>\n<\/div>\n<section id=\"icons-grid-one\" class=\"row cpn-section pb-5\">\n<div class=\"col-12 col-sm-5 col-lg-5 col-xl-7 fontSize-4 text-content\">\n<h3>Conception \u00e0 faible frottement<\/h3>\n<p>Les <a href=\"https:\/\/www.omnitrack.com\/fr\/ball-transfer-units\/\">Billes<\/a> de manutention forte charge offrent le plus faible coefficient de frottement. Exprim\u00e9 comme un rapport inf\u00e9rieur \u00e0 1:0,005 ; ou comme le point de rupture d&rsquo;inertie, inf\u00e9rieur \u00e0 0,5 % de la charge transport\u00e9e.<\/p>\n<h3 class=\"mt-4\">Charge maximale quelle que soit l&rsquo;orientation<\/h3>\n<p>Les billes de manutention forte charge sont con\u00e7ues pour \u00eatre utilis\u00e9es \u00e0 une charge maximale, quel que soit l&rsquo;angle d&rsquo;orientation (utilisation de la bille vers le bas).<\/p>\n<h3 class=\"mt-4\">Charges lourdes &#8211; 8000 kg chacune<\/h3>\n<p>Capacit\u00e9 \u00e9lev\u00e9e \u2013 Les billes de manutention forte charge supportent des charges de 8000 kg de capacit\u00e9 de charge individuelle (chacune).<\/p>\n<h3 class=\"mt-4\">Dur\u00e9e de vie et pi\u00e8ces de rechange<\/h3>\n<p>Dur\u00e9e de vie maximale \u2013 Kits d&rsquo;entretien utilisables par l&rsquo;utilisateur, service complet de pi\u00e8ces d\u00e9tach\u00e9es et de reconditionnement en usine.<\/p>\n<h3 class=\"mt-4\">Mouvement souple et de haute pr\u00e9cision<\/h3>\n<p>Composants solides, usin\u00e9s avec pr\u00e9cision et assembl\u00e9s individuellement avec une inspection et un test \u00e0 100 %. Garantie gratuite de 2 ans.<\/p>\n<\/div>\n<div class=\"col-12 col-sm-7 col-lg-7 col-xl-5\"><div class=\"grid-wrap\">\n<div class=\"row g-2 g-md-3 mb-2 mb-md-3\">\n<div class=\"col-8\">\n<div class=\"grid-item double\"><img decoding=\"async\" loading=\"lazy\" src=\"https:\/\/www.omnitrack.com\/wp-content\/themes\/omnitrack2023\/images\/icon-maximum-load.svg\" class=\"ico-icons-grid\" alt=\"icon-maximum-load\"  \/>Charge nominale maximale inchang\u00e9e quelle que soit l&rsquo;orientation<small><\/small><\/div>\n<\/div>\n<div class=\"col-4\">\n<div class=\"grid-item\"><img decoding=\"async\" loading=\"lazy\" src=\"https:\/\/www.omnitrack.com\/wp-content\/themes\/omnitrack2023\/images\/icon-low-friction.svg\" class=\"ico-icons-grid\" alt=\"icon-low-friction\"  \/>Faible frottement<br \/>1 : 0,005<small><\/small><\/div>\n<\/div>\n<\/div>\n<div class=\"row g-2 g-md-3 mb-2 mb-md-3\">\n<div class=\"col-4\">\n<div class=\"grid-item\"><img decoding=\"async\" loading=\"lazy\" src=\"https:\/\/www.omnitrack.com\/wp-content\/themes\/omnitrack2023\/images\/icon-high-shock-resistence.svg\" class=\"ico-icons-grid\" alt=\"icon-high-shock-resistence\"  \/>R\u00e9sistance \u00e9lev\u00e9e aux chocs<small><\/small><\/div>\n<\/div>\n<div class=\"col-4\">\n<div class=\"grid-item\"><img decoding=\"async\" loading=\"lazy\" src=\"https:\/\/www.omnitrack.com\/wp-content\/themes\/omnitrack2023\/images\/icon-temperature.svg\" class=\"ico-icons-grid\" alt=\"icon-temperature\"  \/>Temp\u00e9rature<br \/>-50\/260\u00baC<small><\/small><\/div>\n<\/div>\n<div class=\"col-4\">\n<div class=\"grid-item\"><img decoding=\"async\" loading=\"lazy\" src=\"https:\/\/www.omnitrack.com\/wp-content\/themes\/omnitrack2023\/images\/icon-speed.svg\" class=\"ico-icons-grid\" alt=\"icon-speed\"  \/>Vitesse<br \/>2m\/sec<small><\/small><\/div>\n<\/div>\n<\/div>\n<div class=\"row g-2 g-md-3\">\n<div class=\"col-4\">\n<div class=\"grid-item\"><img decoding=\"async\" loading=\"lazy\" src=\"https:\/\/www.omnitrack.com\/wp-content\/themes\/omnitrack2023\/images\/icon-drain-channels.svg\" class=\"ico-icons-grid\" alt=\"icon-drain-channels\"  \/>Trous d\u00e9vacuation de l\u2019eau et des impuret\u00e9s.<small>S\u00e9rie 9000 uniquement<\/small><\/div>\n<\/div>\n<div class=\"col-4\">\n<div class=\"grid-item\"><img decoding=\"async\" loading=\"lazy\" src=\"https:\/\/www.omnitrack.com\/wp-content\/themes\/omnitrack2023\/images\/icon-user-seviceble.svg\" class=\"ico-icons-grid\" alt=\"icon-user-seviceble\"  \/>Entretien par l&rsquo;utilisateur<small>S\u00e9rie 9000 uniquement<\/small><\/div>\n<\/div>\n<div class=\"col-4\">\n<div class=\"grid-item\"><img decoding=\"async\" loading=\"lazy\" src=\"https:\/\/www.omnitrack.com\/wp-content\/themes\/omnitrack2023\/images\/icon-precision-machined-construction.svg\" class=\"ico-icons-grid\" alt=\"icon-precision-machined-construction\"  \/>Fabrication par usinage de pr\u00e9cision<small><\/small><\/div>\n<\/div>\n<\/div>\n<\/div>\n<\/div>\n<\/section>\n<section id=\"cant-find\" class=\"row cpn-section py-5 two justify-content-between\"><div class=\"col-12 col-sm-6 col-lg-7 py-lg-4 pe-lg-5\">\n<h3 class=\"fontSize-2 fontSize-md-1\">Vous ne trouvez pas ce que vous cherchez?<\/h3>\n<p class=\"fontSize-4\">Essayez de rechercher des mots-cl\u00e9s, num\u00e9ros r\u00e9fr\u00e9rence, capacit\u00e8 de charge et types de fixation.<\/p>\n<div class=\"input-group\"><form class=\"form-search\"><div class=\"input-group\">  <input type=\"text\" name=\"s\" class=\"form-control field\" placeholder=\"Recherche de r\u00e9f\u00e8rence #\">  <input type=\"hidden\" name=\"post-type\" value=\"product\"><\/div><\/form><\/div>\n<\/div>\n<div class=\"col-12 col-sm-6 col-lg-5 py-lg-4 pt-4 pt-sm-0\">\n<h3 class=\"fontSize-2 fontSize-md-1\">Free technical advice<\/h3>\n<p class=\"fontSize-4\">Phone: <b><a href=\"tel:+330187210069\">+33 01 8721 0069<\/a><\/b><\/p>\n<p class=\"fontSize-4\">Email: <b><a href=\"mailto:info@omnitrack.com\">info@omnitrack.com<\/a><\/b><\/p>\n<div class=\"mt-4\"> <a class=\"btn-ot green me-2 mb-3 mb-md-0 w100-mobile\" href=\"https:\/\/wa.me\/447759128207\" target=\"_blank\" rel=\"noopener\"><img decoding=\"async\" loading=\"lazy\" src=\"https:\/\/www.omnitrack.com\/wp-content\/themes\/omnitrack2023\/images\/icon-whatsapp.svg\"  alt=\"WhatsApp Omnitrack\"  \/> WhatsApp<\/a> <a class=\"btn-ot w100-mobile\" href=\"https:\/\/calendly.com\/omnitrack\/15min\" target=\"_blank\" rel=\"noopener\"><img decoding=\"async\" loading=\"lazy\" src=\"https:\/\/www.omnitrack.com\/wp-content\/themes\/omnitrack2023\/images\/icon-schedule.svg\"  alt=\"Planifier un appel t\u00e9l\u00e9phonique avec Omnitrack\"  \/> Planifier un appel<\/a><\/div>\n<\/div>\n<\/section>\n","protected":false},"excerpt":{"rendered":"<p>Conception \u00e0 faible frottement Les Billes de manutention forte charge offrent le plus faible coefficient de frottement. Exprim\u00e9 comme un rapport inf\u00e9rieur \u00e0 1:0,005 ; ou comme le point de rupture d&rsquo;inertie, inf\u00e9rieur \u00e0 0,5 % de la charge transport\u00e9e. Charge maximale quelle que soit l&rsquo;orientation Les billes de manutention forte charge sont con\u00e7ues pour [&hellip;]<\/p>\n","protected":false},"author":7,"featured_media":0,"parent":93484,"menu_order":0,"comment_status":"closed","ping_status":"closed","template":"page-spring-loaded-t-b-bars.php","meta":{"inline_featured_image":false,"footnotes":""},"class_list":["post-93498","page","type-page","status-publish","hentry"],"acf":[],"_links":{"self":[{"href":"https:\/\/www.omnitrack.com\/fr\/wp-json\/wp\/v2\/pages\/93498","targetHints":{"allow":["GET"]}}],"collection":[{"href":"https:\/\/www.omnitrack.com\/fr\/wp-json\/wp\/v2\/pages"}],"about":[{"href":"https:\/\/www.omnitrack.com\/fr\/wp-json\/wp\/v2\/types\/page"}],"author":[{"embeddable":true,"href":"https:\/\/www.omnitrack.com\/fr\/wp-json\/wp\/v2\/users\/7"}],"replies":[{"embeddable":true,"href":"https:\/\/www.omnitrack.com\/fr\/wp-json\/wp\/v2\/comments?post=93498"}],"version-history":[{"count":4,"href":"https:\/\/www.omnitrack.com\/fr\/wp-json\/wp\/v2\/pages\/93498\/revisions"}],"predecessor-version":[{"id":103581,"href":"https:\/\/www.omnitrack.com\/fr\/wp-json\/wp\/v2\/pages\/93498\/revisions\/103581"}],"up":[{"embeddable":true,"href":"https:\/\/www.omnitrack.com\/fr\/wp-json\/wp\/v2\/pages\/93484"}],"wp:attachment":[{"href":"https:\/\/www.omnitrack.com\/fr\/wp-json\/wp\/v2\/media?parent=93498"}],"curies":[{"name":"wp","href":"https:\/\/api.w.org\/{rel}","templated":true}]}}