{"id":93495,"date":"2019-05-10T17:02:17","date_gmt":"2019-05-10T17:02:17","guid":{"rendered":"https:\/\/www.omnitrack.com\/warranty\/"},"modified":"2024-08-26T14:37:59","modified_gmt":"2024-08-26T14:37:59","slug":"garantie","status":"publish","type":"page","link":"https:\/\/www.omnitrack.com\/fr\/garantie\/","title":{"rendered":"Garantie"},"content":{"rendered":"<section id=\"header-product-one\" class=\"row cpn-section fontSize-4\">\n<div class=\"col-12 col-lg-8\">\n<h1>Gamme lourde \u2013 Garantie gratuite de 2 ans<\/h1>\n<p>Activez votre garantie en ligne pour enregistrer la date de d\u00e9but de votre garantie <strong>gratuite de 2 ans<\/strong>. Veillez \u00e0 activer votre garantie dans les six mois suivant la livraison. Nous devons nous assurer que votre application correspond \u00e0 l&rsquo;utilisation pr\u00e9vue et qu&rsquo;elle est conforme aux sp\u00e9cifications d&rsquo;origine les plus proches. Nous organiserons le remplacement et l&rsquo;exp\u00e9dition du produit gratuitement. Si nous pouvons trouver un produit plus adapt\u00e9 \u00e0 votre application, nous vous proposerons des conditions avantageuses pour r\u00e9soudre votre probl\u00e8me.<\/p>\n<\/div>\n<div class=\"col-12 col-lg-4\"><img loading=\"lazy\" decoding=\"async\" class=\"img-fluid alignnone wp-image-79745 size-full\" src=\"https:\/\/www.omnitrack.com\/wp-content\/uploads\/2024\/08\/2_year_warranty_fr.webp\" alt=\" Garantie\" width=\"401\" height=\"190\" \/><\/div>\n<\/section>\n<section class=\"row cpn-section pb-5 fontSize-4\">\n<div class=\"col-12\">[omni_warranty idform=\u00a0\u00bb3512&Prime;]<\/div>\n<\/section>\n<section id=\"cant-find\" class=\"row cpn-section py-5 two justify-content-between\"><div class=\"col-12 col-sm-6 col-lg-7 py-lg-4 pe-lg-5\">\n<h3 class=\"fontSize-2 fontSize-md-1\">Vous ne trouvez pas ce que vous cherchez?<\/h3>\n<p class=\"fontSize-4\">Essayez de rechercher des mots-cl\u00e9s, num\u00e9ros r\u00e9fr\u00e9rence, capacit\u00e8 de charge et types de fixation.<\/p>\n<div class=\"input-group\"><form class=\"form-search\"><div class=\"input-group\">  <input type=\"text\" name=\"s\" class=\"form-control field\" placeholder=\"Recherche de r\u00e9f\u00e8rence #\">  <input type=\"hidden\" name=\"post-type\" value=\"product\"><\/div><\/form><\/div>\n<\/div>\n<div class=\"col-12 col-sm-6 col-lg-5 py-lg-4 pt-4 pt-sm-0\">\n<h3 class=\"fontSize-2 fontSize-md-1\">Free technical advice<\/h3>\n<p class=\"fontSize-4\">Phone: <b><a href=\"tel:+330187210069\">+33 01 8721 0069<\/a><\/b><\/p>\n<p class=\"fontSize-4\">Email: <b><a href=\"mailto:info@omnitrack.com\">info@omnitrack.com<\/a><\/b><\/p>\n<div class=\"mt-4\"> <a class=\"btn-ot green me-2 mb-3 mb-md-0 w100-mobile\" href=\"https:\/\/wa.me\/447759128207\" target=\"_blank\" rel=\"noopener\"><img decoding=\"async\" loading=\"lazy\" src=\"https:\/\/www.omnitrack.com\/wp-content\/themes\/omnitrack2023\/images\/icon-whatsapp.svg\"  alt=\"WhatsApp Omnitrack\"  \/> WhatsApp<\/a> <a class=\"btn-ot w100-mobile\" href=\"https:\/\/calendly.com\/omnitrack\/15min\" target=\"_blank\" rel=\"noopener\"><img decoding=\"async\" loading=\"lazy\" src=\"https:\/\/www.omnitrack.com\/wp-content\/themes\/omnitrack2023\/images\/icon-schedule.svg\"  alt=\"Planifier un appel t\u00e9l\u00e9phonique avec Omnitrack\"  \/> Planifier un appel<\/a><\/div>\n<\/div>\n<\/section>\n","protected":false},"excerpt":{"rendered":"<p>Gamme lourde \u2013 Garantie gratuite de 2 ans Activez votre garantie en ligne pour enregistrer la date de d\u00e9but de votre garantie gratuite de 2 ans. Veillez \u00e0 activer votre garantie dans les six mois suivant la livraison. Nous devons nous assurer que votre application correspond \u00e0 l&rsquo;utilisation pr\u00e9vue et qu&rsquo;elle est conforme aux sp\u00e9cifications [&hellip;]<\/p>\n","protected":false},"author":7,"featured_media":0,"parent":0,"menu_order":0,"comment_status":"closed","ping_status":"closed","template":"page-warranty.php","meta":{"inline_featured_image":false,"footnotes":""},"class_list":["post-93495","page","type-page","status-publish","hentry"],"acf":[],"_links":{"self":[{"href":"https:\/\/www.omnitrack.com\/fr\/wp-json\/wp\/v2\/pages\/93495","targetHints":{"allow":["GET"]}}],"collection":[{"href":"https:\/\/www.omnitrack.com\/fr\/wp-json\/wp\/v2\/pages"}],"about":[{"href":"https:\/\/www.omnitrack.com\/fr\/wp-json\/wp\/v2\/types\/page"}],"author":[{"embeddable":true,"href":"https:\/\/www.omnitrack.com\/fr\/wp-json\/wp\/v2\/users\/7"}],"replies":[{"embeddable":true,"href":"https:\/\/www.omnitrack.com\/fr\/wp-json\/wp\/v2\/comments?post=93495"}],"version-history":[{"count":3,"href":"https:\/\/www.omnitrack.com\/fr\/wp-json\/wp\/v2\/pages\/93495\/revisions"}],"predecessor-version":[{"id":105371,"href":"https:\/\/www.omnitrack.com\/fr\/wp-json\/wp\/v2\/pages\/93495\/revisions\/105371"}],"wp:attachment":[{"href":"https:\/\/www.omnitrack.com\/fr\/wp-json\/wp\/v2\/media?parent=93495"}],"curies":[{"name":"wp","href":"https:\/\/api.w.org\/{rel}","templated":true}]}}