{"id":93493,"date":"2019-01-21T17:21:24","date_gmt":"2019-01-21T17:21:24","guid":{"rendered":"https:\/\/www.omnitrack.com\/technical-reference\/"},"modified":"2024-09-24T20:03:43","modified_gmt":"2024-09-24T20:03:43","slug":"reference-technique","status":"publish","type":"page","link":"https:\/\/www.omnitrack.com\/fr\/reference-technique\/","title":{"rendered":"R\u00e9f\u00e9rence Technique"},"content":{"rendered":"<section id=\"header-product-one\" class=\"row cpn-section pb-4 fontSize-4\">\n<div class=\"col\">\n<h1>R\u00e9f\u00e9rence Technique<\/h1>\n<h2>Billes de manutention forte charge &#8211; Pr\u00e9cision maximale<\/h2>\n<p>Billes de manutention forte charge Omnitrack s\u00e9rie 9000 &#8211; En production continue depuis 1954. R\u00e9tablissez rapidement les performances en quelques minutes en utilisant les kits d&rsquo;enretien S1 et S2 qui offrent deux niveaux de composants et des instructions de r\u00e9vision compl\u00e8tes. Service de reconditionnement en usine pour les unit\u00e9s \u00e0 ressort et les unit\u00e9s sur-mesure qui peuvent n\u00e9cessiter un outillage sp\u00e9cial pour un d\u00e9montage en toute s\u00e9curit\u00e9. Pour commander, indiquez le num\u00e9ro de pi\u00e8ce d&rsquo;origine, toute marque d&rsquo;identification et le kit de service requis, par exemple S1-9241. En cas de doute, contactez-nous et nous vous ferons rouler!<\/p>\n<\/div>\n<\/section>\n<section class=\"row cpn-section fontSize-4\">\n<div class=\"col-12 col-md-6 mb-4 mb-md-0\"><img loading=\"lazy\" decoding=\"async\" class=\"img-fluid alignnone wp-image-79750 size-full\" src=\"https:\/\/www.omnitrack.com\/wp-content\/uploads\/2024\/09\/heavy_duty_technical_reference_fr.webp\" alt=\"Diagramme r\u00e9f\u00e9rence technique de bille de manutention\" width=\"700\" height=\"696\" \/><\/div>\n<div class=\"col-12 col-md-6\"><div class=\"grid-wrap\">\n<div class=\"row g-2 g-md-3 mb-2 mb-md-3\">\n<div class=\"col-8\">\n<div class=\"grid-item double\"><img decoding=\"async\" loading=\"lazy\" src=\"https:\/\/www.omnitrack.com\/wp-content\/themes\/omnitrack2023\/images\/icon-maximum-load.svg\" class=\"ico-icons-grid\" alt=\"icon-maximum-load\"  \/>Charge nominale maximale inchang\u00e9e quelle que soit l&rsquo;orientation<small><\/small><\/div>\n<\/div>\n<div class=\"col-4\">\n<div class=\"grid-item\"><img decoding=\"async\" loading=\"lazy\" src=\"https:\/\/www.omnitrack.com\/wp-content\/themes\/omnitrack2023\/images\/icon-low-friction.svg\" class=\"ico-icons-grid\" alt=\"icon-low-friction\"  \/>Faible frottement<br \/>1 : 0,005<small><\/small><\/div>\n<\/div>\n<\/div>\n<div class=\"row g-2 g-md-3 mb-2 mb-md-3\">\n<div class=\"col-4\">\n<div class=\"grid-item\"><img decoding=\"async\" loading=\"lazy\" src=\"https:\/\/www.omnitrack.com\/wp-content\/themes\/omnitrack2023\/images\/icon-high-shock-resistence.svg\" class=\"ico-icons-grid\" alt=\"icon-high-shock-resistence\"  \/>R\u00e9sistance \u00e9lev\u00e9e aux chocs<small><\/small><\/div>\n<\/div>\n<div class=\"col-4\">\n<div class=\"grid-item\"><img decoding=\"async\" loading=\"lazy\" src=\"https:\/\/www.omnitrack.com\/wp-content\/themes\/omnitrack2023\/images\/icon-temperature.svg\" class=\"ico-icons-grid\" alt=\"icon-temperature\"  \/>Temp\u00e9rature<br \/>-50\/260\u00baC<small><\/small><\/div>\n<\/div>\n<div class=\"col-4\">\n<div class=\"grid-item\"><img decoding=\"async\" loading=\"lazy\" src=\"https:\/\/www.omnitrack.com\/wp-content\/themes\/omnitrack2023\/images\/icon-speed.svg\" class=\"ico-icons-grid\" alt=\"icon-speed\"  \/>Vitesse<br \/>2m\/sec<small><\/small><\/div>\n<\/div>\n<\/div>\n<div class=\"row g-2 g-md-3\">\n<div class=\"col-4\">\n<div class=\"grid-item\"><img decoding=\"async\" loading=\"lazy\" src=\"https:\/\/www.omnitrack.com\/wp-content\/themes\/omnitrack2023\/images\/icon-drain-channels.svg\" class=\"ico-icons-grid\" alt=\"icon-drain-channels\"  \/>Trous d\u00e9vacuation de l\u2019eau et des impuret\u00e9s.<small>S\u00e9rie 9000 uniquement<\/small><\/div>\n<\/div>\n<div class=\"col-4\">\n<div class=\"grid-item\"><img decoding=\"async\" loading=\"lazy\" src=\"https:\/\/www.omnitrack.com\/wp-content\/themes\/omnitrack2023\/images\/icon-user-seviceble.svg\" class=\"ico-icons-grid\" alt=\"icon-user-seviceble\"  \/>Entretien par l&rsquo;utilisateur<small>S\u00e9rie 9000 uniquement<\/small><\/div>\n<\/div>\n<div class=\"col-4\">\n<div class=\"grid-item\"><img decoding=\"async\" loading=\"lazy\" src=\"https:\/\/www.omnitrack.com\/wp-content\/themes\/omnitrack2023\/images\/icon-precision-machined-construction.svg\" class=\"ico-icons-grid\" alt=\"icon-precision-machined-construction\"  \/>Fabrication par usinage de pr\u00e9cision<small><\/small><\/div>\n<\/div>\n<\/div>\n<\/div>\n<\/p>\n<p class=\"text-center mt-3\"><strong class=\"fontSize-3\">Canaux de d\u00e9bris et de drainage<\/strong><br \/>\nToutes les unit\u00e9s (boule principale) &gt; 15,8 mm<\/p>\n<\/div>\n<\/section>\n<div class=\"row cpn-section\">\n<div class=\"col\">\n<hr \/>\n<\/div>\n<\/div>\n<section class=\"row cpn-section fontSize-4\">\n<div class=\"col-12 col-md-6\">\n<div class=\"row align-items-center\">\n<div class=\"col-4\"><img loading=\"lazy\" decoding=\"async\" class=\"img-fluid alignnone wp-image-78060 size-medium\" src=\"https:\/\/www.omnitrack.com\/wp-content\/uploads\/2023\/03\/92-300x300.webp\" alt=\"R\u00e9f\u00e9rence Technique\" width=\"300\" height=\"300\" srcset=\"https:\/\/www.omnitrack.com\/wp-content\/uploads\/2023\/03\/92-300x300.webp 300w, https:\/\/www.omnitrack.com\/wp-content\/uploads\/2023\/03\/92-150x150.webp 150w, https:\/\/www.omnitrack.com\/wp-content\/uploads\/2023\/03\/92-768x768.webp 768w, https:\/\/www.omnitrack.com\/wp-content\/uploads\/2023\/03\/92-600x600.webp 600w, https:\/\/www.omnitrack.com\/wp-content\/uploads\/2023\/03\/92-100x100.webp 100w, https:\/\/www.omnitrack.com\/wp-content\/uploads\/2023\/03\/92.webp 800w\" sizes=\"auto, (max-width: 300px) 100vw, 300px\" \/><\/div>\n<div class=\"col-8\">\n<p class=\"fontSize-4 fontSize-md-3\"><strong class=\"fontSize-3 fontSize-md-2 lh-1 lh-md-2\">Anti-oxyde Finition noire \u00e9lectrophor\u00e9tique<\/strong><br \/>\n&gt; 330 heures R\u00e9sistance au sel ISO<\/p>\n<\/div>\n<\/div>\n<\/div>\n<div class=\"col-12 col-md-6\">\n<div class=\"row align-items-center\">\n<div class=\"col-4\"><img loading=\"lazy\" decoding=\"async\" class=\"img-fluid alignnone wp-image-78138 size-medium\" src=\"https:\/\/www.omnitrack.com\/wp-content\/uploads\/2023\/03\/93_SS-300x300.webp\" alt=\"R\u00e9f\u00e9rence Technique\" width=\"300\" height=\"300\" srcset=\"https:\/\/www.omnitrack.com\/wp-content\/uploads\/2023\/03\/93_SS-300x300.webp 300w, https:\/\/www.omnitrack.com\/wp-content\/uploads\/2023\/03\/93_SS-150x150.webp 150w, https:\/\/www.omnitrack.com\/wp-content\/uploads\/2023\/03\/93_SS-768x768.webp 768w, https:\/\/www.omnitrack.com\/wp-content\/uploads\/2023\/03\/93_SS-600x600.webp 600w, https:\/\/www.omnitrack.com\/wp-content\/uploads\/2023\/03\/93_SS-100x100.webp 100w, https:\/\/www.omnitrack.com\/wp-content\/uploads\/2023\/03\/93_SS.webp 800w\" sizes=\"auto, (max-width: 300px) 100vw, 300px\" \/><\/div>\n<div class=\"col-8\">\n<p class=\"fontSize-4 fontSize-md-3\"><strong class=\"fontSize-3 fontSize-md-2 lh-1 lh-md-2\">Unit\u00e9s en acier inoxydable<\/strong><br \/>\nFini naturel<\/p>\n<\/div>\n<\/div>\n<\/div>\n<\/section>\n<div class=\"row cpn-section\">\n<div class=\"col\">\n<hr \/>\n<\/div>\n<\/div>\n<section class=\"row cpn-section fontSize-4\">\n<div class=\"col-12\">\n<h2 class=\"py-4\">Mat\u00e9riaux des composants et r\u00e9sistance \u00e0 la corrosion<\/h2>\n<\/div>\n<div class=\"col col-lg-8 mb-4 mb-md-0\">\n<div class=\"table-border\">\n<table class=\"corrosion-table table ot-table-striped\">\n<thead>\n<tr>\n<th>\u00a0<\/th>\n<th><img loading=\"lazy\" decoding=\"async\" class=\"img-fluid alignnone wp-image-79886 size-full\" src=\"https:\/\/www.omnitrack.com\/wp-content\/uploads\/2023\/03\/tr-icon-materials-1.webp\" alt=\"Ic\u00f4nes mat\u00e9riaux\" width=\"205\" height=\"131\" \/><\/th>\n<th><img loading=\"lazy\" decoding=\"async\" class=\"img-fluid alignnone wp-image-79887 size-full\" src=\"https:\/\/www.omnitrack.com\/wp-content\/uploads\/2023\/03\/tr-icon-materials-2.webp\" alt=\"Ic\u00f4nes mat\u00e9riaux\" width=\"228\" height=\"181\" \/><\/th>\n<th><img loading=\"lazy\" decoding=\"async\" class=\"img-fluid alignnone wp-image-79888 size-full\" src=\"https:\/\/www.omnitrack.com\/wp-content\/uploads\/2023\/03\/tr-icon-materials-3.webp\" alt=\"Ic\u00f4nes mat\u00e9riaux\" width=\"200\" height=\"142\" \/><\/th>\n<th><img loading=\"lazy\" decoding=\"async\" class=\"img-fluid alignnone wp-image-79889 size-full\" src=\"https:\/\/www.omnitrack.com\/wp-content\/uploads\/2023\/03\/tr-icon-materials-4.webp\" alt=\"Ic\u00f4nes mat\u00e9riaux\" width=\"230\" height=\"111\" \/><\/th>\n<th><img loading=\"lazy\" decoding=\"async\" class=\"img-fluid alignnone wp-image-79890 size-full\" src=\"https:\/\/www.omnitrack.com\/wp-content\/uploads\/2023\/03\/tr-icon-materials-5.webp\" alt=\"Ic\u00f4nes mat\u00e9riaux\" width=\"158\" height=\"159\" srcset=\"https:\/\/www.omnitrack.com\/wp-content\/uploads\/2023\/03\/tr-icon-materials-5.webp 158w, https:\/\/www.omnitrack.com\/wp-content\/uploads\/2023\/03\/tr-icon-materials-5-150x150.webp 150w, https:\/\/www.omnitrack.com\/wp-content\/uploads\/2023\/03\/tr-icon-materials-5-100x100.webp 100w\" sizes=\"auto, (max-width: 158px) 100vw, 158px\" \/><\/th>\n<th><img loading=\"lazy\" decoding=\"async\" class=\"img-fluid alignnone wp-image-79891 size-full\" src=\"https:\/\/www.omnitrack.com\/wp-content\/uploads\/2023\/03\/tr-icon-materials-6.webp\" alt=\"Ic\u00f4nes mat\u00e9riaux\" width=\"188\" height=\"135\" \/><\/th>\n<\/tr>\n<\/thead>\n<tbody>\n<tr>\n<th><span class=\"material ball material-SS pe-2\">Tous les composants en Inox<\/span><\/th>\n<td>1<\/td>\n<td>1<\/td>\n<td>1<\/td>\n<td>2<\/td>\n<td>3<\/td>\n<td>3<\/td>\n<\/tr>\n<tr>\n<th><span class=\"material ball material-Z pe-2\">Conditions difficiles<\/span><\/th>\n<td>4<\/td>\n<td>4<\/td>\n<td>1<\/td>\n<td>5<\/td>\n<td>3<\/td>\n<td>3<\/td>\n<\/tr>\n<tr>\n<th><span class=\"material ball material-A pe-2\">Billes en acier inoxydable, autres mat\u00e9riaux en standard<\/span><\/th>\n<td>4<\/td>\n<td>4<\/td>\n<td>6<\/td>\n<td>5<\/td>\n<td>3<\/td>\n<td>6<\/td>\n<\/tr>\n<tr>\n<th>Mat\u00e9riaux Standard<\/th>\n<td>4<\/td>\n<td>4<\/td>\n<td>6<\/td>\n<td>5<\/td>\n<td>6<\/td>\n<td>6<\/td>\n<\/tr>\n<\/tbody>\n<\/table>\n<\/div>\n<\/div>\n<div class=\"col col-lg-4\">\n<div class=\"row\">\n<div class=\"col-3\"><img loading=\"lazy\" decoding=\"async\" class=\"alignnone size-full wp-image-80187\" src=\"https:\/\/www.omnitrack.com\/wp-content\/uploads\/2023\/03\/Corrosion-Scale.svg\" alt=\"\u00c9chelle de corrosion\" width=\"101\" height=\"300\" \/><\/div>\n<div class=\"col-9\">\n<ol class=\"corrosion-list\">\n<li>Acier inox. AISI 304<\/li>\n<li>Acier inox. AISI 302<\/li>\n<li>Acier inox. AISI 440<\/li>\n<li>Finition \u00ab\u00a0anti-oxyde\u00a0\u00bb AISI 1050<\/li>\n<li>Acier au carbone AISI 1070<\/li>\n<li>Acier chrom\u00e9 AISI 52100<\/li>\n<\/ol>\n<\/div>\n<\/div>\n<\/div>\n<\/section>\n<div class=\"row cpn-section\">\n<div class=\"col\">\n<hr \/>\n<\/div>\n<\/div>\n<section class=\"row cpn-section fontSize-4\">\n<div class=\"col-12\">\n<h2 class=\"py-4\">Charge et stabilit\u00e9<\/h2>\n<p>Sp\u00e9cifiez des unit\u00e9s \u00e0 ressort en cas de charges de choc ou de roulements ou conditions de charge in\u00e9gaux.<\/p>\n<p>Veiller \u00e0 ce que la capacit\u00e9 de charge soit suffisante:<\/p>\n<\/div>\n<div class=\"col-12 col-md-5\"><img loading=\"lazy\" decoding=\"async\" class=\"img-fluid alignnone wp-image-79752 size-full\" src=\"https:\/\/www.omnitrack.com\/wp-content\/uploads\/2024\/09\/load_fr.webp\" alt=\"Charger l'image\" width=\"651\" height=\"570\" \/><\/div>\n<div class=\"col-12 col-md-7\"><img loading=\"lazy\" decoding=\"async\" class=\"img-fluid alignnone wp-image-79753 size-full\" src=\"https:\/\/www.omnitrack.com\/wp-content\/uploads\/2024\/09\/unit_spacing_fr.webp\" alt=\"Unit\u00e9 de stabilit\u00e9\" width=\"988\" height=\"570\" \/><\/div>\n<\/section>\n<div class=\"row cpn-section\">\n<div class=\"col\">\n<hr \/>\n<\/div>\n<\/div>\n<section class=\"row cpn-section fontSize-4\">\n<div class=\"col-12\">\n<h2 class=\"py-4\">Temp\u00e9rature de fonctionnement<\/h2>\n<p>Compenser la temp\u00e9rature et l&rsquo;environnement de fonctionnement en r\u00e9duisant la capacit\u00e9 de charge indiqu\u00e9e.<\/p>\n<p class=\"text-center\"><img loading=\"lazy\" decoding=\"async\" class=\"img-fluid alignnone wp-image-80186 size-full\" src=\"https:\/\/www.omnitrack.com\/wp-content\/uploads\/2024\/09\/operating_temperature_fr.webp\" alt=\"Graphiques\" width=\"1101\" height=\"843\" \/><\/p>\n<\/div>\n<\/section>\n<div class=\"row cpn-section\">\n<div class=\"col\">\n<hr \/>\n<\/div>\n<\/div>\n<section class=\"row cpn-section fontSize-4\">\n<div class=\"col-12\">\n<h2 class=\"py-4\">\u00c9valuez ces aspects lors du choix de votre solution:<\/h2>\n<p class=\"text-center\"><img loading=\"lazy\" decoding=\"async\" class=\"img-fluid alignnone wp-image-80185 size-full\" src=\"https:\/\/www.omnitrack.com\/wp-content\/uploads\/2024\/09\/aspects_chart_fr.webp\" alt=\"Graphique\" width=\"1101\" height=\"556\" \/><\/p>\n<ul class=\"row clear-list aspect-list mt-5\">\n<li class=\"col-12 col-lg-4\">\n<div class=\"list-item\">\n<h3><img loading=\"lazy\" decoding=\"async\" class=\"alignnone wp-image-79754 size-full\" src=\"https:\/\/www.omnitrack.com\/wp-content\/uploads\/2023\/03\/icon-orientation.webp\" alt=\"ic\u00f4ne\" width=\"100\" height=\"43\" \/> Orientation<\/h3>\n<p>Quelle position de montage ou de fonctionnement est requise pour les unit\u00e9s de votre application ? Bille de charge vers le haut, le bas ou autre ? Les unit\u00e9s de bille industrielles fonctionnent \u00e0 la charge maximale dans toutes les orientations.<\/p>\n<\/div>\n<\/li>\n<li class=\"col-12 col-lg-4\">\n<div class=\"list-item\">\n<h3><img loading=\"lazy\" decoding=\"async\" class=\"alignnone wp-image-80184 size-full\" src=\"https:\/\/www.omnitrack.com\/wp-content\/uploads\/2023\/03\/icon-track-contact-1.svg\" alt=\"Diamant\" width=\"64\" height=\"33\" \/> Roulement et contact<\/h3>\n<p>Quelles sont les propri\u00e9t\u00e9s du mat\u00e9riau de la surface sur laquelle les billes vont rouler ? Les surfaces irr\u00e9guli\u00e8res, d\u00e9formables et d\u00e9licates doivent faire l&rsquo;objet d&rsquo;une attention particuli\u00e8re.<\/p>\n<\/div>\n<\/li>\n<li class=\"col-12 col-lg-4\">\n<div class=\"list-item\">\n<h3><img loading=\"lazy\" decoding=\"async\" class=\"alignnone wp-image-79892 size-full\" src=\"https:\/\/www.omnitrack.com\/wp-content\/uploads\/2023\/03\/icon-load-shock.webp\" alt=\"ic\u00f4ne\" width=\"65\" height=\"33\" \/> Charge et choc<\/h3>\n<p>Les caract\u00e9ristiques nominales dynamiques et statiques sont identiques. Les unit\u00e9s \u00e0 ressort sont id\u00e9ales pour les charges distribu\u00e9es in\u00e9galement ou en cas de choc\/impact \u00e9lev\u00e9s.<\/p>\n<\/div>\n<\/li>\n<li class=\"col-12 col-lg-4\">\n<div class=\"list-item\">\n<h3><img loading=\"lazy\" decoding=\"async\" class=\"alignnone wp-image-80183 size-full\" src=\"https:\/\/www.omnitrack.com\/wp-content\/uploads\/2023\/03\/icon-speed-2.svg\" alt=\"Temp\u00e9rature\" width=\"40\" height=\"33\" \/> Vitesse<\/h3>\n<p>Les vitesses de convoyage max. sont limit\u00e9es, et la fr\u00e9quence\/dur\u00e9e sont \u00e9galement \u00e0 prendre en compte. Les caract\u00e9ristiques nominales de vitesse dynamique et statique sont identiques.<\/p>\n<\/div>\n<\/li>\n<li class=\"col-12 col-lg-4\">\n<div class=\"list-item\">\n<h3><img loading=\"lazy\" decoding=\"async\" class=\"alignnone wp-image-80182 size-full\" src=\"https:\/\/www.omnitrack.com\/wp-content\/uploads\/2023\/03\/icon-track-contact-2.svg\" alt=\"Outils\" width=\"64\" height=\"33\" \/> Roulement et contact<\/h3>\n<p>Le coefficient de frottement le plus faible et les niveaux de pr\u00e9cision les plus \u00e9lev\u00e9s sont assur\u00e9s par les billes de manutention forte charge (pages 4 \u00e0 9). Certaines applications permettent de faire des concessions en mati\u00e8re de conception.<\/p>\n<\/div>\n<\/li>\n<li class=\"col-12 col-lg-4\">\n<div class=\"list-item\">\n<h3><img loading=\"lazy\" decoding=\"async\" class=\"alignnone wp-image-79893 size-full\" src=\"https:\/\/www.omnitrack.com\/wp-content\/uploads\/2023\/03\/icon-load-shock-2.webp\" alt=\"ic\u00f4ne\" width=\"57\" height=\"49\" \/> Charge et choc<\/h3>\n<p>Prendre en compte la stabilit\u00e9 de l&rsquo;article convoy\u00e9. Veillez \u00e0 garantir des points de contact suffisants (pente) pour supporter la masse en permanence. Ne pas oublier de pr\u00e9voir un contr\u00f4le et un freinage de la masse.<\/p>\n<\/div>\n<\/li>\n<li class=\"col-12 col-lg-4\">\n<div class=\"list-item\">\n<h3><img loading=\"lazy\" decoding=\"async\" class=\"alignnone wp-image-80181 size-full\" src=\"https:\/\/www.omnitrack.com\/wp-content\/uploads\/2023\/03\/icon-environment-2.svg\" alt=\"Outils\" width=\"65\" height=\"33\" \/> Environnement<\/h3>\n<p>Envisagez les options d&rsquo;am\u00e9lioration de mat\u00e9riaux pour une meilleure r\u00e9sistance aux conditions de fonctionnement d\u00e9favorables. Conditions sales ou poussi\u00e9reuses ? Zones humides ou contamin\u00e9es ? Attaque chimique\/contamination ? Perm\u00e9abilit\u00e9 magn\u00e9tique ou champs radioactifs ?<\/p>\n<\/div>\n<\/li>\n<li class=\"col-12 col-lg-4\">\n<div class=\"list-item\">\n<h3><img loading=\"lazy\" decoding=\"async\" class=\"alignnone wp-image-80189 size-full\" src=\"https:\/\/www.omnitrack.com\/wp-content\/uploads\/2023\/03\/icon-lubrification-service.svg\" alt=\"Symbole graphique\" width=\"30\" height=\"33\" \/> Lubrification et entretien<\/h3>\n<p>Les produits Omnitrack sont lubrifi\u00e9s \u00e0 vie. Pour prolonger encore la dur\u00e9e de vie, les transferts \u00e0 billes \u00e0 usage intensif et les gammes Omnifloat proposent des kits d&rsquo;entretien suppl\u00e9mentaires. Consultez la page 7 pour les unit\u00e9s \u00e0 billes \u00e0 usage intensif et la page 20 pour les roulettes de manutention du verre Omnifloat.<\/p>\n<\/div>\n<\/li>\n<li class=\"col-12 col-lg-4\">\n<div class=\"list-item\">\n<h3><img loading=\"lazy\" decoding=\"async\" class=\"alignnone wp-image-80190 size-full\" src=\"https:\/\/www.omnitrack.com\/wp-content\/uploads\/2023\/03\/icon-temperature-2.svg\" alt=\"Symboles de temp\u00e9rature\" width=\"65\" height=\"33\" \/> Temp\u00e9rature<\/h3>\n<p>Plage de temp\u00e9rature et limite de temp\u00e9rature maximale\/minimale doivent \u00eatre \u00e9valu\u00e9es. Les composants en Inox r\u00e9sistent mieux aux temp\u00e9ratures \u00e9lev\u00e9es et basses que les mat\u00e9riaux standard (page 29).<\/p>\n<\/div>\n<\/li>\n<\/ul>\n<\/div>\n<\/section>\n<section id=\"cant-find\" class=\"row cpn-section py-5 two justify-content-between\"><div class=\"col-12 col-sm-6 col-lg-7 py-lg-4 pe-lg-5\">\n<h3 class=\"fontSize-2 fontSize-md-1\">Vous ne trouvez pas ce que vous cherchez?<\/h3>\n<p class=\"fontSize-4\">Essayez de rechercher des mots-cl\u00e9s, num\u00e9ros r\u00e9fr\u00e9rence, capacit\u00e8 de charge et types de fixation.<\/p>\n<div class=\"input-group\"><form class=\"form-search\"><div class=\"input-group\">  <input type=\"text\" name=\"s\" class=\"form-control field\" placeholder=\"Recherche de r\u00e9f\u00e8rence #\">  <input type=\"hidden\" name=\"post-type\" value=\"product\"><\/div><\/form><\/div>\n<\/div>\n<div class=\"col-12 col-sm-6 col-lg-5 py-lg-4 pt-4 pt-sm-0\">\n<h3 class=\"fontSize-2 fontSize-md-1\">Free technical advice<\/h3>\n<p class=\"fontSize-4\">Phone: <b><a href=\"tel:+330187210069\">+33 01 8721 0069<\/a><\/b><\/p>\n<p class=\"fontSize-4\">Email: <b><a href=\"mailto:info@omnitrack.com\">info@omnitrack.com<\/a><\/b><\/p>\n<div class=\"mt-4\"> <a class=\"btn-ot green me-2 mb-3 mb-md-0 w100-mobile\" href=\"https:\/\/wa.me\/447759128207\" target=\"_blank\" rel=\"noopener\"><img decoding=\"async\" loading=\"lazy\" src=\"https:\/\/www.omnitrack.com\/wp-content\/themes\/omnitrack2023\/images\/icon-whatsapp.svg\"  alt=\"WhatsApp Omnitrack\"  \/> WhatsApp<\/a> <a class=\"btn-ot w100-mobile\" href=\"https:\/\/calendly.com\/omnitrack\/15min\" target=\"_blank\" rel=\"noopener\"><img decoding=\"async\" loading=\"lazy\" src=\"https:\/\/www.omnitrack.com\/wp-content\/themes\/omnitrack2023\/images\/icon-schedule.svg\"  alt=\"Planifier un appel t\u00e9l\u00e9phonique avec Omnitrack\"  \/> Planifier un appel<\/a><\/div>\n<\/div>\n<\/section>\n","protected":false},"excerpt":{"rendered":"<p>R\u00e9f\u00e9rence Technique Billes de manutention forte charge &#8211; Pr\u00e9cision maximale Billes de manutention forte charge Omnitrack s\u00e9rie 9000 &#8211; En production continue depuis 1954. R\u00e9tablissez rapidement les performances en quelques minutes en utilisant les kits d&rsquo;enretien S1 et S2 qui offrent deux niveaux de composants et des instructions de r\u00e9vision compl\u00e8tes. Service de reconditionnement en [&hellip;]<\/p>\n","protected":false},"author":7,"featured_media":0,"parent":0,"menu_order":0,"comment_status":"closed","ping_status":"closed","template":"","meta":{"inline_featured_image":false,"footnotes":""},"class_list":["post-93493","page","type-page","status-publish","hentry"],"acf":[],"_links":{"self":[{"href":"https:\/\/www.omnitrack.com\/fr\/wp-json\/wp\/v2\/pages\/93493","targetHints":{"allow":["GET"]}}],"collection":[{"href":"https:\/\/www.omnitrack.com\/fr\/wp-json\/wp\/v2\/pages"}],"about":[{"href":"https:\/\/www.omnitrack.com\/fr\/wp-json\/wp\/v2\/types\/page"}],"author":[{"embeddable":true,"href":"https:\/\/www.omnitrack.com\/fr\/wp-json\/wp\/v2\/users\/7"}],"replies":[{"embeddable":true,"href":"https:\/\/www.omnitrack.com\/fr\/wp-json\/wp\/v2\/comments?post=93493"}],"version-history":[{"count":3,"href":"https:\/\/www.omnitrack.com\/fr\/wp-json\/wp\/v2\/pages\/93493\/revisions"}],"predecessor-version":[{"id":106860,"href":"https:\/\/www.omnitrack.com\/fr\/wp-json\/wp\/v2\/pages\/93493\/revisions\/106860"}],"wp:attachment":[{"href":"https:\/\/www.omnitrack.com\/fr\/wp-json\/wp\/v2\/media?parent=93493"}],"curies":[{"name":"wp","href":"https:\/\/api.w.org\/{rel}","templated":true}]}}