{"id":93490,"date":"2018-12-20T23:34:57","date_gmt":"2018-12-20T23:34:57","guid":{"rendered":"https:\/\/www.omnitrack.com\/pdf-catalogue\/"},"modified":"2024-11-19T21:30:02","modified_gmt":"2024-11-19T21:30:02","slug":"catalogue-pdf","status":"publish","type":"page","link":"https:\/\/www.omnitrack.com\/fr\/catalogue-pdf\/","title":{"rendered":"Catalogue PDF"},"content":{"rendered":"<section id=\"text-video-one\" class=\"row cpn-section pb-3\">\n<div class=\"col\">\n<h1>Catalogue PDF<\/h1>\n<p>T\u00e9l\u00e9chargez notre dernier catalogue Omnitrack des <a href=\"https:\/\/www.omnitrack.com\/fr\/billes-de-manutention\/\">billes de manutention<\/a>, \u00e0 ressort et pneumatiques La nouvelle brochure pr\u00e9sente \u00e9galement notre gamme de roues omnidirectionnelles Omniwheel, les billes de manutention du verre Omnifloat et les roulettes \u00e0 rotation serr\u00e9e Omnicaster, qui permettent un changement de direction rapide. Convoyeurs extensibles, Patin \u00e0 billes pour d\u00e9placement de gondoles, racks et d\u2019objets lourds, tables et rails \u00e0 billes. Ainsi qu&rsquo;une gamme de billes de manutention escamotables. T\u00e9l\u00e9chargez-le maintenant &#8211; il s&rsquo;agit d&rsquo;un catalogue de billes porteuses, mais aussi d&rsquo;un large evantail de solutions de mouvement de pr\u00e9cision. Nous parlons votre langue.<\/p>\n<\/div>\n<\/section>\n<section class=\"row cpn-section pt-3 pb-3\">\n<div class=\"col\">\n<h2>S\u00e9lectionnez votre langue pour t\u00e9l\u00e9charger notre catalogue de produits au format PDF:<\/h2>\n<ul class=\"row clear-list languages-list\">\n<li class=\"col-12 col-md-2 col-lg-20\">\n<div class=\"row\">\n<div class=\"col-4 col-md-12\" style=\"margin-bottom: 8px;\"><img decoding=\"async\" loading=\"lazy\" src=\"https:\/\/www.omnitrack.com\/wp-content\/themes\/omnitrack2023\/images\/flag_UK.svg\" class=\"img-fluid\" alt=\"flag_UK\"  \/><\/div>\n<div class=\"col-8 col-md-12 text-start text-md-center\">We speak English <br \/>\n<a href=\"https:\/\/resources.omnitrack.com\/catalogue\/2024\/Omnitrack_UK.pdf\" target=\"_blank\" rel=\"noopener\"><img decoding=\"async\" loading=\"lazy\" src=\"https:\/\/www.omnitrack.com\/wp-content\/themes\/omnitrack2023\/images\/icon-download-blue.svg\"  alt=\"icon-download-blue\"  \/> Anglais<\/a><\/div>\n<\/div>\n<\/li>\n<li class=\"col-12 col-md-2 col-lg-20\">\n<div class=\"row\">\n<div class=\"col-4 col-md-12\" style=\"margin-bottom: 8px;\"><img decoding=\"async\" loading=\"lazy\" src=\"https:\/\/www.omnitrack.com\/wp-content\/themes\/omnitrack2023\/images\/flag_US.svg\" class=\"img-fluid\" alt=\"flag_US\"  \/><\/div>\n<div class=\"col-8 col-md-12 text-start text-md-center\">We speak English <br \/>\n<a href=\"https:\/\/resources.omnitrack.com\/catalogue\/2024\/Omnitrack_USA.pdf\" target=\"_blank\" rel=\"noopener\"><img decoding=\"async\" loading=\"lazy\" src=\"https:\/\/www.omnitrack.com\/wp-content\/themes\/omnitrack2023\/images\/icon-download-blue.svg\"  alt=\"icon-download-blue\"  \/> Anglais<\/a><\/div>\n<\/div>\n<\/li>\n<li class=\"col-12 col-md-2 col-lg-20\">\n<div class=\"row\">\n<div class=\"col-4 col-md-12\" style=\"margin-bottom: 8px;\"><img decoding=\"async\" loading=\"lazy\" src=\"https:\/\/www.omnitrack.com\/wp-content\/themes\/omnitrack2023\/images\/flag_Canada.svg\" class=\"img-fluid\" alt=\"flag_Canada\"  \/><\/div>\n<div class=\"col-8 col-md-12 text-start text-md-center\">We speak English <br \/>\n<a href=\"https:\/\/resources.omnitrack.com\/catalogue\/2024\/Omnitrack_UK.pdf\" target=\"_blank\" rel=\"noopener\"><img decoding=\"async\" loading=\"lazy\" src=\"https:\/\/www.omnitrack.com\/wp-content\/themes\/omnitrack2023\/images\/icon-download-blue.svg\"  alt=\"icon-download-blue\"  \/> Anglais<\/a><\/div>\n<\/div>\n<\/li>\n<li class=\"col-12 col-md-2 col-lg-20\">\n<div class=\"row\">\n<div class=\"col-4 col-md-12\" style=\"margin-bottom: 8px;\"><img decoding=\"async\" loading=\"lazy\" src=\"https:\/\/www.omnitrack.com\/wp-content\/themes\/omnitrack2023\/images\/flag_Italy.svg\" class=\"img-fluid\" alt=\"flag_Italy\"  \/><\/div>\n<div class=\"col-8 col-md-12 text-start text-md-center\">Noi parliamo italiano <br \/>\n<a href=\"https:\/\/resources.omnitrack.com\/catalogue\/2024\/Omnitrack_IT.pdf\" target=\"_blank\" rel=\"noopener\"><img decoding=\"async\" loading=\"lazy\" src=\"https:\/\/www.omnitrack.com\/wp-content\/themes\/omnitrack2023\/images\/icon-download-blue.svg\"  alt=\"icon-download-blue\"  \/> Italien<\/a><\/div>\n<\/div>\n<\/li>\n<li class=\"col-12 col-md-2 col-lg-20\">\n<div class=\"row\">\n<div class=\"col-4 col-md-12\" style=\"margin-bottom: 8px;\"><img decoding=\"async\" loading=\"lazy\" src=\"https:\/\/www.omnitrack.com\/wp-content\/themes\/omnitrack2023\/images\/flag_France.svg\" class=\"img-fluid\" alt=\"flag_France\"  \/><\/div>\n<div class=\"col-8 col-md-12 text-start text-md-center\">On parle francais <br \/>\n<a href=\"https:\/\/resources.omnitrack.com\/catalogue\/2024\/Omnitrack_FR.pdf\" target=\"_blank\" rel=\"noopener\"><img decoding=\"async\" loading=\"lazy\" src=\"https:\/\/www.omnitrack.com\/wp-content\/themes\/omnitrack2023\/images\/icon-download-blue.svg\"  alt=\"icon-download-blue\"  \/> Fran\u00e7ais<\/a><\/div>\n<\/div>\n<\/li>\n<li class=\"col-12 col-md-2 col-lg-20\">\n<div class=\"row\">\n<div class=\"col-4 col-md-12\" style=\"margin-bottom: 8px;\"><img decoding=\"async\" loading=\"lazy\" src=\"https:\/\/www.omnitrack.com\/wp-content\/themes\/omnitrack2023\/images\/flag_German.svg\" class=\"img-fluid\" alt=\"flag_German\"  \/><\/div>\n<div class=\"col-8 col-md-12 text-start text-md-center\">Wir sprechen Deutsch <br \/>\n<a href=\"https:\/\/resources.omnitrack.com\/catalogue\/2024\/Omnitrack_DE.pdf\" target=\"_blank\" rel=\"noopener\"><img decoding=\"async\" loading=\"lazy\" src=\"https:\/\/www.omnitrack.com\/wp-content\/themes\/omnitrack2023\/images\/icon-download-blue.svg\"  alt=\"icon-download-blue\"  \/> Allemand<\/a><\/div>\n<\/div>\n<\/li>\n<li class=\"col-12 col-md-2 col-lg-20\">\n<div class=\"row\">\n<div class=\"col-4 col-md-12\" style=\"margin-bottom: 8px;\"><img decoding=\"async\" loading=\"lazy\" src=\"https:\/\/www.omnitrack.com\/wp-content\/themes\/omnitrack2023\/images\/flag_Brazil.svg\" class=\"img-fluid\" alt=\"flag_Brazil\"  \/><\/div>\n<div class=\"col-8 col-md-12 text-start text-md-center\">N\u00f3s falamos portugu\u00eas <br \/>\n<a href=\"https:\/\/resources.omnitrack.com\/catalogue\/2024\/Omnitrack_PT.pdf\" target=\"_blank\" rel=\"noopener\"><img decoding=\"async\" loading=\"lazy\" src=\"https:\/\/www.omnitrack.com\/wp-content\/themes\/omnitrack2023\/images\/icon-download-blue.svg\"  alt=\"icon-download-blue\"  \/> Portugais<\/a><\/div>\n<\/div>\n<\/li>\n<li class=\"col-12 col-md-2 col-lg-20\">\n<div class=\"row\">\n<div class=\"col-4 col-md-12\" style=\"margin-bottom: 8px;\"><img decoding=\"async\" loading=\"lazy\" src=\"https:\/\/www.omnitrack.com\/wp-content\/themes\/omnitrack2023\/images\/flag_Spain.svg\" class=\"img-fluid\" alt=\"flag_Spain\"  \/><\/div>\n<div class=\"col-8 col-md-12 text-start text-md-center\">Nosotros hablamos espa\u00f1ol <br \/>\n<a href=\"https:\/\/resources.omnitrack.com\/catalogue\/2024\/Omnitrack_ES.pdf\" target=\"_blank\" rel=\"noopener\"><img decoding=\"async\" loading=\"lazy\" src=\"https:\/\/www.omnitrack.com\/wp-content\/themes\/omnitrack2023\/images\/icon-download-blue.svg\"  alt=\"icon-download-blue\"  \/> Espagnol<\/a><\/div>\n<\/div>\n<\/li>\n<li class=\"col-12 col-md-2 col-lg-20\">\n<div class=\"row\">\n<div class=\"col-4 col-md-12\" style=\"margin-bottom: 8px;\"><img decoding=\"async\" loading=\"lazy\" src=\"https:\/\/www.omnitrack.com\/wp-content\/themes\/omnitrack2023\/images\/flag_Netherlands.svg\" class=\"img-fluid\" alt=\"flag_Netherlands\"  \/><\/div>\n<div class=\"col-8 col-md-12 text-start text-md-center\">Wij spreken Nederlands <br \/>\n<a href=\"https:\/\/resources.omnitrack.com\/catalogue\/2024\/Omnitrack_NL.pdf\" target=\"_blank\" rel=\"noopener\"><img decoding=\"async\" loading=\"lazy\" src=\"https:\/\/www.omnitrack.com\/wp-content\/themes\/omnitrack2023\/images\/icon-download-blue.svg\"  alt=\"icon-download-blue\"  \/> N\u00e9erlandais<\/a><\/div>\n<\/div>\n<\/li>\n<li class=\"col-12 col-md-2 col-lg-20\">\n<div class=\"row\">\n<div class=\"col-4 col-md-12\" style=\"margin-bottom: 8px;\"><img decoding=\"async\" loading=\"lazy\" src=\"https:\/\/www.omnitrack.com\/wp-content\/themes\/omnitrack2023\/images\/flag_Russia.svg\" class=\"img-fluid\" alt=\"flag_Russia\"  \/><\/div>\n<div class=\"col-8 col-md-12 text-start text-md-center\">\u043c\u044b \u0433\u043e\u0432\u043e\u0440\u0438\u043c \u043f\u043e \u0440\u0443\u0441\u0441\u043a\u0438 <br \/>\n<a href=\"https:\/\/resources.omnitrack.com\/catalogue\/Omnitrack_Brochure-RU.pdf\" target=\"_blank\" rel=\"noopener\"><img decoding=\"async\" loading=\"lazy\" src=\"https:\/\/www.omnitrack.com\/wp-content\/themes\/omnitrack2023\/images\/icon-download-blue.svg\"  alt=\"icon-download-blue\"  \/> Russe<\/a><\/div>\n<\/div>\n<\/li>\n<li class=\"col-12 col-md-2 col-lg-20\">\n<div class=\"row\">\n<div class=\"col-4 col-md-12\" style=\"margin-bottom: 8px;\"><img decoding=\"async\" loading=\"lazy\" src=\"https:\/\/www.omnitrack.com\/wp-content\/themes\/omnitrack2023\/images\/flag_Poland.svg\" class=\"img-fluid\" alt=\"flag_Poland\"  \/><\/div>\n<div class=\"col-8 col-md-12 text-start text-md-center\">M\u00f3wimy po polsku <br \/>\n<a href=\"https:\/\/resources.omnitrack.com\/catalogue\/omnitrack-v30-polski.pdf\" target=\"_blank\" rel=\"noopener\"><img decoding=\"async\" loading=\"lazy\" src=\"https:\/\/www.omnitrack.com\/wp-content\/themes\/omnitrack2023\/images\/icon-download-blue.svg\"  alt=\"icon-download-blue\"  \/> Polonais<\/a><\/div>\n<\/div>\n<\/li>\n<li class=\"col-12 col-md-2 col-lg-20\">\n<div class=\"row\">\n<div class=\"col-4 col-md-12\" style=\"margin-bottom: 8px;\"><img decoding=\"async\" loading=\"lazy\" src=\"https:\/\/www.omnitrack.com\/wp-content\/themes\/omnitrack2023\/images\/flag_Sweden.svg\" class=\"img-fluid\" alt=\"flag_Sweden\"  \/><\/div>\n<div class=\"col-8 col-md-12 text-start text-md-center\">Vi talar svenska <br \/>\n<a href=\"https:\/\/resources.omnitrack.com\/catalogue\/Omnitrack_Brochure-SV.pdf\" target=\"_blank\" rel=\"noopener\"><img decoding=\"async\" loading=\"lazy\" src=\"https:\/\/www.omnitrack.com\/wp-content\/themes\/omnitrack2023\/images\/icon-download-blue.svg\"  alt=\"icon-download-blue\"  \/> Su\u00e9dois<\/a><\/div>\n<\/div>\n<\/li>\n<li class=\"col-12 col-md-2 col-lg-20\">\n<div class=\"row\">\n<div class=\"col-4 col-md-12\" style=\"margin-bottom: 8px;\"><img decoding=\"async\" loading=\"lazy\" src=\"https:\/\/www.omnitrack.com\/wp-content\/themes\/omnitrack2023\/images\/flag_Thai.svg\" class=\"img-fluid\" alt=\"flag_Thai\"  \/><\/div>\n<div class=\"col-8 col-md-12 text-start text-md-center\">\u0e40\u0e23\u0e32\u0e1e\u0e39\u0e14\u0e20\u0e32\u0e29\u0e32\u0e44\u0e17\u0e22 <br \/>\n<a href=\"https:\/\/resources.omnitrack.com\/catalogue\/Omnitrack_Brochure-TH.pdf\" target=\"_blank\" rel=\"noopener\"><img decoding=\"async\" loading=\"lazy\" src=\"https:\/\/www.omnitrack.com\/wp-content\/themes\/omnitrack2023\/images\/icon-download-blue.svg\"  alt=\"icon-download-blue\"  \/> Tha\u00eflandais<\/a><\/div>\n<\/div>\n<\/li>\n<li class=\"col-12 col-md-2 col-lg-20\">\n<div class=\"row\">\n<div class=\"col-4 col-md-12\" style=\"margin-bottom: 8px;\"><img decoding=\"async\" loading=\"lazy\" src=\"https:\/\/www.omnitrack.com\/wp-content\/themes\/omnitrack2023\/images\/flag_China.svg\" class=\"img-fluid\" alt=\"flag_China\"  \/><\/div>\n<div class=\"col-8 col-md-12 text-start text-md-center\">\u6211\u4eec\u8bf4\u4e2d\u6587 <br \/>\n<a href=\"https:\/\/resources.omnitrack.com\/catalogue\/omnitrack-v30-China.pdf\" target=\"_blank\" rel=\"noopener\"><img decoding=\"async\" loading=\"lazy\" src=\"https:\/\/www.omnitrack.com\/wp-content\/themes\/omnitrack2023\/images\/icon-download-blue.svg\"  alt=\"icon-download-blue\"  \/> Chinois<\/a><\/div>\n<\/div>\n<\/li>\n<li class=\"col-12 col-md-2 col-lg-20\">\n<div class=\"row\">\n<div class=\"col-4 col-md-12\" style=\"margin-bottom: 8px;\"><img decoding=\"async\" loading=\"lazy\" src=\"https:\/\/www.omnitrack.com\/wp-content\/themes\/omnitrack2023\/images\/flag_Japan.svg\" class=\"img-fluid\" alt=\"flag_Japan\"  \/><\/div>\n<div class=\"col-8 col-md-12 text-start text-md-center\">\u79c1\u305f\u3061\u306f\u65e5\u672c\u8a9e\u3092\u8a71\u3057\u307e\u3059 <br \/>\n<a href=\"https:\/\/resources.omnitrack.com\/catalogue\/Omnitrack_Brochure-JA.pdf\" target=\"_blank\" rel=\"noopener\"><img decoding=\"async\" loading=\"lazy\" src=\"https:\/\/www.omnitrack.com\/wp-content\/themes\/omnitrack2023\/images\/icon-download-blue.svg\"  alt=\"icon-download-blue\"  \/> Japonais<\/a><\/div>\n<\/div>\n<\/li>\n<\/ul>\n<\/div>\n<\/section>\n<section id=\"cant-find\" class=\"row cpn-section py-5 two justify-content-between\"><div class=\"col-12 col-sm-6 col-lg-7 py-lg-4 pe-lg-5\">\n<h3 class=\"fontSize-2 fontSize-md-1\">Vous ne trouvez pas ce que vous cherchez?<\/h3>\n<p class=\"fontSize-4\">Essayez de rechercher des mots-cl\u00e9s, num\u00e9ros r\u00e9fr\u00e9rence, capacit\u00e8 de charge et types de fixation.<\/p>\n<div class=\"input-group\"><form class=\"form-search\"><div class=\"input-group\">  <input type=\"text\" name=\"s\" class=\"form-control field\" placeholder=\"Recherche de r\u00e9f\u00e8rence #\">  <input type=\"hidden\" name=\"post-type\" value=\"product\"><\/div><\/form><\/div>\n<\/div>\n<div class=\"col-12 col-sm-6 col-lg-5 py-lg-4 pt-4 pt-sm-0\">\n<h3 class=\"fontSize-2 fontSize-md-1\">Free technical advice<\/h3>\n<p class=\"fontSize-4\">Phone: <b><a href=\"tel:+330187210069\">+33 01 8721 0069<\/a><\/b><\/p>\n<p class=\"fontSize-4\">Email: <b><a href=\"mailto:info@omnitrack.com\">info@omnitrack.com<\/a><\/b><\/p>\n<div class=\"mt-4\"> <a class=\"btn-ot green me-2 mb-3 mb-md-0 w100-mobile\" href=\"https:\/\/wa.me\/447759128207\" target=\"_blank\" rel=\"noopener\"><img decoding=\"async\" loading=\"lazy\" src=\"https:\/\/www.omnitrack.com\/wp-content\/themes\/omnitrack2023\/images\/icon-whatsapp.svg\"  alt=\"WhatsApp Omnitrack\"  \/> WhatsApp<\/a> <a class=\"btn-ot w100-mobile\" href=\"https:\/\/calendly.com\/omnitrack\/15min\" target=\"_blank\" rel=\"noopener\"><img decoding=\"async\" loading=\"lazy\" src=\"https:\/\/www.omnitrack.com\/wp-content\/themes\/omnitrack2023\/images\/icon-schedule.svg\"  alt=\"Planifier un appel t\u00e9l\u00e9phonique avec Omnitrack\"  \/> Planifier un appel<\/a><\/div>\n<\/div>\n<\/section>\n","protected":false},"excerpt":{"rendered":"<p>Catalogue PDF T\u00e9l\u00e9chargez notre dernier catalogue Omnitrack des billes de manutention, \u00e0 ressort et pneumatiques La nouvelle brochure pr\u00e9sente \u00e9galement notre gamme de roues omnidirectionnelles Omniwheel, les billes de manutention du verre Omnifloat et les roulettes \u00e0 rotation serr\u00e9e Omnicaster, qui permettent un changement de direction rapide. Convoyeurs extensibles, Patin \u00e0 billes pour d\u00e9placement de [&hellip;]<\/p>\n","protected":false},"author":7,"featured_media":0,"parent":0,"menu_order":0,"comment_status":"closed","ping_status":"closed","template":"page-catalogues.php","meta":{"inline_featured_image":false,"footnotes":""},"class_list":["post-93490","page","type-page","status-publish","hentry"],"acf":[],"_links":{"self":[{"href":"https:\/\/www.omnitrack.com\/fr\/wp-json\/wp\/v2\/pages\/93490","targetHints":{"allow":["GET"]}}],"collection":[{"href":"https:\/\/www.omnitrack.com\/fr\/wp-json\/wp\/v2\/pages"}],"about":[{"href":"https:\/\/www.omnitrack.com\/fr\/wp-json\/wp\/v2\/types\/page"}],"author":[{"embeddable":true,"href":"https:\/\/www.omnitrack.com\/fr\/wp-json\/wp\/v2\/users\/7"}],"replies":[{"embeddable":true,"href":"https:\/\/www.omnitrack.com\/fr\/wp-json\/wp\/v2\/comments?post=93490"}],"version-history":[{"count":3,"href":"https:\/\/www.omnitrack.com\/fr\/wp-json\/wp\/v2\/pages\/93490\/revisions"}],"predecessor-version":[{"id":108250,"href":"https:\/\/www.omnitrack.com\/fr\/wp-json\/wp\/v2\/pages\/93490\/revisions\/108250"}],"wp:attachment":[{"href":"https:\/\/www.omnitrack.com\/fr\/wp-json\/wp\/v2\/media?parent=93490"}],"curies":[{"name":"wp","href":"https:\/\/api.w.org\/{rel}","templated":true}]}}