{"id":93487,"date":"2018-12-17T02:04:10","date_gmt":"2018-12-17T02:04:10","guid":{"rendered":"https:\/\/www.omnitrack.com\/cart\/"},"modified":"2024-02-20T21:04:48","modified_gmt":"2024-02-20T21:04:48","slug":"panier","status":"publish","type":"page","link":"https:\/\/www.omnitrack.com\/fr\/panier\/","title":{"rendered":"Panier"},"content":{"rendered":"<section class=\"row cpn-section pb-4\">\n<div class=\"col\">\n\n<\/div>\n<\/section>\n<section id=\"cant-find\" class=\"row cpn-section py-5 two justify-content-between\"><div class=\"col-12 col-sm-6 col-lg-7 py-lg-4 pe-lg-5\">\n<h3 class=\"fontSize-2 fontSize-md-1\">Vous ne trouvez pas ce que vous cherchez?<\/h3>\n<p class=\"fontSize-4\">Essayez de rechercher des mots-cl\u00e9s, num\u00e9ros r\u00e9fr\u00e9rence, capacit\u00e8 de charge et types de fixation.<\/p>\n<div class=\"input-group\"><form class=\"form-search\"><div class=\"input-group\">  <input type=\"text\" name=\"s\" class=\"form-control field\" placeholder=\"Recherche de r\u00e9f\u00e8rence #\">  <input type=\"hidden\" name=\"post-type\" value=\"product\"><\/div><\/form><\/div>\n<\/div>\n<div class=\"col-12 col-sm-6 col-lg-5 py-lg-4 pt-4 pt-sm-0\">\n<h3 class=\"fontSize-2 fontSize-md-1\">Free technical advice<\/h3>\n<p class=\"fontSize-4\">Phone: <b><a href=\"tel:+330187210069\">+33 01 8721 0069<\/a><\/b><\/p>\n<p class=\"fontSize-4\">Email: <b><a href=\"mailto:info@omnitrack.com\">info@omnitrack.com<\/a><\/b><\/p>\n<div class=\"mt-4\"> <a class=\"btn-ot green me-2 mb-3 mb-md-0 w100-mobile\" href=\"https:\/\/wa.me\/447759128207\" target=\"_blank\" rel=\"noopener\"><img decoding=\"async\" loading=\"lazy\" src=\"https:\/\/www.omnitrack.com\/wp-content\/themes\/omnitrack2023\/images\/icon-whatsapp.svg\"  alt=\"WhatsApp Omnitrack\"  \/> WhatsApp<\/a> <a class=\"btn-ot w100-mobile\" href=\"https:\/\/calendly.com\/omnitrack\/15min\" target=\"_blank\" rel=\"noopener\"><img decoding=\"async\" loading=\"lazy\" src=\"https:\/\/www.omnitrack.com\/wp-content\/themes\/omnitrack2023\/images\/icon-schedule.svg\"  alt=\"Planifier un appel t\u00e9l\u00e9phonique avec Omnitrack\"  \/> Planifier un appel<\/a><\/div>\n<\/div>\n<\/section>\n","protected":false},"excerpt":{"rendered":"","protected":false},"author":7,"featured_media":0,"parent":0,"menu_order":0,"comment_status":"closed","ping_status":"closed","template":"page-woo.php","meta":{"inline_featured_image":false,"footnotes":""},"class_list":["post-93487","page","type-page","status-publish","hentry"],"acf":[],"_links":{"self":[{"href":"https:\/\/www.omnitrack.com\/fr\/wp-json\/wp\/v2\/pages\/93487","targetHints":{"allow":["GET"]}}],"collection":[{"href":"https:\/\/www.omnitrack.com\/fr\/wp-json\/wp\/v2\/pages"}],"about":[{"href":"https:\/\/www.omnitrack.com\/fr\/wp-json\/wp\/v2\/types\/page"}],"author":[{"embeddable":true,"href":"https:\/\/www.omnitrack.com\/fr\/wp-json\/wp\/v2\/users\/7"}],"replies":[{"embeddable":true,"href":"https:\/\/www.omnitrack.com\/fr\/wp-json\/wp\/v2\/comments?post=93487"}],"version-history":[{"count":1,"href":"https:\/\/www.omnitrack.com\/fr\/wp-json\/wp\/v2\/pages\/93487\/revisions"}],"predecessor-version":[{"id":100142,"href":"https:\/\/www.omnitrack.com\/fr\/wp-json\/wp\/v2\/pages\/93487\/revisions\/100142"}],"wp:attachment":[{"href":"https:\/\/www.omnitrack.com\/fr\/wp-json\/wp\/v2\/media?parent=93487"}],"curies":[{"name":"wp","href":"https:\/\/api.w.org\/{rel}","templated":true}]}}