{"id":93484,"date":"2023-01-09T22:05:54","date_gmt":"2023-01-09T22:05:54","guid":{"rendered":"https:\/\/www.omnitrack.com\/ball-transfer-units\/"},"modified":"2025-04-13T23:32:10","modified_gmt":"2025-04-13T23:32:10","slug":"billes-de-manutention","status":"publish","type":"page","link":"https:\/\/www.omnitrack.com\/fr\/billes-de-manutention\/","title":{"rendered":"Billes de manutention"},"content":{"rendered":"<section id=\"header-product-one\" class=\"row cpn-section fontSize-4\">\n<div class=\"col\">\n<h1>Billes de manutention<\/h1>\n<p>Les billes de manutention innovantes d&rsquo;Omnitrack permettent un changement de direction instantan\u00e9 et pr\u00e9cis avec un faible frottement et une capacit\u00e9 de charge \u00e9lev\u00e9e. Nos solutions brevet\u00e9es sont disponibles dans une large gamme de styles et de dimensions. Des billes \u00e0 ressort ou pneumatiques. Tous les articles \u00ab\u00a0en stock\u00a0\u00bb sont exp\u00e9di\u00e9s imm\u00e9diatement, avec une livraison gratuite dans le monde entier pour les commandes sup\u00e9rieures \u00e0 500 Euros. Vous avez besoin d&rsquo;une solution personnalis\u00e9e pour r\u00e9pondre \u00e0 un besoin sp\u00e9cifique ? Contactez notre \u00e9quipe d\u00e8s maintenant &#8211; Nous sommes toujours heureux de vous aider.<\/p>\n<\/div>\n<\/section>\n<section class=\"row cpn-section fontSize-4\">\n<div class=\"col-12\">\n<ul class=\"row clear-list product-card-list justify-content-center ball-transfer-units g-2 g-md-3\">\n<li class=\"col-12 col-sm-4 mb-4 mb-md-0\"><a href=\"https:\/\/www.omnitrack.com\/fr\/billes-de-manutention\/heavy-duty\/\" class=\"product-card-item\"><img loading=\"lazy\" decoding=\"async\" class=\"img-fluid alignnone wp-image-79865 size-full\" src=\"https:\/\/www.omnitrack.com\/wp-content\/uploads\/2023\/03\/Heavy_Duty.webp\" alt=\"Forte charge\" width=\"140\" height=\"140\" srcset=\"https:\/\/www.omnitrack.com\/wp-content\/uploads\/2023\/03\/Heavy_Duty.webp 140w, https:\/\/www.omnitrack.com\/wp-content\/uploads\/2023\/03\/Heavy_Duty-100x100.webp 100w\" sizes=\"auto, (max-width: 140px) 100vw, 140px\" \/><br \/>\n<h2 class=\"fontSize-2\">Forte charge<\/h2>\n<dl>\n<dt>Charge maximale:<\/dt>\n<dd>8000kg<\/dd>\n<dt>Frottement:<\/dt>\n<dd>1:0,005<\/dd>\n<dt>Temp\u00e9rature:<\/dt>\n<dd>-50\/260\u00b0C<\/dd>\n<dt>Vitesse:<\/dt>\n<dd>2m\/sec<\/dd>\n<dt>Orientations:<\/dt>\n<dd>Tous<\/dd>\n<\/dl>\n<p><\/a><\/li>\n<li class=\"col-12 col-sm-4 mb-4 mb-md-0\"><a href=\"https:\/\/www.omnitrack.com\/fr\/billes-de-manutention\/gamme-moyenne\/\" class=\"product-card-item category-list-item\"> <img loading=\"lazy\" decoding=\"async\" class=\"img-fluid alignnone wp-image-79866 size-full\" src=\"https:\/\/www.omnitrack.com\/wp-content\/uploads\/2023\/03\/Medium_Duty.webp\" alt=\"Billes de manutention charge moyenne\" width=\"140\" height=\"140\" srcset=\"https:\/\/www.omnitrack.com\/wp-content\/uploads\/2023\/03\/Medium_Duty.webp 140w, https:\/\/www.omnitrack.com\/wp-content\/uploads\/2023\/03\/Medium_Duty-100x100.webp 100w\" sizes=\"auto, (max-width: 140px) 100vw, 140px\" \/><br \/>\n<h2 class=\"fontSize-2\">Charge moyenne<\/h2>\n<dl>\n<dt>R\u00e9sistance aux chocs<\/dt>\n<dd><\/dd>\n<dt>Frottement:<\/dt>\n<dd>1:0,02<\/dd>\n<dt>Temp\u00e9rature:<\/dt>\n<dd>-30\/100\u00b0C<\/dd>\n<dt>Vitesse:<\/dt>\n<dd>1.5m\/sec<\/dd>\n<dt>Orientations:<\/dt>\n<dd>Horizontale \/ Haut<\/dd>\n<\/dl>\n<p><\/a><\/li>\n<li class=\"col-12 col-sm-4\"><a href=\"https:\/\/www.omnitrack.com\/fr\/billes-de-manutention\/gamme-legere\/\" class=\"product-card-item category-list-item\"> <img loading=\"lazy\" decoding=\"async\" class=\"img-fluid alignnone wp-image-79867 size-full\" src=\"https:\/\/www.omnitrack.com\/wp-content\/uploads\/2023\/03\/Light_Duty.webp\" alt=\"Billes de manutention charge l\u00e9g\u00e8re\" width=\"140\" height=\"140\" srcset=\"https:\/\/www.omnitrack.com\/wp-content\/uploads\/2023\/03\/Light_Duty.webp 140w, https:\/\/www.omnitrack.com\/wp-content\/uploads\/2023\/03\/Light_Duty-100x100.webp 100w\" sizes=\"auto, (max-width: 140px) 100vw, 140px\" \/><br \/>\n<h2 class=\"fontSize-2\">Charge l\u00e9g\u00e8re<\/h2>\n<dl>\n<dt>Valeur \u00e9conomique<\/dt>\n<dd><\/dd>\n<dt>Frottement:<\/dt>\n<dd>1:0,03<\/dd>\n<dt>Temp\u00e9rature:<\/dt>\n<dd>-20\/70\u00b0C<\/dd>\n<dt>Vitesse:<\/dt>\n<dd>1m\/sec<\/dd>\n<dt>Orientations:<\/dt>\n<dd>Horizontale \/ Haut<\/dd>\n<\/dl>\n<p><\/a><\/li>\n<\/ul>\n<\/div>\n<\/section>\n<div class=\"row cpn-section\">\n<div class=\"col\">\n<hr \/>\n<\/div>\n<\/div>\n<section class=\"row cpn-section fontSize-4\">\n<div class=\"col\">\n<h2>D\u00e9couvrez nos gamme de billes de manutention<\/h2>\n<p>Omnitrack propose une large gamme de billes de manutention \u00e0 haute pr\u00e9cision. Con\u00e7ues pour un changement de direction optimal avec le coefficient de frottement le plus bas et les performances les plus efficasses. Vous pouvez choisir des mat\u00e9riaux, demander une solution sur mesure et choisit parmi une large gamme de styles et dedimensions, d\u00e9taill\u00e9s ci-dessous.<\/p>\n<ul class=\"row clear-list\">\n<li class=\"col-12 col-sm-6 col-md-4 mb-4\">\n<h3 class=\"fontSize-3\">Forte charge<\/h3>\n<p>Nos billes de manutention forte charge sont disponibles dans une vari\u00e9t\u00e9 de dimensions et de styles pour r\u00e9pondre \u00e0 toutes les sp\u00e9cifications. Avec une capacit\u00e9 de charge impressionnante pouvant atteindre 8000 kg (16000 lbs) chacune.<\/p>\n<p><a class=\"btn-table lilac-one shadow-3\" href=\"https:\/\/www.omnitrack.com\/fr\/billes-de-manutention\/heavy-duty\/\">Voir les produits<\/a><\/li>\n<li class=\"col-12 col-sm-6 col-md-4 mb-4\">\n<h3 class=\"fontSize-3\">Charge moyenne<\/h3>\n<p>Les billes de manutention charge moyenne d&rsquo;Omnitrack sont usin\u00e9es en acier solide et c\u00e9ment\u00e9es pour r\u00e9sister \u00e0 l&rsquo;usure. Elles sont lubrifi\u00e9es \u00e0 vie et zingu\u00e9es.<\/p>\n<p><a class=\"btn-table lilac-one shadow-3\" href=\"https:\/\/www.omnitrack.com\/fr\/billes-de-manutention\/gamme-moyenne\/\">Voir les produits<\/a><\/li>\n<li class=\"col-12 col-sm-6 col-md-4 mb-4\">\n<h3 class=\"fontSize-3\">Charge l\u00e9g\u00e8re<\/h3>\n<p>Nos billes de manutention charge l\u00e9g\u00e8re sont disponibles en plastique ou en Inox. Elles sont encastrables, \u00e0 collerette ou avec une base stable en sur\u00e9l\u00e9vation par rapport au plan de fixation.<\/p>\n<p><a class=\"btn-table lilac-one shadow-3\" href=\"https:\/\/www.omnitrack.com\/fr\/billes-de-manutention\/gamme-legere\/\">Voir les produits<\/a><\/li>\n<li class=\"col-12 col-sm-6 col-md-4 mb-4\">\n<h3 class=\"fontSize-3\">Barres et rails \u00e0 billes<\/h3>\n<p>Nos barres et rails \u00e0 billes T et B offrent un contr\u00f4le polyvalent et une grande facilit\u00e9 d&rsquo;utilisation. Ils int\u00e8grent des unit\u00e9s de billes robustes \u00e0 ressort pour un positionnement pr\u00e9cis.<\/p>\n<p><a class=\"btn-table lilac-one shadow-3\" href=\"https:\/\/www.omnitrack.com\/fr\/billes-de-manutention\/bille-a-ressort-and-barres-en-t-b\/\">Voir les produits<\/a><\/li>\n<li class=\"col-12 col-sm-6 col-md-4\">\n<h3 class=\"fontSize-3\">\u00c0 ressort et pneumatique<\/h3>\n<p>Nos billes \u00e0 ressort et pneumatiques sont id\u00e9ales sur des plans de travail de voie\/charge gr\u00e2ce \u00e0 leur r\u00e9sistance exceptionnelle aux chocs et \u00e0 la pr\u00e9charge r\u00e9glable des ressorts.<\/p>\n<p><a class=\"btn-table lilac-one shadow-3\" href=\"https:\/\/www.omnitrack.com\/fr\/billes-de-manutention\/billes-pneumatiques\/\">Voir les produits<\/a><\/li>\n<\/ul>\n<\/div>\n<\/section>\n<div class=\"row cpn-section\">\n<div class=\"col\">\n<hr \/>\n<\/div>\n<\/div>\n<section class=\"row cpn-section fontSize-4\">\n<div class=\"col\">\n<h2>Pourquoi choisir Omnitrack pour vos billes de manutention?<\/h2>\n<p>Au Royaume-Uni Omnitrack se positionne en tant que pionnier dans la fabricant de solutions de mouvement omnidirectionnel et de billes pour &lsquo;applications sp\u00e9ciales. Nos billes porteuses ont \u00e9t\u00e9 utilis\u00e9es dans un large \u00e9ventail d&rsquo;applications par des clients tels que la NASA, le CERN et des institutions militaires internationales. Nous pouvons concevoir et fabriquer votre solution personnalis\u00e9e, en proposant des mod\u00e8les innovants qui permettent une pr\u00e9cision maximale et un changement de direction instantan\u00e9.<\/p>\n<h3>D\u00e9couvrez la diff\u00e9rence Omnitrack:<\/h3>\n<ul>\n<li>Billes de manutention forte charge capables de supporter jusqu&rsquo;\u00e0 8000 kg (18000 lb).<\/li>\n<li>Le syst\u00e8me unique de roulement interne \u00ab\u00a0endless-track\u00a0\u00bb permet une pr\u00e9cision maximale et un changement de direction instantan\u00e9.<\/li>\n<li>Une gamme compl\u00e8te de dimensions, d&rsquo;options de montage et de mat\u00e9riaux est disponible.<\/li>\n<li>Conception et production dans nos locaux \u00e0 Stroud, au Royaume-Uni. Cela nous permet d&rsquo;exp\u00e9dier imm\u00e9diatement, de fournir une livraison express dans le monde entier tout en maintenant des co\u00fbts bas.<\/li>\n<li>Tous les produits Omnitrack sont vendus avec une garantie de conformit\u00e9 gratuite de deux ans.<\/li>\n<li>Des conseils gratuits de la part de notre \u00e9quipe d&rsquo;assistance technique tr\u00e8s exp\u00e9riment\u00e9e.<\/li>\n<\/ul>\n<\/div>\n<\/section>\n<div class=\"row cpn-section\">\n<div class=\"col\">\n<hr \/>\n<\/div>\n<\/div>\n<section class=\"row cpn-section fontSize-4\">\n<div class=\"col\">\n<h2>Diff\u00e9rents mod\u00e8les de billes de manutention<\/h2>\n<p>Les billes de manutention forte charge Omnitrack (BTU) sont un type de roulement avanc\u00e9 con\u00e7u pour permettre un mouvement omnidirectionnel de pr\u00e9cision ou le transport d&rsquo;objets lourds.<\/p>\n<p>Les unit\u00e9s Omnitrack varient:<\/p>\n<ul>\n<li>Construction &#8211; Construction en acier press\u00e9 (estamp\u00e9) ou composants usin\u00e9s en acier massif ou en mat\u00e9riaux plastiques.<\/li>\n<li>Gamme \u2013 Les gammes charge l\u00e9g\u00e8re et charge moyenne utilisent un syst\u00e8me simple qui se compose d\u2019une grosse bille porteuse reposant sur un grand nombre de petites billes r\u00e9parties en nappe dans une coupelle h\u00e9misph\u00e9rique en acier trait\u00e9; tandis que les gammes forte charge fonctionnent le principe de recirculation \u00e0 piste sans fin ou \u00e0 course compl\u00e8te.<\/li>\n<li>Diam\u00e8tre de la bille principale &#8211; De 12,7 mm \u00e0 101,6 mm<\/li>\n<li>Capacit\u00e9 de charge unitaire, allant de 15kg \u00e0 8000kg.<\/li>\n<li>Mat\u00e9riaux &#8211; Acier chrom\u00e9, Inox, Delrin (ac\u00e9tal \/ POM)<\/li>\n<\/ul>\n<p>La gamme a forte charge ne n\u00e9cessite normalement pas d&rsquo;entretien de la part de l&rsquo;utilisateur car elle est lubrifi\u00e9e \u00e0 vie et produite \u00e0 l&rsquo;aide de la conception brevet\u00e9e de la piste sans fin Omnitrack. Nous avons rencontr\u00e9 des applications o\u00f9 les billes de cette gamme ont \u00e9t\u00e9 soumises par erreur, par exemple, \u00e0 des chocs de chargement excessifs ou \u00e0 la p\u00e9n\u00e9tration de boues ou de contaminants, ce qui a n\u00e9cessit\u00e9 le d\u00e9montage de l&rsquo;unit\u00e9 pour l&rsquo;entretien par l&rsquo;utilisateur. Dans ces situations, il suffirait de disposer d&rsquo;un kit d&rsquo;entretien pr\u00eat \u00e0 l&#8217;emploi pour r\u00e9tablir le fonctionnement et la performance de la bille en quelques minutes!<\/p>\n<\/div>\n<\/section>\n<div class=\"row cpn-section\">\n<div class=\"col\">\n<hr \/>\n<\/div>\n<\/div>\n<section class=\"row cpn-section fontSize-4\">\n<div class=\"col\">\n<h2>Reconditionnement par l&rsquo;utilisateur et kits d&rsquo;entretien: Puis-je entretenir mes billes de manutention?<\/h2>\n<p>Les billes de manutention de la s\u00e9rie 9000 d&rsquo;Omnitrack peuvent \u00eatre entretenues par l&rsquo;utilisateur. Cette gamme \u00e9tait auparavant appel\u00e9e gamme industrielle. Les billes de manutention compacts de la s\u00e9rie 8000 \u00e0 forte charge int\u00e8grent l&rsquo;invention de la \u00ab\u00a0piste sans fin\u00a0\u00bb ou de la \u00ab\u00a0recirculation compl\u00e8te\u00a0\u00bb. Mais en raison de leur taille miniature, ils ne peuvent pas \u00eatre entretenus par l&rsquo;utilisateur.<\/p>\n<p>Les billes de manutention escamotables de notre s\u00e9rie 94 peuvent \u00eatre reconditionn\u00e9es. Les s\u00e9ries 95, 96 et 97 n\u00e9cessitent l&rsquo;utilisation d&rsquo;une presse et d&rsquo;un outillage sp\u00e9cial pour d\u00e9monter ces pi\u00e8ces en toute s\u00e9curit\u00e9, nous recommandons donc un reconditionnement en usine dans ce cas.<\/p>\n<\/div>\n<\/section>\n<div class=\"row cpn-section\">\n<div class=\"col\">\n<hr \/>\n<\/div>\n<\/div>\n<section class=\"row cpn-section fontSize-4\">\n<div class=\"col\">\n<h2>Entretien des billes de manutention<\/h2>\n<p>Pour les instructions de maintenance de votre bille de manutention, nous avons un <a href=\"https:\/\/www.youtube.com\/watch?v=VrG0_ktmKHE\" target=\"_blank\" rel=\"noopener\" data-schema-attribute=\"mentions\">clip vid\u00e9o<\/a> qui vous guide \u00e0 travers le processus de d\u00e9montage, de nettoyage et de remontage.<\/p>\n<p>L&rsquo;entretien de la bille de manutention n\u00e9cessite un kit de pi\u00e8ces d\u00e9tach\u00e9es. Vous pouvez acheter deux types de kits d&rsquo;entretien \u00ab\u00a0S1\u00a0\u00bb et \u00ab\u00a0S2\u00a0\u00bb en fonction de l&rsquo;\u00e9tendue de la remise \u00e0 neuf de la bille. La liste des pi\u00e8ces d\u00e9tach\u00e9es ci-dessous indique quelles pi\u00e8ces sont incluses dans les kits de service S1 et S2.<\/p>\n<ol>\n<li>Circlip (S2)<\/li>\n<li>Joint \u00e0 feutre (S1 &amp; S2)<\/li>\n<li>Bille principale (S1 &amp; S2)<\/li>\n<li>Billes de recirculation (S1 &amp; S2)<\/li>\n<li>Bague de retenue (S2)<\/li>\n<li>Coupe usin\u00e9e (S2)<\/li>\n<\/ol>\n<p>Pour passer commande, merci de nous indiquez la r\u00e9f\u00e9rence de la pi\u00e8ce d&rsquo;origine, toute marque d&rsquo;identification et le kit d&rsquo;entretien dont vous avez besoin (par exemple, S1- [part number]). S&rsquo;il n&rsquo;y a pas de num\u00e9ro de r\u00e9f\u00e9rence ou de marquage visible, envoyez-nous simplement un croquis ou une photo et nous l&rsquo;identifierons \u00e0 partir de nos archives.<\/p>\n<p><a class=\"underline\" href=\"https:\/\/www.omnitrack.com\/fr\/nous-contacter\/\">Contactez-nous directement<\/a> pour obtenir des recommendations &#8211; nous nous ferons un plaisir de vous indiquer le kit d&rsquo;entretien dont vous avez besoin!<\/p>\n<\/div>\n<\/section>\n<div class=\"row cpn-section\">\n<div class=\"col\">\n<hr \/>\n<\/div>\n<\/div>\n<section class=\"row cpn-section pb-5 fontSize-4\">\n<div class=\"col\">\n<h2>Reconditionnement en usine<\/h2>\n<p>Les multiples variantes de fixation et de pr\u00e9charge du ressort des billes de manutention Omnitrack peuvent g\u00e9n\u00e9ralement \u00eatre restaur\u00e9es \u00e0 leur performance d&rsquo;origine en utilisant notre service de reconditionnement d&rsquo;usine qui est \u00e9galement disponible pour la plupart des unit\u00e9s forte charge et des unit\u00e9s sur mesure.<\/p>\n<p>Les billes de manutention escamotables sont g\u00e9n\u00e9ralement pr\u00e9contraints pour limiter l&rsquo;enfoncement du ressort jusqu&rsquo;\u00e0 ce qu&rsquo;une charge th\u00e9orique soit d\u00e9pass\u00e9e. Afin d&rsquo;assurer un r\u00e9glage de la pr\u00e9charge du disque ou des ressorts h\u00e9lico\u00efdaux, nous utilisons un outillage sp\u00e9cial pour d\u00e9monter ces pi\u00e8ces en toute s\u00e9curit\u00e9. Nous disposons de plus de 75 ans de conception de production et de configurations de ressorts pour toutes les billes de manutention Omnitrack qui ont \u00e8t\u00e8 produites.<\/p>\n<p>Ing\u00e9nieurs de pr\u00e9cision depuis 1909 &#8211; Fabricants d&rsquo;origine et inventeurs de billes de manutention forte charge depuis 1954. Omnitrack est le fabricant d&rsquo;origine, l&rsquo;inventeur et le d\u00e9tenteur du brevet de la gamme des billes porteuses a forte charge, qui sont produites en continu depuis 1954. Nos billes de manutention ont \u00e9t\u00e9 commercialis\u00e9es dans le monde entier sous d&rsquo;autres noms, notamment Autoset Production Ltd, Autotrack (Birmingham) Ltd, Omnitrack North America Ltd, Omnitrack Srl, Omnitrack Corporation, Acme &amp; General Bearing.<\/p>\n<p>Au cours de ces 75 ann\u00e9es, les num\u00e9ros de r\u00e9f\u00e9rences de nos produits ont \u00e9galement chang\u00e9s \u00e0 plusieurs reprises, mais nous sommes fiers d&rsquo;honorer notre engagement \u00e0 fournir des pi\u00e8ces de rechange et des kits d&rsquo;entretien dans la plupart des cas; billes fabriqu\u00e8s en 1954 inclus! Si vous ne reconnaissez pas la r\u00e9f\u00e9rence de la pi\u00e8ce dans la s\u00e9quence actuelle , essayez de la saisir dans la barre \u00ab\u00a0recherche\u00a0\u00bb en haut de notre page d&rsquo;accueil. Cette derni\u00e8re peut \u00e9galement \u00eatre utilis\u00e8 comme convertisseur pour d&rsquo;autres r\u00e9f\u00e9rences\/revendeurs.<\/p>\n<p>Vous souhaitez en savoir plus sur l&rsquo;entretien des billes de manutention ou sur la commande de pi\u00e8ces de rechange et des kits d&rsquo;entretien ? Contactez nos experts d\u00e8s aujourd&rsquo;hui. Nous r\u00e9pondrons avec grand plaisir \u00e0 vos questions sur nos produits et sur la mani\u00e8re de les entretenir, ou sur tout autre sujet qui vous vient \u00e0 l&rsquo;esprit!<\/p>\n<\/div>\n<\/section>\n<section id=\"cant-find\" class=\"row cpn-section py-5 two justify-content-between\"><div class=\"col-12 col-sm-6 col-lg-7 py-lg-4 pe-lg-5\">\n<h3 class=\"fontSize-2 fontSize-md-1\">Vous ne trouvez pas ce que vous cherchez?<\/h3>\n<p class=\"fontSize-4\">Essayez de rechercher des mots-cl\u00e9s, num\u00e9ros r\u00e9fr\u00e9rence, capacit\u00e8 de charge et types de fixation.<\/p>\n<div class=\"input-group\"><form class=\"form-search\"><div class=\"input-group\">  <input type=\"text\" name=\"s\" class=\"form-control field\" placeholder=\"Recherche de r\u00e9f\u00e8rence #\">  <input type=\"hidden\" name=\"post-type\" value=\"product\"><\/div><\/form><\/div>\n<\/div>\n<div class=\"col-12 col-sm-6 col-lg-5 py-lg-4 pt-4 pt-sm-0\">\n<h3 class=\"fontSize-2 fontSize-md-1\">Free technical advice<\/h3>\n<p class=\"fontSize-4\">Phone: <b><a href=\"tel:+330187210069\">+33 01 8721 0069<\/a><\/b><\/p>\n<p class=\"fontSize-4\">Email: <b><a href=\"mailto:info@omnitrack.com\">info@omnitrack.com<\/a><\/b><\/p>\n<div class=\"mt-4\"> <a class=\"btn-ot green me-2 mb-3 mb-md-0 w100-mobile\" href=\"https:\/\/wa.me\/447759128207\" target=\"_blank\" rel=\"noopener\"><img decoding=\"async\" loading=\"lazy\" src=\"https:\/\/www.omnitrack.com\/wp-content\/themes\/omnitrack2023\/images\/icon-whatsapp.svg\"  alt=\"WhatsApp Omnitrack\"  \/> WhatsApp<\/a> <a class=\"btn-ot w100-mobile\" href=\"https:\/\/calendly.com\/omnitrack\/15min\" target=\"_blank\" rel=\"noopener\"><img decoding=\"async\" loading=\"lazy\" src=\"https:\/\/www.omnitrack.com\/wp-content\/themes\/omnitrack2023\/images\/icon-schedule.svg\"  alt=\"Planifier un appel t\u00e9l\u00e9phonique avec Omnitrack\"  \/> Planifier un appel<\/a><\/div>\n<\/div>\n<\/section>\n","protected":false},"excerpt":{"rendered":"<p>Billes de manutention Les billes de manutention innovantes d&rsquo;Omnitrack permettent un changement de direction instantan\u00e9 et pr\u00e9cis avec un faible frottement et une capacit\u00e9 de charge \u00e9lev\u00e9e. Nos solutions brevet\u00e9es sont disponibles dans une large gamme de styles et de dimensions. Des billes \u00e0 ressort ou pneumatiques. Tous les articles \u00ab\u00a0en stock\u00a0\u00bb sont exp\u00e9di\u00e9s imm\u00e9diatement, [&hellip;]<\/p>\n","protected":false},"author":7,"featured_media":0,"parent":0,"menu_order":0,"comment_status":"closed","ping_status":"closed","template":"","meta":{"inline_featured_image":false,"footnotes":""},"class_list":["post-93484","page","type-page","status-publish","hentry"],"acf":[],"_links":{"self":[{"href":"https:\/\/www.omnitrack.com\/fr\/wp-json\/wp\/v2\/pages\/93484","targetHints":{"allow":["GET"]}}],"collection":[{"href":"https:\/\/www.omnitrack.com\/fr\/wp-json\/wp\/v2\/pages"}],"about":[{"href":"https:\/\/www.omnitrack.com\/fr\/wp-json\/wp\/v2\/types\/page"}],"author":[{"embeddable":true,"href":"https:\/\/www.omnitrack.com\/fr\/wp-json\/wp\/v2\/users\/7"}],"replies":[{"embeddable":true,"href":"https:\/\/www.omnitrack.com\/fr\/wp-json\/wp\/v2\/comments?post=93484"}],"version-history":[{"count":4,"href":"https:\/\/www.omnitrack.com\/fr\/wp-json\/wp\/v2\/pages\/93484\/revisions"}],"predecessor-version":[{"id":109089,"href":"https:\/\/www.omnitrack.com\/fr\/wp-json\/wp\/v2\/pages\/93484\/revisions\/109089"}],"wp:attachment":[{"href":"https:\/\/www.omnitrack.com\/fr\/wp-json\/wp\/v2\/media?parent=93484"}],"curies":[{"name":"wp","href":"https:\/\/api.w.org\/{rel}","templated":true}]}}