{"id":93483,"date":"2019-08-02T13:41:53","date_gmt":"2019-08-02T13:41:53","guid":{"rendered":"https:\/\/www.omnitrack.com\/about-us\/"},"modified":"2024-03-23T20:01:16","modified_gmt":"2024-03-23T20:01:16","slug":"a-propos","status":"publish","type":"page","link":"https:\/\/www.omnitrack.com\/fr\/a-propos\/","title":{"rendered":"100 ans d&rsquo;histoire"},"content":{"rendered":"<section id=\"text-video-one\" class=\"row cpn-section\"> <div class=\"col-12 col-xl-7\"> <h1>100 ans d&rsquo;histoire<\/h1> <h2>Les origines d&rsquo;Omnitrack et d&rsquo;Autotrack remontent au d\u00e9but de l&rsquo;ann\u00e9e 1909.<\/h2> <p class=\"fontSize-3\">La soci\u00e9t\u00e9 m\u00e8re, Autoset (Production) Ltd, s&rsquo;est \u00e9tablie \u00e0 Birmingham en tant que fabricant de tours \u00e0 p\u00e9dale, de syst\u00e8mes d&rsquo;\u00e9tag\u00e8res, de roulettes et de roues. Entre 1919 et 1923 elle a aussi produit une gamme de scooters populaires sous la marque <a href=\"https:\/\/www.omnitrack.com\/fr\/a-propos\/autoglider\/\">Autoglider<\/a>.<\/p> <\/div> <div class=\"col-12 col-xl-5\"> <div class=\"ratio ratio-16x9\"><iframe title=\"YouTube video player\" frameborder=\"0\" allowfullscreen=\"allowfullscreen\" class=\" lozad\" data-src=\"https:\/\/www.youtube.com\/embed\/PKFis846aNA\"><\/iframe><\/div> <\/div> <\/section> <div class=\"row cpn-section\"> <div class=\"col\"> <hr \/> <\/div> <\/div> <section class=\"row cpn-section ot-history\"> <div class=\"col-12 col-sm-6 col-md-4 mb-4 mb-md-0\"><img loading=\"lazy\" decoding=\"async\" class=\"img-fluid alignnone wp-image-79757 size-full\" src=\"https:\/\/www.omnitrack.com\/wp-content\/uploads\/2023\/03\/2021-New-Omniwheel-Range.webp\" alt=\"2021 - Nouvelle gamme Omniwheel\" width=\"680\" height=\"436\" srcset=\"https:\/\/www.omnitrack.com\/wp-content\/uploads\/2023\/03\/2021-New-Omniwheel-Range.webp 680w, https:\/\/www.omnitrack.com\/wp-content\/uploads\/2023\/03\/2021-New-Omniwheel-Range-300x192.webp 300w, https:\/\/www.omnitrack.com\/wp-content\/uploads\/2023\/03\/2021-New-Omniwheel-Range-600x385.webp 600w\" sizes=\"auto, (max-width: 680px) 100vw, 680px\" \/><\/p> <h3>2021<\/h3> <p class=\"mb-0 mb-md-3\"><b>Nouvelle gamme Omniwheel <\/b><\/p> <p>Lancement de la nouvelle gamme Omniwheel.<\/p> <\/div> <div class=\"col-12 col-sm-6 col-md-4 mb-4 mb-md-0\"><img loading=\"lazy\" decoding=\"async\" class=\"img-fluid alignnone wp-image-79758 size-full\" src=\"https:\/\/www.omnitrack.com\/wp-content\/uploads\/2023\/03\/2020-New-compact-8000-series.webp\" alt=\"2020 - Nouvelle s\u00e9rie compacte 8000\" width=\"680\" height=\"436\" srcset=\"https:\/\/www.omnitrack.com\/wp-content\/uploads\/2023\/03\/2020-New-compact-8000-series.webp 680w, https:\/\/www.omnitrack.com\/wp-content\/uploads\/2023\/03\/2020-New-compact-8000-series-300x192.webp 300w, https:\/\/www.omnitrack.com\/wp-content\/uploads\/2023\/03\/2020-New-compact-8000-series-600x385.webp 600w\" sizes=\"auto, (max-width: 680px) 100vw, 680px\" \/><\/p> <h3>2020<\/h3> <p class=\"mb-0 mb-md-3\"><strong>Nouvelle s\u00e9rie compacte 8000<\/strong><\/p> <p>Lancement de la nouvelle s\u00e9rie 8000.<\/p> <\/div> <div class=\"col-12 col-sm-6 col-md-4 mb-4 mb-md-0\"><img loading=\"lazy\" decoding=\"async\" class=\"img-fluid alignnone wp-image-79759 size-full\" src=\"https:\/\/www.omnitrack.com\/wp-content\/uploads\/2023\/03\/2017-Heavy-Duty.webp\" alt=\"2017 Forte charge \" width=\"680\" height=\"436\" srcset=\"https:\/\/www.omnitrack.com\/wp-content\/uploads\/2023\/03\/2017-Heavy-Duty.webp 680w, https:\/\/www.omnitrack.com\/wp-content\/uploads\/2023\/03\/2017-Heavy-Duty-300x192.webp 300w, https:\/\/www.omnitrack.com\/wp-content\/uploads\/2023\/03\/2017-Heavy-Duty-600x385.webp 600w\" sizes=\"auto, (max-width: 680px) 100vw, 680px\" \/><\/p> <h3>2017<\/h3> <p class=\"mb-0 mb-md-3\"><strong>Forte charge<\/strong><\/p> <p>Billes de manutention forte charge 8000 kg . Nouvelle technologie et nouveaux mat\u00e9riaux.<\/p> <\/div> <\/section> <div class=\"row cpn-section d-none d-md-flex\"> <div class=\"col\"> <hr \/> <\/div> <\/div> <section class=\"row cpn-section ot-history\"> <div class=\"col-12 col-sm-6 col-md-4 mb-4 mb-md-0\"><img loading=\"lazy\" decoding=\"async\" class=\"img-fluid alignnone wp-image-79760 size-full\" src=\"https:\/\/www.omnitrack.com\/wp-content\/uploads\/2023\/03\/2014-New-Omnicaster.webp\" alt=\"2014 Nouveau Omnicaster \" width=\"680\" height=\"436\" srcset=\"https:\/\/www.omnitrack.com\/wp-content\/uploads\/2023\/03\/2014-New-Omnicaster.webp 680w, https:\/\/www.omnitrack.com\/wp-content\/uploads\/2023\/03\/2014-New-Omnicaster-300x192.webp 300w, https:\/\/www.omnitrack.com\/wp-content\/uploads\/2023\/03\/2014-New-Omnicaster-600x385.webp 600w\" sizes=\"auto, (max-width: 680px) 100vw, 680px\" \/><\/p> <h3>2014<\/h3> <p class=\"mb-0 mb-md-3\"><strong>Omnicaster<\/strong><\/p> <p>Lancement de la nouvelle gamme Omnicaster.<\/p> <\/div> <div class=\"col-12 col-sm-6 col-md-4 mb-4 mb-md-0\"><img loading=\"lazy\" decoding=\"async\" class=\"img-fluid alignnone wp-image-79761 size-full\" src=\"https:\/\/www.omnitrack.com\/wp-content\/uploads\/2023\/03\/2011-Bloodhound.webp\" alt=\"2011 Bloodhound\" width=\"680\" height=\"436\" srcset=\"https:\/\/www.omnitrack.com\/wp-content\/uploads\/2023\/03\/2011-Bloodhound.webp 680w, https:\/\/www.omnitrack.com\/wp-content\/uploads\/2023\/03\/2011-Bloodhound-300x192.webp 300w, https:\/\/www.omnitrack.com\/wp-content\/uploads\/2023\/03\/2011-Bloodhound-600x385.webp 600w\" sizes=\"auto, (max-width: 680px) 100vw, 680px\" \/><\/p> <h3>2011<\/h3> <p class=\"mb-0 mb-md-3\"><strong>Bloodhound<\/strong><\/p> <p>Record de vitesse terrestre de 1000 miles par heure pour &lsquo;Bloodhound&rsquo; (Produit Sponsoris\u00e9).<\/p> <\/div> <div class=\"col-12 col-sm-6 col-md-4 mb-4 mb-md-0\"><img loading=\"lazy\" decoding=\"async\" class=\"img-fluid alignnone wp-image-79762 size-full\" src=\"https:\/\/www.omnitrack.com\/wp-content\/uploads\/2023\/03\/2009-cern.webp\" alt=\"2009 CERN \" width=\"680\" height=\"436\" srcset=\"https:\/\/www.omnitrack.com\/wp-content\/uploads\/2023\/03\/2009-cern.webp 680w, https:\/\/www.omnitrack.com\/wp-content\/uploads\/2023\/03\/2009-cern-300x192.webp 300w, https:\/\/www.omnitrack.com\/wp-content\/uploads\/2023\/03\/2009-cern-600x385.webp 600w\" sizes=\"auto, (max-width: 680px) 100vw, 680px\" \/><\/p> <h3>2009<\/h3> <p class=\"mb-0 mb-md-3\"><strong>CERN<\/strong><\/p> <p>Fournisseur du projet CERN de l&rsquo;acc\u00e9l\u00e9rateur de particules &lsquo;Collisionneur de hadrons&rsquo;<\/p> <\/div> <\/section> <div class=\"row cpn-section d-none d-md-flex\"> <div class=\"col\"> <hr \/> <\/div> <\/div> <section class=\"row cpn-section ot-history\"> <div class=\"col-12 col-sm-6 col-md-4 mb-4 mb-md-0\"><img loading=\"lazy\" decoding=\"async\" class=\"img-fluid alignnone wp-image-79763 size-full\" src=\"https:\/\/www.omnitrack.com\/wp-content\/uploads\/2023\/03\/1990-Eurofighter.webp\" alt=\"1990 Eurofighter\" width=\"680\" height=\"436\" srcset=\"https:\/\/www.omnitrack.com\/wp-content\/uploads\/2023\/03\/1990-Eurofighter.webp 680w, https:\/\/www.omnitrack.com\/wp-content\/uploads\/2023\/03\/1990-Eurofighter-300x192.webp 300w, https:\/\/www.omnitrack.com\/wp-content\/uploads\/2023\/03\/1990-Eurofighter-600x385.webp 600w\" sizes=\"auto, (max-width: 680px) 100vw, 680px\" \/><\/p> <h3>1990<\/h3> <p class=\"mb-0 mb-md-3\"><strong>Eurofighter<\/strong><\/p> <p>Fournisseur du projet de production de l&rsquo;Euro Fighter. Nos billes de manutention Omnitrack 9241 ont \u00e9t\u00e9 utilis\u00e9es pour l&rsquo;assemblage de l&rsquo;avion.<\/p> <\/div> <div class=\"col-12 col-sm-6 col-md-4 mb-4 mb-md-0\"><img loading=\"lazy\" decoding=\"async\" class=\"img-fluid alignnone wp-image-79764 size-full\" src=\"https:\/\/www.omnitrack.com\/wp-content\/uploads\/2023\/03\/1970-Warhead-Handling.webp\" alt=\"1930 Linisher\" width=\"680\" height=\"436\" srcset=\"https:\/\/www.omnitrack.com\/wp-content\/uploads\/2023\/03\/1970-Warhead-Handling.webp 680w, https:\/\/www.omnitrack.com\/wp-content\/uploads\/2023\/03\/1970-Warhead-Handling-300x192.webp 300w, https:\/\/www.omnitrack.com\/wp-content\/uploads\/2023\/03\/1970-Warhead-Handling-600x385.webp 600w\" sizes=\"auto, (max-width: 680px) 100vw, 680px\" \/><\/p> <h3>1970<\/h3> <p class=\"mb-0 mb-md-3\"><strong>Manutention des ogives<\/strong><\/p> <p>\u00c9quipement de manutention des ogives nucl\u00e9aires en acier bleu \u2013 Conception et production.<\/p> <\/div> <div class=\"col-12 col-sm-6 col-md-4 mb-4 mb-md-0\"><img loading=\"lazy\" decoding=\"async\" class=\"img-fluid alignnone wp-image-79765 size-full\" src=\"https:\/\/www.omnitrack.com\/wp-content\/uploads\/2023\/03\/1970-Landing-Gear.webp\" alt=\"1970 Train d'atterrissage\" width=\"680\" height=\"436\" srcset=\"https:\/\/www.omnitrack.com\/wp-content\/uploads\/2023\/03\/1970-Landing-Gear.webp 680w, https:\/\/www.omnitrack.com\/wp-content\/uploads\/2023\/03\/1970-Landing-Gear-300x192.webp 300w, https:\/\/www.omnitrack.com\/wp-content\/uploads\/2023\/03\/1970-Landing-Gear-600x385.webp 600w\" sizes=\"auto, (max-width: 680px) 100vw, 680px\" \/><\/p> <h3>1962<\/h3> <p class=\"mb-0 mb-md-3\"><strong>Train d&rsquo;atterrissage<\/strong><\/p> <p>Train d&rsquo;atterrissage de l&rsquo;avion &lsquo;De Havilland&rsquo; \u2013 Contrat de conception et de fabrication.<\/p> <\/div> <\/section> <div class=\"row cpn-section d-none d-md-flex\"> <div class=\"col\"> <hr \/> <\/div> <\/div> <section class=\"row cpn-section ot-history\"> <div class=\"col-12 col-sm-6 col-md-4 mb-4 mb-md-0\"><img loading=\"lazy\" decoding=\"async\" class=\"img-fluid alignnone wp-image-79766 size-full\" src=\"https:\/\/www.omnitrack.com\/wp-content\/uploads\/2023\/03\/1958-Omnitrack.webp\" alt=\"1958 Omnitrack\" width=\"680\" height=\"436\" srcset=\"https:\/\/www.omnitrack.com\/wp-content\/uploads\/2023\/03\/1958-Omnitrack.webp 680w, https:\/\/www.omnitrack.com\/wp-content\/uploads\/2023\/03\/1958-Omnitrack-300x192.webp 300w, https:\/\/www.omnitrack.com\/wp-content\/uploads\/2023\/03\/1958-Omnitrack-600x385.webp 600w\" sizes=\"auto, (max-width: 680px) 100vw, 680px\" \/><\/p> <h3>1958<\/h3> <p class=\"mb-0 mb-md-3\"><strong>Omnitrack<\/strong><\/p> <p>1958 Lancement des <a href=\"https:\/\/www.omnitrack.com\/fr\/billes-de-manutention\/\">Billes de Manutention<\/a> brevet\u00e9es Omnitrack.<\/p> <\/div> <div class=\"col-12 col-sm-6 col-md-4 mb-4 mb-md-0\"><img loading=\"lazy\" decoding=\"async\" class=\"img-fluid alignnone wp-image-80111 size-full\" src=\"https:\/\/www.omnitrack.com\/wp-content\/uploads\/2023\/03\/1930-Linisher.webp\" alt=\"1930 Linisher\" width=\"680\" height=\"436\" srcset=\"https:\/\/www.omnitrack.com\/wp-content\/uploads\/2023\/03\/1930-Linisher.webp 680w, https:\/\/www.omnitrack.com\/wp-content\/uploads\/2023\/03\/1930-Linisher-300x192.webp 300w, https:\/\/www.omnitrack.com\/wp-content\/uploads\/2023\/03\/1930-Linisher-600x385.webp 600w\" sizes=\"auto, (max-width: 680px) 100vw, 680px\" \/><\/p> <h3>1930<\/h3> <p class=\"mb-0 mb-md-3\"><strong>Linisher<\/strong><\/p> <p>Conception et lancement de la ceinture &lsquo;Linisher&rsquo;.<\/p> <\/div> <div class=\"col-12 col-sm-6 col-md-4 mb-4 mb-md-0\"><img loading=\"lazy\" decoding=\"async\" class=\"img-fluid alignnone wp-image-79767 size-full\" src=\"https:\/\/www.omnitrack.com\/wp-content\/uploads\/2023\/03\/1928-Rollers-Skatewheels.webp\" alt=\"1928 Rouleaux et gallets en plastique\" width=\"680\" height=\"436\" srcset=\"https:\/\/www.omnitrack.com\/wp-content\/uploads\/2023\/03\/1928-Rollers-Skatewheels.webp 680w, https:\/\/www.omnitrack.com\/wp-content\/uploads\/2023\/03\/1928-Rollers-Skatewheels-300x192.webp 300w, https:\/\/www.omnitrack.com\/wp-content\/uploads\/2023\/03\/1928-Rollers-Skatewheels-600x385.webp 600w\" sizes=\"auto, (max-width: 680px) 100vw, 680px\" \/><\/p> <h3>1928<\/h3> <p class=\"mb-0 mb-md-3\"><strong>Rouleaux et gallets en plastique<\/strong><\/p> <p>Lancement de convoyeurs gravitaires \u00e0 rouleaux et \u00e0 galets ainsi que les syst\u00e8mes de rayonnages.<\/p> <\/div> <\/section> <div class=\"row cpn-section d-none d-md-flex\"> <div class=\"col\"> <hr \/> <\/div> <\/div> <section class=\"row cpn-section ot-history\"> <div class=\"col-12 col-sm-6 col-md-4 mb-4 mb-md-0\"><img loading=\"lazy\" decoding=\"async\" class=\"img-fluid alignnone wp-image-79768 size-full\" src=\"https:\/\/www.omnitrack.com\/wp-content\/uploads\/2023\/03\/1923-TST-Car.webp\" alt=\"1923 Voiture TST\" width=\"680\" height=\"436\" srcset=\"https:\/\/www.omnitrack.com\/wp-content\/uploads\/2023\/03\/1923-TST-Car.webp 680w, https:\/\/www.omnitrack.com\/wp-content\/uploads\/2023\/03\/1923-TST-Car-300x192.webp 300w, https:\/\/www.omnitrack.com\/wp-content\/uploads\/2023\/03\/1923-TST-Car-600x385.webp 600w\" sizes=\"auto, (max-width: 680px) 100vw, 680px\" \/><\/p> <h3>1923<\/h3> <p class=\"mb-0 mb-md-3\"><strong>Voiture TST<\/strong><\/p> <p>Production de la voiture TST &lsquo;Townsend, Skinner &amp; Tingle&rsquo;.<\/p> <\/div> <div class=\"col-12 col-sm-6 col-md-4 mb-4 mb-md-0\"><a href=\"https:\/\/www.omnitrack.com\/fr\/a-propos\/autoglider\/\"><img loading=\"lazy\" decoding=\"async\" class=\"img-fluid alignnone wp-image-79769 size-full\" src=\"https:\/\/www.omnitrack.com\/wp-content\/uploads\/2023\/03\/1918-Autoglider.webp\" alt=\"1918 Autoglider\" width=\"680\" height=\"436\" srcset=\"https:\/\/www.omnitrack.com\/wp-content\/uploads\/2023\/03\/1918-Autoglider.webp 680w, https:\/\/www.omnitrack.com\/wp-content\/uploads\/2023\/03\/1918-Autoglider-300x192.webp 300w, https:\/\/www.omnitrack.com\/wp-content\/uploads\/2023\/03\/1918-Autoglider-600x385.webp 600w\" sizes=\"auto, (max-width: 680px) 100vw, 680px\" \/><\/a><\/p> <h3>1918<\/h3> <p class=\"mb-0 mb-md-3\"><strong>Autoglider<\/strong><\/p> <p>Production en masse et exportation du scooter &lsquo;Autoglider&rsquo;. <a href=\"https:\/\/www.omnitrack.com\/fr\/a-propos\/autoglider\/\">Lire la suite<\/a>.<\/p> <\/div> <div class=\"col-12 col-sm-6 col-md-4 mb-4 mb-md-0\"><img loading=\"lazy\" decoding=\"async\" class=\"img-fluid alignnone wp-image-79770 size-full\" src=\"https:\/\/www.omnitrack.com\/wp-content\/uploads\/2023\/03\/1909-Heavy-Duty-Casters.webp\" alt=\"1909 Roulettes forte charge\" width=\"680\" height=\"436\" srcset=\"https:\/\/www.omnitrack.com\/wp-content\/uploads\/2023\/03\/1909-Heavy-Duty-Casters.webp 680w, https:\/\/www.omnitrack.com\/wp-content\/uploads\/2023\/03\/1909-Heavy-Duty-Casters-300x192.webp 300w, https:\/\/www.omnitrack.com\/wp-content\/uploads\/2023\/03\/1909-Heavy-Duty-Casters-600x385.webp 600w\" sizes=\"auto, (max-width: 680px) 100vw, 680px\" \/><\/p> <h3>1909<\/h3> <p class=\"mb-0 mb-md-3\"><strong>Roulettes forte charge<\/strong><\/p> <p>D\u00e9marrage de la fabrication de tours, roulettes industrielles et glissi\u00e8res d&rsquo;armoires<\/p> <\/div> <\/section> <div class=\"row cpn-section d-none d-md-flex\"> <div class=\"col\"> <hr \/> <\/div> <\/div> <section class=\"row cpn-section d-md-none\"> <div class=\"col-12\"> <h3>1896<\/h3> <p class=\"mb-0 mb-md-3\"><strong>Rodborough Court<\/strong><\/p> <p>Construction de notre si\u00e8ge social \u00e0 Stroud (Royaume-Uni).<\/p> <\/div> <\/section> <section class=\"row cpn-section pb-5 rodborough justify-content-end\"> <div class=\"col-md-6 col-lg-4 d-none d-md-block\"> <h3>1896<\/h3> <p class=\"mb-0 mb-md-3\"><strong>Rodborough Court<\/strong><\/p> <p>Construction de notre si\u00e8ge social \u00e0 Stroud (Royaume-Uni).<\/p> <\/div> <\/section> <section id=\"cant-find\" class=\"row cpn-section py-5 two justify-content-between\"><div class=\"col-12 col-sm-6 col-lg-7 py-lg-4 pe-lg-5\">\n<h3 class=\"fontSize-2 fontSize-md-1\">Vous ne trouvez pas ce que vous cherchez?<\/h3>\n<p class=\"fontSize-4\">Essayez de rechercher des mots-cl\u00e9s, num\u00e9ros r\u00e9fr\u00e9rence, capacit\u00e8 de charge et types de fixation.<\/p>\n<div class=\"input-group\"><form class=\"form-search\"><div class=\"input-group\">  <input type=\"text\" name=\"s\" class=\"form-control field\" placeholder=\"Recherche de r\u00e9f\u00e8rence #\">  <input type=\"hidden\" name=\"post-type\" value=\"product\"><\/div><\/form><\/div>\n<\/div>\n<div class=\"col-12 col-sm-6 col-lg-5 py-lg-4 pt-4 pt-sm-0\">\n<h3 class=\"fontSize-2 fontSize-md-1\">Free technical advice<\/h3>\n<p class=\"fontSize-4\">Phone: <b><a href=\"tel:+330187210069\">+33 01 8721 0069<\/a><\/b><\/p>\n<p class=\"fontSize-4\">Email: <b><a href=\"mailto:info@omnitrack.com\">info@omnitrack.com<\/a><\/b><\/p>\n<div class=\"mt-4\"> <a class=\"btn-ot green me-2 mb-3 mb-md-0 w100-mobile\" href=\"https:\/\/wa.me\/447759128207\" target=\"_blank\" rel=\"noopener\"><img decoding=\"async\" loading=\"lazy\" src=\"https:\/\/www.omnitrack.com\/wp-content\/themes\/omnitrack2023\/images\/icon-whatsapp.svg\"  alt=\"WhatsApp Omnitrack\"  \/> WhatsApp<\/a> <a class=\"btn-ot w100-mobile\" href=\"https:\/\/calendly.com\/omnitrack\/15min\" target=\"_blank\" rel=\"noopener\"><img decoding=\"async\" loading=\"lazy\" src=\"https:\/\/www.omnitrack.com\/wp-content\/themes\/omnitrack2023\/images\/icon-schedule.svg\"  alt=\"Planifier un appel t\u00e9l\u00e9phonique avec Omnitrack\"  \/> Planifier un appel<\/a><\/div>\n<\/div>\n<\/section> ","protected":false},"excerpt":{"rendered":"<p>100 ans d&rsquo;histoire Les origines d&rsquo;Omnitrack et d&rsquo;Autotrack remontent au d\u00e9but de l&rsquo;ann\u00e9e 1909. La soci\u00e9t\u00e9 m\u00e8re, Autoset (Production) Ltd, s&rsquo;est \u00e9tablie \u00e0 Birmingham en tant que fabricant de tours \u00e0 p\u00e9dale, de syst\u00e8mes d&rsquo;\u00e9tag\u00e8res, de roulettes et de roues. Entre 1919 et 1923 elle a aussi produit une gamme de scooters populaires sous la [&hellip;]<\/p>\n","protected":false},"author":7,"featured_media":0,"parent":0,"menu_order":0,"comment_status":"closed","ping_status":"closed","template":"","meta":{"inline_featured_image":false,"footnotes":""},"class_list":["post-93483","page","type-page","status-publish","hentry"],"acf":[],"_links":{"self":[{"href":"https:\/\/www.omnitrack.com\/fr\/wp-json\/wp\/v2\/pages\/93483","targetHints":{"allow":["GET"]}}],"collection":[{"href":"https:\/\/www.omnitrack.com\/fr\/wp-json\/wp\/v2\/pages"}],"about":[{"href":"https:\/\/www.omnitrack.com\/fr\/wp-json\/wp\/v2\/types\/page"}],"author":[{"embeddable":true,"href":"https:\/\/www.omnitrack.com\/fr\/wp-json\/wp\/v2\/users\/7"}],"replies":[{"embeddable":true,"href":"https:\/\/www.omnitrack.com\/fr\/wp-json\/wp\/v2\/comments?post=93483"}],"version-history":[{"count":4,"href":"https:\/\/www.omnitrack.com\/fr\/wp-json\/wp\/v2\/pages\/93483\/revisions"}],"predecessor-version":[{"id":103261,"href":"https:\/\/www.omnitrack.com\/fr\/wp-json\/wp\/v2\/pages\/93483\/revisions\/103261"}],"wp:attachment":[{"href":"https:\/\/www.omnitrack.com\/fr\/wp-json\/wp\/v2\/media?parent=93483"}],"curies":[{"name":"wp","href":"https:\/\/api.w.org\/{rel}","templated":true}]}}