{"id":95529,"date":"2023-01-26T12:21:49","date_gmt":"2023-01-26T12:21:49","guid":{"rendered":"https:\/\/www.omnitrack.com\/ball-transfer-units\/medium-duty\/mn-series-housed-spring-loaded\/"},"modified":"2024-08-14T18:26:40","modified_gmt":"2024-08-14T18:26:40","slug":"serie-mn-unidades-de-transferencia-de-bolas-alojadas-con-resorte","status":"publish","type":"page","link":"https:\/\/www.omnitrack.com\/es\/bolas-transportadoras\/media-capacidad\/serie-mn-unidades-de-transferencia-de-bolas-alojadas-con-resorte\/","title":{"rendered":"Serie MN \u2013 Unidades de transferencia de bolas alojadas con resorte"},"content":{"rendered":"<section id=\"product-presentation-one\" class=\"row cpn-section pb-0\">\n<div class=\"col\">\n<header class=\"row\">    <div class=\"col\">        <nav id=\"breadcrumb\">                    <\/nav>        <h1 class=\"fontSize-1\">Serie MN \u2013 Unidades de transferencia de bolas alojadas con resorte<\/h1>    <\/div>    <\/header>\n<div class=\"row list-images image-sizes\" data-material=\"ST_material\">\n<div class=\"col-auto col-md col-xxl-4\">\n<div class=\"img-default\"><img loading=\"lazy\" decoding=\"async\" class=\"alignnone wp-image-79801 size-full\" src=\"https:\/\/www.omnitrack.com\/wp-content\/uploads\/2023\/03\/MN-series-medium-duty-ball-transfer-units.webp\" alt=\"media capacidad de la serie MN\" width=\"400\" height=\"400\" data-fullsrc=\"\" srcset=\"https:\/\/www.omnitrack.com\/wp-content\/uploads\/2023\/03\/MN-series-medium-duty-ball-transfer-units.webp 400w, https:\/\/www.omnitrack.com\/wp-content\/uploads\/2023\/03\/MN-series-medium-duty-ball-transfer-units-300x300.webp 300w, https:\/\/www.omnitrack.com\/wp-content\/uploads\/2023\/03\/MN-series-medium-duty-ball-transfer-units-150x150.webp 150w, https:\/\/www.omnitrack.com\/wp-content\/uploads\/2023\/03\/MN-series-medium-duty-ball-transfer-units-100x100.webp 100w\" sizes=\"auto, (max-width: 400px) 100vw, 400px\" \/><\/div>\n<\/div>\n<div class=\"col-auto col-md col-xxl-4\">\n<div><img loading=\"lazy\" decoding=\"async\" class=\"alignnone wp-image-79802 size-full\" src=\"https:\/\/www.omnitrack.com\/wp-content\/uploads\/2023\/03\/diagram-MN-series-medium-duty-ball-transfer-units.webp\" alt=\"MN Series Diagram Medium Duty\" width=\"400\" height=\"400\" data-fullsrc=\"\" srcset=\"https:\/\/www.omnitrack.com\/wp-content\/uploads\/2023\/03\/diagram-MN-series-medium-duty-ball-transfer-units.webp 400w, https:\/\/www.omnitrack.com\/wp-content\/uploads\/2023\/03\/diagram-MN-series-medium-duty-ball-transfer-units-300x300.webp 300w, https:\/\/www.omnitrack.com\/wp-content\/uploads\/2023\/03\/diagram-MN-series-medium-duty-ball-transfer-units-150x150.webp 150w, https:\/\/www.omnitrack.com\/wp-content\/uploads\/2023\/03\/diagram-MN-series-medium-duty-ball-transfer-units-100x100.webp 100w\" sizes=\"auto, (max-width: 400px) 100vw, 400px\" \/><\/div>\n<\/div>\n<\/div>\n<\/div>\n<div class=\"col sidebar-cpn mt-4\">\n<div class=\"row\">\n<div class=\"col\"><div class=\"box-material-upgrade\">        <div class=\"form-check ps-0\">        <div class=\"d-flex flex-row justify-content-between align-items-center\">            <label class=\"form-check-label pe-2\" for=\"materialUpgrade1\" style=\"width:calc(100% - 1.5rem)\" title=\"Rodamientos de acero al cromo. Cuerpo zincado mecanizado de precisi\u00f3n y carcasa posterior electrofor\u00e9tica\">                <span class=\"fontSize-6\"><b>Materiales est\u00e1ndar<\/b> - Rodamientos de acero al cromo. Cuerpo zincado mecanizado de precisi\u00f3n y carcasa posterior electrofor\u00e9tica<\/span>            <\/label>            <input class=\"form-ch eck-input inputCheck\" type=\"radio\" name=\"materialUpgrade\" id=\"materialUpgrade1\" checked=\"checked\" value=\"ST_material\">        <\/div>        <h4 class=\"fontSize-3 my-3\">Opciones de mejora del material:<\/h4>        <div class=\"box-input-material-upgrade mb-2 d-flex flex-row justify-content-between\">            <label class=\"form-check-label pe-2\" for=\"materialUpgrade2\" style=\"width:calc(100% - 1.5rem)\"  title=\"Bolas de acero inoxidable, cuerpo y tapa cincados.\">                <span class=\"material material-A\">Bolas de acero inoxidable<\/span>            <\/label>            <input class=\"form-check-input inputCheck\" type=\"radio\" name=\"materialUpgrade\" id=\"materialUpgrade2\"  value=\"A_material\">        <\/div>        <div class=\"box-input-material-upgrade mb-2 d-flex flex-row justify-content-between\">            <label class=\"form-check-label pe-2\" for=\"materialUpgrade4\" style=\"width:calc(100% - 1.5rem)\" title=\"Bolas, cuerpo y tapa de acero inoxidable.\">                <span class=\"material material-SS\">Todas las piezas de acero inoxidable<\/span>            <\/label>            <input class=\"form-check-input inputCheck\" type=\"radio\" name=\"materialUpgrade\" id=\"materialUpgrade4\" value=\"SS_material\">        <\/div>            <\/div><\/div><\/div>\n<\/div>\n<\/div>\n<\/section>\n<section id=\"part-table-one\" class=\"row cpn-section pb-4\">\n<div class=\"col\"><div class=\"switcher mt-3 mt-md-0 mx-2 me-sm-0 ms-sm-5\">    <div class=\"switcher-title\"><b>Medidas del interruptor:<\/b> <\/span><\/div>    <button class=\"toggle-unit\" type=\"button\"><span class=\"switch-metric\">M\u00e9trico (mm\/kg)<\/span><span class=\"switch\"><\/span><span class=\"switch-imperial\">Imperial (pulgadas\/lb)<\/span><\/button><\/div> [omni_render_table class-container=\u00bbtable-scroll table-mobi\u00bb]<\/div>\n<\/section>\n<section id=\"also-consider\" class=\"row cpn-section\">\n<div class=\"col\">\n<div>\n<h2>Considere tambi\u00e9n<\/h2>\n<div>\t<div class=\"omni-slider omni-carousel\" >\t<ul class=\"omni-slider-track\"><li>    <a href=\"https:\/\/www.omnitrack.com\/es\/ball-transfer-units\/heavy-duty\/86-96-series-spring-loaded-flange-socket\/\"><img loading=\"lazy\" decoding=\"async\" width=\"150\" height=\"150\" src=\"https:\/\/www.omnitrack.com\/wp-content\/uploads\/2023\/03\/96.webp\" class=\"img-fluid\" alt=\"flange mounted spring loaded\" srcset=\"https:\/\/www.omnitrack.com\/wp-content\/uploads\/2023\/03\/96.webp 800w, https:\/\/www.omnitrack.com\/wp-content\/uploads\/2023\/03\/96-300x300.webp 300w, https:\/\/www.omnitrack.com\/wp-content\/uploads\/2023\/03\/96-150x150.webp 150w, https:\/\/www.omnitrack.com\/wp-content\/uploads\/2023\/03\/96-768x768.webp 768w, https:\/\/www.omnitrack.com\/wp-content\/uploads\/2023\/03\/96-600x600.webp 600w, https:\/\/www.omnitrack.com\/wp-content\/uploads\/2023\/03\/96-100x100.webp 100w\" sizes=\"auto, (max-width: 150px) 100vw, 150px\" \/><h3>Series 86 y 96<\/h3><\/a><\/li><li>    <a href=\"https:\/\/www.omnitrack.com\/es\/ball-transfer-units\/medium-duty\/mm-series-housed-spring-loaded\/\"><img loading=\"lazy\" decoding=\"async\" width=\"150\" height=\"150\" src=\"https:\/\/www.omnitrack.com\/wp-content\/uploads\/2023\/03\/MM.webp\" class=\"img-fluid\" alt=\"housed spring loaded diagram\" srcset=\"https:\/\/www.omnitrack.com\/wp-content\/uploads\/2023\/03\/MM.webp 800w, https:\/\/www.omnitrack.com\/wp-content\/uploads\/2023\/03\/MM-300x300.webp 300w, https:\/\/www.omnitrack.com\/wp-content\/uploads\/2023\/03\/MM-150x150.webp 150w, https:\/\/www.omnitrack.com\/wp-content\/uploads\/2023\/03\/MM-768x768.webp 768w, https:\/\/www.omnitrack.com\/wp-content\/uploads\/2023\/03\/MM-600x600.webp 600w, https:\/\/www.omnitrack.com\/wp-content\/uploads\/2023\/03\/MM-100x100.webp 100w\" sizes=\"auto, (max-width: 150px) 100vw, 150px\" \/><h3>Serie MM<\/h3><\/a><\/li><li>    <a href=\"https:\/\/www.omnitrack.com\/es\/ball-transfer-units\/heavy-duty\/85-95-series-housed-spring-loaded\/\"><img loading=\"lazy\" decoding=\"async\" width=\"150\" height=\"150\" src=\"https:\/\/www.omnitrack.com\/wp-content\/uploads\/2023\/03\/95.webp\" class=\"img-fluid\" alt=\"housed spring loaded\" srcset=\"https:\/\/www.omnitrack.com\/wp-content\/uploads\/2023\/03\/95.webp 800w, https:\/\/www.omnitrack.com\/wp-content\/uploads\/2023\/03\/95-300x300.webp 300w, https:\/\/www.omnitrack.com\/wp-content\/uploads\/2023\/03\/95-150x150.webp 150w, https:\/\/www.omnitrack.com\/wp-content\/uploads\/2023\/03\/95-768x768.webp 768w, https:\/\/www.omnitrack.com\/wp-content\/uploads\/2023\/03\/95-600x600.webp 600w, https:\/\/www.omnitrack.com\/wp-content\/uploads\/2023\/03\/95-100x100.webp 100w\" sizes=\"auto, (max-width: 150px) 100vw, 150px\" \/><h3>Series 85 y 95<\/h3><\/a><\/li><li>    <a href=\"https:\/\/www.omnitrack.com\/es\/ball-transfer-units\/heavy-duty\/87-97-series-spring-loaded-flange-fixing\/\"><img loading=\"lazy\" decoding=\"async\" width=\"150\" height=\"150\" src=\"https:\/\/www.omnitrack.com\/wp-content\/uploads\/2023\/03\/97.webp\" class=\"img-fluid\" alt=\"flange mounted spring\" srcset=\"https:\/\/www.omnitrack.com\/wp-content\/uploads\/2023\/03\/97.webp 800w, https:\/\/www.omnitrack.com\/wp-content\/uploads\/2023\/03\/97-300x300.webp 300w, https:\/\/www.omnitrack.com\/wp-content\/uploads\/2023\/03\/97-150x150.webp 150w, https:\/\/www.omnitrack.com\/wp-content\/uploads\/2023\/03\/97-768x768.webp 768w, https:\/\/www.omnitrack.com\/wp-content\/uploads\/2023\/03\/97-600x600.webp 600w, https:\/\/www.omnitrack.com\/wp-content\/uploads\/2023\/03\/97-100x100.webp 100w\" sizes=\"auto, (max-width: 150px) 100vw, 150px\" \/><h3>Series 87 y 97<\/h3><\/a><\/li><li>    <a href=\"https:\/\/www.omnitrack.com\/es\/ball-transfer-units\/pneumatic-ball-transfers\/\"><img loading=\"lazy\" decoding=\"async\" width=\"140\" height=\"140\" src=\"https:\/\/www.omnitrack.com\/wp-content\/uploads\/2023\/03\/Pneumatics.webp\" class=\"img-fluid\" alt=\"pneumatics\" srcset=\"https:\/\/www.omnitrack.com\/wp-content\/uploads\/2023\/03\/Pneumatics.webp 140w, https:\/\/www.omnitrack.com\/wp-content\/uploads\/2023\/03\/Pneumatics-100x100.webp 100w\" sizes=\"auto, (max-width: 140px) 100vw, 140px\" \/><h3>Neum\u00e1tica<\/h3><\/a><\/li><li>    <a href=\"https:\/\/www.omnitrack.com\/es\/ball-transfer-units\/spring-loaded-t-b-bars\/\"><img loading=\"lazy\" decoding=\"async\" width=\"150\" height=\"150\" src=\"https:\/\/www.omnitrack.com\/wp-content\/uploads\/2023\/03\/TB-Bars.webp\" class=\"img-fluid\" alt=\"TB-Bars\" srcset=\"https:\/\/www.omnitrack.com\/wp-content\/uploads\/2023\/03\/TB-Bars.webp 600w, https:\/\/www.omnitrack.com\/wp-content\/uploads\/2023\/03\/TB-Bars-300x300.webp 300w, https:\/\/www.omnitrack.com\/wp-content\/uploads\/2023\/03\/TB-Bars-150x150.webp 150w, https:\/\/www.omnitrack.com\/wp-content\/uploads\/2023\/03\/TB-Bars-100x100.webp 100w\" sizes=\"auto, (max-width: 150px) 100vw, 150px\" \/><h3>Barras T y B<\/h3><\/a><\/li><li>    <a href=\"https:\/\/www.omnitrack.com\/es\/ball-transfer-units\/heavy-duty\/84-94-series-external-spring-loaded\/\"><img loading=\"lazy\" decoding=\"async\" width=\"150\" height=\"150\" src=\"https:\/\/www.omnitrack.com\/wp-content\/uploads\/2023\/03\/94_400.webp\" class=\"img-fluid\" alt=\"Stud\" srcset=\"https:\/\/www.omnitrack.com\/wp-content\/uploads\/2023\/03\/94_400.webp 400w, https:\/\/www.omnitrack.com\/wp-content\/uploads\/2023\/03\/94_400-300x300.webp 300w, https:\/\/www.omnitrack.com\/wp-content\/uploads\/2023\/03\/94_400-150x150.webp 150w, https:\/\/www.omnitrack.com\/wp-content\/uploads\/2023\/03\/94_400-100x100.webp 100w\" sizes=\"auto, (max-width: 150px) 100vw, 150px\" \/><h3>Series 84 y 94<\/h3><\/a><\/li>\t<\/ul><div class=\"omni-slider-controls\"><button class=\"omni-slider-prev\"><img src=\"https:\/\/www.omnitrack.com\/wp-content\/themes\/omnitrack2023\/images\/icon-arrow-blue-left.svg\" alt=\"Arrow left icon\" decoding=\"async\" loading=\"lazy\" alt=\"Arrow left icon\"><\/button> <button class=\"omni-slider-next\"><img src=\"https:\/\/www.omnitrack.com\/wp-content\/themes\/omnitrack2023\/images\/icon-arrow-blue-right.svg\" decoding=\"async\" loading=\"lazy\" alt=\"Arrow right icon\"><\/button><\/div><\/div><\/div>\n<\/div>\n<\/div>\n<\/section>\n<div class=\"row cpn-section\">\n<div class=\"col\">\n<hr \/>\n<\/div>\n<\/div>\n<section id=\"icons-grid-one\" class=\"row cpn-section pb-5\">\n<div class=\"col-12 col-sm-5 col-xl-6 col-xxl-7 fontSize-4 mb-3\">\n<p>Las <a href=\"https:\/\/www.omnitrack.com\/es\/bolas-transportadoras\/\">bolas transportadoras<\/a> de media capacidad de la serie MN est\u00e1n mecanizadas en acero macizo y cementadas para resistir el desgaste. La tapa superior de acero mecanizado reforzado protege contra impactos por desalineaci\u00f3n del elemento transportado. Lubricadas de por vida y zincadas para resistir la corrosi\u00f3n.<\/p>\n<p>Materiales est\u00e1ndar: cuerpo y tapa AISI 1015, bolas AISI 52100. Las versiones &#8216;A&#8217; y &#8216;SS&#8217; de acero inoxidable incorporan bolas AISI420, cuerpo y resistencia a los golpes. Los tama\u00f1os de bola principales \u2265 19 mm incorporan una junta de fieltro para restringir la contaminaci\u00f3n.<\/p>\n<p>Esta serie presenta un \u00fanico orificio de desag\u00fce.<\/p>\n<\/div>\n<div class=\"col-12 col-sm-7 col-xl-6 col-xxl-5\"><div class=\"grid-wrap\">\n<div class=\"row g-2 g-md-3 mb-2 mb-md-3\">\n<div class=\"col-4\">\n<div class=\"grid-item\"><img decoding=\"async\" loading=\"lazy\" src=\"https:\/\/www.omnitrack.com\/wp-content\/themes\/omnitrack2023\/images\/icon-low-friction.svg\" class=\"ico-icons-grid\" alt=\"Baja fricci\u00f3n\"  \/> Baja fricci\u00f3n<br \/>1 : 0,02 <small><\/small><\/div>\n<\/div>\n<div class=\"col-4\">\n<div class=\"grid-item\"><img decoding=\"async\" loading=\"lazy\" src=\"https:\/\/www.omnitrack.com\/wp-content\/themes\/omnitrack2023\/images\/icon-speed.svg\" class=\"ico-icons-grid\" alt=\"Velocidad\"  \/> Velocidad<br \/>1.5m\/sec <small><\/small><\/div>\n<\/div>\n<div class=\"col-4\">\n<div class=\"grid-item\"><img decoding=\"async\" loading=\"lazy\" src=\"https:\/\/www.omnitrack.com\/wp-content\/themes\/omnitrack2023\/images\/icon-temperature.svg\" class=\"ico-icons-grid\" alt=\"Temperatura\"  \/> Temperatura<br \/>-30\/+100\u00baC <small><\/small><\/div>\n<\/div>\n<\/div>\n<div class=\"row g-2 g-md-3\">\n<div class=\"col-4\">\n<div class=\"grid-item\"><img decoding=\"async\" loading=\"lazy\" src=\"https:\/\/www.omnitrack.com\/wp-content\/themes\/omnitrack2023\/images\/icon-high-shock-resistence.svg\" class=\"ico-icons-grid\" alt=\"Resistencia a los golpes\"  \/> Resistencia a los golpes <small><\/small><\/div>\n<\/div>\n<div class=\"col-4\">\n<div class=\"grid-item\">\n<div><img decoding=\"async\" loading=\"lazy\" src=\"https:\/\/www.omnitrack.com\/wp-content\/themes\/omnitrack2023\/images\/icon-orientation-horizontal-up.webp\" class=\"ico-icons-grid\" alt=\"Orientaci\u00f3n Horizontal \/ Arriba\"  \/><\/div>\n<p>Orientaci\u00f3n Horizontal \/ Arriba <small><\/small><\/p>\n<\/div>\n<\/div>\n<\/div>\n<\/div>\n<\/div>\n<\/section>\n<section id=\"similiar-one\" class=\"row cpn-section pt-5 bg-lilac\"><div class=\"col\">\n<div class=\"pb-4\">\n<h2>Modelos Alta Capacidad similares:<\/h2>\n<p><!--div>[ omni_render_carousel acf=\"similar_heavy_duty_models\"]<\/div--><\/p>\n<div>\t<div class=\"omni-slider omni-carousel carousel-similar-models\" >\t<ul class=\"omni-slider-track\"><li>    <a href=\"https:\/\/www.omnitrack.com\/es\/bolas-transportadoras\/bolas-transportadoras-de-alta-capacidad\/serie-85-y-95-unidades-de-transferencia-de-bolas-alojadas-con-resorte\/\"><img loading=\"lazy\" decoding=\"async\" width=\"150\" height=\"150\" src=\"https:\/\/www.omnitrack.com\/wp-content\/uploads\/2023\/03\/95_00_01.webp\" class=\"img-fluid\" alt=\"housed spring loaded\" srcset=\"https:\/\/www.omnitrack.com\/wp-content\/uploads\/2023\/03\/95_00_01.webp 800w, https:\/\/www.omnitrack.com\/wp-content\/uploads\/2023\/03\/95_00_01-300x300.webp 300w, https:\/\/www.omnitrack.com\/wp-content\/uploads\/2023\/03\/95_00_01-150x150.webp 150w, https:\/\/www.omnitrack.com\/wp-content\/uploads\/2023\/03\/95_00_01-768x768.webp 768w, https:\/\/www.omnitrack.com\/wp-content\/uploads\/2023\/03\/95_00_01-600x600.webp 600w, https:\/\/www.omnitrack.com\/wp-content\/uploads\/2023\/03\/95_00_01-100x100.webp 100w\" sizes=\"auto, (max-width: 150px) 100vw, 150px\" \/><h3>8501<\/h3><\/a><\/li><li>    <a href=\"https:\/\/www.omnitrack.com\/es\/bolas-transportadoras\/bolas-transportadoras-de-alta-capacidad\/serie-84-y-94-unidades-de-transferencia-de-bolas-con-resorte-externo\/\"><img loading=\"lazy\" decoding=\"async\" width=\"150\" height=\"150\" src=\"https:\/\/www.omnitrack.com\/wp-content\/uploads\/2023\/03\/94_0X.webp\" class=\"img-fluid\" alt=\"external spring loaded\" srcset=\"https:\/\/www.omnitrack.com\/wp-content\/uploads\/2023\/03\/94_0X.webp 800w, https:\/\/www.omnitrack.com\/wp-content\/uploads\/2023\/03\/94_0X-300x300.webp 300w, https:\/\/www.omnitrack.com\/wp-content\/uploads\/2023\/03\/94_0X-150x150.webp 150w, https:\/\/www.omnitrack.com\/wp-content\/uploads\/2023\/03\/94_0X-768x768.webp 768w, https:\/\/www.omnitrack.com\/wp-content\/uploads\/2023\/03\/94_0X-600x600.webp 600w, https:\/\/www.omnitrack.com\/wp-content\/uploads\/2023\/03\/94_0X-100x100.webp 100w\" sizes=\"auto, (max-width: 150px) 100vw, 150px\" \/><h3>8404<\/h3><\/a><\/li><li>    <a href=\"https:\/\/www.omnitrack.com\/es\/bolas-transportadoras\/bolas-transportadoras-de-alta-capacidad\/serie-86-y-96-unidades-de-transferencia-de-bola-con-brida-y-muelle\/\"><img loading=\"lazy\" decoding=\"async\" width=\"150\" height=\"150\" src=\"https:\/\/www.omnitrack.com\/wp-content\/uploads\/2023\/03\/96.webp\" class=\"img-fluid\" alt=\"flange mounted spring loaded\" srcset=\"https:\/\/www.omnitrack.com\/wp-content\/uploads\/2023\/03\/96.webp 800w, https:\/\/www.omnitrack.com\/wp-content\/uploads\/2023\/03\/96-300x300.webp 300w, https:\/\/www.omnitrack.com\/wp-content\/uploads\/2023\/03\/96-150x150.webp 150w, https:\/\/www.omnitrack.com\/wp-content\/uploads\/2023\/03\/96-768x768.webp 768w, https:\/\/www.omnitrack.com\/wp-content\/uploads\/2023\/03\/96-600x600.webp 600w, https:\/\/www.omnitrack.com\/wp-content\/uploads\/2023\/03\/96-100x100.webp 100w\" sizes=\"auto, (max-width: 150px) 100vw, 150px\" \/><h3>9620<\/h3><\/a><\/li><li>    <a href=\"https:\/\/www.omnitrack.com\/es\/bolas-transportadoras\/bolas-transportadoras-de-alta-capacidad\/serie-87-y-97-unidades-de-transferencia-de-bolas-de-fijacion-por-brida-con-resorte\/\"><img loading=\"lazy\" decoding=\"async\" width=\"150\" height=\"150\" src=\"https:\/\/www.omnitrack.com\/wp-content\/uploads\/2023\/03\/97.webp\" class=\"img-fluid\" alt=\"flange mounted spring\" srcset=\"https:\/\/www.omnitrack.com\/wp-content\/uploads\/2023\/03\/97.webp 800w, https:\/\/www.omnitrack.com\/wp-content\/uploads\/2023\/03\/97-300x300.webp 300w, https:\/\/www.omnitrack.com\/wp-content\/uploads\/2023\/03\/97-150x150.webp 150w, https:\/\/www.omnitrack.com\/wp-content\/uploads\/2023\/03\/97-768x768.webp 768w, https:\/\/www.omnitrack.com\/wp-content\/uploads\/2023\/03\/97-600x600.webp 600w, https:\/\/www.omnitrack.com\/wp-content\/uploads\/2023\/03\/97-100x100.webp 100w\" sizes=\"auto, (max-width: 150px) 100vw, 150px\" \/><h3>9720<\/h3><\/a><\/li><li>    <a href=\"https:\/\/www.omnitrack.com\/es\/bolas-transportadoras\/bolas-transportadoras-de-alta-capacidad\/serie-85-y-95-unidades-de-transferencia-de-bolas-alojadas-con-resorte\/\"><img loading=\"lazy\" decoding=\"async\" width=\"150\" height=\"150\" src=\"https:\/\/www.omnitrack.com\/wp-content\/uploads\/2023\/03\/95.webp\" class=\"img-fluid\" alt=\"housed spring loaded\" srcset=\"https:\/\/www.omnitrack.com\/wp-content\/uploads\/2023\/03\/95.webp 800w, https:\/\/www.omnitrack.com\/wp-content\/uploads\/2023\/03\/95-300x300.webp 300w, https:\/\/www.omnitrack.com\/wp-content\/uploads\/2023\/03\/95-150x150.webp 150w, https:\/\/www.omnitrack.com\/wp-content\/uploads\/2023\/03\/95-768x768.webp 768w, https:\/\/www.omnitrack.com\/wp-content\/uploads\/2023\/03\/95-600x600.webp 600w, https:\/\/www.omnitrack.com\/wp-content\/uploads\/2023\/03\/95-100x100.webp 100w\" sizes=\"auto, (max-width: 150px) 100vw, 150px\" \/><h3>9520<\/h3><\/a><\/li><li>    <a href=\"https:\/\/www.omnitrack.com\/es\/bolas-transportadoras\/bolas-transportadoras-de-alta-capacidad\/serie-84-y-94-unidades-de-transferencia-de-bolas-con-resorte-externo\/\"><img loading=\"lazy\" decoding=\"async\" width=\"150\" height=\"150\" src=\"https:\/\/www.omnitrack.com\/wp-content\/uploads\/2023\/03\/94.webp\" class=\"img-fluid\" alt=\"external spring loaded\" srcset=\"https:\/\/www.omnitrack.com\/wp-content\/uploads\/2023\/03\/94.webp 800w, https:\/\/www.omnitrack.com\/wp-content\/uploads\/2023\/03\/94-300x300.webp 300w, https:\/\/www.omnitrack.com\/wp-content\/uploads\/2023\/03\/94-150x150.webp 150w, https:\/\/www.omnitrack.com\/wp-content\/uploads\/2023\/03\/94-768x768.webp 768w, https:\/\/www.omnitrack.com\/wp-content\/uploads\/2023\/03\/94-600x600.webp 600w, https:\/\/www.omnitrack.com\/wp-content\/uploads\/2023\/03\/94-100x100.webp 100w\" sizes=\"auto, (max-width: 150px) 100vw, 150px\" \/><h3>9425<\/h3><\/a><\/li>\t<\/ul><div class=\"omni-slider-controls\"><button class=\"omni-slider-prev\"><img src=\"https:\/\/www.omnitrack.com\/wp-content\/themes\/omnitrack2023\/images\/icon-arrow-blue-left.svg\" alt=\"Arrow left icon\" decoding=\"async\" loading=\"lazy\" alt=\"Arrow left icon\"><\/button> <button class=\"omni-slider-next\"><img src=\"https:\/\/www.omnitrack.com\/wp-content\/themes\/omnitrack2023\/images\/icon-arrow-blue-right.svg\" decoding=\"async\" loading=\"lazy\" alt=\"Arrow right icon\"><\/button><\/div><\/div><\/div>\n<\/div>\n<div class=\"row\"><ul class=\"col-12 col-sm-6 col-lg-7 blue-bullet mb-3 mb-sm-0\">\n<li>M\u00e1xima capacidad en cualquier \u00e1ngulo de orientaci\u00f3n.<\/li>\n<li>Construcci\u00f3n mecanizada de precisi\u00f3n para trabajos pesados.<\/li>\n<li>Dise\u00f1o de &#8216;pista sin fin&#8217; \u2013 La mayor precisi\u00f3n.<\/li>\n<li>Kits de servicio y repuestos de f\u00e1brica desde 1954.<\/li>\n<\/ul>\n<div class=\"col-12 col-sm-6 col-lg-5\"><img loading=\"lazy\" decoding=\"async\" class=\"img-fluid alignnone wp-image-79745 size-full\" src=\"https:\/\/www.omnitrack.com\/wp-content\/uploads\/2024\/08\/2_year_warranty_es.webp\" alt=\"Logotipo de garant\u00eda de 2 a\u00f1os\" width=\"401\" height=\"190\" \/><br \/><small class=\"d-block mt-3\">Sujeto a condiciones de uso.<\/small><\/div>\n<\/div>\n<\/div>\n<\/section>\n<section id=\"cant-find\" class=\"row cpn-section py-5 two justify-content-between\"><div class=\"col-12 col-sm-6 col-lg-7 py-lg-4 pe-lg-5\">\n<h3 class=\"fontSize-2 fontSize-md-1\">\u00bfNo encuentra lo que busca?<\/h3>\n<p class=\"fontSize-4\">Intente buscar por palabras clave, n\u00fameros de pieza, carga, tipos de fijaci\u00f3n.<\/p>\n<div class=\"input-group\"><form class=\"form-search\"><div class=\"input-group\">  <input type=\"text\" name=\"s\" class=\"form-control field\" placeholder=\"Buscar referencia\">  <input type=\"hidden\" name=\"post-type\" value=\"product\"><\/div><\/form><\/div>\n<\/div>\n<div class=\"col-12 col-sm-6 col-lg-5 py-lg-4 pt-4 pt-sm-0\">\n<h3 class=\"fontSize-2 fontSize-md-1\">Free technical advice<\/h3>\n<p class=\"fontSize-4\">Phone: <b><a href=\"tel:+34911984543\">+34 911 984 543<br \/><\/a><\/b><\/p>\n<p class=\"fontSize-4\">Email: <b><a href=\"mailto:info@omnitrack.com\">info@omnitrack.com<\/a><\/b><\/p>\n<div class=\"mt-4\"> <a class=\"btn-ot green me-2 mb-3 mb-md-0 w100-mobile\" href=\"https:\/\/wa.me\/447759128207\" target=\"_blank\" rel=\"noopener\"><img decoding=\"async\" loading=\"lazy\" src=\"https:\/\/www.omnitrack.com\/wp-content\/themes\/omnitrack2023\/images\/icon-whatsapp.svg\"  alt=\"WhatsApp Omnitrack\"  \/> WhatsApp<\/a> <a class=\"btn-ot w100-mobile\" href=\"https:\/\/calendly.com\/omnitrack\/15min\" target=\"_blank\" rel=\"noopener\"><img decoding=\"async\" loading=\"lazy\" src=\"https:\/\/www.omnitrack.com\/wp-content\/themes\/omnitrack2023\/images\/icon-schedule.svg\"  alt=\"Agendar una llamada con Omnitrack\"  \/> Agendar una llamada<\/a><\/div>\n<\/div>\n<\/section>\n","protected":false},"excerpt":{"rendered":"<p>[omni_render_table class-container=\u00bbtable-scroll table-mobi\u00bb] Considere tambi\u00e9n Las bolas transportadoras de media capacidad de la serie MN est\u00e1n mecanizadas en acero macizo y cementadas para resistir el desgaste. La tapa superior de acero mecanizado reforzado protege contra impactos por desalineaci\u00f3n del elemento transportado. Lubricadas de por vida y zincadas para resistir la corrosi\u00f3n. Materiales est\u00e1ndar: cuerpo y [&hellip;]<\/p>\n","protected":false},"author":7,"featured_media":0,"parent":95505,"menu_order":0,"comment_status":"closed","ping_status":"closed","template":"page-series-medium-duty.php","meta":{"inline_featured_image":false,"footnotes":""},"class_list":["post-95529","page","type-page","status-publish","hentry"],"acf":[],"_links":{"self":[{"href":"https:\/\/www.omnitrack.com\/es\/wp-json\/wp\/v2\/pages\/95529","targetHints":{"allow":["GET"]}}],"collection":[{"href":"https:\/\/www.omnitrack.com\/es\/wp-json\/wp\/v2\/pages"}],"about":[{"href":"https:\/\/www.omnitrack.com\/es\/wp-json\/wp\/v2\/types\/page"}],"author":[{"embeddable":true,"href":"https:\/\/www.omnitrack.com\/es\/wp-json\/wp\/v2\/users\/7"}],"replies":[{"embeddable":true,"href":"https:\/\/www.omnitrack.com\/es\/wp-json\/wp\/v2\/comments?post=95529"}],"version-history":[{"count":3,"href":"https:\/\/www.omnitrack.com\/es\/wp-json\/wp\/v2\/pages\/95529\/revisions"}],"predecessor-version":[{"id":105078,"href":"https:\/\/www.omnitrack.com\/es\/wp-json\/wp\/v2\/pages\/95529\/revisions\/105078"}],"up":[{"embeddable":true,"href":"https:\/\/www.omnitrack.com\/es\/wp-json\/wp\/v2\/pages\/95505"}],"wp:attachment":[{"href":"https:\/\/www.omnitrack.com\/es\/wp-json\/wp\/v2\/media?parent=95529"}],"curies":[{"name":"wp","href":"https:\/\/api.w.org\/{rel}","templated":true}]}}