{"id":95525,"date":"2023-01-26T12:27:23","date_gmt":"2023-01-26T12:27:23","guid":{"rendered":"https:\/\/www.omnitrack.com\/ball-transfer-units\/medium-duty\/mv-mw-mx-series-air-cargo-ball-unit\/"},"modified":"2024-08-14T03:44:15","modified_gmt":"2024-08-14T03:44:15","slug":"serie-mv-mw-mx-unidades-de-transferencia-de-bolas-de-carga-aerea","status":"publish","type":"page","link":"https:\/\/www.omnitrack.com\/es\/bolas-transportadoras\/media-capacidad\/serie-mv-mw-mx-unidades-de-transferencia-de-bolas-de-carga-aerea\/","title":{"rendered":"Serie MV \/ MW \/ MX \u2013 Unidades de transferencia de bolas de carga a\u00e9rea"},"content":{"rendered":"<section id=\"product-presentation-one\" class=\"row cpn-section pb-0\">\n<div class=\"col\">\n<header class=\"row\">    <div class=\"col\">        <nav id=\"breadcrumb\">                    <\/nav>        <h1 class=\"fontSize-1\">Serie MV \/ MW \/ MX \u2013 Unidades de transferencia de bolas de carga a\u00e9rea<\/h1>    <\/div>    <\/header>\n<div class=\"row list-images image-sizes\" data-material=\"ST_material\">\n<div class=\"col-auto col-md col-xxl-4\">\n<div class=\"img-default\"><img loading=\"lazy\" decoding=\"async\" class=\"alignnone wp-image-79809 size-full\" src=\"https:\/\/www.omnitrack.com\/wp-content\/uploads\/2023\/03\/MV-series-medium-duty-ball-transfer-units.webp\" alt=\"Bolas transportadoras de media capacidad serie MV\" width=\"400\" height=\"400\" data-fullsrc=\"\" srcset=\"https:\/\/www.omnitrack.com\/wp-content\/uploads\/2023\/03\/MV-series-medium-duty-ball-transfer-units.webp 400w, https:\/\/www.omnitrack.com\/wp-content\/uploads\/2023\/03\/MV-series-medium-duty-ball-transfer-units-300x300.webp 300w, https:\/\/www.omnitrack.com\/wp-content\/uploads\/2023\/03\/MV-series-medium-duty-ball-transfer-units-150x150.webp 150w, https:\/\/www.omnitrack.com\/wp-content\/uploads\/2023\/03\/MV-series-medium-duty-ball-transfer-units-100x100.webp 100w\" sizes=\"auto, (max-width: 400px) 100vw, 400px\" \/><\/div>\n<\/div>\n<div class=\"col-auto col-md col-xxl-4\">\n<div><img loading=\"lazy\" decoding=\"async\" class=\"alignnone wp-image-79810 size-full\" src=\"https:\/\/www.omnitrack.com\/wp-content\/uploads\/2023\/03\/MW-MX-series-medium-duty-ball-transfer-units.webp\" alt=\"MW Serie MX bolas transportadoras de media capacidad de carga a\u00e9rea\" width=\"400\" height=\"400\" data-fullsrc=\"\" srcset=\"https:\/\/www.omnitrack.com\/wp-content\/uploads\/2023\/03\/MW-MX-series-medium-duty-ball-transfer-units.webp 400w, https:\/\/www.omnitrack.com\/wp-content\/uploads\/2023\/03\/MW-MX-series-medium-duty-ball-transfer-units-300x300.webp 300w, https:\/\/www.omnitrack.com\/wp-content\/uploads\/2023\/03\/MW-MX-series-medium-duty-ball-transfer-units-150x150.webp 150w, https:\/\/www.omnitrack.com\/wp-content\/uploads\/2023\/03\/MW-MX-series-medium-duty-ball-transfer-units-100x100.webp 100w\" sizes=\"auto, (max-width: 400px) 100vw, 400px\" \/><\/div>\n<\/div>\n<div class=\"col-auto col-md col-xxl-4\">\n<div><img loading=\"lazy\" decoding=\"async\" class=\"alignnone wp-image-80471 size-full\" src=\"https:\/\/www.omnitrack.com\/wp-content\/uploads\/2023\/04\/diagram-MV-MW-MX-series-medium-duty-ball-transfer-units.webp\" alt=\"Bolas transportadoras para carga a\u00e9rea\" width=\"600\" height=\"600\" data-fullsrc=\"\" srcset=\"https:\/\/www.omnitrack.com\/wp-content\/uploads\/2023\/04\/diagram-MV-MW-MX-series-medium-duty-ball-transfer-units.webp 600w, https:\/\/www.omnitrack.com\/wp-content\/uploads\/2023\/04\/diagram-MV-MW-MX-series-medium-duty-ball-transfer-units-300x300.webp 300w, https:\/\/www.omnitrack.com\/wp-content\/uploads\/2023\/04\/diagram-MV-MW-MX-series-medium-duty-ball-transfer-units-150x150.webp 150w, https:\/\/www.omnitrack.com\/wp-content\/uploads\/2023\/04\/diagram-MV-MW-MX-series-medium-duty-ball-transfer-units-100x100.webp 100w\" sizes=\"auto, (max-width: 600px) 100vw, 600px\" \/><\/div>\n<\/div>\n<\/div>\n<\/div>\n<div class=\"col sidebar-cpn mt-3\">\n<div class=\"row\">\n<div class=\"col\"><div class=\"box-material-upgrade fontSize-5\">\n<p><strong>Serie MV Imperial &#8211; <\/strong>Moulded scraper cap reduces weight noise levels during operation. Self-cleaning multiple drain slots. Compact inch series dimensions ideal for high-density ball cargo decks.  <\/p>\n<p><strong>Serie MX para aplicaciones de carga &#8211; <\/strong>Steel scraper cap protects against impact damage from misaligned loads. Multiple debris\/drain channels rapidly eject contamination fluid. <\/p>\n<p><strong>Serie MW para aplicaciones de lavado &#8211; <\/strong>las bolas transportadoras con alojamiento con revestimiento interno de acero inoxidable son una alternativa econ\u00f3mica a los componentes fabricados \u00edntegramente en acero inoxidable. Ofrecen resistencia a la corrosi\u00f3n y un drenaje de l\u00edquido eficaz en aplicaciones de lavado. Tambi\u00e9n est\u00e1n disponibles con fabricaci\u00f3n \u00edntegra en acero inoxidable.  <\/p>\n<\/div>\n<\/div>\n<\/div>\n<\/div>\n<\/section>\n<section id=\"part-table-one\" class=\"row cpn-section pb-4\">\n<div class=\"col\"><div class=\"switcher mt-3 mt-md-0 mx-2 me-sm-0 ms-sm-5\">    <div class=\"switcher-title\"><b>Medidas del interruptor:<\/b> <\/span><\/div>    <button class=\"toggle-unit\" type=\"button\"><span class=\"switch-metric\">M\u00e9trico (mm\/kg)<\/span><span class=\"switch\"><\/span><span class=\"switch-imperial\">Imperial (pulgadas\/lb)<\/span><\/button><\/div> [omni_render_table class-container=\u00bbtable-scroll table-mobi\u00bb]<\/div>\n<\/section>\n<section id=\"also-consider\" class=\"row cpn-section\">\n<div class=\"col\">\n<div>\n<h2>Considere tambi\u00e9n<\/h2>\n<div>\t<div class=\"omni-slider omni-carousel\" >\t<ul class=\"omni-slider-track\"><li>    <a href=\"https:\/\/www.omnitrack.com\/es\/ball-transfer-units\/heavy-duty\/83-93-series-flange-socket-mounted\/\"><img loading=\"lazy\" decoding=\"async\" width=\"150\" height=\"150\" src=\"https:\/\/www.omnitrack.com\/wp-content\/uploads\/2023\/03\/93.webp\" class=\"img-fluid\" alt=\"flange socket mounted\" srcset=\"https:\/\/www.omnitrack.com\/wp-content\/uploads\/2023\/03\/93.webp 800w, https:\/\/www.omnitrack.com\/wp-content\/uploads\/2023\/03\/93-300x300.webp 300w, https:\/\/www.omnitrack.com\/wp-content\/uploads\/2023\/03\/93-150x150.webp 150w, https:\/\/www.omnitrack.com\/wp-content\/uploads\/2023\/03\/93-768x768.webp 768w, https:\/\/www.omnitrack.com\/wp-content\/uploads\/2023\/03\/93-600x600.webp 600w, https:\/\/www.omnitrack.com\/wp-content\/uploads\/2023\/03\/93-100x100.webp 100w\" sizes=\"auto, (max-width: 150px) 100vw, 150px\" \/><h3>83SS &amp; 93SS<\/h3><\/a><\/li><li>    <a href=\"https:\/\/www.omnitrack.com\/es\/ball-transfer-units\/heavy-duty\/88-98-series-tolerance-ring\/\"><img loading=\"lazy\" decoding=\"async\" width=\"150\" height=\"150\" src=\"https:\/\/www.omnitrack.com\/wp-content\/uploads\/2023\/03\/98_400.webp\" class=\"img-fluid\" alt=\"Stud\" srcset=\"https:\/\/www.omnitrack.com\/wp-content\/uploads\/2023\/03\/98_400.webp 400w, https:\/\/www.omnitrack.com\/wp-content\/uploads\/2023\/03\/98_400-300x300.webp 300w, https:\/\/www.omnitrack.com\/wp-content\/uploads\/2023\/03\/98_400-150x150.webp 150w, https:\/\/www.omnitrack.com\/wp-content\/uploads\/2023\/03\/98_400-100x100.webp 100w\" sizes=\"auto, (max-width: 150px) 100vw, 150px\" \/><h3>88SS &amp; 98SS<\/h3><\/a><\/li><li>    <a href=\"https:\/\/www.omnitrack.com\/es\/wheels-castors\/omniwheels-accessories\/\"><img loading=\"lazy\" decoding=\"async\" width=\"140\" height=\"140\" src=\"https:\/\/www.omnitrack.com\/wp-content\/uploads\/2023\/03\/Omniwheels.webp\" class=\"img-fluid\" alt=\"omniwheels\" srcset=\"https:\/\/www.omnitrack.com\/wp-content\/uploads\/2023\/03\/Omniwheels.webp 140w, https:\/\/www.omnitrack.com\/wp-content\/uploads\/2023\/03\/Omniwheels-100x100.webp 100w\" sizes=\"auto, (max-width: 140px) 100vw, 140px\" \/><h3>Omniwheel<\/h3><\/a><\/li><li>    <a href=\"https:\/\/www.omnitrack.com\/es\/wheels-castors\/omnifloat\/\"><img loading=\"lazy\" decoding=\"async\" width=\"140\" height=\"140\" src=\"https:\/\/www.omnitrack.com\/wp-content\/uploads\/2023\/03\/Omnifloat.webp\" class=\"img-fluid\" alt=\"omnifloat the original manufacturer\" srcset=\"https:\/\/www.omnitrack.com\/wp-content\/uploads\/2023\/03\/Omnifloat.webp 140w, https:\/\/www.omnitrack.com\/wp-content\/uploads\/2023\/03\/Omnifloat-100x100.webp 100w\" sizes=\"auto, (max-width: 140px) 100vw, 140px\" \/><h3>Omnifloat<\/h3><\/a><\/li><li>    <a href=\"https:\/\/www.omnitrack.com\/es\/wheels-castors\/omnicasters\/\"><img loading=\"lazy\" decoding=\"async\" width=\"140\" height=\"140\" src=\"https:\/\/www.omnitrack.com\/wp-content\/uploads\/2023\/03\/Omnicasters.webp\" class=\"img-fluid\" alt=\"omnicaster original manufacturer\" srcset=\"https:\/\/www.omnitrack.com\/wp-content\/uploads\/2023\/03\/Omnicasters.webp 140w, https:\/\/www.omnitrack.com\/wp-content\/uploads\/2023\/03\/Omnicasters-100x100.webp 100w\" sizes=\"auto, (max-width: 140px) 100vw, 140px\" \/><h3>Omnicaster<\/h3><\/a><\/li>\t<\/ul><div class=\"omni-slider-controls\"><button class=\"omni-slider-prev\"><img src=\"https:\/\/www.omnitrack.com\/wp-content\/themes\/omnitrack2023\/images\/icon-arrow-blue-left.svg\" alt=\"Arrow left icon\" decoding=\"async\" loading=\"lazy\" alt=\"Arrow left icon\"><\/button> <button class=\"omni-slider-next\"><img src=\"https:\/\/www.omnitrack.com\/wp-content\/themes\/omnitrack2023\/images\/icon-arrow-blue-right.svg\" decoding=\"async\" loading=\"lazy\" alt=\"Arrow right icon\"><\/button><\/div><\/div><\/div>\n<\/div>\n<\/div>\n<\/section>\n<div class=\"row cpn-section\">\n<div class=\"col\">\n<hr \/>\n<\/div>\n<\/div>\n<section id=\"icons-grid-one\" class=\"row cpn-section\">\n<div class=\"col-12 col-sm-5 col-xl-6 col-xxl-7 fontSize-4 mb-3\">\n<p>Las <a href=\"https:\/\/www.omnitrack.com\/es\/bolas-transportadoras\/\">bolas transportadoras<\/a> de media capacidad est\u00e1n mecanizadas en acero macizo y cementadas para resistir el desgaste. La tapa superior de acero mecanizado reforzado protege contra impactos por desalineaci\u00f3n del elemento transportado. Lubricadas de por vida y zincadas para resistir la corrosi\u00f3n. Materiales est\u00e1ndar: cuerpo y tapa AISI 1015, bolas AISI 52100. Las versiones \u00abA\u00bb y \u00abSS\u00bb de acero inoxidable incorporan bolas AISI420, cuerpo y resistencia a los golpes. Los tama\u00f1os de bola principales \u226519mm incorporan una junta de fieltro para restringir la contaminaci\u00f3n.<\/p>\n<p>Esta serie presenta un \u00fanico orificio de desag\u00fce.<\/p>\n<p>Bolas transportadoras para carga a\u00e9rea \u2013 De conformidad con las normas ISO de la industria de carga a\u00e9rea, estas unidades utilizan bolas de acero inoxidable (AISI 420) que recirculan dentro de una carcasa de acero mecanizado de precisi\u00f3n (AISI 1015). Todos los modelos disponen de drenaje de fluido y omiten la junta de fieltro. Consulte la p\u00e1gina 15 para los clips de fijaci\u00f3n opcionales tipo C (acero inoxidable) y tipo K (acero).<\/p>\n<p>Serie MV &#8216;Imperial&#8217; &#8211; La tapa del rascador moldeada integralmente reduce el peso y los niveles de ruido durante el funcionamiento. Las dimensiones compactas de la serie en pulgadas son ideales para plataformas de carga esf\u00e9ricas de alta densidad.<\/p>\n<p>Serie MX para aplicaciones de carga \u2013 Steel scraper cap protects against impact damage from misaligned loads. Multiple debris\/drain channels rapidly eject contamination fluid.<\/p>\n<p>Serie MW para aplicaciones de lavado \u2013 las bolas transportadoras con alojamiento con revestimiento interno de acero inoxidable son una alternativa econ\u00f3mica a los componentes fabricados \u00edntegramente en acero inoxidable. Ofrecen resistencia a la corrosi\u00f3n y un drenaje de l\u00edquido eficaz en aplicaciones de lavado. Tambi\u00e9n est\u00e1n disponibles con fabricaci\u00f3n \u00edntegra en acero inoxidable.<\/p>\n<\/div>\n<div class=\"col-12 col-sm-7 col-xl-6 col-xxl-5\"><div class=\"grid-wrap\">\n<div class=\"row g-2 g-md-3 mb-2 mb-md-3\">\n<div class=\"col-4\">\n<div class=\"grid-item\"><img decoding=\"async\" loading=\"lazy\" src=\"https:\/\/www.omnitrack.com\/wp-content\/themes\/omnitrack2023\/images\/icon-low-friction.svg\" class=\"ico-icons-grid\" alt=\"Baja fricci\u00f3n\"  \/> Baja fricci\u00f3n<br \/>1 : 0,02 <small><\/small><\/div>\n<\/div>\n<div class=\"col-4\">\n<div class=\"grid-item\"><img decoding=\"async\" loading=\"lazy\" src=\"https:\/\/www.omnitrack.com\/wp-content\/themes\/omnitrack2023\/images\/icon-speed.svg\" class=\"ico-icons-grid\" alt=\"Velocidad\"  \/> Velocidad<br \/>1.5m\/sec <small><\/small><\/div>\n<\/div>\n<div class=\"col-4\">\n<div class=\"grid-item\"><img decoding=\"async\" loading=\"lazy\" src=\"https:\/\/www.omnitrack.com\/wp-content\/themes\/omnitrack2023\/images\/icon-temperature.svg\" class=\"ico-icons-grid\" alt=\"Temperatura\"  \/> Temperatura<br \/>-30\/+100\u00baC <small><\/small><\/div>\n<\/div>\n<\/div>\n<div class=\"row g-2 g-md-3\">\n<div class=\"col-4\">\n<div class=\"grid-item\"><img decoding=\"async\" loading=\"lazy\" src=\"https:\/\/www.omnitrack.com\/wp-content\/themes\/omnitrack2023\/images\/icon-high-shock-resistence.svg\" class=\"ico-icons-grid\" alt=\"Resistencia a los golpes\"  \/> Resistencia a los golpes <small><\/small><\/div>\n<\/div>\n<div class=\"col-4\">\n<div class=\"grid-item\">\n<div><img decoding=\"async\" loading=\"lazy\" src=\"https:\/\/www.omnitrack.com\/wp-content\/themes\/omnitrack2023\/images\/icon-orientation-horizontal-up.webp\" class=\"ico-icons-grid\" alt=\"Orientaci\u00f3n Horizontal \/ Arriba\"  \/><\/div>\n<p>Orientaci\u00f3n Horizontal \/ Arriba <small><\/small><\/p>\n<\/div>\n<\/div>\n<\/div>\n<\/div>\n<\/div>\n<\/section>\n<div class=\"row cpn-section\">\n<div class=\"col\">\n<hr \/>\n<\/div>\n<\/div>\n<section id=\"clips-one\" class=\"row cpn-section\"><div class=\"col\">\n<div class=\"row mb-3\">\n<h2>Clips de tipo K y C<\/h2>\n<ul class=\"fontSize-4 fontSize-md-3 list-check\">\n<li>Los clips de fijaci\u00f3n compensan las irregularidades del orificio y el di\u00e1metro.<\/li>\n<li>Ideal cuando s\u00f3lo se puede acceder por un lado a la superficie de montaje.<\/li>\n<\/ul>\n<\/div>\n<div class=\"row\">\n<div class=\"col-12 col-sm-7 col-md-8 mb-4 mb-sm-0\">[omni_render_table_clips class-container=\u00bbtable-no-scroll table-mobi\u00bb]<\/div>\n<div class=\"col-12 col-sm-5 col-md-4\">\n<div class=\"row mb-3 align-items-center\">\n<div class=\"col-5 col-xl-4 fontSize-4\"><strong>Retenci\u00f3n \u00f3ptima \u2265 3 mm<\/strong><\/div>\n<div class=\"col-7 col-xl-8\"><img loading=\"lazy\" decoding=\"async\" class=\"img-fluid alignnone wp-image-79721 size-full\" src=\"https:\/\/www.omnitrack.com\/wp-content\/uploads\/2023\/03\/K_C_Clips_Optimal_Retention-1.webp\" alt=\"Retenci\u00f3n \u00f3ptima\" width=\"425\" height=\"305\" srcset=\"https:\/\/www.omnitrack.com\/wp-content\/uploads\/2023\/03\/K_C_Clips_Optimal_Retention-1.webp 425w, https:\/\/www.omnitrack.com\/wp-content\/uploads\/2023\/03\/K_C_Clips_Optimal_Retention-1-300x215.webp 300w\" sizes=\"auto, (max-width: 425px) 100vw, 425px\" \/><\/div>\n<\/div>\n<div class=\"row mb-3 align-items-center\">\n<div class=\"col\">\n<ol class=\"fontSize-4\">\n<li>Encajar el clip en el orificio de montaje.<\/li>\n<li>Empuje la unidad de bola a trav\u00e9s del clip.<\/li>\n<li>Las etiquetas perif\u00e9ricas se expanden y agarran la unidad de bola.<\/li>\n<\/ol>\n<\/div>\n<\/div>\n<div class=\"row mb-3 align-items-center\">\n<div class=\"col border-end text-center\"><img loading=\"lazy\" decoding=\"async\" class=\"img-fluid alignnone wp-image-79722 size-full\" src=\"https:\/\/www.omnitrack.com\/wp-content\/uploads\/2023\/03\/C_Clip-1.webp\" alt=\"Diagrama del clip\" width=\"199\" height=\"99\"><br \/><strong class=\"d-block pt-2\">K-clip Acero<\/strong><\/div>\n<div class=\"col text-center\"><img loading=\"lazy\" decoding=\"async\" class=\"img-fluid alignnone wp-image-79722 size-full\" src=\"https:\/\/www.omnitrack.com\/wp-content\/uploads\/2023\/03\/C_Clip-1.webp\" alt=\"Diagrama del clip\" width=\"199\" height=\"99\"><br \/><strong class=\"d-block pt-2\">Clip de acero tipo C<\/strong><\/div>\n<\/div>\n<div class=\"row align-items-center\">\n<div class=\"col-4\"><img loading=\"lazy\" decoding=\"async\" class=\"img-fluid alignnone wp-image-79723 size-full\" src=\"https:\/\/www.omnitrack.com\/wp-content\/uploads\/2023\/03\/Clip_B-1.webp\" alt=\"Diagrama del clip\" width=\"116\" height=\"61\"><\/div>\n<div class=\"col-8\"><strong>Otros clips disponibles.<\/strong><\/div>\n<\/div>\n<\/div>\n<\/div>\n<\/div>\n<\/section>\n<div class=\"row cpn-section\">\n<div class=\"col\">\n<hr \/>\n<\/div>\n<\/div>\n<section id=\"tolerance-rings-one\" class=\"row cpn-section pb-5\"><div class=\"col\">\n<div class=\"row\">\n<h2>Anillos de tolerancia<\/h2>\n<ul class=\"fontSize-4 fontSize-md-3 list-check mb-4\">\n<li>Compensan las posibles diferencias entre el orificio y el di\u00e1metro de la pieza<\/li>\n<li>Ideal cuando s\u00f3lo se puede acceder por un lado a la superficie de montaje.<\/li>\n<\/ul>\n<\/div>\n<div class=\"row\">\n<div class=\"col-12 col-md-9 mb-4\">[omni_render_table_tolerance_ring class-container=\u00bbtable-no-scroll table-mobi\u00bb]<\/div>\n<div class=\"col-12 col-md-3 text-center\"><img loading=\"lazy\" decoding=\"async\" class=\"img-fluid alignnone wp-image-79736 size-medium\" src=\"https:\/\/www.omnitrack.com\/wp-content\/uploads\/2023\/03\/9040_Glass_4-300x229.webp\" alt=\"Unidad de bola de transferencia\" width=\"300\" height=\"229\" srcset=\"https:\/\/www.omnitrack.com\/wp-content\/uploads\/2023\/03\/9040_Glass_4-300x229.webp 300w, https:\/\/www.omnitrack.com\/wp-content\/uploads\/2023\/03\/9040_Glass_4.webp 314w\" sizes=\"auto, (max-width: 300px) 100vw, 300px\" \/> <img loading=\"lazy\" decoding=\"async\" class=\"img-fluid alignnone wp-image-79737 size-full\" src=\"https:\/\/www.omnitrack.com\/wp-content\/uploads\/2023\/03\/Tolerance_Ring_2_1.webp\" alt=\"Anillo de tolerancia\" width=\"284\" height=\"240\"><\/div>\n<\/div>\n<\/div>\n<\/section>\n<section id=\"cant-find\" class=\"row cpn-section py-5 two justify-content-between\"><div class=\"col-12 col-sm-6 col-lg-7 py-lg-4 pe-lg-5\">\n<h3 class=\"fontSize-2 fontSize-md-1\">\u00bfNo encuentra lo que busca?<\/h3>\n<p class=\"fontSize-4\">Intente buscar por palabras clave, n\u00fameros de pieza, carga, tipos de fijaci\u00f3n.<\/p>\n<div class=\"input-group\"><form class=\"form-search\"><div class=\"input-group\">  <input type=\"text\" name=\"s\" class=\"form-control field\" placeholder=\"Buscar referencia\">  <input type=\"hidden\" name=\"post-type\" value=\"product\"><\/div><\/form><\/div>\n<\/div>\n<div class=\"col-12 col-sm-6 col-lg-5 py-lg-4 pt-4 pt-sm-0\">\n<h3 class=\"fontSize-2 fontSize-md-1\">Free technical advice<\/h3>\n<p class=\"fontSize-4\">Phone: <b><a href=\"tel:+34911984543\">+34 911 984 543<br \/><\/a><\/b><\/p>\n<p class=\"fontSize-4\">Email: <b><a href=\"mailto:info@omnitrack.com\">info@omnitrack.com<\/a><\/b><\/p>\n<div class=\"mt-4\"> <a class=\"btn-ot green me-2 mb-3 mb-md-0 w100-mobile\" href=\"https:\/\/wa.me\/447759128207\" target=\"_blank\" rel=\"noopener\"><img decoding=\"async\" loading=\"lazy\" src=\"https:\/\/www.omnitrack.com\/wp-content\/themes\/omnitrack2023\/images\/icon-whatsapp.svg\"  alt=\"WhatsApp Omnitrack\"  \/> WhatsApp<\/a> <a class=\"btn-ot w100-mobile\" href=\"https:\/\/calendly.com\/omnitrack\/15min\" target=\"_blank\" rel=\"noopener\"><img decoding=\"async\" loading=\"lazy\" src=\"https:\/\/www.omnitrack.com\/wp-content\/themes\/omnitrack2023\/images\/icon-schedule.svg\"  alt=\"Agendar una llamada con Omnitrack\"  \/> Agendar una llamada<\/a><\/div>\n<\/div>\n<\/section>\n","protected":false},"excerpt":{"rendered":"<p>[omni_render_table class-container=\u00bbtable-scroll table-mobi\u00bb] Considere tambi\u00e9n Las bolas transportadoras de media capacidad est\u00e1n mecanizadas en acero macizo y cementadas para resistir el desgaste. La tapa superior de acero mecanizado reforzado protege contra impactos por desalineaci\u00f3n del elemento transportado. Lubricadas de por vida y zincadas para resistir la corrosi\u00f3n. Materiales est\u00e1ndar: cuerpo y tapa AISI 1015, bolas [&hellip;]<\/p>\n","protected":false},"author":7,"featured_media":0,"parent":95505,"menu_order":0,"comment_status":"closed","ping_status":"closed","template":"page-series-medium-duty-clips-tolerance-rings.php","meta":{"inline_featured_image":false,"footnotes":""},"class_list":["post-95525","page","type-page","status-publish","hentry"],"acf":[],"_links":{"self":[{"href":"https:\/\/www.omnitrack.com\/es\/wp-json\/wp\/v2\/pages\/95525","targetHints":{"allow":["GET"]}}],"collection":[{"href":"https:\/\/www.omnitrack.com\/es\/wp-json\/wp\/v2\/pages"}],"about":[{"href":"https:\/\/www.omnitrack.com\/es\/wp-json\/wp\/v2\/types\/page"}],"author":[{"embeddable":true,"href":"https:\/\/www.omnitrack.com\/es\/wp-json\/wp\/v2\/users\/7"}],"replies":[{"embeddable":true,"href":"https:\/\/www.omnitrack.com\/es\/wp-json\/wp\/v2\/comments?post=95525"}],"version-history":[{"count":4,"href":"https:\/\/www.omnitrack.com\/es\/wp-json\/wp\/v2\/pages\/95525\/revisions"}],"predecessor-version":[{"id":105069,"href":"https:\/\/www.omnitrack.com\/es\/wp-json\/wp\/v2\/pages\/95525\/revisions\/105069"}],"up":[{"embeddable":true,"href":"https:\/\/www.omnitrack.com\/es\/wp-json\/wp\/v2\/pages\/95505"}],"wp:attachment":[{"href":"https:\/\/www.omnitrack.com\/es\/wp-json\/wp\/v2\/media?parent=95525"}],"curies":[{"name":"wp","href":"https:\/\/api.w.org\/{rel}","templated":true}]}}