{"id":95518,"date":"2023-01-26T12:51:31","date_gmt":"2023-01-26T12:51:31","guid":{"rendered":"https:\/\/www.omnitrack.com\/ball-transfer-units\/light-duty\/lf-series-flange-mounted\/"},"modified":"2024-08-15T01:46:24","modified_gmt":"2024-08-15T01:46:24","slug":"serie-lf-unidades-de-transferencia-de-bolas-con-brida","status":"publish","type":"page","link":"https:\/\/www.omnitrack.com\/es\/bolas-transportadoras\/baja-capacidad\/serie-lf-unidades-de-transferencia-de-bolas-con-brida\/","title":{"rendered":"Serie LF \u2013 Unidades de transferencia de bolas con brida"},"content":{"rendered":"<section id=\"product-presentation-one\" class=\"row cpn-section\">\n<div class=\"col\">\n<header class=\"row\">    <div class=\"col\">        <nav id=\"breadcrumb\">                    <\/nav>        <h1 class=\"fontSize-1\">Serie LF \u2013 Unidades de transferencia de bolas con brida<\/h1>    <\/div>    <\/header>\n<div class=\"row list-images image-sizes\" data-material=\"ST_material\">\n<div class=\"col-auto col-md col-xxl-4\">\n<div class=\"img-default\"><img loading=\"lazy\" decoding=\"async\" class=\"alignnone wp-image-79812 size-full\" src=\"https:\/\/www.omnitrack.com\/wp-content\/uploads\/2023\/03\/LF-series-medium-duty-ball-transfer-units-1.webp\" alt=\"Serie LF\" width=\"400\" height=\"400\" data-fullsrc=\"\" srcset=\"https:\/\/www.omnitrack.com\/wp-content\/uploads\/2023\/03\/LF-series-medium-duty-ball-transfer-units-1.webp 400w, https:\/\/www.omnitrack.com\/wp-content\/uploads\/2023\/03\/LF-series-medium-duty-ball-transfer-units-1-300x300.webp 300w, https:\/\/www.omnitrack.com\/wp-content\/uploads\/2023\/03\/LF-series-medium-duty-ball-transfer-units-1-150x150.webp 150w, https:\/\/www.omnitrack.com\/wp-content\/uploads\/2023\/03\/LF-series-medium-duty-ball-transfer-units-1-100x100.webp 100w\" sizes=\"auto, (max-width: 400px) 100vw, 400px\" \/><\/div>\n<\/div>\n<div class=\"col-auto col-md col-xxl-4\">\n<div><img loading=\"lazy\" decoding=\"async\" class=\"alignnone wp-image-80483 size-full\" src=\"https:\/\/www.omnitrack.com\/wp-content\/uploads\/2023\/04\/Diagram-LF-series-medium-duty-ball-transfer-units.webp\" alt=\"Serie LF\" width=\"600\" height=\"600\" data-fullsrc=\"\" srcset=\"https:\/\/www.omnitrack.com\/wp-content\/uploads\/2023\/04\/Diagram-LF-series-medium-duty-ball-transfer-units.webp 600w, https:\/\/www.omnitrack.com\/wp-content\/uploads\/2023\/04\/Diagram-LF-series-medium-duty-ball-transfer-units-300x300.webp 300w, https:\/\/www.omnitrack.com\/wp-content\/uploads\/2023\/04\/Diagram-LF-series-medium-duty-ball-transfer-units-150x150.webp 150w, https:\/\/www.omnitrack.com\/wp-content\/uploads\/2023\/04\/Diagram-LF-series-medium-duty-ball-transfer-units-100x100.webp 100w\" sizes=\"auto, (max-width: 600px) 100vw, 600px\" \/><\/div>\n<\/div>\n<\/div>\n<\/div>\n<div class=\"col sidebar-cpn\">\n<div class=\"row\">\n<div class=\"col\"><div class=\"box-material-upgrade\">        <div class=\"form-check ps-0\">        <div class=\"d-flex flex-row justify-content-between align-items-center\">            <label class=\"form-check-label pe-2\" for=\"materialUpgrade1\" style=\"width:calc(100% - 1.5rem)\" title=\"Bolas de acero al carbono, tapa interna cementada y prensados zincados.\">                <span class=\"fontSize-6\"><b>Materiales est\u00e1ndar<\/b> - Bolas de acero al carbono, tapa interna cementada y prensados zincados.<\/span>            <\/label>            <input class=\"form-check-input inputCheck\" type=\"radio\" name=\"materialUpgrade\" id=\"materialUpgrade1\" checked=\"checked\" value=\"ST_material\">        <\/div>        <h4 class=\"fontSize-3 my-3\">Opciones de mejora del material:<\/h4>        <div class=\"box-input-material-upgrade mb-2 d-flex flex-row justify-content-between\">            <label class=\"form-check-label pe-2\" for=\"materialUpgrade2\" style=\"width:calc(100% - 1.5rem)\"  title=\"Bolas de acero inoxidable, prensados zincados.\">                <span class=\"material material-A\">Bolas de acero inoxidable<\/span>            <\/label>            <input class=\"form-check-input inputCheck\" type=\"radio\" name=\"materialUpgrade\" id=\"materialUpgrade2\"  value=\"A_material\">        <\/div>        <div class=\"box-input-material-upgrade mb-2 d-flex flex-row justify-content-between\">            <label class=\"form-check-label pe-2\" for=\"materialUpgrade4\" style=\"width:calc(100% - 1.5rem)\" title=\"Bolas de acero inoxidable y prensados.\">                <span class=\"material material-SS\">Todas las piezas de acero inoxidable<\/span>            <\/label>            <input class=\"form-check-input inputCheck\" type=\"radio\" name=\"materialUpgrade\" id=\"materialUpgrade4\" value=\"SS_material\">        <\/div>        <div class=\"box-input-material-upgrade d-flex flex-row justify-content-between\">            <label class=\"form-check-label pe-2\" for=\"materialUpgrade5\" style=\"width:calc(100% - 1.5rem)\" title=\"Bola de carga de nailon, prensados \u200b\u200bzincados.\">                <span class=\"material material-D\">Bola principal de nailon<\/span>            <\/label>            <input class=\"form-check-input inputCheck\" type=\"radio\" name=\"materialUpgrade\" id=\"materialUpgrade5\"  value=\"D_material\">        <\/div>    <\/div><\/div><\/div>\n<\/div>\n<\/div>\n<\/section>\n<section id=\"part-table-one\" class=\"row cpn-section pb-4\">\n<div class=\"col\"><div class=\"switcher mt-3 mt-md-0 mx-2 me-sm-0 ms-sm-5\">    <div class=\"switcher-title\"><b>Medidas del interruptor:<\/b> <\/span><\/div>    <button class=\"toggle-unit\" type=\"button\"><span class=\"switch-metric\">M\u00e9trico (mm\/kg)<\/span><span class=\"switch\"><\/span><span class=\"switch-imperial\">Imperial (pulgadas\/lb)<\/span><\/button><\/div> [omni_render_table class-container=\u00bbtable-scroll table-mobi\u00bb]<\/div>\n<\/section>\n<section id=\"also-consider\" class=\"row cpn-section\">\n<div class=\"col\">\n<div>\n<h2>Considere tambi\u00e9n<\/h2>\n<div>\t<div class=\"omni-slider omni-carousel\" >\t<ul class=\"omni-slider-track\"><li>    <a href=\"https:\/\/www.omnitrack.com\/es\/ball-transfer-units\/light-duty\/l-series-push-fit-clip-fixing-range\/\"><img loading=\"lazy\" decoding=\"async\" width=\"150\" height=\"150\" src=\"https:\/\/www.omnitrack.com\/wp-content\/uploads\/2023\/03\/L.webp\" class=\"img-fluid\" alt=\"all plastic and clip fixing range diagram\" srcset=\"https:\/\/www.omnitrack.com\/wp-content\/uploads\/2023\/03\/L.webp 800w, https:\/\/www.omnitrack.com\/wp-content\/uploads\/2023\/03\/L-300x300.webp 300w, https:\/\/www.omnitrack.com\/wp-content\/uploads\/2023\/03\/L-150x150.webp 150w, https:\/\/www.omnitrack.com\/wp-content\/uploads\/2023\/03\/L-768x768.webp 768w, https:\/\/www.omnitrack.com\/wp-content\/uploads\/2023\/03\/L-600x600.webp 600w, https:\/\/www.omnitrack.com\/wp-content\/uploads\/2023\/03\/L-100x100.webp 100w\" sizes=\"auto, (max-width: 150px) 100vw, 150px\" \/><h3>Serie L<\/h3><\/a><\/li><li>    <a href=\"https:\/\/www.omnitrack.com\/es\/ball-transfer-units\/light-duty\/ld-series-saturn-type\/\"><img loading=\"lazy\" decoding=\"async\" width=\"150\" height=\"150\" src=\"https:\/\/www.omnitrack.com\/wp-content\/uploads\/2023\/03\/LD_3.webp\" class=\"img-fluid\" alt=\"saturn type ball transfer unit\" srcset=\"https:\/\/www.omnitrack.com\/wp-content\/uploads\/2023\/03\/LD_3.webp 800w, https:\/\/www.omnitrack.com\/wp-content\/uploads\/2023\/03\/LD_3-300x300.webp 300w, https:\/\/www.omnitrack.com\/wp-content\/uploads\/2023\/03\/LD_3-150x150.webp 150w, https:\/\/www.omnitrack.com\/wp-content\/uploads\/2023\/03\/LD_3-768x768.webp 768w, https:\/\/www.omnitrack.com\/wp-content\/uploads\/2023\/03\/LD_3-600x600.webp 600w, https:\/\/www.omnitrack.com\/wp-content\/uploads\/2023\/03\/LD_3-100x100.webp 100w\" sizes=\"auto, (max-width: 150px) 100vw, 150px\" \/><h3>Serie LD<\/h3><\/a><\/li><li>    <a href=\"https:\/\/www.omnitrack.com\/es\/ball-transfer-units\/light-duty\/lm-series-cased-spring-loaded\/\"><img loading=\"lazy\" decoding=\"async\" width=\"150\" height=\"150\" src=\"https:\/\/www.omnitrack.com\/wp-content\/uploads\/2023\/03\/LM.webp\" class=\"img-fluid\" alt=\"light duty ball transfer\" srcset=\"https:\/\/www.omnitrack.com\/wp-content\/uploads\/2023\/03\/LM.webp 800w, https:\/\/www.omnitrack.com\/wp-content\/uploads\/2023\/03\/LM-300x300.webp 300w, https:\/\/www.omnitrack.com\/wp-content\/uploads\/2023\/03\/LM-150x150.webp 150w, https:\/\/www.omnitrack.com\/wp-content\/uploads\/2023\/03\/LM-768x768.webp 768w, https:\/\/www.omnitrack.com\/wp-content\/uploads\/2023\/03\/LM-600x600.webp 600w, https:\/\/www.omnitrack.com\/wp-content\/uploads\/2023\/03\/LM-100x100.webp 100w\" sizes=\"auto, (max-width: 150px) 100vw, 150px\" \/><h3>Serie LM<\/h3><\/a><\/li><li>    <a href=\"https:\/\/www.omnitrack.com\/es\/ball-transfer-units\/light-duty\/lp-series-all-plastic-clip-fixing-range\/\"><img loading=\"lazy\" decoding=\"async\" width=\"150\" height=\"150\" src=\"https:\/\/www.omnitrack.com\/wp-content\/uploads\/2023\/03\/LP.webp\" class=\"img-fluid\" alt=\"all plastic and clip fixing range diagram\" srcset=\"https:\/\/www.omnitrack.com\/wp-content\/uploads\/2023\/03\/LP.webp 800w, https:\/\/www.omnitrack.com\/wp-content\/uploads\/2023\/03\/LP-300x300.webp 300w, https:\/\/www.omnitrack.com\/wp-content\/uploads\/2023\/03\/LP-150x150.webp 150w, https:\/\/www.omnitrack.com\/wp-content\/uploads\/2023\/03\/LP-768x768.webp 768w, https:\/\/www.omnitrack.com\/wp-content\/uploads\/2023\/03\/LP-600x600.webp 600w, https:\/\/www.omnitrack.com\/wp-content\/uploads\/2023\/03\/LP-100x100.webp 100w\" sizes=\"auto, (max-width: 150px) 100vw, 150px\" \/><h3>Serie LP<\/h3><\/a><\/li><li>    <a href=\"https:\/\/www.omnitrack.com\/es\/ball-transfer-units\/pneumatic-ball-transfers\/\"><img loading=\"lazy\" decoding=\"async\" width=\"140\" height=\"140\" src=\"https:\/\/www.omnitrack.com\/wp-content\/uploads\/2023\/03\/Pneumatics.webp\" class=\"img-fluid\" alt=\"pneumatics\" srcset=\"https:\/\/www.omnitrack.com\/wp-content\/uploads\/2023\/03\/Pneumatics.webp 140w, https:\/\/www.omnitrack.com\/wp-content\/uploads\/2023\/03\/Pneumatics-100x100.webp 100w\" sizes=\"auto, (max-width: 140px) 100vw, 140px\" \/><h3>Neum\u00e1tica<\/h3><\/a><\/li><li>    <a href=\"https:\/\/www.omnitrack.com\/es\/ball-transfer-units\/pneumatic-rails\/\"><img loading=\"lazy\" decoding=\"async\" width=\"150\" height=\"150\" src=\"https:\/\/www.omnitrack.com\/wp-content\/uploads\/2023\/03\/Pneumatic_Rails.webp\" class=\"img-fluid\" alt=\"pneumatic rails\" srcset=\"https:\/\/www.omnitrack.com\/wp-content\/uploads\/2023\/03\/Pneumatic_Rails.webp 420w, https:\/\/www.omnitrack.com\/wp-content\/uploads\/2023\/03\/Pneumatic_Rails-300x300.webp 300w, https:\/\/www.omnitrack.com\/wp-content\/uploads\/2023\/03\/Pneumatic_Rails-150x150.webp 150w, https:\/\/www.omnitrack.com\/wp-content\/uploads\/2023\/03\/Pneumatic_Rails-100x100.webp 100w\" sizes=\"auto, (max-width: 150px) 100vw, 150px\" \/><h3>Carriles de bolas<\/h3><\/a><\/li>\t<\/ul><div class=\"omni-slider-controls\"><button class=\"omni-slider-prev\"><img src=\"https:\/\/www.omnitrack.com\/wp-content\/themes\/omnitrack2023\/images\/icon-arrow-blue-left.svg\" alt=\"Arrow left icon\" decoding=\"async\" loading=\"lazy\" alt=\"Arrow left icon\"><\/button> <button class=\"omni-slider-next\"><img src=\"https:\/\/www.omnitrack.com\/wp-content\/themes\/omnitrack2023\/images\/icon-arrow-blue-right.svg\" decoding=\"async\" loading=\"lazy\" alt=\"Arrow right icon\"><\/button><\/div><\/div><\/div>\n<\/div>\n<\/div>\n<\/section>\n<div class=\"row cpn-section\">\n<div class=\"col\">\n<hr \/>\n<\/div>\n<\/div>\n<section id=\"icons-grid-one\" class=\"row cpn-section pb-5\">\n<div class=\"col-12 col-sm-5 col-xl-6 col-xxl-7 fontSize-4 mb-3\">\n<p>Unidades de alto perfil, montadas en superficie con reborde de fijaci\u00f3n. Construcci\u00f3n de acero prensado con 2 o 4 puntos de fijaci\u00f3n. Las unidades LF26 incorporan 2 ranuras en lugar de orificios para adaptarse a diferentes centros de fijaci\u00f3n<\/p>\n<p>(55,9 mm &#8211; 60,3 mm). Las unidades LF cuentan con un orificio de drenaje de residuos. Los modelos LF25 y LF38 no tienen junta de fieltro.<\/p>\n<\/div>\n<div class=\"col-12 col-sm-7 col-xl-6 col-xxl-5\"><div class=\"grid-wrap\">\n<div class=\"row g-2 g-sm-3 mb-2 mb-sm-3\">\n<div class=\"col-4\">\n<div class=\"grid-item\"><img decoding=\"async\" loading=\"lazy\" src=\"https:\/\/www.omnitrack.com\/wp-content\/themes\/omnitrack2023\/images\/icon-low-friction.svg\" class=\"ico-icons-grid\" alt=\"Baja fricci\u00f3n\"  \/> Baja fricci\u00f3n<br \/>1 : 0,03<\/div>\n<\/div>\n<div class=\"col-4\">\n<div class=\"grid-item\"><img decoding=\"async\" loading=\"lazy\" src=\"https:\/\/www.omnitrack.com\/wp-content\/themes\/omnitrack2023\/images\/icon-speed.svg\" class=\"ico-icons-grid\" alt=\"Velocidad\"  \/> Velocidad<br \/>1m\/sec <small><\/small><\/div>\n<\/div>\n<div class=\"col-4\">\n<div class=\"grid-item\"><img decoding=\"async\" loading=\"lazy\" src=\"https:\/\/www.omnitrack.com\/wp-content\/themes\/omnitrack2023\/images\/icon-temperature.svg\" class=\"ico-icons-grid\" alt=\"Temperatura\"  \/> Temperatura<br \/>-20\/+80\u00baC <small><\/small><\/div>\n<\/div>\n<\/div>\n<div class=\"row g-2 g-sm-3\">\n<div class=\"col-4\">\n<div class=\"grid-item\">\n<div><img decoding=\"async\" loading=\"lazy\" src=\"https:\/\/www.omnitrack.com\/wp-content\/themes\/omnitrack2023\/images\/icon-orientation-horizontal-up.webp\" class=\"ico-icons-grid\" alt=\"Orientaci\u00f3n Horizontal \/ Arriba\"  \/><\/div>\n<p>Orientaci\u00f3n Horizontal \/ Arriba <small><\/small><\/p>\n<\/div>\n<\/div>\n<div class=\"col-4\">\n<div class=\"grid-item\"><img decoding=\"async\" loading=\"lazy\" src=\"https:\/\/www.omnitrack.com\/wp-content\/themes\/omnitrack2023\/images\/icon-economy-value.svg\" class=\"ico-icons-grid\" alt=\"Econom\u00eda y valor\"  \/> Econom\u00eda y valor <small><\/small><\/div>\n<\/div>\n<\/div>\n<\/div>\n<\/div>\n<\/section>\n<section id=\"similiar-one\" class=\"row cpn-section pt-5 bg-lilac\"><div class=\"col\">\n<div class=\"pb-4\">\n<h2>Modelos Alta Capacidad similares:<\/h2>\n<p><!--div>[ omni_render_carousel acf=\"similar_heavy_duty_models\"]<\/div--><\/p>\n<div>\t<div class=\"omni-slider omni-carousel carousel-similar-models\" >\t<ul class=\"omni-slider-track\"><li>    <a href=\"https:\/\/www.omnitrack.com\/es\/bolas-transportadoras\/bolas-transportadoras-de-alta-capacidad\/serie-82-y-92-unidades-de-transferencia-de-bolas-con-brida\/\"><img loading=\"lazy\" decoding=\"async\" width=\"150\" height=\"150\" src=\"https:\/\/www.omnitrack.com\/wp-content\/uploads\/2023\/03\/92.webp\" class=\"img-fluid\" alt=\"flange mounted\" srcset=\"https:\/\/www.omnitrack.com\/wp-content\/uploads\/2023\/03\/92.webp 800w, https:\/\/www.omnitrack.com\/wp-content\/uploads\/2023\/03\/92-300x300.webp 300w, https:\/\/www.omnitrack.com\/wp-content\/uploads\/2023\/03\/92-150x150.webp 150w, https:\/\/www.omnitrack.com\/wp-content\/uploads\/2023\/03\/92-768x768.webp 768w, https:\/\/www.omnitrack.com\/wp-content\/uploads\/2023\/03\/92-600x600.webp 600w, https:\/\/www.omnitrack.com\/wp-content\/uploads\/2023\/03\/92-100x100.webp 100w\" sizes=\"auto, (max-width: 150px) 100vw, 150px\" \/><h3>9221<\/h3><\/a><\/li><li>    <a href=\"https:\/\/www.omnitrack.com\/es\/bolas-transportadoras\/media-capacidad\/serie-msp-unidades-de-transferencia-de-bolas-con-racor\/\"><img loading=\"lazy\" decoding=\"async\" width=\"150\" height=\"150\" src=\"https:\/\/www.omnitrack.com\/wp-content\/uploads\/2023\/03\/MSP.webp\" class=\"img-fluid\" alt=\"bolt fitting\" srcset=\"https:\/\/www.omnitrack.com\/wp-content\/uploads\/2023\/03\/MSP.webp 800w, https:\/\/www.omnitrack.com\/wp-content\/uploads\/2023\/03\/MSP-300x300.webp 300w, https:\/\/www.omnitrack.com\/wp-content\/uploads\/2023\/03\/MSP-150x150.webp 150w, https:\/\/www.omnitrack.com\/wp-content\/uploads\/2023\/03\/MSP-768x768.webp 768w, https:\/\/www.omnitrack.com\/wp-content\/uploads\/2023\/03\/MSP-600x600.webp 600w, https:\/\/www.omnitrack.com\/wp-content\/uploads\/2023\/03\/MSP-100x100.webp 100w\" sizes=\"auto, (max-width: 150px) 100vw, 150px\" \/><h3>MSP22<\/h3><\/a><\/li><li>    <a href=\"https:\/\/www.omnitrack.com\/es\/bolas-transportadoras\/bolas-transportadoras-de-alta-capacidad\/serie-80-y-90-unidades-de-transferencia-de-bola-de-ajuste-a-presion\/\"><img loading=\"lazy\" decoding=\"async\" width=\"150\" height=\"150\" src=\"https:\/\/www.omnitrack.com\/wp-content\/uploads\/2023\/03\/90-full.webp\" class=\"img-fluid\" alt=\"Transfer Unit\" srcset=\"https:\/\/www.omnitrack.com\/wp-content\/uploads\/2023\/03\/90-full.webp 800w, https:\/\/www.omnitrack.com\/wp-content\/uploads\/2023\/03\/90-full-300x300.webp 300w, https:\/\/www.omnitrack.com\/wp-content\/uploads\/2023\/03\/90-full-150x150.webp 150w, https:\/\/www.omnitrack.com\/wp-content\/uploads\/2023\/03\/90-full-768x768.webp 768w, https:\/\/www.omnitrack.com\/wp-content\/uploads\/2023\/03\/90-full-600x600.webp 600w, https:\/\/www.omnitrack.com\/wp-content\/uploads\/2023\/03\/90-full-100x100.webp 100w\" sizes=\"auto, (max-width: 150px) 100vw, 150px\" \/><h3>8040<\/h3><\/a><\/li><li>    <a href=\"https:\/\/www.omnitrack.com\/es\/bolas-transportadoras\/bolas-transportadoras-de-alta-capacidad\/serie-81-y-91-unidades-de-transferencia-de-bolas-con-esparrago-roscado\/\"><img loading=\"lazy\" decoding=\"async\" width=\"150\" height=\"150\" src=\"https:\/\/www.omnitrack.com\/wp-content\/uploads\/2023\/03\/8120_8130_8140.webp\" class=\"img-fluid\" alt=\"threaded stud\" srcset=\"https:\/\/www.omnitrack.com\/wp-content\/uploads\/2023\/03\/8120_8130_8140.webp 800w, https:\/\/www.omnitrack.com\/wp-content\/uploads\/2023\/03\/8120_8130_8140-300x300.webp 300w, https:\/\/www.omnitrack.com\/wp-content\/uploads\/2023\/03\/8120_8130_8140-150x150.webp 150w, https:\/\/www.omnitrack.com\/wp-content\/uploads\/2023\/03\/8120_8130_8140-768x768.webp 768w, https:\/\/www.omnitrack.com\/wp-content\/uploads\/2023\/03\/8120_8130_8140-600x600.webp 600w, https:\/\/www.omnitrack.com\/wp-content\/uploads\/2023\/03\/8120_8130_8140-100x100.webp 100w\" sizes=\"auto, (max-width: 150px) 100vw, 150px\" \/><h3>8140<\/h3><\/a><\/li><li>    <a href=\"https:\/\/www.omnitrack.com\/es\/bolas-transportadoras\/media-capacidad\/serie-mf-unidades-de-transferencia-de-bolas-con-brida-inferior\/\"><img loading=\"lazy\" decoding=\"async\" width=\"150\" height=\"150\" src=\"https:\/\/www.omnitrack.com\/wp-content\/uploads\/2023\/03\/mf-series-medium-duty-ball-transfer-units.webp\" class=\"img-fluid\" alt=\"medium duty ball transfer units\" srcset=\"https:\/\/www.omnitrack.com\/wp-content\/uploads\/2023\/03\/mf-series-medium-duty-ball-transfer-units.webp 400w, https:\/\/www.omnitrack.com\/wp-content\/uploads\/2023\/03\/mf-series-medium-duty-ball-transfer-units-300x300.webp 300w, https:\/\/www.omnitrack.com\/wp-content\/uploads\/2023\/03\/mf-series-medium-duty-ball-transfer-units-150x150.webp 150w, https:\/\/www.omnitrack.com\/wp-content\/uploads\/2023\/03\/mf-series-medium-duty-ball-transfer-units-100x100.webp 100w\" sizes=\"auto, (max-width: 150px) 100vw, 150px\" \/><h3>MF22<\/h3><\/a><\/li><li>    <a href=\"https:\/\/www.omnitrack.com\/es\/bolas-transportadoras\/media-capacidad\/serie-m-unidades-de-transferencia-de-bola-de-ajuste-a-presion\/\"><img loading=\"lazy\" decoding=\"async\" width=\"150\" height=\"128\" src=\"https:\/\/www.omnitrack.com\/wp-content\/uploads\/2023\/03\/M.webp\" class=\"img-fluid\" alt=\"push fit diagrarm\" srcset=\"https:\/\/www.omnitrack.com\/wp-content\/uploads\/2023\/03\/M.webp 421w, https:\/\/www.omnitrack.com\/wp-content\/uploads\/2023\/03\/M-300x257.webp 300w\" sizes=\"auto, (max-width: 150px) 100vw, 150px\" \/><h3>M22<\/h3><\/a><\/li>\t<\/ul><div class=\"omni-slider-controls\"><button class=\"omni-slider-prev\"><img src=\"https:\/\/www.omnitrack.com\/wp-content\/themes\/omnitrack2023\/images\/icon-arrow-blue-left.svg\" alt=\"Arrow left icon\" decoding=\"async\" loading=\"lazy\" alt=\"Arrow left icon\"><\/button> <button class=\"omni-slider-next\"><img src=\"https:\/\/www.omnitrack.com\/wp-content\/themes\/omnitrack2023\/images\/icon-arrow-blue-right.svg\" decoding=\"async\" loading=\"lazy\" alt=\"Arrow right icon\"><\/button><\/div><\/div><\/div>\n<\/div>\n<div class=\"row\"><ul class=\"col-12 col-sm-6 col-lg-7 blue-bullet mb-3 mb-sm-0\">\n<li>M\u00e1xima capacidad en cualquier \u00e1ngulo de orientaci\u00f3n.<\/li>\n<li>Construcci\u00f3n mecanizada de precisi\u00f3n para trabajos pesados.<\/li>\n<li>Dise\u00f1o de &#8216;pista sin fin&#8217; \u2013 La mayor precisi\u00f3n.<\/li>\n<li>Kits de servicio y repuestos de f\u00e1brica desde 1954.<\/li>\n<\/ul>\n<div class=\"col-12 col-sm-6 col-lg-5\"><img loading=\"lazy\" decoding=\"async\" class=\"img-fluid alignnone wp-image-79745 size-full\" src=\"https:\/\/www.omnitrack.com\/wp-content\/uploads\/2024\/08\/2_year_warranty_es.webp\" alt=\"Logotipo de garant\u00eda de 2 a\u00f1os\" width=\"401\" height=\"190\" \/><br \/><small class=\"d-block mt-3\">Sujeto a condiciones de uso.<\/small><\/div>\n<\/div>\n<\/div>\n<\/section>\n<section id=\"cant-find\" class=\"row cpn-section pb-5 two justify-content-between\"><div class=\"col-12 col-sm-6 col-lg-7 py-lg-4 pe-lg-5\">\n<h3 class=\"fontSize-2 fontSize-md-1\">\u00bfNo encuentra lo que busca?<\/h3>\n<p class=\"fontSize-4\">Intente buscar por palabras clave, n\u00fameros de pieza, carga, tipos de fijaci\u00f3n.<\/p>\n<div class=\"input-group\"><form class=\"form-search\"><div class=\"input-group\">  <input type=\"text\" name=\"s\" class=\"form-control field\" placeholder=\"Buscar referencia\">  <input type=\"hidden\" name=\"post-type\" value=\"product\"><\/div><\/form><\/div>\n<\/div>\n<div class=\"col-12 col-sm-6 col-lg-5 py-lg-4 pt-4 pt-sm-0\">\n<h3 class=\"fontSize-2 fontSize-md-1\">Free technical advice<\/h3>\n<p class=\"fontSize-4\">Phone: <b><a href=\"tel:+34911984543\">+34 911 984 543<br \/><\/a><\/b><\/p>\n<p class=\"fontSize-4\">Email: <b><a href=\"mailto:info@omnitrack.com\">info@omnitrack.com<\/a><\/b><\/p>\n<div class=\"mt-4\"> <a class=\"btn-ot green me-2 mb-3 mb-md-0 w100-mobile\" href=\"https:\/\/wa.me\/447759128207\" target=\"_blank\" rel=\"noopener\"><img decoding=\"async\" loading=\"lazy\" src=\"https:\/\/www.omnitrack.com\/wp-content\/themes\/omnitrack2023\/images\/icon-whatsapp.svg\"  alt=\"WhatsApp Omnitrack\"  \/> WhatsApp<\/a> <a class=\"btn-ot w100-mobile\" href=\"https:\/\/calendly.com\/omnitrack\/15min\" target=\"_blank\" rel=\"noopener\"><img decoding=\"async\" loading=\"lazy\" src=\"https:\/\/www.omnitrack.com\/wp-content\/themes\/omnitrack2023\/images\/icon-schedule.svg\"  alt=\"Agendar una llamada con Omnitrack\"  \/> Agendar una llamada<\/a><\/div>\n<\/div>\n<\/section>\n","protected":false},"excerpt":{"rendered":"<p>[omni_render_table class-container=\u00bbtable-scroll table-mobi\u00bb] Considere tambi\u00e9n Unidades de alto perfil, montadas en superficie con reborde de fijaci\u00f3n. Construcci\u00f3n de acero prensado con 2 o 4 puntos de fijaci\u00f3n. Las unidades LF26 incorporan 2 ranuras en lugar de orificios para adaptarse a diferentes centros de fijaci\u00f3n (55,9 mm &#8211; 60,3 mm). Las unidades LF cuentan con un [&hellip;]<\/p>\n","protected":false},"author":7,"featured_media":0,"parent":95504,"menu_order":0,"comment_status":"closed","ping_status":"closed","template":"page-series-light-duty.php","meta":{"inline_featured_image":false,"footnotes":""},"class_list":["post-95518","page","type-page","status-publish","hentry"],"acf":[],"_links":{"self":[{"href":"https:\/\/www.omnitrack.com\/es\/wp-json\/wp\/v2\/pages\/95518","targetHints":{"allow":["GET"]}}],"collection":[{"href":"https:\/\/www.omnitrack.com\/es\/wp-json\/wp\/v2\/pages"}],"about":[{"href":"https:\/\/www.omnitrack.com\/es\/wp-json\/wp\/v2\/types\/page"}],"author":[{"embeddable":true,"href":"https:\/\/www.omnitrack.com\/es\/wp-json\/wp\/v2\/users\/7"}],"replies":[{"embeddable":true,"href":"https:\/\/www.omnitrack.com\/es\/wp-json\/wp\/v2\/comments?post=95518"}],"version-history":[{"count":3,"href":"https:\/\/www.omnitrack.com\/es\/wp-json\/wp\/v2\/pages\/95518\/revisions"}],"predecessor-version":[{"id":105096,"href":"https:\/\/www.omnitrack.com\/es\/wp-json\/wp\/v2\/pages\/95518\/revisions\/105096"}],"up":[{"embeddable":true,"href":"https:\/\/www.omnitrack.com\/es\/wp-json\/wp\/v2\/pages\/95504"}],"wp:attachment":[{"href":"https:\/\/www.omnitrack.com\/es\/wp-json\/wp\/v2\/media?parent=95518"}],"curies":[{"name":"wp","href":"https:\/\/api.w.org\/{rel}","templated":true}]}}