{"id":95515,"date":"2023-02-08T00:49:27","date_gmt":"2023-02-08T00:49:27","guid":{"rendered":"https:\/\/www.omnitrack.com\/ball-transfer-units\/spring-loaded-t-b-bars\/t-b-bars\/"},"modified":"2024-08-02T02:31:23","modified_gmt":"2024-08-02T02:31:23","slug":"barras-en-t-b","status":"publish","type":"page","link":"https:\/\/www.omnitrack.com\/es\/bolas-transportadoras\/barras-con-resorte-y-en-t-b\/barras-en-t-b\/","title":{"rendered":"Barras en T \/ B"},"content":{"rendered":"<section id=\"product-presentation-one\" class=\"row cpn-section\">\n<div class=\"col\"><header class=\"row\">    <div class=\"col\">        <nav id=\"breadcrumb\">                    <\/nav>        <h1 class=\"fontSize-1\">Barras en T \/ B<\/h1>    <\/div>    <\/header><\/p>\n<div class=\"row list-images image-sizes\" data-material=\"ST_material\">\n<div class=\"col col-xxl-4\">\n<div class=\"img-default\"><img loading=\"lazy\" decoding=\"async\" class=\"alignnone wp-image-80405 size-full\" src=\"https:\/\/www.omnitrack.com\/wp-content\/uploads\/2023\/04\/Diagram-T-Bar.webp\" alt=\"Barras en B\" width=\"600\" height=\"600\" data-fullsrc=\"\" srcset=\"https:\/\/www.omnitrack.com\/wp-content\/uploads\/2023\/04\/Diagram-T-Bar.webp 600w, https:\/\/www.omnitrack.com\/wp-content\/uploads\/2023\/04\/Diagram-T-Bar-300x300.webp 300w, https:\/\/www.omnitrack.com\/wp-content\/uploads\/2023\/04\/Diagram-T-Bar-150x150.webp 150w, https:\/\/www.omnitrack.com\/wp-content\/uploads\/2023\/04\/Diagram-T-Bar-100x100.webp 100w\" sizes=\"auto, (max-width: 600px) 100vw, 600px\" \/><\/div>\n<\/div>\n<div class=\"col col-xxl-4\">\n<div><img loading=\"lazy\" decoding=\"async\" class=\"img-fluid alignnone wp-image-80487 size-full\" src=\"https:\/\/www.omnitrack.com\/wp-content\/uploads\/2023\/04\/Diagram-B-Bar.webp\" alt=\"Barras en B\" width=\"600\" height=\"600\" data-fullsrc=\"\" srcset=\"https:\/\/www.omnitrack.com\/wp-content\/uploads\/2023\/04\/Diagram-B-Bar.webp 600w, https:\/\/www.omnitrack.com\/wp-content\/uploads\/2023\/04\/Diagram-B-Bar-300x300.webp 300w, https:\/\/www.omnitrack.com\/wp-content\/uploads\/2023\/04\/Diagram-B-Bar-150x150.webp 150w, https:\/\/www.omnitrack.com\/wp-content\/uploads\/2023\/04\/Diagram-B-Bar-100x100.webp 100w\" sizes=\"auto, (max-width: 600px) 100vw, 600px\" \/><\/div>\n<\/div>\n<\/div>\n<\/div>\n<div class=\"col sidebar-cpn\">\n<div class=\"row\">\n<div class=\"col\"><div class=\"box-material-upgrade\">        <div class=\"form-check ps-0\">                <div class=\"d-flex flex-row justify-content-between align-items-center\">            <label class=\"form-check-label pe-2\" for=\"materialUpgrade1\" style=\"width:calc(100% - 1.5rem)\" title=\"Bolas de acero de alto contenido en cromo AISI 52100 y carcasa de acero mecanizado con revestimiento electrofor\u00e9tico anti\u00f3xidante. Las piezas del mecanismo de resorte son de acero al carbono, independientemente de las opciones de mejora del material que se indican a continuaci\u00f3n.\">                <span class=\"fontSize-6\"><b>Materiales est\u00e1ndar<\/b> - Bolas de acero de alto contenido en cromo AISI 52100 y carcasa de acero mecanizado con revestimiento electrofor\u00e9tico anti\u00f3xidante. Las piezas del mecanismo de resorte son de acero al carbono, independientemente de las opciones de mejora del material que se indican a continuaci\u00f3n.<\/span>            <\/label>            <input class=\"form-check-input inputCheck\" type=\"radio\" name=\"materialUpgrade\" id=\"materialUpgrade1\" checked=\"checked\" value=\"ST_material\">        <\/div>        <h4 class=\"fontSize-3 my-3\">Opciones de mejora del material:<\/h4>        <div class=\"box-input-material-upgrade mb-2 d-flex flex-row justify-content-between\">            <label class=\"form-check-label pe-2\" for=\"materialUpgrade2\" style=\"width:calc(100% - 1.5rem)\"  title=\"Bolas de acero inoxidable AISI 440C, componentes internos de serie. Carcasa &#039;anti\u00f3xido&#039;. Capacidad de carga de serie y no se ve afectada.\">                <span class=\"material material-A\">Bolas de acero inoxidable<\/span>            <\/label>            <input class=\"form-check-input inputCheck\" type=\"radio\" name=\"materialUpgrade\" id=\"materialUpgrade2\"  value=\"A_material\">        <\/div>        <div class=\"box-input-material-upgrade mb-2 d-flex flex-row justify-content-between\">            <label class=\"form-check-label pe-2\" for=\"materialUpgrade3\" style=\"width:calc(100% - 1.5rem)\"  title=\"Bolas y componentes internos portantes de acero inoxidable AISI440C. Carcasa exterior &#039;anti\u00f3xido&#039;. La capacidad de carga es est\u00e1ndar y no se ve afectada.\" >                <span class=\"material material-Z\">Piezas internas de acero inoxidable<\/span>            <\/label>            <input class=\"form-check-input inputCheck\" type=\"radio\" name=\"materialUpgrade\" id=\"materialUpgrade3\"  value=\"Z_material\">        <\/div>        <div class=\"box-input-material-upgrade mb-2 d-flex flex-row justify-content-between\">            <label class=\"form-check-label pe-2\" for=\"materialUpgrade4\" style=\"width:calc(100% - 1.5rem)\" title=\"Bolas y componentes internos portantes de acero inoxidable AISI440C. Carcasa exterior de AISI 304. La capacidad de carga es est\u00e1ndar y no se ve afectada.\">                <span class=\"material material-SS\">Todas las piezas de acero inoxidable<\/span>            <\/label>            <input class=\"form-check-input inputCheck\" type=\"radio\" name=\"materialUpgrade\" id=\"materialUpgrade4\" value=\"SS_material\">        <\/div>            <\/div><\/div><\/div>\n<\/div>\n<\/div>\n<\/section>\n<section id=\"part-table-one\" class=\"row cpn-section pb-4\">\n<div class=\"col\"><div class=\"switcher mt-3 mt-md-0 mx-2 me-sm-0 ms-sm-5\">    <div class=\"switcher-title\"><b>Medidas del interruptor:<\/b> <\/span><\/div>    <button class=\"toggle-unit\" type=\"button\"><span class=\"switch-metric\">M\u00e9trico (mm\/kg)<\/span><span class=\"switch\"><\/span><span class=\"switch-imperial\">Imperial (pulgadas\/lb)<\/span><\/button><\/div> [omni_render_table class-container=\u00bbtable-scroll table-mobi\u00bb]<\/div>\n<\/section>\n<section id=\"also-consider\" class=\"row cpn-section\">\n<div class=\"col\">\n<div>\n<h2>Considere tambi\u00e9n<\/h2>\n<div>\t<div class=\"omni-slider omni-carousel\" >\t<ul class=\"omni-slider-track\"><li>    <a href=\"https:\/\/www.omnitrack.com\/es\/ball-transfer-units\/heavy-duty\/84-94-series-external-spring-loaded\/\"><img loading=\"lazy\" decoding=\"async\" width=\"150\" height=\"150\" src=\"https:\/\/www.omnitrack.com\/wp-content\/uploads\/2023\/03\/94.webp\" class=\"img-fluid\" alt=\"external spring loaded\" srcset=\"https:\/\/www.omnitrack.com\/wp-content\/uploads\/2023\/03\/94.webp 800w, https:\/\/www.omnitrack.com\/wp-content\/uploads\/2023\/03\/94-300x300.webp 300w, https:\/\/www.omnitrack.com\/wp-content\/uploads\/2023\/03\/94-150x150.webp 150w, https:\/\/www.omnitrack.com\/wp-content\/uploads\/2023\/03\/94-768x768.webp 768w, https:\/\/www.omnitrack.com\/wp-content\/uploads\/2023\/03\/94-600x600.webp 600w, https:\/\/www.omnitrack.com\/wp-content\/uploads\/2023\/03\/94-100x100.webp 100w\" sizes=\"auto, (max-width: 150px) 100vw, 150px\" \/><h3>Series 84 y 94<\/h3><\/a><\/li><li>    <a href=\"https:\/\/www.omnitrack.com\/es\/ball-transfer-units\/heavy-duty\/85-95-series-housed-spring-loaded\/\"><img loading=\"lazy\" decoding=\"async\" width=\"150\" height=\"150\" src=\"https:\/\/www.omnitrack.com\/wp-content\/uploads\/2023\/03\/95.webp\" class=\"img-fluid\" alt=\"housed spring loaded\" srcset=\"https:\/\/www.omnitrack.com\/wp-content\/uploads\/2023\/03\/95.webp 800w, https:\/\/www.omnitrack.com\/wp-content\/uploads\/2023\/03\/95-300x300.webp 300w, https:\/\/www.omnitrack.com\/wp-content\/uploads\/2023\/03\/95-150x150.webp 150w, https:\/\/www.omnitrack.com\/wp-content\/uploads\/2023\/03\/95-768x768.webp 768w, https:\/\/www.omnitrack.com\/wp-content\/uploads\/2023\/03\/95-600x600.webp 600w, https:\/\/www.omnitrack.com\/wp-content\/uploads\/2023\/03\/95-100x100.webp 100w\" sizes=\"auto, (max-width: 150px) 100vw, 150px\" \/><h3>Series 85 y 95<\/h3><\/a><\/li><li>    <a href=\"https:\/\/www.omnitrack.com\/es\/ball-transfer-units\/heavy-duty\/86-96-series-spring-loaded-flange-socket\/\"><img loading=\"lazy\" decoding=\"async\" width=\"150\" height=\"150\" src=\"https:\/\/www.omnitrack.com\/wp-content\/uploads\/2023\/03\/96.webp\" class=\"img-fluid\" alt=\"flange mounted spring loaded\" srcset=\"https:\/\/www.omnitrack.com\/wp-content\/uploads\/2023\/03\/96.webp 800w, https:\/\/www.omnitrack.com\/wp-content\/uploads\/2023\/03\/96-300x300.webp 300w, https:\/\/www.omnitrack.com\/wp-content\/uploads\/2023\/03\/96-150x150.webp 150w, https:\/\/www.omnitrack.com\/wp-content\/uploads\/2023\/03\/96-768x768.webp 768w, https:\/\/www.omnitrack.com\/wp-content\/uploads\/2023\/03\/96-600x600.webp 600w, https:\/\/www.omnitrack.com\/wp-content\/uploads\/2023\/03\/96-100x100.webp 100w\" sizes=\"auto, (max-width: 150px) 100vw, 150px\" \/><h3>Series 86 y 96<\/h3><\/a><\/li><li>    <a href=\"https:\/\/www.omnitrack.com\/es\/ball-transfer-units\/heavy-duty\/87-97-series-spring-loaded-flange-fixing\/\"><img loading=\"lazy\" decoding=\"async\" width=\"150\" height=\"150\" src=\"https:\/\/www.omnitrack.com\/wp-content\/uploads\/2023\/03\/97.webp\" class=\"img-fluid\" alt=\"flange mounted spring\" srcset=\"https:\/\/www.omnitrack.com\/wp-content\/uploads\/2023\/03\/97.webp 800w, https:\/\/www.omnitrack.com\/wp-content\/uploads\/2023\/03\/97-300x300.webp 300w, https:\/\/www.omnitrack.com\/wp-content\/uploads\/2023\/03\/97-150x150.webp 150w, https:\/\/www.omnitrack.com\/wp-content\/uploads\/2023\/03\/97-768x768.webp 768w, https:\/\/www.omnitrack.com\/wp-content\/uploads\/2023\/03\/97-600x600.webp 600w, https:\/\/www.omnitrack.com\/wp-content\/uploads\/2023\/03\/97-100x100.webp 100w\" sizes=\"auto, (max-width: 150px) 100vw, 150px\" \/><h3>Series 87 y 97<\/h3><\/a><\/li><li>    <a href=\"https:\/\/www.omnitrack.com\/es\/ball-transfer-units\/medium-duty\/mn-series-housed-spring-loaded\/\"><img loading=\"lazy\" decoding=\"async\" width=\"150\" height=\"150\" src=\"https:\/\/www.omnitrack.com\/wp-content\/uploads\/2023\/03\/MN.webp\" class=\"img-fluid\" alt=\"housed spring loaded\" srcset=\"https:\/\/www.omnitrack.com\/wp-content\/uploads\/2023\/03\/MN.webp 800w, https:\/\/www.omnitrack.com\/wp-content\/uploads\/2023\/03\/MN-300x300.webp 300w, https:\/\/www.omnitrack.com\/wp-content\/uploads\/2023\/03\/MN-150x150.webp 150w, https:\/\/www.omnitrack.com\/wp-content\/uploads\/2023\/03\/MN-768x768.webp 768w, https:\/\/www.omnitrack.com\/wp-content\/uploads\/2023\/03\/MN-600x600.webp 600w, https:\/\/www.omnitrack.com\/wp-content\/uploads\/2023\/03\/MN-100x100.webp 100w\" sizes=\"auto, (max-width: 150px) 100vw, 150px\" \/><h3>MN<\/h3><\/a><\/li><li>    <a href=\"https:\/\/www.omnitrack.com\/es\/ball-transfer-units\/pneumatic-ball-transfers\/\"><img loading=\"lazy\" decoding=\"async\" width=\"140\" height=\"140\" src=\"https:\/\/www.omnitrack.com\/wp-content\/uploads\/2023\/03\/Pneumatics.webp\" class=\"img-fluid\" alt=\"pneumatics\" srcset=\"https:\/\/www.omnitrack.com\/wp-content\/uploads\/2023\/03\/Pneumatics.webp 140w, https:\/\/www.omnitrack.com\/wp-content\/uploads\/2023\/03\/Pneumatics-100x100.webp 100w\" sizes=\"auto, (max-width: 140px) 100vw, 140px\" \/><h3>Neum\u00e1tica<\/h3><\/a><\/li>\t<\/ul><div class=\"omni-slider-controls\"><button class=\"omni-slider-prev\"><img src=\"https:\/\/www.omnitrack.com\/wp-content\/themes\/omnitrack2023\/images\/icon-arrow-blue-left.svg\" alt=\"Arrow left icon\" decoding=\"async\" loading=\"lazy\" alt=\"Arrow left icon\"><\/button> <button class=\"omni-slider-next\"><img src=\"https:\/\/www.omnitrack.com\/wp-content\/themes\/omnitrack2023\/images\/icon-arrow-blue-right.svg\" decoding=\"async\" loading=\"lazy\" alt=\"Arrow right icon\"><\/button><\/div><\/div><\/div>\n<\/div>\n<\/div>\n<\/section>\n<div class=\"row cpn-section\">\n<div class=\"col\">\n<hr \/>\n<\/div>\n<\/div>\n<section id=\"icons-grid-one\" class=\"row cpn-section\">\n<div class=\"col-12 col-sm-5 col-xl-6 col-xxl-5 fontSize-4 mb-3\">\n<p>Las Barras &#8216;T&#8217; y &#8216;B&#8217; incorporan <a href=\"https:\/\/www.omnitrack.com\/es\/bolas-transportadoras\/\">bolas transportadoras<\/a> con resorte de alta capacidad que posibilitan el posicionamiento preciso y el transporte sin esfuerzo de herramientas y troqueles en bancadas de prensas y m\u00e1quinas. Una vez posicionada, sujete la herramienta y los resortes permitir\u00e1n que las bolas transportadoras se retraigan debajo de la bancada. Desbloquee y las bolas transportadoras volver\u00e1n a sobresalir de la bancada y quedar\u00e1n listas para volver a transportar otro elemento. Las barras en T incorporan un mecanismo de bloqueo integral. Las barras B se bloquean mediante un tornillo de cabeza M8 (requiere taladrar y roscar la bancada). Pueden fabricarse en tama\u00f1os a medida.<\/p>\n<\/div>\n<div class=\"col-12 col-sm-7 col-xl-6 col-xxl-7\"><div class=\"grid-wrap\">\n<div class=\"row g-2 g-lg-3 mb-2 mb-lg-3\">\n<div class=\"col-12 col-sm-6\">\n<div class=\"grid-item double\"><img decoding=\"async\" loading=\"lazy\" src=\"https:\/\/www.omnitrack.com\/wp-content\/themes\/omnitrack2023\/images\/icon-maximum-load.svg\" class=\"ico-icons-grid\" alt=\"icon-maximum-load\"  \/>La capacidad de carga m\u00e1xima no se ve afectada en ninguna orientaci\u00f3n<small><\/small><\/div>\n<\/div>\n<div class=\"col-6 col-sm-3\">\n<div class=\"grid-item\">\n<div><img decoding=\"async\" loading=\"lazy\" src=\"https:\/\/www.omnitrack.com\/wp-content\/themes\/omnitrack2023\/images\/icon-uneven-loads.webp\" class=\"ico-icons-grid\" alt=\"Cargas desiguales\"  \/><\/div>\n<p>Cargas desiguales<small><\/small><\/p>\n<\/div>\n<\/div>\n<div class=\"col-6 col-sm-3\">\n<div class=\"grid-item\"><img decoding=\"async\" loading=\"lazy\" src=\"https:\/\/www.omnitrack.com\/wp-content\/themes\/omnitrack2023\/images\/icon-user-seviceble.svg\" class=\"ico-icons-grid\" alt=\"icon-user-seviceble\"  \/>Reacondicionamiento en fa\u0301brica<small>S\u00f3lo Serie 9000<\/small><\/div>\n<\/div>\n<\/div>\n<div class=\"row g-2 g-lg-3\">\n<div class=\"col-6 col-sm-3\">\n<div class=\"grid-item\"><img decoding=\"async\" loading=\"lazy\" src=\"https:\/\/www.omnitrack.com\/wp-content\/themes\/omnitrack2023\/images\/icon-low-friction.svg\" class=\"ico-icons-grid\" alt=\"icon-low-friction\"  \/>Baja fricci\u00f3n<br \/>1 : 0,005<small><\/small><\/div>\n<\/div>\n<div class=\"col-6 col-sm-3\">\n<div class=\"grid-item\"><img decoding=\"async\" loading=\"lazy\" src=\"https:\/\/www.omnitrack.com\/wp-content\/themes\/omnitrack2023\/images\/icon-high-shock-resistence.svg\" class=\"ico-icons-grid\" alt=\"icon-high-shock-resistence\"  \/>Alta resistencia a los golpes<small><\/small><\/div>\n<\/div>\n<div class=\"col-6 col-sm-3\">\n<div class=\"grid-item\"><img decoding=\"async\" loading=\"lazy\" src=\"https:\/\/www.omnitrack.com\/wp-content\/themes\/omnitrack2023\/images\/icon-temperature.svg\" class=\"ico-icons-grid\" alt=\"icon-temperature\"  \/>Temperatura<br \/>-50\/160\u00baC<small><\/small><\/div>\n<\/div>\n<div class=\"col-6 col-sm-3\">\n<div class=\"grid-item\"><img decoding=\"async\" loading=\"lazy\" src=\"https:\/\/www.omnitrack.com\/wp-content\/themes\/omnitrack2023\/images\/icon-speed.svg\" class=\"ico-icons-grid\" alt=\"icon-speed\"  \/>Velocidad<br \/>2m\/sec<small><\/small><\/div>\n<\/div>\n<\/div>\n<\/div>\n<\/div>\n<\/section>\n<div class=\"row cpn-section\">\n<div class=\"col\">\n<hr \/>\n<\/div>\n<\/div>\n<section id=\"service-kits-one\" class=\"row cpn-section pt-4\"><div class=\"col\">\n<div class=\"row mb-3\">\n<div class=\"col-12 col-sm-6 col-lg-5 col-xl-6 col-xxl-7 fontSize-4 mb-4 mb-md-0\">\n<h2>Kits de mantenimiento<\/h2>\n<p><a href=\"https:\/\/www.omnitrack.com\/es\/bolas-transportadoras\/\">Bolas transportadoras<\/a> de alta capacidad serie 9000 &#8211; En producci\u00f3n continua desde 1954.<\/p>\n<p>Restaure el rendimiento en cuesti\u00f3n de minutos utilizando los kits de servicio S1 y S2 que ofrecen 2 niveles de componentes e instrucciones detalladas de reacondicionamiento.<\/p>\n<p>Servicio de reacondicionamiento en f\u00e1brica para unidades accionadas por resorte y personalizadas, ya que pueden requerir herramientas especiales para un desmontaje seguro.<\/p>\n<p>Para realizar un pedido, indique el n\u00famero de pieza original, cualquier marca de identificaci\u00f3n y el kit de servicio necesario, p. ej. S1-9241. En caso de duda, p\u00f3ngase en <a href=\"https:\/\/www.omnitrack.com\/es\/contacta-con-nosotros\/\">contacto con nosotros<\/a> y le mantendremos en marcha.<\/p>\n<p><a class=\"btn-ot lilac-one shadow\" href=\"https:\/\/www.omnitrack.com\/es\/bolas-transportadoras\/bolas-transportadoras-de-alta-capacidad\/kits-de-mantenimiento\/\">Seguir leyendo<br \/><\/a><\/p>\n<\/div>\n<div class=\"col-12 col-sm-6 col-lg-7 col-xl-6 col-xxl-5\"><img loading=\"lazy\" decoding=\"async\" class=\"img-fluid alignnone wp-image-79735 size-full\" src=\"https:\/\/www.omnitrack.com\/wp-content\/uploads\/2023\/03\/Service_Kits_3.webp\" alt=\"Kit de mantenimiento\" width=\"469\" height=\"345\" srcset=\"https:\/\/www.omnitrack.com\/wp-content\/uploads\/2023\/03\/Service_Kits_3.webp 469w, https:\/\/www.omnitrack.com\/wp-content\/uploads\/2023\/03\/Service_Kits_3-300x221.webp 300w\" sizes=\"auto, (max-width: 469px) 100vw, 469px\" \/><\/div>\n<\/div>\n<div class=\"row text-center carousel-mobi-servicekits\"><div class=\"col\">\n<p><img loading=\"lazy\" decoding=\"async\" class=\"img-fluid alignnone wp-image-79738 size-full\" src=\"https:\/\/www.omnitrack.com\/wp-content\/uploads\/2023\/03\/service_kits-circlip.webp\" alt=\"Kit de servicio \u2013 Capuchon sup\u00e9rieur\" width=\"141\" height=\"140\" srcset=\"https:\/\/www.omnitrack.com\/wp-content\/uploads\/2023\/03\/service_kits-circlip.webp 141w, https:\/\/www.omnitrack.com\/wp-content\/uploads\/2023\/03\/service_kits-circlip-100x100.webp 100w\" sizes=\"auto, (max-width: 141px) 100vw, 141px\" \/><\/p>\n<h4 class=\"fontSize-5\">1 &#8211; Capuchon sup\u00e9rieur<\/h4>\n<div><span class=\"tag blue\">S2<\/span><\/div>\n<p>&nbsp;<\/p>\n<\/div>\n<div class=\"col\">\n<p><img loading=\"lazy\" decoding=\"async\" class=\"img-fluid alignnone wp-image-79739 size-full\" src=\"https:\/\/www.omnitrack.com\/wp-content\/uploads\/2023\/03\/service_kits-top_cap.webp\" alt=\"Kit de servicio \u2013 Capuchon sup\u00e9rieur\" width=\"141\" height=\"140\" srcset=\"https:\/\/www.omnitrack.com\/wp-content\/uploads\/2023\/03\/service_kits-top_cap.webp 141w, https:\/\/www.omnitrack.com\/wp-content\/uploads\/2023\/03\/service_kits-top_cap-100x100.webp 100w\" sizes=\"auto, (max-width: 141px) 100vw, 141px\" \/><\/p>\n<h4 class=\"fontSize-5\">2 &#8211; Tapa superior<\/h4>\n<div> <\/div>\n<p>&nbsp;<\/p>\n<\/div>\n<div class=\"col\">\n<p><img loading=\"lazy\" decoding=\"async\" class=\"img-fluid alignnone wp-image-79740 size-full\" src=\"https:\/\/www.omnitrack.com\/wp-content\/uploads\/2023\/03\/service_kits-felt_seal.webp\" alt=\"Kit de servicio \u2013 Junta de fieltro\" width=\"141\" height=\"140\" srcset=\"https:\/\/www.omnitrack.com\/wp-content\/uploads\/2023\/03\/service_kits-felt_seal.webp 141w, https:\/\/www.omnitrack.com\/wp-content\/uploads\/2023\/03\/service_kits-felt_seal-100x100.webp 100w\" sizes=\"auto, (max-width: 141px) 100vw, 141px\" \/><\/p>\n<h4 class=\"fontSize-5\">3 &#8211; Junta de fieltro<\/h4>\n<div><span class=\"tag green\">S1<\/span><span class=\"tag blue\">S2<\/span><\/div>\n<p><small>(Bola \u00d8 &gt; 12.7mm)<\/small><\/p>\n<\/div>\n<div class=\"col\">\n<p><img loading=\"lazy\" decoding=\"async\" class=\"img-fluid alignnone wp-image-79741 size-full\" src=\"https:\/\/www.omnitrack.com\/wp-content\/uploads\/2023\/03\/service_kits-main_ball.webp\" alt=\"Kit de servicio \u2013 Bola principal\" width=\"141\" height=\"140\" srcset=\"https:\/\/www.omnitrack.com\/wp-content\/uploads\/2023\/03\/service_kits-main_ball.webp 141w, https:\/\/www.omnitrack.com\/wp-content\/uploads\/2023\/03\/service_kits-main_ball-100x100.webp 100w\" sizes=\"auto, (max-width: 141px) 100vw, 141px\" \/><\/p>\n<h4 class=\"fontSize-5\">4 &#8211; Bola principal<\/h4>\n<div><span class=\"tag green\">S1<\/span><span class=\"tag blue\">S2<\/span><\/div>\n<p>&nbsp;<\/p>\n<\/div>\n<div class=\"col\">\n<p><img loading=\"lazy\" decoding=\"async\" class=\"img-fluid alignnone wp-image-79742 size-full\" src=\"https:\/\/www.omnitrack.com\/wp-content\/uploads\/2023\/03\/service_kits-recirculating_balls.webp\" alt=\"Kit de servicio \u2013 Bolas recirculantes\" width=\"141\" height=\"140\" srcset=\"https:\/\/www.omnitrack.com\/wp-content\/uploads\/2023\/03\/service_kits-recirculating_balls.webp 141w, https:\/\/www.omnitrack.com\/wp-content\/uploads\/2023\/03\/service_kits-recirculating_balls-100x100.webp 100w\" sizes=\"auto, (max-width: 141px) 100vw, 141px\" \/><\/p>\n<h4 class=\"fontSize-5\">5 &#8211; Bolas recirculantes<\/h4>\n<div><span class=\"tag green\">S1<\/span><span class=\"tag blue\">S2<\/span><\/div>\n<p>&nbsp;<\/p>\n<\/div>\n<div class=\"col\">\n<p><img loading=\"lazy\" decoding=\"async\" class=\"img-fluid alignnone wp-image-79743 size-full\" src=\"https:\/\/www.omnitrack.com\/wp-content\/uploads\/2023\/03\/service_kits-retainer.webp\" alt=\"Kit de servicio \u2013 Ret\u00e9n\" width=\"141\" height=\"140\" srcset=\"https:\/\/www.omnitrack.com\/wp-content\/uploads\/2023\/03\/service_kits-retainer.webp 141w, https:\/\/www.omnitrack.com\/wp-content\/uploads\/2023\/03\/service_kits-retainer-100x100.webp 100w\" sizes=\"auto, (max-width: 141px) 100vw, 141px\" \/><\/p>\n<h4 class=\"fontSize-5\">6 &#8211; Ret\u00e9n<\/h4>\n<div><span class=\"tag blue\">S2<\/span><\/div>\n<p>&nbsp;<\/p>\n<\/div>\n<div class=\"col\">\n<p><img loading=\"lazy\" decoding=\"async\" class=\"img-fluid alignnone wp-image-79744 size-full\" src=\"https:\/\/www.omnitrack.com\/wp-content\/uploads\/2023\/03\/service_kits-table.webp\" alt=\"Kit de servicio \u2013 Mesa\" width=\"141\" height=\"140\" srcset=\"https:\/\/www.omnitrack.com\/wp-content\/uploads\/2023\/03\/service_kits-table.webp 141w, https:\/\/www.omnitrack.com\/wp-content\/uploads\/2023\/03\/service_kits-table-100x100.webp 100w\" sizes=\"auto, (max-width: 141px) 100vw, 141px\" \/><\/p>\n<h4 class=\"fontSize-5\">7 &#8211; Mesa<\/h4>\n<div><span class=\"tag blue\">S2<\/span><\/div>\n<p>&nbsp;<\/p>\n<\/div>\n<\/div>\n<div class=\"row\">\n<div class=\"col-12 col-sm text-center\"><img loading=\"lazy\" decoding=\"async\" class=\"img-fluid d-sm-none alignnone wp-image-83577 size-full\" src=\"https:\/\/www.omnitrack.com\/wp-content\/uploads\/2024\/09\/dismantle_assemble_mobile_es.webp\" alt=\"Diagrama de desmontaje y montaje\" width=\"1062\" height=\"123\" \/> <img loading=\"lazy\" decoding=\"async\" class=\"img-fluid d-none d-sm-inline-block alignnone wp-image-79712 size-full\" src=\"https:\/\/www.omnitrack.com\/wp-content\/uploads\/2024\/08\/dismantle_assemble_es.webp\" alt=\"Diagrama de desmontaje y montaje\" width=\"2000\" height=\"123\" \/><\/div>\n<\/div>\n<\/div>\n<\/section>\n<section id=\"cant-find\" class=\"row one cpn-section py-5\"><div class=\"col col-md-7 col-lg-6 py-4 pe-5\">\n<h3 class=\"fontSize-1 mb-4\">\u00bfNo encuentra lo que busca?<\/h3>\n<p class=\"fontSize-4\">Intente buscar por palabras clave, n\u00fameros de pieza, carga, tipos de fijaci\u00f3n.<\/p>\n<div class=\"input-group mb-3\"><form class=\"form-search\"><div class=\"input-group\">  <input type=\"text\" name=\"s\" class=\"form-control field\" placeholder=\"Buscar referencia\">  <input type=\"hidden\" name=\"post-type\" value=\"product\"><\/div><\/form><\/div>\n<\/div>\n<div class=\"col col-md-5 col-lg-6 py-4 text-center\"><a href=\"..\/..\/..\/garantia\/\" target=\"_blank\" rel=\"noopener\"><img loading=\"lazy\" decoding=\"async\" class=\"mb-3 img-fluid alignnone wp-image-79745 size-full\" title=\"2 anos de garantia\" src=\"https:\/\/www.omnitrack.com\/wp-content\/uploads\/2024\/08\/2_year_warranty_es.webp\" alt=\"Garant\u00eda de 2 a\u00f1os\" width=\"401\" height=\"190\" \/><\/a><br \/><small class=\"d-block\">Sujeto a condiciones de uso.<\/small><\/div>\n<\/section>\n","protected":false},"excerpt":{"rendered":"<p>[omni_render_table class-container=\u00bbtable-scroll table-mobi\u00bb] Considere tambi\u00e9n Las Barras &#8216;T&#8217; y &#8216;B&#8217; incorporan bolas transportadoras con resorte de alta capacidad que posibilitan el posicionamiento preciso y el transporte sin esfuerzo de herramientas y troqueles en bancadas de prensas y m\u00e1quinas. Una vez posicionada, sujete la herramienta y los resortes permitir\u00e1n que las bolas transportadoras se retraigan debajo [&hellip;]<\/p>\n","protected":false},"author":7,"featured_media":0,"parent":95498,"menu_order":0,"comment_status":"closed","ping_status":"closed","template":"page-t-b-bars.php","meta":{"inline_featured_image":false,"footnotes":""},"class_list":["post-95515","page","type-page","status-publish","hentry"],"acf":[],"_links":{"self":[{"href":"https:\/\/www.omnitrack.com\/es\/wp-json\/wp\/v2\/pages\/95515","targetHints":{"allow":["GET"]}}],"collection":[{"href":"https:\/\/www.omnitrack.com\/es\/wp-json\/wp\/v2\/pages"}],"about":[{"href":"https:\/\/www.omnitrack.com\/es\/wp-json\/wp\/v2\/types\/page"}],"author":[{"embeddable":true,"href":"https:\/\/www.omnitrack.com\/es\/wp-json\/wp\/v2\/users\/7"}],"replies":[{"embeddable":true,"href":"https:\/\/www.omnitrack.com\/es\/wp-json\/wp\/v2\/comments?post=95515"}],"version-history":[{"count":3,"href":"https:\/\/www.omnitrack.com\/es\/wp-json\/wp\/v2\/pages\/95515\/revisions"}],"predecessor-version":[{"id":104638,"href":"https:\/\/www.omnitrack.com\/es\/wp-json\/wp\/v2\/pages\/95515\/revisions\/104638"}],"up":[{"embeddable":true,"href":"https:\/\/www.omnitrack.com\/es\/wp-json\/wp\/v2\/pages\/95498"}],"wp:attachment":[{"href":"https:\/\/www.omnitrack.com\/es\/wp-json\/wp\/v2\/media?parent=95515"}],"curies":[{"name":"wp","href":"https:\/\/api.w.org\/{rel}","templated":true}]}}