{"id":95513,"date":"2023-02-08T00:55:32","date_gmt":"2023-02-08T00:55:32","guid":{"rendered":"https:\/\/www.omnitrack.com\/ball-transfer-units\/heavy-duty\/service-kits\/"},"modified":"2024-08-26T16:23:56","modified_gmt":"2024-08-26T16:23:56","slug":"kits-de-mantenimiento","status":"publish","type":"page","link":"https:\/\/www.omnitrack.com\/es\/bolas-transportadoras\/bolas-transportadoras-de-alta-capacidad\/kits-de-mantenimiento\/","title":{"rendered":"Kits de mantenimiento"},"content":{"rendered":"<section id=\"service-kits-one\" class=\"row cpn-section pb-4\"> <div class=\"col\"> <div class=\"row mb-3\"> <div class=\"col col-lg-5 col-xl-6 col-xxl-7 fontSize-4\"> <nav class=\"breadcrumb\"><\/nav> <h1>Kits de mantenimiento<\/h1> <p><a href=\"https:\/\/www.omnitrack.com\/es\/bolas-transportadoras\/\">Bolas transportadoras<\/a> de alta capacidad serie 9000 &#8211; En producci\u00f3n continua desde 1954. Restaure el rendimiento en cuesti\u00f3n de minutos utilizando los kits de servicio S1 y S2 que ofrecen 2 niveles de componentes e instrucciones detalladas de reacondicionamiento.<\/p> <p>Servicio de reacondicionamiento en f\u00e1brica para unidades accionadas por resorte y personalizadas, ya que pueden requerir herramientas especiales para un desmontaje seguro.<\/p> <p>Para realizar un pedido, indique el n\u00famero de pieza original, cualquier marca de identificaci\u00f3n y el kit de servicio necesario, p. ej. S1-9241. En caso de duda, p\u00f3ngase en <a href=\"https:\/\/www.omnitrack.com\/es\/contacta-con-nosotros\/\">contacto con nosotros<\/a> y le mantendremos en marcha.<\/p> <\/div> <div class=\"col col-lg-7 col-xl-6 col-xxl-5\"><img loading=\"lazy\" decoding=\"async\" class=\"img-fluid alignnone wp-image-79735 size-full\" src=\"https:\/\/www.omnitrack.com\/wp-content\/uploads\/2023\/03\/Service_Kits_3.webp\" alt=\"Kits de mantenimiento\" width=\"469\" height=\"345\" srcset=\"https:\/\/www.omnitrack.com\/wp-content\/uploads\/2023\/03\/Service_Kits_3.webp 469w, https:\/\/www.omnitrack.com\/wp-content\/uploads\/2023\/03\/Service_Kits_3-300x221.webp 300w\" sizes=\"auto, (max-width: 469px) 100vw, 469px\" \/><\/div> <\/div> <div class=\"row text-center\"><div class=\"col\">\n<p><img loading=\"lazy\" decoding=\"async\" class=\"img-fluid alignnone wp-image-79738 size-full\" src=\"https:\/\/www.omnitrack.com\/wp-content\/uploads\/2023\/03\/service_kits-circlip.webp\" alt=\"Kit de servicio \u2013 Capuchon sup\u00e9rieur\" width=\"141\" height=\"140\" srcset=\"https:\/\/www.omnitrack.com\/wp-content\/uploads\/2023\/03\/service_kits-circlip.webp 141w, https:\/\/www.omnitrack.com\/wp-content\/uploads\/2023\/03\/service_kits-circlip-100x100.webp 100w\" sizes=\"auto, (max-width: 141px) 100vw, 141px\" \/><\/p>\n<h4 class=\"fontSize-5\">1 &#8211; Capuchon sup\u00e9rieur<\/h4>\n<div><span class=\"tag blue\">S2<\/span><\/div>\n<p>&nbsp;<\/p>\n<\/div>\n<div class=\"col\">\n<p><img loading=\"lazy\" decoding=\"async\" class=\"img-fluid alignnone wp-image-79739 size-full\" src=\"https:\/\/www.omnitrack.com\/wp-content\/uploads\/2023\/03\/service_kits-top_cap.webp\" alt=\"Kit de servicio \u2013 Capuchon sup\u00e9rieur\" width=\"141\" height=\"140\" srcset=\"https:\/\/www.omnitrack.com\/wp-content\/uploads\/2023\/03\/service_kits-top_cap.webp 141w, https:\/\/www.omnitrack.com\/wp-content\/uploads\/2023\/03\/service_kits-top_cap-100x100.webp 100w\" sizes=\"auto, (max-width: 141px) 100vw, 141px\" \/><\/p>\n<h4 class=\"fontSize-5\">2 &#8211; Tapa superior<\/h4>\n<div> <\/div>\n<p>&nbsp;<\/p>\n<\/div>\n<div class=\"col\">\n<p><img loading=\"lazy\" decoding=\"async\" class=\"img-fluid alignnone wp-image-79740 size-full\" src=\"https:\/\/www.omnitrack.com\/wp-content\/uploads\/2023\/03\/service_kits-felt_seal.webp\" alt=\"Kit de servicio \u2013 Junta de fieltro\" width=\"141\" height=\"140\" srcset=\"https:\/\/www.omnitrack.com\/wp-content\/uploads\/2023\/03\/service_kits-felt_seal.webp 141w, https:\/\/www.omnitrack.com\/wp-content\/uploads\/2023\/03\/service_kits-felt_seal-100x100.webp 100w\" sizes=\"auto, (max-width: 141px) 100vw, 141px\" \/><\/p>\n<h4 class=\"fontSize-5\">3 &#8211; Junta de fieltro<\/h4>\n<div><span class=\"tag green\">S1<\/span><span class=\"tag blue\">S2<\/span><\/div>\n<p><small>(Bola \u00d8 &gt; 12.7mm)<\/small><\/p>\n<\/div>\n<div class=\"col\">\n<p><img loading=\"lazy\" decoding=\"async\" class=\"img-fluid alignnone wp-image-79741 size-full\" src=\"https:\/\/www.omnitrack.com\/wp-content\/uploads\/2023\/03\/service_kits-main_ball.webp\" alt=\"Kit de servicio \u2013 Bola principal\" width=\"141\" height=\"140\" srcset=\"https:\/\/www.omnitrack.com\/wp-content\/uploads\/2023\/03\/service_kits-main_ball.webp 141w, https:\/\/www.omnitrack.com\/wp-content\/uploads\/2023\/03\/service_kits-main_ball-100x100.webp 100w\" sizes=\"auto, (max-width: 141px) 100vw, 141px\" \/><\/p>\n<h4 class=\"fontSize-5\">4 &#8211; Bola principal<\/h4>\n<div><span class=\"tag green\">S1<\/span><span class=\"tag blue\">S2<\/span><\/div>\n<p>&nbsp;<\/p>\n<\/div>\n<div class=\"col\">\n<p><img loading=\"lazy\" decoding=\"async\" class=\"img-fluid alignnone wp-image-79742 size-full\" src=\"https:\/\/www.omnitrack.com\/wp-content\/uploads\/2023\/03\/service_kits-recirculating_balls.webp\" alt=\"Kit de servicio \u2013 Bolas recirculantes\" width=\"141\" height=\"140\" srcset=\"https:\/\/www.omnitrack.com\/wp-content\/uploads\/2023\/03\/service_kits-recirculating_balls.webp 141w, https:\/\/www.omnitrack.com\/wp-content\/uploads\/2023\/03\/service_kits-recirculating_balls-100x100.webp 100w\" sizes=\"auto, (max-width: 141px) 100vw, 141px\" \/><\/p>\n<h4 class=\"fontSize-5\">5 &#8211; Bolas recirculantes<\/h4>\n<div><span class=\"tag green\">S1<\/span><span class=\"tag blue\">S2<\/span><\/div>\n<p>&nbsp;<\/p>\n<\/div>\n<div class=\"col\">\n<p><img loading=\"lazy\" decoding=\"async\" class=\"img-fluid alignnone wp-image-79743 size-full\" src=\"https:\/\/www.omnitrack.com\/wp-content\/uploads\/2023\/03\/service_kits-retainer.webp\" alt=\"Kit de servicio \u2013 Ret\u00e9n\" width=\"141\" height=\"140\" srcset=\"https:\/\/www.omnitrack.com\/wp-content\/uploads\/2023\/03\/service_kits-retainer.webp 141w, https:\/\/www.omnitrack.com\/wp-content\/uploads\/2023\/03\/service_kits-retainer-100x100.webp 100w\" sizes=\"auto, (max-width: 141px) 100vw, 141px\" \/><\/p>\n<h4 class=\"fontSize-5\">6 &#8211; Ret\u00e9n<\/h4>\n<div><span class=\"tag blue\">S2<\/span><\/div>\n<p>&nbsp;<\/p>\n<\/div>\n<div class=\"col\">\n<p><img loading=\"lazy\" decoding=\"async\" class=\"img-fluid alignnone wp-image-79744 size-full\" src=\"https:\/\/www.omnitrack.com\/wp-content\/uploads\/2023\/03\/service_kits-table.webp\" alt=\"Kit de servicio \u2013 Mesa\" width=\"141\" height=\"140\" srcset=\"https:\/\/www.omnitrack.com\/wp-content\/uploads\/2023\/03\/service_kits-table.webp 141w, https:\/\/www.omnitrack.com\/wp-content\/uploads\/2023\/03\/service_kits-table-100x100.webp 100w\" sizes=\"auto, (max-width: 141px) 100vw, 141px\" \/><\/p>\n<h4 class=\"fontSize-5\">7 &#8211; Mesa<\/h4>\n<div><span class=\"tag blue\">S2<\/span><\/div>\n<p>&nbsp;<\/p>\n<\/div>\n<\/div> <div class=\"row\"> <div class=\"col-12 col-sm text-center\"><img loading=\"lazy\" decoding=\"async\" class=\"img-fluid d-sm-none alignnone wp-image-83577 size-full\" src=\"https:\/\/www.omnitrack.com\/wp-content\/uploads\/2023\/01\/dismantle-assemble-mobile.webp\" alt=\"Diagrama de desmontaje y montaje\" width=\"1062\" height=\"123\" srcset=\"https:\/\/www.omnitrack.com\/wp-content\/uploads\/2023\/01\/dismantle-assemble-mobile.webp 1062w, https:\/\/www.omnitrack.com\/wp-content\/uploads\/2023\/01\/dismantle-assemble-mobile-300x35.webp 300w, https:\/\/www.omnitrack.com\/wp-content\/uploads\/2023\/01\/dismantle-assemble-mobile-1024x119.webp 1024w, https:\/\/www.omnitrack.com\/wp-content\/uploads\/2023\/01\/dismantle-assemble-mobile-768x89.webp 768w, https:\/\/www.omnitrack.com\/wp-content\/uploads\/2023\/01\/dismantle-assemble-mobile-600x69.webp 600w\" sizes=\"auto, (max-width: 1062px) 100vw, 1062px\" \/> <img loading=\"lazy\" decoding=\"async\" class=\"img-fluid d-none d-sm-inline-block alignnone wp-image-79712 size-full\" src=\"https:\/\/www.omnitrack.com\/wp-content\/uploads\/2024\/08\/dismantle_assemble_es.webp\" alt=\"Diagrama de desmontaje y montaje\" width=\"2000\" height=\"123\" \/><\/div> <\/div> <div class=\"row\" style=\"margin-top: 40px;\"> <div class=\"ratio ratio-16x9\"><iframe title=\"YouTube video player\" frameborder=\"0\" allowfullscreen=\"allowfullscreen\" class=\" lozad\" data-src=\"https:\/\/www.youtube.com\/embed\/VrG0_ktmKHE?si=vKUquimQAEdlOTNF\"><\/iframe><\/div> <\/div> <\/div> <\/section> <div class=\"row cpn-section\"> <div class=\"col\"> <hr \/> <\/div> <\/div> <section class=\"row cpn-section pt-4 pb-5\"> <div class=\"col fontSize-4\"> <h2>Kits de servicio de bolas transportadoras Omnitrack<\/h2> <p>Restaure r\u00e1pidamente el rendimiento de las <a href=\"https:\/\/www.omnitrack.com\/es\/bolas-transportadoras\/bolas-transportadoras-de-alta-capacidad\/serie-80-y-90-unidades-de-transferencia-de-bola-de-ajuste-a-presion\/\">bolas transportadoras de la serie 9000<\/a> en cuesti\u00f3n de minutos utilizando los kits de servicio &#8216;S1&#8217; y &#8216;S2&#8217;, que ofrecen 2 niveles de piezas de repuesto e instrucciones completas de revisi\u00f3n.<\/p> <p>Si utiliza unidades de bola en condiciones dif\u00edciles o en condiciones extremas previstas, le proponemos almacenar kits de servicio. En caso de fallo imprevisto, podr\u00e1 volver a rodar en cuesti\u00f3n de minutos, sea cual sea la eventualidad.<\/p> <p>Las bolas transportadoras de alta capacidad de la serie 9000 pueden desmontarse de forma segura en cuesti\u00f3n de minutos siguiendo las instrucciones o viendo nuestro v\u00eddeo. Una vez retirado el clip de retenci\u00f3n &#8216;spirolox&#8217;, los componentes pueden desmontarse f\u00e1cilmente invirtiendo la unidad de rodamiento sobre un recept\u00e1culo adecuado. El circlip &#8216;spirolox&#8217; es como la anilla de retenci\u00f3n que se utiliza en muchos llaveros, por lo que es f\u00e1cil de quitar y reciclar despu\u00e9s de utilizarlo muchas veces.<\/p> <p>Cada uno de los kits de servicio contiene las piezas de recambio pertinentes, probadas y limpiadas en f\u00e1brica, listas para volver a montarse. Dos partes esenciales del conjunto (dependiendo del nivel de piezas de repuesto que especifique) siempre requerir\u00e1n limpieza antes del reensamblaje. Llevamos fabricando desde 1909 y nos comprometemos a que siga rodando!<\/p> <p>Nos comprometemos a reciclar los componentes que no han sufrido desgaste, ya que creemos que s\u00f3lo se sustituyen las piezas que tendr\u00e1n un efecto negativo en el rendimiento. El dise\u00f1o intr\u00ednsecamente robusto y la elecci\u00f3n de materiales de primera calidad lo permiten.<\/p> <p>Ofrecemos un servicio completo de reacondicionamiento en f\u00e1brica para unidades de resorte y personalizadas, ya que con frecuencia \u00e9stas requieren herramientas para un desmontaje seguro. En los casos en que los clientes no pueden devolver las unidades de bolas accionadas por resorte para su reacondicionamiento original en f\u00e1brica, hemos acordado \u00abhablar y guiar\u00bb a trav\u00e9s del proceso de revisi\u00f3n y montaje o sustituci\u00f3n de piezas. Necesitamos saber que usted dispone de un taller debidamente equipado con personal t\u00e9cnicamente competente, pero todo forma parte del servicio para ayudarle siempre que podamos. Este nivel de servicio es una prueba de nuestro compromiso con nuestros valiosos clientes.<\/p> <p>Nuestras bolas transportadoras de alta capacidad se fabrican ininterrumpidamente desde 1954 y estamos orgullosos de nuestro archivo t\u00e9cnico, que contiene la mayor\u00eda de los planos de todos los modelos fabricados. Tambi\u00e9n conservamos dise\u00f1os a medida\/personalizados pensados y producidos especialmente para una aplicaci\u00f3n o proyecto espec\u00edfico. Esto significa que podemos producir kits de servicio con piezas de repuesto originales para la mayor\u00eda de los modelos.<\/p> <p>Para realizar el pedido, indique el n\u00famero de pieza original, cualquier marca de identificaci\u00f3n y los kits de servicio necesarios, por ejemplo, S1-9241.<\/p> <p>En caso de que el n\u00famero de pieza no sea visible o no est\u00e9 presente, normalmente podemos identificar la mayor\u00eda de las unidades gracias a nuestro equipo de ingenieros, cuya base de conocimientos abarca m\u00e1s de 4 generaciones. Una fotograf\u00eda o un croquis suelen ser suficientes.<\/p> <p>Si tiene cualquier duda, p\u00f3ngase en <a href=\"https:\/\/www.omnitrack.com\/es\/contacta-con-nosotros\/\">contacto con nosotros<\/a>, \u00a1y conseguiremos que todo vaya rodado!<\/p> <\/div> <\/section> <section id=\"cant-find\" class=\"row cpn-section py-5 two justify-content-between\"><div class=\"col-12 col-sm-6 col-lg-7 py-lg-4 pe-lg-5\">\n<h3 class=\"fontSize-2 fontSize-md-1\">\u00bfNo encuentra lo que busca?<\/h3>\n<p class=\"fontSize-4\">Intente buscar por palabras clave, n\u00fameros de pieza, carga, tipos de fijaci\u00f3n.<\/p>\n<div class=\"input-group\"><form class=\"form-search\"><div class=\"input-group\">  <input type=\"text\" name=\"s\" class=\"form-control field\" placeholder=\"Buscar referencia\">  <input type=\"hidden\" name=\"post-type\" value=\"product\"><\/div><\/form><\/div>\n<\/div>\n<div class=\"col-12 col-sm-6 col-lg-5 py-lg-4 pt-4 pt-sm-0\">\n<h3 class=\"fontSize-2 fontSize-md-1\">Free technical advice<\/h3>\n<p class=\"fontSize-4\">Phone: <b><a href=\"tel:+34911984543\">+34 911 984 543<br \/><\/a><\/b><\/p>\n<p class=\"fontSize-4\">Email: <b><a href=\"mailto:info@omnitrack.com\">info@omnitrack.com<\/a><\/b><\/p>\n<div class=\"mt-4\"> <a class=\"btn-ot green me-2 mb-3 mb-md-0 w100-mobile\" href=\"https:\/\/wa.me\/447759128207\" target=\"_blank\" rel=\"noopener\"><img decoding=\"async\" loading=\"lazy\" src=\"https:\/\/www.omnitrack.com\/wp-content\/themes\/omnitrack2023\/images\/icon-whatsapp.svg\"  alt=\"WhatsApp Omnitrack\"  \/> WhatsApp<\/a> <a class=\"btn-ot w100-mobile\" href=\"https:\/\/calendly.com\/omnitrack\/15min\" target=\"_blank\" rel=\"noopener\"><img decoding=\"async\" loading=\"lazy\" src=\"https:\/\/www.omnitrack.com\/wp-content\/themes\/omnitrack2023\/images\/icon-schedule.svg\"  alt=\"Agendar una llamada con Omnitrack\"  \/> Agendar una llamada<\/a><\/div>\n<\/div>\n<\/section> ","protected":false},"excerpt":{"rendered":"<p>Kits de mantenimiento Bolas transportadoras de alta capacidad serie 9000 &#8211; En producci\u00f3n continua desde 1954. Restaure el rendimiento en cuesti\u00f3n de minutos utilizando los kits de servicio S1 y S2 que ofrecen 2 niveles de componentes e instrucciones detalladas de reacondicionamiento. Servicio de reacondicionamiento en f\u00e1brica para unidades accionadas por resorte y personalizadas, ya [&hellip;]<\/p>\n","protected":false},"author":7,"featured_media":0,"parent":95506,"menu_order":0,"comment_status":"closed","ping_status":"closed","template":"","meta":{"inline_featured_image":false,"footnotes":""},"class_list":["post-95513","page","type-page","status-publish","hentry"],"acf":[],"_links":{"self":[{"href":"https:\/\/www.omnitrack.com\/es\/wp-json\/wp\/v2\/pages\/95513","targetHints":{"allow":["GET"]}}],"collection":[{"href":"https:\/\/www.omnitrack.com\/es\/wp-json\/wp\/v2\/pages"}],"about":[{"href":"https:\/\/www.omnitrack.com\/es\/wp-json\/wp\/v2\/types\/page"}],"author":[{"embeddable":true,"href":"https:\/\/www.omnitrack.com\/es\/wp-json\/wp\/v2\/users\/7"}],"replies":[{"embeddable":true,"href":"https:\/\/www.omnitrack.com\/es\/wp-json\/wp\/v2\/comments?post=95513"}],"version-history":[{"count":3,"href":"https:\/\/www.omnitrack.com\/es\/wp-json\/wp\/v2\/pages\/95513\/revisions"}],"predecessor-version":[{"id":105585,"href":"https:\/\/www.omnitrack.com\/es\/wp-json\/wp\/v2\/pages\/95513\/revisions\/105585"}],"up":[{"embeddable":true,"href":"https:\/\/www.omnitrack.com\/es\/wp-json\/wp\/v2\/pages\/95506"}],"wp:attachment":[{"href":"https:\/\/www.omnitrack.com\/es\/wp-json\/wp\/v2\/media?parent=95513"}],"curies":[{"name":"wp","href":"https:\/\/api.w.org\/{rel}","templated":true}]}}