{"id":95512,"date":"2023-03-07T18:59:04","date_gmt":"2023-03-07T18:59:04","guid":{"rendered":"https:\/\/www.omnitrack.com\/ball-transfer-units\/light-duty\/ball-transfer-rails\/"},"modified":"2024-09-06T15:09:03","modified_gmt":"2024-09-06T15:09:03","slug":"railes-de-bolas-transportadoras","status":"publish","type":"page","link":"https:\/\/www.omnitrack.com\/es\/bolas-transportadoras\/baja-capacidad\/railes-de-bolas-transportadoras\/","title":{"rendered":"Ra\u00edles de bolas transportadoras"},"content":{"rendered":"<section id=\"product-presentation-one\" class=\"row cpn-section\">\n<div class=\"col\">\n<header class=\"row\">    <div class=\"col\">        <nav id=\"breadcrumb\">                    <\/nav>        <h1 class=\"fontSize-1\">Ra\u00edles de bolas transportadoras<\/h1>    <\/div>    <\/header>\n<div class=\"row list-images image-sizes is400\" data-material=\"ST_material\">\n<div class=\"col-auto col-md col-xxl-5\">\n<div class=\"img-default\"><img loading=\"lazy\" decoding=\"async\" class=\"alignnone wp-image-80310 size-full\" src=\"https:\/\/www.omnitrack.com\/wp-content\/uploads\/2024\/09\/diagram_R15_R22_R30_es-1.webp\" alt=\"Ra\u00edles de bolas transportadoras \" width=\"600\" height=\"600\" data-fullsrc=\"\" \/><\/div>\n<\/div>\n<div class=\"col-auto col-md col-xxl-5\">\n<div><img loading=\"lazy\" decoding=\"async\" class=\"alignnone wp-image-80314 size-full\" src=\"https:\/\/www.omnitrack.com\/wp-content\/uploads\/2023\/03\/Rail-trio.webp\" alt=\"Ra\u00edles de bolas transportadoras\" width=\"600\" height=\"600\" data-fullsrc=\"\" srcset=\"https:\/\/www.omnitrack.com\/wp-content\/uploads\/2023\/03\/Rail-trio.webp 600w, https:\/\/www.omnitrack.com\/wp-content\/uploads\/2023\/03\/Rail-trio-300x300.webp 300w, https:\/\/www.omnitrack.com\/wp-content\/uploads\/2023\/03\/Rail-trio-150x150.webp 150w, https:\/\/www.omnitrack.com\/wp-content\/uploads\/2023\/03\/Rail-trio-100x100.webp 100w\" sizes=\"auto, (max-width: 600px) 100vw, 600px\" \/><\/div>\n<\/div>\n<\/div>\n<\/div>\n<div class=\"col sidebar-cpn\">\n<div class=\"row\">\n<div class=\"col\"><div class=\"box-material-upgrade\">        <div class=\"form-check ps-0\">        <div class=\"d-flex flex-row justify-content-between align-items-center\">            <label class=\"form-check-label pe-2\" for=\"materialUpgrade1\" style=\"width:calc(100% - 1.5rem)\" title=\"Bolas de acero al carbono, tapa interna cementada y prensados zincados.\">                <span class=\"fontSize-6\"><b>Materiales est\u00e1ndar<\/b> - Bolas de acero al carbono, tapa interna cementada y prensados zincados.<\/span>            <\/label>            <input class=\"form-check-input inputCheck\" type=\"radio\" name=\"materialUpgrade\" id=\"materialUpgrade1\" checked=\"checked\" value=\"ST_material\">        <\/div>        <h4 class=\"fontSize-3 my-3\">Opciones de mejora del material:<\/h4>        <div class=\"box-input-material-upgrade mb-2 d-flex flex-row justify-content-between\">            <label class=\"form-check-label pe-2\" for=\"materialUpgrade2\" style=\"width:calc(100% - 1.5rem)\"  title=\"Bolas de acero inoxidable, prensados zincados.\">                <span class=\"material material-A\">Bolas de acero inoxidable<\/span>            <\/label>            <input class=\"form-check-input inputCheck\" type=\"radio\" name=\"materialUpgrade\" id=\"materialUpgrade2\"  value=\"A_material\">        <\/div>        <div class=\"box-input-material-upgrade mb-2 d-flex flex-row justify-content-between\">            <label class=\"form-check-label pe-2\" for=\"materialUpgrade4\" style=\"width:calc(100% - 1.5rem)\" title=\"Bolas de acero inoxidable y prensados.\">                <span class=\"material material-SS\">Todas las piezas de acero inoxidable<\/span>            <\/label>            <input class=\"form-check-input inputCheck\" type=\"radio\" name=\"materialUpgrade\" id=\"materialUpgrade4\" value=\"SS_material\">        <\/div>        <div class=\"box-input-material-upgrade d-flex flex-row justify-content-between\">            <label class=\"form-check-label pe-2\" for=\"materialUpgrade5\" style=\"width:calc(100% - 1.5rem)\" title=\"Bola de carga de nailon, prensados \u200b\u200bzincados.\">                <span class=\"material material-D\">Bola principal de nailon<\/span>            <\/label>            <input class=\"form-check-input inputCheck\" type=\"radio\" name=\"materialUpgrade\" id=\"materialUpgrade5\"  value=\"D_material\">        <\/div>    <\/div><\/div><\/div>\n<\/div>\n<\/div>\n<\/section>\n<section id=\"part-table-one\" class=\"row cpn-section pb-4\">\n<div class=\"col\"><div class=\"switcher mt-3 mt-md-0 mx-2 me-sm-0 ms-sm-5\">    <div class=\"switcher-title\"><b>Medidas del interruptor:<\/b> <\/span><\/div>    <button class=\"toggle-unit\" type=\"button\"><span class=\"switch-metric\">M\u00e9trico (mm\/kg)<\/span><span class=\"switch\"><\/span><span class=\"switch-imperial\">Imperial (pulgadas\/lb)<\/span><\/button><\/div> [omni_render_table class-container=\u00bbtable-scroll table-mobi\u00bb]<\/div>\n<\/section>\n<section id=\"icons-grid-one\" class=\"row cpn-section\">\n<div class=\"col-12 col-md-5 fontSize-4\">\n<h2>Omnitrack Ra\u00edles de bolas transportadoras<\/h2>\n<p>Construya un plano de transporte flexible y a medida configurando los ra\u00edles de bolas transportadoras seg\u00fan su aplicaci\u00f3n. Ideales para aplicaciones de almacenamiento din\u00e1mico, los ra\u00edles pueden instalarse individualmente mediante soportes de fijaci\u00f3n opcionales o atornillarse entre s\u00ed con o sin tubos separadores opcionales para formar una plataforma de transferencia de bolas. Longitudes est\u00e1ndar de 400 mm y 600 mm para una r\u00e1pida integraci\u00f3n en las instalaciones de rodillos transportadores existentes. <a href=\"https:\/\/www.omnitrack.com\/es\/bolas-transportadoras\/\">Bolas transportadoras<\/a> disponibles con opciones de mejora de materiales alternativos.<\/p>\n<\/div>\n<div class=\"col-12 col-md-7\"><img loading=\"lazy\" decoding=\"async\" class=\"img-fluid alignnone wp-image-79855 size-full\" src=\"https:\/\/www.omnitrack.com\/wp-content\/uploads\/2023\/03\/Rails-1.webp\" alt=\"Rails Ball Transfer Rails\" width=\"1024\" height=\"500\" srcset=\"https:\/\/www.omnitrack.com\/wp-content\/uploads\/2023\/03\/Rails-1.webp 1024w, https:\/\/www.omnitrack.com\/wp-content\/uploads\/2023\/03\/Rails-1-300x146.webp 300w, https:\/\/www.omnitrack.com\/wp-content\/uploads\/2023\/03\/Rails-1-768x375.webp 768w, https:\/\/www.omnitrack.com\/wp-content\/uploads\/2023\/03\/Rails-1-600x293.webp 600w\" sizes=\"auto, (max-width: 1024px) 100vw, 1024px\" \/><\/div>\n<\/section>\n<div class=\"row cpn-section\">\n<div class=\"col\">\n<hr \/>\n<\/div>\n<\/div>\n<section class=\"row cpn-section align-items-center\">\n<div class=\"col-12 col-md-5 col-xl-6 col-xxl-6 text-center mb-3 mb-md-0\"><img loading=\"lazy\" decoding=\"async\" class=\"img-fluid alignnone wp-image-79856 size-full\" src=\"https:\/\/www.omnitrack.com\/wp-content\/uploads\/2024\/09\/fixing_brackets_es.webp\" alt=\"Soportes de fijaci\u00f3n Rieles de bolas transportadoras\" width=\"1038\" height=\"553\" \/><\/div>\n<div class=\"col-12 col-md-7 col-xl-6 col-xxl-6 ps-xxl-5 fontSize-3\">\n<h2>Soportes de fijaci\u00f3n<\/h2>\n<p>Art\u00edculo # RB-1 (unidad)<\/p>\n<div class=\"lg download-container\"><button class=\"btn-download btn-table lilac-one\" type=\"button\" disabled>PDF<\/button> <button class=\"btn-download btn-table lilac-one\" type=\"button\" disabled>Step<\/button><button class=\"btn-table orange-one btn-add-to-cart\" type=\"button\" data-action=\"add-to-cart\" data-post-id=\"94548\" data-sku=\"RB-1\" data-price=\"&lt;span class=&quot;woocommerce-Price-amount amount&quot;&gt;&lt;bdi&gt;11,19&lt;span class=&quot;woocommerce-Price-currencySymbol&quot;&gt;&euro;&lt;\/span&gt;&lt;\/bdi&gt;&lt;\/span&gt;\"  ><img decoding=\"async\" src=\"https:\/\/www.omnitrack.com\/wp-content\/themes\/omnitrack2023\/images\/cart-orange.svg\" alt=\"Cart icon\"> A\u00f1adir a la cesta<\/button><\/div>\n<\/div>\n<\/section>\n<div class=\"row cpn-section\">\n<div class=\"col\">\n<hr \/>\n<\/div>\n<\/div>\n<section class=\"row cpn-section align-items-center\">\n<div class=\"col-12 col-md-5 col-xl-6 col-xxl-6 text-center mb-3 mb-md-0\"><img loading=\"lazy\" decoding=\"async\" class=\"img-fluid alignnone wp-image-79857 size-full\" src=\"https:\/\/www.omnitrack.com\/wp-content\/uploads\/2023\/03\/Spacer-Tubes.webp\" alt=\"Tubos separadores\" width=\"1038\" height=\"553\" srcset=\"https:\/\/www.omnitrack.com\/wp-content\/uploads\/2023\/03\/Spacer-Tubes.webp 1038w, https:\/\/www.omnitrack.com\/wp-content\/uploads\/2023\/03\/Spacer-Tubes-300x160.webp 300w, https:\/\/www.omnitrack.com\/wp-content\/uploads\/2023\/03\/Spacer-Tubes-1024x546.webp 1024w, https:\/\/www.omnitrack.com\/wp-content\/uploads\/2023\/03\/Spacer-Tubes-768x409.webp 768w, https:\/\/www.omnitrack.com\/wp-content\/uploads\/2023\/03\/Spacer-Tubes-600x320.webp 600w\" sizes=\"auto, (max-width: 1038px) 100vw, 1038px\" \/><\/div>\n<div class=\"col-12 col-md-7 col-xl-6 col-xxl-6 ps-xxl-5 fontSize-3\">\n<h2>Tubos separadores<\/h2>\n<p>Unir o espaciar los ra\u00edles mediante orificios pasantes de \u00d810 mm. Tubos separadores cortados a medida.<\/p>\n<\/div>\n<\/section>\n<div class=\"row cpn-section\">\n<div class=\"col\">\n<hr \/>\n<\/div>\n<\/div>\n<section id=\"also-consider\" class=\"row cpn-section pb-5\">\n<div class=\"col\">\n<div>\n<h2>Considere tambi\u00e9n<\/h2>\n<div>\t<div class=\"omni-slider omni-carousel\" >\t<ul class=\"omni-slider-track\"><li>    <a href=\"https:\/\/www.omnitrack.com\/es\/ball-transfer-units\/spring-loaded-t-b-bars\/t-b-bars\/\"><img loading=\"lazy\" decoding=\"async\" width=\"150\" height=\"150\" src=\"https:\/\/www.omnitrack.com\/wp-content\/uploads\/2023\/03\/TB-Bars.webp\" class=\"img-fluid\" alt=\"TB-Bars\" srcset=\"https:\/\/www.omnitrack.com\/wp-content\/uploads\/2023\/03\/TB-Bars.webp 600w, https:\/\/www.omnitrack.com\/wp-content\/uploads\/2023\/03\/TB-Bars-300x300.webp 300w, https:\/\/www.omnitrack.com\/wp-content\/uploads\/2023\/03\/TB-Bars-150x150.webp 150w, https:\/\/www.omnitrack.com\/wp-content\/uploads\/2023\/03\/TB-Bars-100x100.webp 100w\" sizes=\"auto, (max-width: 150px) 100vw, 150px\" \/><h3>Barras en T<\/h3><\/a><\/li><li>    <a href=\"https:\/\/www.omnitrack.com\/es\/ball-transfer-units\/pneumatic-linear-rollers\/\"><img loading=\"lazy\" decoding=\"async\" width=\"150\" height=\"150\" src=\"https:\/\/www.omnitrack.com\/wp-content\/uploads\/2023\/03\/PW25_Up_Down.webp\" class=\"img-fluid\" alt=\"Transfer Unit\" srcset=\"https:\/\/www.omnitrack.com\/wp-content\/uploads\/2023\/03\/PW25_Up_Down.webp 600w, https:\/\/www.omnitrack.com\/wp-content\/uploads\/2023\/03\/PW25_Up_Down-300x300.webp 300w, https:\/\/www.omnitrack.com\/wp-content\/uploads\/2023\/03\/PW25_Up_Down-150x150.webp 150w, https:\/\/www.omnitrack.com\/wp-content\/uploads\/2023\/03\/PW25_Up_Down-100x100.webp 100w\" sizes=\"auto, (max-width: 150px) 100vw, 150px\" \/><h3>PW25<\/h3><\/a><\/li><li>    <a href=\"https:\/\/www.omnitrack.com\/es\/ball-transfer-units\/light-duty\/lf-series-flange-mounted\/\"><img loading=\"lazy\" decoding=\"async\" width=\"150\" height=\"150\" src=\"https:\/\/www.omnitrack.com\/wp-content\/uploads\/2023\/03\/LF-25.webp\" class=\"img-fluid\" alt=\"Nut\" srcset=\"https:\/\/www.omnitrack.com\/wp-content\/uploads\/2023\/03\/LF-25.webp 600w, https:\/\/www.omnitrack.com\/wp-content\/uploads\/2023\/03\/LF-25-300x300.webp 300w, https:\/\/www.omnitrack.com\/wp-content\/uploads\/2023\/03\/LF-25-150x150.webp 150w, https:\/\/www.omnitrack.com\/wp-content\/uploads\/2023\/03\/LF-25-100x100.webp 100w\" sizes=\"auto, (max-width: 150px) 100vw, 150px\" \/><h3>LF25<\/h3><\/a><\/li><li>    <a href=\"https:\/\/www.omnitrack.com\/es\/ball-transfer-units\/heavy-duty\/86-96-series-spring-loaded-flange-socket\/\"><img loading=\"lazy\" decoding=\"async\" width=\"150\" height=\"150\" src=\"https:\/\/www.omnitrack.com\/wp-content\/uploads\/2023\/03\/96.webp\" class=\"img-fluid\" alt=\"flange mounted spring loaded\" srcset=\"https:\/\/www.omnitrack.com\/wp-content\/uploads\/2023\/03\/96.webp 800w, https:\/\/www.omnitrack.com\/wp-content\/uploads\/2023\/03\/96-300x300.webp 300w, https:\/\/www.omnitrack.com\/wp-content\/uploads\/2023\/03\/96-150x150.webp 150w, https:\/\/www.omnitrack.com\/wp-content\/uploads\/2023\/03\/96-768x768.webp 768w, https:\/\/www.omnitrack.com\/wp-content\/uploads\/2023\/03\/96-600x600.webp 600w, https:\/\/www.omnitrack.com\/wp-content\/uploads\/2023\/03\/96-100x100.webp 100w\" sizes=\"auto, (max-width: 150px) 100vw, 150px\" \/><h3>Serie 96<\/h3><\/a><\/li><li>    <a href=\"https:\/\/www.omnitrack.com\/es\/ball-transfer-units\/pneumatic-rails\/\"><img loading=\"lazy\" decoding=\"async\" width=\"150\" height=\"150\" src=\"https:\/\/www.omnitrack.com\/wp-content\/uploads\/2023\/03\/Pneumatic_Rails.webp\" class=\"img-fluid\" alt=\"pneumatic rails\" srcset=\"https:\/\/www.omnitrack.com\/wp-content\/uploads\/2023\/03\/Pneumatic_Rails.webp 420w, https:\/\/www.omnitrack.com\/wp-content\/uploads\/2023\/03\/Pneumatic_Rails-300x300.webp 300w, https:\/\/www.omnitrack.com\/wp-content\/uploads\/2023\/03\/Pneumatic_Rails-150x150.webp 150w, https:\/\/www.omnitrack.com\/wp-content\/uploads\/2023\/03\/Pneumatic_Rails-100x100.webp 100w\" sizes=\"auto, (max-width: 150px) 100vw, 150px\" \/><h3>PB25 \/ PS25<\/h3><\/a><\/li><li>    <a href=\"https:\/\/www.omnitrack.com\/es\/ball-transfer-units\/light-duty\/l-series-push-fit-clip-fixing-range\/\"><img loading=\"lazy\" decoding=\"async\" width=\"150\" height=\"150\" src=\"https:\/\/www.omnitrack.com\/wp-content\/uploads\/2023\/03\/L.webp\" class=\"img-fluid\" alt=\"all plastic and clip fixing range diagram\" srcset=\"https:\/\/www.omnitrack.com\/wp-content\/uploads\/2023\/03\/L.webp 800w, https:\/\/www.omnitrack.com\/wp-content\/uploads\/2023\/03\/L-300x300.webp 300w, https:\/\/www.omnitrack.com\/wp-content\/uploads\/2023\/03\/L-150x150.webp 150w, https:\/\/www.omnitrack.com\/wp-content\/uploads\/2023\/03\/L-768x768.webp 768w, https:\/\/www.omnitrack.com\/wp-content\/uploads\/2023\/03\/L-600x600.webp 600w, https:\/\/www.omnitrack.com\/wp-content\/uploads\/2023\/03\/L-100x100.webp 100w\" sizes=\"auto, (max-width: 150px) 100vw, 150px\" \/><h3>L30<\/h3><\/a><\/li>\t<\/ul><div class=\"omni-slider-controls\"><button class=\"omni-slider-prev\"><img src=\"https:\/\/www.omnitrack.com\/wp-content\/themes\/omnitrack2023\/images\/icon-arrow-blue-left.svg\" alt=\"Arrow left icon\" decoding=\"async\" loading=\"lazy\" alt=\"Arrow left icon\"><\/button> <button class=\"omni-slider-next\"><img src=\"https:\/\/www.omnitrack.com\/wp-content\/themes\/omnitrack2023\/images\/icon-arrow-blue-right.svg\" decoding=\"async\" loading=\"lazy\" alt=\"Arrow right icon\"><\/button><\/div><\/div><\/div>\n<\/div>\n<\/div>\n<\/section>\n<section id=\"cant-find\" class=\"row cpn-section py-5 two justify-content-between\"><div class=\"col-12 col-sm-6 col-lg-7 py-lg-4 pe-lg-5\">\n<h3 class=\"fontSize-2 fontSize-md-1\">\u00bfNo encuentra lo que busca?<\/h3>\n<p class=\"fontSize-4\">Intente buscar por palabras clave, n\u00fameros de pieza, carga, tipos de fijaci\u00f3n.<\/p>\n<div class=\"input-group\"><form class=\"form-search\"><div class=\"input-group\">  <input type=\"text\" name=\"s\" class=\"form-control field\" placeholder=\"Buscar referencia\">  <input type=\"hidden\" name=\"post-type\" value=\"product\"><\/div><\/form><\/div>\n<\/div>\n<div class=\"col-12 col-sm-6 col-lg-5 py-lg-4 pt-4 pt-sm-0\">\n<h3 class=\"fontSize-2 fontSize-md-1\">Free technical advice<\/h3>\n<p class=\"fontSize-4\">Phone: <b><a href=\"tel:+34911984543\">+34 911 984 543<br \/><\/a><\/b><\/p>\n<p class=\"fontSize-4\">Email: <b><a href=\"mailto:info@omnitrack.com\">info@omnitrack.com<\/a><\/b><\/p>\n<div class=\"mt-4\"> <a class=\"btn-ot green me-2 mb-3 mb-md-0 w100-mobile\" href=\"https:\/\/wa.me\/447759128207\" target=\"_blank\" rel=\"noopener\"><img decoding=\"async\" loading=\"lazy\" src=\"https:\/\/www.omnitrack.com\/wp-content\/themes\/omnitrack2023\/images\/icon-whatsapp.svg\"  alt=\"WhatsApp Omnitrack\"  \/> WhatsApp<\/a> <a class=\"btn-ot w100-mobile\" href=\"https:\/\/calendly.com\/omnitrack\/15min\" target=\"_blank\" rel=\"noopener\"><img decoding=\"async\" loading=\"lazy\" src=\"https:\/\/www.omnitrack.com\/wp-content\/themes\/omnitrack2023\/images\/icon-schedule.svg\"  alt=\"Agendar una llamada con Omnitrack\"  \/> Agendar una llamada<\/a><\/div>\n<\/div>\n<\/section>\n","protected":false},"excerpt":{"rendered":"<p>[omni_render_table class-container=\u00bbtable-scroll table-mobi\u00bb] Omnitrack Ra\u00edles de bolas transportadoras Construya un plano de transporte flexible y a medida configurando los ra\u00edles de bolas transportadoras seg\u00fan su aplicaci\u00f3n. Ideales para aplicaciones de almacenamiento din\u00e1mico, los ra\u00edles pueden instalarse individualmente mediante soportes de fijaci\u00f3n opcionales o atornillarse entre s\u00ed con o sin tubos separadores opcionales para formar una [&hellip;]<\/p>\n","protected":false},"author":7,"featured_media":0,"parent":95504,"menu_order":0,"comment_status":"closed","ping_status":"closed","template":"page-ball-transfer-rails.php","meta":{"inline_featured_image":false,"footnotes":""},"class_list":["post-95512","page","type-page","status-publish","hentry"],"acf":[],"_links":{"self":[{"href":"https:\/\/www.omnitrack.com\/es\/wp-json\/wp\/v2\/pages\/95512","targetHints":{"allow":["GET"]}}],"collection":[{"href":"https:\/\/www.omnitrack.com\/es\/wp-json\/wp\/v2\/pages"}],"about":[{"href":"https:\/\/www.omnitrack.com\/es\/wp-json\/wp\/v2\/types\/page"}],"author":[{"embeddable":true,"href":"https:\/\/www.omnitrack.com\/es\/wp-json\/wp\/v2\/users\/7"}],"replies":[{"embeddable":true,"href":"https:\/\/www.omnitrack.com\/es\/wp-json\/wp\/v2\/comments?post=95512"}],"version-history":[{"count":4,"href":"https:\/\/www.omnitrack.com\/es\/wp-json\/wp\/v2\/pages\/95512\/revisions"}],"predecessor-version":[{"id":106336,"href":"https:\/\/www.omnitrack.com\/es\/wp-json\/wp\/v2\/pages\/95512\/revisions\/106336"}],"up":[{"embeddable":true,"href":"https:\/\/www.omnitrack.com\/es\/wp-json\/wp\/v2\/pages\/95504"}],"wp:attachment":[{"href":"https:\/\/www.omnitrack.com\/es\/wp-json\/wp\/v2\/media?parent=95512"}],"curies":[{"name":"wp","href":"https:\/\/api.w.org\/{rel}","templated":true}]}}