{"id":95511,"date":"2023-02-08T00:42:45","date_gmt":"2023-02-08T00:42:45","guid":{"rendered":"https:\/\/www.omnitrack.com\/wheels-castors\/omniwheels-accessories\/"},"modified":"2024-09-29T16:15:17","modified_gmt":"2024-09-29T16:15:17","slug":"omniwheels-y-accesorios","status":"publish","type":"page","link":"https:\/\/www.omnitrack.com\/es\/ruedas-y-ruedecillas\/omniwheels-y-accesorios\/","title":{"rendered":"Omniwheels y accesorios"},"content":{"rendered":"<section class=\"row cpn-section\">\n<div class=\"col-12 col-md-6 col-lg-7\">\n<div><header class=\"row\">    <div class=\"col\">        <nav id=\"breadcrumb\">                    <\/nav>        <h1 class=\"fontSize-1\">Omniwheels y accesorios<\/h1>    <\/div>    <\/header><\/div>\n<div>\n<p>Las Omniwheels incorporan rodillos perif\u00e9ricos que proporcionan un movimiento de 360 grados y soportan elementos de forma irregular. Ideales para l\u00edneas de montaje e inspecci\u00f3n, alimentaci\u00f3n de m\u00e1quinas y zonas de embalaje.<\/p>\n<p>Sistemas de clasificaci\u00f3n autom\u00e1ticos y accionados disponibles \u2013 P\u00f3ngase en <a href=\"https:\/\/www.omnitrack.com\/es\/contacta-con-nosotros\/\">contacto con nosotros<\/a>.<\/p>\n<p><img loading=\"lazy\" decoding=\"async\" class=\"img-fluid rounded alignnone wp-image-79822 size-full\" src=\"https:\/\/www.omnitrack.com\/wp-content\/uploads\/2023\/03\/omniwheels-accessories-2.webp\" alt=\"Omniwheels\" width=\"900\" height=\"317\" srcset=\"https:\/\/www.omnitrack.com\/wp-content\/uploads\/2023\/03\/omniwheels-accessories-2.webp 900w, https:\/\/www.omnitrack.com\/wp-content\/uploads\/2023\/03\/omniwheels-accessories-2-300x106.webp 300w, https:\/\/www.omnitrack.com\/wp-content\/uploads\/2023\/03\/omniwheels-accessories-2-768x271.webp 768w, https:\/\/www.omnitrack.com\/wp-content\/uploads\/2023\/03\/omniwheels-accessories-2-600x211.webp 600w\" sizes=\"auto, (max-width: 900px) 100vw, 900px\" \/><\/p>\n<\/div>\n<\/div>\n<div class=\"col-12 col-md-6 col-lg-5 d-flex align-items-end\"><div class=\"grid-wrap\">\n<div class=\"row g-2 g-md-3 mb-2 mb-md-3\">\n<div class=\"col-4\">\n<div class=\"grid-item\"><img decoding=\"async\" loading=\"lazy\" src=\"https:\/\/www.omnitrack.com\/wp-content\/themes\/omnitrack2023\/images\/icon-feather.svg\" class=\"ico-icons-grid\" alt=\"Manipulaci\u00f3n delicada\"  \/>Manipulaci\u00f3n delicada<small><\/small><\/div>\n<\/div>\n<div class=\"col-4\">\n<div class=\"grid-item\"><img decoding=\"async\" loading=\"lazy\" src=\"https:\/\/www.omnitrack.com\/wp-content\/themes\/omnitrack2023\/images\/icon-speed.svg\" class=\"ico-icons-grid\" alt=\"Velocidad\"  \/>Velocidad<br \/>1m\/sec<small><\/small><\/div>\n<\/div>\n<div class=\"col-4\">\n<div class=\"grid-item\"><img decoding=\"async\" loading=\"lazy\" src=\"https:\/\/www.omnitrack.com\/wp-content\/themes\/omnitrack2023\/images\/icon-temperature.svg\" class=\"ico-icons-grid\" alt=\"Temperatura\"  \/>Temperatura<br \/>-20\/+100\u00b0C<small><\/small><\/div>\n<\/div>\n<\/div>\n<div class=\"row g-2 g-md-3\">\n<div class=\"col-4\">\n<div class=\"grid-item\"><img decoding=\"async\" loading=\"lazy\" src=\"https:\/\/www.omnitrack.com\/wp-content\/themes\/omnitrack2023\/images\/icon-magnet.svg\" class=\"ico-icons-grid\" alt=\"Construcci\u00f3n antimagn\u00e9tica\"  \/>Construcci\u00f3n antimagn\u00e9tica<small><\/small><\/div>\n<\/div>\n<div class=\"col-4\">\n<div class=\"grid-item\"><img decoding=\"async\" loading=\"lazy\" src=\"https:\/\/www.omnitrack.com\/wp-content\/themes\/omnitrack2023\/images\/icon-irregular-objects.svg\" class=\"ico-icons-grid\" alt=\"icon-irregular-objects\"  \/>Objetos irregulares y deformables<small><\/small><\/div>\n<\/div>\n<div class=\"col-4\">\n<div class=\"grid-item\"><img decoding=\"async\" loading=\"lazy\" src=\"https:\/\/www.omnitrack.com\/wp-content\/themes\/omnitrack2023\/images\/icon-washdown.svg\" class=\"ico-icons-grid\" alt=\"Condiciones de lavado \/ Residuos de suciedad\"  \/>Condiciones de lavado \/ Residuos de suciedad<small><\/small><\/div>\n<\/div>\n<\/div>\n<\/div>\n<\/div>\n<\/section>\n<section id=\"omniwheels-series\" class=\"row cpn-section g-sm-2 g-lg-3 align-items-center justify-content-sm-center justify-content-md-between flex-column flex-sm-row pb-3 pt-4 pt-sm-0\"><div class=\"col-auto text-center\">\n<figure class=\"d-flex align-items-end\"><img loading=\"lazy\" decoding=\"async\" width=\"141\" height=\"122\" class=\"alignnone img-fluid img-ow-1 size-full wp-image-79730\" src=\"https:\/\/www.omnitrack.com\/wp-content\/uploads\/2023\/03\/Diagram_OW48_OW80-1.webp\" alt=\"Diagrama OW48 OW80\"><\/figure>\n<p><strong>OW48-1-(X)-(Y)<\/strong><br \/><strong>OW80-1-(X)-(Y)<\/strong><\/p>\n<\/div>\n<div class=\"col-auto text-center\">\n<figure class=\"d-flex align-items-end\"><img loading=\"lazy\" decoding=\"async\" width=\"141\" height=\"150\" class=\"alignnone img-fluid img-ow-2 size-full wp-image-79183\" src=\"https:\/\/www.omnitrack.com\/wp-content\/uploads\/2023\/03\/Diagram_OW35_OW50.webp\" alt=\"Diagrama OW35 OW50\"><\/figure>\n<p><strong>OW35-2-(X)-(Y)<\/strong><br \/><strong>OW50-2-(X)-(Y)<\/strong><\/p>\n<\/div>\n<div class=\"col-auto text-center\">\n<figure class=\"d-flex align-items-end\"><img loading=\"lazy\" decoding=\"async\" width=\"181\" height=\"214\" class=\"alignnone img-fluid img-ow-3 size-full wp-image-79226\" src=\"https:\/\/www.omnitrack.com\/wp-content\/uploads\/2023\/03\/Diagram_OW90.webp\" alt=\"Diagrama OW90\"><\/figure>\n<p><strong>OW90-2-(X)-(Y)<\/strong><\/p>\n<\/div>\n<div class=\"col-auto text-center\">\n<figure class=\"d-flex align-items-end\"><img loading=\"lazy\" decoding=\"async\" width=\"221\" height=\"257\" class=\"alignnone img-fluid img-ow-4 size-full wp-image-79733\" src=\"https:\/\/www.omnitrack.com\/wp-content\/uploads\/2023\/03\/Diagram_OW125.webp\" alt=\"Diagrama OW125\"><\/figure>\n<p><strong>OW125-3-(X)-(Y)<\/strong><\/p>\n<\/div>\n<div class=\"col-auto text-center\">\n<figure class=\"d-flex align-items-end\"><img loading=\"lazy\" decoding=\"async\" width=\"281\" height=\"320\" class=\"alignnone img-fluid img-ow-5 size-full wp-image-79734\" src=\"https:\/\/www.omnitrack.com\/wp-content\/uploads\/2023\/03\/Diagram_OW180.webp\" alt=\"Diagrama OW180\" srcset=\"https:\/\/www.omnitrack.com\/wp-content\/uploads\/2023\/03\/Diagram_OW180.webp 281w, https:\/\/www.omnitrack.com\/wp-content\/uploads\/2023\/03\/Diagram_OW180-263x300.webp 263w\" sizes=\"auto, (max-width: 281px) 100vw, 281px\" \/><\/figure>\n<p><strong>OW180-2-(X)-(Y)<\/strong><\/p>\n<\/div>\n<\/section>\n<div class=\"row cpn-section\">\n<div class=\"col\">\n<hr \/>\n<\/div>\n<\/div>\n<section class=\"row cpn-section\">\n<div class=\"col\">\n<div>\n<h2>(X) Materiales de carga y rodillos<\/h2>\n<ul class=\"fontSize-3 blue-bullet mb-4 fontSize-4 fontSize-md-3\">\n<li>Las cargas pesadas requieren una mayor dureza Shore A del rodillo. Los materiales m\u00e1s blandos y amortiguadores comprometen la capacidad de carga.<\/li>\n<li>Los modelos OW48 y OW80 incorporan ejes de acero inoxidable; los dem\u00e1s modelos son de construcci\u00f3n no magn\u00e9tica y totalmente de pl\u00e1stico, excepto cuando se especifica la opci\u00f3n de cubo con centro de rodamiento.<\/li>\n<li>Para la bicicleta Brompton, elija &#8216;OW50-2-95-B2&#8217;. Perno M6, tuerca y arandelas suministrados de forma gratuita para facilitar el montaje en la bicicleta Brompton.<\/li>\n<\/ul>\n<h3 class=\"mb-3 mt-1\">Paso 1: Seleccione el tama\u00f1o, la carga y la dureza de Omniwheel<\/h3>\n<div class=\"row mb-5\">\n<div class=\"col col-lg-8 pe-4 mb-4 mb-sm-0\"><div class=\"switcher mt-3 mt-md-0 mx-2 me-sm-0 ms-sm-5\">    <div class=\"switcher-title\"><b>Medidas del interruptor:<\/b> <\/span><\/div>    <button class=\"toggle-unit\" type=\"button\"><span class=\"switch-metric\">M\u00e9trico (mm\/kg)<\/span><span class=\"switch\"><\/span><span class=\"switch-imperial\">Imperial (pulgadas\/lb)<\/span><\/button><\/div> [omni_render_table]<\/div>\n<div class=\"col col-lg-4 mt-2\">\n<h4>Dureza Shore A &#8211; Ejemplo Itens:<\/h4>\n<div class=\"table-border mb-5\">\n<table id=\"omniwheels-hardness-table\">\n<thead>\n<tr>\n<th>35<\/th>\n<th>85<\/th>\n<th>95<\/th>\n<th>99<\/th>\n<\/tr>\n<\/thead>\n<tbody>\n<tr>\n<td><img loading=\"lazy\" decoding=\"async\" class=\"alignnone wp-image-79823 size-full\" style=\"margin-left: -0.75rem;\" src=\"https:\/\/www.omnitrack.com\/wp-content\/uploads\/2023\/03\/Omniwheel_Materials_Pencil_Eraser.webp\" alt=\"Goma de borrar Omniwheels\" width=\"80\" height=\"80\" \/> <small>Goma de borrar<\/small><\/td>\n<td><img loading=\"lazy\" decoding=\"async\" class=\"alignnone wp-image-79824 size-full\" src=\"https:\/\/www.omnitrack.com\/wp-content\/uploads\/2023\/03\/Omniwheel_Materials_Shoe_Heel.webp\" alt=\"Tac\u00f3n de zapato Omniwheels\" width=\"80\" height=\"80\" \/> <small>Tac\u00f3n de zapato<\/small><\/td>\n<td><img loading=\"lazy\" decoding=\"async\" class=\"alignnone wp-image-79825 size-full\" src=\"https:\/\/www.omnitrack.com\/wp-content\/uploads\/2023\/03\/Omniwheel_Materials_Skater.webp\" alt=\"Skater Omniwheels\" width=\"80\" height=\"80\" \/> <small>Rueda de pat\u00edn<\/small><\/td>\n<td><img loading=\"lazy\" decoding=\"async\" class=\"alignnone wp-image-79826 size-full\" src=\"https:\/\/www.omnitrack.com\/wp-content\/uploads\/2023\/03\/Omniwheel_Materials_Shopping_Cart.webp\" alt=\"Rueda de carro de la compra\" width=\"80\" height=\"80\" \/> <small>Rueda de carro de la compra<\/small><\/td>\n<\/tr>\n<\/tbody>\n<\/table>\n<\/div>\n<h4>(X) Indica el valor &#8216;Shore A&#8217;:<\/h4>\n<p><img loading=\"lazy\" decoding=\"async\" class=\"img-fluid alignnone wp-image-79827 size-full\" src=\"https:\/\/www.omnitrack.com\/wp-content\/uploads\/2024\/09\/omniwheel_material_chart_es.webp\" alt=\"Omniwheels\" width=\"562\" height=\"364\" data-fullsrc=\"\" \/><\/div>\n<\/div>\n<h3>S\u00f3lo OW48 \/ OW80:<\/h3>\n<div class=\"row\">\n<div class=\"col-12 col-md-4 col-lg-3\"><img loading=\"lazy\" decoding=\"async\" class=\"img-fluid alignnone wp-image-79828 size-full\" src=\"https:\/\/www.omnitrack.com\/wp-content\/uploads\/2023\/03\/Diagram_Omniwheel.webp\" alt=\"Omniwheel Diagram Omniwheels\" width=\"400\" height=\"400\" srcset=\"https:\/\/www.omnitrack.com\/wp-content\/uploads\/2023\/03\/Diagram_Omniwheel.webp 400w, https:\/\/www.omnitrack.com\/wp-content\/uploads\/2023\/03\/Diagram_Omniwheel-300x300.webp 300w, https:\/\/www.omnitrack.com\/wp-content\/uploads\/2023\/03\/Diagram_Omniwheel-150x150.webp 150w, https:\/\/www.omnitrack.com\/wp-content\/uploads\/2023\/03\/Diagram_Omniwheel-100x100.webp 100w\" sizes=\"auto, (max-width: 400px) 100vw, 400px\" \/><\/div>\n<div class=\"col-12 col-md-8 col-lg-8 col-xl-7 col-xxl-6\"><div class=\"switcher mt-3 mt-md-0 mx-2 me-sm-0 ms-sm-5\">    <div class=\"switcher-title\"><b>Medidas del interruptor:<\/b> <\/span><\/div>    <button class=\"toggle-unit\" type=\"button\"><span class=\"switch-metric\">M\u00e9trico (mm\/kg)<\/span><span class=\"switch\"><\/span><span class=\"switch-imperial\">Imperial (pulgadas\/lb)<\/span><\/button><\/div> [omni_render_table_omniwheels_extra]<\/div>\n<\/div>\n<\/div>\n<\/div>\n<\/section>\n<div class=\"row cpn-section\">\n<div class=\"col\">\n<hr \/>\n<\/div>\n<\/div>\n<section class=\"row cpn-section\">\n<div class=\"col\">\n<div class=\"row\">\n<div>\n<h2>Di\u00e1metro, construcci\u00f3n y espaciado<\/h2>\n<\/div>\n<\/div>\n<div class=\"row mb-4\">\n<div class=\"col-12 col-md-5 mb-4 mb-md-0\">\n<ul class=\"blue-bullet fontSize-4 fontSize-md-3\">\n<li>Aplicaciones con ruedas &#8211; aseg\u00farese de que el di\u00e1metro es x3 \u00d8 m\u00ednimo de cualquier escal\u00f3n\/obst\u00e1culo en la direcci\u00f3n primaria de desplazamiento.<\/li>\n<li>Sincronice los rodillos para lograr un cambio r\u00e1pido de direcci\u00f3n.<\/li>\n<li>Omniwheel OW48-1 OW80-1 son singulares pero se configuran y sincronizan bloque\u00e1ndose en serie.<\/li>\n<li>Otros modelos presincronizados en construcci\u00f3n x2, x3 y x4 para una flexibilidad y soporte modulares.<\/li>\n<\/ul>\n<\/div>\n<div class=\"col-12 col-md-7\"><img loading=\"lazy\" decoding=\"async\" class=\"img-fluid alignnone wp-image-79829 size-full\" src=\"https:\/\/www.omnitrack.com\/wp-content\/uploads\/2023\/03\/omniwheels-diagram-series.webp\" alt=\"Omniwheels Diagram\" width=\"1050\" height=\"308\" srcset=\"https:\/\/www.omnitrack.com\/wp-content\/uploads\/2023\/03\/omniwheels-diagram-series.webp 1050w, https:\/\/www.omnitrack.com\/wp-content\/uploads\/2023\/03\/omniwheels-diagram-series-300x88.webp 300w, https:\/\/www.omnitrack.com\/wp-content\/uploads\/2023\/03\/omniwheels-diagram-series-1024x300.webp 1024w, https:\/\/www.omnitrack.com\/wp-content\/uploads\/2023\/03\/omniwheels-diagram-series-768x225.webp 768w, https:\/\/www.omnitrack.com\/wp-content\/uploads\/2023\/03\/omniwheels-diagram-series-600x176.webp 600w\" sizes=\"auto, (max-width: 1050px) 100vw, 1050px\" \/><br \/>\n<img loading=\"lazy\" decoding=\"async\" class=\"img-fluid alignnone wp-image-79830 size-full\" src=\"https:\/\/www.omnitrack.com\/wp-content\/uploads\/2024\/09\/omniwheels_twin_series_es.webp\" alt=\"Omniwheels Series\" width=\"1050\" height=\"308\" \/><\/div>\n<\/div>\n<\/div>\n<\/section>\n<div class=\"row cpn-section\">\n<div class=\"col\">\n<hr \/>\n<\/div>\n<\/div>\n<section id=\"accessories\" class=\"row cpn-section pb-5\">\n<div class=\"col col-lg-8 mb-4 md-lg-0\">\n<h2>Accesorios<\/h2>\n<ul class=\"blue-bullet fontSize-4 fontSize-md-3\">\n<li>Soportes de ruedas y reborde de fijaci\u00f3n.<\/li>\n<li>Canales y ejes de la secci\u00f3n &#8216;Live-storage&#8217;.<\/li>\n<li>Especifique tubos separadores precortados o a medida para reducir la densidad de los art\u00edculos r\u00edgidos de mayor tama\u00f1o.<\/li>\n<\/ul>\n<\/div>\n<div class=\"col-auto d-flex align-items-end pb-4\">\n<div class=\"bg-beige rounded d-flex align-items-center justify-content-center p-3\"><img loading=\"lazy\" decoding=\"async\" class=\"alignnone wp-image-80042 size-full\" src=\"https:\/\/www.omnitrack.com\/wp-content\/uploads\/2023\/03\/icon-gears.svg\" alt=\"Tuercas\" width=\"65\" height=\"50\" \/><\/p>\n<div class=\"ps-3\">\n<h3 class=\"mb-0\">Sistemas impulsados<\/h3>\n<p><a class=\"fontSize-4\" href=\"https:\/\/www.omnitrack.com\/es\/contacta-con-nosotros\/\">Contacta con nosotros<\/a><\/div>\n<\/div>\n<\/div>\n<div class=\"col-12\">\t<div class=\"omni-slider omni-carousel\" >\t<ul class=\"omni-slider-track\"><li class=\"\">    <img loading=\"lazy\" decoding=\"async\" width=\"150\" height=\"150\" src=\"https:\/\/www.omnitrack.com\/wp-content\/uploads\/2023\/03\/XOW50W21A.webp\" class=\"img-fluid\" alt=\"omniwheel accessory\" srcset=\"https:\/\/www.omnitrack.com\/wp-content\/uploads\/2023\/03\/XOW50W21A.webp 800w, https:\/\/www.omnitrack.com\/wp-content\/uploads\/2023\/03\/XOW50W21A-300x300.webp 300w, https:\/\/www.omnitrack.com\/wp-content\/uploads\/2023\/03\/XOW50W21A-150x150.webp 150w, https:\/\/www.omnitrack.com\/wp-content\/uploads\/2023\/03\/XOW50W21A-768x768.webp 768w, https:\/\/www.omnitrack.com\/wp-content\/uploads\/2023\/03\/XOW50W21A-600x600.webp 600w, https:\/\/www.omnitrack.com\/wp-content\/uploads\/2023\/03\/XOW50W21A-100x100.webp 100w\" sizes=\"auto, (max-width: 150px) 100vw, 150px\" \/>    <h3>XOW50W21A<\/h3>            <h4>Utilizar con OW50<\/h4>                <span class=\"from\">De <span class=\"woocommerce-Price-amount amount\"><bdi>13,41<span class=\"woocommerce-Price-currencySymbol\">&euro;<\/span><\/bdi><\/span><\/span>            <button class=\"btn-table orange-one btn-add-to-cart\" type=\"button\" data-action=\"add-to-cart\" data-post-id=\"94276\" data-sku=\"XOW50W21A\" data-price=\"&lt;span class=&quot;woocommerce-Price-amount amount&quot;&gt;&lt;bdi&gt;13,41&lt;span class=&quot;woocommerce-Price-currencySymbol&quot;&gt;&euro;&lt;\/span&gt;&lt;\/bdi&gt;&lt;\/span&gt;\"  ><img decoding=\"async\" src=\"https:\/\/www.omnitrack.com\/wp-content\/themes\/omnitrack2023\/images\/cart-orange.svg\" alt=\"Cart icon\"> Comprar ahora<\/button><\/li><li class=\"\">    <img loading=\"lazy\" decoding=\"async\" width=\"150\" height=\"150\" src=\"https:\/\/www.omnitrack.com\/wp-content\/uploads\/2023\/03\/XOW50U24A.webp\" class=\"img-fluid\" alt=\"omniwheel accessory\" srcset=\"https:\/\/www.omnitrack.com\/wp-content\/uploads\/2023\/03\/XOW50U24A.webp 800w, https:\/\/www.omnitrack.com\/wp-content\/uploads\/2023\/03\/XOW50U24A-300x300.webp 300w, https:\/\/www.omnitrack.com\/wp-content\/uploads\/2023\/03\/XOW50U24A-150x150.webp 150w, https:\/\/www.omnitrack.com\/wp-content\/uploads\/2023\/03\/XOW50U24A-768x768.webp 768w, https:\/\/www.omnitrack.com\/wp-content\/uploads\/2023\/03\/XOW50U24A-600x600.webp 600w, https:\/\/www.omnitrack.com\/wp-content\/uploads\/2023\/03\/XOW50U24A-100x100.webp 100w\" sizes=\"auto, (max-width: 150px) 100vw, 150px\" \/>    <h3>XOW50U24A<\/h3>            <h4>Utilizar con OW50<\/h4>                <span class=\"from\">De <span class=\"woocommerce-Price-amount amount\"><bdi>178,60<span class=\"woocommerce-Price-currencySymbol\">&euro;<\/span><\/bdi><\/span><\/span>            <button class=\"btn-table orange-one btn-add-to-cart\" type=\"button\" data-action=\"add-to-cart\" data-post-id=\"94277\" data-sku=\"XOW50U24A\" data-price=\"&lt;span class=&quot;woocommerce-Price-amount amount&quot;&gt;&lt;bdi&gt;178,60&lt;span class=&quot;woocommerce-Price-currencySymbol&quot;&gt;&euro;&lt;\/span&gt;&lt;\/bdi&gt;&lt;\/span&gt;\"  ><img decoding=\"async\" src=\"https:\/\/www.omnitrack.com\/wp-content\/themes\/omnitrack2023\/images\/cart-orange.svg\" alt=\"Cart icon\"> Comprar ahora<\/button><\/li><li class=\"\">    <img loading=\"lazy\" decoding=\"async\" width=\"150\" height=\"150\" src=\"https:\/\/www.omnitrack.com\/wp-content\/uploads\/2023\/03\/XOW50F21A.webp\" class=\"img-fluid\" alt=\"omniwheel accessory\" srcset=\"https:\/\/www.omnitrack.com\/wp-content\/uploads\/2023\/03\/XOW50F21A.webp 800w, https:\/\/www.omnitrack.com\/wp-content\/uploads\/2023\/03\/XOW50F21A-300x300.webp 300w, https:\/\/www.omnitrack.com\/wp-content\/uploads\/2023\/03\/XOW50F21A-150x150.webp 150w, https:\/\/www.omnitrack.com\/wp-content\/uploads\/2023\/03\/XOW50F21A-768x768.webp 768w, https:\/\/www.omnitrack.com\/wp-content\/uploads\/2023\/03\/XOW50F21A-600x600.webp 600w, https:\/\/www.omnitrack.com\/wp-content\/uploads\/2023\/03\/XOW50F21A-100x100.webp 100w\" sizes=\"auto, (max-width: 150px) 100vw, 150px\" \/>    <h3>XOW50F21A<\/h3>            <h4>Utilizar con OW50<\/h4>                <span class=\"from\">De <span class=\"woocommerce-Price-amount amount\"><bdi>13,41<span class=\"woocommerce-Price-currencySymbol\">&euro;<\/span><\/bdi><\/span><\/span>            <button class=\"btn-table orange-one btn-add-to-cart\" type=\"button\" data-action=\"add-to-cart\" data-post-id=\"94278\" data-sku=\"XOW50F21A\" data-price=\"&lt;span class=&quot;woocommerce-Price-amount amount&quot;&gt;&lt;bdi&gt;13,41&lt;span class=&quot;woocommerce-Price-currencySymbol&quot;&gt;&euro;&lt;\/span&gt;&lt;\/bdi&gt;&lt;\/span&gt;\"  ><img decoding=\"async\" src=\"https:\/\/www.omnitrack.com\/wp-content\/themes\/omnitrack2023\/images\/cart-orange.svg\" alt=\"Cart icon\"> Comprar ahora<\/button><\/li><li class=\"\">    <img loading=\"lazy\" decoding=\"async\" width=\"150\" height=\"150\" src=\"https:\/\/www.omnitrack.com\/wp-content\/uploads\/2023\/03\/XOW125W21A.webp\" class=\"img-fluid\" alt=\"omniwheel accessory\" srcset=\"https:\/\/www.omnitrack.com\/wp-content\/uploads\/2023\/03\/XOW125W21A.webp 800w, https:\/\/www.omnitrack.com\/wp-content\/uploads\/2023\/03\/XOW125W21A-300x300.webp 300w, https:\/\/www.omnitrack.com\/wp-content\/uploads\/2023\/03\/XOW125W21A-150x150.webp 150w, https:\/\/www.omnitrack.com\/wp-content\/uploads\/2023\/03\/XOW125W21A-768x768.webp 768w, https:\/\/www.omnitrack.com\/wp-content\/uploads\/2023\/03\/XOW125W21A-600x600.webp 600w, https:\/\/www.omnitrack.com\/wp-content\/uploads\/2023\/03\/XOW125W21A-100x100.webp 100w\" sizes=\"auto, (max-width: 150px) 100vw, 150px\" \/>    <h3>XOW125W21A<\/h3>            <h4>Utilizar con OW125<\/h4>                <span class=\"from\">De <span class=\"woocommerce-Price-amount amount\"><bdi>49,10<span class=\"woocommerce-Price-currencySymbol\">&euro;<\/span><\/bdi><\/span><\/span>            <button class=\"btn-table orange-one btn-add-to-cart\" type=\"button\" data-action=\"add-to-cart\" data-post-id=\"94274\" data-sku=\"XOW125W21A\" data-price=\"&lt;span class=&quot;woocommerce-Price-amount amount&quot;&gt;&lt;bdi&gt;49,10&lt;span class=&quot;woocommerce-Price-currencySymbol&quot;&gt;&euro;&lt;\/span&gt;&lt;\/bdi&gt;&lt;\/span&gt;\"  ><img decoding=\"async\" src=\"https:\/\/www.omnitrack.com\/wp-content\/themes\/omnitrack2023\/images\/cart-orange.svg\" alt=\"Cart icon\"> Comprar ahora<\/button><\/li><li class=\"\">    <img loading=\"lazy\" decoding=\"async\" width=\"150\" height=\"150\" src=\"https:\/\/www.omnitrack.com\/wp-content\/uploads\/2023\/03\/XOW125W22A.webp\" class=\"img-fluid\" alt=\"omniwheel accessory\" srcset=\"https:\/\/www.omnitrack.com\/wp-content\/uploads\/2023\/03\/XOW125W22A.webp 800w, https:\/\/www.omnitrack.com\/wp-content\/uploads\/2023\/03\/XOW125W22A-300x300.webp 300w, https:\/\/www.omnitrack.com\/wp-content\/uploads\/2023\/03\/XOW125W22A-150x150.webp 150w, https:\/\/www.omnitrack.com\/wp-content\/uploads\/2023\/03\/XOW125W22A-768x768.webp 768w, https:\/\/www.omnitrack.com\/wp-content\/uploads\/2023\/03\/XOW125W22A-600x600.webp 600w, https:\/\/www.omnitrack.com\/wp-content\/uploads\/2023\/03\/XOW125W22A-100x100.webp 100w\" sizes=\"auto, (max-width: 150px) 100vw, 150px\" \/>    <h3>XOW125W22A<\/h3>            <h4>Utilizar con OW125<\/h4>                <span class=\"from\">De <span class=\"woocommerce-Price-amount amount\"><bdi>77,82<span class=\"woocommerce-Price-currencySymbol\">&euro;<\/span><\/bdi><\/span><\/span>            <button class=\"btn-table orange-one btn-add-to-cart\" type=\"button\" data-action=\"add-to-cart\" data-post-id=\"94275\" data-sku=\"XOW125W22A\" data-price=\"&lt;span class=&quot;woocommerce-Price-amount amount&quot;&gt;&lt;bdi&gt;77,82&lt;span class=&quot;woocommerce-Price-currencySymbol&quot;&gt;&euro;&lt;\/span&gt;&lt;\/bdi&gt;&lt;\/span&gt;\"  ><img decoding=\"async\" src=\"https:\/\/www.omnitrack.com\/wp-content\/themes\/omnitrack2023\/images\/cart-orange.svg\" alt=\"Cart icon\"> Comprar ahora<\/button><\/li>\t<\/ul><div class=\"omni-slider-controls\"><button class=\"omni-slider-prev\"><img src=\"https:\/\/www.omnitrack.com\/wp-content\/themes\/omnitrack2023\/images\/icon-arrow-blue-left.svg\" alt=\"Arrow left icon\" decoding=\"async\" loading=\"lazy\" alt=\"Arrow left icon\"><\/button> <button class=\"omni-slider-next\"><img src=\"https:\/\/www.omnitrack.com\/wp-content\/themes\/omnitrack2023\/images\/icon-arrow-blue-right.svg\" decoding=\"async\" loading=\"lazy\" alt=\"Arrow right icon\"><\/button><\/div><\/div><\/div>\n<\/section>\n<section id=\"cant-find\" class=\"row cpn-section py-5 two justify-content-between\"><div class=\"col-12 col-sm-6 col-lg-7 py-lg-4 pe-lg-5\">\n<h3 class=\"fontSize-2 fontSize-md-1\">\u00bfNo encuentra lo que busca?<\/h3>\n<p class=\"fontSize-4\">Intente buscar por palabras clave, n\u00fameros de pieza, carga, tipos de fijaci\u00f3n.<\/p>\n<div class=\"input-group\"><form class=\"form-search\"><div class=\"input-group\">  <input type=\"text\" name=\"s\" class=\"form-control field\" placeholder=\"Buscar referencia\">  <input type=\"hidden\" name=\"post-type\" value=\"product\"><\/div><\/form><\/div>\n<\/div>\n<div class=\"col-12 col-sm-6 col-lg-5 py-lg-4 pt-4 pt-sm-0\">\n<h3 class=\"fontSize-2 fontSize-md-1\">Free technical advice<\/h3>\n<p class=\"fontSize-4\">Phone: <b><a href=\"tel:+34911984543\">+34 911 984 543<br \/><\/a><\/b><\/p>\n<p class=\"fontSize-4\">Email: <b><a href=\"mailto:info@omnitrack.com\">info@omnitrack.com<\/a><\/b><\/p>\n<div class=\"mt-4\"> <a class=\"btn-ot green me-2 mb-3 mb-md-0 w100-mobile\" href=\"https:\/\/wa.me\/447759128207\" target=\"_blank\" rel=\"noopener\"><img decoding=\"async\" loading=\"lazy\" src=\"https:\/\/www.omnitrack.com\/wp-content\/themes\/omnitrack2023\/images\/icon-whatsapp.svg\"  alt=\"WhatsApp Omnitrack\"  \/> WhatsApp<\/a> <a class=\"btn-ot w100-mobile\" href=\"https:\/\/calendly.com\/omnitrack\/15min\" target=\"_blank\" rel=\"noopener\"><img decoding=\"async\" loading=\"lazy\" src=\"https:\/\/www.omnitrack.com\/wp-content\/themes\/omnitrack2023\/images\/icon-schedule.svg\"  alt=\"Agendar una llamada con Omnitrack\"  \/> Agendar una llamada<\/a><\/div>\n<\/div>\n<\/section>\n","protected":false},"excerpt":{"rendered":"<p>Las Omniwheels incorporan rodillos perif\u00e9ricos que proporcionan un movimiento de 360 grados y soportan elementos de forma irregular. Ideales para l\u00edneas de montaje e inspecci\u00f3n, alimentaci\u00f3n de m\u00e1quinas y zonas de embalaje. Sistemas de clasificaci\u00f3n autom\u00e1ticos y accionados disponibles \u2013 P\u00f3ngase en contacto con nosotros. (X) Materiales de carga y rodillos Las cargas pesadas requieren [&hellip;]<\/p>\n","protected":false},"author":7,"featured_media":0,"parent":95496,"menu_order":0,"comment_status":"closed","ping_status":"closed","template":"page-omniwheels.php","meta":{"inline_featured_image":false,"footnotes":""},"class_list":["post-95511","page","type-page","status-publish","hentry"],"acf":[],"_links":{"self":[{"href":"https:\/\/www.omnitrack.com\/es\/wp-json\/wp\/v2\/pages\/95511","targetHints":{"allow":["GET"]}}],"collection":[{"href":"https:\/\/www.omnitrack.com\/es\/wp-json\/wp\/v2\/pages"}],"about":[{"href":"https:\/\/www.omnitrack.com\/es\/wp-json\/wp\/v2\/types\/page"}],"author":[{"embeddable":true,"href":"https:\/\/www.omnitrack.com\/es\/wp-json\/wp\/v2\/users\/7"}],"replies":[{"embeddable":true,"href":"https:\/\/www.omnitrack.com\/es\/wp-json\/wp\/v2\/comments?post=95511"}],"version-history":[{"count":4,"href":"https:\/\/www.omnitrack.com\/es\/wp-json\/wp\/v2\/pages\/95511\/revisions"}],"predecessor-version":[{"id":107118,"href":"https:\/\/www.omnitrack.com\/es\/wp-json\/wp\/v2\/pages\/95511\/revisions\/107118"}],"up":[{"embeddable":true,"href":"https:\/\/www.omnitrack.com\/es\/wp-json\/wp\/v2\/pages\/95496"}],"wp:attachment":[{"href":"https:\/\/www.omnitrack.com\/es\/wp-json\/wp\/v2\/media?parent=95511"}],"curies":[{"name":"wp","href":"https:\/\/api.w.org\/{rel}","templated":true}]}}