{"id":95508,"date":"2023-02-08T00:50:57","date_gmt":"2023-02-08T00:50:57","guid":{"rendered":"https:\/\/www.omnitrack.com\/wheels-castors\/flexible-conveyors\/"},"modified":"2024-09-03T12:24:55","modified_gmt":"2024-09-03T12:24:55","slug":"transportadores-flexibles","status":"publish","type":"page","link":"https:\/\/www.omnitrack.com\/es\/ruedas-y-ruedecillas\/transportadores-flexibles\/","title":{"rendered":"Transportadores flexibles"},"content":{"rendered":"<section class=\"row cpn-section\">\n<div class=\"col-12\"><header class=\"row\">    <div class=\"col\">        <nav id=\"breadcrumb\">                    <\/nav>        <h1 class=\"fontSize-1\">Transportadores flexibles<\/h1>    <\/div>    <\/header><\/div>\n<div class=\"col-12 col-lg-7\">\n<p>Transportadores flexibles Omnitrack &#8211; M\u00f3dulos de transporte vers\u00e1tiles y m\u00f3viles. Los transportadores compactos se extienden hasta 3,6 veces su longitud retra\u00edda y sus robustas ruedas pueden ser bloqueadas una vez colocados. Todos los modelos son ajustables en altura y montados con ruedas de pat\u00edn para art\u00edculos planos y giros m\u00e1s cerrados, o con rodillos transportadores para un mayor soporte de art\u00edculos irregulares\/deformables. Los rodillos y las ruedas est\u00e1n fabricados en PVC de alto impacto y baja inercia.<\/p>\n<\/div>\n<div class=\"col-12 col-lg-5\">\n<ul class=\"blue-bullet clear-list mb-0\">\n<li>Capacidad de carga de 80 kg\/metro.<\/li>\n<li>Altura de trabajo regulable (650 &#8211; 1100 mm).<\/li>\n<li>Paso m\u00e1ximo del eje 125 mm (extendido).<\/li>\n<li>Ancho de transportador est\u00e1ndar de 400 mm o 600 mm.<\/li>\n<li>Otros modelos y materiales disponibles.<\/li>\n<\/ul>\n<\/div>\n<\/section>\n<div class=\"row cpn-section\">\n<div class=\"col\">\n<hr \/>\n<\/div>\n<\/div>\n<section class=\"row cpn-section\">\n<div class=\"col\">\n<div class=\"row mb-3 justify-content-center\">\n<div class=\"col-12 col-lg-4 pe-lg-4 mb-4 mb-lg-0\">\n<h2>Transportadores flexibles con ruedas de pat\u00edn<\/h2>\n<ul class=\"list-check clear-list fontSize-4 fontSize-md-3\">\n<li>Para elementos de base plana y para giros m\u00e1s cerrados.<\/li>\n<\/ul>\n<\/div>\n<div class=\"col-12 col-sm-7 d-lg-none text-center\"><img loading=\"lazy\" decoding=\"async\" class=\"img-fluid alignnone wp-image-79839 size-full\" src=\"https:\/\/www.omnitrack.com\/wp-content\/uploads\/2023\/03\/flexible-conveyors-skatewheel.webp\" alt=\"Transportadores flexibles con ruedas de pat\u00edn\" width=\"400\" height=\"500\" srcset=\"https:\/\/www.omnitrack.com\/wp-content\/uploads\/2023\/03\/flexible-conveyors-skatewheel.webp 400w, https:\/\/www.omnitrack.com\/wp-content\/uploads\/2023\/03\/flexible-conveyors-skatewheel-240x300.webp 240w\" sizes=\"auto, (max-width: 400px) 100vw, 400px\" \/><\/div>\n<div class=\"col-9 col-sm-4 col-lg-8 ps-lg-0\"><div class=\"row g-3 g-lg-4 mb-4\">\n<div class=\"col-12 col-lg-4\"><img loading=\"lazy\" decoding=\"async\" class=\"img-fluid img-border alignnone wp-image-79725 size-full\" src=\"https:\/\/www.omnitrack.com\/wp-content\/uploads\/2024\/09\/flexible_conveyors_1_es-1.webp\" alt=\"Transportadores flexibles\" width=\"400\" height=\"342\" \/><\/div>\n<div class=\"col-12 col-lg-4\"><img loading=\"lazy\" decoding=\"async\" class=\"img-fluid img-border alignnone wp-image-79726 size-full\" src=\"https:\/\/www.omnitrack.com\/wp-content\/uploads\/2024\/09\/flexible_conveyors_2_es-1.webp\" alt=\"Transportadores flexibles\" width=\"400\" height=\"342\" \/><\/div>\n<div class=\"col-12 col-lg-4\"><img loading=\"lazy\" decoding=\"async\" class=\"img-fluid img-border alignnone wp-image-79727 size-full\" src=\"https:\/\/www.omnitrack.com\/wp-content\/uploads\/2023\/03\/Flexible_Conveyors_3-1.webp\" alt=\"Diagrama de transportadores flexibles\" width=\"400\" height=\"342\" srcset=\"https:\/\/www.omnitrack.com\/wp-content\/uploads\/2023\/03\/Flexible_Conveyors_3-1.webp 400w, https:\/\/www.omnitrack.com\/wp-content\/uploads\/2023\/03\/Flexible_Conveyors_3-1-300x257.webp 300w\" sizes=\"auto, (max-width: 400px) 100vw, 400px\" \/><\/div>\n<\/div>\n<\/div>\n<\/div>\n<div class=\"row\">\n<div class=\"col-12 col-lg-4 pe-lg-4 d-none d-lg-block\"><img loading=\"lazy\" decoding=\"async\" class=\"img-fluid alignnone wp-image-79839 size-full\" src=\"https:\/\/www.omnitrack.com\/wp-content\/uploads\/2023\/03\/flexible-conveyors-skatewheel.webp\" alt=\"Transportadores flexibles con ruedas de pat\u00edn\" width=\"400\" height=\"500\" srcset=\"https:\/\/www.omnitrack.com\/wp-content\/uploads\/2023\/03\/flexible-conveyors-skatewheel.webp 400w, https:\/\/www.omnitrack.com\/wp-content\/uploads\/2023\/03\/flexible-conveyors-skatewheel-240x300.webp 240w\" sizes=\"auto, (max-width: 400px) 100vw, 400px\" \/><\/div>\n<div class=\"col-12 col-lg-8 ps-lg-0\"><div class=\"switcher mt-3 mt-md-0 mx-2 me-sm-0 ms-sm-5\">    <div class=\"switcher-title\"><b>Medidas del interruptor:<\/b> <\/span><\/div>    <button class=\"toggle-unit\" type=\"button\"><span class=\"switch-metric\">M\u00e9trico (mm\/kg)<\/span><span class=\"switch\"><\/span><span class=\"switch-imperial\">Imperial (pulgadas\/lb)<\/span><\/button><\/div>[omni_render_flexible_conveyors]<\/div>\n<\/div>\n<\/div>\n<\/section>\n<div class=\"row cpn-section\">\n<div class=\"col\">\n<hr \/>\n<\/div>\n<\/div>\n<section class=\"row cpn-section\">\n<div class=\"col\">\n<div class=\"row mb-3 justify-content-center\">\n<div class=\"col-12 col-lg-4 pe-lg-4 mb-4 mb-lg-0\">\n<h2>Transportadores flexibles (rodillos)<\/h2>\n<ul class=\"list-check clear-list fontSize-4 fontSize-md-3\">\n<li>Para una mayor sujeci\u00f3n de elementos irregulares\/deformables.<\/li>\n<\/ul>\n<\/div>\n<div class=\"col-12 col-sm-7 d-lg-none text-center mb-3\"><img loading=\"lazy\" decoding=\"async\" class=\"img-fluid alignnone wp-image-81091 size-full\" src=\"https:\/\/www.omnitrack.com\/wp-content\/uploads\/2023\/06\/Flexible_Conveyors_Roller_MB.webp\" alt=\"Transportadores flexibles de rodillos\" width=\"892\" height=\"619\" srcset=\"https:\/\/www.omnitrack.com\/wp-content\/uploads\/2023\/06\/Flexible_Conveyors_Roller_MB.webp 892w, https:\/\/www.omnitrack.com\/wp-content\/uploads\/2023\/06\/Flexible_Conveyors_Roller_MB-300x208.webp 300w, https:\/\/www.omnitrack.com\/wp-content\/uploads\/2023\/06\/Flexible_Conveyors_Roller_MB-768x533.webp 768w, https:\/\/www.omnitrack.com\/wp-content\/uploads\/2023\/06\/Flexible_Conveyors_Roller_MB-600x416.webp 600w\" sizes=\"auto, (max-width: 892px) 100vw, 892px\" \/><\/div>\n<div class=\"col-9 col-sm-4 col-lg-8 ps-lg-0\"><div class=\"row g-3 g-lg-4 mb-4\">\n<div class=\"col-12 col-lg-4\"><img loading=\"lazy\" decoding=\"async\" class=\"img-fluid img-border alignnone wp-image-79725 size-full\" src=\"https:\/\/www.omnitrack.com\/wp-content\/uploads\/2024\/09\/flexible_conveyors_1_es-1.webp\" alt=\"Transportadores flexibles\" width=\"400\" height=\"342\" \/><\/div>\n<div class=\"col-12 col-lg-4\"><img loading=\"lazy\" decoding=\"async\" class=\"img-fluid img-border alignnone wp-image-79726 size-full\" src=\"https:\/\/www.omnitrack.com\/wp-content\/uploads\/2024\/09\/flexible_conveyors_2_es-1.webp\" alt=\"Transportadores flexibles\" width=\"400\" height=\"342\" \/><\/div>\n<div class=\"col-12 col-lg-4\"><img loading=\"lazy\" decoding=\"async\" class=\"img-fluid img-border alignnone wp-image-79727 size-full\" src=\"https:\/\/www.omnitrack.com\/wp-content\/uploads\/2023\/03\/Flexible_Conveyors_3-1.webp\" alt=\"Diagrama de transportadores flexibles\" width=\"400\" height=\"342\" srcset=\"https:\/\/www.omnitrack.com\/wp-content\/uploads\/2023\/03\/Flexible_Conveyors_3-1.webp 400w, https:\/\/www.omnitrack.com\/wp-content\/uploads\/2023\/03\/Flexible_Conveyors_3-1-300x257.webp 300w\" sizes=\"auto, (max-width: 400px) 100vw, 400px\" \/><\/div>\n<\/div>\n<\/div>\n<\/div>\n<div class=\"row\">\n<div class=\"col-12 col-lg-4 pe-lg-4 d-none d-lg-block\"><img loading=\"lazy\" decoding=\"async\" class=\"img-fluid alignnone wp-image-79087 size-full\" src=\"https:\/\/www.omnitrack.com\/wp-content\/uploads\/2023\/03\/Flexible_Conveyors_Roller.webp\" alt=\"Transportadores flexibles de rodillos\" width=\"600\" height=\"600\" srcset=\"https:\/\/www.omnitrack.com\/wp-content\/uploads\/2023\/03\/Flexible_Conveyors_Roller.webp 600w, https:\/\/www.omnitrack.com\/wp-content\/uploads\/2023\/03\/Flexible_Conveyors_Roller-300x300.webp 300w, https:\/\/www.omnitrack.com\/wp-content\/uploads\/2023\/03\/Flexible_Conveyors_Roller-150x150.webp 150w, https:\/\/www.omnitrack.com\/wp-content\/uploads\/2023\/03\/Flexible_Conveyors_Roller-100x100.webp 100w\" sizes=\"auto, (max-width: 600px) 100vw, 600px\" \/><\/div>\n<div class=\"col-12 col-lg-8 ps-lg-0\"><div class=\"switcher mt-3 mt-md-0 mx-2 me-sm-0 ms-sm-5\">    <div class=\"switcher-title\"><b>Medidas del interruptor:<\/b> <\/span><\/div>    <button class=\"toggle-unit\" type=\"button\"><span class=\"switch-metric\">M\u00e9trico (mm\/kg)<\/span><span class=\"switch\"><\/span><span class=\"switch-imperial\">Imperial (pulgadas\/lb)<\/span><\/button><\/div>[omni_render_flexible_rollers]<\/div>\n<\/div>\n<\/div>\n<\/section>\n<div class=\"row cpn-section\">\n<div class=\"col\">\n<hr \/>\n<\/div>\n<\/div>\n<section class=\"row cpn-section pb-5\">\n<div class=\"col\">\n<div class=\"row mb-3\">\n<div class=\"col\">\n<h2>Piezas Opcionales<\/h2>\n<\/div>\n<\/div>\n<ul class=\"row clear-list optional-parts-list\">\n<li class=\"col-12 col-sm-6 col-md-3 mb-4 mb-lg-0\">\n<div class=\"row\">\n<div class=\"col-6 col-md-12\"><img loading=\"lazy\" decoding=\"async\" class=\"img-fluid img-border mb-3 alignnone wp-image-79841 size-full\" src=\"https:\/\/www.omnitrack.com\/wp-content\/uploads\/2023\/03\/CH1_Connecting_Hook-1.webp\" alt=\"Ganchos de conexi\u00f3n\" width=\"490\" height=\"356\" srcset=\"https:\/\/www.omnitrack.com\/wp-content\/uploads\/2023\/03\/CH1_Connecting_Hook-1.webp 490w, https:\/\/www.omnitrack.com\/wp-content\/uploads\/2023\/03\/CH1_Connecting_Hook-1-300x218.webp 300w\" sizes=\"auto, (max-width: 490px) 100vw, 490px\" \/><\/div>\n<div class=\"col-6 col-md-12 text-md-center\">\n<h3>Ganchos de conexi\u00f3n (1 par)<\/h3>\n<p><small>CH1 &#8211; Enlace de varios transportadores.<\/small> <br \/>\n<span class=\"from-price\">de<\/span> <span class=\"woocommerce-Price-amount amount\"><bdi>46,08<span class=\"woocommerce-Price-currencySymbol\">&euro;<\/span><\/bdi><\/span><br \/>\n<button class=\"btn-table orange-one btn-add-to-cart\" type=\"button\" data-action=\"add-to-cart\" data-post-id=\"94495\" data-sku=\"CH1\" data-price=\"&lt;span class=&quot;woocommerce-Price-amount amount&quot;&gt;&lt;bdi&gt;46,08&lt;span class=&quot;woocommerce-Price-currencySymbol&quot;&gt;&euro;&lt;\/span&gt;&lt;\/bdi&gt;&lt;\/span&gt;\"  ><img decoding=\"async\" src=\"https:\/\/www.omnitrack.com\/wp-content\/themes\/omnitrack2023\/images\/cart-orange.svg\" alt=\"Cart icon\"> Comprar ahora<\/button><\/div>\n<\/div>\n<\/li>\n<li class=\"col-12 col-sm-6 col-md-3 mb-4 mb-lg-0\">\n<div class=\"row\">\n<div class=\"col-6 col-md-12\"><img loading=\"lazy\" decoding=\"async\" class=\"img-fluid img-border mb-3 alignnone wp-image-79842 size-full\" src=\"https:\/\/www.omnitrack.com\/wp-content\/uploads\/2023\/03\/ES400_ES600_End_Stops.webp\" alt=\"ES400 ES600 Topes finales Transportadores flexibles\" width=\"490\" height=\"356\" srcset=\"https:\/\/www.omnitrack.com\/wp-content\/uploads\/2023\/03\/ES400_ES600_End_Stops.webp 490w, https:\/\/www.omnitrack.com\/wp-content\/uploads\/2023\/03\/ES400_ES600_End_Stops-300x218.webp 300w\" sizes=\"auto, (max-width: 490px) 100vw, 490px\" \/><\/div>\n<div class=\"col-6 col-md-12 text-md-center\">\n<h3>Tope final (400 mm de ancho)<\/h3>\n<p><small>ES400<\/small><br \/>\n<span class=\"from-price\">de<\/span> <span class=\"woocommerce-Price-amount amount\"><bdi>67,68<span class=\"woocommerce-Price-currencySymbol\">&euro;<\/span><\/bdi><\/span><br \/>\n<button class=\"btn-table orange-one btn-add-to-cart\" type=\"button\" data-action=\"add-to-cart\" data-post-id=\"94484\" data-sku=\"ES400\" data-price=\"&lt;span class=&quot;woocommerce-Price-amount amount&quot;&gt;&lt;bdi&gt;67,68&lt;span class=&quot;woocommerce-Price-currencySymbol&quot;&gt;&euro;&lt;\/span&gt;&lt;\/bdi&gt;&lt;\/span&gt;\"  ><img decoding=\"async\" src=\"https:\/\/www.omnitrack.com\/wp-content\/themes\/omnitrack2023\/images\/cart-orange.svg\" alt=\"Cart icon\"> Comprar ahora<\/button><\/div>\n<\/div>\n<\/li>\n<li class=\"col-12 col-sm-6 col-md-3 mb-4 mb-lg-0\">\n<div class=\"row\">\n<div class=\"col-6 col-md-12\"><img loading=\"lazy\" decoding=\"async\" class=\"img-fluid img-border mb-3 alignnone wp-image-79842 size-full\" src=\"https:\/\/www.omnitrack.com\/wp-content\/uploads\/2023\/03\/ES400_ES600_End_Stops.webp\" alt=\"ES400 ES600 Topes finales Transportadores flexibles\" width=\"490\" height=\"356\" srcset=\"https:\/\/www.omnitrack.com\/wp-content\/uploads\/2023\/03\/ES400_ES600_End_Stops.webp 490w, https:\/\/www.omnitrack.com\/wp-content\/uploads\/2023\/03\/ES400_ES600_End_Stops-300x218.webp 300w\" sizes=\"auto, (max-width: 490px) 100vw, 490px\" \/><\/div>\n<div class=\"col-6 col-md-12 text-md-center\">\n<h3>Tope final (600 mm de ancho)<\/h3>\n<p><small>ES600<\/small><br \/>\n<span class=\"from-price\">de<\/span> <span class=\"woocommerce-Price-amount amount\"><bdi>67,68<span class=\"woocommerce-Price-currencySymbol\">&euro;<\/span><\/bdi><\/span><br \/>\n<button class=\"btn-table orange-one btn-add-to-cart\" type=\"button\" data-action=\"add-to-cart\" data-post-id=\"94485\" data-sku=\"ES600\" data-price=\"&lt;span class=&quot;woocommerce-Price-amount amount&quot;&gt;&lt;bdi&gt;67,68&lt;span class=&quot;woocommerce-Price-currencySymbol&quot;&gt;&euro;&lt;\/span&gt;&lt;\/bdi&gt;&lt;\/span&gt;\"  ><img decoding=\"async\" src=\"https:\/\/www.omnitrack.com\/wp-content\/themes\/omnitrack2023\/images\/cart-orange.svg\" alt=\"Cart icon\"> Comprar ahora<\/button><\/div>\n<\/div>\n<\/li>\n<li class=\"col-12 col-sm-6 col-md-3 mb-4 mb-lg-0\">\n<div class=\"row\">\n<div class=\"col-6 col-md-12\"><a href=\"https:\/\/www.omnitrack.com\/es\/mesas-y-plataformas-de-bolas-transportadoras\/\"><img loading=\"lazy\" decoding=\"async\" class=\"img-fluid img-border mb-3 alignnone wp-image-79708 size-full\" src=\"https:\/\/www.omnitrack.com\/wp-content\/uploads\/2024\/09\/ball_platforms_tables.webp\" alt=\"Transportadores flexibles con mesa de bolas transportadoras\" width=\"316\" height=\"236\" \/><\/a><\/div>\n<div class=\"col-6 col-md-12 text-md-center\">\n<h3>Plataformas y mesas de bolas<\/h3>\n<p><small><a href=\"https:\/\/www.omnitrack.com\/es\/mesas-y-plataformas-de-bolas-transportadoras\/\">Considere tambi\u00e9n<\/a><\/small><\/div>\n<\/div>\n<\/li>\n<\/ul>\n<\/div>\n<\/section>\n<section id=\"cant-find\" class=\"row cpn-section py-5 two justify-content-between\"><div class=\"col-12 col-sm-6 col-lg-7 py-lg-4 pe-lg-5\">\n<h3 class=\"fontSize-2 fontSize-md-1\">\u00bfNo encuentra lo que busca?<\/h3>\n<p class=\"fontSize-4\">Intente buscar por palabras clave, n\u00fameros de pieza, carga, tipos de fijaci\u00f3n.<\/p>\n<div class=\"input-group\"><form class=\"form-search\"><div class=\"input-group\">  <input type=\"text\" name=\"s\" class=\"form-control field\" placeholder=\"Buscar referencia\">  <input type=\"hidden\" name=\"post-type\" value=\"product\"><\/div><\/form><\/div>\n<\/div>\n<div class=\"col-12 col-sm-6 col-lg-5 py-lg-4 pt-4 pt-sm-0\">\n<h3 class=\"fontSize-2 fontSize-md-1\">Free technical advice<\/h3>\n<p class=\"fontSize-4\">Phone: <b><a href=\"tel:+34911984543\">+34 911 984 543<br \/><\/a><\/b><\/p>\n<p class=\"fontSize-4\">Email: <b><a href=\"mailto:info@omnitrack.com\">info@omnitrack.com<\/a><\/b><\/p>\n<div class=\"mt-4\"> <a class=\"btn-ot green me-2 mb-3 mb-md-0 w100-mobile\" href=\"https:\/\/wa.me\/447759128207\" target=\"_blank\" rel=\"noopener\"><img decoding=\"async\" loading=\"lazy\" src=\"https:\/\/www.omnitrack.com\/wp-content\/themes\/omnitrack2023\/images\/icon-whatsapp.svg\"  alt=\"WhatsApp Omnitrack\"  \/> WhatsApp<\/a> <a class=\"btn-ot w100-mobile\" href=\"https:\/\/calendly.com\/omnitrack\/15min\" target=\"_blank\" rel=\"noopener\"><img decoding=\"async\" loading=\"lazy\" src=\"https:\/\/www.omnitrack.com\/wp-content\/themes\/omnitrack2023\/images\/icon-schedule.svg\"  alt=\"Agendar una llamada con Omnitrack\"  \/> Agendar una llamada<\/a><\/div>\n<\/div>\n<\/section>\n","protected":false},"excerpt":{"rendered":"<p>Transportadores flexibles Omnitrack &#8211; M\u00f3dulos de transporte vers\u00e1tiles y m\u00f3viles. Los transportadores compactos se extienden hasta 3,6 veces su longitud retra\u00edda y sus robustas ruedas pueden ser bloqueadas una vez colocados. Todos los modelos son ajustables en altura y montados con ruedas de pat\u00edn para art\u00edculos planos y giros m\u00e1s cerrados, o con rodillos transportadores [&hellip;]<\/p>\n","protected":false},"author":7,"featured_media":0,"parent":95496,"menu_order":0,"comment_status":"closed","ping_status":"closed","template":"page-flexible-conveyors.php","meta":{"inline_featured_image":false,"footnotes":""},"class_list":["post-95508","page","type-page","status-publish","hentry"],"acf":[],"_links":{"self":[{"href":"https:\/\/www.omnitrack.com\/es\/wp-json\/wp\/v2\/pages\/95508","targetHints":{"allow":["GET"]}}],"collection":[{"href":"https:\/\/www.omnitrack.com\/es\/wp-json\/wp\/v2\/pages"}],"about":[{"href":"https:\/\/www.omnitrack.com\/es\/wp-json\/wp\/v2\/types\/page"}],"author":[{"embeddable":true,"href":"https:\/\/www.omnitrack.com\/es\/wp-json\/wp\/v2\/users\/7"}],"replies":[{"embeddable":true,"href":"https:\/\/www.omnitrack.com\/es\/wp-json\/wp\/v2\/comments?post=95508"}],"version-history":[{"count":3,"href":"https:\/\/www.omnitrack.com\/es\/wp-json\/wp\/v2\/pages\/95508\/revisions"}],"predecessor-version":[{"id":106021,"href":"https:\/\/www.omnitrack.com\/es\/wp-json\/wp\/v2\/pages\/95508\/revisions\/106021"}],"up":[{"embeddable":true,"href":"https:\/\/www.omnitrack.com\/es\/wp-json\/wp\/v2\/pages\/95496"}],"wp:attachment":[{"href":"https:\/\/www.omnitrack.com\/es\/wp-json\/wp\/v2\/media?parent=95508"}],"curies":[{"name":"wp","href":"https:\/\/api.w.org\/{rel}","templated":true}]}}