{"id":95504,"date":"2023-01-26T12:02:36","date_gmt":"2023-01-26T12:02:36","guid":{"rendered":"https:\/\/www.omnitrack.com\/ball-transfer-units\/light-duty\/"},"modified":"2024-08-15T02:33:52","modified_gmt":"2024-08-15T02:33:52","slug":"baja-capacidad","status":"publish","type":"page","link":"https:\/\/www.omnitrack.com\/es\/bolas-transportadoras\/baja-capacidad\/","title":{"rendered":"Baja Capacidad"},"content":{"rendered":"<section id=\"header-product-one\" class=\"row cpn-section\">\n<div class=\"col\"><header class=\"row\">    <div class=\"col\">        <nav id=\"breadcrumb\">                    <\/nav>        <h1 class=\"fontSize-1\">Baja Capacidad<\/h1>    <\/div>    <\/header><\/div>\n<div><strong><span style=\"font-size: 24px;\">Bolas transportadoras de baja capacidad<\/span><\/strong><\/div>\n<\/section>\n<section id=\"category-list-two\" class=\"row cpn-section\">\n<div class=\"col\"><ul class=\"row category-list clear-list g-3 g-sm-4\"><li class=\"col-6 col-sm-4 col-lg-3 col-xl-3 col-xxl-20 \">    <a href=\"https:\/\/www.omnitrack.com\/es\/ball-transfer-units\/light-duty\/l-series-push-fit-clip-fixing-range\/\" class=\"category-list-item\" alt=\"Serie L-Unidades de transferencia de bolas con anillo de tolerancia\">        <img loading=\"lazy\" decoding=\"async\" width=\"150\" height=\"150\" src=\"https:\/\/www.omnitrack.com\/wp-content\/uploads\/2023\/03\/L-Clip.webp\" class=\"img-fluid\" alt=\"Transfer Unit\" srcset=\"https:\/\/www.omnitrack.com\/wp-content\/uploads\/2023\/03\/L-Clip.webp 600w, https:\/\/www.omnitrack.com\/wp-content\/uploads\/2023\/03\/L-Clip-300x300.webp 300w, https:\/\/www.omnitrack.com\/wp-content\/uploads\/2023\/03\/L-Clip-150x150.webp 150w, https:\/\/www.omnitrack.com\/wp-content\/uploads\/2023\/03\/L-Clip-100x100.webp 100w\" sizes=\"auto, (max-width: 150px) 100vw, 150px\" \/>        <h3 class=\"fontSize-4 fontSize-sm-3 mb-0 mb-sm-2\">Serie L<\/h3>                    <small>Unidades de transferencia de bolas con anillo de tolerancia<\/small>                    <\/a><\/li><li class=\"col-6 col-sm-4 col-lg-3 col-xl-3 col-xxl-20 \">    <a href=\"https:\/\/www.omnitrack.com\/es\/ball-transfer-units\/light-duty\/ld-series-saturn-type\/\" class=\"category-list-item\" alt=\"Serie LD-Unidades de transferencia de bolas tipo Saturno\">        <img loading=\"lazy\" decoding=\"async\" width=\"150\" height=\"150\" src=\"https:\/\/www.omnitrack.com\/wp-content\/uploads\/2023\/03\/LD_2.webp\" class=\"img-fluid\" alt=\"saturn type ball transfer unit\" srcset=\"https:\/\/www.omnitrack.com\/wp-content\/uploads\/2023\/03\/LD_2.webp 800w, https:\/\/www.omnitrack.com\/wp-content\/uploads\/2023\/03\/LD_2-300x300.webp 300w, https:\/\/www.omnitrack.com\/wp-content\/uploads\/2023\/03\/LD_2-150x150.webp 150w, https:\/\/www.omnitrack.com\/wp-content\/uploads\/2023\/03\/LD_2-768x768.webp 768w, https:\/\/www.omnitrack.com\/wp-content\/uploads\/2023\/03\/LD_2-600x600.webp 600w, https:\/\/www.omnitrack.com\/wp-content\/uploads\/2023\/03\/LD_2-100x100.webp 100w\" sizes=\"auto, (max-width: 150px) 100vw, 150px\" \/>        <h3 class=\"fontSize-4 fontSize-sm-3 mb-0 mb-sm-2\">Serie LD<\/h3>                    <small>Unidades de transferencia de bolas tipo Saturno<\/small>                    <\/a><\/li><li class=\"col-6 col-sm-4 col-lg-3 col-xl-3 col-xxl-20 \">    <a href=\"https:\/\/www.omnitrack.com\/es\/ball-transfer-units\/light-duty\/lf-series-flange-mounted\/\" class=\"category-list-item\" alt=\"Serie LF-Unidades de transferencia de bolas con brida\">        <img loading=\"lazy\" decoding=\"async\" width=\"150\" height=\"150\" src=\"https:\/\/www.omnitrack.com\/wp-content\/uploads\/2023\/03\/LF.webp\" class=\"img-fluid\" alt=\"flange mounted 4 holes\" srcset=\"https:\/\/www.omnitrack.com\/wp-content\/uploads\/2023\/03\/LF.webp 800w, https:\/\/www.omnitrack.com\/wp-content\/uploads\/2023\/03\/LF-300x300.webp 300w, https:\/\/www.omnitrack.com\/wp-content\/uploads\/2023\/03\/LF-150x150.webp 150w, https:\/\/www.omnitrack.com\/wp-content\/uploads\/2023\/03\/LF-768x768.webp 768w, https:\/\/www.omnitrack.com\/wp-content\/uploads\/2023\/03\/LF-600x600.webp 600w, https:\/\/www.omnitrack.com\/wp-content\/uploads\/2023\/03\/LF-100x100.webp 100w\" sizes=\"auto, (max-width: 150px) 100vw, 150px\" \/>        <h3 class=\"fontSize-4 fontSize-sm-3 mb-0 mb-sm-2\">Serie LF<\/h3>                    <small>Unidades de transferencia de bolas con brida<\/small>                    <\/a><\/li><li class=\"col-6 col-sm-4 col-lg-3 col-xl-3 col-xxl-20 \">    <a href=\"https:\/\/www.omnitrack.com\/es\/ball-transfer-units\/light-duty\/lm-series-cased-spring-loaded\/\" class=\"category-list-item\" alt=\"Serie LM-Unidades de transferencia de bolas accionadas por resorte con carcasa\">        <img loading=\"lazy\" decoding=\"async\" width=\"150\" height=\"150\" src=\"https:\/\/www.omnitrack.com\/wp-content\/uploads\/2023\/03\/LM.webp\" class=\"img-fluid\" alt=\"light duty ball transfer\" srcset=\"https:\/\/www.omnitrack.com\/wp-content\/uploads\/2023\/03\/LM.webp 800w, https:\/\/www.omnitrack.com\/wp-content\/uploads\/2023\/03\/LM-300x300.webp 300w, https:\/\/www.omnitrack.com\/wp-content\/uploads\/2023\/03\/LM-150x150.webp 150w, https:\/\/www.omnitrack.com\/wp-content\/uploads\/2023\/03\/LM-768x768.webp 768w, https:\/\/www.omnitrack.com\/wp-content\/uploads\/2023\/03\/LM-600x600.webp 600w, https:\/\/www.omnitrack.com\/wp-content\/uploads\/2023\/03\/LM-100x100.webp 100w\" sizes=\"auto, (max-width: 150px) 100vw, 150px\" \/>        <h3 class=\"fontSize-4 fontSize-sm-3 mb-0 mb-sm-2\">Serie LM<\/h3>                    <small>Unidades de transferencia de bolas accionadas por resorte con carcasa<\/small>                    <\/a><\/li><li class=\"col-6 col-sm-4 col-lg-3 col-xl-3 col-xxl-20 \">    <a href=\"https:\/\/www.omnitrack.com\/es\/ball-transfer-units\/light-duty\/lp-series-all-plastic-clip-fixing-range\/\" class=\"category-list-item\" alt=\"Serie LP-Todas las unidades de transferencia de bolas de pl\u00e1stico y de la gama de fijaci\u00f3n por clip\">        <img loading=\"lazy\" decoding=\"async\" width=\"150\" height=\"150\" src=\"https:\/\/www.omnitrack.com\/wp-content\/uploads\/2023\/03\/LPSS_LK.webp\" class=\"img-fluid\" alt=\"Transfer Unit\" srcset=\"https:\/\/www.omnitrack.com\/wp-content\/uploads\/2023\/03\/LPSS_LK.webp 600w, https:\/\/www.omnitrack.com\/wp-content\/uploads\/2023\/03\/LPSS_LK-300x300.webp 300w, https:\/\/www.omnitrack.com\/wp-content\/uploads\/2023\/03\/LPSS_LK-150x150.webp 150w, https:\/\/www.omnitrack.com\/wp-content\/uploads\/2023\/03\/LPSS_LK-100x100.webp 100w\" sizes=\"auto, (max-width: 150px) 100vw, 150px\" \/>        <h3 class=\"fontSize-4 fontSize-sm-3 mb-0 mb-sm-2\">Serie LP<\/h3>                    <small>Todas las unidades de transferencia de bolas de pl\u00e1stico y de la gama de fijaci\u00f3n por clip<\/small>                    <\/a><\/li><li class=\"col-6 col-sm-4 col-lg-3 col-xl-3 col-xxl-20 \">    <a href=\"https:\/\/www.omnitrack.com\/es\/ball-transfer-units\/light-duty\/ball-transfer-rails\/\" class=\"category-list-item\" alt=\"Ra\u00edles de bolas transportadoras\">        <img loading=\"lazy\" decoding=\"async\" width=\"150\" height=\"150\" src=\"https:\/\/www.omnitrack.com\/wp-content\/uploads\/2023\/03\/R15-1.webp\" class=\"img-fluid\" alt=\"Rails\" srcset=\"https:\/\/www.omnitrack.com\/wp-content\/uploads\/2023\/03\/R15-1.webp 600w, https:\/\/www.omnitrack.com\/wp-content\/uploads\/2023\/03\/R15-1-300x300.webp 300w, https:\/\/www.omnitrack.com\/wp-content\/uploads\/2023\/03\/R15-1-150x150.webp 150w, https:\/\/www.omnitrack.com\/wp-content\/uploads\/2023\/03\/R15-1-100x100.webp 100w\" sizes=\"auto, (max-width: 150px) 100vw, 150px\" \/>        <h3 class=\"fontSize-4 fontSize-sm-3 mb-0 mb-sm-2\">Ra\u00edles de bolas transportadoras<\/h3>                    <\/a><\/li><\/ul><\/div>\n<\/section>\n<div class=\"row cpn-section\">\n<div class=\"col\">\n<hr \/>\n<\/div>\n<\/div>\n<section id=\"icons-grid-one\" class=\"row cpn-section\">\n<div class=\"col-12 col-sm-5 col-xl-6 col-xxl-7 fontSize-4 text-content\">\n<ul>\n<li>Las <a href=\"https:\/\/www.omnitrack.com\/es\/bolas-transportadoras\/\">bolas transportadoras<\/a> de baja capacidad son ideales para aplicaciones de transporte que requieren la orientaci\u00f3n &#8216;hacia arriba&#8217; de las bolas.<\/li>\n<li>Las unidades de acero prensado est\u00e1n lubricadas de por vida y la mayor\u00eda de los tipos tienen opciones de materiales alternativos para adaptarse al servicio en diversos entornos operativos.<\/li>\n<li>Las unidades &#8216;de pl\u00e1stico&#8217; LP son amagn\u00e9ticas, ligeras y ofrecen una resistencia total a la corrosi\u00f3n.<\/li>\n<\/ul>\n<\/div>\n<div class=\"col-12 col-sm-7 col-xl-6 col-xxl-5\"><div class=\"grid-wrap\">\n<div class=\"row g-2 g-sm-3 mb-2 mb-sm-3\">\n<div class=\"col-4\">\n<div class=\"grid-item\"><img decoding=\"async\" loading=\"lazy\" src=\"https:\/\/www.omnitrack.com\/wp-content\/themes\/omnitrack2023\/images\/icon-low-friction.svg\" class=\"ico-icons-grid\" alt=\"Baja fricci\u00f3n\"  \/> Baja fricci\u00f3n<br \/>1 : 0,03<\/div>\n<\/div>\n<div class=\"col-4\">\n<div class=\"grid-item\"><img decoding=\"async\" loading=\"lazy\" src=\"https:\/\/www.omnitrack.com\/wp-content\/themes\/omnitrack2023\/images\/icon-speed.svg\" class=\"ico-icons-grid\" alt=\"Velocidad\"  \/> Velocidad<br \/>1m\/sec <small><\/small><\/div>\n<\/div>\n<div class=\"col-4\">\n<div class=\"grid-item\"><img decoding=\"async\" loading=\"lazy\" src=\"https:\/\/www.omnitrack.com\/wp-content\/themes\/omnitrack2023\/images\/icon-temperature.svg\" class=\"ico-icons-grid\" alt=\"Temperatura\"  \/> Temperatura<br \/>-20\/+80\u00baC <small><\/small><\/div>\n<\/div>\n<\/div>\n<div class=\"row g-2 g-sm-3\">\n<div class=\"col-4\">\n<div class=\"grid-item\">\n<div><img decoding=\"async\" loading=\"lazy\" src=\"https:\/\/www.omnitrack.com\/wp-content\/themes\/omnitrack2023\/images\/icon-orientation-horizontal-up.webp\" class=\"ico-icons-grid\" alt=\"Orientaci\u00f3n Horizontal \/ Arriba\"  \/><\/div>\n<p>Orientaci\u00f3n Horizontal \/ Arriba <small><\/small><\/p>\n<\/div>\n<\/div>\n<div class=\"col-4\">\n<div class=\"grid-item\"><img decoding=\"async\" loading=\"lazy\" src=\"https:\/\/www.omnitrack.com\/wp-content\/themes\/omnitrack2023\/images\/icon-economy-value.svg\" class=\"ico-icons-grid\" alt=\"Econom\u00eda y valor\"  \/> Econom\u00eda y valor <small><\/small><\/div>\n<\/div>\n<\/div>\n<\/div>\n<\/div>\n<\/section>\n<div class=\"row cpn-section\">\n<div class=\"col\">\n<hr \/>\n<\/div>\n<\/div>\n<section id=\"page-content\" class=\"row cpn-section\">\n<div class=\"col\">\n<h2>Bolas transportadoras de baja capacidad<\/h2>\n<h3>Bolas transportadoras de baja capacidad (excepto serie LP) \u2013 Construcci\u00f3n<\/h3>\n<p>Las bolas transportadoras de baja capacidad se ensamblan a partir de componentes de chapa de acero prensada, excepto la serie LP, que se mecaniza a partir de una barra maciza de acetal. Todos los dise\u00f1os de bolas transportadoras de baja capacidad incorporan una copa semiesf\u00e9rica para la recirculaci\u00f3n de las peque\u00f1as bolas de soporte. Esto permite una rotaci\u00f3n suave de la bola que sobresale y soporta la carga. Todas las bolas transportadoras de baja capacidad (excepto LP) incorporan una copa de soporte tratada t\u00e9rmicamente que es resistente al desgaste.<\/p>\n<\/div>\n<\/section>\n<div class=\"row cpn-section\">\n<div class=\"col\">\n<hr \/>\n<\/div>\n<\/div>\n<section class=\"row cpn-section\">\n<div class=\"col\">\n<h3>Configuraciones de material para bolas transportadoras de baja capacidad (excepto serie LP)<\/h3>\n<ul>\n<li>Est\u00e1ndar \u2013 prensados de chapa de acero cincado y bolas de acero al carbono para uso general en interiores.<\/li>\n<li>Los n\u00fameros de pieza que terminan en A indican bolas de acero inoxidable dentro de acero prensado zincado, lo que ofrece una mayor resistencia a la corrosi\u00f3n o a la temperatura.<\/li>\n<li>Las piezas que terminan en SS est\u00e1n fabricadas totalmente en acero inoxidable, que resiste mejor la corrosi\u00f3n y las temperaturas altas y bajas.<\/li>\n<li>Los n\u00fameros de pieza que terminan en D utilizan una bola principal de acetal (POM) para el transporte suave de art\u00edculos delicados que pueden ser propensos a marcas\/ara\u00f1azos.<\/li>\n<\/ul>\n<\/div>\n<\/section>\n<div class=\"row cpn-section\">\n<div class=\"col\">\n<hr \/>\n<\/div>\n<\/div>\n<section class=\"row cpn-section\">\n<div class=\"col\">\n<h3>Serie LP \u2013 Bolas transportadoras de baja capacidad \u2013 Construcci\u00f3n<\/h3>\n<p>LP se diferencian de otras unidades de transferencia de bolas ligeras en que est\u00e1n mecanizadas con precisi\u00f3n a partir de polioximetileno (POM) s\u00f3lido. Se trata de un pol\u00edmero (pl\u00e1stico) de ingenier\u00eda de alta calidad.<\/p>\n<p>Las bolas transportadoras LP est\u00e1n equipadas con bolas de Delrin o bolas de acero inoxidable de calidad marina AISI 316 (a\u00f1ada el sufijo \u00abA\u00bb).<\/p>\n<p>Este grado austen\u00edtico de acero inoxidable tiene una resistencia excepcional al ataque corrosivo de la sal o el agua de mar. Los grados marinos de los aceros inoxidables CR son relativamente blandos, por lo que ofrecen una capacidad de carga limitada. Las bolas transportadoras serie LP son amagn\u00e9ticas y ofrecen una excelente resistencia a los ataques qu\u00edmicos.<\/p>\n<p>Si se requieren propiedades que no dejen marcas, considere tambi\u00e9n nuestras bolas transportadoras de baja capacidad serie L y serie M con el sufijo \u00abD\u00bb de mejora de bola. Son dimensionalmente compatibles con la serie LP.<\/p>\n<p>Estas unidades de eurobola ofrecen un transporte delicado de superficies pintadas o delicadas. Ambas pueden utilizar clips K (chapa de acero galvanizado) y clips C (acero inoxidable) para un montaje y sustituci\u00f3n r\u00e1pidos.<\/p>\n<\/div>\n<\/section>\n<div class=\"row cpn-section\">\n<div class=\"col\">\n<hr \/>\n<\/div>\n<\/div>\n<section class=\"row cpn-section\">\n<div class=\"col\">\n<h3>Juntas de fieltro<\/h3>\n<p>Las bolas transportadoras con una bola principal de m\u00e1s de 19 mm de di\u00e1metro incorporan una junta de fieltro para reducir la entrada de contaminantes, fluidos y residuos.<\/p>\n<\/div>\n<\/section>\n<div class=\"row cpn-section\">\n<div class=\"col\">\n<hr \/>\n<\/div>\n<\/div>\n<section class=\"row cpn-section\">\n<div class=\"col\">\n<h3>Lubricaci\u00f3n<\/h3>\n<p>La mayor\u00eda de las bolas transportadoras de baja capacidad se montan de por vida con aceite ligero de m\u00e1quina para evitar que se empa\u00f1en durante el transporte y el almacenamiento.<\/p>\n<p>Las siguientes bolas transportadoras de baja capacidad se montan en seco (sin lubricaci\u00f3n):<\/p>\n<ul>\n<li>Sufijo \u00abSS\u00bb \u2013 Todas las unidades de acero inoxidable<\/li>\n<li>Unidades de mejora de bolas \u00abD\u00bb Delrin\/POM<\/li>\n<li>Gama LP de pl\u00e1stico<\/li>\n<\/ul>\n<\/div>\n<\/section>\n<div class=\"row cpn-section\">\n<div class=\"col\">\n<hr \/>\n<\/div>\n<\/div>\n<section class=\"row cpn-section\">\n<div class=\"col\">\n<h3>\u00bfQu\u00e9 ocurre con los entornos operativos h\u00famedos y sucios?<\/h3>\n<p>Los materiales est\u00e1ndar utilizan una copa de soporte interna de hierro endurecido, a veces denominada pista de bolas. Con prensados de acero y bolas de acero al carbono, ideal para uso en interiores limpios y secos.<\/p>\n<p>Las condiciones de funcionamiento dif\u00edciles pueden requerir otros materiales que se adapten mejor al entorno. Los entornos de altas temperaturas y corrosivos requieren acero inoxidable para resistir mejor el calor alto\/bajo y los ataques qu\u00edmicos y corrosivos:<\/p>\n<ul>\n<li>Sufijo \u00abSS\u00bb \u2013 Todas las piezas son de acero inoxidable para ofrecer la m\u00e1xima resistencia.<\/li>\n<li>Sufijo \u00abA\u00bb \u2013 S\u00f3lo bolas de acero inoxidable.<\/li>\n<li>El acero inoxidable AISI420 tiene una dureza inferior a la de los materiales est\u00e1ndar. Por lo tanto, reduzca la capacidad de carga m\u00e1xima especificada.<\/li>\n<\/ul>\n<\/div>\n<\/section>\n<div class=\"row cpn-section\">\n<div class=\"col\">\n<hr \/>\n<\/div>\n<\/div>\n<section class=\"row cpn-section\">\n<div class=\"col\">\n<h3>\u00bfPor qu\u00e9 las bolas de pl\u00e1stico (sufijo \u00abD\u00bb) reducen tanto la capacidad de carga?<\/h3>\n<p>Las bolas de pl\u00e1stico POM m\u00e1s blandas se fabrican con Delrin. A veces tambi\u00e9n se denomina nylon, nylon 66 o acetal. Pueden especificarse a\u00f1adiendo el sufijo \u00abD\u00bb, por ejemplo, L15D.<\/p>\n<p>El material pl\u00e1stico es m\u00e1s blando, por lo que reducir\u00e1 la capacidad de carga de la bola transportadora. Debido a que proporciona un punto de contacto m\u00e1s blando y reduce las marcas del producto en superficies delicadas o pintadas. Como la bola principal (m\u00e1s blanda) tiene menos probabilidades de marcar, la capacidad de carga tiene que reducirse.<\/p>\n<p>Ofrecemos bolas de otros materiales (tefl\u00f3n, acr\u00edlico) fabricadas a medida para su aplicaci\u00f3n.<\/p>\n<hr \/>\n<h3>Ahorre tiempo utilizando clips de fijaci\u00f3n<\/h3>\n<p>Cuando s\u00f3lo se dispone de acceso por un solo lado al plano de transporte, los clips de fijaci\u00f3n proporcionan un m\u00e9todo de fijaci\u00f3n c\u00f3modo y r\u00e1pido para las unidades de transferencia de bolas ligeras de las series L y LP.<\/p>\n<p>Esta pinza de muelle se puede instalar en orificios perforados o cortados con l\u00e1ser; la pinza de muelle compensar\u00e1 las irregularidades en el di\u00e1metro y la ovalidad del orificio. De este modo se elimina el costoso mecanizado de un orificio de asiento preciso para la retenci\u00f3n de la unidad de transferencia de bolas.<\/p>\n<p>Los clips pueden reutilizarse y est\u00e1n disponibles en la mayor\u00eda de los tama\u00f1os. Considere tambi\u00e9n los anillos de tolerancia para la retenci\u00f3n.<\/p>\n<\/div>\n<\/section>\n<div class=\"row cpn-section\">\n<div class=\"col\">\n<hr \/>\n<\/div>\n<\/div>\n<section class=\"row cpn-section\">\n<div class=\"col-12\">\n<h3>Gama y opciones de fijaci\u00f3n<\/h3>\n<\/div>\n<div class=\"col-12 col-md-6 col-lg-4 col-xl-3 mt-3\">\n<h4 class=\" fontSize-4\">L \u2013 Ca\u00edda en serie<\/h4>\n<p>Las bolas transportadoras de acero prensado de perfil bajo caen en el racor con collar de brida superior circular reforzado. K-clips, C-clips y anillos de tolerancia opcionales para una fijaci\u00f3n r\u00e1pida.<\/p>\n<\/div>\n<div class=\"col-12 col-md-6 col-lg-4 col-xl-3 mt-3\">\n<h4 class=\" fontSize-4\">LP \u2013 Serie de unidades de bolas de pl\u00e1stico<\/h4>\n<p>Dimensiones comparables a las de las euroesferas de las series L y M. Bolas de pl\u00e1stico de perfil bajo que se encajan en el collar\u00edn de la brida de encaje. El sufijo A indica bolas de acero inoxidable AISI316 de calidad alimentaria que ofrecen una resistencia excepcional a los ataques qu\u00edmicos. Disponibles opcionalmente abrazaderas K, abrazaderas C y anillos de tolerancia para una fijaci\u00f3n r\u00e1pida.<\/p>\n<\/div>\n<div class=\"col-12 col-md-6 col-lg-4 col-xl-3 mt-3\">\n<h4 class=\" fontSize-4\">LD \u2013 Serie Saturno<\/h4>\n<p>Bolas transportadoras tipo saturno con reborder de fijaci\u00f3n de perfil medio. Fijaci\u00f3n de 2 y 3 orificios ideal para remachar y proporcionar un montaje en panel enrasado o una fijaci\u00f3n de montaje en mostrador de perfil bajo. Tenga en cuenta los orificios de salida de fluidos y suciedad cuando proporcione el di\u00e1metro del asiento.<\/p>\n<\/div>\n<div class=\"col-12 col-md-6 col-lg-4 col-xl-3 mt-3\">\n<h4 class=\" fontSize-4\">LF \u2013 Montaje con reborde series de 2 y 4 orificios<\/h4>\n<p>Bolas transportadoras con reborde de alto perfil con fijaci\u00f3n integral de base de 2 o 4 tornillos. El modelo LF26 incorpora \u00abpuntos de fijaci\u00f3n variables de 2 ranuras\u00bb; 2 ranuras que permiten variar los centros de los orificios de fijaci\u00f3n. El panel se ajusta a la encimera para crear un plano de transporte flexible.<\/p>\n<\/div>\n<div class=\"col-12 col-md-6 col-lg-4 col-xl-3 mt-3\">\n<h4 class=\" fontSize-4\">LM \u2013 Serie con muelle<\/h4>\n<p>El muelle helicoidal interno iguala las cargas y compensa las irregularidades del transporte. Unidad de bola de 25,4 mm con junta rascadora de nailon integrada que se retrae parcialmente dentro de la carcasa exterior a medida que aumenta la carga de apoyo.<\/p>\n<\/div>\n<\/section>\n<div class=\"row cpn-section\">\n<div class=\"col\">\n<hr \/>\n<\/div>\n<\/div>\n<section class=\"row cpn-section\">\n<div class=\"col\">\n<h3>\u00bfPor qu\u00e9 se parecen las unidades de las series L, M (servicio medio) y LP?<\/h3>\n<p>Los 3 tipos son dimensionalmente equivalentes.<\/p>\n<ul>\n<li>La serie L se ensambla a partir de prensados estampados para reducir los costes de producci\u00f3n y el valor.<\/li>\n<li>La serie M se mecaniza a partir de barras de acero para mejorar la resistencia a la carga, al desgaste y a los golpes.<\/li>\n<li>La serie LP se mecaniza a partir de material pl\u00e1stico s\u00f3lido para mejorar la resistencia a los ataques qu\u00edmicos.<\/li>\n<\/ul>\n<p>Las bolas transportadorasde las series L, M y LP son compatibles para su uso con clips r\u00e1pidos de fijaci\u00f3n por resorte K-clips y C-clips.<\/p>\n<\/div>\n<\/section>\n<div class=\"row cpn-section\">\n<div class=\"col\">\n<hr \/>\n<\/div>\n<\/div>\n<section class=\"row cpn-section\">\n<div class=\"col\">\n<h3>\u00bfPor qu\u00e9 deber\u00eda considerar bolas transportadoras de alta capacidad?<\/h3>\n<p>Si su solicitud lo requiere:<\/p>\n<ul>\n<li>Carga m\u00e1xima\/capacidad m\u00e1xima de carga en posici\u00f3n invertida (bola hacia abajo o ruedecilla).<\/li>\n<li>Coeficiente de fricci\u00f3n m\u00e1s bajo 1:005 \u03bc (0,5%) punto de rotura de la inercia.<\/li>\n<li>Temperatura de funcionamiento inferior a -30 grados cent\u00edgrados (C\/F) o superior a 100 grados.<\/li>\n<li>Velocidad de funcionamiento superior a 1 metro por segundo.<\/li>\n<li>Carga de choque \u2013 Considere las unidades de bola de alta resistencia con resorte y resorte pretensado.<\/li>\n<li>Condiciones duras que requieren especificaciones de material a medida.<\/li>\n<\/ul>\n<\/div>\n<\/section>\n<div class=\"row cpn-section\">\n<div class=\"col\">\n<hr \/>\n<\/div>\n<\/div>\n<section class=\"row cpn-section pb-5\">\n<div class=\"col\">\n<h3>Aplicaciones t\u00edpicas<\/h3>\n<p>Las bolas transportadoras tipo saturno LD32SS y LD32\/3SS est\u00e1n estampadas a partir de prensados y bolas de acero inoxidable. Y omiten las juntas de fieltro.<\/p>\n<p>Estas unidades disponen de 7 orificios de drenaje y se dise\u00f1aron para carga a\u00e9rea y manipulaci\u00f3n de maletas\/equipajes en aeropuertos. Debido al aumento de las cargas y exigencias, estas unidades han sido sustituidas en gran medida por las unidades de carga a\u00e9rea MX30 y MV30. Sin embargo, se siguen utilizando ampliamente en esc\u00e1neres de rayos X, carros de mantenimiento y mesas con plataforma de bolas en todo el mundo.<\/p>\n<p>Las unidades de la serie LP est\u00e1n muy extendidas en instalaciones farmac\u00e9uticas y de preparaci\u00f3n de alimentos. Espec\u00edficamente con bolas inoxidables de grado alimentario AISI316.<\/p>\n<p>La serie LM de amortiguaci\u00f3n por resorte es adecuada para aplicaciones de mesa giratoria y sujeci\u00f3n de piezas. A menudo pueden combinarse con transferencias neum\u00e1ticas de bolas y topes neum\u00e1ticos para estaciones de montaje automatizadas.<\/p>\n<p>Descubra aqu\u00ed nuestra gama de baja capacida de bolas transportadoras.<\/p>\n<\/div>\n<\/section>\n<section id=\"cant-find\" class=\"row cpn-section py-5 two justify-content-between\"><div class=\"col-12 col-sm-6 col-lg-7 py-lg-4 pe-lg-5\">\n<h3 class=\"fontSize-2 fontSize-md-1\">\u00bfNo encuentra lo que busca?<\/h3>\n<p class=\"fontSize-4\">Intente buscar por palabras clave, n\u00fameros de pieza, carga, tipos de fijaci\u00f3n.<\/p>\n<div class=\"input-group\"><form class=\"form-search\"><div class=\"input-group\">  <input type=\"text\" name=\"s\" class=\"form-control field\" placeholder=\"Buscar referencia\">  <input type=\"hidden\" name=\"post-type\" value=\"product\"><\/div><\/form><\/div>\n<\/div>\n<div class=\"col-12 col-sm-6 col-lg-5 py-lg-4 pt-4 pt-sm-0\">\n<h3 class=\"fontSize-2 fontSize-md-1\">Free technical advice<\/h3>\n<p class=\"fontSize-4\">Phone: <b><a href=\"tel:+34911984543\">+34 911 984 543<br \/><\/a><\/b><\/p>\n<p class=\"fontSize-4\">Email: <b><a href=\"mailto:info@omnitrack.com\">info@omnitrack.com<\/a><\/b><\/p>\n<div class=\"mt-4\"> <a class=\"btn-ot green me-2 mb-3 mb-md-0 w100-mobile\" href=\"https:\/\/wa.me\/447759128207\" target=\"_blank\" rel=\"noopener\"><img decoding=\"async\" loading=\"lazy\" src=\"https:\/\/www.omnitrack.com\/wp-content\/themes\/omnitrack2023\/images\/icon-whatsapp.svg\"  alt=\"WhatsApp Omnitrack\"  \/> WhatsApp<\/a> <a class=\"btn-ot w100-mobile\" href=\"https:\/\/calendly.com\/omnitrack\/15min\" target=\"_blank\" rel=\"noopener\"><img decoding=\"async\" loading=\"lazy\" src=\"https:\/\/www.omnitrack.com\/wp-content\/themes\/omnitrack2023\/images\/icon-schedule.svg\"  alt=\"Agendar una llamada con Omnitrack\"  \/> Agendar una llamada<\/a><\/div>\n<\/div>\n<\/section>\n","protected":false},"excerpt":{"rendered":"<p>Bolas transportadoras de baja capacidad Las bolas transportadoras de baja capacidad son ideales para aplicaciones de transporte que requieren la orientaci\u00f3n &#8216;hacia arriba&#8217; de las bolas. Las unidades de acero prensado est\u00e1n lubricadas de por vida y la mayor\u00eda de los tipos tienen opciones de materiales alternativos para adaptarse al servicio en diversos entornos operativos. [&hellip;]<\/p>\n","protected":false},"author":7,"featured_media":0,"parent":95485,"menu_order":0,"comment_status":"closed","ping_status":"closed","template":"page-light-duty.php","meta":{"inline_featured_image":false,"footnotes":""},"class_list":["post-95504","page","type-page","status-publish","hentry"],"acf":[],"_links":{"self":[{"href":"https:\/\/www.omnitrack.com\/es\/wp-json\/wp\/v2\/pages\/95504","targetHints":{"allow":["GET"]}}],"collection":[{"href":"https:\/\/www.omnitrack.com\/es\/wp-json\/wp\/v2\/pages"}],"about":[{"href":"https:\/\/www.omnitrack.com\/es\/wp-json\/wp\/v2\/types\/page"}],"author":[{"embeddable":true,"href":"https:\/\/www.omnitrack.com\/es\/wp-json\/wp\/v2\/users\/7"}],"replies":[{"embeddable":true,"href":"https:\/\/www.omnitrack.com\/es\/wp-json\/wp\/v2\/comments?post=95504"}],"version-history":[{"count":3,"href":"https:\/\/www.omnitrack.com\/es\/wp-json\/wp\/v2\/pages\/95504\/revisions"}],"predecessor-version":[{"id":105111,"href":"https:\/\/www.omnitrack.com\/es\/wp-json\/wp\/v2\/pages\/95504\/revisions\/105111"}],"up":[{"embeddable":true,"href":"https:\/\/www.omnitrack.com\/es\/wp-json\/wp\/v2\/pages\/95485"}],"wp:attachment":[{"href":"https:\/\/www.omnitrack.com\/es\/wp-json\/wp\/v2\/media?parent=95504"}],"curies":[{"name":"wp","href":"https:\/\/api.w.org\/{rel}","templated":true}]}}