{"id":95500,"date":"2023-02-08T00:48:32","date_gmt":"2023-02-08T00:48:32","guid":{"rendered":"https:\/\/www.omnitrack.com\/ball-transfer-units\/pneumatic-rails\/"},"modified":"2024-08-13T18:19:51","modified_gmt":"2024-08-13T18:19:51","slug":"railes-neumaticos","status":"publish","type":"page","link":"https:\/\/www.omnitrack.com\/es\/bolas-transportadoras\/railes-neumaticos\/","title":{"rendered":"Ra\u00edles neum\u00e1ticos"},"content":{"rendered":"<section class=\"row cpn-section\"><div><ul class=\"row justify-content-between category-list clear-list g-3 g-sm-4\"><li class=\"col-6 col-sm-4 col-lg-3 col-xl-3 col-xxl-20 \">    <a href=\"https:\/\/www.omnitrack.com\/es\/ball-transfer-units\/pneumatic-ball-transfers\/\" class=\"category-list-item\" alt=\"Bolas transportadoras neum\u00e1ticas\">        <img loading=\"lazy\" decoding=\"async\" width=\"150\" height=\"150\" src=\"https:\/\/www.omnitrack.com\/wp-content\/uploads\/2023\/03\/Pneumatic_Balls-1.webp\" class=\"img-fluid\" alt=\"pneumatic balls\" srcset=\"https:\/\/www.omnitrack.com\/wp-content\/uploads\/2023\/03\/Pneumatic_Balls-1.webp 420w, https:\/\/www.omnitrack.com\/wp-content\/uploads\/2023\/03\/Pneumatic_Balls-1-300x300.webp 300w, https:\/\/www.omnitrack.com\/wp-content\/uploads\/2023\/03\/Pneumatic_Balls-1-150x150.webp 150w, https:\/\/www.omnitrack.com\/wp-content\/uploads\/2023\/03\/Pneumatic_Balls-1-100x100.webp 100w\" sizes=\"auto, (max-width: 150px) 100vw, 150px\" \/>        <h3 class=\"fontSize-4 fontSize-sm-3 mb-0 mb-sm-2\">Bolas transportadoras neum\u00e1ticas<\/h3>                    <\/a><\/li><li class=\"col-6 col-sm-4 col-lg-3 col-xl-3 col-xxl-20 \">    <a href=\"https:\/\/www.omnitrack.com\/es\/ball-transfer-units\/pneumatic-stops\/\" class=\"category-list-item\" alt=\"Topes neum\u00e1ticos\">        <img loading=\"lazy\" decoding=\"async\" width=\"150\" height=\"150\" src=\"https:\/\/www.omnitrack.com\/wp-content\/uploads\/2023\/03\/PS25-1.webp\" class=\"img-fluid\" alt=\"pneumatic\" srcset=\"https:\/\/www.omnitrack.com\/wp-content\/uploads\/2023\/03\/PS25-1.webp 400w, https:\/\/www.omnitrack.com\/wp-content\/uploads\/2023\/03\/PS25-1-300x300.webp 300w, https:\/\/www.omnitrack.com\/wp-content\/uploads\/2023\/03\/PS25-1-150x150.webp 150w, https:\/\/www.omnitrack.com\/wp-content\/uploads\/2023\/03\/PS25-1-100x100.webp 100w\" sizes=\"auto, (max-width: 150px) 100vw, 150px\" \/>        <h3 class=\"fontSize-4 fontSize-sm-3 mb-0 mb-sm-2\">Topes neum\u00e1ticos<\/h3>                    <\/a><\/li><li class=\"col-6 col-sm-4 col-lg-3 col-xl-3 col-xxl-20 \">    <a href=\"https:\/\/www.omnitrack.com\/es\/ball-transfer-units\/pneumatic-linear-rollers\/\" class=\"category-list-item\" alt=\"Rodillos lineales neum\u00e1ticos\">        <img loading=\"lazy\" decoding=\"async\" width=\"150\" height=\"150\" src=\"https:\/\/www.omnitrack.com\/wp-content\/uploads\/2023\/03\/PW25-1.webp\" class=\"img-fluid\" alt=\"pneumatic\" srcset=\"https:\/\/www.omnitrack.com\/wp-content\/uploads\/2023\/03\/PW25-1.webp 400w, https:\/\/www.omnitrack.com\/wp-content\/uploads\/2023\/03\/PW25-1-300x300.webp 300w, https:\/\/www.omnitrack.com\/wp-content\/uploads\/2023\/03\/PW25-1-150x150.webp 150w, https:\/\/www.omnitrack.com\/wp-content\/uploads\/2023\/03\/PW25-1-100x100.webp 100w\" sizes=\"auto, (max-width: 150px) 100vw, 150px\" \/>        <h3 class=\"fontSize-4 fontSize-sm-3 mb-0 mb-sm-2\">Rodillos lineales neum\u00e1ticos<\/h3>                    <\/a><\/li><li class=\"col-6 col-sm-4 col-lg-3 col-xl-3 col-xxl-20 current-item\">    <a href=\"https:\/\/www.omnitrack.com\/es\/ball-transfer-units\/pneumatic-rails\/\" class=\"category-list-item\" alt=\"Ra\u00edles neum\u00e1ticos\">        <img loading=\"lazy\" decoding=\"async\" width=\"150\" height=\"150\" src=\"https:\/\/www.omnitrack.com\/wp-content\/uploads\/2023\/03\/Pneumatic_Rails.webp\" class=\"img-fluid\" alt=\"pneumatic rails\" srcset=\"https:\/\/www.omnitrack.com\/wp-content\/uploads\/2023\/03\/Pneumatic_Rails.webp 420w, https:\/\/www.omnitrack.com\/wp-content\/uploads\/2023\/03\/Pneumatic_Rails-300x300.webp 300w, https:\/\/www.omnitrack.com\/wp-content\/uploads\/2023\/03\/Pneumatic_Rails-150x150.webp 150w, https:\/\/www.omnitrack.com\/wp-content\/uploads\/2023\/03\/Pneumatic_Rails-100x100.webp 100w\" sizes=\"auto, (max-width: 150px) 100vw, 150px\" \/>        <h3 class=\"fontSize-4 fontSize-sm-3 mb-0 mb-sm-2\">Ra\u00edles neum\u00e1ticos<\/h3>                    <\/a><\/li><\/ul><\/div>\n<\/section>\n<div class=\"row cpn-section\">\n<div class=\"col\">\n<hr \/>\n<\/div>\n<\/div>\n<section class=\"row cpn-section pb-4\">\n<div class=\"col\">\n<header class=\"row\">\n<div class=\"col mb-3 mb-md-0\">\n<nav class=\"breadcrumb\"><\/nav>\n<h1 class=\"fontSize-1\">Ra\u00edles neum\u00e1ticos de alta presi\u00f3n<\/h1>\n<\/div>\n<\/header>\n<div class=\"row mb-3 mb-md-0\">\n<div class=\"col fontSize-4\">\n<p>Las unidades y los ra\u00edles est\u00e1n equipados con un conector en T para facilitar la integraci\u00f3n. Tubos de alta y baja presi\u00f3n, conectores y tapones. Se configuran junto con interruptores y reguladores para proporcionar un control vers\u00e1til. Los tapones obturadores adecuados se suministran autom\u00e1ticamente con cada pedido. Otros materiales y tama\u00f1os de bolas disponibles.<\/p>\n<\/div>\n<\/div>\n<div class=\"row fontSize-4 fontSize-md-3\">\n<div class=\"col col-lg-auto\"><img loading=\"lazy\" decoding=\"async\" class=\"img-fluid alignnone wp-image-79831 size-full\" src=\"https:\/\/www.omnitrack.com\/wp-content\/uploads\/2023\/03\/Diagram_PB22_PB28_PB36.webp\" alt=\"Ra\u00edles neum\u00e1ticos PB22 PB28 PB36 Diagrama Ra\u00edles neum\u00e1ticos\" width=\"500\" height=\"375\" srcset=\"https:\/\/www.omnitrack.com\/wp-content\/uploads\/2023\/03\/Diagram_PB22_PB28_PB36.webp 500w, https:\/\/www.omnitrack.com\/wp-content\/uploads\/2023\/03\/Diagram_PB22_PB28_PB36-300x225.webp 300w\" sizes=\"auto, (max-width: 500px) 100vw, 500px\" \/><\/p>\n<div class=\"fw-bold text-center\">PB22, PB28 PB36<\/div>\n<\/div>\n<div class=\"col col-lg-auto\"><img loading=\"lazy\" decoding=\"async\" class=\"img-fluid alignnone wp-image-79832 size-full\" src=\"https:\/\/www.omnitrack.com\/wp-content\/uploads\/2023\/03\/Diagram_PW22-1.webp\" alt=\"Pneumatic Rollers (Rails) PW22 Diagram Pneumatic Rails\" width=\"500\" height=\"375\" srcset=\"https:\/\/www.omnitrack.com\/wp-content\/uploads\/2023\/03\/Diagram_PW22-1.webp 500w, https:\/\/www.omnitrack.com\/wp-content\/uploads\/2023\/03\/Diagram_PW22-1-300x225.webp 300w\" sizes=\"auto, (max-width: 500px) 100vw, 500px\" \/><\/p>\n<div class=\"fw-bold text-center\">PW22, PW28 PW36<\/div>\n<\/div>\n<\/div>\n<\/div>\n<\/section>\n<section id=\"part-table-one\" class=\"row cpn-section\">\n<div class=\"col\"><div class=\"switcher mt-3 mt-md-0 mx-2 me-sm-0 ms-sm-5\">    <div class=\"switcher-title\"><b>Medidas del interruptor:<\/b> <\/span><\/div>    <button class=\"toggle-unit\" type=\"button\"><span class=\"switch-metric\">M\u00e9trico (mm\/kg)<\/span><span class=\"switch\"><\/span><span class=\"switch-imperial\">Imperial (pulgadas\/lb)<\/span><\/button><\/div> [omni_render_table_pneumatic_rails_high class-container=\u00bbtable-scroll table-mobi\u00bb]<\/div>\n<\/section>\n<div class=\"row cpn-section\">\n<div class=\"col\">\n<hr \/>\n<\/div>\n<\/div>\n<section id=\"low-pressure-pneumatic-rails\" class=\"row cpn-section pb-4\"><div class=\"col\">\n<header class=\"row\">\n<div class=\"col mb-3 mb-md-0\">\n<h2 class=\"fontSize-1\">Ra\u00edles neum\u00e1ticos de baja presi\u00f3n<\/h2>\n<\/div>\n<\/header>\n<div class=\"row\">\n<div class=\"col-12 col-md-4 pe-md-4 fontSize-4 mb-3 mb-md-0\">\n<p>En sistemas de baja presi\u00f3n, la longitud de la tuber\u00eda debe ampliarse o modificarse utilizando conectores en l\u00ednea opcionales (TC4), ya que la tuber\u00eda y los conectores no est\u00e1n dise\u00f1ados para separarse una vez montados.<\/p>\n<p>Los tapones obturadores adecuados se suministran autom\u00e1ticamente con cada pedido.<\/p>\n<p>Otros materiales y tama\u00f1os de bolas disponibles.<\/p>\n<\/div>\n<div class=\"col-12 col-md-8\"><img loading=\"lazy\" decoding=\"async\" class=\"img-fluid alignnone wp-image-79728 size-full\" src=\"https:\/\/www.omnitrack.com\/wp-content\/uploads\/2024\/10\/diagram_PB25_PS25_rail_es.webp\" alt=\"Pneumatic Balls\/Stops (Rails) PB25 PS25 Diagram\" width=\"801\" height=\"340\" \/><\/div>\n<\/div>\n<\/div>\n<\/section>\n<section id=\"part-table-tow\" class=\"row cpn-section\">\n<div class=\"col\"><div class=\"switcher mt-3 mt-md-0 mx-2 me-sm-0 ms-sm-5\">    <div class=\"switcher-title\"><b>Medidas del interruptor:<\/b> <\/span><\/div>    <button class=\"toggle-unit\" type=\"button\"><span class=\"switch-metric\">M\u00e9trico (mm\/kg)<\/span><span class=\"switch\"><\/span><span class=\"switch-imperial\">Imperial (pulgadas\/lb)<\/span><\/button><\/div> [omni_render_table_pneumatic_rails_low class-container=\u00bbtable-no-scroll table-mobi\u00bb]<\/div>\n<\/section>\n<div class=\"row cpn-section\">\n<div class=\"col\">\n<hr \/>\n<\/div>\n<\/div>\n<section id=\"accessories\" class=\"row cpn-section\">\n<div class=\"col\">\n<h2>Accesorios<\/h2>\n<div><div class=\"select-pressure\"><span class=\"d-block d-sm-inline mb-3 mb-sm-0\">Selecciona la presi\u00f3n:<\/span>\t<label class=\"active\"><input type='radio' value='both' name='selectPressure' checked \/> <span class=\"all\">Todos<\/span><\/label>\t<label><input type='radio' value='high' name='selectPressure' \/> <span class=\"high\">Elevada<\/span><\/label>\t<label><input type='radio' value='low' name='selectPressure' \/> <span class=\"low\">Baja<\/span><\/label><\/div>\t<div class=\"omni-slider pneumatic-accessories\" data-pressure=\"both\" id=\"pneumatic-accessories\">\t<ul class=\"omni-slider-track\"><li class=\"both-pressure\">    <img loading=\"lazy\" decoding=\"async\" width=\"150\" height=\"150\" src=\"https:\/\/www.omnitrack.com\/wp-content\/uploads\/2023\/03\/Regulator_AV6.webp\" class=\"img-fluid\" alt=\"regulator\" srcset=\"https:\/\/www.omnitrack.com\/wp-content\/uploads\/2023\/03\/Regulator_AV6.webp 800w, https:\/\/www.omnitrack.com\/wp-content\/uploads\/2023\/03\/Regulator_AV6-300x300.webp 300w, https:\/\/www.omnitrack.com\/wp-content\/uploads\/2023\/03\/Regulator_AV6-150x150.webp 150w, https:\/\/www.omnitrack.com\/wp-content\/uploads\/2023\/03\/Regulator_AV6-768x768.webp 768w, https:\/\/www.omnitrack.com\/wp-content\/uploads\/2023\/03\/Regulator_AV6-600x600.webp 600w, https:\/\/www.omnitrack.com\/wp-content\/uploads\/2023\/03\/Regulator_AV6-100x100.webp 100w\" sizes=\"auto, (max-width: 150px) 100vw, 150px\" \/>    <small>Alta y baja presi\u00f3n<\/small>    <h3>V\u00e1lvula reguladora<\/h3>    <h4>AV6<\/h4>            <span class=\"from\">De <span class=\"woocommerce-Price-amount amount\"><bdi>81,09<span class=\"woocommerce-Price-currencySymbol\">&euro;<\/span><\/bdi><\/span><\/span>            <button class=\"btn-table orange-one btn-add-to-cart\" type=\"button\" data-action=\"add-to-cart\" data-post-id=\"94441\" data-sku=\"AV6\" data-price=\"&lt;span class=&quot;woocommerce-Price-amount amount&quot;&gt;&lt;bdi&gt;81,09&lt;span class=&quot;woocommerce-Price-currencySymbol&quot;&gt;&euro;&lt;\/span&gt;&lt;\/bdi&gt;&lt;\/span&gt;\"  ><img decoding=\"async\" src=\"https:\/\/www.omnitrack.com\/wp-content\/themes\/omnitrack2023\/images\/cart-orange.svg\" alt=\"Cart icon\"> Comprar ahora<\/button><\/li><li class=\"both-pressure\">    <img loading=\"lazy\" decoding=\"async\" width=\"150\" height=\"150\" src=\"https:\/\/www.omnitrack.com\/wp-content\/uploads\/2023\/03\/Switch.webp\" class=\"img-fluid\" alt=\"switch\" srcset=\"https:\/\/www.omnitrack.com\/wp-content\/uploads\/2023\/03\/Switch.webp 800w, https:\/\/www.omnitrack.com\/wp-content\/uploads\/2023\/03\/Switch-300x300.webp 300w, https:\/\/www.omnitrack.com\/wp-content\/uploads\/2023\/03\/Switch-150x150.webp 150w, https:\/\/www.omnitrack.com\/wp-content\/uploads\/2023\/03\/Switch-768x768.webp 768w, https:\/\/www.omnitrack.com\/wp-content\/uploads\/2023\/03\/Switch-600x600.webp 600w, https:\/\/www.omnitrack.com\/wp-content\/uploads\/2023\/03\/Switch-100x100.webp 100w\" sizes=\"auto, (max-width: 150px) 100vw, 150px\" \/>    <small>Alta y baja presi\u00f3n<\/small>    <h3>Interruptor de 3 v\u00edas<\/h3>    <h4>AS7<\/h4>            <span class=\"from\">De <span class=\"woocommerce-Price-amount amount\"><bdi>0,00<span class=\"woocommerce-Price-currencySymbol\">&euro;<\/span><\/bdi><\/span><\/span>            <button class=\"btn-table orange-one btn-add-to-cart\" type=\"button\" data-action=\"add-to-cart\" data-post-id=\"94440\" data-sku=\"AS7\" data-price=\"-\"  ><img decoding=\"async\" src=\"https:\/\/www.omnitrack.com\/wp-content\/themes\/omnitrack2023\/images\/cart-orange.svg\" alt=\"Cart icon\"> Comprar ahora<\/button><\/li><li class=\"low-pressure\">    <img loading=\"lazy\" decoding=\"async\" width=\"150\" height=\"150\" src=\"https:\/\/www.omnitrack.com\/wp-content\/uploads\/2023\/03\/Tubing.webp\" class=\"img-fluid\" alt=\"blue tubbing\" srcset=\"https:\/\/www.omnitrack.com\/wp-content\/uploads\/2023\/03\/Tubing.webp 800w, https:\/\/www.omnitrack.com\/wp-content\/uploads\/2023\/03\/Tubing-300x300.webp 300w, https:\/\/www.omnitrack.com\/wp-content\/uploads\/2023\/03\/Tubing-150x150.webp 150w, https:\/\/www.omnitrack.com\/wp-content\/uploads\/2023\/03\/Tubing-768x768.webp 768w, https:\/\/www.omnitrack.com\/wp-content\/uploads\/2023\/03\/Tubing-600x600.webp 600w, https:\/\/www.omnitrack.com\/wp-content\/uploads\/2023\/03\/Tubing-100x100.webp 100w\" sizes=\"auto, (max-width: 150px) 100vw, 150px\" \/>    <small>Baja presi\u00f3n<\/small>    <h3>Tubo (rollo de 3 m)<\/h3>    <h4>TP4<\/h4>            <span class=\"from\">De <span class=\"woocommerce-Price-amount amount\"><bdi>7,36<span class=\"woocommerce-Price-currencySymbol\">&euro;<\/span><\/bdi><\/span><\/span>            <button class=\"btn-table orange-one btn-add-to-cart\" type=\"button\" data-action=\"add-to-cart\" data-post-id=\"94444\" data-sku=\"TP4\" data-price=\"&lt;span class=&quot;woocommerce-Price-amount amount&quot;&gt;&lt;bdi&gt;7,36&lt;span class=&quot;woocommerce-Price-currencySymbol&quot;&gt;&euro;&lt;\/span&gt;&lt;\/bdi&gt;&lt;\/span&gt;\"  ><img decoding=\"async\" src=\"https:\/\/www.omnitrack.com\/wp-content\/themes\/omnitrack2023\/images\/cart-orange.svg\" alt=\"Cart icon\"> Comprar ahora<\/button><\/li><li class=\"low-pressure\">    <img loading=\"lazy\" decoding=\"async\" width=\"150\" height=\"150\" src=\"https:\/\/www.omnitrack.com\/wp-content\/uploads\/2023\/03\/3_Way_Connector.webp\" class=\"img-fluid\" alt=\"3 way connector\" srcset=\"https:\/\/www.omnitrack.com\/wp-content\/uploads\/2023\/03\/3_Way_Connector.webp 800w, https:\/\/www.omnitrack.com\/wp-content\/uploads\/2023\/03\/3_Way_Connector-300x300.webp 300w, https:\/\/www.omnitrack.com\/wp-content\/uploads\/2023\/03\/3_Way_Connector-150x150.webp 150w, https:\/\/www.omnitrack.com\/wp-content\/uploads\/2023\/03\/3_Way_Connector-768x768.webp 768w, https:\/\/www.omnitrack.com\/wp-content\/uploads\/2023\/03\/3_Way_Connector-600x600.webp 600w, https:\/\/www.omnitrack.com\/wp-content\/uploads\/2023\/03\/3_Way_Connector-100x100.webp 100w\" sizes=\"auto, (max-width: 150px) 100vw, 150px\" \/>    <small>Baja presi\u00f3n<\/small>    <h3>Conector de 3 v\u00edas<\/h3>    <h4>TC4<\/h4>            <span class=\"from\">De <span class=\"woocommerce-Price-amount amount\"><bdi>5,38<span class=\"woocommerce-Price-currencySymbol\">&euro;<\/span><\/bdi><\/span><\/span>            <button class=\"btn-table orange-one btn-add-to-cart\" type=\"button\" data-action=\"add-to-cart\" data-post-id=\"94446\" data-sku=\"TC4\" data-price=\"&lt;span class=&quot;woocommerce-Price-amount amount&quot;&gt;&lt;bdi&gt;5,38&lt;span class=&quot;woocommerce-Price-currencySymbol&quot;&gt;&euro;&lt;\/span&gt;&lt;\/bdi&gt;&lt;\/span&gt;\"  ><img decoding=\"async\" src=\"https:\/\/www.omnitrack.com\/wp-content\/themes\/omnitrack2023\/images\/cart-orange.svg\" alt=\"Cart icon\"> Comprar ahora<\/button><\/li><li class=\"low-pressure\">    <img loading=\"lazy\" decoding=\"async\" width=\"150\" height=\"150\" src=\"https:\/\/www.omnitrack.com\/wp-content\/uploads\/2023\/03\/Blanking_Plug.webp\" class=\"img-fluid\" alt=\"blanking plug\" srcset=\"https:\/\/www.omnitrack.com\/wp-content\/uploads\/2023\/03\/Blanking_Plug.webp 800w, https:\/\/www.omnitrack.com\/wp-content\/uploads\/2023\/03\/Blanking_Plug-300x300.webp 300w, https:\/\/www.omnitrack.com\/wp-content\/uploads\/2023\/03\/Blanking_Plug-150x150.webp 150w, https:\/\/www.omnitrack.com\/wp-content\/uploads\/2023\/03\/Blanking_Plug-768x768.webp 768w, https:\/\/www.omnitrack.com\/wp-content\/uploads\/2023\/03\/Blanking_Plug-600x600.webp 600w, https:\/\/www.omnitrack.com\/wp-content\/uploads\/2023\/03\/Blanking_Plug-100x100.webp 100w\" sizes=\"auto, (max-width: 150px) 100vw, 150px\" \/>    <small>Baja presi\u00f3n<\/small>    <h3>Tap\u00f3n ciego<\/h3>    <h4>TB4<\/h4>            <span class=\"from\">De <span class=\"woocommerce-Price-amount amount\"><bdi>2,79<span class=\"woocommerce-Price-currencySymbol\">&euro;<\/span><\/bdi><\/span><\/span>            <button class=\"btn-table orange-one btn-add-to-cart\" type=\"button\" data-action=\"add-to-cart\" data-post-id=\"94445\" data-sku=\"TB4\" data-price=\"&lt;span class=&quot;woocommerce-Price-amount amount&quot;&gt;&lt;bdi&gt;2,79&lt;span class=&quot;woocommerce-Price-currencySymbol&quot;&gt;&euro;&lt;\/span&gt;&lt;\/bdi&gt;&lt;\/span&gt;\"  ><img decoding=\"async\" src=\"https:\/\/www.omnitrack.com\/wp-content\/themes\/omnitrack2023\/images\/cart-orange.svg\" alt=\"Cart icon\"> Comprar ahora<\/button><\/li><li class=\"low-pressure\">    <img loading=\"lazy\" decoding=\"async\" width=\"150\" height=\"150\" src=\"https:\/\/www.omnitrack.com\/wp-content\/uploads\/2023\/03\/Clip_PF2.webp\" class=\"img-fluid\" alt=\"Versatile Tool for Various Applications\" srcset=\"https:\/\/www.omnitrack.com\/wp-content\/uploads\/2023\/03\/Clip_PF2.webp 600w, https:\/\/www.omnitrack.com\/wp-content\/uploads\/2023\/03\/Clip_PF2-300x300.webp 300w, https:\/\/www.omnitrack.com\/wp-content\/uploads\/2023\/03\/Clip_PF2-150x150.webp 150w, https:\/\/www.omnitrack.com\/wp-content\/uploads\/2023\/03\/Clip_PF2-100x100.webp 100w\" sizes=\"auto, (max-width: 150px) 100vw, 150px\" \/>    <small>Baja presi\u00f3n<\/small>    <h3>Clip de fijaci\u00f3n<\/h3>    <h4>PF2<\/h4>            <span class=\"from\">De <span class=\"woocommerce-Price-amount amount\"><bdi>2,12<span class=\"woocommerce-Price-currencySymbol\">&euro;<\/span><\/bdi><\/span><\/span>            <button class=\"btn-table orange-one btn-add-to-cart\" type=\"button\" data-action=\"add-to-cart\" data-post-id=\"94284\" data-sku=\"PF2\" data-price=\"&lt;span class=&quot;woocommerce-Price-amount amount&quot;&gt;&lt;bdi&gt;2,12&lt;span class=&quot;woocommerce-Price-currencySymbol&quot;&gt;&euro;&lt;\/span&gt;&lt;\/bdi&gt;&lt;\/span&gt;\"  ><img decoding=\"async\" src=\"https:\/\/www.omnitrack.com\/wp-content\/themes\/omnitrack2023\/images\/cart-orange.svg\" alt=\"Cart icon\"> Comprar ahora<\/button><\/li>\t<\/ul><div class=\"omni-slider-controls\"><button class=\"omni-slider-prev\"><img src=\"https:\/\/www.omnitrack.com\/wp-content\/themes\/omnitrack2023\/images\/icon-arrow-blue-left.svg\" alt=\"Arrow left icon\" decoding=\"async\" loading=\"lazy\" alt=\"Arrow left icon\"><\/button> <button class=\"omni-slider-next\"><img src=\"https:\/\/www.omnitrack.com\/wp-content\/themes\/omnitrack2023\/images\/icon-arrow-blue-right.svg\" decoding=\"async\" loading=\"lazy\" alt=\"Arrow right icon\"><\/button><\/div><\/div><\/div>\n<\/div>\n<\/section>\n<div class=\"row cpn-section\">\n<div class=\"col\">\n<hr \/>\n<\/div>\n<\/div>\n<section id=\"also-consider\" class=\"row cpn-section\">\n<div class=\"col\">\n<div>\n<h2>Considere tambi\u00e9n<\/h2>\n<div>\t<div class=\"omni-slider omni-carousel\" >\t<ul class=\"omni-slider-track\"><li>    <a href=\"https:\/\/www.omnitrack.com\/es\/ball-transfer-units\/pneumatic-ball-transfers\/\">        <img loading=\"lazy\" decoding=\"async\" width=\"150\" height=\"150\" src=\"https:\/\/www.omnitrack.com\/wp-content\/uploads\/2023\/03\/Pneumatic_Balls-1.webp\" class=\"img-fluid\" alt=\"pneumatic balls\" srcset=\"https:\/\/www.omnitrack.com\/wp-content\/uploads\/2023\/03\/Pneumatic_Balls-1.webp 420w, https:\/\/www.omnitrack.com\/wp-content\/uploads\/2023\/03\/Pneumatic_Balls-1-300x300.webp 300w, https:\/\/www.omnitrack.com\/wp-content\/uploads\/2023\/03\/Pneumatic_Balls-1-150x150.webp 150w, https:\/\/www.omnitrack.com\/wp-content\/uploads\/2023\/03\/Pneumatic_Balls-1-100x100.webp 100w\" sizes=\"auto, (max-width: 150px) 100vw, 150px\" \/>        <small>Alta y baja presi\u00f3n<\/small>        <h3>Bolas<\/h3>        <h4>PB25, PB525 &amp; PB625<\/h4>    <\/a><\/li><li>    <a href=\"https:\/\/www.omnitrack.com\/es\/ball-transfer-units\/pneumatic-stops\/\">        <img loading=\"lazy\" decoding=\"async\" width=\"113\" height=\"150\" src=\"https:\/\/www.omnitrack.com\/wp-content\/uploads\/2023\/03\/Pneumatic-Stop-PS25.webp\" class=\"img-fluid\" alt=\"Transfer Ball Unit\" srcset=\"https:\/\/www.omnitrack.com\/wp-content\/uploads\/2023\/03\/Pneumatic-Stop-PS25.webp 300w, https:\/\/www.omnitrack.com\/wp-content\/uploads\/2023\/03\/Pneumatic-Stop-PS25-225x300.webp 225w\" sizes=\"auto, (max-width: 113px) 100vw, 113px\" \/>        <small>Baja presi\u00f3n<\/small>        <h3>Detiene<\/h3>        <h4>PS25<\/h4>    <\/a><\/li><li>    <a href=\"https:\/\/www.omnitrack.com\/es\/ball-transfer-units\/pneumatic-linear-rollers\/\">        <img loading=\"lazy\" decoding=\"async\" width=\"113\" height=\"150\" src=\"https:\/\/www.omnitrack.com\/wp-content\/uploads\/2023\/03\/PW25.webp\" class=\"img-fluid\" alt=\"Pneumatic Ball Transfer Unit\" srcset=\"https:\/\/www.omnitrack.com\/wp-content\/uploads\/2023\/03\/PW25.webp 300w, https:\/\/www.omnitrack.com\/wp-content\/uploads\/2023\/03\/PW25-225x300.webp 225w\" sizes=\"auto, (max-width: 113px) 100vw, 113px\" \/>        <small>Baja presi\u00f3n<\/small>        <h3>Rodillos lineales<\/h3>        <h4>PW25<\/h4>    <\/a><\/li>\t<\/ul><div class=\"omni-slider-controls\"><button class=\"omni-slider-prev\"><img src=\"https:\/\/www.omnitrack.com\/wp-content\/themes\/omnitrack2023\/images\/icon-arrow-blue-left.svg\" alt=\"Arrow left icon\" decoding=\"async\" loading=\"lazy\" alt=\"Arrow left icon\"><\/button> <button class=\"omni-slider-next\"><img src=\"https:\/\/www.omnitrack.com\/wp-content\/themes\/omnitrack2023\/images\/icon-arrow-blue-right.svg\" decoding=\"async\" loading=\"lazy\" alt=\"Arrow right icon\"><\/button><\/div><\/div><\/div>\n<\/div>\n<\/div>\n<\/section>\n<div class=\"row cpn-section\">\n<div class=\"col\">\n<hr \/>\n<\/div>\n<\/div>\n<section class=\"row cpn-section pb-5\"><div class=\"col fontSize-4\">\n<h2>Bolas transportadoras neum\u00e1ticas, topes, rodillos lineales y ra\u00edles<\/h2>\n<ul class=\"li-height\">\n<li>Las bolas transportadoras neum\u00e1ticas permiten el posicionamiento neum\u00e1tico de los elementos transportados y pueden disponerse individualmente para obtener un plano de transporte flexible y modular.<\/li>\n<li>Los topes de posicionamiento PS25 se activan neum\u00e1ticamente para detener y mantener la posici\u00f3n del elemento transportado.<\/li>\n<li>Las unidades clasificadas con una presi\u00f3n m\u00e1xima de suministro de aire de \u2264 3,4 bar soportan cargas de hasta 200 kg\/carril, mientras que las clasificadas con un suministro de aire de \u2264 6 bar soportan hasta 2500 kg\/carril.<\/li>\n<\/ul>\n<\/div>\n<\/section>\n<section id=\"cant-find\" class=\"row cpn-section py-5 two justify-content-between\"><div class=\"col-12 col-sm-6 col-lg-7 py-lg-4 pe-lg-5\">\n<h3 class=\"fontSize-2 fontSize-md-1\">\u00bfNo encuentra lo que busca?<\/h3>\n<p class=\"fontSize-4\">Intente buscar por palabras clave, n\u00fameros de pieza, carga, tipos de fijaci\u00f3n.<\/p>\n<div class=\"input-group\"><form class=\"form-search\"><div class=\"input-group\">  <input type=\"text\" name=\"s\" class=\"form-control field\" placeholder=\"Buscar referencia\">  <input type=\"hidden\" name=\"post-type\" value=\"product\"><\/div><\/form><\/div>\n<\/div>\n<div class=\"col-12 col-sm-6 col-lg-5 py-lg-4 pt-4 pt-sm-0\">\n<h3 class=\"fontSize-2 fontSize-md-1\">Free technical advice<\/h3>\n<p class=\"fontSize-4\">Phone: <b><a href=\"tel:+34911984543\">+34 911 984 543<br \/><\/a><\/b><\/p>\n<p class=\"fontSize-4\">Email: <b><a href=\"mailto:info@omnitrack.com\">info@omnitrack.com<\/a><\/b><\/p>\n<div class=\"mt-4\"> <a class=\"btn-ot green me-2 mb-3 mb-md-0 w100-mobile\" href=\"https:\/\/wa.me\/447759128207\" target=\"_blank\" rel=\"noopener\"><img decoding=\"async\" loading=\"lazy\" src=\"https:\/\/www.omnitrack.com\/wp-content\/themes\/omnitrack2023\/images\/icon-whatsapp.svg\"  alt=\"WhatsApp Omnitrack\"  \/> WhatsApp<\/a> <a class=\"btn-ot w100-mobile\" href=\"https:\/\/calendly.com\/omnitrack\/15min\" target=\"_blank\" rel=\"noopener\"><img decoding=\"async\" loading=\"lazy\" src=\"https:\/\/www.omnitrack.com\/wp-content\/themes\/omnitrack2023\/images\/icon-schedule.svg\"  alt=\"Agendar una llamada con Omnitrack\"  \/> Agendar una llamada<\/a><\/div>\n<\/div>\n<\/section>\n","protected":false},"excerpt":{"rendered":"<p>Ra\u00edles neum\u00e1ticos de alta presi\u00f3n Las unidades y los ra\u00edles est\u00e1n equipados con un conector en T para facilitar la integraci\u00f3n. Tubos de alta y baja presi\u00f3n, conectores y tapones. Se configuran junto con interruptores y reguladores para proporcionar un control vers\u00e1til. Los tapones obturadores adecuados se suministran autom\u00e1ticamente con cada pedido. Otros materiales y [&hellip;]<\/p>\n","protected":false},"author":7,"featured_media":0,"parent":95485,"menu_order":0,"comment_status":"closed","ping_status":"closed","template":"page-pneumatic-rails.php","meta":{"inline_featured_image":false,"footnotes":""},"class_list":["post-95500","page","type-page","status-publish","hentry"],"acf":[],"_links":{"self":[{"href":"https:\/\/www.omnitrack.com\/es\/wp-json\/wp\/v2\/pages\/95500","targetHints":{"allow":["GET"]}}],"collection":[{"href":"https:\/\/www.omnitrack.com\/es\/wp-json\/wp\/v2\/pages"}],"about":[{"href":"https:\/\/www.omnitrack.com\/es\/wp-json\/wp\/v2\/types\/page"}],"author":[{"embeddable":true,"href":"https:\/\/www.omnitrack.com\/es\/wp-json\/wp\/v2\/users\/7"}],"replies":[{"embeddable":true,"href":"https:\/\/www.omnitrack.com\/es\/wp-json\/wp\/v2\/comments?post=95500"}],"version-history":[{"count":3,"href":"https:\/\/www.omnitrack.com\/es\/wp-json\/wp\/v2\/pages\/95500\/revisions"}],"predecessor-version":[{"id":105060,"href":"https:\/\/www.omnitrack.com\/es\/wp-json\/wp\/v2\/pages\/95500\/revisions\/105060"}],"up":[{"embeddable":true,"href":"https:\/\/www.omnitrack.com\/es\/wp-json\/wp\/v2\/pages\/95485"}],"wp:attachment":[{"href":"https:\/\/www.omnitrack.com\/es\/wp-json\/wp\/v2\/media?parent=95500"}],"curies":[{"name":"wp","href":"https:\/\/api.w.org\/{rel}","templated":true}]}}