{"id":95499,"date":"2023-02-08T00:54:48","date_gmt":"2023-02-08T00:54:48","guid":{"rendered":"https:\/\/www.omnitrack.com\/ball-transfer-units\/fixing-clips-kits\/"},"modified":"2024-08-15T15:10:56","modified_gmt":"2024-08-15T15:10:56","slug":"clips-y-kits-de-fijacion","status":"publish","type":"page","link":"https:\/\/www.omnitrack.com\/es\/bolas-transportadoras\/clips-y-kits-de-fijacion\/","title":{"rendered":"Clips y kits de fijaci\u00f3n"},"content":{"rendered":"<section id=\"fixing-clips-one\" class=\"row cpn-section\">\n<div class=\"col\">\n<div class=\"row mb-3\">\n<div class=\"fontSize-md-4\">\n<nav class=\"breadcrumb\"><\/nav>\n<h1 class=\"mb-2\">Arandelas de fijaci\u00f3n<\/h1>\n<ul class=\"list-check clear-list fontSize-4 fontSize-md-3\">\n<li>Los clips de fijaci\u00f3n compensan las irregularidades del orificio y el di\u00e1metro.<\/li>\n<li>Ideal cuando s\u00f3lo se puede acceder por un lado a la superficie de montaje.<\/li>\n<\/ul>\n<\/div>\n<\/div>\n<div class=\"row mb-3 align-items-center\"><div class=\"col-12 col-md-5\">\n<div class=\"row mb-3 align-items-center\">\n<div class=\"col-12 col-md-5 col-xl-4 fontSize-3 mb-3 mb-md-0\"><strong>Retenci\u00f3n \u00f3ptima \u2265 3 mm<\/strong><\/div>\n<div class=\"col-12 col-md-7 col-xl-8\"><img loading=\"lazy\" decoding=\"async\" class=\"img-fluid alignnone wp-image-79721 size-full\" src=\"https:\/\/www.omnitrack.com\/wp-content\/uploads\/2023\/03\/K_C_Clips_Optimal_Retention-1.webp\" alt=\"Retenci\u00f3n \u00f3ptima\" width=\"425\" height=\"305\" srcset=\"https:\/\/www.omnitrack.com\/wp-content\/uploads\/2023\/03\/K_C_Clips_Optimal_Retention-1.webp 425w, https:\/\/www.omnitrack.com\/wp-content\/uploads\/2023\/03\/K_C_Clips_Optimal_Retention-1-300x215.webp 300w\" sizes=\"auto, (max-width: 425px) 100vw, 425px\" \/><\/div>\n<\/div>\n<div class=\"row mb-3 align-items-center\">\n<div class=\"col\">\n<ol class=\"fontSize-4 li-height clear-list\">\n<li>Encajar el clip en el orificio de montaje.<\/li>\n<li>Empuje la unidad de bola a trav\u00e9s del clip.<\/li>\n<li>Las etiquetas perif\u00e9ricas se expanden y agarran la unidad de bola.<\/li>\n<\/ol>\n<\/div>\n<\/div>\n<\/div>\n<div class=\"col-12 col-md-7\">\n<div class=\"row mb-3 align-items-center\">\n<div class=\"col border-end text-center px-lg-5\"><img loading=\"lazy\" decoding=\"async\" class=\"img-fluid alignnone wp-image-79729 size-full\" src=\"https:\/\/www.omnitrack.com\/wp-content\/uploads\/2023\/03\/K-C-Clip.webp\" alt=\"Clip K &amp; C\" width=\"400\" height=\"200\" srcset=\"https:\/\/www.omnitrack.com\/wp-content\/uploads\/2023\/03\/K-C-Clip.webp 400w, https:\/\/www.omnitrack.com\/wp-content\/uploads\/2023\/03\/K-C-Clip-300x150.webp 300w\" sizes=\"auto, (max-width: 400px) 100vw, 400px\" \/><br \/><strong>K-clip Acero<\/strong><\/div>\n<div class=\"col text-center px-lg-5\"><img loading=\"lazy\" decoding=\"async\" class=\"img-fluid alignnone wp-image-79729 size-full\" src=\"https:\/\/www.omnitrack.com\/wp-content\/uploads\/2023\/03\/K-C-Clip.webp\" alt=\"Clip K &amp; C\" width=\"400\" height=\"200\" srcset=\"https:\/\/www.omnitrack.com\/wp-content\/uploads\/2023\/03\/K-C-Clip.webp 400w, https:\/\/www.omnitrack.com\/wp-content\/uploads\/2023\/03\/K-C-Clip-300x150.webp 300w\" sizes=\"auto, (max-width: 400px) 100vw, 400px\" \/><br \/><strong>Clip C Acero inoxidable<\/strong><\/div>\n<\/div>\n<div class=\"row align-items-center justify-content-center\">\n<div class=\"col-auto\"><img loading=\"lazy\" decoding=\"async\" class=\"img-fluid w-200 alignnone wp-image-80304 size-full\" src=\"https:\/\/www.omnitrack.com\/wp-content\/uploads\/2023\/02\/Clip_B-1.webp\" alt=\"Herramienta vers\u00e1til para diversas aplicaciones\" width=\"257\" height=\"133\"><\/div>\n<div class=\"col-auto\"><strong>Otros clips disponibles.<\/strong><\/div>\n<\/div>\n<\/div>\n<\/div>\n<div class=\"row\">\n<div class=\"col\"><div class=\"switcher mt-3 mt-md-0 mx-2 me-sm-0 ms-sm-5\">    <div class=\"switcher-title\"><b>Medidas del interruptor:<\/b> <\/span><\/div>    <button class=\"toggle-unit\" type=\"button\"><span class=\"switch-metric\">M\u00e9trico (mm\/kg)<\/span><span class=\"switch\"><\/span><span class=\"switch-imperial\">Imperial (pulgadas\/lb)<\/span><\/button><\/div>[omni_render_table_clips class-container=\u00bbtable-no-scroll table-mobi\u00bb]<\/div>\n<\/div>\n<div class=\"row pt-4\">\n<div class=\"col fontSize-4\">\n<p>Si se a\u00f1ade el sufijo K o C a la referencia de la bola transportadora, se especificar\u00e1 el suministro del clip opcional (por ejemplo, L22K o L22C). Cuando utilice clips de fijaci\u00f3n, ajuste el clip al orificio y empuje la unidad de bola a trav\u00e9s del clip. Las etiquetas perif\u00e9ricas se expanden y retienen con seguridad la unidad de bola.<\/p>\n<p>Las dimensiones A y B cambian a A* y B* cuando se utilizan clips.<\/p>\n<p>Las opciones de anillo de tolerancia y clip completo se muestran en la p\u00e1gina 15 del cat\u00e1logo.<\/p>\n<\/div>\n<\/div>\n<\/div>\n<\/section>\n<div class=\"row cpn-section\">\n<div class=\"col\">\n<hr \/>\n<\/div>\n<\/div>\n<section id=\"tolerance-rings-one\" class=\"row cpn-section\">\n<div class=\"col\">\n<div class=\"row mb-3\">\n<div class=\"col fontSize-4\">\n<h2>Anillos de tolerancia<\/h2>\n<ul class=\"list-check clear-list fontSize-4 fontSize-md-3\">\n<li>Compensan las posibles diferencias entre el orificio y el di\u00e1metro de la pieza<\/li>\n<li>Ideal cuando s\u00f3lo se puede acceder por un lado a la superficie de montaje.<\/li>\n<\/ul>\n<\/div>\n<\/div>\n<div class=\"row mb-3 text-center\">\n<div class=\"col-auto me-3\"><img loading=\"lazy\" decoding=\"async\" class=\"img-fluid alignnone wp-image-79736 size-medium\" src=\"https:\/\/www.omnitrack.com\/wp-content\/uploads\/2023\/03\/9040_Glass_4-300x229.webp\" alt=\"Clips y kits de fijaci\u00f3n\" width=\"300\" height=\"229\" srcset=\"https:\/\/www.omnitrack.com\/wp-content\/uploads\/2023\/03\/9040_Glass_4-300x229.webp 300w, https:\/\/www.omnitrack.com\/wp-content\/uploads\/2023\/03\/9040_Glass_4.webp 314w\" sizes=\"auto, (max-width: 300px) 100vw, 300px\" \/><\/div>\n<div class=\"col-auto\"><img loading=\"lazy\" decoding=\"async\" class=\"img-fluid alignnone wp-image-79737 size-full\" src=\"https:\/\/www.omnitrack.com\/wp-content\/uploads\/2023\/03\/Tolerance_Ring_2_1.webp\" alt=\"Arandelas de fijaci\u00f3n \" width=\"284\" height=\"240\" \/><\/div>\n<\/div>\n<div class=\"row\">\n<div class=\"col\"><div class=\"switcher mt-3 mt-md-0 mx-2 me-sm-0 ms-sm-5\">    <div class=\"switcher-title\"><b>Medidas del interruptor:<\/b> <\/span><\/div>    <button class=\"toggle-unit\" type=\"button\"><span class=\"switch-metric\">M\u00e9trico (mm\/kg)<\/span><span class=\"switch\"><\/span><span class=\"switch-imperial\">Imperial (pulgadas\/lb)<\/span><\/button><\/div>[omni_render_table_tolerance_ring class-container=\u00bbtable-scroll table-mobi\u00bb]<\/div>\n<\/div>\n<\/div>\n<\/section>\n<div class=\"row cpn-section\">\n<div class=\"col\">\n<hr \/>\n<\/div>\n<\/div>\n<section id=\"nyloc-one\" class=\"row cpn-section\">\n<div class=\"col\"><div class=\"row mb-4\">\n<div class=\"col-12 col-sm-3 fontSize-4 mb-4 mb-sm-0\">\n<h2>Kits de tuerca Nyloc y arandela + inserto de madera en &#8216;T&#8217;<\/h2>\n<p>Se utiliza con las series 81 y 91 de servicio pesado, la serie MSP de servicio mediano y las ruedas de bola Omnicaster.<\/p>\n<\/div>\n<div class=\"col-12 col-sm-3 text-center mb-4 mb-sm-0\"><img loading=\"lazy\" decoding=\"async\" class=\"img-fluid alignnone wp-image-79713 size-full\" src=\"https:\/\/www.omnitrack.com\/wp-content\/uploads\/2023\/03\/MSP_Nyloc_Nut_Washer.webp\" alt=\"Arandela de tuerca Nyloc\" width=\"127\" height=\"217\"><\/div>\n<div class=\"col-12 col-sm-6\">\n<div class=\"row\">\n<div class=\"col-12 col-md-4 text-center d-flex flex-column justify-content-between mb-4 mb-sm-0\">\n<div><img loading=\"lazy\" decoding=\"async\" class=\"img-fluid alignnone wp-image-79714 size-full\" src=\"https:\/\/www.omnitrack.com\/wp-content\/uploads\/2023\/03\/Wood_Insert.webp\" alt=\"inserci\u00f3n de madera\" width=\"188\" height=\"178\"><\/div>\n<div><strong>Fijaci\u00f3n de insertos de madera<\/strong><\/div>\n<\/div>\n<div class=\"col-12 col-md-8 text-center d-flex flex-column justify-content-between mb-3 mb-sm-0\">\n<div class=\"row\">\n<div class=\"col-6\"><img loading=\"lazy\" decoding=\"async\" class=\"img-fluid alignnone wp-image-79715 size-full\" src=\"https:\/\/www.omnitrack.com\/wp-content\/uploads\/2023\/03\/Washer.webp\" alt=\"Arandela\" width=\"119\" height=\"152\"><\/div>\n<div class=\"col-6\"><img loading=\"lazy\" decoding=\"async\" class=\"img-fluid alignnone wp-image-79716 size-full\" src=\"https:\/\/www.omnitrack.com\/wp-content\/uploads\/2023\/03\/Nut.webp\" alt=\"Tuercas\" width=\"187\" height=\"149\"><\/div>\n<\/div>\n<div><strong>Fijaci\u00f3n de tuercas y arandelas<\/strong><\/div>\n<\/div>\n<\/div>\n<\/div>\n<\/div>\n<\/div>\n<div class=\"col-12\"><div class=\"switcher mt-3 mt-md-0 mx-2 me-sm-0 ms-sm-5\">    <div class=\"switcher-title\"><b>Medidas del interruptor:<\/b> <\/span><\/div>    <button class=\"toggle-unit\" type=\"button\"><span class=\"switch-metric\">M\u00e9trico (mm\/kg)<\/span><span class=\"switch\"><\/span><span class=\"switch-imperial\">Imperial (pulgadas\/lb)<\/span><\/button><\/div>[omni_render_table_nyloc_nut class-container=\u00bbtable-no-scroll table-mobi\u00bb]<\/div>\n<\/section>\n<div class=\"row cpn-section\">\n<div class=\"col\">\n<hr \/>\n<\/div>\n<\/div>\n<section id=\"service-kits-one\" class=\"row cpn-section pb-5\"><div class=\"col\">\n<div class=\"row mb-3\">\n<div class=\"col-12 col-sm-6 col-lg-5 col-xl-6 col-xxl-7 fontSize-4 mb-4 mb-md-0\">\n<h2>Kits de mantenimiento<\/h2>\n<p><a href=\"https:\/\/www.omnitrack.com\/es\/bolas-transportadoras\/\">Bolas transportadoras<\/a> de alta capacidad serie 9000 &#8211; En producci\u00f3n continua desde 1954.<\/p>\n<p>Restaure el rendimiento en cuesti\u00f3n de minutos utilizando los kits de servicio S1 y S2 que ofrecen 2 niveles de componentes e instrucciones detalladas de reacondicionamiento.<\/p>\n<p>Servicio de reacondicionamiento en f\u00e1brica para unidades accionadas por resorte y personalizadas, ya que pueden requerir herramientas especiales para un desmontaje seguro.<\/p>\n<p>Para realizar un pedido, indique el n\u00famero de pieza original, cualquier marca de identificaci\u00f3n y el kit de servicio necesario, p. ej. S1-9241. En caso de duda, p\u00f3ngase en <a href=\"https:\/\/www.omnitrack.com\/es\/contacta-con-nosotros\/\">contacto con nosotros<\/a> y le mantendremos en marcha.<\/p>\n<p><a class=\"btn-ot lilac-one shadow\" href=\"https:\/\/www.omnitrack.com\/es\/bolas-transportadoras\/bolas-transportadoras-de-alta-capacidad\/kits-de-mantenimiento\/\">Seguir leyendo<br \/><\/a><\/p>\n<\/div>\n<div class=\"col-12 col-sm-6 col-lg-7 col-xl-6 col-xxl-5\"><img loading=\"lazy\" decoding=\"async\" class=\"img-fluid alignnone wp-image-79735 size-full\" src=\"https:\/\/www.omnitrack.com\/wp-content\/uploads\/2023\/03\/Service_Kits_3.webp\" alt=\"Kit de mantenimiento\" width=\"469\" height=\"345\" srcset=\"https:\/\/www.omnitrack.com\/wp-content\/uploads\/2023\/03\/Service_Kits_3.webp 469w, https:\/\/www.omnitrack.com\/wp-content\/uploads\/2023\/03\/Service_Kits_3-300x221.webp 300w\" sizes=\"auto, (max-width: 469px) 100vw, 469px\" \/><\/div>\n<\/div>\n<div class=\"row text-center carousel-mobi-servicekits\"><div class=\"col\">\n<p><img loading=\"lazy\" decoding=\"async\" class=\"img-fluid alignnone wp-image-79738 size-full\" src=\"https:\/\/www.omnitrack.com\/wp-content\/uploads\/2023\/03\/service_kits-circlip.webp\" alt=\"Kit de servicio \u2013 Capuchon sup\u00e9rieur\" width=\"141\" height=\"140\" srcset=\"https:\/\/www.omnitrack.com\/wp-content\/uploads\/2023\/03\/service_kits-circlip.webp 141w, https:\/\/www.omnitrack.com\/wp-content\/uploads\/2023\/03\/service_kits-circlip-100x100.webp 100w\" sizes=\"auto, (max-width: 141px) 100vw, 141px\" \/><\/p>\n<h4 class=\"fontSize-5\">1 &#8211; Capuchon sup\u00e9rieur<\/h4>\n<div><span class=\"tag blue\">S2<\/span><\/div>\n<p>&nbsp;<\/p>\n<\/div>\n<div class=\"col\">\n<p><img loading=\"lazy\" decoding=\"async\" class=\"img-fluid alignnone wp-image-79739 size-full\" src=\"https:\/\/www.omnitrack.com\/wp-content\/uploads\/2023\/03\/service_kits-top_cap.webp\" alt=\"Kit de servicio \u2013 Capuchon sup\u00e9rieur\" width=\"141\" height=\"140\" srcset=\"https:\/\/www.omnitrack.com\/wp-content\/uploads\/2023\/03\/service_kits-top_cap.webp 141w, https:\/\/www.omnitrack.com\/wp-content\/uploads\/2023\/03\/service_kits-top_cap-100x100.webp 100w\" sizes=\"auto, (max-width: 141px) 100vw, 141px\" \/><\/p>\n<h4 class=\"fontSize-5\">2 &#8211; Tapa superior<\/h4>\n<div> <\/div>\n<p>&nbsp;<\/p>\n<\/div>\n<div class=\"col\">\n<p><img loading=\"lazy\" decoding=\"async\" class=\"img-fluid alignnone wp-image-79740 size-full\" src=\"https:\/\/www.omnitrack.com\/wp-content\/uploads\/2023\/03\/service_kits-felt_seal.webp\" alt=\"Kit de servicio \u2013 Junta de fieltro\" width=\"141\" height=\"140\" srcset=\"https:\/\/www.omnitrack.com\/wp-content\/uploads\/2023\/03\/service_kits-felt_seal.webp 141w, https:\/\/www.omnitrack.com\/wp-content\/uploads\/2023\/03\/service_kits-felt_seal-100x100.webp 100w\" sizes=\"auto, (max-width: 141px) 100vw, 141px\" \/><\/p>\n<h4 class=\"fontSize-5\">3 &#8211; Junta de fieltro<\/h4>\n<div><span class=\"tag green\">S1<\/span><span class=\"tag blue\">S2<\/span><\/div>\n<p><small>(Bola \u00d8 &gt; 12.7mm)<\/small><\/p>\n<\/div>\n<div class=\"col\">\n<p><img loading=\"lazy\" decoding=\"async\" class=\"img-fluid alignnone wp-image-79741 size-full\" src=\"https:\/\/www.omnitrack.com\/wp-content\/uploads\/2023\/03\/service_kits-main_ball.webp\" alt=\"Kit de servicio \u2013 Bola principal\" width=\"141\" height=\"140\" srcset=\"https:\/\/www.omnitrack.com\/wp-content\/uploads\/2023\/03\/service_kits-main_ball.webp 141w, https:\/\/www.omnitrack.com\/wp-content\/uploads\/2023\/03\/service_kits-main_ball-100x100.webp 100w\" sizes=\"auto, (max-width: 141px) 100vw, 141px\" \/><\/p>\n<h4 class=\"fontSize-5\">4 &#8211; Bola principal<\/h4>\n<div><span class=\"tag green\">S1<\/span><span class=\"tag blue\">S2<\/span><\/div>\n<p>&nbsp;<\/p>\n<\/div>\n<div class=\"col\">\n<p><img loading=\"lazy\" decoding=\"async\" class=\"img-fluid alignnone wp-image-79742 size-full\" src=\"https:\/\/www.omnitrack.com\/wp-content\/uploads\/2023\/03\/service_kits-recirculating_balls.webp\" alt=\"Kit de servicio \u2013 Bolas recirculantes\" width=\"141\" height=\"140\" srcset=\"https:\/\/www.omnitrack.com\/wp-content\/uploads\/2023\/03\/service_kits-recirculating_balls.webp 141w, https:\/\/www.omnitrack.com\/wp-content\/uploads\/2023\/03\/service_kits-recirculating_balls-100x100.webp 100w\" sizes=\"auto, (max-width: 141px) 100vw, 141px\" \/><\/p>\n<h4 class=\"fontSize-5\">5 &#8211; Bolas recirculantes<\/h4>\n<div><span class=\"tag green\">S1<\/span><span class=\"tag blue\">S2<\/span><\/div>\n<p>&nbsp;<\/p>\n<\/div>\n<div class=\"col\">\n<p><img loading=\"lazy\" decoding=\"async\" class=\"img-fluid alignnone wp-image-79743 size-full\" src=\"https:\/\/www.omnitrack.com\/wp-content\/uploads\/2023\/03\/service_kits-retainer.webp\" alt=\"Kit de servicio \u2013 Ret\u00e9n\" width=\"141\" height=\"140\" srcset=\"https:\/\/www.omnitrack.com\/wp-content\/uploads\/2023\/03\/service_kits-retainer.webp 141w, https:\/\/www.omnitrack.com\/wp-content\/uploads\/2023\/03\/service_kits-retainer-100x100.webp 100w\" sizes=\"auto, (max-width: 141px) 100vw, 141px\" \/><\/p>\n<h4 class=\"fontSize-5\">6 &#8211; Ret\u00e9n<\/h4>\n<div><span class=\"tag blue\">S2<\/span><\/div>\n<p>&nbsp;<\/p>\n<\/div>\n<div class=\"col\">\n<p><img loading=\"lazy\" decoding=\"async\" class=\"img-fluid alignnone wp-image-79744 size-full\" src=\"https:\/\/www.omnitrack.com\/wp-content\/uploads\/2023\/03\/service_kits-table.webp\" alt=\"Kit de servicio \u2013 Mesa\" width=\"141\" height=\"140\" srcset=\"https:\/\/www.omnitrack.com\/wp-content\/uploads\/2023\/03\/service_kits-table.webp 141w, https:\/\/www.omnitrack.com\/wp-content\/uploads\/2023\/03\/service_kits-table-100x100.webp 100w\" sizes=\"auto, (max-width: 141px) 100vw, 141px\" \/><\/p>\n<h4 class=\"fontSize-5\">7 &#8211; Mesa<\/h4>\n<div><span class=\"tag blue\">S2<\/span><\/div>\n<p>&nbsp;<\/p>\n<\/div>\n<\/div>\n<div class=\"row\">\n<div class=\"col-12 col-sm text-center\"><img loading=\"lazy\" decoding=\"async\" class=\"img-fluid d-sm-none alignnone wp-image-83577 size-full\" src=\"https:\/\/www.omnitrack.com\/wp-content\/uploads\/2024\/09\/dismantle_assemble_mobile_es.webp\" alt=\"Diagrama de desmontaje y montaje\" width=\"1062\" height=\"123\" \/> <img loading=\"lazy\" decoding=\"async\" class=\"img-fluid d-none d-sm-inline-block alignnone wp-image-79712 size-full\" src=\"https:\/\/www.omnitrack.com\/wp-content\/uploads\/2024\/08\/dismantle_assemble_es.webp\" alt=\"Diagrama de desmontaje y montaje\" width=\"2000\" height=\"123\" \/><\/div>\n<\/div>\n<\/div>\n<\/section>\n<section id=\"cant-find\" class=\"row cpn-section py-5 two justify-content-between\"><div class=\"col-12 col-sm-6 col-lg-7 py-lg-4 pe-lg-5\">\n<h3 class=\"fontSize-2 fontSize-md-1\">\u00bfNo encuentra lo que busca?<\/h3>\n<p class=\"fontSize-4\">Intente buscar por palabras clave, n\u00fameros de pieza, carga, tipos de fijaci\u00f3n.<\/p>\n<div class=\"input-group\"><form class=\"form-search\"><div class=\"input-group\">  <input type=\"text\" name=\"s\" class=\"form-control field\" placeholder=\"Buscar referencia\">  <input type=\"hidden\" name=\"post-type\" value=\"product\"><\/div><\/form><\/div>\n<\/div>\n<div class=\"col-12 col-sm-6 col-lg-5 py-lg-4 pt-4 pt-sm-0\">\n<h3 class=\"fontSize-2 fontSize-md-1\">Free technical advice<\/h3>\n<p class=\"fontSize-4\">Phone: <b><a href=\"tel:+34911984543\">+34 911 984 543<br \/><\/a><\/b><\/p>\n<p class=\"fontSize-4\">Email: <b><a href=\"mailto:info@omnitrack.com\">info@omnitrack.com<\/a><\/b><\/p>\n<div class=\"mt-4\"> <a class=\"btn-ot green me-2 mb-3 mb-md-0 w100-mobile\" href=\"https:\/\/wa.me\/447759128207\" target=\"_blank\" rel=\"noopener\"><img decoding=\"async\" loading=\"lazy\" src=\"https:\/\/www.omnitrack.com\/wp-content\/themes\/omnitrack2023\/images\/icon-whatsapp.svg\"  alt=\"WhatsApp Omnitrack\"  \/> WhatsApp<\/a> <a class=\"btn-ot w100-mobile\" href=\"https:\/\/calendly.com\/omnitrack\/15min\" target=\"_blank\" rel=\"noopener\"><img decoding=\"async\" loading=\"lazy\" src=\"https:\/\/www.omnitrack.com\/wp-content\/themes\/omnitrack2023\/images\/icon-schedule.svg\"  alt=\"Agendar una llamada con Omnitrack\"  \/> Agendar una llamada<\/a><\/div>\n<\/div>\n<\/section>\n","protected":false},"excerpt":{"rendered":"<p>Arandelas de fijaci\u00f3n Los clips de fijaci\u00f3n compensan las irregularidades del orificio y el di\u00e1metro. Ideal cuando s\u00f3lo se puede acceder por un lado a la superficie de montaje. [omni_render_table_clips class-container=\u00bbtable-no-scroll table-mobi\u00bb] Si se a\u00f1ade el sufijo K o C a la referencia de la bola transportadora, se especificar\u00e1 el suministro del clip opcional (por [&hellip;]<\/p>\n","protected":false},"author":7,"featured_media":0,"parent":95485,"menu_order":0,"comment_status":"closed","ping_status":"closed","template":"page-fixin-clips-and-kits.php","meta":{"inline_featured_image":false,"footnotes":""},"class_list":["post-95499","page","type-page","status-publish","hentry"],"acf":[],"_links":{"self":[{"href":"https:\/\/www.omnitrack.com\/es\/wp-json\/wp\/v2\/pages\/95499","targetHints":{"allow":["GET"]}}],"collection":[{"href":"https:\/\/www.omnitrack.com\/es\/wp-json\/wp\/v2\/pages"}],"about":[{"href":"https:\/\/www.omnitrack.com\/es\/wp-json\/wp\/v2\/types\/page"}],"author":[{"embeddable":true,"href":"https:\/\/www.omnitrack.com\/es\/wp-json\/wp\/v2\/users\/7"}],"replies":[{"embeddable":true,"href":"https:\/\/www.omnitrack.com\/es\/wp-json\/wp\/v2\/comments?post=95499"}],"version-history":[{"count":4,"href":"https:\/\/www.omnitrack.com\/es\/wp-json\/wp\/v2\/pages\/95499\/revisions"}],"predecessor-version":[{"id":105140,"href":"https:\/\/www.omnitrack.com\/es\/wp-json\/wp\/v2\/pages\/95499\/revisions\/105140"}],"up":[{"embeddable":true,"href":"https:\/\/www.omnitrack.com\/es\/wp-json\/wp\/v2\/pages\/95485"}],"wp:attachment":[{"href":"https:\/\/www.omnitrack.com\/es\/wp-json\/wp\/v2\/media?parent=95499"}],"curies":[{"name":"wp","href":"https:\/\/api.w.org\/{rel}","templated":true}]}}