{"id":95495,"date":"2019-05-10T17:02:17","date_gmt":"2019-05-10T17:02:17","guid":{"rendered":"https:\/\/www.omnitrack.com\/warranty\/"},"modified":"2024-08-26T16:52:01","modified_gmt":"2024-08-26T16:52:01","slug":"garantia","status":"publish","type":"page","link":"https:\/\/www.omnitrack.com\/es\/garantia\/","title":{"rendered":"Garant\u00eda"},"content":{"rendered":"<section id=\"header-product-one\" class=\"row cpn-section fontSize-4\">\n<div class=\"col-12 col-lg-8\">\n<h1>Gama Alta Capacidad &#8211; Garant\u00eda gratuita de 2 a\u00f1os<\/h1>\n<p>Active su garant\u00eda en l\u00ednea para registrar la fecha de inicio de su <strong>garant\u00eda gratuita de 2 a\u00f1os<\/strong>. Aseg\u00farese de activar la garant\u00eda en los seis meses siguientes al env\u00edo. Debemos asegurarnos de que su aplicaci\u00f3n coincide con el uso previsto y se ajusta a la especificaci\u00f3n original m\u00e1s cercana. Organizaremos la sustituci\u00f3n y el env\u00edo gratuitos. Si vemos un producto m\u00e1s adecuado para su aplicaci\u00f3n, hablaremos con usted sobre las condiciones favorables para resolver su problema.<\/p>\n<\/div>\n<div class=\"col-12 col-lg-4\"><img loading=\"lazy\" decoding=\"async\" class=\"img-fluid alignnone wp-image-79745 size-full\" src=\"https:\/\/www.omnitrack.com\/wp-content\/uploads\/2024\/08\/2_year_warranty_es.webp\" alt=\" Garant\u00eda\" width=\"401\" height=\"190\" \/><\/div>\n<\/section>\n<section class=\"row cpn-section pb-5 fontSize-4\">\n<div class=\"col-12\">[omni_warranty idform=\u00bb3512&#8243;]<\/div>\n<\/section>\n<section id=\"cant-find\" class=\"row cpn-section py-5 two justify-content-between\"><div class=\"col-12 col-sm-6 col-lg-7 py-lg-4 pe-lg-5\">\n<h3 class=\"fontSize-2 fontSize-md-1\">\u00bfNo encuentra lo que busca?<\/h3>\n<p class=\"fontSize-4\">Intente buscar por palabras clave, n\u00fameros de pieza, carga, tipos de fijaci\u00f3n.<\/p>\n<div class=\"input-group\"><form class=\"form-search\"><div class=\"input-group\">  <input type=\"text\" name=\"s\" class=\"form-control field\" placeholder=\"Buscar referencia\">  <input type=\"hidden\" name=\"post-type\" value=\"product\"><\/div><\/form><\/div>\n<\/div>\n<div class=\"col-12 col-sm-6 col-lg-5 py-lg-4 pt-4 pt-sm-0\">\n<h3 class=\"fontSize-2 fontSize-md-1\">Free technical advice<\/h3>\n<p class=\"fontSize-4\">Phone: <b><a href=\"tel:+34911984543\">+34 911 984 543<br \/><\/a><\/b><\/p>\n<p class=\"fontSize-4\">Email: <b><a href=\"mailto:info@omnitrack.com\">info@omnitrack.com<\/a><\/b><\/p>\n<div class=\"mt-4\"> <a class=\"btn-ot green me-2 mb-3 mb-md-0 w100-mobile\" href=\"https:\/\/wa.me\/447759128207\" target=\"_blank\" rel=\"noopener\"><img decoding=\"async\" loading=\"lazy\" src=\"https:\/\/www.omnitrack.com\/wp-content\/themes\/omnitrack2023\/images\/icon-whatsapp.svg\"  alt=\"WhatsApp Omnitrack\"  \/> WhatsApp<\/a> <a class=\"btn-ot w100-mobile\" href=\"https:\/\/calendly.com\/omnitrack\/15min\" target=\"_blank\" rel=\"noopener\"><img decoding=\"async\" loading=\"lazy\" src=\"https:\/\/www.omnitrack.com\/wp-content\/themes\/omnitrack2023\/images\/icon-schedule.svg\"  alt=\"Agendar una llamada con Omnitrack\"  \/> Agendar una llamada<\/a><\/div>\n<\/div>\n<\/section>\n","protected":false},"excerpt":{"rendered":"<p>Gama Alta Capacidad &#8211; Garant\u00eda gratuita de 2 a\u00f1os Active su garant\u00eda en l\u00ednea para registrar la fecha de inicio de su garant\u00eda gratuita de 2 a\u00f1os. Aseg\u00farese de activar la garant\u00eda en los seis meses siguientes al env\u00edo. Debemos asegurarnos de que su aplicaci\u00f3n coincide con el uso previsto y se ajusta a la [&hellip;]<\/p>\n","protected":false},"author":7,"featured_media":0,"parent":0,"menu_order":0,"comment_status":"closed","ping_status":"closed","template":"page-warranty.php","meta":{"inline_featured_image":false,"footnotes":""},"class_list":["post-95495","page","type-page","status-publish","hentry"],"acf":[],"_links":{"self":[{"href":"https:\/\/www.omnitrack.com\/es\/wp-json\/wp\/v2\/pages\/95495","targetHints":{"allow":["GET"]}}],"collection":[{"href":"https:\/\/www.omnitrack.com\/es\/wp-json\/wp\/v2\/pages"}],"about":[{"href":"https:\/\/www.omnitrack.com\/es\/wp-json\/wp\/v2\/types\/page"}],"author":[{"embeddable":true,"href":"https:\/\/www.omnitrack.com\/es\/wp-json\/wp\/v2\/users\/7"}],"replies":[{"embeddable":true,"href":"https:\/\/www.omnitrack.com\/es\/wp-json\/wp\/v2\/comments?post=95495"}],"version-history":[{"count":2,"href":"https:\/\/www.omnitrack.com\/es\/wp-json\/wp\/v2\/pages\/95495\/revisions"}],"predecessor-version":[{"id":105370,"href":"https:\/\/www.omnitrack.com\/es\/wp-json\/wp\/v2\/pages\/95495\/revisions\/105370"}],"wp:attachment":[{"href":"https:\/\/www.omnitrack.com\/es\/wp-json\/wp\/v2\/media?parent=95495"}],"curies":[{"name":"wp","href":"https:\/\/api.w.org\/{rel}","templated":true}]}}