{"id":95490,"date":"2018-12-20T23:34:57","date_gmt":"2018-12-20T23:34:57","guid":{"rendered":"https:\/\/www.omnitrack.com\/pdf-catalogue\/"},"modified":"2024-11-19T21:27:33","modified_gmt":"2024-11-19T21:27:33","slug":"catalogo-pdf","status":"publish","type":"page","link":"https:\/\/www.omnitrack.com\/es\/catalogo-pdf\/","title":{"rendered":"Cat\u00e1logo PDF"},"content":{"rendered":"<section id=\"text-video-one\" class=\"row cpn-section pb-3\">\n<div class=\"col\">\n<h1>Cat\u00e1logo PDF<\/h1>\n<p>Descargue el \u00faltimo cat\u00e1logo de productos Omnitrack con las <a href=\"https:\/\/www.omnitrack.com\/es\/bolas-transportadoras\/\">bolas transportadoras<\/a>, la gama de transferencias por bolas accionadas por resorte y neum\u00e1ticas. El nuevo folleto tambi\u00e9n muestra nuestra gama de ruedas de transporte omnidireccionales Omniwheel, las ruedas para manipulaci\u00f3n de vidrio Omnifloat y las ruedas de giro cerrado Omnicaster, que permiten un r\u00e1pido cambio de direcci\u00f3n. Transportadores flexibles, sistema de transporte de estantes en voladizo Omniskate, mesas de bolas y ra\u00edles. As\u00ed como una gama de unidades de transferencia de bolas con resorte y troquel. Desc\u00e1rguelo ahora: es un cat\u00e1logo de productos de transferencia de bolas, pero tambi\u00e9n una referencia de movimiento de precisi\u00f3n para soluciones omnidireccionales. Hablamos su idioma.<\/p>\n<\/div>\n<\/section>\n<section class=\"row cpn-section pt-3 pb-3\">\n<div class=\"col\">\n<h2>Seleccione su idioma para descargar nuestro cat\u00e1logo de productos en PDF:<\/h2>\n<ul class=\"row clear-list languages-list\">\n<li class=\"col-12 col-md-2 col-lg-20\">\n<div class=\"row\">\n<div class=\"col-4 col-md-12\" style=\"margin-bottom: 8px;\"><img decoding=\"async\" loading=\"lazy\" src=\"https:\/\/www.omnitrack.com\/wp-content\/themes\/omnitrack2023\/images\/flag_UK.svg\" class=\"img-fluid\" alt=\"flag_UK\"  \/><\/div>\n<div class=\"col-8 col-md-12 text-start text-md-center\">We speak English <br \/>\n<a href=\"https:\/\/resources.omnitrack.com\/catalogue\/2024\/Omnitrack_UK.pdf\" target=\"_blank\" rel=\"noopener\"><img decoding=\"async\" loading=\"lazy\" src=\"https:\/\/www.omnitrack.com\/wp-content\/themes\/omnitrack2023\/images\/icon-download-blue.svg\"  alt=\"icon-download-blue\"  \/> Ingl\u00e9s<\/a><\/div>\n<\/div>\n<\/li>\n<li class=\"col-12 col-md-2 col-lg-20\">\n<div class=\"row\">\n<div class=\"col-4 col-md-12\" style=\"margin-bottom: 8px;\"><img decoding=\"async\" loading=\"lazy\" src=\"https:\/\/www.omnitrack.com\/wp-content\/themes\/omnitrack2023\/images\/flag_US.svg\" class=\"img-fluid\" alt=\"flag_US\"  \/><\/div>\n<div class=\"col-8 col-md-12 text-start text-md-center\">We speak English <br \/>\n<a href=\"https:\/\/resources.omnitrack.com\/catalogue\/2024\/Omnitrack_USA.pdf\" target=\"_blank\" rel=\"noopener\"><img decoding=\"async\" loading=\"lazy\" src=\"https:\/\/www.omnitrack.com\/wp-content\/themes\/omnitrack2023\/images\/icon-download-blue.svg\"  alt=\"icon-download-blue\"  \/> Ingl\u00e9s<\/a><\/div>\n<\/div>\n<\/li>\n<li class=\"col-12 col-md-2 col-lg-20\">\n<div class=\"row\">\n<div class=\"col-4 col-md-12\" style=\"margin-bottom: 8px;\"><img decoding=\"async\" loading=\"lazy\" src=\"https:\/\/www.omnitrack.com\/wp-content\/themes\/omnitrack2023\/images\/flag_Canada.svg\" class=\"img-fluid\" alt=\"flag_Canada\"  \/><\/div>\n<div class=\"col-8 col-md-12 text-start text-md-center\">We speak English <br \/>\n<a href=\"https:\/\/resources.omnitrack.com\/catalogue\/2024\/Omnitrack_UK.pdf\" target=\"_blank\" rel=\"noopener\"><img decoding=\"async\" loading=\"lazy\" src=\"https:\/\/www.omnitrack.com\/wp-content\/themes\/omnitrack2023\/images\/icon-download-blue.svg\"  alt=\"icon-download-blue\"  \/> Ingl\u00e9s<\/a><\/div>\n<\/div>\n<\/li>\n<li class=\"col-12 col-md-2 col-lg-20\">\n<div class=\"row\">\n<div class=\"col-4 col-md-12\" style=\"margin-bottom: 8px;\"><img decoding=\"async\" loading=\"lazy\" src=\"https:\/\/www.omnitrack.com\/wp-content\/themes\/omnitrack2023\/images\/flag_Italy.svg\" class=\"img-fluid\" alt=\"flag_Italy\"  \/><\/div>\n<div class=\"col-8 col-md-12 text-start text-md-center\">Noi parliamo italiano <br \/>\n<a href=\"https:\/\/resources.omnitrack.com\/catalogue\/2024\/Omnitrack_IT.pdf\" target=\"_blank\" rel=\"noopener\"><img decoding=\"async\" loading=\"lazy\" src=\"https:\/\/www.omnitrack.com\/wp-content\/themes\/omnitrack2023\/images\/icon-download-blue.svg\"  alt=\"icon-download-blue\"  \/> Italiano<\/a><\/div>\n<\/div>\n<\/li>\n<li class=\"col-12 col-md-2 col-lg-20\">\n<div class=\"row\">\n<div class=\"col-4 col-md-12\" style=\"margin-bottom: 8px;\"><img decoding=\"async\" loading=\"lazy\" src=\"https:\/\/www.omnitrack.com\/wp-content\/themes\/omnitrack2023\/images\/flag_France.svg\" class=\"img-fluid\" alt=\"flag_France\"  \/><\/div>\n<div class=\"col-8 col-md-12 text-start text-md-center\">On parle francais <br \/>\n<a href=\"https:\/\/resources.omnitrack.com\/catalogue\/2024\/Omnitrack_FR.pdf\" target=\"_blank\" rel=\"noopener\"><img decoding=\"async\" loading=\"lazy\" src=\"https:\/\/www.omnitrack.com\/wp-content\/themes\/omnitrack2023\/images\/icon-download-blue.svg\"  alt=\"icon-download-blue\"  \/> Franc\u00e9s<\/a><\/div>\n<\/div>\n<\/li>\n<li class=\"col-12 col-md-2 col-lg-20\">\n<div class=\"row\">\n<div class=\"col-4 col-md-12\" style=\"margin-bottom: 8px;\"><img decoding=\"async\" loading=\"lazy\" src=\"https:\/\/www.omnitrack.com\/wp-content\/themes\/omnitrack2023\/images\/flag_German.svg\" class=\"img-fluid\" alt=\"flag_German\"  \/><\/div>\n<div class=\"col-8 col-md-12 text-start text-md-center\">Wir sprechen Deutsch <br \/>\n<a href=\"https:\/\/resources.omnitrack.com\/catalogue\/2024\/Omnitrack_DE.pdf\" target=\"_blank\" rel=\"noopener\"><img decoding=\"async\" loading=\"lazy\" src=\"https:\/\/www.omnitrack.com\/wp-content\/themes\/omnitrack2023\/images\/icon-download-blue.svg\"  alt=\"icon-download-blue\"  \/> Alem\u00e1n<\/a><\/div>\n<\/div>\n<\/li>\n<li class=\"col-12 col-md-2 col-lg-20\">\n<div class=\"row\">\n<div class=\"col-4 col-md-12\" style=\"margin-bottom: 8px;\"><img decoding=\"async\" loading=\"lazy\" src=\"https:\/\/www.omnitrack.com\/wp-content\/themes\/omnitrack2023\/images\/flag_Brazil.svg\" class=\"img-fluid\" alt=\"flag_Brazil\"  \/><\/div>\n<div class=\"col-8 col-md-12 text-start text-md-center\">N\u00f3s falamos portugu\u00eas <br \/>\n<a href=\"https:\/\/resources.omnitrack.com\/catalogue\/2024\/Omnitrack_PT.pdf\" target=\"_blank\" rel=\"noopener\"><img decoding=\"async\" loading=\"lazy\" src=\"https:\/\/www.omnitrack.com\/wp-content\/themes\/omnitrack2023\/images\/icon-download-blue.svg\"  alt=\"icon-download-blue\"  \/> Portugu\u00e9s<\/a><\/div>\n<\/div>\n<\/li>\n<li class=\"col-12 col-md-2 col-lg-20\">\n<div class=\"row\">\n<div class=\"col-4 col-md-12\" style=\"margin-bottom: 8px;\"><img decoding=\"async\" loading=\"lazy\" src=\"https:\/\/www.omnitrack.com\/wp-content\/themes\/omnitrack2023\/images\/flag_Spain.svg\" class=\"img-fluid\" alt=\"flag_Spain\"  \/><\/div>\n<div class=\"col-8 col-md-12 text-start text-md-center\">Nosotros hablamos espa\u00f1ol <br \/>\n<a href=\"https:\/\/resources.omnitrack.com\/catalogue\/2024\/Omnitrack_ES.pdf\" target=\"_blank\" rel=\"noopener\"><img decoding=\"async\" loading=\"lazy\" src=\"https:\/\/www.omnitrack.com\/wp-content\/themes\/omnitrack2023\/images\/icon-download-blue.svg\"  alt=\"icon-download-blue\"  \/> Espa\u00f1ol<\/a><\/div>\n<\/div>\n<\/li>\n<li class=\"col-12 col-md-2 col-lg-20\">\n<div class=\"row\">\n<div class=\"col-4 col-md-12\" style=\"margin-bottom: 8px;\"><img decoding=\"async\" loading=\"lazy\" src=\"https:\/\/www.omnitrack.com\/wp-content\/themes\/omnitrack2023\/images\/flag_Netherlands.svg\" class=\"img-fluid\" alt=\"flag_Netherlands\"  \/><\/div>\n<div class=\"col-8 col-md-12 text-start text-md-center\">Wij spreken Nederlands <br \/>\n<a href=\"https:\/\/resources.omnitrack.com\/catalogue\/2024\/Omnitrack_NL.pdf\" target=\"_blank\" rel=\"noopener\"><img decoding=\"async\" loading=\"lazy\" src=\"https:\/\/www.omnitrack.com\/wp-content\/themes\/omnitrack2023\/images\/icon-download-blue.svg\"  alt=\"icon-download-blue\"  \/> Holand\u00e9s<\/a><\/div>\n<\/div>\n<\/li>\n<li class=\"col-12 col-md-2 col-lg-20\">\n<div class=\"row\">\n<div class=\"col-4 col-md-12\" style=\"margin-bottom: 8px;\"><img decoding=\"async\" loading=\"lazy\" src=\"https:\/\/www.omnitrack.com\/wp-content\/themes\/omnitrack2023\/images\/flag_Russia.svg\" class=\"img-fluid\" alt=\"flag_Russia\"  \/><\/div>\n<div class=\"col-8 col-md-12 text-start text-md-center\">\u043c\u044b \u0433\u043e\u0432\u043e\u0440\u0438\u043c \u043f\u043e \u0440\u0443\u0441\u0441\u043a\u0438 <br \/>\n<a href=\"https:\/\/resources.omnitrack.com\/catalogue\/Omnitrack_Brochure-RU.pdf\" target=\"_blank\" rel=\"noopener\"><img decoding=\"async\" loading=\"lazy\" src=\"https:\/\/www.omnitrack.com\/wp-content\/themes\/omnitrack2023\/images\/icon-download-blue.svg\"  alt=\"icon-download-blue\"  \/> Ruso<\/a><\/div>\n<\/div>\n<\/li>\n<li class=\"col-12 col-md-2 col-lg-20\">\n<div class=\"row\">\n<div class=\"col-4 col-md-12\" style=\"margin-bottom: 8px;\"><img decoding=\"async\" loading=\"lazy\" src=\"https:\/\/www.omnitrack.com\/wp-content\/themes\/omnitrack2023\/images\/flag_Poland.svg\" class=\"img-fluid\" alt=\"flag_Poland\"  \/><\/div>\n<div class=\"col-8 col-md-12 text-start text-md-center\">M\u00f3wimy po polsku <br \/>\n<a href=\"https:\/\/resources.omnitrack.com\/catalogue\/omnitrack-v30-polski.pdf\" target=\"_blank\" rel=\"noopener\"><img decoding=\"async\" loading=\"lazy\" src=\"https:\/\/www.omnitrack.com\/wp-content\/themes\/omnitrack2023\/images\/icon-download-blue.svg\"  alt=\"icon-download-blue\"  \/> Polaco<\/a><\/div>\n<\/div>\n<\/li>\n<li class=\"col-12 col-md-2 col-lg-20\">\n<div class=\"row\">\n<div class=\"col-4 col-md-12\" style=\"margin-bottom: 8px;\"><img decoding=\"async\" loading=\"lazy\" src=\"https:\/\/www.omnitrack.com\/wp-content\/themes\/omnitrack2023\/images\/flag_Sweden.svg\" class=\"img-fluid\" alt=\"flag_Sweden\"  \/><\/div>\n<div class=\"col-8 col-md-12 text-start text-md-center\">Vi talar svenska <br \/>\n<a href=\"https:\/\/resources.omnitrack.com\/catalogue\/Omnitrack_Brochure-SV.pdf\" target=\"_blank\" rel=\"noopener\"><img decoding=\"async\" loading=\"lazy\" src=\"https:\/\/www.omnitrack.com\/wp-content\/themes\/omnitrack2023\/images\/icon-download-blue.svg\"  alt=\"icon-download-blue\"  \/> Sueco<\/a><\/div>\n<\/div>\n<\/li>\n<li class=\"col-12 col-md-2 col-lg-20\">\n<div class=\"row\">\n<div class=\"col-4 col-md-12\" style=\"margin-bottom: 8px;\"><img decoding=\"async\" loading=\"lazy\" src=\"https:\/\/www.omnitrack.com\/wp-content\/themes\/omnitrack2023\/images\/flag_Thai.svg\" class=\"img-fluid\" alt=\"flag_Thai\"  \/><\/div>\n<div class=\"col-8 col-md-12 text-start text-md-center\">\u0e40\u0e23\u0e32\u0e1e\u0e39\u0e14\u0e20\u0e32\u0e29\u0e32\u0e44\u0e17\u0e22 <br \/>\n<a href=\"https:\/\/resources.omnitrack.com\/catalogue\/Omnitrack_Brochure-TH.pdf\" target=\"_blank\" rel=\"noopener\"><img decoding=\"async\" loading=\"lazy\" src=\"https:\/\/www.omnitrack.com\/wp-content\/themes\/omnitrack2023\/images\/icon-download-blue.svg\"  alt=\"icon-download-blue\"  \/> Tailand\u00e9s<\/a><\/div>\n<\/div>\n<\/li>\n<li class=\"col-12 col-md-2 col-lg-20\">\n<div class=\"row\">\n<div class=\"col-4 col-md-12\" style=\"margin-bottom: 8px;\"><img decoding=\"async\" loading=\"lazy\" src=\"https:\/\/www.omnitrack.com\/wp-content\/themes\/omnitrack2023\/images\/flag_China.svg\" class=\"img-fluid\" alt=\"flag_China\"  \/><\/div>\n<div class=\"col-8 col-md-12 text-start text-md-center\">\u6211\u4eec\u8bf4\u4e2d\u6587 <br \/>\n<a href=\"https:\/\/resources.omnitrack.com\/catalogue\/omnitrack-v30-China.pdf\" target=\"_blank\" rel=\"noopener\"><img decoding=\"async\" loading=\"lazy\" src=\"https:\/\/www.omnitrack.com\/wp-content\/themes\/omnitrack2023\/images\/icon-download-blue.svg\"  alt=\"icon-download-blue\"  \/> Chino<\/a><\/div>\n<\/div>\n<\/li>\n<li class=\"col-12 col-md-2 col-lg-20\">\n<div class=\"row\">\n<div class=\"col-4 col-md-12\" style=\"margin-bottom: 8px;\"><img decoding=\"async\" loading=\"lazy\" src=\"https:\/\/www.omnitrack.com\/wp-content\/themes\/omnitrack2023\/images\/flag_Japan.svg\" class=\"img-fluid\" alt=\"flag_Japan\"  \/><\/div>\n<div class=\"col-8 col-md-12 text-start text-md-center\">\u79c1\u305f\u3061\u306f\u65e5\u672c\u8a9e\u3092\u8a71\u3057\u307e\u3059 <br \/>\n<a href=\"https:\/\/resources.omnitrack.com\/catalogue\/Omnitrack_Brochure-JA.pdf\" target=\"_blank\" rel=\"noopener\"><img decoding=\"async\" loading=\"lazy\" src=\"https:\/\/www.omnitrack.com\/wp-content\/themes\/omnitrack2023\/images\/icon-download-blue.svg\"  alt=\"icon-download-blue\"  \/> Japon\u00e9s<\/a><\/div>\n<\/div>\n<\/li>\n<\/ul>\n<\/div>\n<\/section>\n<section id=\"cant-find\" class=\"row cpn-section py-5 two justify-content-between\"><div class=\"col-12 col-sm-6 col-lg-7 py-lg-4 pe-lg-5\">\n<h3 class=\"fontSize-2 fontSize-md-1\">\u00bfNo encuentra lo que busca?<\/h3>\n<p class=\"fontSize-4\">Intente buscar por palabras clave, n\u00fameros de pieza, carga, tipos de fijaci\u00f3n.<\/p>\n<div class=\"input-group\"><form class=\"form-search\"><div class=\"input-group\">  <input type=\"text\" name=\"s\" class=\"form-control field\" placeholder=\"Buscar referencia\">  <input type=\"hidden\" name=\"post-type\" value=\"product\"><\/div><\/form><\/div>\n<\/div>\n<div class=\"col-12 col-sm-6 col-lg-5 py-lg-4 pt-4 pt-sm-0\">\n<h3 class=\"fontSize-2 fontSize-md-1\">Free technical advice<\/h3>\n<p class=\"fontSize-4\">Phone: <b><a href=\"tel:+34911984543\">+34 911 984 543<br \/><\/a><\/b><\/p>\n<p class=\"fontSize-4\">Email: <b><a href=\"mailto:info@omnitrack.com\">info@omnitrack.com<\/a><\/b><\/p>\n<div class=\"mt-4\"> <a class=\"btn-ot green me-2 mb-3 mb-md-0 w100-mobile\" href=\"https:\/\/wa.me\/447759128207\" target=\"_blank\" rel=\"noopener\"><img decoding=\"async\" loading=\"lazy\" src=\"https:\/\/www.omnitrack.com\/wp-content\/themes\/omnitrack2023\/images\/icon-whatsapp.svg\"  alt=\"WhatsApp Omnitrack\"  \/> WhatsApp<\/a> <a class=\"btn-ot w100-mobile\" href=\"https:\/\/calendly.com\/omnitrack\/15min\" target=\"_blank\" rel=\"noopener\"><img decoding=\"async\" loading=\"lazy\" src=\"https:\/\/www.omnitrack.com\/wp-content\/themes\/omnitrack2023\/images\/icon-schedule.svg\"  alt=\"Agendar una llamada con Omnitrack\"  \/> Agendar una llamada<\/a><\/div>\n<\/div>\n<\/section>\n","protected":false},"excerpt":{"rendered":"<p>Cat\u00e1logo PDF Descargue el \u00faltimo cat\u00e1logo de productos Omnitrack con las bolas transportadoras, la gama de transferencias por bolas accionadas por resorte y neum\u00e1ticas. El nuevo folleto tambi\u00e9n muestra nuestra gama de ruedas de transporte omnidireccionales Omniwheel, las ruedas para manipulaci\u00f3n de vidrio Omnifloat y las ruedas de giro cerrado Omnicaster, que permiten un r\u00e1pido [&hellip;]<\/p>\n","protected":false},"author":7,"featured_media":0,"parent":0,"menu_order":0,"comment_status":"closed","ping_status":"closed","template":"page-catalogues.php","meta":{"inline_featured_image":false,"footnotes":""},"class_list":["post-95490","page","type-page","status-publish","hentry"],"acf":[],"_links":{"self":[{"href":"https:\/\/www.omnitrack.com\/es\/wp-json\/wp\/v2\/pages\/95490","targetHints":{"allow":["GET"]}}],"collection":[{"href":"https:\/\/www.omnitrack.com\/es\/wp-json\/wp\/v2\/pages"}],"about":[{"href":"https:\/\/www.omnitrack.com\/es\/wp-json\/wp\/v2\/types\/page"}],"author":[{"embeddable":true,"href":"https:\/\/www.omnitrack.com\/es\/wp-json\/wp\/v2\/users\/7"}],"replies":[{"embeddable":true,"href":"https:\/\/www.omnitrack.com\/es\/wp-json\/wp\/v2\/comments?post=95490"}],"version-history":[{"count":3,"href":"https:\/\/www.omnitrack.com\/es\/wp-json\/wp\/v2\/pages\/95490\/revisions"}],"predecessor-version":[{"id":108249,"href":"https:\/\/www.omnitrack.com\/es\/wp-json\/wp\/v2\/pages\/95490\/revisions\/108249"}],"wp:attachment":[{"href":"https:\/\/www.omnitrack.com\/es\/wp-json\/wp\/v2\/media?parent=95490"}],"curies":[{"name":"wp","href":"https:\/\/api.w.org\/{rel}","templated":true}]}}