{"id":95485,"date":"2023-01-09T22:05:54","date_gmt":"2023-01-09T22:05:54","guid":{"rendered":"https:\/\/www.omnitrack.com\/ball-transfer-units\/"},"modified":"2024-08-15T15:31:31","modified_gmt":"2024-08-15T15:31:31","slug":"bolas-transportadoras","status":"publish","type":"page","link":"https:\/\/www.omnitrack.com\/es\/bolas-transportadoras\/","title":{"rendered":"Bolas Transportadoras"},"content":{"rendered":"<section id=\"header-product-one\" class=\"row cpn-section fontSize-4\"> <div class=\"col\"> <h1>Bolas Transportadoras<\/h1> <p>Las innovadoras bolas transportadoras de Omnitrack proporcionan un cambio direccional instant\u00e1neo y preciso con baja fricci\u00f3n y una gran capacidad de carga. Nuestras soluciones patentadas est\u00e1n disponibles en una amplia gama de estilos y tama\u00f1os. Desde unidades de acero cargadas por resorte hasta unidades neum\u00e1ticas que permiten el posicionamiento por aire del art\u00edculo transportado. Todos los art\u00edculos \u00aben stock\u00bb se env\u00edan inmediatamente, con entrega mundial GRATUITA en pedidos superiores a 500\u20ac. \u00bfNecesita una soluci\u00f3n personalizada para satisfacer un requisito espec\u00edfico? Hable ahora con nuestro equipo \u2014 Estaremos encantados de ayudarle.<\/p> <\/div> <\/section> <section class=\"row cpn-section fontSize-4\"> <div class=\"col-12\"> <ul class=\"row clear-list product-card-list justify-content-center ball-transfer-units g-2 g-md-3\"> <li class=\"col-12 col-sm-4 mb-4 mb-md-0\"><a href=\"https:\/\/www.omnitrack.com\/es\/bolas-transportadoras\/bolas-transportadoras-de-alta-capacidad\/\" class=\"product-card-item\"><img loading=\"lazy\" decoding=\"async\" class=\"img-fluid alignnone wp-image-79865 size-full\" src=\"https:\/\/www.omnitrack.com\/wp-content\/uploads\/2023\/03\/Heavy_Duty.webp\" alt=\"Alta capacidad\" width=\"140\" height=\"140\" srcset=\"https:\/\/www.omnitrack.com\/wp-content\/uploads\/2023\/03\/Heavy_Duty.webp 140w, https:\/\/www.omnitrack.com\/wp-content\/uploads\/2023\/03\/Heavy_Duty-100x100.webp 100w\" sizes=\"auto, (max-width: 140px) 100vw, 140px\" \/><br \/> <h2 class=\"fontSize-2\">Alta capacidad<\/h2> <dl> <dt>Carga m\u00e1x.<\/dt> <dd>8000kg<\/dd> <dt>Fricci\u00f3n:<\/dt> <dd>1:0,005<\/dd> <dt>Temperatura:<\/dt> <dd>-50\/260\u00b0C<\/dd> <dt>Velocidad:<\/dt> <dd>2m\/sec<\/dd> <dt>Orientaci\u00f3n:<\/dt> <dd>Cualquier<\/dd> <\/dl> <p><\/a><\/li> <li class=\"col-12 col-sm-4 mb-4 mb-md-0\"><a href=\"https:\/\/www.omnitrack.com\/es\/bolas-transportadoras\/media-capacidad\/\" class=\"product-card-item category-list-item\"> <img loading=\"lazy\" decoding=\"async\" class=\"img-fluid alignnone wp-image-79866 size-full\" src=\"https:\/\/www.omnitrack.com\/wp-content\/uploads\/2023\/03\/Medium_Duty.webp\" alt=\"Unidades de transferencia de bolas de Media Capacidad\" width=\"140\" height=\"140\" srcset=\"https:\/\/www.omnitrack.com\/wp-content\/uploads\/2023\/03\/Medium_Duty.webp 140w, https:\/\/www.omnitrack.com\/wp-content\/uploads\/2023\/03\/Medium_Duty-100x100.webp 100w\" sizes=\"auto, (max-width: 140px) 100vw, 140px\" \/><br \/> <h2 class=\"fontSize-2\">Media Capacidad<\/h2> <dl> <dt>Resistencia a los golpes<\/dt> <dd><\/dd> <dt>Fricci\u00f3n:<\/dt> <dd>1:0,02<\/dd> <dt>Temperatura:<\/dt> <dd>-30\/100\u00b0C<\/dd> <dt>Velocidad:<\/dt> <dd>1.5m\/sec<\/dd> <dt>Orientaci\u00f3n:<\/dt> <dd>Horizontal \/ Arriba<\/dd> <\/dl> <p><\/a><\/li> <li class=\"col-12 col-sm-4\"><a href=\"https:\/\/www.omnitrack.com\/es\/bolas-transportadoras\/baja-capacidad\/\" class=\"product-card-item category-list-item\"> <img loading=\"lazy\" decoding=\"async\" class=\"img-fluid alignnone wp-image-79867 size-full\" src=\"https:\/\/www.omnitrack.com\/wp-content\/uploads\/2023\/03\/Light_Duty.webp\" alt=\"Bolas transportadoras de baja capacidad\" width=\"140\" height=\"140\" srcset=\"https:\/\/www.omnitrack.com\/wp-content\/uploads\/2023\/03\/Light_Duty.webp 140w, https:\/\/www.omnitrack.com\/wp-content\/uploads\/2023\/03\/Light_Duty-100x100.webp 100w\" sizes=\"auto, (max-width: 140px) 100vw, 140px\" \/><br \/> <h2 class=\"fontSize-2\">Baja Capacidad<\/h2> <dl> <dt>Econom\u00eda y valor<\/dt> <dd><\/dd> <dt>Fricci\u00f3n:<\/dt> <dd>1:0,03<\/dd> <dt>Temperatura:<\/dt> <dd>-20\/70\u00b0C<\/dd> <dt>Velocidad:<\/dt> <dd>1m\/sec<\/dd> <dt>Orientaci\u00f3n:<\/dt> <dd>Horizontal \/ Arriba<\/dd> <\/dl> <p><\/a><\/li> <\/ul> <\/div> <\/section> <div class=\"row cpn-section\"> <div class=\"col\"> <hr \/> <\/div> <\/div> <section class=\"row cpn-section fontSize-4\"> <div class=\"col\"> <h2>Descubra nuestra gama de bolas transportadoras<\/h2> <p>Omnitrack ofrece una amplia gama de bolas transportadoras de alta capacidad. Dise\u00f1adas para un cambio direccional \u00f3ptimo con el menor coeficiente de fricci\u00f3n y el rendimiento m\u00e1s suave. Puede elegir mejoras de material, solicitar una soluci\u00f3n a medida y seleccionar entre una amplia gama de estilos y tama\u00f1os, que se detallan a continuaci\u00f3n.<\/p> <ul class=\"row clear-list\"> <li class=\"col-12 col-sm-6 col-md-4 mb-4\"> <h3 class=\"fontSize-3\">Bolas transportadoras de alta capacidad<\/h3> <p>Nuestras unidades de transferencia de bolas de alta resistencia est\u00e1n disponibles en una gran variedad de tama\u00f1os y estilos para adaptarse a todas las especificaciones. Con una impresionante capacidad de carga de hasta 8000 kg cada una.<\/p> <p><a href=\"https:\/\/www.omnitrack.com\/es\/bolas-transportadoras\/bolas-transportadoras-de-alta-capacidad\/\">Ver gama de alta capacidad<br \/> <\/a><\/li> <li class=\"col-12 col-sm-6 col-md-4 mb-4\"> <h3 class=\"fontSize-3\">Bolas transportadoras de media capacidad<\/h3> <p>Las bolas transportadoras de media capacidad de Omnitrack est\u00e1n mecanizadas en acero macizo y cementadas para resistir el desgaste. Est\u00e1n lubricadas de por vida y galvanizadas.<\/p> <p><a href=\"https:\/\/www.omnitrack.com\/es\/bolas-transportadoras\/media-capacidad\/\">Ver gama de media capacidad<br \/> <\/a><\/li> <li class=\"col-12 col-sm-6 col-md-4 mb-4\"> <h3 class=\"fontSize-3\">Bolas transportadoras de baja capacidad<\/h3> <p>Nuestras bolas transportadoras de baja capacidad est\u00e1n disponibles en pl\u00e1stico o acero inoxidable. Con fijaciones empotrables, de brida prensada o de alto perfil para montaje en superficie.<\/p> <p><a href=\"https:\/\/www.omnitrack.com\/es\/bolas-transportadoras\/baja-capacidad\/\">Ver gama de baja capacidad<br \/> <\/a><\/li> <li class=\"col-12 col-sm-6 col-md-4 mb-4\"> <h3 class=\"fontSize-3\">Barras y ra\u00edles de bolas<\/h3> <p>Nuestras barras y ra\u00edles de bolas en T y B proporcionan un control vers\u00e1til y facilidad de uso. Incorporan bolas transportadoras con resorte de alta resistencia para un posicionamiento preciso.<\/p> <p><a href=\"https:\/\/www.omnitrack.com\/es\/bolas-transportadoras\/barras-con-resorte-y-en-t-b\/\">Ver gama de Barras y ra\u00edles de bolas<br \/> <\/a><\/li> <li class=\"col-12 col-sm-6 col-md-4\"> <h3 class=\"fontSize-3\">Accionado por resorte y neum\u00e1tico<\/h3> <p>Nuestras bolas transportadoras con resorte y neum\u00e1ticas son ideales para su uso en condiciones desiguales de v\u00eda\/carga gracias a su excepcional resistencia a los golpes y a la precarga ajustable del muelle.<\/p> <p><a href=\"https:\/\/www.omnitrack.com\/es\/bolas-transportadoras\/bolas-transportadoras-neumaticas\/\">Ver Accionado por resorte y neum\u00e1tico<br \/> <\/a><\/li> <\/ul> <\/div> <\/section> <div class=\"row cpn-section\"> <div class=\"col\"> <hr \/> <\/div> <\/div> <section class=\"row cpn-section fontSize-4\"> <div class=\"col\"> <h2>\u00bfPor qu\u00e9 elegir Omnitrack para sus soluciones de unidad de transferencia de bolas?<\/h2> <p>Omnitrack es el principal fabricante del Reino Unido de productos de movimiento omnidireccional y unidades para aplicaciones especiales. Nuestras bolas transportadoras han sido utilizadas en una amplia gama de aplicaciones por clientes como la NASA, el CERN y organizaciones militares internacionales. Podemos dise\u00f1ar y construir su soluci\u00f3n a medida, proporcionando dise\u00f1os innovadores que permiten la m\u00e1xima precisi\u00f3n y un cambio direccional instant\u00e1neo.<\/p> <h3>Descubra la diferencia Omnitrack:<\/h3> <ul> <li>Unidades de transferencia de bolas de alta resistencia capaces de soportar hasta 8000 kg.<\/li> <li>El exclusivo sistema de rodamiento interno &#8216;endless-track&#8217; permite la m\u00e1xima precisi\u00f3n y un cambio de direcci\u00f3n instant\u00e1neo.<\/li> <li>Amplia gama de tama\u00f1os, opciones de montaje y materiales disponibles.<\/li> <li>Planta de dise\u00f1o y producci\u00f3n propia en Stroud, Reino Unido. Esto nos permite realizar env\u00edos inmediatos, realizar env\u00edos expr\u00e9s a todo el mundo y mantener los costes bajos.<\/li> <li>Todos los productos Omnitrack cuentan con una garant\u00eda gratuita de dos a\u00f1os y una garant\u00eda de calidad.<\/li> <li>Asesoramiento gratuito de nuestro experimentado equipo de asistencia t\u00e9cnica.<\/li> <\/ul> <\/div> <\/section> <div class=\"row cpn-section\"> <div class=\"col\"> <hr \/> <\/div> <\/div> <section class=\"row cpn-section fontSize-4\"> <div class=\"col\"> <h2>Diferentes tipos de bolas transportadoras<\/h2> <p>Las bolas transportadoras omnidireccionales (BTU) son un tipo avanzado de rodamiento dise\u00f1ado para permitir el movimiento omnidireccional de precisi\u00f3n o el transporte de elementos pesados.<\/p> <p>Las unidades Omnitrack var\u00edan:<\/p> <ul> <li>Construcci\u00f3n &#8211; Construcci\u00f3n de acero prensado (estampado), o componentes mecanizados de acero macizo o materiales pl\u00e1sticos.<\/li> <li>Gama &#8211; Las gamas de baja y media capacidad utilizan el sistema simple de c\u00e1mara de recirculaci\u00f3n semiesf\u00e9rica de copa y bola, mientras que las gamas pesadas utilizan el sistema de recirculaci\u00f3n de pista sin fin o de carrera completa.<\/li> <li>Tama\u00f1o de la bola principal &#8211; De 12,7 mm a 101,6 mm.<\/li> <li>Capacidad de carga, desde 15 kg hasta 8000 kg cada una.<\/li> <li>Materiales &#8211; Acero al cromo, acero inoxidable, Delrin (Acetal \/ POM)<\/li> <\/ul> <p>La gama de alta capacidad no requiere normalmente mantenimiento por parte del usuario, ya que est\u00e1n lubricadas de por vida y se fabrican utilizando el dise\u00f1o patentado de pista sin fin Omnitrack. Nos hemos encontrado con aplicaciones en las que las unidades se han visto sometidas por error, por ejemplo, a cargas de choque excesivas o a la entrada de lodos o contaminantes, lo que ha hecho necesario desmontar la unidad para que el usuario la repare. En estas situaciones, disponer de un kit de servicio listo en la estanter\u00eda puede restablecer el funcionamiento y la eficacia de la unidad de bolas en su aplicaci\u00f3n en cuesti\u00f3n de minutos!<\/p> <\/div> <\/section> <div class=\"row cpn-section\"> <div class=\"col\"> <hr \/> <\/div> <\/div> <section class=\"row cpn-section fontSize-4\"> <div class=\"col\"> <h2>Servicio al usuario y kits de servicio: \u00bfPuedo reparar mis bolas transportadoras?<\/h2> <p>Las unidades de transferencia de bolas de gran capacidad de la serie Omnitrack 9000 pueden ser reparadas por el usuario. Esta gama sol\u00eda denominarse gama de alta capacidad. Las transferencias de bolas compactas de la serie 8000 para servicio pesado incorporan el dise\u00f1o de &#8216;pista sin fin&#8217; o &#8216;recirculaci\u00f3n completa&#8217;. Sin embargo, debido a su tama\u00f1o en miniatura, no son aptas para el mantenimiento por parte del usuario.<\/p> <p>Las bolas transportadoras con resorte de nuestra serie 94 pueden reacondicionarse. Las series 95, 96 y 97 requieren el uso de una prensa y herramientas especiales para desmontar con seguridad la transferencia de bolas, por lo que recomendamos el reacondicionamiento en f\u00e1brica en este caso.<\/p> <\/div> <\/section> <div class=\"row cpn-section\"> <div class=\"col\"> <hr \/> <\/div> <\/div> <section class=\"row cpn-section fontSize-4\"> <div class=\"col\"> <h2>Mantenimiento de bolas transportadoras<\/h2> <p>Para obtener instrucciones de revisi\u00f3n para el mantenimiento de su unidad de transferencia de bolas, disponemos de un clip de v\u00eddeo que le guiar\u00e1 a trav\u00e9s del proceso de desmontaje, limpieza y montaje.<\/p> <\/div> <p><iframe title=\"Omnitrack Service Kits for Ball Transfer Units\" width=\"500\" height=\"281\" frameborder=\"0\" allow=\"accelerometer; autoplay; clipboard-write; encrypted-media; gyroscope; picture-in-picture; web-share\" referrerpolicy=\"strict-origin-when-cross-origin\" allowfullscreen class=\" lozad\" data-src=\"https:\/\/www.youtube.com\/embed\/VrG0_ktmKHE?feature=oembed\"><\/iframe><\/p> <div class=\"col\"> <p>El mantenimiento de la bola transportadora requiere un kit de piezas de repuesto. Puede adquirir 2 tipos de kit de servicio &#8216;S1&#8217; y &#8216;S2&#8217; en funci\u00f3n de la amplitud con la que desee reacondicionar la unidad de bola. Consulte la lista de componentes de piezas de repuesto que figura a continuaci\u00f3n, en la que se indican las piezas incluidas en los kits de servicio S1 y S2.<\/p> <ol> <li>Anillo de seguridad (S2)<\/li> <li>Junta de fieltro (S1 S2)<\/li> <li>Bola principal (S1 S2)<\/li> <li>Bolas recirculantes (S1 S2)<\/li> <li>Ret\u00e9n (S2)<\/li> <li>Asiento (S2)<\/li> <\/ol> <p>Para realizar un pedido, facil\u00edtenos el n\u00famero de pieza original, cualquier marca de identificaci\u00f3n y el kit de servicio que necesita (por ejemplo, S1- [part number]). Si no hay ninguna referencia o marca visible, env\u00edenos un croquis o una foto de la unidad y la identificaremos a partir de nuestros registros.<\/p> <p><a class=\"underline\" href=\"https:\/\/www.omnitrack.com\/es\/contacta-con-nosotros\/\">Cont\u00e1ctenos directamente<\/a> para recibir asesoramiento: \u00a1estaremos encantados de indicarle el kit de servicio que necesita!<\/p> <\/div> <\/section> <div class=\"row cpn-section\"> <div class=\"col\"> <hr \/> <\/div> <\/div> <section class=\"row cpn-section pb-5 fontSize-4\"> <div class=\"col\"> <h2>Servicio de reacondicionamiento en f\u00e1brica<\/h2> <p>M\u00faltiples variaciones de fijaci\u00f3n y precarga de muelle de las unidades de transferencia de bolas Omnitrack pueden normalmente ser restauradas a su rendimiento original utilizando nuestro servicio de reacondicionamiento de f\u00e1brica que tambi\u00e9n est\u00e1 disponible para la mayor\u00eda de las unidades de carga pesada y personalizadas.<\/p> <p>Las bolas transportadoras con resorte suelen estar pretensadas para limitar la depresi\u00f3n del muelle hasta que se supera una carga te\u00f3rica. Debido al estado precargado de los muelles de disco o de espiral, utilizamos herramientas especiales para desmontar estas unidades de forma segura. Tenemos m\u00e1s de 75 a\u00f1os de planos de producci\u00f3n y configuraciones de muelles para todas las unidades de transferencia de bolas Omnitrack producidas.<\/p> <p>Ingenieros de precisi\u00f3n desde 1909 &#8211; Fabricantes originales e inventores de unidades de bolas para servicio pesado desde 1954. Omnitrack es el fabricante original, inventor y titular de la patente de las bolas transportadoras de alta capacidad, en producci\u00f3n continua desde 1954. Las unidades de bolas se han comercializado en todo el mundo con nombres alternativos como Autoset Production Ltd, Autotrack (Birmingham) Ltd, Omnitrack North America Ltd, Omnitrack Srl, Omnitrack Corporation, Acme y General Bearing.<\/p> <p>A lo largo de estos 75 a\u00f1os, los n\u00fameros de las piezas tambi\u00e9n han cambiado varias veces, pero estamos orgullosos de mantener nuestro compromiso con las piezas de repuesto y los kits de servicio en la mayor\u00eda de los casos, \u00a1hasta las bolas transportadoras fabricadas en 1954! Si no reconoce el n\u00famero de pieza en la secuencia de n\u00fameros de pieza actual, intente introducirlo en la barra &#8216;buscar&#8217; de la parte superior de nuestra p\u00e1gina de inicio. Esto tambi\u00e9n se puede utilizar como un intercambio de n\u00famero de pieza para otros revendedores \/ marcas tambi\u00e9n.<\/p> <p>\u00bfDesea m\u00e1s informaci\u00f3n sobre el mantenimiento de las bolas transportadoras o c\u00f3mo solicitar piezas de repuesto y kits de mantenimiento? P\u00f3ngase en contacto hoy mismo con nuestros expertos. Estaremos encantados de responder a sus preguntas sobre nuestros productos y su mantenimiento, o sobre cualquier otra cuesti\u00f3n que se le ocurra.<\/p> <\/div> <\/section> <section id=\"cant-find\" class=\"row cpn-section py-5 two justify-content-between\"><div class=\"col-12 col-sm-6 col-lg-7 py-lg-4 pe-lg-5\">\n<h3 class=\"fontSize-2 fontSize-md-1\">\u00bfNo encuentra lo que busca?<\/h3>\n<p class=\"fontSize-4\">Intente buscar por palabras clave, n\u00fameros de pieza, carga, tipos de fijaci\u00f3n.<\/p>\n<div class=\"input-group\"><form class=\"form-search\"><div class=\"input-group\">  <input type=\"text\" name=\"s\" class=\"form-control field\" placeholder=\"Buscar referencia\">  <input type=\"hidden\" name=\"post-type\" value=\"product\"><\/div><\/form><\/div>\n<\/div>\n<div class=\"col-12 col-sm-6 col-lg-5 py-lg-4 pt-4 pt-sm-0\">\n<h3 class=\"fontSize-2 fontSize-md-1\">Free technical advice<\/h3>\n<p class=\"fontSize-4\">Phone: <b><a href=\"tel:+34911984543\">+34 911 984 543<br \/><\/a><\/b><\/p>\n<p class=\"fontSize-4\">Email: <b><a href=\"mailto:info@omnitrack.com\">info@omnitrack.com<\/a><\/b><\/p>\n<div class=\"mt-4\"> <a class=\"btn-ot green me-2 mb-3 mb-md-0 w100-mobile\" href=\"https:\/\/wa.me\/447759128207\" target=\"_blank\" rel=\"noopener\"><img decoding=\"async\" loading=\"lazy\" src=\"https:\/\/www.omnitrack.com\/wp-content\/themes\/omnitrack2023\/images\/icon-whatsapp.svg\"  alt=\"WhatsApp Omnitrack\"  \/> WhatsApp<\/a> <a class=\"btn-ot w100-mobile\" href=\"https:\/\/calendly.com\/omnitrack\/15min\" target=\"_blank\" rel=\"noopener\"><img decoding=\"async\" loading=\"lazy\" src=\"https:\/\/www.omnitrack.com\/wp-content\/themes\/omnitrack2023\/images\/icon-schedule.svg\"  alt=\"Agendar una llamada con Omnitrack\"  \/> Agendar una llamada<\/a><\/div>\n<\/div>\n<\/section> ","protected":false},"excerpt":{"rendered":"<p>Bolas Transportadoras Las innovadoras bolas transportadoras de Omnitrack proporcionan un cambio direccional instant\u00e1neo y preciso con baja fricci\u00f3n y una gran capacidad de carga. Nuestras soluciones patentadas est\u00e1n disponibles en una amplia gama de estilos y tama\u00f1os. Desde unidades de acero cargadas por resorte hasta unidades neum\u00e1ticas que permiten el posicionamiento por aire del art\u00edculo [&hellip;]<\/p>\n","protected":false},"author":7,"featured_media":0,"parent":0,"menu_order":0,"comment_status":"closed","ping_status":"closed","template":"","meta":{"inline_featured_image":false,"footnotes":""},"class_list":["post-95485","page","type-page","status-publish","hentry"],"acf":[],"_links":{"self":[{"href":"https:\/\/www.omnitrack.com\/es\/wp-json\/wp\/v2\/pages\/95485","targetHints":{"allow":["GET"]}}],"collection":[{"href":"https:\/\/www.omnitrack.com\/es\/wp-json\/wp\/v2\/pages"}],"about":[{"href":"https:\/\/www.omnitrack.com\/es\/wp-json\/wp\/v2\/types\/page"}],"author":[{"embeddable":true,"href":"https:\/\/www.omnitrack.com\/es\/wp-json\/wp\/v2\/users\/7"}],"replies":[{"embeddable":true,"href":"https:\/\/www.omnitrack.com\/es\/wp-json\/wp\/v2\/comments?post=95485"}],"version-history":[{"count":3,"href":"https:\/\/www.omnitrack.com\/es\/wp-json\/wp\/v2\/pages\/95485\/revisions"}],"predecessor-version":[{"id":105143,"href":"https:\/\/www.omnitrack.com\/es\/wp-json\/wp\/v2\/pages\/95485\/revisions\/105143"}],"wp:attachment":[{"href":"https:\/\/www.omnitrack.com\/es\/wp-json\/wp\/v2\/media?parent=95485"}],"curies":[{"name":"wp","href":"https:\/\/api.w.org\/{rel}","templated":true}]}}