{"id":97644,"date":"2023-02-08T00:50:57","date_gmt":"2023-02-08T00:50:57","guid":{"rendered":"https:\/\/www.omnitrack.com\/wheels-castors\/flexible-conveyors\/"},"modified":"2024-09-03T12:25:44","modified_gmt":"2024-09-03T12:25:44","slug":"flexible-foerderer","status":"publish","type":"page","link":"https:\/\/www.omnitrack.com\/de\/raeder-und-rollen\/flexible-foerderer\/","title":{"rendered":"Flexible F\u00f6rderer"},"content":{"rendered":"<section class=\"row cpn-section\">\n<div class=\"col-12\"><header class=\"row\">    <div class=\"col\">        <nav id=\"breadcrumb\">                    <\/nav>        <h1 class=\"fontSize-1\">Flexible F\u00f6rderer<\/h1>    <\/div>    <\/header><\/div>\n<div class=\"col-12 col-lg-7\">\n<p>Flexible F\u00f6rderer der Marke Omnitrack \u2013 vielseitige und mobile F\u00f6rdermodule. Kompakte F\u00f6rderer lassen sich auf das bis zu 3,6-Fache ihrer eingezogenen L\u00e4nge ausziehen und robuste Laufrollen werden nach der Positionierung arretiert. Alle Modelle sind h\u00f6henverstellbar und entweder mit R\u00f6llchen (f\u00fcr F\u00f6rdergut mit flachem Boden und engere Kurven) oder F\u00f6rdererrollen (f\u00fcr bessere Abst\u00fctzung unregelm\u00e4\u00dfigen\/verformbaren F\u00f6rderguts) montiert. Rollen und R\u00f6llchen sind aus tr\u00e4gheitsarmem, schlagz\u00e4hem PVC.<\/p>\n<\/div>\n<div class=\"col-12 col-lg-5\">\n<ul class=\"blue-bullet clear-list mb-0\">\n<li>Tragf\u00e4higkeit 80 kg\/Meter.<\/li>\n<li>Einstellbare Arbeitsh\u00f6he (650 &#8211; 1100 mm).<\/li>\n<li>Maximaler Achsabstand (Teilung) 125 mm (ausgezogen).<\/li>\n<li>400 mm oder 600 mm Standardf\u00f6rderbreite.<\/li>\n<li>Andere Modelle und Materialien lieferbar.<\/li>\n<\/ul>\n<\/div>\n<\/section>\n<div class=\"row cpn-section\">\n<div class=\"col\">\n<hr \/>\n<\/div>\n<\/div>\n<section class=\"row cpn-section\">\n<div class=\"col\">\n<div class=\"row mb-3 justify-content-center\">\n<div class=\"col-12 col-lg-4 pe-lg-4 mb-4 mb-lg-0\">\n<h2>Flexible F\u00f6rderer mit Skatewheels<\/h2>\n<ul class=\"list-check clear-list fontSize-4 fontSize-md-3\">\n<li>F\u00fcr flache Gegenst\u00e4nde und f\u00fcr engere Kurven.<\/li>\n<\/ul>\n<\/div>\n<div class=\"col-12 col-sm-7 d-lg-none text-center\"><img loading=\"lazy\" decoding=\"async\" class=\"img-fluid alignnone wp-image-79839 size-full\" src=\"https:\/\/www.omnitrack.com\/wp-content\/uploads\/2023\/03\/flexible-conveyors-skatewheel.webp\" alt=\"Flexible F\u00f6rderer Skatewheel\" width=\"400\" height=\"500\" srcset=\"https:\/\/www.omnitrack.com\/wp-content\/uploads\/2023\/03\/flexible-conveyors-skatewheel.webp 400w, https:\/\/www.omnitrack.com\/wp-content\/uploads\/2023\/03\/flexible-conveyors-skatewheel-240x300.webp 240w\" sizes=\"auto, (max-width: 400px) 100vw, 400px\" \/><\/div>\n<div class=\"col-9 col-sm-4 col-lg-8 ps-lg-0\"><div class=\"row g-3 g-lg-4 mb-4\">\n<div class=\"col-12 col-lg-4\"><img loading=\"lazy\" decoding=\"async\" class=\"img-fluid img-border alignnone wp-image-79725 size-full\" src=\"https:\/\/www.omnitrack.com\/wp-content\/uploads\/2024\/09\/flexible_conveyors_1_de-1.webp\" alt=\"Flexible F\u00f6rderer\" width=\"400\" height=\"342\" \/><\/div>\n<div class=\"col-12 col-lg-4\"><img loading=\"lazy\" decoding=\"async\" class=\"img-fluid img-border alignnone wp-image-79726 size-full\" src=\"https:\/\/www.omnitrack.com\/wp-content\/uploads\/2024\/09\/flexible_conveyors_2_de-1.webp\" alt=\"Flexible F\u00f6rderer\" width=\"400\" height=\"342\" \/><\/div>\n<div class=\"col-12 col-lg-4\"><img loading=\"lazy\" decoding=\"async\" class=\"img-fluid img-border alignnone wp-image-79727 size-full\" src=\"https:\/\/www.omnitrack.com\/wp-content\/uploads\/2023\/03\/Flexible_Conveyors_3-1.webp\" alt=\"Diagramm der flixiblen F\u00f6rderer\" width=\"400\" height=\"342\" srcset=\"https:\/\/www.omnitrack.com\/wp-content\/uploads\/2023\/03\/Flexible_Conveyors_3-1.webp 400w, https:\/\/www.omnitrack.com\/wp-content\/uploads\/2023\/03\/Flexible_Conveyors_3-1-300x257.webp 300w\" sizes=\"auto, (max-width: 400px) 100vw, 400px\" \/><\/div>\n<\/div>\n<\/div>\n<\/div>\n<div class=\"row\">\n<div class=\"col-12 col-lg-4 pe-lg-4 d-none d-lg-block\"><img loading=\"lazy\" decoding=\"async\" class=\"img-fluid alignnone wp-image-79839 size-full\" src=\"https:\/\/www.omnitrack.com\/wp-content\/uploads\/2023\/03\/flexible-conveyors-skatewheel.webp\" alt=\"Flexible F\u00f6rderer Skatewheel\" width=\"400\" height=\"500\" srcset=\"https:\/\/www.omnitrack.com\/wp-content\/uploads\/2023\/03\/flexible-conveyors-skatewheel.webp 400w, https:\/\/www.omnitrack.com\/wp-content\/uploads\/2023\/03\/flexible-conveyors-skatewheel-240x300.webp 240w\" sizes=\"auto, (max-width: 400px) 100vw, 400px\" \/><\/div>\n<div class=\"col-12 col-lg-8 ps-lg-0\"><div class=\"switcher mt-3 mt-md-0 mx-2 me-sm-0 ms-sm-5\">    <div class=\"switcher-title\"><b>Messungen wechseln:<\/b> <\/span><\/div>    <button class=\"toggle-unit\" type=\"button\"><span class=\"switch-metric\">Metrisch (mm\/kg)<\/span><span class=\"switch\"><\/span><span class=\"switch-imperial\">Imperial (Zoll\/lb)<\/span><\/button><\/div>[omni_render_flexible_conveyors]<\/div>\n<\/div>\n<\/div>\n<\/section>\n<div class=\"row cpn-section\">\n<div class=\"col\">\n<hr \/>\n<\/div>\n<\/div>\n<section class=\"row cpn-section\">\n<div class=\"col\">\n<div class=\"row mb-3 justify-content-center\">\n<div class=\"col-12 col-lg-4 pe-lg-4 mb-4 mb-lg-0\">\n<h2>Flexible F\u00f6rderb\u00e4nder (mit Rollen)<\/h2>\n<ul class=\"list-check clear-list fontSize-4 fontSize-md-3\">\n<li>F\u00fcr bessere Abst\u00fctzung unregelm\u00e4\u00dfigen\/verformbaren F\u00f6rderguts.<\/li>\n<\/ul>\n<\/div>\n<div class=\"col-12 col-sm-7 d-lg-none text-center mb-3\"><img loading=\"lazy\" decoding=\"async\" class=\"img-fluid alignnone wp-image-81091 size-full\" src=\"https:\/\/www.omnitrack.com\/wp-content\/uploads\/2023\/06\/Flexible_Conveyors_Roller_MB.webp\" alt=\"Flexible F\u00f6rderer Rolle\" width=\"892\" height=\"619\" srcset=\"https:\/\/www.omnitrack.com\/wp-content\/uploads\/2023\/06\/Flexible_Conveyors_Roller_MB.webp 892w, https:\/\/www.omnitrack.com\/wp-content\/uploads\/2023\/06\/Flexible_Conveyors_Roller_MB-300x208.webp 300w, https:\/\/www.omnitrack.com\/wp-content\/uploads\/2023\/06\/Flexible_Conveyors_Roller_MB-768x533.webp 768w, https:\/\/www.omnitrack.com\/wp-content\/uploads\/2023\/06\/Flexible_Conveyors_Roller_MB-600x416.webp 600w\" sizes=\"auto, (max-width: 892px) 100vw, 892px\" \/><\/div>\n<div class=\"col-9 col-sm-4 col-lg-8 ps-lg-0\"><div class=\"row g-3 g-lg-4 mb-4\">\n<div class=\"col-12 col-lg-4\"><img loading=\"lazy\" decoding=\"async\" class=\"img-fluid img-border alignnone wp-image-79725 size-full\" src=\"https:\/\/www.omnitrack.com\/wp-content\/uploads\/2024\/09\/flexible_conveyors_1_de-1.webp\" alt=\"Flexible F\u00f6rderer\" width=\"400\" height=\"342\" \/><\/div>\n<div class=\"col-12 col-lg-4\"><img loading=\"lazy\" decoding=\"async\" class=\"img-fluid img-border alignnone wp-image-79726 size-full\" src=\"https:\/\/www.omnitrack.com\/wp-content\/uploads\/2024\/09\/flexible_conveyors_2_de-1.webp\" alt=\"Flexible F\u00f6rderer\" width=\"400\" height=\"342\" \/><\/div>\n<div class=\"col-12 col-lg-4\"><img loading=\"lazy\" decoding=\"async\" class=\"img-fluid img-border alignnone wp-image-79727 size-full\" src=\"https:\/\/www.omnitrack.com\/wp-content\/uploads\/2023\/03\/Flexible_Conveyors_3-1.webp\" alt=\"Diagramm der flixiblen F\u00f6rderer\" width=\"400\" height=\"342\" srcset=\"https:\/\/www.omnitrack.com\/wp-content\/uploads\/2023\/03\/Flexible_Conveyors_3-1.webp 400w, https:\/\/www.omnitrack.com\/wp-content\/uploads\/2023\/03\/Flexible_Conveyors_3-1-300x257.webp 300w\" sizes=\"auto, (max-width: 400px) 100vw, 400px\" \/><\/div>\n<\/div>\n<\/div>\n<\/div>\n<div class=\"row\">\n<div class=\"col-12 col-lg-4 pe-lg-4 d-none d-lg-block\"><img loading=\"lazy\" decoding=\"async\" class=\"img-fluid alignnone wp-image-79087 size-full\" src=\"https:\/\/www.omnitrack.com\/wp-content\/uploads\/2023\/03\/Flexible_Conveyors_Roller.webp\" alt=\"Flexible F\u00f6rderer Rolle\" width=\"600\" height=\"600\" srcset=\"https:\/\/www.omnitrack.com\/wp-content\/uploads\/2023\/03\/Flexible_Conveyors_Roller.webp 600w, https:\/\/www.omnitrack.com\/wp-content\/uploads\/2023\/03\/Flexible_Conveyors_Roller-300x300.webp 300w, https:\/\/www.omnitrack.com\/wp-content\/uploads\/2023\/03\/Flexible_Conveyors_Roller-150x150.webp 150w, https:\/\/www.omnitrack.com\/wp-content\/uploads\/2023\/03\/Flexible_Conveyors_Roller-100x100.webp 100w\" sizes=\"auto, (max-width: 600px) 100vw, 600px\" \/><\/div>\n<div class=\"col-12 col-lg-8 ps-lg-0\"><div class=\"switcher mt-3 mt-md-0 mx-2 me-sm-0 ms-sm-5\">    <div class=\"switcher-title\"><b>Messungen wechseln:<\/b> <\/span><\/div>    <button class=\"toggle-unit\" type=\"button\"><span class=\"switch-metric\">Metrisch (mm\/kg)<\/span><span class=\"switch\"><\/span><span class=\"switch-imperial\">Imperial (Zoll\/lb)<\/span><\/button><\/div>[omni_render_flexible_rollers]<\/div>\n<\/div>\n<\/div>\n<\/section>\n<div class=\"row cpn-section\">\n<div class=\"col\">\n<hr \/>\n<\/div>\n<\/div>\n<section class=\"row cpn-section pb-5\">\n<div class=\"col\">\n<div class=\"row mb-3\">\n<div class=\"col\">\n<h2>Optionale Teile<\/h2>\n<\/div>\n<\/div>\n<ul class=\"row clear-list optional-parts-list\">\n<li class=\"col-12 col-sm-6 col-md-3 mb-4 mb-lg-0\">\n<div class=\"row\">\n<div class=\"col-6 col-md-12\"><img loading=\"lazy\" decoding=\"async\" class=\"img-fluid img-border mb-3 alignnone wp-image-79841 size-full\" src=\"https:\/\/www.omnitrack.com\/wp-content\/uploads\/2023\/03\/CH1_Connecting_Hook-1.webp\" alt=\"Verbindungshaken f\u00fcr flexible F\u00f6rderer\" width=\"490\" height=\"356\" srcset=\"https:\/\/www.omnitrack.com\/wp-content\/uploads\/2023\/03\/CH1_Connecting_Hook-1.webp 490w, https:\/\/www.omnitrack.com\/wp-content\/uploads\/2023\/03\/CH1_Connecting_Hook-1-300x218.webp 300w\" sizes=\"auto, (max-width: 490px) 100vw, 490px\" \/><\/div>\n<div class=\"col-6 col-md-12 text-md-center\">\n<h3>Verbindungshaken (1 Paar)<\/h3>\n<p><small>CH1 &#8211; Verbinden mehrere F\u00f6rderer.<\/small><\/div>\n<\/div>\n<\/li>\n<li class=\"col-12 col-sm-6 col-md-3 mb-4 mb-lg-0\">\n<div class=\"row\">\n<div class=\"col-6 col-md-12\"><img loading=\"lazy\" decoding=\"async\" class=\"img-fluid img-border mb-3 alignnone wp-image-79842 size-full\" src=\"https:\/\/www.omnitrack.com\/wp-content\/uploads\/2023\/03\/ES400_ES600_End_Stops.webp\" alt=\"ES400 ES600 Endanschl\u00e4ge Flexible F\u00f6rderer\" width=\"490\" height=\"356\" srcset=\"https:\/\/www.omnitrack.com\/wp-content\/uploads\/2023\/03\/ES400_ES600_End_Stops.webp 490w, https:\/\/www.omnitrack.com\/wp-content\/uploads\/2023\/03\/ES400_ES600_End_Stops-300x218.webp 300w\" sizes=\"auto, (max-width: 490px) 100vw, 490px\" \/><\/div>\n<div class=\"col-6 col-md-12 text-md-center\">\n<h3>Endanschlag (400 mm breit)<\/h3>\n<p><small>ES400<\/small><\/div>\n<\/div>\n<\/li>\n<li class=\"col-12 col-sm-6 col-md-3 mb-4 mb-lg-0\">\n<div class=\"row\">\n<div class=\"col-6 col-md-12\"><img loading=\"lazy\" decoding=\"async\" class=\"img-fluid img-border mb-3 alignnone wp-image-79842 size-full\" src=\"https:\/\/www.omnitrack.com\/wp-content\/uploads\/2023\/03\/ES400_ES600_End_Stops.webp\" alt=\"ES400 ES600 Endanschl\u00e4ge Flexible F\u00f6rderer\" width=\"490\" height=\"356\" srcset=\"https:\/\/www.omnitrack.com\/wp-content\/uploads\/2023\/03\/ES400_ES600_End_Stops.webp 490w, https:\/\/www.omnitrack.com\/wp-content\/uploads\/2023\/03\/ES400_ES600_End_Stops-300x218.webp 300w\" sizes=\"auto, (max-width: 490px) 100vw, 490px\" \/><\/div>\n<div class=\"col-6 col-md-12 text-md-center\">\n<h3>Endanschlag (600 mm breit)<\/h3>\n<p><small>ES600<\/small><\/div>\n<\/div>\n<\/li>\n<li class=\"col-12 col-sm-6 col-md-3 mb-4 mb-lg-0\">\n<div class=\"row\">\n<div class=\"col-6 col-md-12\"><a href=\"https:\/\/www.omnitrack.com\/de\/kugeltransporttische-und-plattformen\/\"><img loading=\"lazy\" decoding=\"async\" class=\"img-fluid img-border mb-3 alignnone wp-image-79708 size-full\" src=\"https:\/\/www.omnitrack.com\/wp-content\/uploads\/2024\/09\/ball_platforms_tables.webp\" alt=\"Kugelplattentische Flexible F\u00f6rderer\" width=\"316\" height=\"236\" \/><\/a><\/div>\n<div class=\"col-6 col-md-12 text-md-center\">\n<h3>Ball-Plattformen &amp; Tische<\/h3>\n<p><small><a href=\"https:\/\/www.omnitrack.com\/de\/kugeltransporttische-und-plattformen\/\">Ber\u00fccksichtigen Sie auch<\/a><\/small><\/div>\n<\/div>\n<\/li>\n<\/ul>\n<\/div>\n<\/section>\n<section id=\"cant-find\" class=\"row cpn-section py-5 two justify-content-between\"><div class=\"col-12 col-sm-6 col-lg-7 py-lg-4 pe-lg-5\">\n<h3 class=\"fontSize-2 fontSize-md-1\">Sie k\u00f6nnen nicht finden, was Sie suchen?<\/h3>\n<p class=\"fontSize-4\">Versuchen Sie, nach Schl\u00fcsselw\u00f6rtern, Teilenummern, Lasten und Befestigungsarten zu suchen.<\/p>\n<div class=\"input-group\"><form class=\"form-search\"><div class=\"input-group\">  <input type=\"text\" name=\"s\" class=\"form-control field\" placeholder=\"Suche Teilnummer\">  <input type=\"hidden\" name=\"post-type\" value=\"product\"><\/div><\/form><\/div>\n<\/div>\n<div class=\"col-12 col-sm-6 col-lg-5 py-lg-4 pt-4 pt-sm-0\">\n<h3 class=\"fontSize-2 fontSize-md-1\">Free technical advice<\/h3>\n<p class=\"fontSize-4\">Phone: <b><a href=\"tel:+4908001833297\">+49 0800 18 33 297<br \/><\/a><\/b><\/p>\n<p class=\"fontSize-4\">Email: <b><a href=\"mailto:info@omnitrack.com\">info@omnitrack.com<\/a><\/b><\/p>\n<div class=\"mt-4\"> <a class=\"btn-ot green me-2 mb-3 mb-md-0 w100-mobile\" href=\"https:\/\/wa.me\/447759128207\" target=\"_blank\" rel=\"noopener\"><img decoding=\"async\" loading=\"lazy\" src=\"https:\/\/www.omnitrack.com\/wp-content\/themes\/omnitrack2023\/images\/icon-whatsapp.svg\"  alt=\"WhatsApp Omnitrack\"  \/> WhatsApp<\/a> <a class=\"btn-ot w100-mobile\" href=\"https:\/\/calendly.com\/omnitrack\/15min\" target=\"_blank\" rel=\"noopener\"><img decoding=\"async\" loading=\"lazy\" src=\"https:\/\/www.omnitrack.com\/wp-content\/themes\/omnitrack2023\/images\/icon-schedule.svg\"  alt=\"Vereinbaren Sie einen Termin mit Omnitrack\"  \/> Einen Anruf vereinbaren<\/a><\/div>\n<\/div>\n<\/section>\n","protected":false},"excerpt":{"rendered":"<p>Flexible F\u00f6rderer der Marke Omnitrack \u2013 vielseitige und mobile F\u00f6rdermodule. Kompakte F\u00f6rderer lassen sich auf das bis zu 3,6-Fache ihrer eingezogenen L\u00e4nge ausziehen und robuste Laufrollen werden nach der Positionierung arretiert. Alle Modelle sind h\u00f6henverstellbar und entweder mit R\u00f6llchen (f\u00fcr F\u00f6rdergut mit flachem Boden und engere Kurven) oder F\u00f6rdererrollen (f\u00fcr bessere Abst\u00fctzung unregelm\u00e4\u00dfigen\/verformbaren F\u00f6rderguts) montiert. [&hellip;]<\/p>\n","protected":false},"author":7,"featured_media":0,"parent":97544,"menu_order":0,"comment_status":"closed","ping_status":"closed","template":"page-flexible-conveyors.php","meta":{"inline_featured_image":false,"footnotes":""},"class_list":["post-97644","page","type-page","status-publish","hentry"],"acf":[],"_links":{"self":[{"href":"https:\/\/www.omnitrack.com\/de\/wp-json\/wp\/v2\/pages\/97644","targetHints":{"allow":["GET"]}}],"collection":[{"href":"https:\/\/www.omnitrack.com\/de\/wp-json\/wp\/v2\/pages"}],"about":[{"href":"https:\/\/www.omnitrack.com\/de\/wp-json\/wp\/v2\/types\/page"}],"author":[{"embeddable":true,"href":"https:\/\/www.omnitrack.com\/de\/wp-json\/wp\/v2\/users\/7"}],"replies":[{"embeddable":true,"href":"https:\/\/www.omnitrack.com\/de\/wp-json\/wp\/v2\/comments?post=97644"}],"version-history":[{"count":3,"href":"https:\/\/www.omnitrack.com\/de\/wp-json\/wp\/v2\/pages\/97644\/revisions"}],"predecessor-version":[{"id":106024,"href":"https:\/\/www.omnitrack.com\/de\/wp-json\/wp\/v2\/pages\/97644\/revisions\/106024"}],"up":[{"embeddable":true,"href":"https:\/\/www.omnitrack.com\/de\/wp-json\/wp\/v2\/pages\/97544"}],"wp:attachment":[{"href":"https:\/\/www.omnitrack.com\/de\/wp-json\/wp\/v2\/media?parent=97644"}],"curies":[{"name":"wp","href":"https:\/\/api.w.org\/{rel}","templated":true}]}}