{"id":97584,"date":"2023-01-17T11:58:22","date_gmt":"2023-01-17T11:58:22","guid":{"rendered":"https:\/\/www.omnitrack.com\/ball-transfer-units\/heavy-duty\/86-96-series-spring-loaded-flange-socket\/"},"modified":"2024-10-09T18:42:51","modified_gmt":"2024-10-09T18:42:51","slug":"baureihen-86-96-kugelrollen-mit-federbelasteter-flanschbuchse","status":"publish","type":"page","link":"https:\/\/www.omnitrack.com\/de\/kugelrollen\/heavy-duty\/baureihen-86-96-kugelrollen-mit-federbelasteter-flanschbuchse\/","title":{"rendered":"Baureihen 86 &#038; 96 &#8211; Kugelrollen mit federbelasteter Flanschbuchse"},"content":{"rendered":"<section id=\"product-presentation-one\" class=\"row cpn-section pb-0\">\n<div class=\"col\">\n<header class=\"row\">    <div class=\"col\">        <nav id=\"breadcrumb\">                    <\/nav>        <h1 class=\"fontSize-1\">Baureihen 86 &#038; 96 &#8211; Kugelrollen mit federbelasteter Flanschbuchse<\/h1>    <\/div>    <\/header>\n<div class=\"row list-images image-sizes\" data-material=\"ST_material\">\n<div class=\"col-auto col-md col-xxl-4\">\n<div class=\"img-default\"><img loading=\"lazy\" decoding=\"async\" class=\"ST_material img-fluid alignnone wp-image-79787 size-full\" src=\"https:\/\/www.omnitrack.com\/wp-content\/uploads\/2023\/03\/96-series-heavy-duty-ball-transfer-units.webp\" alt=\"Baureihen 86 &amp; 96\" width=\"400\" height=\"400\" data-fullsrc=\"\" srcset=\"https:\/\/www.omnitrack.com\/wp-content\/uploads\/2023\/03\/96-series-heavy-duty-ball-transfer-units.webp 400w, https:\/\/www.omnitrack.com\/wp-content\/uploads\/2023\/03\/96-series-heavy-duty-ball-transfer-units-300x300.webp 300w, https:\/\/www.omnitrack.com\/wp-content\/uploads\/2023\/03\/96-series-heavy-duty-ball-transfer-units-150x150.webp 150w, https:\/\/www.omnitrack.com\/wp-content\/uploads\/2023\/03\/96-series-heavy-duty-ball-transfer-units-100x100.webp 100w\" sizes=\"auto, (max-width: 400px) 100vw, 400px\" \/> <img loading=\"lazy\" decoding=\"async\" class=\"A_material alignnone wp-image-78359 size-medium\" src=\"https:\/\/www.omnitrack.com\/wp-content\/uploads\/2023\/03\/96_01-300x300.webp\" alt=\"Baureihen 86 &amp; 96\" width=\"300\" height=\"300\" data-fullsrc=\"\" srcset=\"https:\/\/www.omnitrack.com\/wp-content\/uploads\/2023\/03\/96_01-300x300.webp 300w, https:\/\/www.omnitrack.com\/wp-content\/uploads\/2023\/03\/96_01-150x150.webp 150w, https:\/\/www.omnitrack.com\/wp-content\/uploads\/2023\/03\/96_01-768x768.webp 768w, https:\/\/www.omnitrack.com\/wp-content\/uploads\/2023\/03\/96_01-600x600.webp 600w, https:\/\/www.omnitrack.com\/wp-content\/uploads\/2023\/03\/96_01-100x100.webp 100w, https:\/\/www.omnitrack.com\/wp-content\/uploads\/2023\/03\/96_01.webp 800w\" sizes=\"auto, (max-width: 300px) 100vw, 300px\" \/> <img loading=\"lazy\" decoding=\"async\" class=\"Z_material alignnone wp-image-78359 size-medium\" src=\"https:\/\/www.omnitrack.com\/wp-content\/uploads\/2023\/03\/96_01-300x300.webp\" alt=\"Baureihen 86 &amp; 96\" width=\"300\" height=\"300\" data-fullsrc=\"\" srcset=\"https:\/\/www.omnitrack.com\/wp-content\/uploads\/2023\/03\/96_01-300x300.webp 300w, https:\/\/www.omnitrack.com\/wp-content\/uploads\/2023\/03\/96_01-150x150.webp 150w, https:\/\/www.omnitrack.com\/wp-content\/uploads\/2023\/03\/96_01-768x768.webp 768w, https:\/\/www.omnitrack.com\/wp-content\/uploads\/2023\/03\/96_01-600x600.webp 600w, https:\/\/www.omnitrack.com\/wp-content\/uploads\/2023\/03\/96_01-100x100.webp 100w, https:\/\/www.omnitrack.com\/wp-content\/uploads\/2023\/03\/96_01.webp 800w\" sizes=\"auto, (max-width: 300px) 100vw, 300px\" \/> <img loading=\"lazy\" decoding=\"async\" class=\"SS_material alignnone wp-image-78360 size-medium\" src=\"https:\/\/www.omnitrack.com\/wp-content\/uploads\/2023\/03\/96_01_SS-300x300.webp\" alt=\"Baureihen 86 &amp; 96\" width=\"300\" height=\"300\" data-fullsrc=\"\" srcset=\"https:\/\/www.omnitrack.com\/wp-content\/uploads\/2023\/03\/96_01_SS-300x300.webp 300w, https:\/\/www.omnitrack.com\/wp-content\/uploads\/2023\/03\/96_01_SS-150x150.webp 150w, https:\/\/www.omnitrack.com\/wp-content\/uploads\/2023\/03\/96_01_SS-768x768.webp 768w, https:\/\/www.omnitrack.com\/wp-content\/uploads\/2023\/03\/96_01_SS-600x600.webp 600w, https:\/\/www.omnitrack.com\/wp-content\/uploads\/2023\/03\/96_01_SS-100x100.webp 100w, https:\/\/www.omnitrack.com\/wp-content\/uploads\/2023\/03\/96_01_SS.webp 800w\" sizes=\"auto, (max-width: 300px) 100vw, 300px\" \/><\/div>\n<\/div>\n<div class=\"col-auto col-md col-xxl-4\">\n<div><img loading=\"lazy\" decoding=\"async\" class=\"img-fluid alignnone wp-image-79788 size-full\" src=\"https:\/\/www.omnitrack.com\/wp-content\/uploads\/2024\/10\/diagram_96_series_heavy_duty_ball_transfer_units_de.webp\" alt=\"Baureihen 86 &amp; 96\" width=\"400\" height=\"400\" data-fullsrc=\"\" \/><\/div>\n<\/div>\n<\/div>\n<\/div>\n<div class=\"col sidebar-cpn\">\n<div class=\"row\">\n<div class=\"col\"><div class=\"box-material-upgrade\">        <div class=\"form-check ps-0\">                <div class=\"d-flex flex-row justify-content-between align-items-center\">            <label class=\"form-check-label pe-2\" for=\"materialUpgrade1\" style=\"width:calc(100% - 1.5rem)\" title=\"Kugeln aus hochverchromtem Stahl AISI 52100 und Geh\u00e4use aus elektrophoretisch beschichtetem Stahl mit Anti-Oxid-Beschichtung. Federmechanismus-Teile aus Kohlenstoff-Federstahl, unabh\u00e4ngig von den unten aufgef\u00fchrten Material-Upgrade-Optionen.\">                <span class=\"fontSize-6\"><b>Standard-Materialien<\/b> - Kugeln aus hochverchromtem Stahl AISI 52100 und Geh\u00e4use aus elektrophoretisch beschichtetem Stahl mit Anti-Oxid-Beschichtung. Federmechanismus-Teile aus Kohlenstoff-Federstahl, unabh\u00e4ngig von den unten aufgef\u00fchrten Material-Upgrade-Optionen.<\/span>            <\/label>            <input class=\"form-check-input inputCheck\" type=\"radio\" name=\"materialUpgrade\" id=\"materialUpgrade1\" checked=\"checked\" value=\"ST_material\">        <\/div>        <h4 class=\"fontSize-3 my-3\">Optionen f\u00fcr Material-Upgrades:<\/h4>        <div class=\"box-input-material-upgrade mb-2 d-flex flex-row justify-content-between\">            <label class=\"form-check-label pe-2\" for=\"materialUpgrade2\" style=\"width:calc(100% - 1.5rem)\"  title=\"Kugeln aus rostfreiem Stahl AISI 440C, interne Komponenten als Standard. &quot;Anti-Oxid&quot; Geh\u00e4use. Tragzahl als Standard und bleibt unber\u00fchrt.\">                <span class=\"material material-A\">Kugeln aus Edelstahl<\/span>            <\/label>            <input class=\"form-check-input inputCheck\" type=\"radio\" name=\"materialUpgrade\" id=\"materialUpgrade2\"  value=\"A_material\">        <\/div>        <div class=\"box-input-material-upgrade mb-2 d-flex flex-row justify-content-between\">            <label class=\"form-check-label pe-2\" for=\"materialUpgrade3\" style=\"width:calc(100% - 1.5rem)\"  title=\"Kugeln und tragende Innenteile aus rostfreiem Stahl AISI440C. &quot;Anti-Oxid&quot; Au\u00dfengeh\u00e4use. Tragzahlen und Federwerte als Standard und bleiben unver\u00e4ndert.\" >                <span class=\"material material-Z\">Alle Teile aus Edelstahl<\/span>            <\/label>            <input class=\"form-check-input inputCheck\" type=\"radio\" name=\"materialUpgrade\" id=\"materialUpgrade3\"  value=\"Z_material\">        <\/div>        <div class=\"box-input-material-upgrade mb-2 d-flex flex-row justify-content-between\">            <label class=\"form-check-label pe-2\" for=\"materialUpgrade4\" style=\"width:calc(100% - 1.5rem)\" title=\"Kugeln und tragende Innenteile aus rostfreiem Stahl AISI440C. Au\u00dfengeh\u00e4use aus AISI 304. Tragzahl als Standard und bleibt unber\u00fchrt.\">                <span class=\"material material-SS\">Alle Teile aus Edelstahl<\/span>            <\/label>            <input class=\"form-check-input inputCheck\" type=\"radio\" name=\"materialUpgrade\" id=\"materialUpgrade4\" value=\"SS_material\">        <\/div>            <\/div><\/div><\/div>\n<\/div>\n<\/div>\n<\/section>\n<section id=\"part-table-one\" class=\"row cpn-section pb-4\">\n<div class=\"col\"><div class=\"switcher mt-3 mt-md-0 mx-2 me-sm-0 ms-sm-5\">    <div class=\"switcher-title\"><b>Messungen wechseln:<\/b> <\/span><\/div>    <button class=\"toggle-unit\" type=\"button\"><span class=\"switch-metric\">Metrisch (mm\/kg)<\/span><span class=\"switch\"><\/span><span class=\"switch-imperial\">Imperial (Zoll\/lb)<\/span><\/button><\/div>[omni_render_table class-container=&#8220;table-mobi table-scroll&#8220;]<\/div>\n<\/section>\n<section id=\"also-consider\" class=\"row cpn-section\">\n<div class=\"col\">\n<div>\n<h2>Ber\u00fccksichtigen Sie auch<\/h2>\n<div>\t<div class=\"omni-slider omni-carousel\" >\t<ul class=\"omni-slider-track\"><li>    <a href=\"https:\/\/www.omnitrack.com\/de\/ball-transfer-units\/heavy-duty\/84-94-series-external-spring-loaded\/\"><img loading=\"lazy\" decoding=\"async\" width=\"150\" height=\"150\" src=\"https:\/\/www.omnitrack.com\/wp-content\/uploads\/2023\/03\/94_400.webp\" class=\"img-fluid\" alt=\"Stud\" srcset=\"https:\/\/www.omnitrack.com\/wp-content\/uploads\/2023\/03\/94_400.webp 400w, https:\/\/www.omnitrack.com\/wp-content\/uploads\/2023\/03\/94_400-300x300.webp 300w, https:\/\/www.omnitrack.com\/wp-content\/uploads\/2023\/03\/94_400-150x150.webp 150w, https:\/\/www.omnitrack.com\/wp-content\/uploads\/2023\/03\/94_400-100x100.webp 100w\" sizes=\"auto, (max-width: 150px) 100vw, 150px\" \/><h3>Baureihen 84 &amp; 94<\/h3><\/a><\/li><li>    <a href=\"https:\/\/www.omnitrack.com\/de\/ball-transfer-units\/heavy-duty\/85-95-series-housed-spring-loaded\/\"><img loading=\"lazy\" decoding=\"async\" width=\"150\" height=\"150\" src=\"https:\/\/www.omnitrack.com\/wp-content\/uploads\/2023\/03\/95_400.webp\" class=\"img-fluid\" alt=\"Stud\" srcset=\"https:\/\/www.omnitrack.com\/wp-content\/uploads\/2023\/03\/95_400.webp 400w, https:\/\/www.omnitrack.com\/wp-content\/uploads\/2023\/03\/95_400-300x300.webp 300w, https:\/\/www.omnitrack.com\/wp-content\/uploads\/2023\/03\/95_400-150x150.webp 150w, https:\/\/www.omnitrack.com\/wp-content\/uploads\/2023\/03\/95_400-100x100.webp 100w\" sizes=\"auto, (max-width: 150px) 100vw, 150px\" \/><h3>Baureihen 85 &amp; 95<\/h3><\/a><\/li><li>    <a href=\"https:\/\/www.omnitrack.com\/de\/ball-transfer-units\/heavy-duty\/87-97-series-spring-loaded-flange-fixing\/\"><img loading=\"lazy\" decoding=\"async\" width=\"150\" height=\"150\" src=\"https:\/\/www.omnitrack.com\/wp-content\/uploads\/2023\/03\/97_400.webp\" class=\"img-fluid\" alt=\"Stud\" srcset=\"https:\/\/www.omnitrack.com\/wp-content\/uploads\/2023\/03\/97_400.webp 400w, https:\/\/www.omnitrack.com\/wp-content\/uploads\/2023\/03\/97_400-300x300.webp 300w, https:\/\/www.omnitrack.com\/wp-content\/uploads\/2023\/03\/97_400-150x150.webp 150w, https:\/\/www.omnitrack.com\/wp-content\/uploads\/2023\/03\/97_400-100x100.webp 100w\" sizes=\"auto, (max-width: 150px) 100vw, 150px\" \/><h3>Baureihen 87 &amp; 97<\/h3><\/a><\/li><li>    <a href=\"https:\/\/www.omnitrack.com\/de\/ball-transfer-units\/spring-loaded-t-b-bars\/t-b-bars\/\"><img loading=\"lazy\" decoding=\"async\" width=\"150\" height=\"150\" src=\"https:\/\/www.omnitrack.com\/wp-content\/uploads\/2023\/03\/T_Bar.webp\" class=\"img-fluid\" alt=\"Spring loaded&amp; T\/B-bars\" srcset=\"https:\/\/www.omnitrack.com\/wp-content\/uploads\/2023\/03\/T_Bar.webp 800w, https:\/\/www.omnitrack.com\/wp-content\/uploads\/2023\/03\/T_Bar-300x300.webp 300w, https:\/\/www.omnitrack.com\/wp-content\/uploads\/2023\/03\/T_Bar-150x150.webp 150w, https:\/\/www.omnitrack.com\/wp-content\/uploads\/2023\/03\/T_Bar-768x768.webp 768w, https:\/\/www.omnitrack.com\/wp-content\/uploads\/2023\/03\/T_Bar-600x600.webp 600w, https:\/\/www.omnitrack.com\/wp-content\/uploads\/2023\/03\/T_Bar-100x100.webp 100w\" sizes=\"auto, (max-width: 150px) 100vw, 150px\" \/><h3>T-Stangen<\/h3><\/a><\/li><li>    <a href=\"https:\/\/www.omnitrack.com\/de\/ball-transfer-units\/medium-duty\/mm-series-housed-spring-loaded\/\"><img loading=\"lazy\" decoding=\"async\" width=\"150\" height=\"150\" src=\"https:\/\/www.omnitrack.com\/wp-content\/uploads\/2023\/03\/mm-series-medium-duty-ball-transfer-units.webp\" class=\"img-fluid\" alt=\"medium-duty ball transfer unit\" srcset=\"https:\/\/www.omnitrack.com\/wp-content\/uploads\/2023\/03\/mm-series-medium-duty-ball-transfer-units.webp 400w, https:\/\/www.omnitrack.com\/wp-content\/uploads\/2023\/03\/mm-series-medium-duty-ball-transfer-units-300x300.webp 300w, https:\/\/www.omnitrack.com\/wp-content\/uploads\/2023\/03\/mm-series-medium-duty-ball-transfer-units-150x150.webp 150w, https:\/\/www.omnitrack.com\/wp-content\/uploads\/2023\/03\/mm-series-medium-duty-ball-transfer-units-100x100.webp 100w\" sizes=\"auto, (max-width: 150px) 100vw, 150px\" \/><h3>Baureihen MM<\/h3><\/a><\/li><li>    <a href=\"https:\/\/www.omnitrack.com\/de\/ball-transfer-units\/medium-duty\/mn-series-housed-spring-loaded\/\"><img loading=\"lazy\" decoding=\"async\" width=\"150\" height=\"150\" src=\"https:\/\/www.omnitrack.com\/wp-content\/uploads\/2023\/03\/MN-series-medium-duty-ball-transfer-units.webp\" class=\"img-fluid\" alt=\"medium-duty ball transfer unit\" srcset=\"https:\/\/www.omnitrack.com\/wp-content\/uploads\/2023\/03\/MN-series-medium-duty-ball-transfer-units.webp 400w, https:\/\/www.omnitrack.com\/wp-content\/uploads\/2023\/03\/MN-series-medium-duty-ball-transfer-units-300x300.webp 300w, https:\/\/www.omnitrack.com\/wp-content\/uploads\/2023\/03\/MN-series-medium-duty-ball-transfer-units-150x150.webp 150w, https:\/\/www.omnitrack.com\/wp-content\/uploads\/2023\/03\/MN-series-medium-duty-ball-transfer-units-100x100.webp 100w\" sizes=\"auto, (max-width: 150px) 100vw, 150px\" \/><h3>Baureihen MN<\/h3><\/a><\/li><li>    <a href=\"https:\/\/www.omnitrack.com\/de\/ball-transfer-units\/pneumatic-ball-transfers\/\"><img loading=\"lazy\" decoding=\"async\" width=\"113\" height=\"150\" src=\"https:\/\/www.omnitrack.com\/wp-content\/uploads\/2023\/03\/Pneumatic-Ball_pb25.webp\" class=\"img-fluid\" alt=\"Nut\" srcset=\"https:\/\/www.omnitrack.com\/wp-content\/uploads\/2023\/03\/Pneumatic-Ball_pb25.webp 300w, https:\/\/www.omnitrack.com\/wp-content\/uploads\/2023\/03\/Pneumatic-Ball_pb25-225x300.webp 225w\" sizes=\"auto, (max-width: 113px) 100vw, 113px\" \/><h3>Pneumatisch<\/h3><\/a><\/li><li>    <a href=\"https:\/\/www.omnitrack.com\/de\/ball-transfer-units\/light-duty\/lm-series-cased-spring-loaded\/\"><img loading=\"lazy\" decoding=\"async\" width=\"150\" height=\"150\" src=\"https:\/\/www.omnitrack.com\/wp-content\/uploads\/2023\/03\/LM-series-light-duty-ball-transfer-units.webp\" class=\"img-fluid\" alt=\"LM series light duty ball transfer units\" srcset=\"https:\/\/www.omnitrack.com\/wp-content\/uploads\/2023\/03\/LM-series-light-duty-ball-transfer-units.webp 400w, https:\/\/www.omnitrack.com\/wp-content\/uploads\/2023\/03\/LM-series-light-duty-ball-transfer-units-300x300.webp 300w, https:\/\/www.omnitrack.com\/wp-content\/uploads\/2023\/03\/LM-series-light-duty-ball-transfer-units-150x150.webp 150w, https:\/\/www.omnitrack.com\/wp-content\/uploads\/2023\/03\/LM-series-light-duty-ball-transfer-units-100x100.webp 100w\" sizes=\"auto, (max-width: 150px) 100vw, 150px\" \/><h3>Baureihen LM<\/h3><\/a><\/li>\t<\/ul><div class=\"omni-slider-controls\"><button class=\"omni-slider-prev\"><img src=\"https:\/\/www.omnitrack.com\/wp-content\/themes\/omnitrack2023\/images\/icon-arrow-blue-left.svg\" alt=\"Arrow left icon\" decoding=\"async\" loading=\"lazy\" alt=\"Arrow left icon\"><\/button> <button class=\"omni-slider-next\"><img src=\"https:\/\/www.omnitrack.com\/wp-content\/themes\/omnitrack2023\/images\/icon-arrow-blue-right.svg\" decoding=\"async\" loading=\"lazy\" alt=\"Arrow right icon\"><\/button><\/div><\/div><\/div>\n<\/div>\n<\/div>\n<\/section>\n<div class=\"row cpn-section\">\n<div class=\"col\">\n<hr \/>\n<\/div>\n<\/div>\n<section id=\"icons-grid-one\" class=\"row cpn-section\">\n<div class=\"col-12 col-sm-5 col-xl-6 col-xxl-7 fontSize-4 pb-4\">\n<p>Omnitrack Heavy-Duty federbelastete Kugelrollen sind ideal, wenn unebene Gleisbedingungen oder Sto\u00dfbelastungen auftreten. Interne Federn bieten einen vollst\u00e4ndigen R\u00fcckzug der Kugel im Geh\u00e4use. Wir k\u00f6nnen die Federvorspannung, die Durchbiegung und die Eigenschaften an Ihre Anforderungen anpassen. Ziehen Sie alternative Material-Upgrade-Optionen in Betracht, um schweren Betriebsbedingungen standzuhalten.<\/p>\n<p>Die federbelasteten Kugelrollen der Omnitrack 96-Serie sind f\u00fcr eine omnidirektionale und genaue Positionierung vorgespannt. Da diese Kugelrollen aus unserem &#8222;Heavy Duty&#8220;-Sortiment stammen, bieten sie den niedrigsten Reibungskoeffizienten und die reibungsloseste Leistung, die es gibt.<\/p>\n<p>Beim Einbau von Omnitrack-Kugelrollen der Serie 96 in schwere Pressenwerkzeuge oder Matrizen k\u00f6nnen die Werkzeuge pr\u00e4zise positioniert und dann eingespannt werden. Die zus\u00e4tzliche Kraft f\u00fchrt dazu, dass sich die Tellerfedern beim Einspannen durchbiegen. Sobald sie jedoch gel\u00f6st werden, heben sie das Werkzeug an und k\u00f6nnen mit Leichtigkeit und Genauigkeit wegbewegt werden.<\/p>\n<p>Die Optionen f\u00fcr Materialaufr\u00fcstungen sind unten aufgef\u00fchrt &#8211; bestellen Sie, indem Sie das Suffix an die gew\u00fcnschte Teilenummer anh\u00e4ngen, z. B. 9620 &#8218;A&#8216;, das Edelstahlkugeln und verbesserte Best\u00e4ndigkeit gegen hohe Temperaturen umfasst.<\/p>\n<p>Die Teile des Federmechanismus bleiben unabh\u00e4ngig von Materialverbesserungen aus Kohlenstoff-Federstahl &#8211; fragen Sie uns, wenn andere Materialien erforderlich sind.<\/p>\n<ul>\n<li>Maximaler Sto\u00dfschutz \u2013 Kugel zieht sich vollst\u00e4ndig in das Geh\u00e4use zur\u00fcck.<\/li>\n<li>Ideal, wenn ein Lastausgleich oder ungleiche Gleis-\/Lastverh\u00e4ltnisse vorliegen.<\/li>\n<li>Au\u00dfergew\u00f6hnliche Sto\u00dffestigkeit und Best\u00e4ndigkeit gegen hohe und niedrige Temperaturen.<\/li>\n<li>Maximale Tragf\u00e4higkeit bei jedem Ausrichtungswinkel.<\/li>\n<li>Robuster integrierter Montageflansch mit 2 oder 3 Befestigungsl\u00f6chern.<\/li>\n<\/ul>\n<p>Entdecken Sie den Rest unseres Sortiments an <a href=\"https:\/\/www.omnitrack.com\/de\/kugelrollen\/\">Kugelrollen<\/a>.<\/p>\n<p>Nicht gefunden, was Sie brauchen? <a href=\"https:\/\/www.omnitrack.com\/de\/kontaktieren-sie-uns\/\" target=\"_blank\" rel=\"noopener\">Rufen Sie uns jetzt an<\/a>.<\/p>\n<\/div>\n<div class=\"col-12 col-sm-7 col-xl-6 col-xxl-5\"><div class=\"grid-wrap\">\n<div class=\"row g-2 g-md-3 mb-2 mb-md-3\">\n<div class=\"col-8\">\n<div class=\"grid-item double\"><img decoding=\"async\" loading=\"lazy\" src=\"https:\/\/www.omnitrack.com\/wp-content\/themes\/omnitrack2023\/images\/icon-maximum-load-6000.svg\" class=\"ico-icons-grid\" alt=\"Maximale Tragf\u00e4higkeit\"  \/>Nennlasten in jeder Richtung gleich<small><\/small><\/div>\n<\/div>\n<div class=\"col-4\">\n<div class=\"grid-item\"><img decoding=\"async\" loading=\"lazy\" src=\"https:\/\/www.omnitrack.com\/wp-content\/themes\/omnitrack2023\/images\/icon-low-friction.svg\" class=\"ico-icons-grid\" alt=\"Reibungsarm\"  \/>Reibungsarm<br \/>1 : 0,005<small>Nur Reihe 9000<\/small><\/div>\n<\/div>\n<\/div>\n<div class=\"row g-2 g-md-3 mb-2 mb-md-3\">\n<div class=\"col-4\">\n<div class=\"grid-item\"><img decoding=\"async\" loading=\"lazy\" src=\"https:\/\/www.omnitrack.com\/wp-content\/themes\/omnitrack2023\/images\/icon-speed.svg\" class=\"ico-icons-grid\" alt=\"Geschwindigkeit\"  \/>Geschwindigkeit<br \/>2m\/sec<small><\/small><\/div>\n<\/div>\n<div class=\"col-4\">\n<div class=\"grid-item\"><img decoding=\"async\" loading=\"lazy\" src=\"https:\/\/www.omnitrack.com\/wp-content\/themes\/omnitrack2023\/images\/icon-temperature.svg\" class=\"ico-icons-grid\" alt=\"Temperatur\"  \/>Temperatur<br \/>-50\/+160\u00baC<small><\/small><\/div>\n<\/div>\n<div class=\"col-4\">\n<div class=\"grid-item\"><img decoding=\"async\" loading=\"lazy\" src=\"https:\/\/www.omnitrack.com\/wp-content\/themes\/omnitrack2023\/images\/icon-high-shock-resistence.svg\" class=\"ico-icons-grid\" alt=\"Hohe Sto\u00dffestigkeit\"  \/>Hohe Sto\u00dffestigkeit<small><\/small><\/div>\n<\/div>\n<\/div>\n<div class=\"row g-2 g-md-3\">\n<div class=\"col-4\">\n<div class=\"grid-item\">\n<div><img decoding=\"async\" loading=\"lazy\" src=\"https:\/\/www.omnitrack.com\/wp-content\/themes\/omnitrack2023\/images\/icon-uneven-loads.webp\" class=\"ico-icons-grid\" alt=\"Lasten mit unebener Lauffl\u00e4che\"  \/><\/div>\n<p>Lasten mit unebener Lauffl\u00e4che<small><\/small><\/p>\n<\/div>\n<\/div>\n<div class=\"col-4\">\n<div class=\"grid-item\"><img decoding=\"async\" loading=\"lazy\" src=\"https:\/\/www.omnitrack.com\/wp-content\/themes\/omnitrack2023\/images\/icon-user-seviceble.svg\" class=\"ico-icons-grid\" alt=\"Benutzerbedienbar\"  \/>Benutzerbedienbar<small>Nur Reihe 9000<\/small><\/div>\n<\/div>\n<\/div>\n<\/div>\n<\/div>\n<\/section>\n<div class=\"row cpn-section\">\n<div class=\"col\">\n<hr \/>\n<\/div>\n<\/div>\n<section id=\"service-kits-one\" class=\"row cpn-section pb-4\"><div class=\"col\">\n<div class=\"row\">\n<div class=\"col-12 col-sm-6 col-xl-6 col-xxl-6 fontSize-3\">\n<h2>Service-Kits<\/h2>\n<p class=\"fontSize-\">Runderneuerungsservice im Werk f\u00fcr Modelle mit Federelement und Sondereinheiten, da diese Spezialwerkzeug zur sicheren Demontage ben\u00f6tigen k\u00f6nnen.<\/p>\n<\/div>\n<div class=\"col-12 col-sm-6 col-xl-6 col-xxl-6 image-sizes text-center text-sm-left\"><img loading=\"lazy\" decoding=\"async\" class=\"img-fluid alignnone wp-image-79719 size-full\" src=\"https:\/\/www.omnitrack.com\/wp-content\/uploads\/2023\/03\/Service_Kits_2-2.webp\" alt=\"Diagramm des Wartungskits\" width=\"241\" height=\"240\" srcset=\"https:\/\/www.omnitrack.com\/wp-content\/uploads\/2023\/03\/Service_Kits_2-2.webp 241w, https:\/\/www.omnitrack.com\/wp-content\/uploads\/2023\/03\/Service_Kits_2-2-150x150.webp 150w, https:\/\/www.omnitrack.com\/wp-content\/uploads\/2023\/03\/Service_Kits_2-2-100x100.webp 100w\" sizes=\"auto, (max-width: 241px) 100vw, 241px\" \/> <img loading=\"lazy\" decoding=\"async\" class=\"img-fluid alignnone wp-image-79720 size-full\" src=\"https:\/\/www.omnitrack.com\/wp-content\/uploads\/2023\/03\/Diagram_Heavy_Duty_85_95-1.webp\" alt=\"Diagramm der Kugelrollen Heavy Duty\" width=\"241\" height=\"240\" srcset=\"https:\/\/www.omnitrack.com\/wp-content\/uploads\/2023\/03\/Diagram_Heavy_Duty_85_95-1.webp 241w, https:\/\/www.omnitrack.com\/wp-content\/uploads\/2023\/03\/Diagram_Heavy_Duty_85_95-1-150x150.webp 150w, https:\/\/www.omnitrack.com\/wp-content\/uploads\/2023\/03\/Diagram_Heavy_Duty_85_95-1-100x100.webp 100w\" sizes=\"auto, (max-width: 241px) 100vw, 241px\" \/><\/div>\n<\/div>\n<\/div>\n<\/section>\n<div class=\"row cpn-section\">\n<div class=\"col\">\n<hr \/>\n<\/div>\n<\/div>\n<section id=\"tolerance-rings-one\" class=\"row cpn-section pb-5\">\n<div class=\"col\"><div class=\"row\">\n<div class=\"col-12 col-md-6 fontSize-4 mb-4 mb-md-0\">\n<h2>Toleranzringe<\/h2>\n<ul>\n<li>Ausgleich von Toleranzen bei Bohrung und Durchmesser.<\/li>\n<li>Ideal, wenn nur einseitiger Zugang auf Befestigungsfl\u00e4che m\u00f6glich ist.<\/li>\n<\/ul>\n<\/div>\n<div class=\"col-12 col-md-6 d-flex justify-content-center justify-content-md-around flex-wrap image-sizes\"><img loading=\"lazy\" decoding=\"async\" class=\"alignnone wp-image-79717 size-full\" src=\"https:\/\/www.omnitrack.com\/wp-content\/uploads\/2023\/03\/9300_Glass-1.webp\" alt=\"Pneumatisch und R\u00e4der\" width=\"314\" height=\"240\" srcset=\"https:\/\/www.omnitrack.com\/wp-content\/uploads\/2023\/03\/9300_Glass-1.webp 314w, https:\/\/www.omnitrack.com\/wp-content\/uploads\/2023\/03\/9300_Glass-1-300x229.webp 300w\" sizes=\"auto, (max-width: 314px) 100vw, 314px\" \/> <img loading=\"lazy\" decoding=\"async\" class=\"alignnone wp-image-79718 size-full\" src=\"https:\/\/www.omnitrack.com\/wp-content\/uploads\/2023\/03\/Tolerance_Ring_2-1.webp\" alt=\"Toleranzring\" width=\"284\" height=\"240\"><\/div>\n<\/div>\n<\/p>\n<div class=\"row\">\n<div class=\"col\">[omni_render_table_tolerance_ring class-container=&#8220;table-mobi table-no-scroll&#8220;]<\/div>\n<\/div>\n<\/div>\n<\/section>\n<section id=\"cant-find\" class=\"row one cpn-section py-5\"><div class=\"col col-md-7 col-lg-6 py-4 pe-5\">\n<h3 class=\"fontSize-1 mb-4\">Sie k\u00f6nnen nicht finden, was Sie suchen?<\/h3>\n<p class=\"fontSize-4\">Versuchen Sie, nach Schl\u00fcsselw\u00f6rtern, Teilenummern, Lasten und Befestigungsarten zu suchen.<\/p>\n<div class=\"input-group mb-3\"><form class=\"form-search\"><div class=\"input-group\">  <input type=\"text\" name=\"s\" class=\"form-control field\" placeholder=\"Suche Teilnummer\">  <input type=\"hidden\" name=\"post-type\" value=\"product\"><\/div><\/form><\/div>\n<\/div>\n<div class=\"col col-md-5 col-lg-6 py-4 text-center\"><a href=\"..\/..\/..\/garantie\/\" target=\"_blank\" rel=\"noopener\"><img loading=\"lazy\" decoding=\"async\" class=\"mb-3 img-fluid alignnone wp-image-79745 size-full\" title=\"2 Jahre Garantie\" src=\"https:\/\/www.omnitrack.com\/wp-content\/uploads\/2024\/08\/2_year_warranty_de.webp\" alt=\"2 Jahre Garantie\" width=\"401\" height=\"190\" \/><\/a><br \/><small class=\"d-block\">Vorbehaltlich der Nutzung und Bedingungen.<\/small><\/div>\n<\/section>\n","protected":false},"excerpt":{"rendered":"<p>[omni_render_table class-container=&#8220;table-mobi table-scroll&#8220;] Ber\u00fccksichtigen Sie auch Omnitrack Heavy-Duty federbelastete Kugelrollen sind ideal, wenn unebene Gleisbedingungen oder Sto\u00dfbelastungen auftreten. Interne Federn bieten einen vollst\u00e4ndigen R\u00fcckzug der Kugel im Geh\u00e4use. Wir k\u00f6nnen die Federvorspannung, die Durchbiegung und die Eigenschaften an Ihre Anforderungen anpassen. Ziehen Sie alternative Material-Upgrade-Optionen in Betracht, um schweren Betriebsbedingungen standzuhalten. Die federbelasteten Kugelrollen der [&hellip;]<\/p>\n","protected":false},"author":7,"featured_media":0,"parent":97557,"menu_order":0,"comment_status":"closed","ping_status":"closed","template":"page-series-heavy-duty-tolerance-rings.php","meta":{"inline_featured_image":false,"footnotes":""},"class_list":["post-97584","page","type-page","status-publish","hentry"],"acf":[],"_links":{"self":[{"href":"https:\/\/www.omnitrack.com\/de\/wp-json\/wp\/v2\/pages\/97584","targetHints":{"allow":["GET"]}}],"collection":[{"href":"https:\/\/www.omnitrack.com\/de\/wp-json\/wp\/v2\/pages"}],"about":[{"href":"https:\/\/www.omnitrack.com\/de\/wp-json\/wp\/v2\/types\/page"}],"author":[{"embeddable":true,"href":"https:\/\/www.omnitrack.com\/de\/wp-json\/wp\/v2\/users\/7"}],"replies":[{"embeddable":true,"href":"https:\/\/www.omnitrack.com\/de\/wp-json\/wp\/v2\/comments?post=97584"}],"version-history":[{"count":4,"href":"https:\/\/www.omnitrack.com\/de\/wp-json\/wp\/v2\/pages\/97584\/revisions"}],"predecessor-version":[{"id":107771,"href":"https:\/\/www.omnitrack.com\/de\/wp-json\/wp\/v2\/pages\/97584\/revisions\/107771"}],"up":[{"embeddable":true,"href":"https:\/\/www.omnitrack.com\/de\/wp-json\/wp\/v2\/pages\/97557"}],"wp:attachment":[{"href":"https:\/\/www.omnitrack.com\/de\/wp-json\/wp\/v2\/media?parent=97584"}],"curies":[{"name":"wp","href":"https:\/\/api.w.org\/{rel}","templated":true}]}}