{"id":97573,"date":"2023-01-26T12:27:23","date_gmt":"2023-01-26T12:27:23","guid":{"rendered":"https:\/\/www.omnitrack.com\/ball-transfer-units\/medium-duty\/mm-series-housed-spring-loaded\/"},"modified":"2024-03-06T23:55:55","modified_gmt":"2024-03-06T23:55:55","slug":"baureihe-mm-kugelrollen-gefedert-im-gehaeuse","status":"publish","type":"page","link":"https:\/\/www.omnitrack.com\/de\/kugelrollen\/medium-duty\/baureihe-mm-kugelrollen-gefedert-im-gehaeuse\/","title":{"rendered":"Baureihe MM &#8211; Kugelrollen gefedert im Geh\u00e4use"},"content":{"rendered":"<section id=\"product-presentation-one\" class=\"row cpn-section pb-0\">\n<div class=\"col\">\n<header class=\"row\">    <div class=\"col\">        <nav id=\"breadcrumb\">                    <\/nav>        <h1 class=\"fontSize-1\">Baureihe MM &#8211; Kugelrollen gefedert im Geh\u00e4use<\/h1>    <\/div>    <\/header>\n<div class=\"row list-images image-sizes\" data-material=\"ST_material\">\n<div class=\"col-auto col-md col-xxl-4\">\n<div class=\"img-default\"><img loading=\"lazy\" decoding=\"async\" class=\"alignnone wp-image-79803 size-full\" src=\"https:\/\/www.omnitrack.com\/wp-content\/uploads\/2023\/03\/mm-series-medium-duty-ball-transfer-units.webp\" alt=\"MM-Serie Medium Duty\" width=\"400\" height=\"400\" data-fullsrc=\"\" srcset=\"https:\/\/www.omnitrack.com\/wp-content\/uploads\/2023\/03\/mm-series-medium-duty-ball-transfer-units.webp 400w, https:\/\/www.omnitrack.com\/wp-content\/uploads\/2023\/03\/mm-series-medium-duty-ball-transfer-units-300x300.webp 300w, https:\/\/www.omnitrack.com\/wp-content\/uploads\/2023\/03\/mm-series-medium-duty-ball-transfer-units-150x150.webp 150w, https:\/\/www.omnitrack.com\/wp-content\/uploads\/2023\/03\/mm-series-medium-duty-ball-transfer-units-100x100.webp 100w\" sizes=\"auto, (max-width: 400px) 100vw, 400px\" \/><\/div>\n<\/div>\n<div class=\"col-auto col-md col-xxl-4\">\n<div><img loading=\"lazy\" decoding=\"async\" class=\"alignnone wp-image-79804 size-full\" src=\"https:\/\/www.omnitrack.com\/wp-content\/uploads\/2023\/03\/diagram-mm-series-medium-duty-ball-transfer-units.webp\" alt=\"MM-Serie Diagramm Medium Duty\" width=\"400\" height=\"400\" data-fullsrc=\"\" srcset=\"https:\/\/www.omnitrack.com\/wp-content\/uploads\/2023\/03\/diagram-mm-series-medium-duty-ball-transfer-units.webp 400w, https:\/\/www.omnitrack.com\/wp-content\/uploads\/2023\/03\/diagram-mm-series-medium-duty-ball-transfer-units-300x300.webp 300w, https:\/\/www.omnitrack.com\/wp-content\/uploads\/2023\/03\/diagram-mm-series-medium-duty-ball-transfer-units-150x150.webp 150w, https:\/\/www.omnitrack.com\/wp-content\/uploads\/2023\/03\/diagram-mm-series-medium-duty-ball-transfer-units-100x100.webp 100w\" sizes=\"auto, (max-width: 400px) 100vw, 400px\" \/><\/div>\n<\/div>\n<\/div>\n<\/div>\n<div class=\"col sidebar-cpn mt-4 mt-md-0\">\n<div class=\"row\">\n<div class=\"col\"><div class=\"box-material-upgrade\">        <div class=\"form-check ps-0\">        <div class=\"d-flex flex-row justify-content-between align-items-center\">            <label class=\"form-check-label pe-2\" for=\"materialUpgrade1\" style=\"width:calc(100% - 1.5rem)\" title=\"Standardmaterialien - Lager aus Chromstahl. Pr\u00e4zisionsgefertigtes, verzinktes Geh\u00e4use und hinteres Elektrophoresegeh\u00e4use.\">                <span class=\"fontSize-6\"><b>Standard-Materialien<\/b> - Standardmaterialien - Lager aus Chromstahl. Pr\u00e4zisionsgefertigtes, verzinktes Geh\u00e4use und hinteres Elektrophoresegeh\u00e4use.<\/span>            <\/label>            <input class=\"form-ch eck-input inputCheck\" type=\"radio\" name=\"materialUpgrade\" id=\"materialUpgrade1\" checked=\"checked\" value=\"ST_material\">        <\/div>        <h4 class=\"fontSize-3 my-3\">Optionen f\u00fcr Material-Upgrades:<\/h4>        <div class=\"box-input-material-upgrade mb-2 d-flex flex-row justify-content-between\">            <label class=\"form-check-label pe-2\" for=\"materialUpgrade2\" style=\"width:calc(100% - 1.5rem)\"  title=\"Kugeln aus Edelstahl, Geh\u00e4use und Abdeckung verzinkt.\">                <span class=\"material material-A\">Kugeln aus Edelstahl<\/span>            <\/label>            <input class=\"form-check-input inputCheck\" type=\"radio\" name=\"materialUpgrade\" id=\"materialUpgrade2\"  value=\"A_material\">        <\/div>        <div class=\"box-input-material-upgrade mb-2 d-flex flex-row justify-content-between\">            <label class=\"form-check-label pe-2\" for=\"materialUpgrade4\" style=\"width:calc(100% - 1.5rem)\" title=\"Kugeln aus Edelstahl, Edelstahlgeh\u00e4use und -abdeckung.\">                <span class=\"material material-SS\">Alle Teile aus Edelstahl<\/span>            <\/label>            <input class=\"form-check-input inputCheck\" type=\"radio\" name=\"materialUpgrade\" id=\"materialUpgrade4\" value=\"SS_material\">        <\/div>            <\/div><\/div><\/div>\n<\/div>\n<\/div>\n<\/section>\n<section id=\"part-table-one\" class=\"row cpn-section pb-4\">\n<div class=\"col\"><div class=\"switcher mt-3 mt-md-0 mx-2 me-sm-0 ms-sm-5\">    <div class=\"switcher-title\"><b>Messungen wechseln:<\/b> <\/span><\/div>    <button class=\"toggle-unit\" type=\"button\"><span class=\"switch-metric\">Metrisch (mm\/kg)<\/span><span class=\"switch\"><\/span><span class=\"switch-imperial\">Imperial (Zoll\/lb)<\/span><\/button><\/div> [omni_render_table class-container=&#8220;table-scroll table-mobi&#8220;]<\/div>\n<\/section>\n<section id=\"also-consider\" class=\"row cpn-section\">\n<div class=\"col\">\n<div>\n<h2>Ber\u00fccksichtigen Sie auch<\/h2>\n<div>\t<div class=\"omni-slider omni-carousel\" >\t<ul class=\"omni-slider-track\"><li>    <a href=\"https:\/\/www.omnitrack.com\/de\/ball-transfer-units\/heavy-duty\/80-90-series-push-fit\/\"><img loading=\"lazy\" decoding=\"async\" width=\"150\" height=\"150\" src=\"https:\/\/www.omnitrack.com\/wp-content\/uploads\/2023\/03\/96.webp\" class=\"img-fluid\" alt=\"flange mounted spring loaded\" srcset=\"https:\/\/www.omnitrack.com\/wp-content\/uploads\/2023\/03\/96.webp 800w, https:\/\/www.omnitrack.com\/wp-content\/uploads\/2023\/03\/96-300x300.webp 300w, https:\/\/www.omnitrack.com\/wp-content\/uploads\/2023\/03\/96-150x150.webp 150w, https:\/\/www.omnitrack.com\/wp-content\/uploads\/2023\/03\/96-768x768.webp 768w, https:\/\/www.omnitrack.com\/wp-content\/uploads\/2023\/03\/96-600x600.webp 600w, https:\/\/www.omnitrack.com\/wp-content\/uploads\/2023\/03\/96-100x100.webp 100w\" sizes=\"auto, (max-width: 150px) 100vw, 150px\" \/><h3>Baureihen 80 &amp; 90<\/h3><\/a><\/li><li>    <a href=\"https:\/\/www.omnitrack.com\/de\/ball-transfer-units\/medium-duty\/mn-series-housed-spring-loaded\/\"><img loading=\"lazy\" decoding=\"async\" width=\"150\" height=\"150\" src=\"https:\/\/www.omnitrack.com\/wp-content\/uploads\/2023\/03\/MN.webp\" class=\"img-fluid\" alt=\"housed spring loaded\" srcset=\"https:\/\/www.omnitrack.com\/wp-content\/uploads\/2023\/03\/MN.webp 800w, https:\/\/www.omnitrack.com\/wp-content\/uploads\/2023\/03\/MN-300x300.webp 300w, https:\/\/www.omnitrack.com\/wp-content\/uploads\/2023\/03\/MN-150x150.webp 150w, https:\/\/www.omnitrack.com\/wp-content\/uploads\/2023\/03\/MN-768x768.webp 768w, https:\/\/www.omnitrack.com\/wp-content\/uploads\/2023\/03\/MN-600x600.webp 600w, https:\/\/www.omnitrack.com\/wp-content\/uploads\/2023\/03\/MN-100x100.webp 100w\" sizes=\"auto, (max-width: 150px) 100vw, 150px\" \/><h3>Baureihe MN<\/h3><\/a><\/li><li>    <a href=\"https:\/\/www.omnitrack.com\/de\/ball-transfer-units\/heavy-duty\/85-95-series-housed-spring-loaded\/\"><img loading=\"lazy\" decoding=\"async\" width=\"150\" height=\"150\" src=\"https:\/\/www.omnitrack.com\/wp-content\/uploads\/2023\/03\/95.webp\" class=\"img-fluid\" alt=\"housed spring loaded\" srcset=\"https:\/\/www.omnitrack.com\/wp-content\/uploads\/2023\/03\/95.webp 800w, https:\/\/www.omnitrack.com\/wp-content\/uploads\/2023\/03\/95-300x300.webp 300w, https:\/\/www.omnitrack.com\/wp-content\/uploads\/2023\/03\/95-150x150.webp 150w, https:\/\/www.omnitrack.com\/wp-content\/uploads\/2023\/03\/95-768x768.webp 768w, https:\/\/www.omnitrack.com\/wp-content\/uploads\/2023\/03\/95-600x600.webp 600w, https:\/\/www.omnitrack.com\/wp-content\/uploads\/2023\/03\/95-100x100.webp 100w\" sizes=\"auto, (max-width: 150px) 100vw, 150px\" \/><h3>Baureihen 85 &amp; 95<\/h3><\/a><\/li><li>    <a href=\"https:\/\/www.omnitrack.com\/de\/ball-transfer-units\/heavy-duty\/87-97-series-spring-loaded-flange-fixing\/\"><img loading=\"lazy\" decoding=\"async\" width=\"150\" height=\"150\" src=\"https:\/\/www.omnitrack.com\/wp-content\/uploads\/2023\/03\/97.webp\" class=\"img-fluid\" alt=\"flange mounted spring\" srcset=\"https:\/\/www.omnitrack.com\/wp-content\/uploads\/2023\/03\/97.webp 800w, https:\/\/www.omnitrack.com\/wp-content\/uploads\/2023\/03\/97-300x300.webp 300w, https:\/\/www.omnitrack.com\/wp-content\/uploads\/2023\/03\/97-150x150.webp 150w, https:\/\/www.omnitrack.com\/wp-content\/uploads\/2023\/03\/97-768x768.webp 768w, https:\/\/www.omnitrack.com\/wp-content\/uploads\/2023\/03\/97-600x600.webp 600w, https:\/\/www.omnitrack.com\/wp-content\/uploads\/2023\/03\/97-100x100.webp 100w\" sizes=\"auto, (max-width: 150px) 100vw, 150px\" \/><h3>Baureihen 87 &amp; 97<\/h3><\/a><\/li><li>    <a href=\"https:\/\/www.omnitrack.com\/de\/ball-transfer-units\/pneumatic-ball-transfers\/\"><img loading=\"lazy\" decoding=\"async\" width=\"140\" height=\"140\" src=\"https:\/\/www.omnitrack.com\/wp-content\/uploads\/2023\/03\/Pneumatics.webp\" class=\"img-fluid\" alt=\"pneumatics\" srcset=\"https:\/\/www.omnitrack.com\/wp-content\/uploads\/2023\/03\/Pneumatics.webp 140w, https:\/\/www.omnitrack.com\/wp-content\/uploads\/2023\/03\/Pneumatics-100x100.webp 100w\" sizes=\"auto, (max-width: 140px) 100vw, 140px\" \/><h3>Pneumatisch<\/h3><\/a><\/li><li>    <a href=\"https:\/\/www.omnitrack.com\/de\/ball-transfer-units\/spring-loaded-t-b-bars\/\"><img loading=\"lazy\" decoding=\"async\" width=\"150\" height=\"150\" src=\"https:\/\/www.omnitrack.com\/wp-content\/uploads\/2023\/03\/TB-Bars.webp\" class=\"img-fluid\" alt=\"TB-Bars\" srcset=\"https:\/\/www.omnitrack.com\/wp-content\/uploads\/2023\/03\/TB-Bars.webp 600w, https:\/\/www.omnitrack.com\/wp-content\/uploads\/2023\/03\/TB-Bars-300x300.webp 300w, https:\/\/www.omnitrack.com\/wp-content\/uploads\/2023\/03\/TB-Bars-150x150.webp 150w, https:\/\/www.omnitrack.com\/wp-content\/uploads\/2023\/03\/TB-Bars-100x100.webp 100w\" sizes=\"auto, (max-width: 150px) 100vw, 150px\" \/><h3>T und B-Stangen<\/h3><\/a><\/li><li>    <a href=\"https:\/\/www.omnitrack.com\/de\/ball-transfer-units\/heavy-duty\/84-94-series-external-spring-loaded\/\"><img loading=\"lazy\" decoding=\"async\" width=\"150\" height=\"150\" src=\"https:\/\/www.omnitrack.com\/wp-content\/uploads\/2023\/03\/94_400.webp\" class=\"img-fluid\" alt=\"Stud\" srcset=\"https:\/\/www.omnitrack.com\/wp-content\/uploads\/2023\/03\/94_400.webp 400w, https:\/\/www.omnitrack.com\/wp-content\/uploads\/2023\/03\/94_400-300x300.webp 300w, https:\/\/www.omnitrack.com\/wp-content\/uploads\/2023\/03\/94_400-150x150.webp 150w, https:\/\/www.omnitrack.com\/wp-content\/uploads\/2023\/03\/94_400-100x100.webp 100w\" sizes=\"auto, (max-width: 150px) 100vw, 150px\" \/><h3>Baureihen 84 &amp; 94<\/h3><\/a><\/li>\t<\/ul><div class=\"omni-slider-controls\"><button class=\"omni-slider-prev\"><img src=\"https:\/\/www.omnitrack.com\/wp-content\/themes\/omnitrack2023\/images\/icon-arrow-blue-left.svg\" alt=\"Arrow left icon\" decoding=\"async\" loading=\"lazy\" alt=\"Arrow left icon\"><\/button> <button class=\"omni-slider-next\"><img src=\"https:\/\/www.omnitrack.com\/wp-content\/themes\/omnitrack2023\/images\/icon-arrow-blue-right.svg\" decoding=\"async\" loading=\"lazy\" alt=\"Arrow right icon\"><\/button><\/div><\/div><\/div>\n<\/div>\n<\/div>\n<\/section>\n<div class=\"row cpn-section\">\n<div class=\"col\">\n<hr \/>\n<\/div>\n<\/div>\n<section id=\"icons-grid-one\" class=\"row cpn-section mb-3\">\n<div class=\"col-12 col-sm-5 col-xl-6 col-xxl-7 fontSize-4\">\n<p>Die <a href=\"https:\/\/www.omnitrack.com\/de\/kugelrollen\/\">Kugelrollen<\/a> der Serie MM (Medium Duty) sind aus massivem Stahl gefertigt und einsatzgeh\u00e4rtet, um die Verschlei\u00dffestigkeit zu gew\u00e4hrleisten. Die verst\u00e4rkte, maschinell gefertigte Stahlkappe sch\u00fctzt vor St\u00f6\u00dfen durch eine falsche Ausrichtung des F\u00f6rderguts. Lebensdauergeschmiert &amp; verzinkt f\u00fcr Korrosionsbest\u00e4ndigkeit.<\/p>\n<p>Standardwerkstoffe: K\u00f6rper und Kappe AISI 1015, Kugeln AISI 52100. Edelstahl-Upgrade &#8218;A&#8216; &amp; &#8218;SS&#8216; mit Kugeln aus AISI420 Sto\u00dffestigkeit &amp; Geh\u00e4use. Die Hauptkugelgr\u00f6\u00dfen \u226519mm sind mit einer Filzdichtung ausgestattet, um Verunreinigungen zu vermeiden.<\/p>\n<p>Diese Serie verf\u00fcgt \u00fcber ein einziges Abflussloch.<\/p>\n<\/div>\n<div class=\"col-12 col-sm-7 col-xl-6 col-xxl-5\"><div class=\"grid-wrap\">\n<div class=\"row g-2 g-md-3 mb-2 mb-md-3\">\n<div class=\"col-4\">\n<div class=\"grid-item\"><img decoding=\"async\" loading=\"lazy\" src=\"https:\/\/www.omnitrack.com\/wp-content\/themes\/omnitrack2023\/images\/icon-low-friction.svg\" class=\"ico-icons-grid\" alt=\"Geringe Reibung\"  \/> Geringe Reibung<br \/>1 : 0,002  <small><\/small><\/div>\n<\/div>\n<div class=\"col-4\">\n<div class=\"grid-item\"><img decoding=\"async\" loading=\"lazy\" src=\"https:\/\/www.omnitrack.com\/wp-content\/themes\/omnitrack2023\/images\/icon-speed.svg\" class=\"ico-icons-grid\" alt=\"Geschwindigkeit\"  \/> Geschwindigkeit<br \/>1.5m\/sec <small><\/small><\/div>\n<\/div>\n<div class=\"col-4\">\n<div class=\"grid-item\"><img decoding=\"async\" loading=\"lazy\" src=\"https:\/\/www.omnitrack.com\/wp-content\/themes\/omnitrack2023\/images\/icon-temperature.svg\" class=\"ico-icons-grid\" alt=\"Temperatur\"  \/> Temperatur<br \/>-30\/+100\u00baC <small><\/small><\/div>\n<\/div>\n<\/div>\n<div class=\"row g-2 g-md-3\">\n<div class=\"col-4\">\n<div class=\"grid-item\"><img decoding=\"async\" loading=\"lazy\" src=\"https:\/\/www.omnitrack.com\/wp-content\/themes\/omnitrack2023\/images\/icon-high-shock-resistence.svg\" class=\"ico-icons-grid\" alt=\"Schockresistenz\"  \/> Schockresistenz <small><\/small><\/div>\n<\/div>\n<div class=\"col-4\">\n<div class=\"grid-item\">\n<div><img decoding=\"async\" loading=\"lazy\" src=\"https:\/\/www.omnitrack.com\/wp-content\/themes\/omnitrack2023\/images\/icon-orientation-horizontal-up.webp\" class=\"ico-icons-grid\" alt=\"Ausrichtung Horizontal \/ Oben\"  \/><\/div>\n<p>Ausrichtung Horizontal \/ Oben <small><\/small><\/p>\n<\/div>\n<\/div>\n<\/div>\n<\/div>\n<\/div>\n<\/section>\n<div class=\"row cpn-section\">\n<div class=\"col\">\n<hr \/>\n<\/div>\n<\/div>\n<section id=\"tolerance-rings-one\" class=\"row cpn-section pb-5\"><div class=\"col\">\n<div class=\"row\">\n<h2>Toleranzringe<\/h2>\n<ul class=\"fontSize-4 fontSize-md-3 list-check mb-4\">\n<li>Ausgleich von Toleranzen bei Bohrung und Durchmesser.<\/li>\n<li>Ideal, wenn nur einseitiger Zugang auf Befestigungsfl\u00e4che m\u00f6glich ist.<\/li>\n<\/ul>\n<\/div>\n<div class=\"row\">\n<div class=\"col-12 col-md-9 mb-4\">[omni_render_table_tolerance_ring class-container=&#8220;table-no-scroll table-mobi&#8220;]<\/div>\n<div class=\"col-12 col-md-3 text-center\"><img loading=\"lazy\" decoding=\"async\" class=\"img-fluid alignnone wp-image-79736 size-medium\" src=\"https:\/\/www.omnitrack.com\/wp-content\/uploads\/2023\/03\/9040_Glass_4-300x229.webp\" alt=\"Kugelrolle\" width=\"300\" height=\"229\" srcset=\"https:\/\/www.omnitrack.com\/wp-content\/uploads\/2023\/03\/9040_Glass_4-300x229.webp 300w, https:\/\/www.omnitrack.com\/wp-content\/uploads\/2023\/03\/9040_Glass_4.webp 314w\" sizes=\"auto, (max-width: 300px) 100vw, 300px\" \/> <img loading=\"lazy\" decoding=\"async\" class=\"img-fluid alignnone wp-image-79737 size-full\" src=\"https:\/\/www.omnitrack.com\/wp-content\/uploads\/2023\/03\/Tolerance_Ring_2_1.webp\" alt=\"Toleranzring\" width=\"284\" height=\"240\"><\/div>\n<\/div>\n<\/div>\n<\/section>\n<section id=\"similiar-one\" class=\"row cpn-section pt-5 bg-lilac\"><div class=\"col\">\n<div class=\"pb-4\">\n<h2>\u00c4hnliche Heavy-Duty-Modelle:<\/h2>\n<p><!--div>[ omni_render_carousel acf=\"similar_heavy_duty_models\"]<\/div--><\/p>\n<div>\t<div class=\"omni-slider omni-carousel carousel-similar-models\" >\t<ul class=\"omni-slider-track\"><li>    <a href=\"https:\/\/www.omnitrack.com\/de\/kugelrollen\/heavy-duty\/baureihen-86-96-kugelrollen-mit-federbelasteter-flanschbuchse\/\"><img loading=\"lazy\" decoding=\"async\" width=\"150\" height=\"150\" src=\"https:\/\/www.omnitrack.com\/wp-content\/uploads\/2023\/03\/96_01.webp\" class=\"img-fluid\" alt=\"flange mounted spring loaded\" srcset=\"https:\/\/www.omnitrack.com\/wp-content\/uploads\/2023\/03\/96_01.webp 800w, https:\/\/www.omnitrack.com\/wp-content\/uploads\/2023\/03\/96_01-300x300.webp 300w, https:\/\/www.omnitrack.com\/wp-content\/uploads\/2023\/03\/96_01-150x150.webp 150w, https:\/\/www.omnitrack.com\/wp-content\/uploads\/2023\/03\/96_01-768x768.webp 768w, https:\/\/www.omnitrack.com\/wp-content\/uploads\/2023\/03\/96_01-600x600.webp 600w, https:\/\/www.omnitrack.com\/wp-content\/uploads\/2023\/03\/96_01-100x100.webp 100w\" sizes=\"auto, (max-width: 150px) 100vw, 150px\" \/><h3>8601<\/h3><\/a><\/li><li>    <a href=\"https:\/\/www.omnitrack.com\/de\/kugelrollen\/heavy-duty\/baureihen-87-97-kugelrollen-mit-federbelasteter-flanschbefestigung\/\"><img loading=\"lazy\" decoding=\"async\" width=\"150\" height=\"150\" src=\"https:\/\/www.omnitrack.com\/wp-content\/uploads\/2023\/03\/97_01.webp\" class=\"img-fluid\" alt=\"flange mounted spring loaded\" srcset=\"https:\/\/www.omnitrack.com\/wp-content\/uploads\/2023\/03\/97_01.webp 800w, https:\/\/www.omnitrack.com\/wp-content\/uploads\/2023\/03\/97_01-300x300.webp 300w, https:\/\/www.omnitrack.com\/wp-content\/uploads\/2023\/03\/97_01-150x150.webp 150w, https:\/\/www.omnitrack.com\/wp-content\/uploads\/2023\/03\/97_01-768x768.webp 768w, https:\/\/www.omnitrack.com\/wp-content\/uploads\/2023\/03\/97_01-600x600.webp 600w, https:\/\/www.omnitrack.com\/wp-content\/uploads\/2023\/03\/97_01-100x100.webp 100w\" sizes=\"auto, (max-width: 150px) 100vw, 150px\" \/><h3>8701<\/h3><\/a><\/li><li>    <a href=\"https:\/\/www.omnitrack.com\/de\/kugelrollen\/heavy-duty\/baureihen-86-96-kugelrollen-mit-federbelasteter-flanschbuchse\/\"><img loading=\"lazy\" decoding=\"async\" width=\"150\" height=\"150\" src=\"https:\/\/www.omnitrack.com\/wp-content\/uploads\/2023\/03\/96.webp\" class=\"img-fluid\" alt=\"flange mounted spring loaded\" srcset=\"https:\/\/www.omnitrack.com\/wp-content\/uploads\/2023\/03\/96.webp 800w, https:\/\/www.omnitrack.com\/wp-content\/uploads\/2023\/03\/96-300x300.webp 300w, https:\/\/www.omnitrack.com\/wp-content\/uploads\/2023\/03\/96-150x150.webp 150w, https:\/\/www.omnitrack.com\/wp-content\/uploads\/2023\/03\/96-768x768.webp 768w, https:\/\/www.omnitrack.com\/wp-content\/uploads\/2023\/03\/96-600x600.webp 600w, https:\/\/www.omnitrack.com\/wp-content\/uploads\/2023\/03\/96-100x100.webp 100w\" sizes=\"auto, (max-width: 150px) 100vw, 150px\" \/><h3>9620<\/h3><\/a><\/li><li>    <a href=\"https:\/\/www.omnitrack.com\/de\/kugelrollen\/heavy-duty\/baureihen-87-97-kugelrollen-mit-federbelasteter-flanschbefestigung\/\"><img loading=\"lazy\" decoding=\"async\" width=\"150\" height=\"150\" src=\"https:\/\/www.omnitrack.com\/wp-content\/uploads\/2023\/03\/97.webp\" class=\"img-fluid\" alt=\"flange mounted spring\" srcset=\"https:\/\/www.omnitrack.com\/wp-content\/uploads\/2023\/03\/97.webp 800w, https:\/\/www.omnitrack.com\/wp-content\/uploads\/2023\/03\/97-300x300.webp 300w, https:\/\/www.omnitrack.com\/wp-content\/uploads\/2023\/03\/97-150x150.webp 150w, https:\/\/www.omnitrack.com\/wp-content\/uploads\/2023\/03\/97-768x768.webp 768w, https:\/\/www.omnitrack.com\/wp-content\/uploads\/2023\/03\/97-600x600.webp 600w, https:\/\/www.omnitrack.com\/wp-content\/uploads\/2023\/03\/97-100x100.webp 100w\" sizes=\"auto, (max-width: 150px) 100vw, 150px\" \/><h3>9720<\/h3><\/a><\/li><li>    <a href=\"https:\/\/www.omnitrack.com\/de\/kugelrollen\/heavy-duty\/baureihen-86-96-kugelrollen-mit-federbelasteter-flanschbuchse\/\"><img loading=\"lazy\" decoding=\"async\" width=\"150\" height=\"150\" src=\"https:\/\/www.omnitrack.com\/wp-content\/uploads\/2023\/03\/96.webp\" class=\"img-fluid\" alt=\"flange mounted spring loaded\" srcset=\"https:\/\/www.omnitrack.com\/wp-content\/uploads\/2023\/03\/96.webp 800w, https:\/\/www.omnitrack.com\/wp-content\/uploads\/2023\/03\/96-300x300.webp 300w, https:\/\/www.omnitrack.com\/wp-content\/uploads\/2023\/03\/96-150x150.webp 150w, https:\/\/www.omnitrack.com\/wp-content\/uploads\/2023\/03\/96-768x768.webp 768w, https:\/\/www.omnitrack.com\/wp-content\/uploads\/2023\/03\/96-600x600.webp 600w, https:\/\/www.omnitrack.com\/wp-content\/uploads\/2023\/03\/96-100x100.webp 100w\" sizes=\"auto, (max-width: 150px) 100vw, 150px\" \/><h3>9630<\/h3><\/a><\/li><li>    <a href=\"https:\/\/www.omnitrack.com\/de\/kugelrollen\/heavy-duty\/baureihen-87-97-kugelrollen-mit-federbelasteter-flanschbefestigung\/\"><img loading=\"lazy\" decoding=\"async\" width=\"150\" height=\"150\" src=\"https:\/\/www.omnitrack.com\/wp-content\/uploads\/2023\/03\/97.webp\" class=\"img-fluid\" alt=\"flange mounted spring\" srcset=\"https:\/\/www.omnitrack.com\/wp-content\/uploads\/2023\/03\/97.webp 800w, https:\/\/www.omnitrack.com\/wp-content\/uploads\/2023\/03\/97-300x300.webp 300w, https:\/\/www.omnitrack.com\/wp-content\/uploads\/2023\/03\/97-150x150.webp 150w, https:\/\/www.omnitrack.com\/wp-content\/uploads\/2023\/03\/97-768x768.webp 768w, https:\/\/www.omnitrack.com\/wp-content\/uploads\/2023\/03\/97-600x600.webp 600w, https:\/\/www.omnitrack.com\/wp-content\/uploads\/2023\/03\/97-100x100.webp 100w\" sizes=\"auto, (max-width: 150px) 100vw, 150px\" \/><h3>9730<\/h3><\/a><\/li>\t<\/ul><div class=\"omni-slider-controls\"><button class=\"omni-slider-prev\"><img src=\"https:\/\/www.omnitrack.com\/wp-content\/themes\/omnitrack2023\/images\/icon-arrow-blue-left.svg\" alt=\"Arrow left icon\" decoding=\"async\" loading=\"lazy\" alt=\"Arrow left icon\"><\/button> <button class=\"omni-slider-next\"><img src=\"https:\/\/www.omnitrack.com\/wp-content\/themes\/omnitrack2023\/images\/icon-arrow-blue-right.svg\" decoding=\"async\" loading=\"lazy\" alt=\"Arrow right icon\"><\/button><\/div><\/div><\/div>\n<\/div>\n<div class=\"row\"><ul class=\"col-12 col-sm-6 col-lg-7 blue-bullet mb-3 mb-sm-0\">\n<li>Maximale Tragzf\u00e4higkeit bei allen Ausrichtungswinkeln.<\/li>\n<li>Hochbelastbare, pr\u00e4zisionsbearbeitete Konstruktion.<\/li>\n<li>&#8222;Endlosspur&#8220; Design \u2013 H\u00f6chste Pr\u00e4zision.<\/li>\n<li>Service-Kits und Werksersatzteile seit 1954.<\/li>\n<\/ul>\n<div class=\"col-12 col-sm-6 col-lg-5\"><img loading=\"lazy\" decoding=\"async\" class=\"img-fluid alignnone wp-image-79745 size-full\" src=\"https:\/\/www.omnitrack.com\/wp-content\/uploads\/2024\/08\/2_year_warranty_de.webp\" alt=\"2 Jahre Garantie-Logo\" width=\"401\" height=\"190\" \/><br \/><small class=\"d-block mt-3\">Vorbehaltlich der Nutzung und Bedingungen.<\/small><\/div>\n<\/div>\n<\/div>\n<\/section>\n<section id=\"cant-find\" class=\"row cpn-section py-5 two justify-content-between\"><div class=\"col-12 col-sm-6 col-lg-7 py-lg-4 pe-lg-5\">\n<h3 class=\"fontSize-2 fontSize-md-1\">Sie k\u00f6nnen nicht finden, was Sie suchen?<\/h3>\n<p class=\"fontSize-4\">Versuchen Sie, nach Schl\u00fcsselw\u00f6rtern, Teilenummern, Lasten und Befestigungsarten zu suchen.<\/p>\n<div class=\"input-group\"><form class=\"form-search\"><div class=\"input-group\">  <input type=\"text\" name=\"s\" class=\"form-control field\" placeholder=\"Suche Teilnummer\">  <input type=\"hidden\" name=\"post-type\" value=\"product\"><\/div><\/form><\/div>\n<\/div>\n<div class=\"col-12 col-sm-6 col-lg-5 py-lg-4 pt-4 pt-sm-0\">\n<h3 class=\"fontSize-2 fontSize-md-1\">Free technical advice<\/h3>\n<p class=\"fontSize-4\">Phone: <b><a href=\"tel:+4908001833297\">+49 0800 18 33 297<br \/><\/a><\/b><\/p>\n<p class=\"fontSize-4\">Email: <b><a href=\"mailto:info@omnitrack.com\">info@omnitrack.com<\/a><\/b><\/p>\n<div class=\"mt-4\"> <a class=\"btn-ot green me-2 mb-3 mb-md-0 w100-mobile\" href=\"https:\/\/wa.me\/447759128207\" target=\"_blank\" rel=\"noopener\"><img decoding=\"async\" loading=\"lazy\" src=\"https:\/\/www.omnitrack.com\/wp-content\/themes\/omnitrack2023\/images\/icon-whatsapp.svg\"  alt=\"WhatsApp Omnitrack\"  \/> WhatsApp<\/a> <a class=\"btn-ot w100-mobile\" href=\"https:\/\/calendly.com\/omnitrack\/15min\" target=\"_blank\" rel=\"noopener\"><img decoding=\"async\" loading=\"lazy\" src=\"https:\/\/www.omnitrack.com\/wp-content\/themes\/omnitrack2023\/images\/icon-schedule.svg\"  alt=\"Vereinbaren Sie einen Termin mit Omnitrack\"  \/> Einen Anruf vereinbaren<\/a><\/div>\n<\/div>\n<\/section>\n","protected":false},"excerpt":{"rendered":"<p>[omni_render_table class-container=&#8220;table-scroll table-mobi&#8220;] Ber\u00fccksichtigen Sie auch Die Kugelrollen der Serie MM (Medium Duty) sind aus massivem Stahl gefertigt und einsatzgeh\u00e4rtet, um die Verschlei\u00dffestigkeit zu gew\u00e4hrleisten. Die verst\u00e4rkte, maschinell gefertigte Stahlkappe sch\u00fctzt vor St\u00f6\u00dfen durch eine falsche Ausrichtung des F\u00f6rderguts. Lebensdauergeschmiert &amp; verzinkt f\u00fcr Korrosionsbest\u00e4ndigkeit. Standardwerkstoffe: K\u00f6rper und Kappe AISI 1015, Kugeln AISI 52100. Edelstahl-Upgrade &#8218;A&#8216; [&hellip;]<\/p>\n","protected":false},"author":7,"featured_media":0,"parent":97556,"menu_order":0,"comment_status":"closed","ping_status":"closed","template":"page-series-medium-duty-tolerance-rings.php","meta":{"inline_featured_image":false,"footnotes":""},"class_list":["post-97573","page","type-page","status-publish","hentry"],"acf":[],"_links":{"self":[{"href":"https:\/\/www.omnitrack.com\/de\/wp-json\/wp\/v2\/pages\/97573","targetHints":{"allow":["GET"]}}],"collection":[{"href":"https:\/\/www.omnitrack.com\/de\/wp-json\/wp\/v2\/pages"}],"about":[{"href":"https:\/\/www.omnitrack.com\/de\/wp-json\/wp\/v2\/types\/page"}],"author":[{"embeddable":true,"href":"https:\/\/www.omnitrack.com\/de\/wp-json\/wp\/v2\/users\/7"}],"replies":[{"embeddable":true,"href":"https:\/\/www.omnitrack.com\/de\/wp-json\/wp\/v2\/comments?post=97573"}],"version-history":[{"count":3,"href":"https:\/\/www.omnitrack.com\/de\/wp-json\/wp\/v2\/pages\/97573\/revisions"}],"predecessor-version":[{"id":100630,"href":"https:\/\/www.omnitrack.com\/de\/wp-json\/wp\/v2\/pages\/97573\/revisions\/100630"}],"up":[{"embeddable":true,"href":"https:\/\/www.omnitrack.com\/de\/wp-json\/wp\/v2\/pages\/97556"}],"wp:attachment":[{"href":"https:\/\/www.omnitrack.com\/de\/wp-json\/wp\/v2\/media?parent=97573"}],"curies":[{"name":"wp","href":"https:\/\/api.w.org\/{rel}","templated":true}]}}