{"id":97571,"date":"2023-01-26T12:51:31","date_gmt":"2023-01-26T12:51:31","guid":{"rendered":"https:\/\/www.omnitrack.com\/ball-transfer-units\/light-duty\/ld-series-saturn-type\/"},"modified":"2024-03-06T23:11:44","modified_gmt":"2024-03-06T23:11:44","slug":"baureihe-ld-saturn-kugelrollen","status":"publish","type":"page","link":"https:\/\/www.omnitrack.com\/de\/kugelrollen\/light-duty\/baureihe-ld-saturn-kugelrollen\/","title":{"rendered":"Baureihe LD &#8211; Saturn-Kugelrollen"},"content":{"rendered":"<section id=\"product-presentation-one\" class=\"row cpn-section\">\n<div class=\"col\">\n<header class=\"row\">    <div class=\"col\">        <nav id=\"breadcrumb\">                    <\/nav>        <h1 class=\"fontSize-1\">Baureihe LD &#8211; Saturn-Kugelrollen<\/h1>    <\/div>    <\/header>\n<div class=\"row list-images image-sizes\" data-material=\"ST_material\">\n<div class=\"col-auto col-md col-xxl-4\">\n<div class=\"img-default\"><img loading=\"lazy\" decoding=\"async\" class=\"alignnone wp-image-79816 size-full\" src=\"https:\/\/www.omnitrack.com\/wp-content\/uploads\/2023\/03\/LD-series-medium-duty-ball-transfer-units.webp\" alt=\"Baureihe LD\" width=\"400\" height=\"400\" data-fullsrc=\"\" srcset=\"https:\/\/www.omnitrack.com\/wp-content\/uploads\/2023\/03\/LD-series-medium-duty-ball-transfer-units.webp 400w, https:\/\/www.omnitrack.com\/wp-content\/uploads\/2023\/03\/LD-series-medium-duty-ball-transfer-units-300x300.webp 300w, https:\/\/www.omnitrack.com\/wp-content\/uploads\/2023\/03\/LD-series-medium-duty-ball-transfer-units-150x150.webp 150w, https:\/\/www.omnitrack.com\/wp-content\/uploads\/2023\/03\/LD-series-medium-duty-ball-transfer-units-100x100.webp 100w\" sizes=\"auto, (max-width: 400px) 100vw, 400px\" \/><\/div>\n<\/div>\n<div class=\"col-auto col-md col-xxl-4\">\n<div><img loading=\"lazy\" decoding=\"async\" class=\"alignnone wp-image-80479 size-full\" src=\"https:\/\/www.omnitrack.com\/wp-content\/uploads\/2023\/04\/Diagram-LD-series-medium-duty-ball-transfer-units.webp\" alt=\"Baureihe LD\" width=\"600\" height=\"600\" data-fullsrc=\"\" srcset=\"https:\/\/www.omnitrack.com\/wp-content\/uploads\/2023\/04\/Diagram-LD-series-medium-duty-ball-transfer-units.webp 600w, https:\/\/www.omnitrack.com\/wp-content\/uploads\/2023\/04\/Diagram-LD-series-medium-duty-ball-transfer-units-300x300.webp 300w, https:\/\/www.omnitrack.com\/wp-content\/uploads\/2023\/04\/Diagram-LD-series-medium-duty-ball-transfer-units-150x150.webp 150w, https:\/\/www.omnitrack.com\/wp-content\/uploads\/2023\/04\/Diagram-LD-series-medium-duty-ball-transfer-units-100x100.webp 100w\" sizes=\"auto, (max-width: 600px) 100vw, 600px\" \/><\/div>\n<\/div>\n<\/div>\n<\/div>\n<div class=\"col sidebar-cpn\">\n<div class=\"row\">\n<div class=\"col\"><div class=\"box-material-upgrade\">        <div class=\"form-check ps-0\">        <div class=\"d-flex flex-row justify-content-between align-items-center\">            <label class=\"form-check-label pe-2\" for=\"materialUpgrade1\" style=\"width:calc(100% - 1.5rem)\" title=\"Standardmaterialien \u2013 Kugeln aus Kohlenstoffstahl, einsatzgeh\u00e4rtete Innenkappe und verzinkte Pressst\u00fccke.\">                <span class=\"fontSize-6\"><b>Standard-Materialien<\/b> - Standardmaterialien \u2013 Kugeln aus Kohlenstoffstahl, einsatzgeh\u00e4rtete Innenkappe und verzinkte Pressst\u00fccke.<\/span>            <\/label>            <input class=\"form-check-input inputCheck\" type=\"radio\" name=\"materialUpgrade\" id=\"materialUpgrade1\" checked=\"checked\" value=\"ST_material\">        <\/div>        <h4 class=\"fontSize-3 my-3\">Optionen f\u00fcr Material-Upgrades:<\/h4>        <div class=\"box-input-material-upgrade mb-2 d-flex flex-row justify-content-between\">            <label class=\"form-check-label pe-2\" for=\"materialUpgrade2\" style=\"width:calc(100% - 1.5rem)\"  title=\"Kugeln aus Edelstahl, Pressteile verzinkt.\">                <span class=\"material material-A\">Kugeln aus Edelstahl<\/span>            <\/label>            <input class=\"form-check-input inputCheck\" type=\"radio\" name=\"materialUpgrade\" id=\"materialUpgrade2\"  value=\"A_material\">        <\/div>        <div class=\"box-input-material-upgrade mb-2 d-flex flex-row justify-content-between\">            <label class=\"form-check-label pe-2\" for=\"materialUpgrade4\" style=\"width:calc(100% - 1.5rem)\" title=\"Edelstahl- kugeln und -pressteile\">                <span class=\"material material-SS\">Alle Teile aus Edelstahl<\/span>            <\/label>            <input class=\"form-check-input inputCheck\" type=\"radio\" name=\"materialUpgrade\" id=\"materialUpgrade4\" value=\"SS_material\">        <\/div>        <div class=\"box-input-material-upgrade d-flex flex-row justify-content-between\">            <label class=\"form-check-label pe-2\" for=\"materialUpgrade5\" style=\"width:calc(100% - 1.5rem)\" title=\"Lastkugel aus Nylon, Pressteile verzinkt\">                <span class=\"material material-D\">Hauptkugel aus Nylon<\/span>            <\/label>            <input class=\"form-check-input inputCheck\" type=\"radio\" name=\"materialUpgrade\" id=\"materialUpgrade5\"  value=\"D_material\">        <\/div>    <\/div><\/div><\/div>\n<\/div>\n<\/div>\n<\/section>\n<section id=\"part-table-one\" class=\"row cpn-section pb-3\">\n<div class=\"col\"><div class=\"switcher mt-3 mt-md-0 mx-2 me-sm-0 ms-sm-5\">    <div class=\"switcher-title\"><b>Messungen wechseln:<\/b> <\/span><\/div>    <button class=\"toggle-unit\" type=\"button\"><span class=\"switch-metric\">Metrisch (mm\/kg)<\/span><span class=\"switch\"><\/span><span class=\"switch-imperial\">Imperial (Zoll\/lb)<\/span><\/button><\/div> [omni_render_table class-container=&#8220;table-scroll table-mobi&#8220;]<\/div>\n<\/section>\n<section id=\"also-consider\" class=\"row cpn-section\">\n<div class=\"col\">\n<div>\n<h2>Ber\u00fccksichtigen Sie auch<\/h2>\n<div>\t<div class=\"omni-slider omni-carousel\" >\t<ul class=\"omni-slider-track\"><li>    <a href=\"https:\/\/www.omnitrack.com\/de\/ball-transfer-units\/light-duty\/l-series-push-fit-clip-fixing-range\/\"><img loading=\"lazy\" decoding=\"async\" width=\"150\" height=\"150\" src=\"https:\/\/www.omnitrack.com\/wp-content\/uploads\/2023\/03\/L.webp\" class=\"img-fluid\" alt=\"all plastic and clip fixing range diagram\" srcset=\"https:\/\/www.omnitrack.com\/wp-content\/uploads\/2023\/03\/L.webp 800w, https:\/\/www.omnitrack.com\/wp-content\/uploads\/2023\/03\/L-300x300.webp 300w, https:\/\/www.omnitrack.com\/wp-content\/uploads\/2023\/03\/L-150x150.webp 150w, https:\/\/www.omnitrack.com\/wp-content\/uploads\/2023\/03\/L-768x768.webp 768w, https:\/\/www.omnitrack.com\/wp-content\/uploads\/2023\/03\/L-600x600.webp 600w, https:\/\/www.omnitrack.com\/wp-content\/uploads\/2023\/03\/L-100x100.webp 100w\" sizes=\"auto, (max-width: 150px) 100vw, 150px\" \/><h3>Baureihen L<\/h3><\/a><\/li><li>    <a href=\"https:\/\/www.omnitrack.com\/de\/ball-transfer-units\/light-duty\/lf-series-flange-mounted\/\"><img loading=\"lazy\" decoding=\"async\" width=\"150\" height=\"150\" src=\"https:\/\/www.omnitrack.com\/wp-content\/uploads\/2023\/03\/LF38.webp\" class=\"img-fluid\" alt=\"all plastic and clip fixing range diagram\" srcset=\"https:\/\/www.omnitrack.com\/wp-content\/uploads\/2023\/03\/LF38.webp 800w, https:\/\/www.omnitrack.com\/wp-content\/uploads\/2023\/03\/LF38-300x300.webp 300w, https:\/\/www.omnitrack.com\/wp-content\/uploads\/2023\/03\/LF38-150x150.webp 150w, https:\/\/www.omnitrack.com\/wp-content\/uploads\/2023\/03\/LF38-768x768.webp 768w, https:\/\/www.omnitrack.com\/wp-content\/uploads\/2023\/03\/LF38-600x600.webp 600w, https:\/\/www.omnitrack.com\/wp-content\/uploads\/2023\/03\/LF38-100x100.webp 100w\" sizes=\"auto, (max-width: 150px) 100vw, 150px\" \/><h3>Baureihen LF<\/h3><\/a><\/li><li>    <a href=\"https:\/\/www.omnitrack.com\/de\/ball-transfer-units\/light-duty\/lm-series-cased-spring-loaded\/\"><img loading=\"lazy\" decoding=\"async\" width=\"150\" height=\"150\" src=\"https:\/\/www.omnitrack.com\/wp-content\/uploads\/2023\/03\/LM.webp\" class=\"img-fluid\" alt=\"light duty ball transfer\" srcset=\"https:\/\/www.omnitrack.com\/wp-content\/uploads\/2023\/03\/LM.webp 800w, https:\/\/www.omnitrack.com\/wp-content\/uploads\/2023\/03\/LM-300x300.webp 300w, https:\/\/www.omnitrack.com\/wp-content\/uploads\/2023\/03\/LM-150x150.webp 150w, https:\/\/www.omnitrack.com\/wp-content\/uploads\/2023\/03\/LM-768x768.webp 768w, https:\/\/www.omnitrack.com\/wp-content\/uploads\/2023\/03\/LM-600x600.webp 600w, https:\/\/www.omnitrack.com\/wp-content\/uploads\/2023\/03\/LM-100x100.webp 100w\" sizes=\"auto, (max-width: 150px) 100vw, 150px\" \/><h3>Baureihen LM<\/h3><\/a><\/li><li>    <a href=\"https:\/\/www.omnitrack.com\/de\/ball-transfer-units\/light-duty\/lp-series-all-plastic-clip-fixing-range\/\"><img loading=\"lazy\" decoding=\"async\" width=\"150\" height=\"150\" src=\"https:\/\/www.omnitrack.com\/wp-content\/uploads\/2023\/03\/LP.webp\" class=\"img-fluid\" alt=\"all plastic and clip fixing range diagram\" srcset=\"https:\/\/www.omnitrack.com\/wp-content\/uploads\/2023\/03\/LP.webp 800w, https:\/\/www.omnitrack.com\/wp-content\/uploads\/2023\/03\/LP-300x300.webp 300w, https:\/\/www.omnitrack.com\/wp-content\/uploads\/2023\/03\/LP-150x150.webp 150w, https:\/\/www.omnitrack.com\/wp-content\/uploads\/2023\/03\/LP-768x768.webp 768w, https:\/\/www.omnitrack.com\/wp-content\/uploads\/2023\/03\/LP-600x600.webp 600w, https:\/\/www.omnitrack.com\/wp-content\/uploads\/2023\/03\/LP-100x100.webp 100w\" sizes=\"auto, (max-width: 150px) 100vw, 150px\" \/><h3>Baureihen LP<\/h3><\/a><\/li><li>    <a href=\"https:\/\/www.omnitrack.com\/de\/ball-transfer-units\/pneumatic-ball-transfers\/\"><img loading=\"lazy\" decoding=\"async\" width=\"140\" height=\"140\" src=\"https:\/\/www.omnitrack.com\/wp-content\/uploads\/2023\/03\/Pneumatics.webp\" class=\"img-fluid\" alt=\"pneumatics\" srcset=\"https:\/\/www.omnitrack.com\/wp-content\/uploads\/2023\/03\/Pneumatics.webp 140w, https:\/\/www.omnitrack.com\/wp-content\/uploads\/2023\/03\/Pneumatics-100x100.webp 100w\" sizes=\"auto, (max-width: 140px) 100vw, 140px\" \/><h3>Pneumatisch<\/h3><\/a><\/li><li>    <a href=\"https:\/\/www.omnitrack.com\/de\/ball-transfer-units\/pneumatic-rails\/\"><img loading=\"lazy\" decoding=\"async\" width=\"150\" height=\"150\" src=\"https:\/\/www.omnitrack.com\/wp-content\/uploads\/2023\/03\/Pneumatic_Rails.webp\" class=\"img-fluid\" alt=\"pneumatic rails\" srcset=\"https:\/\/www.omnitrack.com\/wp-content\/uploads\/2023\/03\/Pneumatic_Rails.webp 420w, https:\/\/www.omnitrack.com\/wp-content\/uploads\/2023\/03\/Pneumatic_Rails-300x300.webp 300w, https:\/\/www.omnitrack.com\/wp-content\/uploads\/2023\/03\/Pneumatic_Rails-150x150.webp 150w, https:\/\/www.omnitrack.com\/wp-content\/uploads\/2023\/03\/Pneumatic_Rails-100x100.webp 100w\" sizes=\"auto, (max-width: 150px) 100vw, 150px\" \/><h3>Kugelschienen<\/h3><\/a><\/li>\t<\/ul><div class=\"omni-slider-controls\"><button class=\"omni-slider-prev\"><img src=\"https:\/\/www.omnitrack.com\/wp-content\/themes\/omnitrack2023\/images\/icon-arrow-blue-left.svg\" alt=\"Arrow left icon\" decoding=\"async\" loading=\"lazy\" alt=\"Arrow left icon\"><\/button> <button class=\"omni-slider-next\"><img src=\"https:\/\/www.omnitrack.com\/wp-content\/themes\/omnitrack2023\/images\/icon-arrow-blue-right.svg\" decoding=\"async\" loading=\"lazy\" alt=\"Arrow right icon\"><\/button><\/div><\/div><\/div>\n<\/div>\n<\/div>\n<\/section>\n<div class=\"row cpn-section\">\n<div class=\"col\">\n<hr \/>\n<\/div>\n<\/div>\n<section id=\"icons-grid-one\" class=\"row cpn-section pb-5\">\n<div class=\"col-12 col-sm-5 col-xl-6 col-xxl-7 fontSize-4 mb-3\">\n<p>Die <a href=\"https:\/\/www.omnitrack.com\/de\/kugelrollen\/\">Kugelrollen<\/a> der LD-Serie aus gepresstem Stahl, die auch als &#8222;Saturn&#8220;-Kugelrollen bekannt sind, lassen sich durch integrierte Befestigungsl\u00f6cher leicht befestigen oder vernieten und sind ideal f\u00fcr viele leichte F\u00f6rderanwendungen mit niedrigem Profil. Die Modelle verf\u00fcgen \u00fcber eine einzige Ablass\u00f6ffnung und eine Filzdichtung, au\u00dfer LD16. LD32-SS &amp; LD32\/3-SS haben keine Filzdichtung, andere Varianten haben 7 Schnellablassl\u00f6cher.<\/p>\n<p>Geflanschte Kugelrollen aus gepresstem Stahl.<\/p>\n<\/div>\n<div class=\"col-12 col-sm-7 col-xl-6 col-xxl-5\"><div class=\"grid-wrap\">\n<div class=\"row g-2 g-sm-3 mb-2 mb-sm-3\">\n<div class=\"col-4\">\n<div class=\"grid-item\"><img decoding=\"async\" loading=\"lazy\" src=\"https:\/\/www.omnitrack.com\/wp-content\/themes\/omnitrack2023\/images\/icon-low-friction.svg\" class=\"ico-icons-grid\" alt=\"Geringe Reibung\"  \/> Geringe Reibung<br \/>1 : 0,003  <small><\/small><\/div>\n<\/div>\n<div class=\"col-4\">\n<div class=\"grid-item\"><img decoding=\"async\" loading=\"lazy\" src=\"https:\/\/www.omnitrack.com\/wp-content\/themes\/omnitrack2023\/images\/icon-speed.svg\" class=\"ico-icons-grid\" alt=\"Geschwindigkeit\"  \/> Geschwindigkeit<br \/>1m\/sec <small><\/small><\/div>\n<\/div>\n<div class=\"col-4\">\n<div class=\"grid-item\"><img decoding=\"async\" loading=\"lazy\" src=\"https:\/\/www.omnitrack.com\/wp-content\/themes\/omnitrack2023\/images\/icon-temperature.svg\" class=\"ico-icons-grid\" alt=\"Temperatur\"  \/> Temperature<br \/>-20\/+80\u00baC <small><\/small><\/div>\n<\/div>\n<\/div>\n<div class=\"row g-2 g-sm-3\">\n<div class=\"col-4\">\n<div class=\"grid-item\">\n<div><img decoding=\"async\" loading=\"lazy\" src=\"https:\/\/www.omnitrack.com\/wp-content\/themes\/omnitrack2023\/images\/icon-orientation-horizontal-up.webp\" class=\"ico-icons-grid\" alt=\"Ausrichtung Horizontal \/ Oben\"  \/><\/div>\n<p>Ausrichtung Horizontal \/ Oben <small><\/small><\/p>\n<\/div>\n<\/div>\n<div class=\"col-4\">\n<div class=\"grid-item\"><img decoding=\"async\" loading=\"lazy\" src=\"https:\/\/www.omnitrack.com\/wp-content\/themes\/omnitrack2023\/images\/icon-economy-value.svg\" class=\"ico-icons-grid\" alt=\"Wirtschaftlichkeit &amp; Wert\"  \/> Wirtschaftlichkeit &amp; Wert <small><\/small><\/div>\n<\/div>\n<\/div>\n<\/div>\n<\/div>\n<\/section>\n<section id=\"similiar-one\" class=\"row cpn-section pt-5 bg-lilac\"><div class=\"col\">\n<div class=\"pb-4\">\n<h2>\u00c4hnliche Heavy-Duty-Modelle:<\/h2>\n<p><!--div>[ omni_render_carousel acf=\"similar_heavy_duty_models\"]<\/div--><\/p>\n<div>\t<div class=\"omni-slider omni-carousel carousel-similar-models\" >\t<ul class=\"omni-slider-track\"><li>    <a href=\"https:\/\/www.omnitrack.com\/de\/kugelrollen\/medium-duty\/baureihe-m-kugelrollen-mit-steckverbindung\/\"><img loading=\"lazy\" decoding=\"async\" width=\"150\" height=\"128\" src=\"https:\/\/www.omnitrack.com\/wp-content\/uploads\/2023\/03\/M.webp\" class=\"img-fluid\" alt=\"push fit diagrarm\" srcset=\"https:\/\/www.omnitrack.com\/wp-content\/uploads\/2023\/03\/M.webp 421w, https:\/\/www.omnitrack.com\/wp-content\/uploads\/2023\/03\/M-300x257.webp 300w\" sizes=\"auto, (max-width: 150px) 100vw, 150px\" \/><h3>M22<\/h3><\/a><\/li><li>    <a href=\"https:\/\/www.omnitrack.com\/de\/kugelrollen\/heavy-duty\/baureihen-83-93-kugelrollen-mit-flanschsockelbefestigung\/\"><img loading=\"lazy\" decoding=\"async\" width=\"150\" height=\"150\" src=\"https:\/\/www.omnitrack.com\/wp-content\/uploads\/2023\/03\/93_10.webp\" class=\"img-fluid\" alt=\"flange socket mounted\" srcset=\"https:\/\/www.omnitrack.com\/wp-content\/uploads\/2023\/03\/93_10.webp 800w, https:\/\/www.omnitrack.com\/wp-content\/uploads\/2023\/03\/93_10-300x300.webp 300w, https:\/\/www.omnitrack.com\/wp-content\/uploads\/2023\/03\/93_10-150x150.webp 150w, https:\/\/www.omnitrack.com\/wp-content\/uploads\/2023\/03\/93_10-768x768.webp 768w, https:\/\/www.omnitrack.com\/wp-content\/uploads\/2023\/03\/93_10-600x600.webp 600w, https:\/\/www.omnitrack.com\/wp-content\/uploads\/2023\/03\/93_10-100x100.webp 100w\" sizes=\"auto, (max-width: 150px) 100vw, 150px\" \/><h3>8310<\/h3><\/a><\/li><li>    <a href=\"https:\/\/www.omnitrack.com\/de\/kugelrollen\/medium-duty\/baureihe-m-kugelrollen-mit-steckverbindung\/\"><img loading=\"lazy\" decoding=\"async\" width=\"150\" height=\"128\" src=\"https:\/\/www.omnitrack.com\/wp-content\/uploads\/2023\/03\/M.webp\" class=\"img-fluid\" alt=\"push fit diagrarm\" srcset=\"https:\/\/www.omnitrack.com\/wp-content\/uploads\/2023\/03\/M.webp 421w, https:\/\/www.omnitrack.com\/wp-content\/uploads\/2023\/03\/M-300x257.webp 300w\" sizes=\"auto, (max-width: 150px) 100vw, 150px\" \/><h3>M15<\/h3><\/a><\/li><li>    <a href=\"https:\/\/www.omnitrack.com\/de\/kugelrollen\/heavy-duty\/baureihen-83-93-kugelrollen-mit-flanschsockelbefestigung\/\"><img loading=\"lazy\" decoding=\"async\" width=\"150\" height=\"150\" src=\"https:\/\/www.omnitrack.com\/wp-content\/uploads\/2023\/03\/93_00.webp\" class=\"img-fluid\" alt=\"flange socket mounted\" srcset=\"https:\/\/www.omnitrack.com\/wp-content\/uploads\/2023\/03\/93_00.webp 800w, https:\/\/www.omnitrack.com\/wp-content\/uploads\/2023\/03\/93_00-300x300.webp 300w, https:\/\/www.omnitrack.com\/wp-content\/uploads\/2023\/03\/93_00-150x150.webp 150w, https:\/\/www.omnitrack.com\/wp-content\/uploads\/2023\/03\/93_00-768x768.webp 768w, https:\/\/www.omnitrack.com\/wp-content\/uploads\/2023\/03\/93_00-600x600.webp 600w, https:\/\/www.omnitrack.com\/wp-content\/uploads\/2023\/03\/93_00-100x100.webp 100w\" sizes=\"auto, (max-width: 150px) 100vw, 150px\" \/><h3>8300<\/h3><\/a><\/li><li>    <a href=\"https:\/\/www.omnitrack.com\/de\/kugelrollen\/heavy-duty\/baureihen-86-96-kugelrollen-mit-federbelasteter-flanschbuchse\/\"><img loading=\"lazy\" decoding=\"async\" width=\"150\" height=\"150\" src=\"https:\/\/www.omnitrack.com\/wp-content\/uploads\/2023\/03\/96.webp\" class=\"img-fluid\" alt=\"flange mounted spring loaded\" srcset=\"https:\/\/www.omnitrack.com\/wp-content\/uploads\/2023\/03\/96.webp 800w, https:\/\/www.omnitrack.com\/wp-content\/uploads\/2023\/03\/96-300x300.webp 300w, https:\/\/www.omnitrack.com\/wp-content\/uploads\/2023\/03\/96-150x150.webp 150w, https:\/\/www.omnitrack.com\/wp-content\/uploads\/2023\/03\/96-768x768.webp 768w, https:\/\/www.omnitrack.com\/wp-content\/uploads\/2023\/03\/96-600x600.webp 600w, https:\/\/www.omnitrack.com\/wp-content\/uploads\/2023\/03\/96-100x100.webp 100w\" sizes=\"auto, (max-width: 150px) 100vw, 150px\" \/><h3>9620<\/h3><\/a><\/li><li>    <a href=\"https:\/\/www.omnitrack.com\/de\/kugelrollen\/heavy-duty\/baureihen-88-98-kugelrollen-mit-toleranzring\/\"><img loading=\"lazy\" decoding=\"async\" width=\"150\" height=\"150\" src=\"https:\/\/www.omnitrack.com\/wp-content\/uploads\/2023\/03\/98-b.webp\" class=\"img-fluid\" alt=\"Nut\" srcset=\"https:\/\/www.omnitrack.com\/wp-content\/uploads\/2023\/03\/98-b.webp 600w, https:\/\/www.omnitrack.com\/wp-content\/uploads\/2023\/03\/98-b-300x300.webp 300w, https:\/\/www.omnitrack.com\/wp-content\/uploads\/2023\/03\/98-b-150x150.webp 150w, https:\/\/www.omnitrack.com\/wp-content\/uploads\/2023\/03\/98-b-100x100.webp 100w\" sizes=\"auto, (max-width: 150px) 100vw, 150px\" \/><h3>8810<\/h3><\/a><\/li>\t<\/ul><div class=\"omni-slider-controls\"><button class=\"omni-slider-prev\"><img src=\"https:\/\/www.omnitrack.com\/wp-content\/themes\/omnitrack2023\/images\/icon-arrow-blue-left.svg\" alt=\"Arrow left icon\" decoding=\"async\" loading=\"lazy\" alt=\"Arrow left icon\"><\/button> <button class=\"omni-slider-next\"><img src=\"https:\/\/www.omnitrack.com\/wp-content\/themes\/omnitrack2023\/images\/icon-arrow-blue-right.svg\" decoding=\"async\" loading=\"lazy\" alt=\"Arrow right icon\"><\/button><\/div><\/div><\/div>\n<\/div>\n<div class=\"row\"><ul class=\"col-12 col-sm-6 col-lg-7 blue-bullet mb-3 mb-sm-0\">\n<li>Maximale Tragzf\u00e4higkeit bei allen Ausrichtungswinkeln.<\/li>\n<li>Hochbelastbare, pr\u00e4zisionsbearbeitete Konstruktion.<\/li>\n<li>&#8222;Endlosspur&#8220; Design \u2013 H\u00f6chste Pr\u00e4zision.<\/li>\n<li>Service-Kits und Werksersatzteile seit 1954.<\/li>\n<\/ul>\n<div class=\"col-12 col-sm-6 col-lg-5\"><img loading=\"lazy\" decoding=\"async\" class=\"img-fluid alignnone wp-image-79745 size-full\" src=\"https:\/\/www.omnitrack.com\/wp-content\/uploads\/2024\/08\/2_year_warranty_de.webp\" alt=\"2 Jahre Garantie-Logo\" width=\"401\" height=\"190\" \/><br \/><small class=\"d-block mt-3\">Vorbehaltlich der Nutzung und Bedingungen.<\/small><\/div>\n<\/div>\n<\/div>\n<\/section>\n<section id=\"cant-find\" class=\"row cpn-section pb-5 two justify-content-between\"><div class=\"col-12 col-sm-6 col-lg-7 py-lg-4 pe-lg-5\">\n<h3 class=\"fontSize-2 fontSize-md-1\">Sie k\u00f6nnen nicht finden, was Sie suchen?<\/h3>\n<p class=\"fontSize-4\">Versuchen Sie, nach Schl\u00fcsselw\u00f6rtern, Teilenummern, Lasten und Befestigungsarten zu suchen.<\/p>\n<div class=\"input-group\"><form class=\"form-search\"><div class=\"input-group\">  <input type=\"text\" name=\"s\" class=\"form-control field\" placeholder=\"Suche Teilnummer\">  <input type=\"hidden\" name=\"post-type\" value=\"product\"><\/div><\/form><\/div>\n<\/div>\n<div class=\"col-12 col-sm-6 col-lg-5 py-lg-4 pt-4 pt-sm-0\">\n<h3 class=\"fontSize-2 fontSize-md-1\">Free technical advice<\/h3>\n<p class=\"fontSize-4\">Phone: <b><a href=\"tel:+4908001833297\">+49 0800 18 33 297<br \/><\/a><\/b><\/p>\n<p class=\"fontSize-4\">Email: <b><a href=\"mailto:info@omnitrack.com\">info@omnitrack.com<\/a><\/b><\/p>\n<div class=\"mt-4\"> <a class=\"btn-ot green me-2 mb-3 mb-md-0 w100-mobile\" href=\"https:\/\/wa.me\/447759128207\" target=\"_blank\" rel=\"noopener\"><img decoding=\"async\" loading=\"lazy\" src=\"https:\/\/www.omnitrack.com\/wp-content\/themes\/omnitrack2023\/images\/icon-whatsapp.svg\"  alt=\"WhatsApp Omnitrack\"  \/> WhatsApp<\/a> <a class=\"btn-ot w100-mobile\" href=\"https:\/\/calendly.com\/omnitrack\/15min\" target=\"_blank\" rel=\"noopener\"><img decoding=\"async\" loading=\"lazy\" src=\"https:\/\/www.omnitrack.com\/wp-content\/themes\/omnitrack2023\/images\/icon-schedule.svg\"  alt=\"Vereinbaren Sie einen Termin mit Omnitrack\"  \/> Einen Anruf vereinbaren<\/a><\/div>\n<\/div>\n<\/section>\n","protected":false},"excerpt":{"rendered":"<p>[omni_render_table class-container=&#8220;table-scroll table-mobi&#8220;] Ber\u00fccksichtigen Sie auch Die Kugelrollen der LD-Serie aus gepresstem Stahl, die auch als &#8222;Saturn&#8220;-Kugelrollen bekannt sind, lassen sich durch integrierte Befestigungsl\u00f6cher leicht befestigen oder vernieten und sind ideal f\u00fcr viele leichte F\u00f6rderanwendungen mit niedrigem Profil. Die Modelle verf\u00fcgen \u00fcber eine einzige Ablass\u00f6ffnung und eine Filzdichtung, au\u00dfer LD16. LD32-SS &amp; LD32\/3-SS haben keine [&hellip;]<\/p>\n","protected":false},"author":7,"featured_media":0,"parent":97555,"menu_order":0,"comment_status":"closed","ping_status":"closed","template":"page-series-light-duty.php","meta":{"inline_featured_image":false,"footnotes":""},"class_list":["post-97571","page","type-page","status-publish","hentry"],"acf":[],"_links":{"self":[{"href":"https:\/\/www.omnitrack.com\/de\/wp-json\/wp\/v2\/pages\/97571","targetHints":{"allow":["GET"]}}],"collection":[{"href":"https:\/\/www.omnitrack.com\/de\/wp-json\/wp\/v2\/pages"}],"about":[{"href":"https:\/\/www.omnitrack.com\/de\/wp-json\/wp\/v2\/types\/page"}],"author":[{"embeddable":true,"href":"https:\/\/www.omnitrack.com\/de\/wp-json\/wp\/v2\/users\/7"}],"replies":[{"embeddable":true,"href":"https:\/\/www.omnitrack.com\/de\/wp-json\/wp\/v2\/comments?post=97571"}],"version-history":[{"count":3,"href":"https:\/\/www.omnitrack.com\/de\/wp-json\/wp\/v2\/pages\/97571\/revisions"}],"predecessor-version":[{"id":100615,"href":"https:\/\/www.omnitrack.com\/de\/wp-json\/wp\/v2\/pages\/97571\/revisions\/100615"}],"up":[{"embeddable":true,"href":"https:\/\/www.omnitrack.com\/de\/wp-json\/wp\/v2\/pages\/97555"}],"wp:attachment":[{"href":"https:\/\/www.omnitrack.com\/de\/wp-json\/wp\/v2\/media?parent=97571"}],"curies":[{"name":"wp","href":"https:\/\/api.w.org\/{rel}","templated":true}]}}