{"id":97567,"date":"2023-02-08T00:43:19","date_gmt":"2023-02-08T00:43:19","guid":{"rendered":"https:\/\/www.omnitrack.com\/wheels-castors\/omniwheels-accessories\/hub-center-type\/"},"modified":"2024-03-08T01:52:00","modified_gmt":"2024-03-08T01:52:00","slug":"art-der-zentralen-bohrung","status":"publish","type":"page","link":"https:\/\/www.omnitrack.com\/de\/raeder-und-rollen\/omniwheels-accessories\/art-der-zentralen-bohrung\/","title":{"rendered":"Art der zentralen Bohrung"},"content":{"rendered":"<section class=\"row cpn-section\">\n<div class=\"col-12\">\n<div><header class=\"row\">    <div class=\"col\">        <nav id=\"breadcrumb\">                    <\/nav>        <h1 class=\"fontSize-1\">Art der zentralen Bohrung<\/h1>    <\/div>    <\/header><\/div>\n<\/div>\n<div class=\"col-12 col-md-6\">\n<div class=\"row align-items-center\">\n<div class=\"col-auto pe-0 mb-2\">\n<p class=\"mb-0\">Ausgew\u00e4hlter Artikel:<\/p>\n<\/div>\n<div class=\"col-auto ps-1 mb-2\">\n<h3 class=\"mb-0\">[omni-hub-center-title]<\/h3>\n<\/div>\n<div class=\"col-auto\">\n<p><a class=\"btn-ot lilac-one shadow\" href=\"https:\/\/www.omnitrack.com\/de\/raeder-und-rollen\/omniwheels-accessories\/\">Artikel \u00e4ndern<\/a><\/p>\n<\/div>\n<\/div>\n<\/div>\n<div class=\"col-12 col-md-6 d-flex justify-content-end\">[omni-hub-center-select-material]<\/div>\n<\/section>\n<div class=\"row cpn-section\">\n<div class=\"col\">\n<hr \/>\n<\/div>\n<\/div>\n<section class=\"row cpn-section\">\n<div class=\"col-12 col-md-8 col-xl-7\"><span class=\"show-mobi\">[omni-hub-center-image]<\/span><\/p>\n<h2 class=\"show-mobi text-center\">[omni-hub-center-title]<\/h2>\n<h3>Schritt 2: Art der zentralen Bohrung ausw\u00e4hlen<\/h3>\n<p>[omni-hub-center-plain-bush] [omni-hub-center-hex-drive] [omni-hub-center-sealed-bearing]<\/p><\/div>\n<div class=\"col-12 col-md-4 col-xl-5 text-center\"><span class=\"hide-mobi\">[omni-hub-center-image]<\/span><\/p>\n<h2 class=\"hide-mobi\">[omni-hub-center-title]<\/h2>\n<p>[omni-hub-center-button-pdf]<\/p><\/div>\n<\/section>\n<div class=\"row cpn-section\">\n<div class=\"col\">\n<hr \/>\n<\/div>\n<\/div>\n<section class=\"row cpn-section pb-5\">\n<div class=\"col-12\">\n<h3>Verf\u00fcgbares Zubeh\u00f6r f\u00fcr das ausgew\u00e4hlte Ger\u00e4t<\/h3>\n<\/div>\n<div class=\"col-12\">[omni_hub-center_carousel_accessories]<\/div>\n<\/section>\n<section id=\"cant-find\" class=\"row cpn-section py-5 two justify-content-between\"><div class=\"col-12 col-sm-6 col-lg-7 py-lg-4 pe-lg-5\">\n<h3 class=\"fontSize-2 fontSize-md-1\">Sie k\u00f6nnen nicht finden, was Sie suchen?<\/h3>\n<p class=\"fontSize-4\">Versuchen Sie, nach Schl\u00fcsselw\u00f6rtern, Teilenummern, Lasten und Befestigungsarten zu suchen.<\/p>\n<div class=\"input-group\"><form class=\"form-search\"><div class=\"input-group\">  <input type=\"text\" name=\"s\" class=\"form-control field\" placeholder=\"Suche Teilnummer\">  <input type=\"hidden\" name=\"post-type\" value=\"product\"><\/div><\/form><\/div>\n<\/div>\n<div class=\"col-12 col-sm-6 col-lg-5 py-lg-4 pt-4 pt-sm-0\">\n<h3 class=\"fontSize-2 fontSize-md-1\">Free technical advice<\/h3>\n<p class=\"fontSize-4\">Phone: <b><a href=\"tel:+4908001833297\">+49 0800 18 33 297<br \/><\/a><\/b><\/p>\n<p class=\"fontSize-4\">Email: <b><a href=\"mailto:info@omnitrack.com\">info@omnitrack.com<\/a><\/b><\/p>\n<div class=\"mt-4\"> <a class=\"btn-ot green me-2 mb-3 mb-md-0 w100-mobile\" href=\"https:\/\/wa.me\/447759128207\" target=\"_blank\" rel=\"noopener\"><img decoding=\"async\" loading=\"lazy\" src=\"https:\/\/www.omnitrack.com\/wp-content\/themes\/omnitrack2023\/images\/icon-whatsapp.svg\"  alt=\"WhatsApp Omnitrack\"  \/> WhatsApp<\/a> <a class=\"btn-ot w100-mobile\" href=\"https:\/\/calendly.com\/omnitrack\/15min\" target=\"_blank\" rel=\"noopener\"><img decoding=\"async\" loading=\"lazy\" src=\"https:\/\/www.omnitrack.com\/wp-content\/themes\/omnitrack2023\/images\/icon-schedule.svg\"  alt=\"Vereinbaren Sie einen Termin mit Omnitrack\"  \/> Einen Anruf vereinbaren<\/a><\/div>\n<\/div>\n<\/section>\n","protected":false},"excerpt":{"rendered":"<p>Ausgew\u00e4hlter Artikel: [omni-hub-center-title] Artikel \u00e4ndern [omni-hub-center-select-material] [omni-hub-center-image] [omni-hub-center-title] Schritt 2: Art der zentralen Bohrung ausw\u00e4hlen [omni-hub-center-plain-bush] [omni-hub-center-hex-drive] [omni-hub-center-sealed-bearing] [omni-hub-center-image] [omni-hub-center-title] [omni-hub-center-button-pdf] Verf\u00fcgbares Zubeh\u00f6r f\u00fcr das ausgew\u00e4hlte Ger\u00e4t [omni_hub-center_carousel_accessories]<\/p>\n","protected":false},"author":7,"featured_media":0,"parent":97562,"menu_order":0,"comment_status":"closed","ping_status":"closed","template":"page-omniwheels-hub-center.php","meta":{"inline_featured_image":false,"footnotes":""},"class_list":["post-97567","page","type-page","status-publish","hentry"],"acf":[],"_links":{"self":[{"href":"https:\/\/www.omnitrack.com\/de\/wp-json\/wp\/v2\/pages\/97567","targetHints":{"allow":["GET"]}}],"collection":[{"href":"https:\/\/www.omnitrack.com\/de\/wp-json\/wp\/v2\/pages"}],"about":[{"href":"https:\/\/www.omnitrack.com\/de\/wp-json\/wp\/v2\/types\/page"}],"author":[{"embeddable":true,"href":"https:\/\/www.omnitrack.com\/de\/wp-json\/wp\/v2\/users\/7"}],"replies":[{"embeddable":true,"href":"https:\/\/www.omnitrack.com\/de\/wp-json\/wp\/v2\/comments?post=97567"}],"version-history":[{"count":3,"href":"https:\/\/www.omnitrack.com\/de\/wp-json\/wp\/v2\/pages\/97567\/revisions"}],"predecessor-version":[{"id":100666,"href":"https:\/\/www.omnitrack.com\/de\/wp-json\/wp\/v2\/pages\/97567\/revisions\/100666"}],"up":[{"embeddable":true,"href":"https:\/\/www.omnitrack.com\/de\/wp-json\/wp\/v2\/pages\/97562"}],"wp:attachment":[{"href":"https:\/\/www.omnitrack.com\/de\/wp-json\/wp\/v2\/media?parent=97567"}],"curies":[{"name":"wp","href":"https:\/\/api.w.org\/{rel}","templated":true}]}}