{"id":97566,"date":"2023-02-08T00:49:27","date_gmt":"2023-02-08T00:49:27","guid":{"rendered":"https:\/\/www.omnitrack.com\/ball-transfer-units\/spring-loaded-t-b-bars\/t-b-bars\/"},"modified":"2024-03-07T13:03:04","modified_gmt":"2024-03-07T13:03:04","slug":"t-und-b-stangen","status":"publish","type":"page","link":"https:\/\/www.omnitrack.com\/de\/kugelrollen\/gefederte-und-t-b-stangen\/t-und-b-stangen\/","title":{"rendered":"T und B-Stangen"},"content":{"rendered":"<section id=\"product-presentation-one\" class=\"row cpn-section\">\n<div class=\"col\"><header class=\"row\">    <div class=\"col\">        <nav id=\"breadcrumb\">                    <\/nav>        <h1 class=\"fontSize-1\">T und B-Stangen<\/h1>    <\/div>    <\/header><\/p>\n<div class=\"row list-images image-sizes\" data-material=\"ST_material\">\n<div class=\"col col-xxl-4\">\n<div class=\"img-default\"><img loading=\"lazy\" decoding=\"async\" class=\"alignnone wp-image-80405 size-full\" src=\"https:\/\/www.omnitrack.com\/wp-content\/uploads\/2023\/04\/Diagram-T-Bar.webp\" alt=\"T und B-Stangen\" width=\"600\" height=\"600\" data-fullsrc=\"\" srcset=\"https:\/\/www.omnitrack.com\/wp-content\/uploads\/2023\/04\/Diagram-T-Bar.webp 600w, https:\/\/www.omnitrack.com\/wp-content\/uploads\/2023\/04\/Diagram-T-Bar-300x300.webp 300w, https:\/\/www.omnitrack.com\/wp-content\/uploads\/2023\/04\/Diagram-T-Bar-150x150.webp 150w, https:\/\/www.omnitrack.com\/wp-content\/uploads\/2023\/04\/Diagram-T-Bar-100x100.webp 100w\" sizes=\"auto, (max-width: 600px) 100vw, 600px\" \/><\/div>\n<\/div>\n<div class=\"col col-xxl-4\">\n<div><img loading=\"lazy\" decoding=\"async\" class=\"img-fluid alignnone wp-image-80487 size-full\" src=\"https:\/\/www.omnitrack.com\/wp-content\/uploads\/2023\/04\/Diagram-B-Bar.webp\" alt=\"T und B-Stangen\" width=\"600\" height=\"600\" data-fullsrc=\"\" srcset=\"https:\/\/www.omnitrack.com\/wp-content\/uploads\/2023\/04\/Diagram-B-Bar.webp 600w, https:\/\/www.omnitrack.com\/wp-content\/uploads\/2023\/04\/Diagram-B-Bar-300x300.webp 300w, https:\/\/www.omnitrack.com\/wp-content\/uploads\/2023\/04\/Diagram-B-Bar-150x150.webp 150w, https:\/\/www.omnitrack.com\/wp-content\/uploads\/2023\/04\/Diagram-B-Bar-100x100.webp 100w\" sizes=\"auto, (max-width: 600px) 100vw, 600px\" \/><\/div>\n<\/div>\n<\/div>\n<\/div>\n<div class=\"col sidebar-cpn\">\n<div class=\"row\">\n<div class=\"col\"><div class=\"box-material-upgrade\">        <div class=\"form-check ps-0\">                <div class=\"d-flex flex-row justify-content-between align-items-center\">            <label class=\"form-check-label pe-2\" for=\"materialUpgrade1\" style=\"width:calc(100% - 1.5rem)\" title=\"Kugeln aus hochverchromtem Stahl AISI 52100 und Geh\u00e4use aus elektrophoretisch beschichtetem Stahl mit Anti-Oxid-Beschichtung. Federmechanismus-Teile aus Kohlenstoff-Federstahl, unabh\u00e4ngig von den unten aufgef\u00fchrten Material-Upgrade-Optionen.\">                <span class=\"fontSize-6\"><b>Standard-Materialien<\/b> - Kugeln aus hochverchromtem Stahl AISI 52100 und Geh\u00e4use aus elektrophoretisch beschichtetem Stahl mit Anti-Oxid-Beschichtung. Federmechanismus-Teile aus Kohlenstoff-Federstahl, unabh\u00e4ngig von den unten aufgef\u00fchrten Material-Upgrade-Optionen.<\/span>            <\/label>            <input class=\"form-check-input inputCheck\" type=\"radio\" name=\"materialUpgrade\" id=\"materialUpgrade1\" checked=\"checked\" value=\"ST_material\">        <\/div>        <h4 class=\"fontSize-3 my-3\">Optionen f\u00fcr Material-Upgrades:<\/h4>        <div class=\"box-input-material-upgrade mb-2 d-flex flex-row justify-content-between\">            <label class=\"form-check-label pe-2\" for=\"materialUpgrade2\" style=\"width:calc(100% - 1.5rem)\"  title=\"Kugeln aus rostfreiem Stahl AISI 440C, interne Komponenten als Standard. &quot;Anti-Oxid&quot; Geh\u00e4use. Tragzahl als Standard und bleibt unber\u00fchrt.\">                <span class=\"material material-A\">Kugeln aus Edelstahl<\/span>            <\/label>            <input class=\"form-check-input inputCheck\" type=\"radio\" name=\"materialUpgrade\" id=\"materialUpgrade2\"  value=\"A_material\">        <\/div>        <div class=\"box-input-material-upgrade mb-2 d-flex flex-row justify-content-between\">            <label class=\"form-check-label pe-2\" for=\"materialUpgrade3\" style=\"width:calc(100% - 1.5rem)\"  title=\"Kugeln und tragende Innenteile aus rostfreiem Stahl AISI440C. &quot;Anti-Oxid&quot; Au\u00dfengeh\u00e4use. Tragzahlen und Federwerte als Standard und bleiben unver\u00e4ndert.\" >                <span class=\"material material-Z\">Alle Teile aus Edelstahl<\/span>            <\/label>            <input class=\"form-check-input inputCheck\" type=\"radio\" name=\"materialUpgrade\" id=\"materialUpgrade3\"  value=\"Z_material\">        <\/div>        <div class=\"box-input-material-upgrade mb-2 d-flex flex-row justify-content-between\">            <label class=\"form-check-label pe-2\" for=\"materialUpgrade4\" style=\"width:calc(100% - 1.5rem)\" title=\"Kugeln und tragende Innenteile aus rostfreiem Stahl AISI440C. Au\u00dfengeh\u00e4use aus AISI 304. Tragzahl als Standard und bleibt unber\u00fchrt.\">                <span class=\"material material-SS\">Alle Teile aus Edelstahl<\/span>            <\/label>            <input class=\"form-check-input inputCheck\" type=\"radio\" name=\"materialUpgrade\" id=\"materialUpgrade4\" value=\"SS_material\">        <\/div>            <\/div><\/div><\/div>\n<\/div>\n<\/div>\n<\/section>\n<section id=\"part-table-one\" class=\"row cpn-section pb-4\">\n<div class=\"col\"><div class=\"switcher mt-3 mt-md-0 mx-2 me-sm-0 ms-sm-5\">    <div class=\"switcher-title\"><b>Messungen wechseln:<\/b> <\/span><\/div>    <button class=\"toggle-unit\" type=\"button\"><span class=\"switch-metric\">Metrisch (mm\/kg)<\/span><span class=\"switch\"><\/span><span class=\"switch-imperial\">Imperial (Zoll\/lb)<\/span><\/button><\/div> [omni_render_table class-container=&#8220;table-scroll table-mobi&#8220;]<\/div>\n<\/section>\n<section id=\"also-consider\" class=\"row cpn-section\">\n<div class=\"col\">\n<div>\n<h2>Ber\u00fccksichtigen Sie auch<\/h2>\n<div>\t<div class=\"omni-slider omni-carousel\" >\t<ul class=\"omni-slider-track\"><li>    <a href=\"https:\/\/www.omnitrack.com\/de\/ball-transfer-units\/heavy-duty\/84-94-series-external-spring-loaded\/\"><img loading=\"lazy\" decoding=\"async\" width=\"150\" height=\"150\" src=\"https:\/\/www.omnitrack.com\/wp-content\/uploads\/2023\/03\/94.webp\" class=\"img-fluid\" alt=\"external spring loaded\" srcset=\"https:\/\/www.omnitrack.com\/wp-content\/uploads\/2023\/03\/94.webp 800w, https:\/\/www.omnitrack.com\/wp-content\/uploads\/2023\/03\/94-300x300.webp 300w, https:\/\/www.omnitrack.com\/wp-content\/uploads\/2023\/03\/94-150x150.webp 150w, https:\/\/www.omnitrack.com\/wp-content\/uploads\/2023\/03\/94-768x768.webp 768w, https:\/\/www.omnitrack.com\/wp-content\/uploads\/2023\/03\/94-600x600.webp 600w, https:\/\/www.omnitrack.com\/wp-content\/uploads\/2023\/03\/94-100x100.webp 100w\" sizes=\"auto, (max-width: 150px) 100vw, 150px\" \/><h3>Baureihen 84 &amp; 94<\/h3><\/a><\/li><li>    <a href=\"https:\/\/www.omnitrack.com\/de\/ball-transfer-units\/heavy-duty\/85-95-series-housed-spring-loaded\/\"><img loading=\"lazy\" decoding=\"async\" width=\"150\" height=\"150\" src=\"https:\/\/www.omnitrack.com\/wp-content\/uploads\/2023\/03\/95.webp\" class=\"img-fluid\" alt=\"housed spring loaded\" srcset=\"https:\/\/www.omnitrack.com\/wp-content\/uploads\/2023\/03\/95.webp 800w, https:\/\/www.omnitrack.com\/wp-content\/uploads\/2023\/03\/95-300x300.webp 300w, https:\/\/www.omnitrack.com\/wp-content\/uploads\/2023\/03\/95-150x150.webp 150w, https:\/\/www.omnitrack.com\/wp-content\/uploads\/2023\/03\/95-768x768.webp 768w, https:\/\/www.omnitrack.com\/wp-content\/uploads\/2023\/03\/95-600x600.webp 600w, https:\/\/www.omnitrack.com\/wp-content\/uploads\/2023\/03\/95-100x100.webp 100w\" sizes=\"auto, (max-width: 150px) 100vw, 150px\" \/><h3>Baureihen 85 &amp; 95<\/h3><\/a><\/li><li>    <a href=\"https:\/\/www.omnitrack.com\/de\/ball-transfer-units\/heavy-duty\/86-96-series-spring-loaded-flange-socket\/\"><img loading=\"lazy\" decoding=\"async\" width=\"150\" height=\"150\" src=\"https:\/\/www.omnitrack.com\/wp-content\/uploads\/2023\/03\/96.webp\" class=\"img-fluid\" alt=\"flange mounted spring loaded\" srcset=\"https:\/\/www.omnitrack.com\/wp-content\/uploads\/2023\/03\/96.webp 800w, https:\/\/www.omnitrack.com\/wp-content\/uploads\/2023\/03\/96-300x300.webp 300w, https:\/\/www.omnitrack.com\/wp-content\/uploads\/2023\/03\/96-150x150.webp 150w, https:\/\/www.omnitrack.com\/wp-content\/uploads\/2023\/03\/96-768x768.webp 768w, https:\/\/www.omnitrack.com\/wp-content\/uploads\/2023\/03\/96-600x600.webp 600w, https:\/\/www.omnitrack.com\/wp-content\/uploads\/2023\/03\/96-100x100.webp 100w\" sizes=\"auto, (max-width: 150px) 100vw, 150px\" \/><h3>Baureihen 86 &amp; 96<\/h3><\/a><\/li><li>    <a href=\"https:\/\/www.omnitrack.com\/de\/ball-transfer-units\/heavy-duty\/87-97-series-spring-loaded-flange-fixing\/\"><img loading=\"lazy\" decoding=\"async\" width=\"150\" height=\"150\" src=\"https:\/\/www.omnitrack.com\/wp-content\/uploads\/2023\/03\/97.webp\" class=\"img-fluid\" alt=\"flange mounted spring\" srcset=\"https:\/\/www.omnitrack.com\/wp-content\/uploads\/2023\/03\/97.webp 800w, https:\/\/www.omnitrack.com\/wp-content\/uploads\/2023\/03\/97-300x300.webp 300w, https:\/\/www.omnitrack.com\/wp-content\/uploads\/2023\/03\/97-150x150.webp 150w, https:\/\/www.omnitrack.com\/wp-content\/uploads\/2023\/03\/97-768x768.webp 768w, https:\/\/www.omnitrack.com\/wp-content\/uploads\/2023\/03\/97-600x600.webp 600w, https:\/\/www.omnitrack.com\/wp-content\/uploads\/2023\/03\/97-100x100.webp 100w\" sizes=\"auto, (max-width: 150px) 100vw, 150px\" \/><h3>Baureihen 87 &amp; 97<\/h3><\/a><\/li><li>    <a href=\"https:\/\/www.omnitrack.com\/de\/ball-transfer-units\/medium-duty\/mn-series-housed-spring-loaded\/\"><img loading=\"lazy\" decoding=\"async\" width=\"150\" height=\"150\" src=\"https:\/\/www.omnitrack.com\/wp-content\/uploads\/2023\/03\/MN.webp\" class=\"img-fluid\" alt=\"housed spring loaded\" srcset=\"https:\/\/www.omnitrack.com\/wp-content\/uploads\/2023\/03\/MN.webp 800w, https:\/\/www.omnitrack.com\/wp-content\/uploads\/2023\/03\/MN-300x300.webp 300w, https:\/\/www.omnitrack.com\/wp-content\/uploads\/2023\/03\/MN-150x150.webp 150w, https:\/\/www.omnitrack.com\/wp-content\/uploads\/2023\/03\/MN-768x768.webp 768w, https:\/\/www.omnitrack.com\/wp-content\/uploads\/2023\/03\/MN-600x600.webp 600w, https:\/\/www.omnitrack.com\/wp-content\/uploads\/2023\/03\/MN-100x100.webp 100w\" sizes=\"auto, (max-width: 150px) 100vw, 150px\" \/><h3>MN<\/h3><\/a><\/li><li>    <a href=\"https:\/\/www.omnitrack.com\/de\/ball-transfer-units\/pneumatic-ball-transfers\/\"><img loading=\"lazy\" decoding=\"async\" width=\"140\" height=\"140\" src=\"https:\/\/www.omnitrack.com\/wp-content\/uploads\/2023\/03\/Pneumatics.webp\" class=\"img-fluid\" alt=\"pneumatics\" srcset=\"https:\/\/www.omnitrack.com\/wp-content\/uploads\/2023\/03\/Pneumatics.webp 140w, https:\/\/www.omnitrack.com\/wp-content\/uploads\/2023\/03\/Pneumatics-100x100.webp 100w\" sizes=\"auto, (max-width: 140px) 100vw, 140px\" \/><h3>Pneumatisch<\/h3><\/a><\/li>\t<\/ul><div class=\"omni-slider-controls\"><button class=\"omni-slider-prev\"><img src=\"https:\/\/www.omnitrack.com\/wp-content\/themes\/omnitrack2023\/images\/icon-arrow-blue-left.svg\" alt=\"Arrow left icon\" decoding=\"async\" loading=\"lazy\" alt=\"Arrow left icon\"><\/button> <button class=\"omni-slider-next\"><img src=\"https:\/\/www.omnitrack.com\/wp-content\/themes\/omnitrack2023\/images\/icon-arrow-blue-right.svg\" decoding=\"async\" loading=\"lazy\" alt=\"Arrow right icon\"><\/button><\/div><\/div><\/div>\n<\/div>\n<\/div>\n<\/section>\n<div class=\"row cpn-section\">\n<div class=\"col\">\n<hr \/>\n<\/div>\n<\/div>\n<section id=\"icons-grid-one\" class=\"row cpn-section\">\n<div class=\"col-12 col-sm-5 col-xl-6 col-xxl-5 fontSize-4 mb-3\">\n<p>T- und B-Leisten sind mit gefederten Schwerlast-<a href=\"https:\/\/www.omnitrack.com\/de\/kugelrollen\/\">Kugelrollen<\/a> best\u00fcckt. Dadurch k\u00f6nnen Werkzeuge und Gesenke fein positioniert und pr\u00e4zise und bequem auf Maschinenbetten und Pressentischen verfahren werden. Nach der Positionierung werden die Kugelrollen beim Spannen des Werkzeugs in den Leistenk\u00f6rper unter der Bettfl\u00e4che gedr\u00fcckt. Nach dem L\u00f6sen heben die Kugelrollen das Werkzeug f\u00fcr die Abf\u00f6rderung wieder \u00fcber die Bettfl\u00e4che. In T-Leisten ist der Verriegelungsmechanismus integriert. B-Leisten werden mit M8-Hutschrauben (erfordert Bohren und Gewindeschneiden in Bett) befestigt. Sondergr\u00f6\u00dfen auf Anfrage.<\/p>\n<\/div>\n<div class=\"col-12 col-sm-7 col-xl-6 col-xxl-7\"><div class=\"grid-wrap\">\n<div class=\"row g-2 g-lg-3 mb-2 mb-lg-3\">\n<div class=\"col-12 col-sm-6\">\n<div class=\"grid-item double\"><img decoding=\"async\" loading=\"lazy\" src=\"https:\/\/www.omnitrack.com\/wp-content\/themes\/omnitrack2023\/images\/icon-maximum-load.svg\" class=\"ico-icons-grid\" alt=\"icon-maximum-load\"  \/>Nennlasten in jeder Richtung gleich<small><\/small><\/div>\n<\/div>\n<div class=\"col-6 col-sm-3\">\n<div class=\"grid-item\">\n<div><img decoding=\"async\" loading=\"lazy\" src=\"https:\/\/www.omnitrack.com\/wp-content\/themes\/omnitrack2023\/images\/icon-uneven-loads.webp\" class=\"ico-icons-grid\" alt=\"Lasten mit unebener Lauffl\u00e4che\"  \/><\/div>\n<p>Lasten mit unebener Lauffl\u00e4che<small><\/small><\/p>\n<\/div>\n<\/div>\n<div class=\"col-6 col-sm-3\">\n<div class=\"grid-item\"><img decoding=\"async\" loading=\"lazy\" src=\"https:\/\/www.omnitrack.com\/wp-content\/themes\/omnitrack2023\/images\/icon-user-seviceble.svg\" class=\"ico-icons-grid\" alt=\"icon-user-seviceble\"  \/>Runderneuerung im Werk<small>Nur Reihe 9000<\/small><\/div>\n<\/div>\n<\/div>\n<div class=\"row g-2 g-lg-3\">\n<div class=\"col-6 col-sm-3\">\n<div class=\"grid-item\"><img decoding=\"async\" loading=\"lazy\" src=\"https:\/\/www.omnitrack.com\/wp-content\/themes\/omnitrack2023\/images\/icon-low-friction.svg\" class=\"ico-icons-grid\" alt=\"icon-low-friction\"  \/>Geringe Reibung<br \/>1 : 0,005<small><\/small><\/div>\n<\/div>\n<div class=\"col-6 col-sm-3\">\n<div class=\"grid-item\"><img decoding=\"async\" loading=\"lazy\" src=\"https:\/\/www.omnitrack.com\/wp-content\/themes\/omnitrack2023\/images\/icon-high-shock-resistence.svg\" class=\"ico-icons-grid\" alt=\"icon-high-shock-resistence\"  \/>Hohe Sto\u00dffestigkeit<small><\/small><\/div>\n<\/div>\n<div class=\"col-6 col-sm-3\">\n<div class=\"grid-item\"><img decoding=\"async\" loading=\"lazy\" src=\"https:\/\/www.omnitrack.com\/wp-content\/themes\/omnitrack2023\/images\/icon-temperature.svg\" class=\"ico-icons-grid\" alt=\"icon-temperature\"  \/>Temperatur<br \/>-50\/160\u00baC<small><\/small><\/div>\n<\/div>\n<div class=\"col-6 col-sm-3\">\n<div class=\"grid-item\"><img decoding=\"async\" loading=\"lazy\" src=\"https:\/\/www.omnitrack.com\/wp-content\/themes\/omnitrack2023\/images\/icon-speed.svg\" class=\"ico-icons-grid\" alt=\"icon-speed\"  \/>Geschwindigkeit<br \/>2m\/sec<small><\/small><\/div>\n<\/div>\n<\/div>\n<\/div>\n<\/div>\n<\/section>\n<div class=\"row cpn-section\">\n<div class=\"col\">\n<hr \/>\n<\/div>\n<\/div>\n<section id=\"service-kits-one\" class=\"row cpn-section pt-4\"><div class=\"col\">\n<div class=\"row mb-3\">\n<div class=\"col-12 col-sm-6 col-lg-5 col-xl-6 col-xxl-7 fontSize-4 mb-4 mb-md-0\">\n<h2>Service-Kits<\/h2>\n<p><a href=\"https:\/\/www.omnitrack.com\/de\/kugelrollen\/\">Kugelrollen<\/a> Heavy Duty Baureihe 9000 &#8211; Ununterbrochene Produktion seit 1954.<\/p>\n<p>Stellen Sie die Leistung innerhalb von Minuten wieder her, indem Sie die Service-Kits S1 und S2 verwenden, die 2 Stufen von Komponenten und vollst\u00e4ndige \u00dcberholungsanweisungen enthalten.<\/p>\n<p>Werkseitiger \u00dcberholungsservice f\u00fcr federbelastete und kundenspezifische Einheiten, da diese unter Umst\u00e4nden spezielle Werkzeuge f\u00fcr eine sichere Demontage ben\u00f6tigen.<\/p>\n<p>Geben Sie bei der Bestellung die Original-Teilenummer, eine beliebige Kennzeichnung und den ben\u00f6tigten Service-Kit an, z. B. S1-9241. Im Zweifelsfall <a href=\"https:\/\/www.omnitrack.com\/de\/kontaktieren-sie-uns\/\">kontaktieren Sie uns<\/a> und wir sorgen daf\u00fcr, dass Sie weiterfahren k\u00f6nnen!<\/p>\n<p><a class=\"btn-ot lilac-one shadow\" href=\"https:\/\/www.omnitrack.com\/de\/kugelrollen\/heavy-duty\/service-kits\/\">Mehr lesen<\/a><\/p>\n<\/div>\n<div class=\"col-12 col-sm-6 col-lg-7 col-xl-6 col-xxl-5\"><img loading=\"lazy\" decoding=\"async\" class=\"img-fluid alignnone wp-image-79735 size-full\" src=\"https:\/\/www.omnitrack.com\/wp-content\/uploads\/2023\/03\/Service_Kits_3.webp\" alt=\"Service-Kits\" width=\"469\" height=\"345\" srcset=\"https:\/\/www.omnitrack.com\/wp-content\/uploads\/2023\/03\/Service_Kits_3.webp 469w, https:\/\/www.omnitrack.com\/wp-content\/uploads\/2023\/03\/Service_Kits_3-300x221.webp 300w\" sizes=\"auto, (max-width: 469px) 100vw, 469px\" \/><\/div>\n<\/div>\n<div class=\"row text-center carousel-mobi-servicekits\"><div class=\"col\">\n<p><img loading=\"lazy\" decoding=\"async\" class=\"img-fluid alignnone wp-image-79738 size-full\" src=\"https:\/\/www.omnitrack.com\/wp-content\/uploads\/2023\/03\/service_kits-circlip.webp\" alt=\"Service-Kit \u2013 Sicherungsring\" width=\"141\" height=\"140\" srcset=\"https:\/\/www.omnitrack.com\/wp-content\/uploads\/2023\/03\/service_kits-circlip.webp 141w, https:\/\/www.omnitrack.com\/wp-content\/uploads\/2023\/03\/service_kits-circlip-100x100.webp 100w\" sizes=\"auto, (max-width: 141px) 100vw, 141px\" \/><\/p>\n<h4 class=\"fontSize-5\">1 &#8211; Sicherungsring<\/h4>\n<div><span class=\"tag blue\">S2<\/span><\/div>\n<p>&nbsp;<\/p>\n<\/div>\n<div class=\"col\">\n<p><img loading=\"lazy\" decoding=\"async\" class=\"img-fluid alignnone wp-image-79739 size-full\" src=\"https:\/\/www.omnitrack.com\/wp-content\/uploads\/2023\/03\/service_kits-top_cap.webp\" alt=\"Service-Kit \u2013 Deckel\" width=\"141\" height=\"140\" srcset=\"https:\/\/www.omnitrack.com\/wp-content\/uploads\/2023\/03\/service_kits-top_cap.webp 141w, https:\/\/www.omnitrack.com\/wp-content\/uploads\/2023\/03\/service_kits-top_cap-100x100.webp 100w\" sizes=\"auto, (max-width: 141px) 100vw, 141px\" \/><\/p>\n<h4 class=\"fontSize-5\">2 &#8211; Deckel<\/h4>\n<div> <\/div>\n<p>&nbsp;<\/p>\n<\/div>\n<div class=\"col\">\n<p><img loading=\"lazy\" decoding=\"async\" class=\"img-fluid alignnone wp-image-79740 size-full\" src=\"https:\/\/www.omnitrack.com\/wp-content\/uploads\/2023\/03\/service_kits-felt_seal.webp\" alt=\"Service-Kit \u2013 Filzdichtung\" width=\"141\" height=\"140\" srcset=\"https:\/\/www.omnitrack.com\/wp-content\/uploads\/2023\/03\/service_kits-felt_seal.webp 141w, https:\/\/www.omnitrack.com\/wp-content\/uploads\/2023\/03\/service_kits-felt_seal-100x100.webp 100w\" sizes=\"auto, (max-width: 141px) 100vw, 141px\" \/><\/p>\n<h4 class=\"fontSize-5\">3 &#8211; Filz-Dichtungen<\/h4>\n<div><span class=\"tag green\">S1<\/span><span class=\"tag blue\">S2<\/span><\/div>\n<p><small>(Kugel-\u00d8 &gt; 12.7mm)<\/small><\/p>\n<\/div>\n<div class=\"col\">\n<p><img loading=\"lazy\" decoding=\"async\" class=\"img-fluid alignnone wp-image-79741 size-full\" src=\"https:\/\/www.omnitrack.com\/wp-content\/uploads\/2023\/03\/service_kits-main_ball.webp\" alt=\"Service-Kit \u2013 Laufkugel\" width=\"141\" height=\"140\" srcset=\"https:\/\/www.omnitrack.com\/wp-content\/uploads\/2023\/03\/service_kits-main_ball.webp 141w, https:\/\/www.omnitrack.com\/wp-content\/uploads\/2023\/03\/service_kits-main_ball-100x100.webp 100w\" sizes=\"auto, (max-width: 141px) 100vw, 141px\" \/><\/p>\n<h4 class=\"fontSize-5\">4 &#8211; Laufkugel<\/h4>\n<div><span class=\"tag green\">S1<\/span><span class=\"tag blue\">S2<\/span><\/div>\n<p>&nbsp;<\/p>\n<\/div>\n<div class=\"col\">\n<p><img loading=\"lazy\" decoding=\"async\" class=\"img-fluid alignnone wp-image-79742 size-full\" src=\"https:\/\/www.omnitrack.com\/wp-content\/uploads\/2023\/03\/service_kits-recirculating_balls.webp\" alt=\"Service-Kit \u2013 Tragkugeln\" width=\"141\" height=\"140\" srcset=\"https:\/\/www.omnitrack.com\/wp-content\/uploads\/2023\/03\/service_kits-recirculating_balls.webp 141w, https:\/\/www.omnitrack.com\/wp-content\/uploads\/2023\/03\/service_kits-recirculating_balls-100x100.webp 100w\" sizes=\"auto, (max-width: 141px) 100vw, 141px\" \/><\/p>\n<h4 class=\"fontSize-5\">5 &#8211; Tragkugeln<\/h4>\n<div><span class=\"tag green\">S1<\/span><span class=\"tag blue\">S2<\/span><\/div>\n<p>&nbsp;<\/p>\n<\/div>\n<div class=\"col\">\n<p><img loading=\"lazy\" decoding=\"async\" class=\"img-fluid alignnone wp-image-79743 size-full\" src=\"https:\/\/www.omnitrack.com\/wp-content\/uploads\/2023\/03\/service_kits-retainer.webp\" alt=\"Service-Kit \u2013 Kugelhalter\" width=\"141\" height=\"140\" srcset=\"https:\/\/www.omnitrack.com\/wp-content\/uploads\/2023\/03\/service_kits-retainer.webp 141w, https:\/\/www.omnitrack.com\/wp-content\/uploads\/2023\/03\/service_kits-retainer-100x100.webp 100w\" sizes=\"auto, (max-width: 141px) 100vw, 141px\" \/><\/p>\n<h4 class=\"fontSize-5\">6 &#8211; Kugelhalter<\/h4>\n<div><span class=\"tag blue\">S2<\/span><\/div>\n<p>&nbsp;<\/p>\n<\/div>\n<div class=\"col\">\n<p><img loading=\"lazy\" decoding=\"async\" class=\"img-fluid alignnone wp-image-79744 size-full\" src=\"https:\/\/www.omnitrack.com\/wp-content\/uploads\/2023\/03\/service_kits-table.webp\" alt=\"Service-Kit \u2013 Kugelpfanne\" width=\"141\" height=\"140\" srcset=\"https:\/\/www.omnitrack.com\/wp-content\/uploads\/2023\/03\/service_kits-table.webp 141w, https:\/\/www.omnitrack.com\/wp-content\/uploads\/2023\/03\/service_kits-table-100x100.webp 100w\" sizes=\"auto, (max-width: 141px) 100vw, 141px\" \/><\/p>\n<h4 class=\"fontSize-5\">7 &#8211; Kugelpfanne<\/h4>\n<div><span class=\"tag blue\">S2<\/span><\/div>\n<p>&nbsp;<\/p>\n<\/div>\n<\/div>\n<div class=\"row\">\n<div class=\"col-12 col-sm text-center\"><img loading=\"lazy\" decoding=\"async\" class=\"img-fluid d-sm-none alignnone wp-image-83577 size-full\" src=\"https:\/\/www.omnitrack.com\/wp-content\/uploads\/2024\/09\/dismantle_assemble_mobile_de.webp\" alt=\"Demontage- und Montagediagramm\" width=\"1062\" height=\"123\" \/> <img loading=\"lazy\" decoding=\"async\" class=\"img-fluid d-none d-sm-inline-block alignnone wp-image-79712 size-full\" src=\"https:\/\/www.omnitrack.com\/wp-content\/uploads\/2024\/08\/dismantle_assemble_de.webp\" alt=\"Demontage- und Montagediagramm\" width=\"2000\" height=\"123\" \/><\/div>\n<\/div>\n<\/div>\n<\/section>\n<section id=\"cant-find\" class=\"row one cpn-section py-5\"><div class=\"col col-md-7 col-lg-6 py-4 pe-5\">\n<h3 class=\"fontSize-1 mb-4\">Sie k\u00f6nnen nicht finden, was Sie suchen?<\/h3>\n<p class=\"fontSize-4\">Versuchen Sie, nach Schl\u00fcsselw\u00f6rtern, Teilenummern, Lasten und Befestigungsarten zu suchen.<\/p>\n<div class=\"input-group mb-3\"><form class=\"form-search\"><div class=\"input-group\">  <input type=\"text\" name=\"s\" class=\"form-control field\" placeholder=\"Suche Teilnummer\">  <input type=\"hidden\" name=\"post-type\" value=\"product\"><\/div><\/form><\/div>\n<\/div>\n<div class=\"col col-md-5 col-lg-6 py-4 text-center\"><a href=\"..\/..\/..\/garantie\/\" target=\"_blank\" rel=\"noopener\"><img loading=\"lazy\" decoding=\"async\" class=\"mb-3 img-fluid alignnone wp-image-79745 size-full\" title=\"2 Jahre Garantie\" src=\"https:\/\/www.omnitrack.com\/wp-content\/uploads\/2024\/08\/2_year_warranty_de.webp\" alt=\"2 Jahre Garantie\" width=\"401\" height=\"190\" \/><\/a><br \/><small class=\"d-block\">Vorbehaltlich der Nutzung und Bedingungen.<\/small><\/div>\n<\/section>\n","protected":false},"excerpt":{"rendered":"<p>[omni_render_table class-container=&#8220;table-scroll table-mobi&#8220;] Ber\u00fccksichtigen Sie auch T- und B-Leisten sind mit gefederten Schwerlast-Kugelrollen best\u00fcckt. Dadurch k\u00f6nnen Werkzeuge und Gesenke fein positioniert und pr\u00e4zise und bequem auf Maschinenbetten und Pressentischen verfahren werden. Nach der Positionierung werden die Kugelrollen beim Spannen des Werkzeugs in den Leistenk\u00f6rper unter der Bettfl\u00e4che gedr\u00fcckt. Nach dem L\u00f6sen heben die Kugelrollen das [&hellip;]<\/p>\n","protected":false},"author":7,"featured_media":0,"parent":97549,"menu_order":0,"comment_status":"closed","ping_status":"closed","template":"page-t-b-bars.php","meta":{"inline_featured_image":false,"footnotes":""},"class_list":["post-97566","page","type-page","status-publish","hentry"],"acf":[],"_links":{"self":[{"href":"https:\/\/www.omnitrack.com\/de\/wp-json\/wp\/v2\/pages\/97566","targetHints":{"allow":["GET"]}}],"collection":[{"href":"https:\/\/www.omnitrack.com\/de\/wp-json\/wp\/v2\/pages"}],"about":[{"href":"https:\/\/www.omnitrack.com\/de\/wp-json\/wp\/v2\/types\/page"}],"author":[{"embeddable":true,"href":"https:\/\/www.omnitrack.com\/de\/wp-json\/wp\/v2\/users\/7"}],"replies":[{"embeddable":true,"href":"https:\/\/www.omnitrack.com\/de\/wp-json\/wp\/v2\/comments?post=97566"}],"version-history":[{"count":3,"href":"https:\/\/www.omnitrack.com\/de\/wp-json\/wp\/v2\/pages\/97566\/revisions"}],"predecessor-version":[{"id":100643,"href":"https:\/\/www.omnitrack.com\/de\/wp-json\/wp\/v2\/pages\/97566\/revisions\/100643"}],"up":[{"embeddable":true,"href":"https:\/\/www.omnitrack.com\/de\/wp-json\/wp\/v2\/pages\/97549"}],"wp:attachment":[{"href":"https:\/\/www.omnitrack.com\/de\/wp-json\/wp\/v2\/media?parent=97566"}],"curies":[{"name":"wp","href":"https:\/\/api.w.org\/{rel}","templated":true}]}}