{"id":97564,"date":"2023-02-08T00:55:32","date_gmt":"2023-02-08T00:55:32","guid":{"rendered":"https:\/\/www.omnitrack.com\/ball-transfer-units\/heavy-duty\/service-kits\/"},"modified":"2024-08-26T16:26:44","modified_gmt":"2024-08-26T16:26:44","slug":"service-kits","status":"publish","type":"page","link":"https:\/\/www.omnitrack.com\/de\/kugelrollen\/heavy-duty\/service-kits\/","title":{"rendered":"Service-Kits"},"content":{"rendered":"<section id=\"service-kits-one\" class=\"row cpn-section pb-4\"> <div class=\"col\"> <div class=\"row mb-3\"> <div class=\"col col-lg-5 col-xl-6 col-xxl-7 fontSize-4\"> <nav class=\"breadcrumb\"><\/nav> <h1>Service-Kits<\/h1> <p><a href=\"https:\/\/www.omnitrack.com\/de\/kugelrollen\/\">Kugelrollen<\/a> Heavy Duty Baureihe 9000 &#8211; Ununterbrochene Produktion seit 1954. Stellen Sie die Leistung innerhalb von Minuten wieder her, indem Sie die Service-Kits S1 und S2 verwenden, die 2 Stufen von Komponenten und vollst\u00e4ndige \u00dcberholungsanweisungen enthalten.<\/p> <p>Runderneuerungsservice im Werk f\u00fcr Modelle mit Federelement und Sondereinheiten, da diese Spezialwerkzeug zur sicheren Demontage ben\u00f6tigen k\u00f6nnen.<\/p> <p>Zur Bestellung die Original-Teilenummer, eventuelle Kennzeichnungen und ben\u00f6tigten Wartungssatz angeben, z. B. S1-9241. Bei allen Unklarheiten oder Fragen helfen wir Ihnen gerne weiter! Bei allen Unklarheiten oder Fragen <a href=\"https:\/\/www.omnitrack.com\/de\/kontaktieren-sie-uns\/\">helfen wir Ihnen<\/a> gerne weiter!<\/p> <\/div> <div class=\"col col-lg-7 col-xl-6 col-xxl-5\"><img loading=\"lazy\" decoding=\"async\" class=\"img-fluid alignnone wp-image-79735 size-full\" src=\"https:\/\/www.omnitrack.com\/wp-content\/uploads\/2023\/03\/Service_Kits_3.webp\" alt=\"Service-Kits\" width=\"469\" height=\"345\" srcset=\"https:\/\/www.omnitrack.com\/wp-content\/uploads\/2023\/03\/Service_Kits_3.webp 469w, https:\/\/www.omnitrack.com\/wp-content\/uploads\/2023\/03\/Service_Kits_3-300x221.webp 300w\" sizes=\"auto, (max-width: 469px) 100vw, 469px\" \/><\/div> <\/div> <div class=\"row text-center\"><div class=\"col\">\n<p><img loading=\"lazy\" decoding=\"async\" class=\"img-fluid alignnone wp-image-79738 size-full\" src=\"https:\/\/www.omnitrack.com\/wp-content\/uploads\/2023\/03\/service_kits-circlip.webp\" alt=\"Service-Kit \u2013 Sicherungsring\" width=\"141\" height=\"140\" srcset=\"https:\/\/www.omnitrack.com\/wp-content\/uploads\/2023\/03\/service_kits-circlip.webp 141w, https:\/\/www.omnitrack.com\/wp-content\/uploads\/2023\/03\/service_kits-circlip-100x100.webp 100w\" sizes=\"auto, (max-width: 141px) 100vw, 141px\" \/><\/p>\n<h4 class=\"fontSize-5\">1 &#8211; Sicherungsring<\/h4>\n<div><span class=\"tag blue\">S2<\/span><\/div>\n<p>&nbsp;<\/p>\n<\/div>\n<div class=\"col\">\n<p><img loading=\"lazy\" decoding=\"async\" class=\"img-fluid alignnone wp-image-79739 size-full\" src=\"https:\/\/www.omnitrack.com\/wp-content\/uploads\/2023\/03\/service_kits-top_cap.webp\" alt=\"Service-Kit \u2013 Deckel\" width=\"141\" height=\"140\" srcset=\"https:\/\/www.omnitrack.com\/wp-content\/uploads\/2023\/03\/service_kits-top_cap.webp 141w, https:\/\/www.omnitrack.com\/wp-content\/uploads\/2023\/03\/service_kits-top_cap-100x100.webp 100w\" sizes=\"auto, (max-width: 141px) 100vw, 141px\" \/><\/p>\n<h4 class=\"fontSize-5\">2 &#8211; Deckel<\/h4>\n<div> <\/div>\n<p>&nbsp;<\/p>\n<\/div>\n<div class=\"col\">\n<p><img loading=\"lazy\" decoding=\"async\" class=\"img-fluid alignnone wp-image-79740 size-full\" src=\"https:\/\/www.omnitrack.com\/wp-content\/uploads\/2023\/03\/service_kits-felt_seal.webp\" alt=\"Service-Kit \u2013 Filzdichtung\" width=\"141\" height=\"140\" srcset=\"https:\/\/www.omnitrack.com\/wp-content\/uploads\/2023\/03\/service_kits-felt_seal.webp 141w, https:\/\/www.omnitrack.com\/wp-content\/uploads\/2023\/03\/service_kits-felt_seal-100x100.webp 100w\" sizes=\"auto, (max-width: 141px) 100vw, 141px\" \/><\/p>\n<h4 class=\"fontSize-5\">3 &#8211; Filz-Dichtungen<\/h4>\n<div><span class=\"tag green\">S1<\/span><span class=\"tag blue\">S2<\/span><\/div>\n<p><small>(Kugel-\u00d8 &gt; 12.7mm)<\/small><\/p>\n<\/div>\n<div class=\"col\">\n<p><img loading=\"lazy\" decoding=\"async\" class=\"img-fluid alignnone wp-image-79741 size-full\" src=\"https:\/\/www.omnitrack.com\/wp-content\/uploads\/2023\/03\/service_kits-main_ball.webp\" alt=\"Service-Kit \u2013 Laufkugel\" width=\"141\" height=\"140\" srcset=\"https:\/\/www.omnitrack.com\/wp-content\/uploads\/2023\/03\/service_kits-main_ball.webp 141w, https:\/\/www.omnitrack.com\/wp-content\/uploads\/2023\/03\/service_kits-main_ball-100x100.webp 100w\" sizes=\"auto, (max-width: 141px) 100vw, 141px\" \/><\/p>\n<h4 class=\"fontSize-5\">4 &#8211; Laufkugel<\/h4>\n<div><span class=\"tag green\">S1<\/span><span class=\"tag blue\">S2<\/span><\/div>\n<p>&nbsp;<\/p>\n<\/div>\n<div class=\"col\">\n<p><img loading=\"lazy\" decoding=\"async\" class=\"img-fluid alignnone wp-image-79742 size-full\" src=\"https:\/\/www.omnitrack.com\/wp-content\/uploads\/2023\/03\/service_kits-recirculating_balls.webp\" alt=\"Service-Kit \u2013 Tragkugeln\" width=\"141\" height=\"140\" srcset=\"https:\/\/www.omnitrack.com\/wp-content\/uploads\/2023\/03\/service_kits-recirculating_balls.webp 141w, https:\/\/www.omnitrack.com\/wp-content\/uploads\/2023\/03\/service_kits-recirculating_balls-100x100.webp 100w\" sizes=\"auto, (max-width: 141px) 100vw, 141px\" \/><\/p>\n<h4 class=\"fontSize-5\">5 &#8211; Tragkugeln<\/h4>\n<div><span class=\"tag green\">S1<\/span><span class=\"tag blue\">S2<\/span><\/div>\n<p>&nbsp;<\/p>\n<\/div>\n<div class=\"col\">\n<p><img loading=\"lazy\" decoding=\"async\" class=\"img-fluid alignnone wp-image-79743 size-full\" src=\"https:\/\/www.omnitrack.com\/wp-content\/uploads\/2023\/03\/service_kits-retainer.webp\" alt=\"Service-Kit \u2013 Kugelhalter\" width=\"141\" height=\"140\" srcset=\"https:\/\/www.omnitrack.com\/wp-content\/uploads\/2023\/03\/service_kits-retainer.webp 141w, https:\/\/www.omnitrack.com\/wp-content\/uploads\/2023\/03\/service_kits-retainer-100x100.webp 100w\" sizes=\"auto, (max-width: 141px) 100vw, 141px\" \/><\/p>\n<h4 class=\"fontSize-5\">6 &#8211; Kugelhalter<\/h4>\n<div><span class=\"tag blue\">S2<\/span><\/div>\n<p>&nbsp;<\/p>\n<\/div>\n<div class=\"col\">\n<p><img loading=\"lazy\" decoding=\"async\" class=\"img-fluid alignnone wp-image-79744 size-full\" src=\"https:\/\/www.omnitrack.com\/wp-content\/uploads\/2023\/03\/service_kits-table.webp\" alt=\"Service-Kit \u2013 Kugelpfanne\" width=\"141\" height=\"140\" srcset=\"https:\/\/www.omnitrack.com\/wp-content\/uploads\/2023\/03\/service_kits-table.webp 141w, https:\/\/www.omnitrack.com\/wp-content\/uploads\/2023\/03\/service_kits-table-100x100.webp 100w\" sizes=\"auto, (max-width: 141px) 100vw, 141px\" \/><\/p>\n<h4 class=\"fontSize-5\">7 &#8211; Kugelpfanne<\/h4>\n<div><span class=\"tag blue\">S2<\/span><\/div>\n<p>&nbsp;<\/p>\n<\/div>\n<\/div> <div class=\"row\"> <div class=\"col-12 col-sm text-center\"><img loading=\"lazy\" decoding=\"async\" class=\"img-fluid d-sm-none alignnone wp-image-83577 size-full\" src=\"https:\/\/www.omnitrack.com\/wp-content\/uploads\/2023\/01\/dismantle-assemble-mobile.webp\" alt=\"Demontage- und Montagediagramm\" width=\"1062\" height=\"123\" srcset=\"https:\/\/www.omnitrack.com\/wp-content\/uploads\/2023\/01\/dismantle-assemble-mobile.webp 1062w, https:\/\/www.omnitrack.com\/wp-content\/uploads\/2023\/01\/dismantle-assemble-mobile-300x35.webp 300w, https:\/\/www.omnitrack.com\/wp-content\/uploads\/2023\/01\/dismantle-assemble-mobile-1024x119.webp 1024w, https:\/\/www.omnitrack.com\/wp-content\/uploads\/2023\/01\/dismantle-assemble-mobile-768x89.webp 768w, https:\/\/www.omnitrack.com\/wp-content\/uploads\/2023\/01\/dismantle-assemble-mobile-600x69.webp 600w\" sizes=\"auto, (max-width: 1062px) 100vw, 1062px\" \/> <img loading=\"lazy\" decoding=\"async\" class=\"img-fluid d-none d-sm-inline-block alignnone wp-image-79712 size-full\" src=\"https:\/\/www.omnitrack.com\/wp-content\/uploads\/2024\/08\/dismantle_assemble_de.webp\" alt=\"Demontage- und Montagediagramm\" width=\"2000\" height=\"123\" \/><\/div> <\/div> <div class=\"row\" style=\"margin-top: 40px;\"> <div class=\"ratio ratio-16x9\"><iframe title=\"YouTube video player\" frameborder=\"0\" allowfullscreen=\"allowfullscreen\" class=\" lozad\" data-src=\"https:\/\/www.youtube.com\/embed\/VrG0_ktmKHE?si=vKUquimQAEdlOTNF\"><\/iframe><\/div> <\/div> <\/div> <\/section> <div class=\"row cpn-section\"> <div class=\"col\"> <hr \/> <\/div> <\/div> <section class=\"row cpn-section pt-4 pb-5\"> <div class=\"col fontSize-4\"> <h2>Wartungskits Kugelrollen Omnitrack<\/h2> <p>Stellen Sie die Leistung von <a href=\"https:\/\/www.omnitrack.com\/de\/kugelrollen\/heavy-duty\/baureihen-80-90-kugelrollen-mit-steckverbindung\/\">Kugelrollen der Serie 9000<\/a> innerhalb weniger Minuten mit den Service-Kits &#8218;S1&#8216; und &#8218;S2&#8216; wieder her \u2013 Mit 2 Ebenen von Ersatzteilen und einer vollst\u00e4ndigen \u00dcberholungsanleitung.<\/p> <p>F\u00fcr den Einsatz von Kugelrollen unter schwierigen Bedingungen oder unter zu erwartenden extremen Bedingungen schlagen wir vor, Wartungskits auf Lager zu haben. Im Falle eines unvorhergesehenen Ausfalls k\u00f6nnen Sie innerhalb von Minuten wieder loslegen &#8211; egal, was passiert.<\/p> <p>Die Kugelrollen Heavy Duty der Serie 9000 k\u00f6nnen mit Hilfe der Anleitung oder unseres Videos innerhalb weniger Minuten sicher demontiert werden. Sobald der &#8222;spirolox&#8220;-Sicherungsring entfernt ist, k\u00f6nnen die Einzelteile leicht demontiert werden, indem die Kugelrolle \u00fcber einer geeigneten Aufnahme umgedreht wird. Der spirolox-Sicherungsring \u00e4hnelt dem Sicherungsring, der f\u00fcr viele Schl\u00fcsselanh\u00e4nger verwendet wird, so dass er leicht zu entfernen und nach mehrmaligem Gebrauch wiederzuverwenden ist.<\/p> <p>Jedes der Service-Kits enth\u00e4lt die entsprechenden Ersatzteile, die werkseitig vorgepr\u00fcft und gereinigt sind und wieder zusammengebaut werden k\u00f6nnen. Zwei wesentliche Teile der Baugruppe (je nachdem, welche Menge an Ersatzteilen Sie angeben) m\u00fcssen vor dem Wiederzusammenbau immer gereinigt werden. Wir stellen seit 1909 her und sorgen daf\u00fcr, dass Sie weiterfahren k\u00f6nnen!<\/p> <p>Wir verpflichten uns, die nicht abgenutzten Komponenten zu recyceln, da wir der Meinung sind, dass nur Teile ersetzt werden sollten, die sich negativ auf die Leistung auswirken. Die inh\u00e4rent robuste Konstruktion und die Auswahl hochwertiger Materialien erm\u00f6glichen dies.<\/p> <p>Wir bieten einen vollst\u00e4ndigen \u00dcberholungsservice f\u00fcr federbelastete und kundenspezifische Kugelrollen an, da diese h\u00e4ufig Werkzeuge f\u00fcr eine sichere Demontage erfordern. In F\u00e4llen, in denen Kunden federbelastete Kugelrollen nicht zur werksseitigen \u00dcberholung zur\u00fcckgeben k\u00f6nnen, haben wir uns bereit erkl\u00e4rt, den \u00dcberholungsprozess und den Einbau bzw. den Austausch von Teilen zu besprechen und zu begleiten. Wir m\u00fcssen wissen, dass Sie \u00fcber eine entsprechend ausgestattete Werkstatt mit technisch kompetentem Personal verf\u00fcgen, aber es geh\u00f6rt zum Service, dass wir Ihnen helfen, wo wir k\u00f6nnen. Dieses Serviceniveau ist ein Beweis f\u00fcr unser Engagement gegen\u00fcber unseren gesch\u00e4tzten Kunden.<\/p> <p>Unsere Hochleistungsger\u00e4te werden seit 1954 kontinuierlich produziert, und wir sind stolz auf unser technisches Archiv, das die meisten Zeichnungen aller produzierten Modelle enth\u00e4lt. Wir bewahren auch Sonderanfertigungen auf, die speziell f\u00fcr eine Anwendung oder ein bestimmtes Projekt entwickelt und hergestellt wurden. Das bedeutet, dass wir f\u00fcr die meisten Modelle Service-Kits mit Originalersatzteilen herstellen k\u00f6nnen.<\/p> <p>Geben Sie bei der Bestellung die Originalteilnummer, eine eventuelle Kennzeichnung und die ben\u00f6tigten Wartungskits an, z. B. S1-9241.<\/p> <p>Sollte die Teilenummer nicht sichtbar oder vorhanden sein, k\u00f6nnen wir in der Regel die meisten Kugelrollen mit Hilfe unseres Ingenieurteams identifizieren, dessen Wissensbasis sich \u00fcber 4 Generationen erstreckt. Ein Foto oder eine Skizze reicht in der Regel aus.<\/p> <p>Bei allen Unklarheiten oder Fragen <a href=\"https:\/\/www.omnitrack.com\/de\/kontaktieren-sie-uns\/\">helfen wir<\/a> Ihnen gerne weiter!<\/p> <\/div> <\/section> <section id=\"cant-find\" class=\"row cpn-section py-5 two justify-content-between\"><div class=\"col-12 col-sm-6 col-lg-7 py-lg-4 pe-lg-5\">\n<h3 class=\"fontSize-2 fontSize-md-1\">Sie k\u00f6nnen nicht finden, was Sie suchen?<\/h3>\n<p class=\"fontSize-4\">Versuchen Sie, nach Schl\u00fcsselw\u00f6rtern, Teilenummern, Lasten und Befestigungsarten zu suchen.<\/p>\n<div class=\"input-group\"><form class=\"form-search\"><div class=\"input-group\">  <input type=\"text\" name=\"s\" class=\"form-control field\" placeholder=\"Suche Teilnummer\">  <input type=\"hidden\" name=\"post-type\" value=\"product\"><\/div><\/form><\/div>\n<\/div>\n<div class=\"col-12 col-sm-6 col-lg-5 py-lg-4 pt-4 pt-sm-0\">\n<h3 class=\"fontSize-2 fontSize-md-1\">Free technical advice<\/h3>\n<p class=\"fontSize-4\">Phone: <b><a href=\"tel:+4908001833297\">+49 0800 18 33 297<br \/><\/a><\/b><\/p>\n<p class=\"fontSize-4\">Email: <b><a href=\"mailto:info@omnitrack.com\">info@omnitrack.com<\/a><\/b><\/p>\n<div class=\"mt-4\"> <a class=\"btn-ot green me-2 mb-3 mb-md-0 w100-mobile\" href=\"https:\/\/wa.me\/447759128207\" target=\"_blank\" rel=\"noopener\"><img decoding=\"async\" loading=\"lazy\" src=\"https:\/\/www.omnitrack.com\/wp-content\/themes\/omnitrack2023\/images\/icon-whatsapp.svg\"  alt=\"WhatsApp Omnitrack\"  \/> WhatsApp<\/a> <a class=\"btn-ot w100-mobile\" href=\"https:\/\/calendly.com\/omnitrack\/15min\" target=\"_blank\" rel=\"noopener\"><img decoding=\"async\" loading=\"lazy\" src=\"https:\/\/www.omnitrack.com\/wp-content\/themes\/omnitrack2023\/images\/icon-schedule.svg\"  alt=\"Vereinbaren Sie einen Termin mit Omnitrack\"  \/> Einen Anruf vereinbaren<\/a><\/div>\n<\/div>\n<\/section> ","protected":false},"excerpt":{"rendered":"<p>Service-Kits Kugelrollen Heavy Duty Baureihe 9000 &#8211; Ununterbrochene Produktion seit 1954. Stellen Sie die Leistung innerhalb von Minuten wieder her, indem Sie die Service-Kits S1 und S2 verwenden, die 2 Stufen von Komponenten und vollst\u00e4ndige \u00dcberholungsanweisungen enthalten. Runderneuerungsservice im Werk f\u00fcr Modelle mit Federelement und Sondereinheiten, da diese Spezialwerkzeug zur sicheren Demontage ben\u00f6tigen k\u00f6nnen. Zur [&hellip;]<\/p>\n","protected":false},"author":7,"featured_media":0,"parent":97557,"menu_order":0,"comment_status":"closed","ping_status":"closed","template":"","meta":{"inline_featured_image":false,"footnotes":""},"class_list":["post-97564","page","type-page","status-publish","hentry"],"acf":[],"_links":{"self":[{"href":"https:\/\/www.omnitrack.com\/de\/wp-json\/wp\/v2\/pages\/97564","targetHints":{"allow":["GET"]}}],"collection":[{"href":"https:\/\/www.omnitrack.com\/de\/wp-json\/wp\/v2\/pages"}],"about":[{"href":"https:\/\/www.omnitrack.com\/de\/wp-json\/wp\/v2\/types\/page"}],"author":[{"embeddable":true,"href":"https:\/\/www.omnitrack.com\/de\/wp-json\/wp\/v2\/users\/7"}],"replies":[{"embeddable":true,"href":"https:\/\/www.omnitrack.com\/de\/wp-json\/wp\/v2\/comments?post=97564"}],"version-history":[{"count":3,"href":"https:\/\/www.omnitrack.com\/de\/wp-json\/wp\/v2\/pages\/97564\/revisions"}],"predecessor-version":[{"id":105586,"href":"https:\/\/www.omnitrack.com\/de\/wp-json\/wp\/v2\/pages\/97564\/revisions\/105586"}],"up":[{"embeddable":true,"href":"https:\/\/www.omnitrack.com\/de\/wp-json\/wp\/v2\/pages\/97557"}],"wp:attachment":[{"href":"https:\/\/www.omnitrack.com\/de\/wp-json\/wp\/v2\/media?parent=97564"}],"curies":[{"name":"wp","href":"https:\/\/api.w.org\/{rel}","templated":true}]}}