{"id":97562,"date":"2023-02-08T00:42:45","date_gmt":"2023-02-08T00:42:45","guid":{"rendered":"https:\/\/www.omnitrack.com\/wheels-castors\/omniwheels-accessories\/"},"modified":"2024-09-29T16:14:37","modified_gmt":"2024-09-29T16:14:37","slug":"omniwheels-accessories","status":"publish","type":"page","link":"https:\/\/www.omnitrack.com\/de\/raeder-und-rollen\/omniwheels-accessories\/","title":{"rendered":"Omniwheels &amp; Zubeh\u00f6r"},"content":{"rendered":"<section class=\"row cpn-section\">\n<div class=\"col-12 col-md-6 col-lg-7\">\n<div><header class=\"row\">    <div class=\"col\">        <nav id=\"breadcrumb\">                    <\/nav>        <h1 class=\"fontSize-1\">Omniwheels &amp; Zubeh\u00f6r<\/h1>    <\/div>    <\/header><\/div>\n<div>\n<p>Omniwheels verf\u00fcgen \u00fcber periphere Rollen, die eine 360-Grad-Bewegung und Unterst\u00fctzung von unregelm\u00e4\u00dfig geformten Gegenst\u00e4nden erm\u00f6glichen. Ideal f\u00fcr Montage- und Inspektionslinien, Maschinenbeschickung und Verpackungsbereiche.<\/p>\n<p>Angetriebene und automatische Sortiersysteme verf\u00fcgbar &#8211; <a href=\"https:\/\/www.omnitrack.com\/de\/kontaktieren-sie-uns\/\">Kontaktieren Sie uns<\/a>.<\/p>\n<p><img loading=\"lazy\" decoding=\"async\" class=\"img-fluid rounded alignnone wp-image-79822 size-full\" src=\"https:\/\/www.omnitrack.com\/wp-content\/uploads\/2023\/03\/omniwheels-accessories-2.webp\" alt=\"Omniwheels\" width=\"900\" height=\"317\" srcset=\"https:\/\/www.omnitrack.com\/wp-content\/uploads\/2023\/03\/omniwheels-accessories-2.webp 900w, https:\/\/www.omnitrack.com\/wp-content\/uploads\/2023\/03\/omniwheels-accessories-2-300x106.webp 300w, https:\/\/www.omnitrack.com\/wp-content\/uploads\/2023\/03\/omniwheels-accessories-2-768x271.webp 768w, https:\/\/www.omnitrack.com\/wp-content\/uploads\/2023\/03\/omniwheels-accessories-2-600x211.webp 600w\" sizes=\"auto, (max-width: 900px) 100vw, 900px\" \/><\/p>\n<\/div>\n<\/div>\n<div class=\"col-12 col-md-6 col-lg-5 d-flex align-items-end\"><div class=\"grid-wrap\">\n<div class=\"row g-2 g-md-3 mb-2 mb-md-3\">\n<div class=\"col-4\">\n<div class=\"grid-item\"><img decoding=\"async\" loading=\"lazy\" src=\"https:\/\/www.omnitrack.com\/wp-content\/themes\/omnitrack2023\/images\/icon-feather.svg\" class=\"ico-icons-grid\" alt=\"Empfindliche Handhabung\"  \/>Empfindliche Handhabung<small><\/small><\/div>\n<\/div>\n<div class=\"col-4\">\n<div class=\"grid-item\"><img decoding=\"async\" loading=\"lazy\" src=\"https:\/\/www.omnitrack.com\/wp-content\/themes\/omnitrack2023\/images\/icon-speed.svg\" class=\"ico-icons-grid\" alt=\"Geschwindigkeit\"  \/>Geschwindigkeit<br \/>1m\/sec<small><\/small><\/div>\n<\/div>\n<div class=\"col-4\">\n<div class=\"grid-item\"><img decoding=\"async\" loading=\"lazy\" src=\"https:\/\/www.omnitrack.com\/wp-content\/themes\/omnitrack2023\/images\/icon-temperature.svg\" class=\"ico-icons-grid\" alt=\"Temperatur\"  \/>Temperatur<br \/>-20\/+100\u00b0C<small><\/small><\/div>\n<\/div>\n<\/div>\n<div class=\"row g-2 g-md-3\">\n<div class=\"col-4\">\n<div class=\"grid-item\"><img decoding=\"async\" loading=\"lazy\" src=\"https:\/\/www.omnitrack.com\/wp-content\/themes\/omnitrack2023\/images\/icon-magnet.svg\" class=\"ico-icons-grid\" alt=\"Nicht-magnetische Konstruktion\"  \/>Nicht-magnetische Konstruktion<small><\/small><\/div>\n<\/div>\n<div class=\"col-4\">\n<div class=\"grid-item\"><img decoding=\"async\" loading=\"lazy\" src=\"https:\/\/www.omnitrack.com\/wp-content\/themes\/omnitrack2023\/images\/icon-irregular-objects.svg\" class=\"ico-icons-grid\" alt=\"icon-irregular-objects\"  \/>Unregelm\u00e4\u00dfiges und verformbares F\u00f6rdergut<small><\/small><\/div>\n<\/div>\n<div class=\"col-4\">\n<div class=\"grid-item\"><img decoding=\"async\" loading=\"lazy\" src=\"https:\/\/www.omnitrack.com\/wp-content\/themes\/omnitrack2023\/images\/icon-washdown.svg\" class=\"ico-icons-grid\" alt=\"Waschbedingungen \/ Schmutzablagerungen\"  \/>Waschbedingungen \/ Schmutzablagerungen<small><\/small><\/div>\n<\/div>\n<\/div>\n<\/div>\n<\/div>\n<\/section>\n<section id=\"omniwheels-series\" class=\"row cpn-section g-sm-2 g-lg-3 align-items-center justify-content-sm-center justify-content-md-between flex-column flex-sm-row pb-3 pt-4 pt-sm-0\"><div class=\"col-auto text-center\">\n<figure class=\"d-flex align-items-end\"><img loading=\"lazy\" decoding=\"async\" width=\"141\" height=\"122\" class=\"alignnone img-fluid img-ow-1 size-full wp-image-79730\" src=\"https:\/\/www.omnitrack.com\/wp-content\/uploads\/2023\/03\/Diagram_OW48_OW80-1.webp\" alt=\"Diagramm OW48 OW80\"><\/figure>\n<p><strong>OW48-1-(X)-(Y)<\/strong><br \/><strong>OW80-1-(X)-(Y)<\/strong><\/p>\n<\/div>\n<div class=\"col-auto text-center\">\n<figure class=\"d-flex align-items-end\"><img loading=\"lazy\" decoding=\"async\" width=\"141\" height=\"150\" class=\"alignnone img-fluid img-ow-2 size-full wp-image-79183\" src=\"https:\/\/www.omnitrack.com\/wp-content\/uploads\/2023\/03\/Diagram_OW35_OW50.webp\" alt=\"Diagramm OW35 OW50\"><\/figure>\n<p><strong>OW35-2-(X)-(Y)<\/strong><br \/><strong>OW50-2-(X)-(Y)<\/strong><\/p>\n<\/div>\n<div class=\"col-auto text-center\">\n<figure class=\"d-flex align-items-end\"><img loading=\"lazy\" decoding=\"async\" width=\"181\" height=\"214\" class=\"alignnone img-fluid img-ow-3 size-full wp-image-79226\" src=\"https:\/\/www.omnitrack.com\/wp-content\/uploads\/2023\/03\/Diagram_OW90.webp\" alt=\"Diagramm OW90\"><\/figure>\n<p><strong>OW90-2-(X)-(Y)<\/strong><\/p>\n<\/div>\n<div class=\"col-auto text-center\">\n<figure class=\"d-flex align-items-end\"><img loading=\"lazy\" decoding=\"async\" width=\"221\" height=\"257\" class=\"alignnone img-fluid img-ow-4 size-full wp-image-79733\" src=\"https:\/\/www.omnitrack.com\/wp-content\/uploads\/2023\/03\/Diagram_OW125.webp\" alt=\"Diagramm OW125\"><\/figure>\n<p><strong>OW125-3-(X)-(Y)<\/strong><\/p>\n<\/div>\n<div class=\"col-auto text-center\">\n<figure class=\"d-flex align-items-end\"><img loading=\"lazy\" decoding=\"async\" width=\"281\" height=\"320\" class=\"alignnone img-fluid img-ow-5 size-full wp-image-79734\" src=\"https:\/\/www.omnitrack.com\/wp-content\/uploads\/2023\/03\/Diagram_OW180.webp\" alt=\"Diagramm OW180\" srcset=\"https:\/\/www.omnitrack.com\/wp-content\/uploads\/2023\/03\/Diagram_OW180.webp 281w, https:\/\/www.omnitrack.com\/wp-content\/uploads\/2023\/03\/Diagram_OW180-263x300.webp 263w\" sizes=\"auto, (max-width: 281px) 100vw, 281px\" \/><\/figure>\n<p><strong>OW180-2-(X)-(Y)<\/strong><\/p>\n<\/div>\n<\/section>\n<div class=\"row cpn-section\">\n<div class=\"col\">\n<hr \/>\n<\/div>\n<\/div>\n<section class=\"row cpn-section\">\n<div class=\"col\">\n<div>\n<h2>(X) Last- und Rollenmaterialien<\/h2>\n<ul class=\"fontSize-3 blue-bullet mb-4 fontSize-4 fontSize-md-3\">\n<li>Schwere Lasten erfordern eine h\u00f6here Shore-A-Rollenh\u00e4rte; weichere, d\u00e4mpfende Materialien beeintr\u00e4chtigen die Tragf\u00e4higkeit.<\/li>\n<li>OW48 und OW80 haben Achsen aus rostfreiem Stahl, die anderen Modelle sind nicht magnetisch und bestehen aus Kunststoff, es sei denn, Sie w\u00e4hlen die Option der gelagerten Mittelachse.<\/li>\n<li>F\u00fcr Brompton Bike w\u00e4hlen Sie &#8218;OW50-2-95-B2&#8216;. M6-Schraube, Mutter und Unterlegscheiben werden kostenlos mitgeliefert, um die Montage am Brompton Bike zu erleichtern.<\/li>\n<\/ul>\n<h3 class=\"mb-3 mt-1\">Schritt 1: W\u00e4hlen Sie Omniwheel-Gr\u00f6\u00dfe, Belastung und H\u00e4rte<\/h3>\n<div class=\"row mb-5\">\n<div class=\"col col-lg-8 pe-4 mb-4 mb-sm-0\"><div class=\"switcher mt-3 mt-md-0 mx-2 me-sm-0 ms-sm-5\">    <div class=\"switcher-title\"><b>Messungen wechseln:<\/b> <\/span><\/div>    <button class=\"toggle-unit\" type=\"button\"><span class=\"switch-metric\">Metrisch (mm\/kg)<\/span><span class=\"switch\"><\/span><span class=\"switch-imperial\">Imperial (Zoll\/lb)<\/span><\/button><\/div> [omni_render_table]<\/div>\n<div class=\"col col-lg-4 mt-2\">\n<h4>H\u00e4rte Shore A &#8211; Beispiel Artikel:<\/h4>\n<div class=\"table-border mb-5\">\n<table id=\"omniwheels-hardness-table\">\n<thead>\n<tr>\n<th>35<\/th>\n<th>85<\/th>\n<th>95<\/th>\n<th>99<\/th>\n<\/tr>\n<\/thead>\n<tbody>\n<tr>\n<td><img loading=\"lazy\" decoding=\"async\" class=\"alignnone wp-image-79823 size-full\" style=\"margin-left: -0.75rem;\" src=\"https:\/\/www.omnitrack.com\/wp-content\/uploads\/2023\/03\/Omniwheel_Materials_Pencil_Eraser.webp\" alt=\"Bleistift Radiergummi\" width=\"80\" height=\"80\" \/> <small>Bleistift Radiergummi<\/small><\/td>\n<td><img loading=\"lazy\" decoding=\"async\" class=\"alignnone wp-image-79824 size-full\" src=\"https:\/\/www.omnitrack.com\/wp-content\/uploads\/2023\/03\/Omniwheel_Materials_Shoe_Heel.webp\" alt=\"Schuhabsatz\" width=\"80\" height=\"80\" \/> <small>Schuhabsatz<\/small><\/td>\n<td><img loading=\"lazy\" decoding=\"async\" class=\"alignnone wp-image-79825 size-full\" src=\"https:\/\/www.omnitrack.com\/wp-content\/uploads\/2023\/03\/Omniwheel_Materials_Skater.webp\" alt=\"Skateboard-Rad\" width=\"80\" height=\"80\" \/> <small>Skateboard-Rad<\/small><\/td>\n<td><img loading=\"lazy\" decoding=\"async\" class=\"alignnone wp-image-79826 size-full\" src=\"https:\/\/www.omnitrack.com\/wp-content\/uploads\/2023\/03\/Omniwheel_Materials_Shopping_Cart.webp\" alt=\"Einkaufswagenrad\" width=\"80\" height=\"80\" \/> <small>Einkaufswagenrad<\/small><\/td>\n<\/tr>\n<\/tbody>\n<\/table>\n<\/div>\n<h4>(X) Bezeichnet den &#8218;Shore A&#8216;-Wert:<\/h4>\n<p><img loading=\"lazy\" decoding=\"async\" class=\"img-fluid alignnone wp-image-79827 size-full\" src=\"https:\/\/www.omnitrack.com\/wp-content\/uploads\/2024\/09\/omniwheel_material_chart_de.webp\" alt=\"Omniwheels\" width=\"562\" height=\"364\" data-fullsrc=\"\" \/><\/div>\n<\/div>\n<h3>Nur OW48 \/ OW80:<\/h3>\n<div class=\"row\">\n<div class=\"col-12 col-md-4 col-lg-3\"><img loading=\"lazy\" decoding=\"async\" class=\"img-fluid alignnone wp-image-79828 size-full\" src=\"https:\/\/www.omnitrack.com\/wp-content\/uploads\/2023\/03\/Diagram_Omniwheel.webp\" alt=\"Omniwheel-Diagramm Omniwheels\" width=\"400\" height=\"400\" srcset=\"https:\/\/www.omnitrack.com\/wp-content\/uploads\/2023\/03\/Diagram_Omniwheel.webp 400w, https:\/\/www.omnitrack.com\/wp-content\/uploads\/2023\/03\/Diagram_Omniwheel-300x300.webp 300w, https:\/\/www.omnitrack.com\/wp-content\/uploads\/2023\/03\/Diagram_Omniwheel-150x150.webp 150w, https:\/\/www.omnitrack.com\/wp-content\/uploads\/2023\/03\/Diagram_Omniwheel-100x100.webp 100w\" sizes=\"auto, (max-width: 400px) 100vw, 400px\" \/><\/div>\n<div class=\"col-12 col-md-8 col-lg-8 col-xl-7 col-xxl-6\"><div class=\"switcher mt-3 mt-md-0 mx-2 me-sm-0 ms-sm-5\">    <div class=\"switcher-title\"><b>Messungen wechseln:<\/b> <\/span><\/div>    <button class=\"toggle-unit\" type=\"button\"><span class=\"switch-metric\">Metrisch (mm\/kg)<\/span><span class=\"switch\"><\/span><span class=\"switch-imperial\">Imperial (Zoll\/lb)<\/span><\/button><\/div> [omni_render_table_omniwheels_extra]<\/div>\n<\/div>\n<\/div>\n<\/div>\n<\/section>\n<div class=\"row cpn-section\">\n<div class=\"col\">\n<hr \/>\n<\/div>\n<\/div>\n<section class=\"row cpn-section\">\n<div class=\"col\">\n<div class=\"row\">\n<div>\n<h2>Durchmesser, Konstruktion und Abst\u00e4nde<\/h2>\n<\/div>\n<\/div>\n<div class=\"row mb-4\">\n<div class=\"col-12 col-md-5 mb-4 mb-md-0\">\n<ul class=\"blue-bullet fontSize-4 fontSize-md-3\">\n<li>Rollenanwendungen \u2013 Stellen Sie sicher, dass der Durchmesser mindestens 3 x den \u00d8 jeder Stufe\/jedes Hindernisses in der Hauptlaufrichtung betr\u00e4gt.<\/li>\n<li>Synchronisieren Sie die Rollen, um einen schnellen Richtungswechsel zu erreichen.<\/li>\n<li>Omniwheel OW48-1 &amp; OW80-1 sind einzeln, konfigurieren und synchronisieren sich jedoch durch Verriegelung in Reihe.<\/li>\n<li>Andere Modelle sind in x2-, x3- und x4-Bauweise vorsynchronisiert und bieten modulare Flexibilit\u00e4t und Unterst\u00fctzung.<\/li>\n<\/ul>\n<\/div>\n<div class=\"col-12 col-md-7\"><img loading=\"lazy\" decoding=\"async\" class=\"img-fluid alignnone wp-image-79829 size-full\" src=\"https:\/\/www.omnitrack.com\/wp-content\/uploads\/2023\/03\/omniwheels-diagram-series.webp\" alt=\"Omniwheels Diagramm\" width=\"1050\" height=\"308\" srcset=\"https:\/\/www.omnitrack.com\/wp-content\/uploads\/2023\/03\/omniwheels-diagram-series.webp 1050w, https:\/\/www.omnitrack.com\/wp-content\/uploads\/2023\/03\/omniwheels-diagram-series-300x88.webp 300w, https:\/\/www.omnitrack.com\/wp-content\/uploads\/2023\/03\/omniwheels-diagram-series-1024x300.webp 1024w, https:\/\/www.omnitrack.com\/wp-content\/uploads\/2023\/03\/omniwheels-diagram-series-768x225.webp 768w, https:\/\/www.omnitrack.com\/wp-content\/uploads\/2023\/03\/omniwheels-diagram-series-600x176.webp 600w\" sizes=\"auto, (max-width: 1050px) 100vw, 1050px\" \/><br \/>\n<img loading=\"lazy\" decoding=\"async\" class=\"img-fluid alignnone wp-image-79830 size-full\" src=\"https:\/\/www.omnitrack.com\/wp-content\/uploads\/2024\/09\/omniwheels_twin_series_de.webp\" alt=\"Omniwheels Series\" width=\"1050\" height=\"308\" \/><\/div>\n<\/div>\n<\/div>\n<\/section>\n<div class=\"row cpn-section\">\n<div class=\"col\">\n<hr \/>\n<\/div>\n<\/div>\n<section id=\"accessories\" class=\"row cpn-section pb-5\">\n<div class=\"col col-lg-8 mb-4 md-lg-0\">\n<h2>Zubeh\u00f6r<\/h2>\n<ul class=\"blue-bullet fontSize-4 fontSize-md-3\">\n<li>Lenkrollenhalterungen und Befestigungsflansche.<\/li>\n<li>Kan\u00e4le und Achsen aus dem Abschnitt &#8218;Lebendlagerung&#8216;.<\/li>\n<li>Spezifizieren Sie vorgeschnittene oder kundenspezifische Distanzrohre, um die Dichte f\u00fcr gr\u00f6\u00dfere starre Gegenst\u00e4nde zu reduzieren.<\/li>\n<\/ul>\n<\/div>\n<div class=\"col-auto d-flex align-items-end pb-4\">\n<div class=\"bg-beige rounded d-flex align-items-center justify-content-center p-3\"><img loading=\"lazy\" decoding=\"async\" class=\"alignnone wp-image-80042 size-full\" src=\"https:\/\/www.omnitrack.com\/wp-content\/uploads\/2023\/03\/icon-gears.svg\" alt=\"Schraubenmuttern\" width=\"65\" height=\"50\" \/><\/p>\n<div class=\"ps-3\">\n<h3 class=\"mb-0\">Angetriebene Systeme<\/h3>\n<p><a class=\"fontSize-4\" href=\"https:\/\/www.omnitrack.com\/de\/kontaktieren-sie-uns\/\">Kontaktieren Sie uns<\/a><\/div>\n<\/div>\n<\/div>\n<div class=\"col-12\">\t<div class=\"omni-slider omni-carousel\" >\t<ul class=\"omni-slider-track\"><li class=\"\">    <img loading=\"lazy\" decoding=\"async\" width=\"150\" height=\"150\" src=\"https:\/\/www.omnitrack.com\/wp-content\/uploads\/2023\/03\/XOW50W21A.webp\" class=\"img-fluid\" alt=\"omniwheel accessory\" srcset=\"https:\/\/www.omnitrack.com\/wp-content\/uploads\/2023\/03\/XOW50W21A.webp 800w, https:\/\/www.omnitrack.com\/wp-content\/uploads\/2023\/03\/XOW50W21A-300x300.webp 300w, https:\/\/www.omnitrack.com\/wp-content\/uploads\/2023\/03\/XOW50W21A-150x150.webp 150w, https:\/\/www.omnitrack.com\/wp-content\/uploads\/2023\/03\/XOW50W21A-768x768.webp 768w, https:\/\/www.omnitrack.com\/wp-content\/uploads\/2023\/03\/XOW50W21A-600x600.webp 600w, https:\/\/www.omnitrack.com\/wp-content\/uploads\/2023\/03\/XOW50W21A-100x100.webp 100w\" sizes=\"auto, (max-width: 150px) 100vw, 150px\" \/>    <h3>XOW50W21A<\/h3>            <h4>Verwendung mit OW50<\/h4>                <span class=\"from\">Ab <span class=\"woocommerce-Price-amount amount\"><bdi>13,41<span class=\"woocommerce-Price-currencySymbol\">&euro;<\/span><\/bdi><\/span><\/span>            <button class=\"btn-table orange-one btn-add-to-cart\" type=\"button\" data-action=\"add-to-cart\" data-post-id=\"96329\" data-sku=\"XOW50W21A\" data-price=\"&lt;span class=&quot;woocommerce-Price-amount amount&quot;&gt;&lt;bdi&gt;13,41&lt;span class=&quot;woocommerce-Price-currencySymbol&quot;&gt;&euro;&lt;\/span&gt;&lt;\/bdi&gt;&lt;\/span&gt;\"  ><img decoding=\"async\" src=\"https:\/\/www.omnitrack.com\/wp-content\/themes\/omnitrack2023\/images\/cart-orange.svg\" alt=\"Cart icon\"> Jetzt kaufen<\/button><\/li><li class=\"\">    <img loading=\"lazy\" decoding=\"async\" width=\"150\" height=\"150\" src=\"https:\/\/www.omnitrack.com\/wp-content\/uploads\/2023\/03\/XOW50U24A.webp\" class=\"img-fluid\" alt=\"omniwheel accessory\" srcset=\"https:\/\/www.omnitrack.com\/wp-content\/uploads\/2023\/03\/XOW50U24A.webp 800w, https:\/\/www.omnitrack.com\/wp-content\/uploads\/2023\/03\/XOW50U24A-300x300.webp 300w, https:\/\/www.omnitrack.com\/wp-content\/uploads\/2023\/03\/XOW50U24A-150x150.webp 150w, https:\/\/www.omnitrack.com\/wp-content\/uploads\/2023\/03\/XOW50U24A-768x768.webp 768w, https:\/\/www.omnitrack.com\/wp-content\/uploads\/2023\/03\/XOW50U24A-600x600.webp 600w, https:\/\/www.omnitrack.com\/wp-content\/uploads\/2023\/03\/XOW50U24A-100x100.webp 100w\" sizes=\"auto, (max-width: 150px) 100vw, 150px\" \/>    <h3>XOW50U24A<\/h3>            <h4>Verwendung mit OW50<\/h4>                <span class=\"from\">Ab <span class=\"woocommerce-Price-amount amount\"><bdi>178,60<span class=\"woocommerce-Price-currencySymbol\">&euro;<\/span><\/bdi><\/span><\/span>            <button class=\"btn-table orange-one btn-add-to-cart\" type=\"button\" data-action=\"add-to-cart\" data-post-id=\"96330\" data-sku=\"XOW50U24A\" data-price=\"&lt;span class=&quot;woocommerce-Price-amount amount&quot;&gt;&lt;bdi&gt;178,60&lt;span class=&quot;woocommerce-Price-currencySymbol&quot;&gt;&euro;&lt;\/span&gt;&lt;\/bdi&gt;&lt;\/span&gt;\"  ><img decoding=\"async\" src=\"https:\/\/www.omnitrack.com\/wp-content\/themes\/omnitrack2023\/images\/cart-orange.svg\" alt=\"Cart icon\"> Jetzt kaufen<\/button><\/li><li class=\"\">    <img loading=\"lazy\" decoding=\"async\" width=\"150\" height=\"150\" src=\"https:\/\/www.omnitrack.com\/wp-content\/uploads\/2023\/03\/XOW50F21A.webp\" class=\"img-fluid\" alt=\"omniwheel accessory\" srcset=\"https:\/\/www.omnitrack.com\/wp-content\/uploads\/2023\/03\/XOW50F21A.webp 800w, https:\/\/www.omnitrack.com\/wp-content\/uploads\/2023\/03\/XOW50F21A-300x300.webp 300w, https:\/\/www.omnitrack.com\/wp-content\/uploads\/2023\/03\/XOW50F21A-150x150.webp 150w, https:\/\/www.omnitrack.com\/wp-content\/uploads\/2023\/03\/XOW50F21A-768x768.webp 768w, https:\/\/www.omnitrack.com\/wp-content\/uploads\/2023\/03\/XOW50F21A-600x600.webp 600w, https:\/\/www.omnitrack.com\/wp-content\/uploads\/2023\/03\/XOW50F21A-100x100.webp 100w\" sizes=\"auto, (max-width: 150px) 100vw, 150px\" \/>    <h3>XOW50F21A<\/h3>            <h4>Verwendung mit OW50<\/h4>                <span class=\"from\">Ab <span class=\"woocommerce-Price-amount amount\"><bdi>13,41<span class=\"woocommerce-Price-currencySymbol\">&euro;<\/span><\/bdi><\/span><\/span>            <button class=\"btn-table orange-one btn-add-to-cart\" type=\"button\" data-action=\"add-to-cart\" data-post-id=\"96331\" data-sku=\"XOW50F21A\" data-price=\"&lt;span class=&quot;woocommerce-Price-amount amount&quot;&gt;&lt;bdi&gt;13,41&lt;span class=&quot;woocommerce-Price-currencySymbol&quot;&gt;&euro;&lt;\/span&gt;&lt;\/bdi&gt;&lt;\/span&gt;\"  ><img decoding=\"async\" src=\"https:\/\/www.omnitrack.com\/wp-content\/themes\/omnitrack2023\/images\/cart-orange.svg\" alt=\"Cart icon\"> Jetzt kaufen<\/button><\/li><li class=\"\">    <img loading=\"lazy\" decoding=\"async\" width=\"150\" height=\"150\" src=\"https:\/\/www.omnitrack.com\/wp-content\/uploads\/2023\/03\/XOW125W21A.webp\" class=\"img-fluid\" alt=\"omniwheel accessory\" srcset=\"https:\/\/www.omnitrack.com\/wp-content\/uploads\/2023\/03\/XOW125W21A.webp 800w, https:\/\/www.omnitrack.com\/wp-content\/uploads\/2023\/03\/XOW125W21A-300x300.webp 300w, https:\/\/www.omnitrack.com\/wp-content\/uploads\/2023\/03\/XOW125W21A-150x150.webp 150w, https:\/\/www.omnitrack.com\/wp-content\/uploads\/2023\/03\/XOW125W21A-768x768.webp 768w, https:\/\/www.omnitrack.com\/wp-content\/uploads\/2023\/03\/XOW125W21A-600x600.webp 600w, https:\/\/www.omnitrack.com\/wp-content\/uploads\/2023\/03\/XOW125W21A-100x100.webp 100w\" sizes=\"auto, (max-width: 150px) 100vw, 150px\" \/>    <h3>XOW125W21A<\/h3>            <h4>Verwendung mit OW125<\/h4>                <span class=\"from\">Ab <span class=\"woocommerce-Price-amount amount\"><bdi>49,10<span class=\"woocommerce-Price-currencySymbol\">&euro;<\/span><\/bdi><\/span><\/span>            <button class=\"btn-table orange-one btn-add-to-cart\" type=\"button\" data-action=\"add-to-cart\" data-post-id=\"96327\" data-sku=\"XOW125W21A\" data-price=\"&lt;span class=&quot;woocommerce-Price-amount amount&quot;&gt;&lt;bdi&gt;49,10&lt;span class=&quot;woocommerce-Price-currencySymbol&quot;&gt;&euro;&lt;\/span&gt;&lt;\/bdi&gt;&lt;\/span&gt;\"  ><img decoding=\"async\" src=\"https:\/\/www.omnitrack.com\/wp-content\/themes\/omnitrack2023\/images\/cart-orange.svg\" alt=\"Cart icon\"> Jetzt kaufen<\/button><\/li><li class=\"\">    <img loading=\"lazy\" decoding=\"async\" width=\"150\" height=\"150\" src=\"https:\/\/www.omnitrack.com\/wp-content\/uploads\/2023\/03\/XOW125W22A.webp\" class=\"img-fluid\" alt=\"omniwheel accessory\" srcset=\"https:\/\/www.omnitrack.com\/wp-content\/uploads\/2023\/03\/XOW125W22A.webp 800w, https:\/\/www.omnitrack.com\/wp-content\/uploads\/2023\/03\/XOW125W22A-300x300.webp 300w, https:\/\/www.omnitrack.com\/wp-content\/uploads\/2023\/03\/XOW125W22A-150x150.webp 150w, https:\/\/www.omnitrack.com\/wp-content\/uploads\/2023\/03\/XOW125W22A-768x768.webp 768w, https:\/\/www.omnitrack.com\/wp-content\/uploads\/2023\/03\/XOW125W22A-600x600.webp 600w, https:\/\/www.omnitrack.com\/wp-content\/uploads\/2023\/03\/XOW125W22A-100x100.webp 100w\" sizes=\"auto, (max-width: 150px) 100vw, 150px\" \/>    <h3>XOW125W22A<\/h3>            <h4>Verwendung mit OW125<\/h4>                <span class=\"from\">Ab <span class=\"woocommerce-Price-amount amount\"><bdi>77,82<span class=\"woocommerce-Price-currencySymbol\">&euro;<\/span><\/bdi><\/span><\/span>            <button class=\"btn-table orange-one btn-add-to-cart\" type=\"button\" data-action=\"add-to-cart\" data-post-id=\"96328\" data-sku=\"XOW125W22A\" data-price=\"&lt;span class=&quot;woocommerce-Price-amount amount&quot;&gt;&lt;bdi&gt;77,82&lt;span class=&quot;woocommerce-Price-currencySymbol&quot;&gt;&euro;&lt;\/span&gt;&lt;\/bdi&gt;&lt;\/span&gt;\"  ><img decoding=\"async\" src=\"https:\/\/www.omnitrack.com\/wp-content\/themes\/omnitrack2023\/images\/cart-orange.svg\" alt=\"Cart icon\"> Jetzt kaufen<\/button><\/li>\t<\/ul><div class=\"omni-slider-controls\"><button class=\"omni-slider-prev\"><img src=\"https:\/\/www.omnitrack.com\/wp-content\/themes\/omnitrack2023\/images\/icon-arrow-blue-left.svg\" alt=\"Arrow left icon\" decoding=\"async\" loading=\"lazy\" alt=\"Arrow left icon\"><\/button> <button class=\"omni-slider-next\"><img src=\"https:\/\/www.omnitrack.com\/wp-content\/themes\/omnitrack2023\/images\/icon-arrow-blue-right.svg\" decoding=\"async\" loading=\"lazy\" alt=\"Arrow right icon\"><\/button><\/div><\/div><\/div>\n<\/section>\n<section id=\"cant-find\" class=\"row cpn-section py-5 two justify-content-between\"><div class=\"col-12 col-sm-6 col-lg-7 py-lg-4 pe-lg-5\">\n<h3 class=\"fontSize-2 fontSize-md-1\">Sie k\u00f6nnen nicht finden, was Sie suchen?<\/h3>\n<p class=\"fontSize-4\">Versuchen Sie, nach Schl\u00fcsselw\u00f6rtern, Teilenummern, Lasten und Befestigungsarten zu suchen.<\/p>\n<div class=\"input-group\"><form class=\"form-search\"><div class=\"input-group\">  <input type=\"text\" name=\"s\" class=\"form-control field\" placeholder=\"Suche Teilnummer\">  <input type=\"hidden\" name=\"post-type\" value=\"product\"><\/div><\/form><\/div>\n<\/div>\n<div class=\"col-12 col-sm-6 col-lg-5 py-lg-4 pt-4 pt-sm-0\">\n<h3 class=\"fontSize-2 fontSize-md-1\">Free technical advice<\/h3>\n<p class=\"fontSize-4\">Phone: <b><a href=\"tel:+4908001833297\">+49 0800 18 33 297<br \/><\/a><\/b><\/p>\n<p class=\"fontSize-4\">Email: <b><a href=\"mailto:info@omnitrack.com\">info@omnitrack.com<\/a><\/b><\/p>\n<div class=\"mt-4\"> <a class=\"btn-ot green me-2 mb-3 mb-md-0 w100-mobile\" href=\"https:\/\/wa.me\/447759128207\" target=\"_blank\" rel=\"noopener\"><img decoding=\"async\" loading=\"lazy\" src=\"https:\/\/www.omnitrack.com\/wp-content\/themes\/omnitrack2023\/images\/icon-whatsapp.svg\"  alt=\"WhatsApp Omnitrack\"  \/> WhatsApp<\/a> <a class=\"btn-ot w100-mobile\" href=\"https:\/\/calendly.com\/omnitrack\/15min\" target=\"_blank\" rel=\"noopener\"><img decoding=\"async\" loading=\"lazy\" src=\"https:\/\/www.omnitrack.com\/wp-content\/themes\/omnitrack2023\/images\/icon-schedule.svg\"  alt=\"Vereinbaren Sie einen Termin mit Omnitrack\"  \/> Einen Anruf vereinbaren<\/a><\/div>\n<\/div>\n<\/section>\n","protected":false},"excerpt":{"rendered":"<p>Omniwheels verf\u00fcgen \u00fcber periphere Rollen, die eine 360-Grad-Bewegung und Unterst\u00fctzung von unregelm\u00e4\u00dfig geformten Gegenst\u00e4nden erm\u00f6glichen. Ideal f\u00fcr Montage- und Inspektionslinien, Maschinenbeschickung und Verpackungsbereiche. Angetriebene und automatische Sortiersysteme verf\u00fcgbar &#8211; Kontaktieren Sie uns. (X) Last- und Rollenmaterialien Schwere Lasten erfordern eine h\u00f6here Shore-A-Rollenh\u00e4rte; weichere, d\u00e4mpfende Materialien beeintr\u00e4chtigen die Tragf\u00e4higkeit. OW48 und OW80 haben Achsen aus rostfreiem [&hellip;]<\/p>\n","protected":false},"author":7,"featured_media":0,"parent":97544,"menu_order":0,"comment_status":"closed","ping_status":"closed","template":"page-omniwheels.php","meta":{"inline_featured_image":false,"footnotes":""},"class_list":["post-97562","page","type-page","status-publish","hentry"],"acf":[],"_links":{"self":[{"href":"https:\/\/www.omnitrack.com\/de\/wp-json\/wp\/v2\/pages\/97562","targetHints":{"allow":["GET"]}}],"collection":[{"href":"https:\/\/www.omnitrack.com\/de\/wp-json\/wp\/v2\/pages"}],"about":[{"href":"https:\/\/www.omnitrack.com\/de\/wp-json\/wp\/v2\/types\/page"}],"author":[{"embeddable":true,"href":"https:\/\/www.omnitrack.com\/de\/wp-json\/wp\/v2\/users\/7"}],"replies":[{"embeddable":true,"href":"https:\/\/www.omnitrack.com\/de\/wp-json\/wp\/v2\/comments?post=97562"}],"version-history":[{"count":3,"href":"https:\/\/www.omnitrack.com\/de\/wp-json\/wp\/v2\/pages\/97562\/revisions"}],"predecessor-version":[{"id":107116,"href":"https:\/\/www.omnitrack.com\/de\/wp-json\/wp\/v2\/pages\/97562\/revisions\/107116"}],"up":[{"embeddable":true,"href":"https:\/\/www.omnitrack.com\/de\/wp-json\/wp\/v2\/pages\/97544"}],"wp:attachment":[{"href":"https:\/\/www.omnitrack.com\/de\/wp-json\/wp\/v2\/media?parent=97562"}],"curies":[{"name":"wp","href":"https:\/\/api.w.org\/{rel}","templated":true}]}}