{"id":97560,"date":"2023-02-08T00:50:30","date_gmt":"2023-02-08T00:50:30","guid":{"rendered":"https:\/\/www.omnitrack.com\/wheels-castors\/omnifloat\/"},"modified":"2024-03-08T01:48:59","modified_gmt":"2024-03-08T01:48:59","slug":"omnifloat","status":"publish","type":"page","link":"https:\/\/www.omnitrack.com\/de\/raeder-und-rollen\/omnifloat\/","title":{"rendered":"Omnifloat"},"content":{"rendered":"<section id=\"product-presentation-one\" class=\"row cpn-section\">\n<div class=\"col-12 col-md-6 col-lg-5\"><header class=\"row\">    <div class=\"col\">        <nav id=\"breadcrumb\">                    <\/nav>        <h1 class=\"fontSize-1\">Omnifloat<\/h1>    <\/div>    <\/header><\/p>\n<div class=\"row list-images image-sizes\" data-material=\"ST_material\">\n<div class=\"col-auto col-lg\">\n<div class=\"img-default\"><img loading=\"lazy\" decoding=\"async\" class=\"ST_material img-fluid alignnone wp-image-79836 size-full\" src=\"https:\/\/www.omnitrack.com\/wp-content\/uploads\/2023\/03\/Omnifloat-serie.webp\" alt=\"Omnifloat\" width=\"400\" height=\"400\" data-fullsrc=\"\" srcset=\"https:\/\/www.omnitrack.com\/wp-content\/uploads\/2023\/03\/Omnifloat-serie.webp 400w, https:\/\/www.omnitrack.com\/wp-content\/uploads\/2023\/03\/Omnifloat-serie-300x300.webp 300w, https:\/\/www.omnitrack.com\/wp-content\/uploads\/2023\/03\/Omnifloat-serie-150x150.webp 150w, https:\/\/www.omnitrack.com\/wp-content\/uploads\/2023\/03\/Omnifloat-serie-100x100.webp 100w\" sizes=\"auto, (max-width: 400px) 100vw, 400px\" \/><\/div>\n<\/div>\n<div class=\"col-auto col-lg\">\n<div><img loading=\"lazy\" decoding=\"async\" class=\"img-fluid alignnone wp-image-79837 size-full\" src=\"https:\/\/www.omnitrack.com\/wp-content\/uploads\/2023\/03\/Diagram-Omnifloat-serie.webp\" alt=\"Omnifloat-Diagramm\" width=\"400\" height=\"400\" data-fullsrc=\"\" srcset=\"https:\/\/www.omnitrack.com\/wp-content\/uploads\/2023\/03\/Diagram-Omnifloat-serie.webp 400w, https:\/\/www.omnitrack.com\/wp-content\/uploads\/2023\/03\/Diagram-Omnifloat-serie-300x300.webp 300w, https:\/\/www.omnitrack.com\/wp-content\/uploads\/2023\/03\/Diagram-Omnifloat-serie-150x150.webp 150w, https:\/\/www.omnitrack.com\/wp-content\/uploads\/2023\/03\/Diagram-Omnifloat-serie-100x100.webp 100w\" sizes=\"auto, (max-width: 400px) 100vw, 400px\" \/><\/div>\n<\/div>\n<\/div>\n<\/div>\n<div class=\"col-12 col-md-6 col-lg-7\">\n<div class=\"row\">\n<div class=\"col col-lg-6 mb-3 mb-lg-0\"><div class=\"box-material-upgrade\">        <div class=\"form-check ps-0\">        <h4 class=\"fontSize-3 my-3\">Optionen f\u00fcr Kugelmaterial:<\/h4>        <div class=\"box-input-material-upgrade mb-2 d-flex flex-row justify-content-between active\">            <label class=\"form-check-label\" for=\"materialUpgrade1\">                <span class=\"material ball material-R pe-2\">                    <div>                        <strong>Gummiball<\/strong><br \/>                        <small>Bessere Halt (schwarz) 70 Shore A -20\u2070C bis +80\u2070C<\/small>                    <\/div>\t\t\t\t<\/span>                <span class=\"pe-2\"><img src=\"https:\/\/www.omnitrack.com\/wp-content\/themes\/omnitrack2023\/images\/icon-rubber-ball.webp\" alt=\"Rubber ball icon\" decoding=\"async\" loading=\"lazy\"\/><\/span>            <\/label>            <input class=\"form-check-input inputCheck\" type=\"radio\" name=\"materialUpgrade\" id=\"materialUpgrade1\"  value=\"R_material\" checked>        <\/div>        <div class=\"box-input-material-upgrade mb-2 d-flex flex-row justify-content-between\">            <label class=\"form-check-label\" for=\"materialUpgrade2\">                <span class=\"material ball material-P pe-2\">\t\t\t\t\t<div>                        <strong>Polyurethan-Kugel<\/strong><br \/>                        <small>Verschlei\u00dffest (Karamell)92 Shore A -20\u2070C bis +80\u2070C<\/small>                    <\/div>\t\t\t\t<\/span>                <span class=\"pe-2\"><img src=\"https:\/\/www.omnitrack.com\/wp-content\/themes\/omnitrack2023\/images\/icon-feather.svg\" alt =\"Feather icon\" decoding=\"async\" loading=\"lazy\"\/><\/span>            <\/label>            <input class=\"form-check-input inputCheck\" type=\"radio\" name=\"materialUpgrade\" id=\"materialUpgrade2\"  value=\"P_material\">        <\/div>        <div class=\"box-input-material-upgrade mb-2 d-flex flex-row justify-content-between\">            <label class=\"form-check-label\" for=\"materialUpgrade3\">                <span class=\"material ball material-HT pe-2\">                    <div>                        <strong>Hochtemperatur-Kugel<\/strong><br \/>                        <small>Hitzebest\u00e4ndig (Rot) 80 Shore A -20\u2070C bis +150\u2070C<\/small>                    <\/div>\t\t\t\t<\/span>                <span class=\"pe-2\"><img src=\"https:\/\/www.omnitrack.com\/wp-content\/themes\/omnitrack2023\/images\/icon-fire.svg\" alt=\"Fire icon\" decoding=\"async\" loading=\"lazy\" \/><\/span>            <\/label>            <input class=\"form-check-input inputCheck\" type=\"radio\" name=\"materialUpgrade\" id=\"materialUpgrade3\"  value=\"HT_material\">        <\/div>    <\/div><\/div><\/div>\n<div class=\"col col-lg-6\"><div class=\"box-material-upgrade\">        <div class=\"form-check ps-0\">        <h4 class=\"fontSize-3 my-3\">Optionen f\u00fcr das Material der Arme:<\/h4>        <div class=\"box-input-material-upgrade mb-2 d-flex flex-row justify-content-between active\">            <label class=\"form-check-label pe-2\" for=\"materialUpgradeArm1\">                <span class=\"material arm pe-2\">                    <div>                        <strong>Verzinktes Stahlblech:<\/strong><br \/>                        <small>AISI 1113<\/small>                    <\/div>                <\/span>            <\/label>            <input class=\"form-check-input inputCheck\" type=\"radio\" name=\"materialUpgradeArm\" id=\"materialUpgradeArm1\"  value=\"Z_material_arm\" checked>        <\/div>        <div class=\"box-input-material-upgrade mb-2 d-flex flex-row justify-content-between\">            <label class=\"form-check-label pe-2\" for=\"materialUpgradeArm2\">                <span class=\"material arm material-SS pe-2\">                    <div>                        <strong>Edelstahl<\/strong><br \/>                        <small>AISI 304 Korrosion \/ Chemikalien<\/small>                    <\/div>                <\/span>            <\/label>            <input class=\"form-check-input inputCheck\" type=\"radio\" name=\"materialUpgradeArm\" id=\"materialUpgradeArm2\"  value=\"SS_material_arm\">        <\/div>    <\/div><\/div><\/div>\n<\/div>\n<\/div>\n<\/section>\n<section id=\"part-table-one\" class=\"row cpn-section\">\n<div class=\"col\"><div class=\"switcher mt-3 mt-md-0 mx-2 me-sm-0 ms-sm-5\">    <div class=\"switcher-title\"><b>Messungen wechseln:<\/b> <\/span><\/div>    <button class=\"toggle-unit\" type=\"button\"><span class=\"switch-metric\">Metrisch (mm\/kg)<\/span><span class=\"switch\"><\/span><span class=\"switch-imperial\">Imperial (Zoll\/lb)<\/span><\/button><\/div> [omni_render_table class-container=&#8220;table-scroll table-mobi&#8220;]<\/div>\n<\/section>\n<section id=\"icons-grid-one\" class=\"row cpn-section\">\n<div class=\"col-12 col-md-5 col-xl-6 col-xxl-7 fontSize-4\">\n<p>Die Kugelschwenkrollen des Typs Omnifloat erm\u00f6glichen schonende Materialf\u00f6rderung und Richtungswechsel mit Schutz empfindlicher Oberfl\u00e4chen. Sie werden in der Glas verarbeitenden Industrie zum Transport von Glas unter feuchten, korrosiven und staubigen Bedingungen und in Hochtemperaturprozessen verwendet.<\/p>\n<p>&#8222;Omnifloat-Kugelschwenkrollen werden im Normalfall als 50-% Mischung aus links und rechtsschwenkenden Einheiten geliefert. Am besten montieren Sie die Schwenkrollen in einem einheitlichen Wechselmuster. So begrenzen Sie den Vorverzug und schaffen eine neutrale F\u00f6rderebene. &#8222;<\/p>\n<p>Ersatzkugeln bestellbar. Bessere Widerstandsf\u00e4higkeit und l\u00e4ngere Lebenszeit durch Nachr\u00fcstung von Laufkugeln aus Alternativwerkstoffen.<\/p>\n<\/div>\n<div class=\"col-12 col-md-7 col-xl-6 col-xxl-5\"><div class=\"grid-wrap\">\n<div class=\"row mb-3 g-2 g-md-3\">\n<div class=\"col-4\">\n<div class=\"grid-item\"><img decoding=\"async\" loading=\"lazy\" src=\"https:\/\/www.omnitrack.com\/wp-content\/themes\/omnitrack2023\/images\/icon-contamined-environments.svg\" class=\"ico-icons-grid\" alt=\"Verseuchte Umgebungen\"  \/>Verseuchte Umgebungen<small><\/small><\/div>\n<\/div>\n<div class=\"col-4\">\n<div class=\"grid-item\"><img decoding=\"async\" loading=\"lazy\" src=\"https:\/\/www.omnitrack.com\/wp-content\/themes\/omnitrack2023\/images\/icon-temperature.svg\" class=\"ico-icons-grid\" alt=\"Temperatur\"  \/>Temperatur<br \/>-20\/150\u00baC<small><\/small><\/div>\n<\/div>\n<div class=\"col-4\">\n<div class=\"grid-item\"><img decoding=\"async\" loading=\"lazy\" src=\"https:\/\/www.omnitrack.com\/wp-content\/themes\/omnitrack2023\/images\/icon-user-seviceble.svg\" class=\"ico-icons-grid\" alt=\"Ersatzteile\"  \/>Ersatzteile<small><\/small><\/div>\n<\/div>\n<\/div>\n<\/div>\n<\/div>\n<\/section>\n<div class=\"row cpn-section\">\n<div class=\"col\">\n<hr \/>\n<\/div>\n<\/div>\n<section id=\"replacement-balls\" class=\"row cpn-section pb-5\">\n<div class=\"col\">\n<div class=\"row mb-4\">\n<h2>Ersatzkugeln<\/h2>\n<p>Ersatzkugeln bestellbar. Bessere Widerstandsf\u00e4higkeit und l\u00e4ngere Lebenszeit durch Nachr\u00fcstung von Laufkugeln aus Alternativwerkstoffen.<\/p>\n<\/div>\n<div class=\"row justify-content-between\">\n<div class=\"col-12 col-lg-9 col-xl-7\"><div class=\"table-no-scroll\">\n<table class=\"part-table replacement-balls nofooter table table-striped\">\n<thead>\n<tr>\n<td>Suffix<\/td>\n<td width=\"35%\">Material spezifizieren<\/td>\n<td>&nbsp;<\/td>\n<td class=\"text-center\">35mm<br \/><button class=\"btn-download btn-table lilac-one\" type=\"button\" disabled>PDF<\/button> <button class=\"btn-download btn-table lilac-one\" type=\"button\" disabled>Step<\/button><\/td>\n<td class=\"text-center\">50mm<br \/><button class=\"btn-download btn-table lilac-one\" type=\"button\" disabled>PDF<\/button> <button class=\"btn-download btn-table lilac-one\" type=\"button\" disabled>Step<\/button><\/td>\n<\/tr>\n<\/thead>\n<tbody>\n<tr>\n<td>\n<div class=\"material ball material-R justify-content-center\"> <\/div>\n<\/td>\n<td class=\"text-start\">\n<h4>Gummiball<\/h4>\n<p>Bessere Halt (schwarz)<br \/>70 Shore A -20\u2070C bis +80\u2070C<\/p>\n<\/td>\n<td><img decoding=\"async\" loading=\"lazy\" src=\"https:\/\/www.omnitrack.com\/wp-content\/themes\/omnitrack2023\/images\/icon-rubber-ball-lg-2.webp\" class=\"icon\" alt=\"icon-rubber-ball-lg-2\"  \/><\/td>\n<td>\n<h3>S35R<\/h3>\n<p><button class=\"btn-table orange-one btn-add-to-cart\" type=\"button\" data-action=\"add-to-cart\" data-post-id=\"96561\" data-sku=\"S35R\" data-price=\"&lt;span class=&quot;woocommerce-Price-amount amount&quot;&gt;&lt;bdi&gt;2,04&lt;span class=&quot;woocommerce-Price-currencySymbol&quot;&gt;&euro;&lt;\/span&gt;&lt;\/bdi&gt;&lt;\/span&gt;\"  > In den Warenkorb<\/button><\/td>\n<td>\n<h3>S50R<\/h3>\n<p><button class=\"btn-table orange-one btn-add-to-cart\" type=\"button\" data-action=\"add-to-cart\" data-post-id=\"96536\" data-sku=\"S50R\" data-price=\"&lt;span class=&quot;woocommerce-Price-amount amount&quot;&gt;&lt;bdi&gt;3,09&lt;span class=&quot;woocommerce-Price-currencySymbol&quot;&gt;&euro;&lt;\/span&gt;&lt;\/bdi&gt;&lt;\/span&gt;\"  > In den Warenkorb<\/button><\/td>\n<\/tr>\n<tr>\n<td>\n<div class=\"material ball material-P justify-content-center\"> <\/div>\n<\/td>\n<td class=\"text-start\">\n<h4>Polyurethan-Kugel<\/h4>\n<p>Verschlei\u00dffest (Karamell)<br \/>92 Shore A -20\u2070C bis +80\u2070C<\/p>\n<\/td>\n<td><img decoding=\"async\" loading=\"lazy\" src=\"https:\/\/www.omnitrack.com\/wp-content\/themes\/omnitrack2023\/images\/icon-feather.svg\" class=\"icon\" alt=\"icon-feather\"  \/><\/td>\n<td>\n<h3>S35P<\/h3>\n<p><button class=\"btn-table orange-one btn-add-to-cart\" type=\"button\" data-action=\"add-to-cart\" data-post-id=\"96559\" data-sku=\"S35P\" data-price=\"&lt;span class=&quot;woocommerce-Price-amount amount&quot;&gt;&lt;bdi&gt;2,85&lt;span class=&quot;woocommerce-Price-currencySymbol&quot;&gt;&euro;&lt;\/span&gt;&lt;\/bdi&gt;&lt;\/span&gt;\"  > In den Warenkorb<\/button><\/td>\n<td>\n<h3>S50P<\/h3>\n<p><button class=\"btn-table orange-one btn-add-to-cart\" type=\"button\" data-action=\"add-to-cart\" data-post-id=\"96534\" data-sku=\"S50P\" data-price=\"&lt;span class=&quot;woocommerce-Price-amount amount&quot;&gt;&lt;bdi&gt;3,59&lt;span class=&quot;woocommerce-Price-currencySymbol&quot;&gt;&euro;&lt;\/span&gt;&lt;\/bdi&gt;&lt;\/span&gt;\"  > In den Warenkorb<\/button><\/td>\n<\/tr>\n<tr>\n<td>\n<div class=\"material ball material-HT justify-content-center\"> <\/div>\n<\/td>\n<td class=\"text-start\">\n<h4>Hochtemperatur-Kugel<\/h4>\n<p>Hitzebest\u00e4ndig (Rot)<br \/>80 Shore A -20\u2070C bis +150\u2070C<\/p>\n<\/td>\n<td><img decoding=\"async\" loading=\"lazy\" src=\"https:\/\/www.omnitrack.com\/wp-content\/themes\/omnitrack2023\/images\/icon-fire.svg\" class=\"icon\" alt=\"icon-fire\"  \/><\/td>\n<td class=\"text-center\">\n<h3>S35HT<\/h3>\n<p><button class=\"btn-table orange-one btn-add-to-cart\" type=\"button\" data-action=\"add-to-cart\" data-post-id=\"96560\" data-sku=\"S35HT\" data-price=\"&lt;span class=&quot;woocommerce-Price-amount amount&quot;&gt;&lt;bdi&gt;3,09&lt;span class=&quot;woocommerce-Price-currencySymbol&quot;&gt;&euro;&lt;\/span&gt;&lt;\/bdi&gt;&lt;\/span&gt;\"  > In den Warenkorb<\/button><\/td>\n<td class=\"text-center\">\n<h3>S50HT<\/h3>\n<p><button class=\"btn-table orange-one btn-add-to-cart\" type=\"button\" data-action=\"add-to-cart\" data-post-id=\"96535\" data-sku=\"S50HT\" data-price=\"&lt;span class=&quot;woocommerce-Price-amount amount&quot;&gt;&lt;bdi&gt;4,49&lt;span class=&quot;woocommerce-Price-currencySymbol&quot;&gt;&euro;&lt;\/span&gt;&lt;\/bdi&gt;&lt;\/span&gt;\"  > In den Warenkorb<\/button><\/td>\n<\/tr>\n<\/tbody>\n<\/table>\n<\/div>\n<\/div>\n<div class=\"col-12 col-lg-3 col-xl-3 mt-3\">\n<div class=\"row\">\n<div class=\"col-6 col-lg-12\"><img loading=\"lazy\" decoding=\"async\" class=\"img-fluid img-border alignnone wp-image-95616 size-full\" src=\"https:\/\/www.omnitrack.com\/wp-content\/uploads\/2023\/07\/Omnifloat_Remove.webp\" alt=\"Omnifloat Entfernen\" width=\"576\" height=\"374\" srcset=\"https:\/\/www.omnitrack.com\/wp-content\/uploads\/2023\/07\/Omnifloat_Remove.webp 576w, https:\/\/www.omnitrack.com\/wp-content\/uploads\/2023\/07\/Omnifloat_Remove-300x195.webp 300w\" sizes=\"auto, (max-width: 576px) 100vw, 576px\" \/><\/p>\n<p class=\"fw-bold text-center fontSize-4\">Entfernen<\/p>\n<\/div>\n<div class=\"col-6 col-lg-12\"><img loading=\"lazy\" decoding=\"async\" class=\"img-fluid img-border alignnone wp-image-79838 size-full\" src=\"https:\/\/www.omnitrack.com\/wp-content\/uploads\/2023\/03\/Omnifloat_Snap_Fitting.webp\" alt=\"Omnifloat Schnappmontage\" width=\"575\" height=\"373\" srcset=\"https:\/\/www.omnitrack.com\/wp-content\/uploads\/2023\/03\/Omnifloat_Snap_Fitting.webp 575w, https:\/\/www.omnitrack.com\/wp-content\/uploads\/2023\/03\/Omnifloat_Snap_Fitting-300x195.webp 300w\" sizes=\"auto, (max-width: 575px) 100vw, 575px\" \/><\/p>\n<p class=\"fw-bold text-center fontSize-4\">Schnappmontage<\/p>\n<\/div>\n<\/div>\n<\/div>\n<\/div>\n<\/div>\n<\/section>\n<section id=\"cant-find\" class=\"row cpn-section py-5 two justify-content-between\"><div class=\"col-12 col-sm-6 col-lg-7 py-lg-4 pe-lg-5\">\n<h3 class=\"fontSize-2 fontSize-md-1\">Sie k\u00f6nnen nicht finden, was Sie suchen?<\/h3>\n<p class=\"fontSize-4\">Versuchen Sie, nach Schl\u00fcsselw\u00f6rtern, Teilenummern, Lasten und Befestigungsarten zu suchen.<\/p>\n<div class=\"input-group\"><form class=\"form-search\"><div class=\"input-group\">  <input type=\"text\" name=\"s\" class=\"form-control field\" placeholder=\"Suche Teilnummer\">  <input type=\"hidden\" name=\"post-type\" value=\"product\"><\/div><\/form><\/div>\n<\/div>\n<div class=\"col-12 col-sm-6 col-lg-5 py-lg-4 pt-4 pt-sm-0\">\n<h3 class=\"fontSize-2 fontSize-md-1\">Free technical advice<\/h3>\n<p class=\"fontSize-4\">Phone: <b><a href=\"tel:+4908001833297\">+49 0800 18 33 297<br \/><\/a><\/b><\/p>\n<p class=\"fontSize-4\">Email: <b><a href=\"mailto:info@omnitrack.com\">info@omnitrack.com<\/a><\/b><\/p>\n<div class=\"mt-4\"> <a class=\"btn-ot green me-2 mb-3 mb-md-0 w100-mobile\" href=\"https:\/\/wa.me\/447759128207\" target=\"_blank\" rel=\"noopener\"><img decoding=\"async\" loading=\"lazy\" src=\"https:\/\/www.omnitrack.com\/wp-content\/themes\/omnitrack2023\/images\/icon-whatsapp.svg\"  alt=\"WhatsApp Omnitrack\"  \/> WhatsApp<\/a> <a class=\"btn-ot w100-mobile\" href=\"https:\/\/calendly.com\/omnitrack\/15min\" target=\"_blank\" rel=\"noopener\"><img decoding=\"async\" loading=\"lazy\" src=\"https:\/\/www.omnitrack.com\/wp-content\/themes\/omnitrack2023\/images\/icon-schedule.svg\"  alt=\"Vereinbaren Sie einen Termin mit Omnitrack\"  \/> Einen Anruf vereinbaren<\/a><\/div>\n<\/div>\n<\/section>\n","protected":false},"excerpt":{"rendered":"<p>[omni_render_table class-container=&#8220;table-scroll table-mobi&#8220;] Die Kugelschwenkrollen des Typs Omnifloat erm\u00f6glichen schonende Materialf\u00f6rderung und Richtungswechsel mit Schutz empfindlicher Oberfl\u00e4chen. Sie werden in der Glas verarbeitenden Industrie zum Transport von Glas unter feuchten, korrosiven und staubigen Bedingungen und in Hochtemperaturprozessen verwendet. &#8222;Omnifloat-Kugelschwenkrollen werden im Normalfall als 50-% Mischung aus links und rechtsschwenkenden Einheiten geliefert. Am besten montieren Sie [&hellip;]<\/p>\n","protected":false},"author":7,"featured_media":0,"parent":97544,"menu_order":0,"comment_status":"closed","ping_status":"closed","template":"page-omnifloat.php","meta":{"inline_featured_image":false,"footnotes":""},"class_list":["post-97560","page","type-page","status-publish","hentry"],"acf":[],"_links":{"self":[{"href":"https:\/\/www.omnitrack.com\/de\/wp-json\/wp\/v2\/pages\/97560","targetHints":{"allow":["GET"]}}],"collection":[{"href":"https:\/\/www.omnitrack.com\/de\/wp-json\/wp\/v2\/pages"}],"about":[{"href":"https:\/\/www.omnitrack.com\/de\/wp-json\/wp\/v2\/types\/page"}],"author":[{"embeddable":true,"href":"https:\/\/www.omnitrack.com\/de\/wp-json\/wp\/v2\/users\/7"}],"replies":[{"embeddable":true,"href":"https:\/\/www.omnitrack.com\/de\/wp-json\/wp\/v2\/comments?post=97560"}],"version-history":[{"count":3,"href":"https:\/\/www.omnitrack.com\/de\/wp-json\/wp\/v2\/pages\/97560\/revisions"}],"predecessor-version":[{"id":100664,"href":"https:\/\/www.omnitrack.com\/de\/wp-json\/wp\/v2\/pages\/97560\/revisions\/100664"}],"up":[{"embeddable":true,"href":"https:\/\/www.omnitrack.com\/de\/wp-json\/wp\/v2\/pages\/97544"}],"wp:attachment":[{"href":"https:\/\/www.omnitrack.com\/de\/wp-json\/wp\/v2\/media?parent=97560"}],"curies":[{"name":"wp","href":"https:\/\/api.w.org\/{rel}","templated":true}]}}