{"id":97555,"date":"2023-01-26T12:02:36","date_gmt":"2023-01-26T12:02:36","guid":{"rendered":"https:\/\/www.omnitrack.com\/ball-transfer-units\/light-duty\/"},"modified":"2024-04-12T15:04:11","modified_gmt":"2024-04-12T15:04:11","slug":"light-duty","status":"publish","type":"page","link":"https:\/\/www.omnitrack.com\/de\/kugelrollen\/light-duty\/","title":{"rendered":"Light Duty"},"content":{"rendered":"<section id=\"header-product-one\" class=\"row cpn-section\">\n<div class=\"col\"><header class=\"row\">    <div class=\"col\">        <nav id=\"breadcrumb\">                    <\/nav>        <h1 class=\"fontSize-1\">Light Duty<\/h1>    <\/div>    <\/header><\/div>\n<div><strong><span style=\"font-size: 24px;\">Light-Duty-Kugelrollen<\/span><\/strong><\/div>\n<\/section>\n<section id=\"category-list-two\" class=\"row cpn-section\">\n<div class=\"col\"><ul class=\"row category-list clear-list g-3 g-sm-4\"><li class=\"col-6 col-sm-4 col-lg-3 col-xl-3 col-xxl-20 \">    <a href=\"https:\/\/www.omnitrack.com\/de\/ball-transfer-units\/light-duty\/l-series-push-fit-clip-fixing-range\/\" class=\"category-list-item\" alt=\"Baureihe L-Steck- und Clipbefestigung\">        <img loading=\"lazy\" decoding=\"async\" width=\"150\" height=\"150\" src=\"https:\/\/www.omnitrack.com\/wp-content\/uploads\/2023\/03\/L-Clip.webp\" class=\"img-fluid\" alt=\"Transfer Unit\" srcset=\"https:\/\/www.omnitrack.com\/wp-content\/uploads\/2023\/03\/L-Clip.webp 600w, https:\/\/www.omnitrack.com\/wp-content\/uploads\/2023\/03\/L-Clip-300x300.webp 300w, https:\/\/www.omnitrack.com\/wp-content\/uploads\/2023\/03\/L-Clip-150x150.webp 150w, https:\/\/www.omnitrack.com\/wp-content\/uploads\/2023\/03\/L-Clip-100x100.webp 100w\" sizes=\"auto, (max-width: 150px) 100vw, 150px\" \/>        <h3 class=\"fontSize-4 fontSize-sm-3 mb-0 mb-sm-2\">Baureihe L<\/h3>                    <small>Steck- und Clipbefestigung<\/small>                    <\/a><\/li><li class=\"col-6 col-sm-4 col-lg-3 col-xl-3 col-xxl-20 \">    <a href=\"https:\/\/www.omnitrack.com\/de\/ball-transfer-units\/light-duty\/ld-series-saturn-type\/\" class=\"category-list-item\" alt=\"Baureihe LD-Saturn-Kugelrollen\">        <img loading=\"lazy\" decoding=\"async\" width=\"150\" height=\"150\" src=\"https:\/\/www.omnitrack.com\/wp-content\/uploads\/2023\/03\/LD_2.webp\" class=\"img-fluid\" alt=\"saturn type ball transfer unit\" srcset=\"https:\/\/www.omnitrack.com\/wp-content\/uploads\/2023\/03\/LD_2.webp 800w, https:\/\/www.omnitrack.com\/wp-content\/uploads\/2023\/03\/LD_2-300x300.webp 300w, https:\/\/www.omnitrack.com\/wp-content\/uploads\/2023\/03\/LD_2-150x150.webp 150w, https:\/\/www.omnitrack.com\/wp-content\/uploads\/2023\/03\/LD_2-768x768.webp 768w, https:\/\/www.omnitrack.com\/wp-content\/uploads\/2023\/03\/LD_2-600x600.webp 600w, https:\/\/www.omnitrack.com\/wp-content\/uploads\/2023\/03\/LD_2-100x100.webp 100w\" sizes=\"auto, (max-width: 150px) 100vw, 150px\" \/>        <h3 class=\"fontSize-4 fontSize-sm-3 mb-0 mb-sm-2\">Baureihe LD<\/h3>                    <small>Saturn-Kugelrollen<\/small>                    <\/a><\/li><li class=\"col-6 col-sm-4 col-lg-3 col-xl-3 col-xxl-20 \">    <a href=\"https:\/\/www.omnitrack.com\/de\/ball-transfer-units\/light-duty\/lf-series-flange-mounted\/\" class=\"category-list-item\" alt=\"Baureihe LF-Kugelrollen mit Flanschmontage\">        <img loading=\"lazy\" decoding=\"async\" width=\"150\" height=\"150\" src=\"https:\/\/www.omnitrack.com\/wp-content\/uploads\/2023\/03\/LF.webp\" class=\"img-fluid\" alt=\"flange mounted 4 holes\" srcset=\"https:\/\/www.omnitrack.com\/wp-content\/uploads\/2023\/03\/LF.webp 800w, https:\/\/www.omnitrack.com\/wp-content\/uploads\/2023\/03\/LF-300x300.webp 300w, https:\/\/www.omnitrack.com\/wp-content\/uploads\/2023\/03\/LF-150x150.webp 150w, https:\/\/www.omnitrack.com\/wp-content\/uploads\/2023\/03\/LF-768x768.webp 768w, https:\/\/www.omnitrack.com\/wp-content\/uploads\/2023\/03\/LF-600x600.webp 600w, https:\/\/www.omnitrack.com\/wp-content\/uploads\/2023\/03\/LF-100x100.webp 100w\" sizes=\"auto, (max-width: 150px) 100vw, 150px\" \/>        <h3 class=\"fontSize-4 fontSize-sm-3 mb-0 mb-sm-2\">Baureihe LF<\/h3>                    <small>Kugelrollen mit Flanschmontage<\/small>                    <\/a><\/li><li class=\"col-6 col-sm-4 col-lg-3 col-xl-3 col-xxl-20 \">    <a href=\"https:\/\/www.omnitrack.com\/de\/ball-transfer-units\/light-duty\/lm-series-cased-spring-loaded\/\" class=\"category-list-item\" alt=\"Baureihe LM-Federbelastetes Geh\u00e4use\">        <img loading=\"lazy\" decoding=\"async\" width=\"150\" height=\"150\" src=\"https:\/\/www.omnitrack.com\/wp-content\/uploads\/2023\/03\/LM.webp\" class=\"img-fluid\" alt=\"light duty ball transfer\" srcset=\"https:\/\/www.omnitrack.com\/wp-content\/uploads\/2023\/03\/LM.webp 800w, https:\/\/www.omnitrack.com\/wp-content\/uploads\/2023\/03\/LM-300x300.webp 300w, https:\/\/www.omnitrack.com\/wp-content\/uploads\/2023\/03\/LM-150x150.webp 150w, https:\/\/www.omnitrack.com\/wp-content\/uploads\/2023\/03\/LM-768x768.webp 768w, https:\/\/www.omnitrack.com\/wp-content\/uploads\/2023\/03\/LM-600x600.webp 600w, https:\/\/www.omnitrack.com\/wp-content\/uploads\/2023\/03\/LM-100x100.webp 100w\" sizes=\"auto, (max-width: 150px) 100vw, 150px\" \/>        <h3 class=\"fontSize-4 fontSize-sm-3 mb-0 mb-sm-2\">Baureihe LM<\/h3>                    <small>Federbelastetes Geh\u00e4use<\/small>                    <\/a><\/li><li class=\"col-6 col-sm-4 col-lg-3 col-xl-3 col-xxl-20 \">    <a href=\"https:\/\/www.omnitrack.com\/de\/ball-transfer-units\/light-duty\/lp-series-all-plastic-clip-fixing-range\/\" class=\"category-list-item\" alt=\"Baureihe LP-Kunststoff-Kugelrollen und mit Befestigungsklammern\">        <img loading=\"lazy\" decoding=\"async\" width=\"150\" height=\"150\" src=\"https:\/\/www.omnitrack.com\/wp-content\/uploads\/2023\/03\/LPSS_LK.webp\" class=\"img-fluid\" alt=\"Transfer Unit\" srcset=\"https:\/\/www.omnitrack.com\/wp-content\/uploads\/2023\/03\/LPSS_LK.webp 600w, https:\/\/www.omnitrack.com\/wp-content\/uploads\/2023\/03\/LPSS_LK-300x300.webp 300w, https:\/\/www.omnitrack.com\/wp-content\/uploads\/2023\/03\/LPSS_LK-150x150.webp 150w, https:\/\/www.omnitrack.com\/wp-content\/uploads\/2023\/03\/LPSS_LK-100x100.webp 100w\" sizes=\"auto, (max-width: 150px) 100vw, 150px\" \/>        <h3 class=\"fontSize-4 fontSize-sm-3 mb-0 mb-sm-2\">Baureihe LP<\/h3>                    <small>Kunststoff-Kugelrollen und mit Befestigungsklammern<\/small>                    <\/a><\/li><li class=\"col-6 col-sm-4 col-lg-3 col-xl-3 col-xxl-20 \">    <a href=\"https:\/\/www.omnitrack.com\/de\/ball-transfer-units\/light-duty\/ball-transfer-rails\/\" class=\"category-list-item\" alt=\"Kugelumlaufschienen\">        <img loading=\"lazy\" decoding=\"async\" width=\"150\" height=\"150\" src=\"https:\/\/www.omnitrack.com\/wp-content\/uploads\/2023\/03\/R15-1.webp\" class=\"img-fluid\" alt=\"Rails\" srcset=\"https:\/\/www.omnitrack.com\/wp-content\/uploads\/2023\/03\/R15-1.webp 600w, https:\/\/www.omnitrack.com\/wp-content\/uploads\/2023\/03\/R15-1-300x300.webp 300w, https:\/\/www.omnitrack.com\/wp-content\/uploads\/2023\/03\/R15-1-150x150.webp 150w, https:\/\/www.omnitrack.com\/wp-content\/uploads\/2023\/03\/R15-1-100x100.webp 100w\" sizes=\"auto, (max-width: 150px) 100vw, 150px\" \/>        <h3 class=\"fontSize-4 fontSize-sm-3 mb-0 mb-sm-2\">Kugelumlaufschienen<\/h3>                    <\/a><\/li><\/ul><\/div>\n<\/section>\n<div class=\"row cpn-section\">\n<div class=\"col\">\n<hr \/>\n<\/div>\n<\/div>\n<section id=\"icons-grid-one\" class=\"row cpn-section\">\n<div class=\"col-12 col-sm-5 col-xl-6 col-xxl-7 fontSize-4 text-content\">\n<ul>\n<li>Light-Duty-<a href=\"https:\/\/www.omnitrack.com\/de\/kugelrollen\/\">Kugelrollen<\/a> sind ideal f\u00fcr F\u00f6rderanwendungen, bei denen die Kugeln nach oben ausgerichtet werden m\u00fcssen.<\/li>\n<li>Die Kugelrollen aus gepresstem Stahl sind lebensdauergeschmiert und die meisten Typen sind mit alternativen Werkstoffen erh\u00e4ltlich, um den Einsatz in verschiedenen Betriebsumgebungen zu erm\u00f6glichen.<\/li>\n<li>LP-Plastik-Kugelrollen sind nicht magnetisch, leicht und bieten vollst\u00e4ndige Korrosionsbest\u00e4ndigkeit.<\/li>\n<\/ul>\n<\/div>\n<div class=\"col-12 col-sm-7 col-xl-6 col-xxl-5\"><div class=\"grid-wrap\">\n<div class=\"row g-2 g-sm-3 mb-2 mb-sm-3\">\n<div class=\"col-4\">\n<div class=\"grid-item\"><img decoding=\"async\" loading=\"lazy\" src=\"https:\/\/www.omnitrack.com\/wp-content\/themes\/omnitrack2023\/images\/icon-low-friction.svg\" class=\"ico-icons-grid\" alt=\"Geringe Reibung\"  \/> Geringe Reibung<br \/>1 : 0,003  <small><\/small><\/div>\n<\/div>\n<div class=\"col-4\">\n<div class=\"grid-item\"><img decoding=\"async\" loading=\"lazy\" src=\"https:\/\/www.omnitrack.com\/wp-content\/themes\/omnitrack2023\/images\/icon-speed.svg\" class=\"ico-icons-grid\" alt=\"Geschwindigkeit\"  \/> Geschwindigkeit<br \/>1m\/sec <small><\/small><\/div>\n<\/div>\n<div class=\"col-4\">\n<div class=\"grid-item\"><img decoding=\"async\" loading=\"lazy\" src=\"https:\/\/www.omnitrack.com\/wp-content\/themes\/omnitrack2023\/images\/icon-temperature.svg\" class=\"ico-icons-grid\" alt=\"Temperatur\"  \/> Temperature<br \/>-20\/+80\u00baC <small><\/small><\/div>\n<\/div>\n<\/div>\n<div class=\"row g-2 g-sm-3\">\n<div class=\"col-4\">\n<div class=\"grid-item\">\n<div><img decoding=\"async\" loading=\"lazy\" src=\"https:\/\/www.omnitrack.com\/wp-content\/themes\/omnitrack2023\/images\/icon-orientation-horizontal-up.webp\" class=\"ico-icons-grid\" alt=\"Ausrichtung Horizontal \/ Oben\"  \/><\/div>\n<p>Ausrichtung Horizontal \/ Oben <small><\/small><\/p>\n<\/div>\n<\/div>\n<div class=\"col-4\">\n<div class=\"grid-item\"><img decoding=\"async\" loading=\"lazy\" src=\"https:\/\/www.omnitrack.com\/wp-content\/themes\/omnitrack2023\/images\/icon-economy-value.svg\" class=\"ico-icons-grid\" alt=\"Wirtschaftlichkeit &amp; Wert\"  \/> Wirtschaftlichkeit &amp; Wert <small><\/small><\/div>\n<\/div>\n<\/div>\n<\/div>\n<\/div>\n<\/section>\n<div class=\"row cpn-section\">\n<div class=\"col\">\n<hr \/>\n<\/div>\n<\/div>\n<section id=\"page-content\" class=\"row cpn-section\">\n<div class=\"col\">\n<h2>Light-Duty-Kugelrollen<\/h2>\n<h3>Light-Duty-Kugelrollen (au\u00dfer LP-Serie) \u2013 Konstruktion<\/h3>\n<p>Light-Duty-Kugelrollen werden aus gepressten Stahlblechkomponenten zusammengebaut, mit Ausnahme der LP-Serie, die aus einer massiven Acetalstange maschinell gedreht wird. Alle Light-Duty-Kugelrollen sind mit einer halbkugelf\u00f6rmigen Schale f\u00fcr die R\u00fcckf\u00fchrung der kleinen St\u00fctzkugeln ausgestattet. Dies erm\u00f6glicht eine reibungslose Rotation der \u00fcberstehenden, tragenden Kugel. Alle Light-Duty-Kugelrollen (au\u00dfer LP) sind mit einer w\u00e4rmebehandelten, verschlei\u00dffesten St\u00fctzschale ausgestattet.<\/p>\n<\/div>\n<\/section>\n<div class=\"row cpn-section\">\n<div class=\"col\">\n<hr \/>\n<\/div>\n<\/div>\n<section class=\"row cpn-section\">\n<div class=\"col\">\n<h3>Materialkonfigurationen f\u00fcr Light-Duty-Kugelrollen (au\u00dfer LP-Serie)<\/h3>\n<ul>\n<li>Standard \u2013 Verzinkte Stahlblechpresslinge und Kohlenstoffstahlkugeln f\u00fcr den allgemeinen Innengebrauch<\/li>\n<li>Artikelnummern mit der Endung A bezeichnen Kugeln aus rostfreiem Stahl im Inneren von verzinktem, gepresstem Stahl, der erh\u00f6hte Korrosions- oder Temperaturbest\u00e4ndigkeit bietet.<\/li>\n<li>Teile mit der Endung SS sind aus korrosionsbest\u00e4ndigem Edelstahl gefertigt, der besonders korrosionsbest\u00e4ndig ist und hohen und niedrigen Temperaturen standh\u00e4lt.<\/li>\n<li>Artikelnummern mit der Endung D verwenden eine Hauptkugel aus Acetal (POM) f\u00fcr den schonenden Transport von empfindlichen Gegenst\u00e4nden, die zu Markierungen\/Kratzern neigen k\u00f6nnen.<\/li>\n<\/ul>\n<\/div>\n<\/section>\n<div class=\"row cpn-section\">\n<div class=\"col\">\n<hr \/>\n<\/div>\n<\/div>\n<section class=\"row cpn-section\">\n<div class=\"col\">\n<h3>Serie LP \u2013 Light-Duty-Kugelrollen \u2013 Konstruktion<\/h3>\n<p>LP unterscheiden sich von anderen leichten Kugelrollen, da sie aus massivem Polyoxymethylen (POM) pr\u00e4zisionsgefertigt sind. Dies ist ein hochwertiges technisches Polymer (Kunststoff).<\/p>\n<p>LP-Kugelrollen sind entweder mit Delrin-Kugeln oder mit Kugeln aus rostfreiem Stahl AISI 316 ausgestattet (mit dem Zusatz &#8222;A&#8220;).<\/p>\n<p>Diese austenitische Edelstahlsorte ist au\u00dfergew\u00f6hnlich widerstandsf\u00e4hig gegen Korrosionsangriffe durch Salz- oder Meerwasser. Nichtrostende CR-St\u00e4hle f\u00fcr die Schifffahrt sind relativ weich und bieten daher nur eine begrenzte Tragf\u00e4higkeit. LP-Kugelrollen sind nicht magnetisch und bieten eine ausgezeichnete Best\u00e4ndigkeit gegen chemische Angriffe.<\/p>\n<p>Wenn spurlose Eigenschaften erforderlich sind, sollten Sie auch unsere Light-Duty-Kugelrollen der Serien L und M mit dem Zusatz &#8222;D&#8220; f\u00fcr Kugeln in Betracht ziehen. Sie sind ma\u00dflich mit der LP-Serie abgestimmt.<\/p>\n<p>Diese Euro-Kugelrollen erm\u00f6glichen die schonende F\u00f6rderung von lackierten oder empfindlichen Oberfl\u00e4chen. Beide k\u00f6nnen mit K-Clips (verzinktes Stahlblech) und C-Clips (Edelstahl) schnell montiert und ausgetauscht werden.<\/p>\n<\/div>\n<\/section>\n<div class=\"row cpn-section\">\n<div class=\"col\">\n<hr \/>\n<\/div>\n<\/div>\n<section class=\"row cpn-section\">\n<div class=\"col\">\n<h3>Filz-Dichtungen<\/h3>\n<p>Kugelrollen mit einer Hauptkugel mit einem Durchmesser von mehr als 19 mm sind mit einer Filzdichtung ausgestattet, um das Eindringen von Verunreinigungen, Fl\u00fcssigkeiten und Ablagerungen zu verhindern.<\/p>\n<\/div>\n<\/section>\n<div class=\"row cpn-section\">\n<div class=\"col\">\n<hr \/>\n<\/div>\n<\/div>\n<section class=\"row cpn-section\">\n<div class=\"col\">\n<h3>Schmierung<\/h3>\n<p>Die meisten Light-Duty-Kugelrollen sind f\u00fcr die Lebensdauer mit leichtem Maschinen\u00f6l montiert, um ein Anlaufen w\u00e4hrend des Transports und der Lagerung zu verhindern.<\/p>\n<p>Die folgenden Light-Duty-Kugelrollen werden trocken (ohne Schmierung) montiert:<\/p>\n<ul>\n<li>Suffix &#8222;SS&#8220; \u2013 Alle Ger\u00e4te aus rostfreiem Stahl<\/li>\n<li>Suffix &#8222;D&#8220; \u2013 Delrin\/POM-Kugel-Aufr\u00fcsts\u00e4tze<\/li>\n<li>Baureihe LP Kunststoff<\/li>\n<\/ul>\n<\/div>\n<\/section>\n<div class=\"row cpn-section\">\n<div class=\"col\">\n<hr \/>\n<\/div>\n<\/div>\n<section class=\"row cpn-section\">\n<div class=\"col\">\n<h3>Was ist mit nassen, schmutzigen Betriebsumgebungen?<\/h3>\n<p>Bei den Standardmaterialien wird eine einsatzgeh\u00e4rtete, eisenhaltige innere St\u00fctzschale verwendet, die manchmal auch als Kugellaufring bezeichnet wird. Mit Stahlpressungen und Kugeln aus Kohlenstoffstahl, ideal f\u00fcr den Einsatz in sauberen, trockenen Innenr\u00e4umen.<\/p>\n<p>Schwierige Betriebsbedingungen k\u00f6nnen andere Werkstoffe erfordern, die sich besser f\u00fcr die Umgebung eignen. Hohe Temperaturen und korrosive Umgebungen erfordern rostfreien Stahl, der besser gegen hohe\/niedrige Hitze, chemische und korrosive Angriffe best\u00e4ndig ist:<\/p>\n<ul>\n<li>Suffix &#8222;SS&#8220; \u2013 Alle Teile aus rostfreiem Stahl f\u00fcr maximale Widerstandsf\u00e4higkeit.<\/li>\n<li>Suffix &#8222;A&#8220; \u2013 Nur Kugeln aus rostfreiem Stahl.<\/li>\n<li>Der rostfreie Stahl AISI420 hat eine geringere H\u00e4rte als die Standardwerkstoffe. Bitte reduzieren Sie daher die maximale Tragf\u00e4higkeit wie angegeben.<\/li>\n<\/ul>\n<\/div>\n<\/section>\n<div class=\"row cpn-section\">\n<div class=\"col\">\n<hr \/>\n<\/div>\n<\/div>\n<section class=\"row cpn-section\">\n<div class=\"col\">\n<h3>Warum verringern Kunststoffkugeln (Suffix &#8222;D&#8220;) die Tragf\u00e4higkeit so stark?<\/h3>\n<p>Weichere POM-Kunststoffkugeln werden aus Delrin hergestellt. Manchmal auch als Nylon, Nylon 66 oder Acetal bezeichnet. Kann durch Hinzuf\u00fcgen des Suffixes &#8222;D&#8220; angegeben werden, z. B. L15D.<\/p>\n<p>Das Kunststoffmaterial ist weicher, so dass es die Tragf\u00e4higkeit der Kugelrolle verringert. Dadurch entsteht ein weicherer Ber\u00fchrungspunkt und das Produkt hinterl\u00e4sst weniger Spuren auf empfindlichen oder lackierten Oberfl\u00e4chen. Da die (weichere) Hauptkugel weniger abf\u00e4rben kann, muss die Tragf\u00e4higkeit reduziert werden.<\/p>\n<p>Wir bieten auch andere Kugelmaterialien (Teflon, Acryl) an, die f\u00fcr Ihre Anwendung ma\u00dfgeschneidert werden.<\/p>\n<hr \/>\n<h3>Sparen Sie Zeit durch die Verwendung von Befestigungsklammern<\/h3>\n<p>Wenn nur ein einseitiger Zugang zur F\u00f6rderebene vorhanden ist, bieten Befestigungsclips eine bequeme und schnelle Befestigungsmethode f\u00fcr leichte Kugelrollen der Serien L und LP.<\/p>\n<p>Diese Federklammer kann in gestanzte oder lasergeschnittene Bohrungen eingesetzt werden. Die Federklammer gleicht Unregelm\u00e4\u00dfigkeiten im Bohrungsdurchmesser und der Ovalit\u00e4t aus. Dadurch entf\u00e4llt die kostspielige Bearbeitung einer pr\u00e4zisen Sitzbohrung f\u00fcr die Kugelrolle.<\/p>\n<p>Die Klammern k\u00f6nnen wiederverwendet werden und sind in den meisten Gr\u00f6\u00dfen erh\u00e4ltlich. Ziehen Sie auch Toleranzringe zur Befestigung in Betracht.<\/p>\n<\/div>\n<\/section>\n<div class=\"row cpn-section\">\n<div class=\"col\">\n<hr \/>\n<\/div>\n<\/div>\n<section class=\"row cpn-section\">\n<div class=\"col-12\">\n<h3>Sortiment &amp; Befestigungsm\u00f6glichkeiten<\/h3>\n<\/div>\n<div class=\"col-12 col-md-6 col-lg-4 col-xl-3 mt-3\">\n<h4 class=\" fontSize-4\">L \u2013 Serie Druckmontage<\/h4>\n<p>Die flachen Kugelrollen aus gepresstem Stahl lassen sich in die Steckmuffe mit verst\u00e4rktem, rundem oberen Flanschring einf\u00fchren. Optionale K-Clips, C-Clips und Toleranzringe f\u00fcr eine schnelle Befestigung.<\/p>\n<\/div>\n<div class=\"col-12 col-md-6 col-lg-4 col-xl-3 mt-3\">\n<h4 class=\" fontSize-4\">Serie LP \u2013 Kunststoff-Kugeleinheiten<\/h4>\n<p>In den Abmessungen vergleichbar mit den Euro-Kugelrollen der Serien L und M. Kunststoffkugeln mit niedrigem Profil, die in einen Flanschanschlusskragen passen. Der Suffix A kennzeichnet Kugeln aus lebensmittelechtem AISI316-Edelstahl, die au\u00dfergew\u00f6hnlich widerstandsf\u00e4hig gegen chemische Einfl\u00fcsse sind. Optional sind K-Clips, C-Clips und Toleranzringe f\u00fcr eine schnelle Befestigung erh\u00e4ltlich.<\/p>\n<\/div>\n<div class=\"col-12 col-md-6 col-lg-4 col-xl-3 mt-3\">\n<h4 class=\" fontSize-4\">LD \u2013 Baureihe Saturn<\/h4>\n<p>Fliegende Untertassen-Kugelrollen mit praktischem Mittelprofil-Befestigungsflansch. 2-Loch- und 3-Loch-Befestigung, ideal zum Aufnieten, um eine b\u00fcndige Schalttafelmontage oder eine flache Gegenmontage zu erm\u00f6glichen. Ber\u00fccksichtigen Sie die Fl\u00fcssigkeits- und Schmutzaustrittsl\u00f6cher bei der Festlegung der Sitzbohrung\/des Durchmessers.<\/p>\n<\/div>\n<div class=\"col-12 col-md-6 col-lg-4 col-xl-3 mt-3\">\n<h4 class=\" fontSize-4\">LF \u2013 Flanschmontage 2-Loch und 4-Loch Serie<\/h4>\n<p>Hochprofilierte Kugelrollen mit Flanschmontage und integrierter Bodenbefestigung mit 2 oder 4 Schrauben. LF26 verf\u00fcgt \u00fcber &#8222;variable 2-Schlitz-Befestigungspunkte&#8220;; 2 Schlitze, die eine Variation der Befestigungslochmitten erm\u00f6glichen. Paneelmontage an der Arbeitsplatte zur Schaffung einer flexiblen F\u00f6rderebene.<\/p>\n<\/div>\n<div class=\"col-12 col-md-6 col-lg-4 col-xl-3 mt-3\">\n<h4 class=\" fontSize-4\">LM &#8211; Federbelastete Serie<\/h4>\n<p>Interne Schraubenfeder gleicht Lasten aus und gleicht Unregelm\u00e4\u00dfigkeiten bei der F\u00f6rderung aus. 25,4 mm Kugelrolle mit integrierter Nylon-Abstreifdichtung zieht sich bei zunehmender St\u00fctzlast teilweise in das Au\u00dfengeh\u00e4use zur\u00fcck.<\/p>\n<\/div>\n<\/section>\n<div class=\"row cpn-section\">\n<div class=\"col\">\n<hr \/>\n<\/div>\n<\/div>\n<section class=\"row cpn-section\">\n<div class=\"col\">\n<h3>Warum sehen die Kugelrollen der Serien L, M (Medium Duty) und LP \u00e4hnlich aus?<\/h3>\n<p>Alle 3 Typen sind ma\u00dflich gleichwertig.<\/p>\n<ul>\n<li>Die Serie L wird aus Stanzteilen zusammengesetzt, um die Produktionskosten und den Wert zu senken.<\/li>\n<li>Die Serie M wird aus Stahlst\u00e4ben gefertigt, um die Belastbarkeit, Verschlei\u00dffestigkeit und Sto\u00dffestigkeit zu verbessern.<\/li>\n<li>Die LP-Serie wird aus massivem Kunststoff gefertigt, um die Best\u00e4ndigkeit gegen chemische Angriffe zu verbessern.<\/li>\n<\/ul>\n<p>Die Kugelrollen der Serien L, M und LP sind f\u00fcr die Verwendung mit schnellen K-Clips und C-Clips-Federbefestigungsclips geeignet.<\/p>\n<\/div>\n<\/section>\n<div class=\"row cpn-section\">\n<div class=\"col\">\n<hr \/>\n<\/div>\n<\/div>\n<section class=\"row cpn-section\">\n<div class=\"col\">\n<h3>Warum sollte ich Heavy-Duty-Kugelrollen in Betracht ziehen?<\/h3>\n<p>Wenn Ihre Anwendung erfordert:<\/p>\n<ul>\n<li>Volle Last\/maximale Tragf\u00e4higkeit in umgekehrter Position (Kugel unten oder Rolle).<\/li>\n<li>Niedrigster Reibungskoeffizient 1:005 \u03bc (0,5%) Abrisspunkt der Tr\u00e4gheit.<\/li>\n<li>Betriebstemperatur weniger als -30 Grad Celsius (C\/F) oder mehr als 100 Grad.<\/li>\n<li>Betriebsgeschwindigkeit gr\u00f6\u00dfer als 1 Meter pro Sekunde. (3 Fu\u00df\/Sekunde).<\/li>\n<li>Sto\u00dfbelastung \u2013 Ziehen Sie federbelastete und vorgespannte Federkugeln in Betracht.<\/li>\n<li>Schwierige Bedingungen, die ma\u00dfgeschneiderte Materialspezifikationen erfordern.<\/li>\n<\/ul>\n<\/div>\n<\/section>\n<div class=\"row cpn-section\">\n<div class=\"col\">\n<hr \/>\n<\/div>\n<\/div>\n<section class=\"row cpn-section pb-5\">\n<div class=\"col\">\n<h3>LD32SS und LD32\/3SS sind aus rostfreiem Stahl gestanzte Presslinge und Kugeln. Und sie verzichten auf die Filzdichtungen.<\/h3>\n<p>Diese Kugelrollen verf\u00fcgen \u00fcber 7 Abflussl\u00f6cher und wurden f\u00fcr die Luftfracht und die Koffer-\/Gep\u00e4ckabfertigung auf Flugh\u00e4fen entwickelt.<\/p>\n<p>Aufgrund der gestiegenen Belastungen und Anforderungen wurden sie gr\u00f6\u00dftenteils durch die Luftfrachteinheiten MX30 und MV30 abgel\u00f6st. Sie werden jedoch nach wie vor weltweit in R\u00f6ntgenscannern, Wartungswagen und Kugelplattformtischen eingesetzt.<\/p>\n<p>Die Kugelrollen der LP-Serie sind in pharmazeutischen und lebensmittelverarbeitenden Betrieben weit verbreitet. Speziell mit rostfreien Kugeln in Lebensmittelqualit\u00e4t AISI316.<\/p>\n<p>Die federnd ged\u00e4mpfte LM-Serie eignet sich f\u00fcr Anwendungen mit Drehtisch und Werkst\u00fcckaufnahme. Sie k\u00f6nnen oft mit pneumatischen Kugelrollen und pneumatischen Anschl\u00e4gen f\u00fcr automatisierte Montagestationen kombiniert werden.<\/p>\n<p>Entdecken Sie hier unser Angebot an Light-Duty Kugelrollern.<\/p>\n<\/div>\n<\/section>\n<section id=\"cant-find\" class=\"row cpn-section py-5 two justify-content-between\"><div class=\"col-12 col-sm-6 col-lg-7 py-lg-4 pe-lg-5\">\n<h3 class=\"fontSize-2 fontSize-md-1\">Sie k\u00f6nnen nicht finden, was Sie suchen?<\/h3>\n<p class=\"fontSize-4\">Versuchen Sie, nach Schl\u00fcsselw\u00f6rtern, Teilenummern, Lasten und Befestigungsarten zu suchen.<\/p>\n<div class=\"input-group\"><form class=\"form-search\"><div class=\"input-group\">  <input type=\"text\" name=\"s\" class=\"form-control field\" placeholder=\"Suche Teilnummer\">  <input type=\"hidden\" name=\"post-type\" value=\"product\"><\/div><\/form><\/div>\n<\/div>\n<div class=\"col-12 col-sm-6 col-lg-5 py-lg-4 pt-4 pt-sm-0\">\n<h3 class=\"fontSize-2 fontSize-md-1\">Free technical advice<\/h3>\n<p class=\"fontSize-4\">Phone: <b><a href=\"tel:+4908001833297\">+49 0800 18 33 297<br \/><\/a><\/b><\/p>\n<p class=\"fontSize-4\">Email: <b><a href=\"mailto:info@omnitrack.com\">info@omnitrack.com<\/a><\/b><\/p>\n<div class=\"mt-4\"> <a class=\"btn-ot green me-2 mb-3 mb-md-0 w100-mobile\" href=\"https:\/\/wa.me\/447759128207\" target=\"_blank\" rel=\"noopener\"><img decoding=\"async\" loading=\"lazy\" src=\"https:\/\/www.omnitrack.com\/wp-content\/themes\/omnitrack2023\/images\/icon-whatsapp.svg\"  alt=\"WhatsApp Omnitrack\"  \/> WhatsApp<\/a> <a class=\"btn-ot w100-mobile\" href=\"https:\/\/calendly.com\/omnitrack\/15min\" target=\"_blank\" rel=\"noopener\"><img decoding=\"async\" loading=\"lazy\" src=\"https:\/\/www.omnitrack.com\/wp-content\/themes\/omnitrack2023\/images\/icon-schedule.svg\"  alt=\"Vereinbaren Sie einen Termin mit Omnitrack\"  \/> Einen Anruf vereinbaren<\/a><\/div>\n<\/div>\n<\/section>\n","protected":false},"excerpt":{"rendered":"<p>Light-Duty-Kugelrollen Light-Duty-Kugelrollen sind ideal f\u00fcr F\u00f6rderanwendungen, bei denen die Kugeln nach oben ausgerichtet werden m\u00fcssen. Die Kugelrollen aus gepresstem Stahl sind lebensdauergeschmiert und die meisten Typen sind mit alternativen Werkstoffen erh\u00e4ltlich, um den Einsatz in verschiedenen Betriebsumgebungen zu erm\u00f6glichen. LP-Plastik-Kugelrollen sind nicht magnetisch, leicht und bieten vollst\u00e4ndige Korrosionsbest\u00e4ndigkeit. Light-Duty-Kugelrollen Light-Duty-Kugelrollen (au\u00dfer LP-Serie) \u2013 Konstruktion Light-Duty-Kugelrollen [&hellip;]<\/p>\n","protected":false},"author":7,"featured_media":0,"parent":97537,"menu_order":0,"comment_status":"closed","ping_status":"closed","template":"page-light-duty.php","meta":{"inline_featured_image":false,"footnotes":""},"class_list":["post-97555","page","type-page","status-publish","hentry"],"acf":[],"_links":{"self":[{"href":"https:\/\/www.omnitrack.com\/de\/wp-json\/wp\/v2\/pages\/97555","targetHints":{"allow":["GET"]}}],"collection":[{"href":"https:\/\/www.omnitrack.com\/de\/wp-json\/wp\/v2\/pages"}],"about":[{"href":"https:\/\/www.omnitrack.com\/de\/wp-json\/wp\/v2\/types\/page"}],"author":[{"embeddable":true,"href":"https:\/\/www.omnitrack.com\/de\/wp-json\/wp\/v2\/users\/7"}],"replies":[{"embeddable":true,"href":"https:\/\/www.omnitrack.com\/de\/wp-json\/wp\/v2\/comments?post=97555"}],"version-history":[{"count":3,"href":"https:\/\/www.omnitrack.com\/de\/wp-json\/wp\/v2\/pages\/97555\/revisions"}],"predecessor-version":[{"id":103658,"href":"https:\/\/www.omnitrack.com\/de\/wp-json\/wp\/v2\/pages\/97555\/revisions\/103658"}],"up":[{"embeddable":true,"href":"https:\/\/www.omnitrack.com\/de\/wp-json\/wp\/v2\/pages\/97537"}],"wp:attachment":[{"href":"https:\/\/www.omnitrack.com\/de\/wp-json\/wp\/v2\/media?parent=97555"}],"curies":[{"name":"wp","href":"https:\/\/api.w.org\/{rel}","templated":true}]}}