{"id":97550,"date":"2023-02-08T00:54:48","date_gmt":"2023-02-08T00:54:48","guid":{"rendered":"https:\/\/www.omnitrack.com\/ball-transfer-units\/fixing-clips-kits\/"},"modified":"2024-05-28T20:49:40","modified_gmt":"2024-05-28T20:49:40","slug":"befestigungsklammers-und-kits","status":"publish","type":"page","link":"https:\/\/www.omnitrack.com\/de\/kugelrollen\/befestigungsklammers-und-kits\/","title":{"rendered":"Befestigungsklammers und Kits"},"content":{"rendered":"<section id=\"fixing-clips-one\" class=\"row cpn-section\">\n<div class=\"col\">\n<div class=\"row mb-3\">\n<div class=\"fontSize-md-4\">\n<nav class=\"breadcrumb\"><\/nav>\n<h1 class=\"mb-2\">Befestigungsklammers<\/h1>\n<ul class=\"list-check clear-list fontSize-4 fontSize-md-3\">\n<li>Befestigungsclips gleichen Unregelm\u00e4\u00dfigkeiten in Bohrung und Durchmesser aus.<\/li>\n<li>Ideal, wenn nur einseitiger Zugang zur Montagefl\u00e4che m\u00f6glich ist.<\/li>\n<\/ul>\n<\/div>\n<\/div>\n<div class=\"row mb-3 align-items-center\"><div class=\"col-12 col-md-5\">\n<div class=\"row mb-3 align-items-center\">\n<div class=\"col-12 col-md-5 col-xl-4 fontSize-3 mb-3 mb-md-0\"><strong>Optimale Retention \u2265 3mm<\/strong><\/div>\n<div class=\"col-12 col-md-7 col-xl-8\"><img loading=\"lazy\" decoding=\"async\" class=\"img-fluid alignnone wp-image-79721 size-full\" src=\"https:\/\/www.omnitrack.com\/wp-content\/uploads\/2023\/03\/K_C_Clips_Optimal_Retention-1.webp\" alt=\"Optimale Halteklammern\" width=\"425\" height=\"305\" srcset=\"https:\/\/www.omnitrack.com\/wp-content\/uploads\/2023\/03\/K_C_Clips_Optimal_Retention-1.webp 425w, https:\/\/www.omnitrack.com\/wp-content\/uploads\/2023\/03\/K_C_Clips_Optimal_Retention-1-300x215.webp 300w\" sizes=\"auto, (max-width: 425px) 100vw, 425px\" \/><\/div>\n<\/div>\n<div class=\"row mb-3 align-items-center\">\n<div class=\"col\">\n<ol class=\"fontSize-4 li-height clear-list\">\n<li>Montieren Sie den Clip an der Montagebohrung.<\/li>\n<li>Dr\u00fccken Sie die Kugelrolle durch den Clip<\/li>\n<li>Periphere Anh\u00e4nger dehnen sich aus und greifen die Kugelrolle.<\/li>\n<\/ol>\n<\/div>\n<\/div>\n<\/div>\n<div class=\"col-12 col-md-7\">\n<div class=\"row mb-3 align-items-center\">\n<div class=\"col border-end text-center px-lg-5\"><img loading=\"lazy\" decoding=\"async\" class=\"img-fluid alignnone wp-image-79729 size-full\" src=\"https:\/\/www.omnitrack.com\/wp-content\/uploads\/2023\/03\/K-C-Clip.webp\" alt=\"K &amp; C Clip\" width=\"400\" height=\"200\" srcset=\"https:\/\/www.omnitrack.com\/wp-content\/uploads\/2023\/03\/K-C-Clip.webp 400w, https:\/\/www.omnitrack.com\/wp-content\/uploads\/2023\/03\/K-C-Clip-300x150.webp 300w\" sizes=\"auto, (max-width: 400px) 100vw, 400px\" \/><br \/><strong>K-Clip Federstahl<\/strong><\/div>\n<div class=\"col text-center px-lg-5\"><img loading=\"lazy\" decoding=\"async\" class=\"img-fluid alignnone wp-image-79729 size-full\" src=\"https:\/\/www.omnitrack.com\/wp-content\/uploads\/2023\/03\/K-C-Clip.webp\" alt=\"K &amp; C Clip\" width=\"400\" height=\"200\" srcset=\"https:\/\/www.omnitrack.com\/wp-content\/uploads\/2023\/03\/K-C-Clip.webp 400w, https:\/\/www.omnitrack.com\/wp-content\/uploads\/2023\/03\/K-C-Clip-300x150.webp 300w\" sizes=\"auto, (max-width: 400px) 100vw, 400px\" \/><br \/><strong>C-Clip Edelstahl<\/strong><\/div>\n<\/div>\n<div class=\"row align-items-center justify-content-center\">\n<div class=\"col-auto\"><img loading=\"lazy\" decoding=\"async\" class=\"img-fluid w-200 alignnone wp-image-80304 size-full\" src=\"https:\/\/www.omnitrack.com\/wp-content\/uploads\/2023\/02\/Clip_B-1.webp\" alt=\"Vielseitiges Werkzeug f\u00fcr verschiedene Anwendungen\" width=\"257\" height=\"133\"><\/div>\n<div class=\"col-auto\"><strong>Andere Clips verf\u00fcgbar.<\/strong><\/div>\n<\/div>\n<\/div>\n<\/div>\n<div class=\"row\">\n<div class=\"col\"><div class=\"switcher mt-3 mt-md-0 mx-2 me-sm-0 ms-sm-5\">    <div class=\"switcher-title\"><b>Messungen wechseln:<\/b> <\/span><\/div>    <button class=\"toggle-unit\" type=\"button\"><span class=\"switch-metric\">Metrisch (mm\/kg)<\/span><span class=\"switch\"><\/span><span class=\"switch-imperial\">Imperial (Zoll\/lb)<\/span><\/button><\/div>[omni_render_table_clips class-container=&#8220;table-no-scroll table-mobi&#8220;]<\/div>\n<\/div>\n<div class=\"row pt-4\">\n<div class=\"col fontSize-4\">\n<p>Durch Hinzuf\u00fcgen des Suffixes K oder C zur Artikelnummer der Kugelrolle wird die Lieferung des optionalen Clips angegeben (z. B. L22K oder L22C). Bei Verwendung von Befestigungsclips wird der Clip in die Bohrung eingesetzt und die Kugelrolle durch den Clip geschoben. Die peripheren Laschen dehnen sich aus und halten die Kugelrolle sicher fest.<\/p>\n<p>Die Abmessungen A und B \u00e4ndern sich bei Verwendung von Clips in A* und B*.<\/p>\n<p>Optionen f\u00fcr Toleranzringe und Vollklammern finden Sie auf Seite 15 des Katalogs.<\/p>\n<\/div>\n<\/div>\n<\/div>\n<\/section>\n<div class=\"row cpn-section\">\n<div class=\"col\">\n<hr \/>\n<\/div>\n<\/div>\n<section id=\"tolerance-rings-one\" class=\"row cpn-section\">\n<div class=\"col\">\n<div class=\"row mb-3\">\n<div class=\"col fontSize-4\">\n<h2>Toleranzringe<\/h2>\n<ul class=\"list-check clear-list fontSize-4 fontSize-md-3\">\n<li>Ausgleich von Toleranzen bei Bohrung und Durchmesser.<\/li>\n<li>Ideal, wenn nur einseitiger Zugang auf Befestigungsfl\u00e4che m\u00f6glich ist.<\/li>\n<\/ul>\n<\/div>\n<\/div>\n<div class=\"row mb-3 text-center\">\n<div class=\"col-auto me-3\"><img loading=\"lazy\" decoding=\"async\" class=\"img-fluid alignnone wp-image-79736 size-medium\" src=\"https:\/\/www.omnitrack.com\/wp-content\/uploads\/2023\/03\/9040_Glass_4-300x229.webp\" alt=\"Befestigungsklammers\" width=\"300\" height=\"229\" srcset=\"https:\/\/www.omnitrack.com\/wp-content\/uploads\/2023\/03\/9040_Glass_4-300x229.webp 300w, https:\/\/www.omnitrack.com\/wp-content\/uploads\/2023\/03\/9040_Glass_4.webp 314w\" sizes=\"auto, (max-width: 300px) 100vw, 300px\" \/><\/div>\n<div class=\"col-auto\"><img loading=\"lazy\" decoding=\"async\" class=\"img-fluid alignnone wp-image-79737 size-full\" src=\"https:\/\/www.omnitrack.com\/wp-content\/uploads\/2023\/03\/Tolerance_Ring_2_1.webp\" alt=\"Ideal, wenn nur einseitiger Zugang auf Befestigungsfl\u00e4che m\u00f6glich ist. \" width=\"284\" height=\"240\" \/><\/div>\n<\/div>\n<div class=\"row\">\n<div class=\"col\"><div class=\"switcher mt-3 mt-md-0 mx-2 me-sm-0 ms-sm-5\">    <div class=\"switcher-title\"><b>Messungen wechseln:<\/b> <\/span><\/div>    <button class=\"toggle-unit\" type=\"button\"><span class=\"switch-metric\">Metrisch (mm\/kg)<\/span><span class=\"switch\"><\/span><span class=\"switch-imperial\">Imperial (Zoll\/lb)<\/span><\/button><\/div>[omni_render_table_tolerance_ring class-container=&#8220;table-scroll table-mobi&#8220;]<\/div>\n<\/div>\n<\/div>\n<\/section>\n<div class=\"row cpn-section\">\n<div class=\"col\">\n<hr \/>\n<\/div>\n<\/div>\n<section id=\"nyloc-one\" class=\"row cpn-section\">\n<div class=\"col\"><div class=\"row mb-4\">\n<div class=\"col-12 col-sm-3 fontSize-4 mb-4 mb-sm-0\">\n<h2>Nyloc-Mutter und -Unterlegscheibe + &#8218;T&#8216;-Holzeinleges\u00e4tze<\/h2>\n<p>Verwendung mit den Serien Heavy Duty 81 &amp; 91, Medium Duty MSP und Omnicaster Ball Casters.<\/p>\n<\/div>\n<div class=\"col-12 col-sm-3 text-center mb-4 mb-sm-0\"><img loading=\"lazy\" decoding=\"async\" class=\"img-fluid alignnone wp-image-79713 size-full\" src=\"https:\/\/www.omnitrack.com\/wp-content\/uploads\/2023\/03\/MSP_Nyloc_Nut_Washer.webp\" alt=\"Unterlegscheibe f\u00fcr Nylocmutter\" width=\"127\" height=\"217\"><\/div>\n<div class=\"col-12 col-sm-6\">\n<div class=\"row\">\n<div class=\"col-12 col-md-4 text-center d-flex flex-column justify-content-between mb-4 mb-sm-0\">\n<div><img loading=\"lazy\" decoding=\"async\" class=\"img-fluid alignnone wp-image-79714 size-full\" src=\"https:\/\/www.omnitrack.com\/wp-content\/uploads\/2023\/03\/Wood_Insert.webp\" alt=\"Holzeinlagebefestigung\" width=\"188\" height=\"178\"><\/div>\n<div><strong>Holzeinlagebefestigung<\/strong><\/div>\n<\/div>\n<div class=\"col-12 col-md-8 text-center d-flex flex-column justify-content-between mb-3 mb-sm-0\">\n<div class=\"row\">\n<div class=\"col-6\"><img loading=\"lazy\" decoding=\"async\" class=\"img-fluid alignnone wp-image-79715 size-full\" src=\"https:\/\/www.omnitrack.com\/wp-content\/uploads\/2023\/03\/Washer.webp\" alt=\"Unterlegscheibe\" width=\"119\" height=\"152\"><\/div>\n<div class=\"col-6\"><img loading=\"lazy\" decoding=\"async\" class=\"img-fluid alignnone wp-image-79716 size-full\" src=\"https:\/\/www.omnitrack.com\/wp-content\/uploads\/2023\/03\/Nut.webp\" alt=\"Mutter\" width=\"187\" height=\"149\"><\/div>\n<\/div>\n<div><strong>Befestigung mit Mutter und Unterlegscheibe<\/strong><\/div>\n<\/div>\n<\/div>\n<\/div>\n<\/div>\n<\/div>\n<div class=\"col-12\"><div class=\"switcher mt-3 mt-md-0 mx-2 me-sm-0 ms-sm-5\">    <div class=\"switcher-title\"><b>Messungen wechseln:<\/b> <\/span><\/div>    <button class=\"toggle-unit\" type=\"button\"><span class=\"switch-metric\">Metrisch (mm\/kg)<\/span><span class=\"switch\"><\/span><span class=\"switch-imperial\">Imperial (Zoll\/lb)<\/span><\/button><\/div>[omni_render_table_nyloc_nut class-container=&#8220;table-no-scroll table-mobi&#8220;]<\/div>\n<\/section>\n<div class=\"row cpn-section\">\n<div class=\"col\">\n<hr \/>\n<\/div>\n<\/div>\n<section id=\"service-kits-one\" class=\"row cpn-section pb-5\"><div class=\"col\">\n<div class=\"row mb-3\">\n<div class=\"col-12 col-sm-6 col-lg-5 col-xl-6 col-xxl-7 fontSize-4 mb-4 mb-md-0\">\n<h2>Service-Kits<\/h2>\n<p><a href=\"https:\/\/www.omnitrack.com\/de\/kugelrollen\/\">Kugelrollen<\/a> Heavy Duty Baureihe 9000 &#8211; Ununterbrochene Produktion seit 1954.<\/p>\n<p>Stellen Sie die Leistung innerhalb von Minuten wieder her, indem Sie die Service-Kits S1 und S2 verwenden, die 2 Stufen von Komponenten und vollst\u00e4ndige \u00dcberholungsanweisungen enthalten.<\/p>\n<p>Werkseitiger \u00dcberholungsservice f\u00fcr federbelastete und kundenspezifische Einheiten, da diese unter Umst\u00e4nden spezielle Werkzeuge f\u00fcr eine sichere Demontage ben\u00f6tigen.<\/p>\n<p>Geben Sie bei der Bestellung die Original-Teilenummer, eine beliebige Kennzeichnung und den ben\u00f6tigten Service-Kit an, z. B. S1-9241. Im Zweifelsfall <a href=\"https:\/\/www.omnitrack.com\/de\/kontaktieren-sie-uns\/\">kontaktieren Sie uns<\/a> und wir sorgen daf\u00fcr, dass Sie weiterfahren k\u00f6nnen!<\/p>\n<p><a class=\"btn-ot lilac-one shadow\" href=\"https:\/\/www.omnitrack.com\/de\/kugelrollen\/heavy-duty\/service-kits\/\">Mehr lesen<\/a><\/p>\n<\/div>\n<div class=\"col-12 col-sm-6 col-lg-7 col-xl-6 col-xxl-5\"><img loading=\"lazy\" decoding=\"async\" class=\"img-fluid alignnone wp-image-79735 size-full\" src=\"https:\/\/www.omnitrack.com\/wp-content\/uploads\/2023\/03\/Service_Kits_3.webp\" alt=\"Service-Kits\" width=\"469\" height=\"345\" srcset=\"https:\/\/www.omnitrack.com\/wp-content\/uploads\/2023\/03\/Service_Kits_3.webp 469w, https:\/\/www.omnitrack.com\/wp-content\/uploads\/2023\/03\/Service_Kits_3-300x221.webp 300w\" sizes=\"auto, (max-width: 469px) 100vw, 469px\" \/><\/div>\n<\/div>\n<div class=\"row text-center carousel-mobi-servicekits\"><div class=\"col\">\n<p><img loading=\"lazy\" decoding=\"async\" class=\"img-fluid alignnone wp-image-79738 size-full\" src=\"https:\/\/www.omnitrack.com\/wp-content\/uploads\/2023\/03\/service_kits-circlip.webp\" alt=\"Service-Kit \u2013 Sicherungsring\" width=\"141\" height=\"140\" srcset=\"https:\/\/www.omnitrack.com\/wp-content\/uploads\/2023\/03\/service_kits-circlip.webp 141w, https:\/\/www.omnitrack.com\/wp-content\/uploads\/2023\/03\/service_kits-circlip-100x100.webp 100w\" sizes=\"auto, (max-width: 141px) 100vw, 141px\" \/><\/p>\n<h4 class=\"fontSize-5\">1 &#8211; Sicherungsring<\/h4>\n<div><span class=\"tag blue\">S2<\/span><\/div>\n<p>&nbsp;<\/p>\n<\/div>\n<div class=\"col\">\n<p><img loading=\"lazy\" decoding=\"async\" class=\"img-fluid alignnone wp-image-79739 size-full\" src=\"https:\/\/www.omnitrack.com\/wp-content\/uploads\/2023\/03\/service_kits-top_cap.webp\" alt=\"Service-Kit \u2013 Deckel\" width=\"141\" height=\"140\" srcset=\"https:\/\/www.omnitrack.com\/wp-content\/uploads\/2023\/03\/service_kits-top_cap.webp 141w, https:\/\/www.omnitrack.com\/wp-content\/uploads\/2023\/03\/service_kits-top_cap-100x100.webp 100w\" sizes=\"auto, (max-width: 141px) 100vw, 141px\" \/><\/p>\n<h4 class=\"fontSize-5\">2 &#8211; Deckel<\/h4>\n<div> <\/div>\n<p>&nbsp;<\/p>\n<\/div>\n<div class=\"col\">\n<p><img loading=\"lazy\" decoding=\"async\" class=\"img-fluid alignnone wp-image-79740 size-full\" src=\"https:\/\/www.omnitrack.com\/wp-content\/uploads\/2023\/03\/service_kits-felt_seal.webp\" alt=\"Service-Kit \u2013 Filzdichtung\" width=\"141\" height=\"140\" srcset=\"https:\/\/www.omnitrack.com\/wp-content\/uploads\/2023\/03\/service_kits-felt_seal.webp 141w, https:\/\/www.omnitrack.com\/wp-content\/uploads\/2023\/03\/service_kits-felt_seal-100x100.webp 100w\" sizes=\"auto, (max-width: 141px) 100vw, 141px\" \/><\/p>\n<h4 class=\"fontSize-5\">3 &#8211; Filz-Dichtungen<\/h4>\n<div><span class=\"tag green\">S1<\/span><span class=\"tag blue\">S2<\/span><\/div>\n<p><small>(Kugel-\u00d8 &gt; 12.7mm)<\/small><\/p>\n<\/div>\n<div class=\"col\">\n<p><img loading=\"lazy\" decoding=\"async\" class=\"img-fluid alignnone wp-image-79741 size-full\" src=\"https:\/\/www.omnitrack.com\/wp-content\/uploads\/2023\/03\/service_kits-main_ball.webp\" alt=\"Service-Kit \u2013 Laufkugel\" width=\"141\" height=\"140\" srcset=\"https:\/\/www.omnitrack.com\/wp-content\/uploads\/2023\/03\/service_kits-main_ball.webp 141w, https:\/\/www.omnitrack.com\/wp-content\/uploads\/2023\/03\/service_kits-main_ball-100x100.webp 100w\" sizes=\"auto, (max-width: 141px) 100vw, 141px\" \/><\/p>\n<h4 class=\"fontSize-5\">4 &#8211; Laufkugel<\/h4>\n<div><span class=\"tag green\">S1<\/span><span class=\"tag blue\">S2<\/span><\/div>\n<p>&nbsp;<\/p>\n<\/div>\n<div class=\"col\">\n<p><img loading=\"lazy\" decoding=\"async\" class=\"img-fluid alignnone wp-image-79742 size-full\" src=\"https:\/\/www.omnitrack.com\/wp-content\/uploads\/2023\/03\/service_kits-recirculating_balls.webp\" alt=\"Service-Kit \u2013 Tragkugeln\" width=\"141\" height=\"140\" srcset=\"https:\/\/www.omnitrack.com\/wp-content\/uploads\/2023\/03\/service_kits-recirculating_balls.webp 141w, https:\/\/www.omnitrack.com\/wp-content\/uploads\/2023\/03\/service_kits-recirculating_balls-100x100.webp 100w\" sizes=\"auto, (max-width: 141px) 100vw, 141px\" \/><\/p>\n<h4 class=\"fontSize-5\">5 &#8211; Tragkugeln<\/h4>\n<div><span class=\"tag green\">S1<\/span><span class=\"tag blue\">S2<\/span><\/div>\n<p>&nbsp;<\/p>\n<\/div>\n<div class=\"col\">\n<p><img loading=\"lazy\" decoding=\"async\" class=\"img-fluid alignnone wp-image-79743 size-full\" src=\"https:\/\/www.omnitrack.com\/wp-content\/uploads\/2023\/03\/service_kits-retainer.webp\" alt=\"Service-Kit \u2013 Kugelhalter\" width=\"141\" height=\"140\" srcset=\"https:\/\/www.omnitrack.com\/wp-content\/uploads\/2023\/03\/service_kits-retainer.webp 141w, https:\/\/www.omnitrack.com\/wp-content\/uploads\/2023\/03\/service_kits-retainer-100x100.webp 100w\" sizes=\"auto, (max-width: 141px) 100vw, 141px\" \/><\/p>\n<h4 class=\"fontSize-5\">6 &#8211; Kugelhalter<\/h4>\n<div><span class=\"tag blue\">S2<\/span><\/div>\n<p>&nbsp;<\/p>\n<\/div>\n<div class=\"col\">\n<p><img loading=\"lazy\" decoding=\"async\" class=\"img-fluid alignnone wp-image-79744 size-full\" src=\"https:\/\/www.omnitrack.com\/wp-content\/uploads\/2023\/03\/service_kits-table.webp\" alt=\"Service-Kit \u2013 Kugelpfanne\" width=\"141\" height=\"140\" srcset=\"https:\/\/www.omnitrack.com\/wp-content\/uploads\/2023\/03\/service_kits-table.webp 141w, https:\/\/www.omnitrack.com\/wp-content\/uploads\/2023\/03\/service_kits-table-100x100.webp 100w\" sizes=\"auto, (max-width: 141px) 100vw, 141px\" \/><\/p>\n<h4 class=\"fontSize-5\">7 &#8211; Kugelpfanne<\/h4>\n<div><span class=\"tag blue\">S2<\/span><\/div>\n<p>&nbsp;<\/p>\n<\/div>\n<\/div>\n<div class=\"row\">\n<div class=\"col-12 col-sm text-center\"><img loading=\"lazy\" decoding=\"async\" class=\"img-fluid d-sm-none alignnone wp-image-83577 size-full\" src=\"https:\/\/www.omnitrack.com\/wp-content\/uploads\/2024\/09\/dismantle_assemble_mobile_de.webp\" alt=\"Demontage- und Montagediagramm\" width=\"1062\" height=\"123\" \/> <img loading=\"lazy\" decoding=\"async\" class=\"img-fluid d-none d-sm-inline-block alignnone wp-image-79712 size-full\" src=\"https:\/\/www.omnitrack.com\/wp-content\/uploads\/2024\/08\/dismantle_assemble_de.webp\" alt=\"Demontage- und Montagediagramm\" width=\"2000\" height=\"123\" \/><\/div>\n<\/div>\n<\/div>\n<\/section>\n<section id=\"cant-find\" class=\"row cpn-section py-5 two justify-content-between\"><div class=\"col-12 col-sm-6 col-lg-7 py-lg-4 pe-lg-5\">\n<h3 class=\"fontSize-2 fontSize-md-1\">Sie k\u00f6nnen nicht finden, was Sie suchen?<\/h3>\n<p class=\"fontSize-4\">Versuchen Sie, nach Schl\u00fcsselw\u00f6rtern, Teilenummern, Lasten und Befestigungsarten zu suchen.<\/p>\n<div class=\"input-group\"><form class=\"form-search\"><div class=\"input-group\">  <input type=\"text\" name=\"s\" class=\"form-control field\" placeholder=\"Suche Teilnummer\">  <input type=\"hidden\" name=\"post-type\" value=\"product\"><\/div><\/form><\/div>\n<\/div>\n<div class=\"col-12 col-sm-6 col-lg-5 py-lg-4 pt-4 pt-sm-0\">\n<h3 class=\"fontSize-2 fontSize-md-1\">Free technical advice<\/h3>\n<p class=\"fontSize-4\">Phone: <b><a href=\"tel:+4908001833297\">+49 0800 18 33 297<br \/><\/a><\/b><\/p>\n<p class=\"fontSize-4\">Email: <b><a href=\"mailto:info@omnitrack.com\">info@omnitrack.com<\/a><\/b><\/p>\n<div class=\"mt-4\"> <a class=\"btn-ot green me-2 mb-3 mb-md-0 w100-mobile\" href=\"https:\/\/wa.me\/447759128207\" target=\"_blank\" rel=\"noopener\"><img decoding=\"async\" loading=\"lazy\" src=\"https:\/\/www.omnitrack.com\/wp-content\/themes\/omnitrack2023\/images\/icon-whatsapp.svg\"  alt=\"WhatsApp Omnitrack\"  \/> WhatsApp<\/a> <a class=\"btn-ot w100-mobile\" href=\"https:\/\/calendly.com\/omnitrack\/15min\" target=\"_blank\" rel=\"noopener\"><img decoding=\"async\" loading=\"lazy\" src=\"https:\/\/www.omnitrack.com\/wp-content\/themes\/omnitrack2023\/images\/icon-schedule.svg\"  alt=\"Vereinbaren Sie einen Termin mit Omnitrack\"  \/> Einen Anruf vereinbaren<\/a><\/div>\n<\/div>\n<\/section>\n","protected":false},"excerpt":{"rendered":"<p>Befestigungsklammers Befestigungsclips gleichen Unregelm\u00e4\u00dfigkeiten in Bohrung und Durchmesser aus. Ideal, wenn nur einseitiger Zugang zur Montagefl\u00e4che m\u00f6glich ist. [omni_render_table_clips class-container=&#8220;table-no-scroll table-mobi&#8220;] Durch Hinzuf\u00fcgen des Suffixes K oder C zur Artikelnummer der Kugelrolle wird die Lieferung des optionalen Clips angegeben (z. B. L22K oder L22C). Bei Verwendung von Befestigungsclips wird der Clip in die Bohrung eingesetzt [&hellip;]<\/p>\n","protected":false},"author":7,"featured_media":0,"parent":97537,"menu_order":0,"comment_status":"closed","ping_status":"closed","template":"page-fixin-clips-and-kits.php","meta":{"inline_featured_image":false,"footnotes":""},"class_list":["post-97550","page","type-page","status-publish","hentry"],"acf":[],"_links":{"self":[{"href":"https:\/\/www.omnitrack.com\/de\/wp-json\/wp\/v2\/pages\/97550","targetHints":{"allow":["GET"]}}],"collection":[{"href":"https:\/\/www.omnitrack.com\/de\/wp-json\/wp\/v2\/pages"}],"about":[{"href":"https:\/\/www.omnitrack.com\/de\/wp-json\/wp\/v2\/types\/page"}],"author":[{"embeddable":true,"href":"https:\/\/www.omnitrack.com\/de\/wp-json\/wp\/v2\/users\/7"}],"replies":[{"embeddable":true,"href":"https:\/\/www.omnitrack.com\/de\/wp-json\/wp\/v2\/comments?post=97550"}],"version-history":[{"count":3,"href":"https:\/\/www.omnitrack.com\/de\/wp-json\/wp\/v2\/pages\/97550\/revisions"}],"predecessor-version":[{"id":103758,"href":"https:\/\/www.omnitrack.com\/de\/wp-json\/wp\/v2\/pages\/97550\/revisions\/103758"}],"up":[{"embeddable":true,"href":"https:\/\/www.omnitrack.com\/de\/wp-json\/wp\/v2\/pages\/97537"}],"wp:attachment":[{"href":"https:\/\/www.omnitrack.com\/de\/wp-json\/wp\/v2\/media?parent=97550"}],"curies":[{"name":"wp","href":"https:\/\/api.w.org\/{rel}","templated":true}]}}