{"id":97549,"date":"2023-03-28T13:22:47","date_gmt":"2023-03-28T13:22:47","guid":{"rendered":"https:\/\/www.omnitrack.com\/ball-transfer-units\/spring-loaded-t-b-bars\/"},"modified":"2024-04-12T15:05:50","modified_gmt":"2024-04-12T15:05:50","slug":"gefederte-und-t-b-stangen","status":"publish","type":"page","link":"https:\/\/www.omnitrack.com\/de\/kugelrollen\/gefederte-und-t-b-stangen\/","title":{"rendered":"Gefederte und T \/ B-Stangen"},"content":{"rendered":"<section id=\"header-product-one\" class=\"row cpn-section\">\n<div class=\"col\"><header class=\"row\">    <div class=\"col\">        <nav id=\"breadcrumb\">                    <\/nav>        <h1 class=\"fontSize-1\">Gefederte und T \/ B-Stangen<\/h1>    <\/div>    <\/header><\/div>\n<div><strong><span style=\"font-size: 24px;\">Federbelastete Kugelrollen &amp; T-\/B-Stangen<\/span><\/strong><\/div>\n<\/section>\n<section id=\"category-list-two\" class=\"row cpn-section\">\n<div class=\"col\"><ul class=\"row ps-0 category-list g-3 g-sm-4\"><li class=\"col-6 col-sm-4 col-lg-3 col-xl-3 col-xxl-20 \">    <a href=\"https:\/\/www.omnitrack.com\/de\/ball-transfer-units\/heavy-duty\/84-94-series-external-spring-loaded\/\" class=\"category-list-item\" alt=\"Baureihen 84 &amp; 94-Extern federbelastete Kugelrollen\">        <img loading=\"lazy\" decoding=\"async\" width=\"150\" height=\"150\" src=\"https:\/\/www.omnitrack.com\/wp-content\/uploads\/2023\/03\/94_400.webp\" class=\"img-fluid\" alt=\"Stud\" srcset=\"https:\/\/www.omnitrack.com\/wp-content\/uploads\/2023\/03\/94_400.webp 400w, https:\/\/www.omnitrack.com\/wp-content\/uploads\/2023\/03\/94_400-300x300.webp 300w, https:\/\/www.omnitrack.com\/wp-content\/uploads\/2023\/03\/94_400-150x150.webp 150w, https:\/\/www.omnitrack.com\/wp-content\/uploads\/2023\/03\/94_400-100x100.webp 100w\" sizes=\"auto, (max-width: 150px) 100vw, 150px\" \/>        <h3 class=\"fontSize-4 fontSize-sm-3 mb-0 mb-sm-2\">Baureihen 84 &amp; 94<\/h3>                    <small>Extern federbelastete Kugelrollen<\/small>                    <\/a><\/li><li class=\"col-6 col-sm-4 col-lg-3 col-xl-3 col-xxl-20 \">    <a href=\"https:\/\/www.omnitrack.com\/de\/ball-transfer-units\/heavy-duty\/85-95-series-housed-spring-loaded\/\" class=\"category-list-item\" alt=\"Baureihen 85 &amp; 95-Kugelrollen mit federbelastetem Geh\u00e4use\">        <img loading=\"lazy\" decoding=\"async\" width=\"150\" height=\"150\" src=\"https:\/\/www.omnitrack.com\/wp-content\/uploads\/2023\/03\/95_400.webp\" class=\"img-fluid\" alt=\"Stud\" srcset=\"https:\/\/www.omnitrack.com\/wp-content\/uploads\/2023\/03\/95_400.webp 400w, https:\/\/www.omnitrack.com\/wp-content\/uploads\/2023\/03\/95_400-300x300.webp 300w, https:\/\/www.omnitrack.com\/wp-content\/uploads\/2023\/03\/95_400-150x150.webp 150w, https:\/\/www.omnitrack.com\/wp-content\/uploads\/2023\/03\/95_400-100x100.webp 100w\" sizes=\"auto, (max-width: 150px) 100vw, 150px\" \/>        <h3 class=\"fontSize-4 fontSize-sm-3 mb-0 mb-sm-2\">Baureihen 85 &amp; 95<\/h3>                    <small>Kugelrollen mit federbelastetem Geh\u00e4use<\/small>                    <\/a><\/li><li class=\"col-6 col-sm-4 col-lg-3 col-xl-3 col-xxl-20 \">    <a href=\"https:\/\/www.omnitrack.com\/de\/kugelrollen\/heavy-duty\/baureihen-86-96-kugelrollen-mit-federbelasteter-flanschbuchse\/\" class=\"category-list-item\" alt=\"Baureihen 86 &amp; 96-Kugelrollen mit federbelasteter Flanschbuchse\">        <img loading=\"lazy\" decoding=\"async\" width=\"150\" height=\"150\" src=\"https:\/\/www.omnitrack.com\/wp-content\/uploads\/2023\/03\/96_400.webp\" class=\"img-fluid\" alt=\"Stud\" srcset=\"https:\/\/www.omnitrack.com\/wp-content\/uploads\/2023\/03\/96_400.webp 400w, https:\/\/www.omnitrack.com\/wp-content\/uploads\/2023\/03\/96_400-300x300.webp 300w, https:\/\/www.omnitrack.com\/wp-content\/uploads\/2023\/03\/96_400-150x150.webp 150w, https:\/\/www.omnitrack.com\/wp-content\/uploads\/2023\/03\/96_400-100x100.webp 100w\" sizes=\"auto, (max-width: 150px) 100vw, 150px\" \/>        <h3 class=\"fontSize-4 fontSize-sm-3 mb-0 mb-sm-2\">Baureihen 86 &amp; 96<\/h3>                    <small>Kugelrollen mit federbelasteter Flanschbuchse<\/small>                    <\/a><\/li><li class=\"col-6 col-sm-4 col-lg-3 col-xl-3 col-xxl-20 \">    <a href=\"https:\/\/www.omnitrack.com\/de\/ball-transfer-units\/heavy-duty\/87-97-series-spring-loaded-flange-fixing\/\" class=\"category-list-item\" alt=\"Baureihen 87 &amp; 97-Kugelrollen mit federbelasteter Flanschbefestigung\">        <img loading=\"lazy\" decoding=\"async\" width=\"150\" height=\"150\" src=\"https:\/\/www.omnitrack.com\/wp-content\/uploads\/2023\/03\/97_400.webp\" class=\"img-fluid\" alt=\"Stud\" srcset=\"https:\/\/www.omnitrack.com\/wp-content\/uploads\/2023\/03\/97_400.webp 400w, https:\/\/www.omnitrack.com\/wp-content\/uploads\/2023\/03\/97_400-300x300.webp 300w, https:\/\/www.omnitrack.com\/wp-content\/uploads\/2023\/03\/97_400-150x150.webp 150w, https:\/\/www.omnitrack.com\/wp-content\/uploads\/2023\/03\/97_400-100x100.webp 100w\" sizes=\"auto, (max-width: 150px) 100vw, 150px\" \/>        <h3 class=\"fontSize-4 fontSize-sm-3 mb-0 mb-sm-2\">Baureihen 87 &amp; 97<\/h3>                    <small>Kugelrollen mit federbelasteter Flanschbefestigung<\/small>                    <\/a><\/li><li class=\"col-6 col-sm-4 col-lg-3 col-xl-3 col-xxl-20 \">    <a href=\"https:\/\/www.omnitrack.com\/de\/ball-transfer-units\/medium-duty\/mn-series-housed-spring-loaded\/\" class=\"category-list-item\" alt=\"Baureihen MN-Kugelrollen gefedert im Geh\u00e4use\">        <img loading=\"lazy\" decoding=\"async\" width=\"150\" height=\"150\" src=\"https:\/\/www.omnitrack.com\/wp-content\/uploads\/2023\/03\/MN-series-medium-duty-ball-transfer-units.webp\" class=\"img-fluid\" alt=\"medium-duty ball transfer unit\" srcset=\"https:\/\/www.omnitrack.com\/wp-content\/uploads\/2023\/03\/MN-series-medium-duty-ball-transfer-units.webp 400w, https:\/\/www.omnitrack.com\/wp-content\/uploads\/2023\/03\/MN-series-medium-duty-ball-transfer-units-300x300.webp 300w, https:\/\/www.omnitrack.com\/wp-content\/uploads\/2023\/03\/MN-series-medium-duty-ball-transfer-units-150x150.webp 150w, https:\/\/www.omnitrack.com\/wp-content\/uploads\/2023\/03\/MN-series-medium-duty-ball-transfer-units-100x100.webp 100w\" sizes=\"auto, (max-width: 150px) 100vw, 150px\" \/>        <h3 class=\"fontSize-4 fontSize-sm-3 mb-0 mb-sm-2\">Baureihen MN<\/h3>                    <small>Kugelrollen gefedert im Geh\u00e4use<\/small>                    <\/a><\/li><li class=\"col-6 col-sm-4 col-lg-3 col-xl-3 col-xxl-20 \">    <a href=\"https:\/\/www.omnitrack.com\/de\/ball-transfer-units\/medium-duty\/mm-series-housed-spring-loaded\/\" class=\"category-list-item\" alt=\"Baureihen MM-Kugelrollen mit federbelastetem Geh\u00e4use\">        <img loading=\"lazy\" decoding=\"async\" width=\"150\" height=\"150\" src=\"https:\/\/www.omnitrack.com\/wp-content\/uploads\/2023\/03\/mm-series-medium-duty-ball-transfer-units.webp\" class=\"img-fluid\" alt=\"medium-duty ball transfer unit\" srcset=\"https:\/\/www.omnitrack.com\/wp-content\/uploads\/2023\/03\/mm-series-medium-duty-ball-transfer-units.webp 400w, https:\/\/www.omnitrack.com\/wp-content\/uploads\/2023\/03\/mm-series-medium-duty-ball-transfer-units-300x300.webp 300w, https:\/\/www.omnitrack.com\/wp-content\/uploads\/2023\/03\/mm-series-medium-duty-ball-transfer-units-150x150.webp 150w, https:\/\/www.omnitrack.com\/wp-content\/uploads\/2023\/03\/mm-series-medium-duty-ball-transfer-units-100x100.webp 100w\" sizes=\"auto, (max-width: 150px) 100vw, 150px\" \/>        <h3 class=\"fontSize-4 fontSize-sm-3 mb-0 mb-sm-2\">Baureihen MM<\/h3>                    <small>Kugelrollen mit federbelastetem Geh\u00e4use<\/small>                    <\/a><\/li><li class=\"col-6 col-sm-4 col-lg-3 col-xl-3 col-xxl-20 \">    <a href=\"https:\/\/www.omnitrack.com\/de\/ball-transfer-units\/light-duty\/lm-series-cased-spring-loaded\/\" class=\"category-list-item\" alt=\"Baureihen LM-Federbelastetes Geh\u00e4use\">        <img loading=\"lazy\" decoding=\"async\" width=\"150\" height=\"150\" src=\"https:\/\/www.omnitrack.com\/wp-content\/uploads\/2023\/03\/LM-series-light-duty-ball-transfer-units.webp\" class=\"img-fluid\" alt=\"LM series light duty ball transfer units\" srcset=\"https:\/\/www.omnitrack.com\/wp-content\/uploads\/2023\/03\/LM-series-light-duty-ball-transfer-units.webp 400w, https:\/\/www.omnitrack.com\/wp-content\/uploads\/2023\/03\/LM-series-light-duty-ball-transfer-units-300x300.webp 300w, https:\/\/www.omnitrack.com\/wp-content\/uploads\/2023\/03\/LM-series-light-duty-ball-transfer-units-150x150.webp 150w, https:\/\/www.omnitrack.com\/wp-content\/uploads\/2023\/03\/LM-series-light-duty-ball-transfer-units-100x100.webp 100w\" sizes=\"auto, (max-width: 150px) 100vw, 150px\" \/>        <h3 class=\"fontSize-4 fontSize-sm-3 mb-0 mb-sm-2\">Baureihen LM<\/h3>                    <small>Federbelastetes Geh\u00e4use<\/small>                    <\/a><\/li><li class=\"col-6 col-sm-4 col-lg-3 col-xl-3 col-xxl-20 \">    <a href=\"https:\/\/www.omnitrack.com\/de\/ball-transfer-units\/spring-loaded-t-b-bars\/t-b-bars\/\" class=\"category-list-item\" alt=\"B-Stangen-Gefederte Kugelstange\">        <img loading=\"lazy\" decoding=\"async\" width=\"150\" height=\"150\" src=\"https:\/\/www.omnitrack.com\/wp-content\/uploads\/2023\/03\/B_Bar.webp\" class=\"img-fluid\" alt=\"spring loaded &amp; t\/b bars\" srcset=\"https:\/\/www.omnitrack.com\/wp-content\/uploads\/2023\/03\/B_Bar.webp 800w, https:\/\/www.omnitrack.com\/wp-content\/uploads\/2023\/03\/B_Bar-300x300.webp 300w, https:\/\/www.omnitrack.com\/wp-content\/uploads\/2023\/03\/B_Bar-150x150.webp 150w, https:\/\/www.omnitrack.com\/wp-content\/uploads\/2023\/03\/B_Bar-768x768.webp 768w, https:\/\/www.omnitrack.com\/wp-content\/uploads\/2023\/03\/B_Bar-600x600.webp 600w, https:\/\/www.omnitrack.com\/wp-content\/uploads\/2023\/03\/B_Bar-100x100.webp 100w\" sizes=\"auto, (max-width: 150px) 100vw, 150px\" \/>        <h3 class=\"fontSize-4 fontSize-sm-3 mb-0 mb-sm-2\">B-Stangen<\/h3>                    <small>Gefederte Kugelstange<\/small>                    <\/a><\/li><li class=\"col-6 col-sm-4 col-lg-3 col-xl-3 col-xxl-20 \">    <a href=\"https:\/\/www.omnitrack.com\/de\/ball-transfer-units\/spring-loaded-t-b-bars\/t-b-bars\/\" class=\"category-list-item\" alt=\"T-Stangen-Gefederte Kugelstange\">        <img loading=\"lazy\" decoding=\"async\" width=\"150\" height=\"150\" src=\"https:\/\/www.omnitrack.com\/wp-content\/uploads\/2023\/03\/T_Bar.webp\" class=\"img-fluid\" alt=\"Spring loaded&amp; T\/B-bars\" srcset=\"https:\/\/www.omnitrack.com\/wp-content\/uploads\/2023\/03\/T_Bar.webp 800w, https:\/\/www.omnitrack.com\/wp-content\/uploads\/2023\/03\/T_Bar-300x300.webp 300w, https:\/\/www.omnitrack.com\/wp-content\/uploads\/2023\/03\/T_Bar-150x150.webp 150w, https:\/\/www.omnitrack.com\/wp-content\/uploads\/2023\/03\/T_Bar-768x768.webp 768w, https:\/\/www.omnitrack.com\/wp-content\/uploads\/2023\/03\/T_Bar-600x600.webp 600w, https:\/\/www.omnitrack.com\/wp-content\/uploads\/2023\/03\/T_Bar-100x100.webp 100w\" sizes=\"auto, (max-width: 150px) 100vw, 150px\" \/>        <h3 class=\"fontSize-4 fontSize-sm-3 mb-0 mb-sm-2\">T-Stangen<\/h3>                    <small>Gefederte Kugelstange<\/small>                    <\/a><\/li><\/ul><\/div>\n<\/section>\n<div class=\"row cpn-section\">\n<div class=\"col\">\n<hr \/>\n<\/div>\n<\/div>\n<section id=\"icons-grid-one\" class=\"row cpn-section pb-5\">\n<div class=\"col-12 col-sm-5 col-lg-5 col-xl-7 fontSize-4 text-content\">\n<h3>Konstruktion mit geringster Reibung<\/h3>\n<p>&#8222;Heavy-Duty&#8220; <a href=\"https:\/\/www.omnitrack.com\/de\/kugelrollen\/\">Kugelrollen<\/a> bieten den niedrigsten Reibungskoeffizienten. Ausgedr\u00fcckt als Verh\u00e4ltnis von weniger als 1:0,005; oder als Losbrechpunkt der Tr\u00e4gheit, weniger als 0,5 % der bef\u00f6rderten Last.<\/p>\n<h3 class=\"mt-4\">Maximale Belastung bei jeder Ausrichtung<\/h3>\n<p>&#8222;Heavy-Duty&#8220; \u2013 Kugelrollen sind f\u00fcr den Einsatz bei maximaler Belastung in jedem Ausrichtungswinkel ausgelegt (Verwendung der Kugel nach unten).<\/p>\n<h3 class=\"mt-4\">Hohe Belastungen &#8211; 8000 kg pro St\u00fcck<\/h3>\n<p>Hohe Tragf\u00e4higkeit \u2013 Die Kugelrollen &#8222;Heavy-Duty&#8220; bew\u00e4ltigen Lasten von 8000 kg (pro Einheit).<\/p>\n<h3 class=\"mt-4\">Nutzungsdauer und Ersatzteile<\/h3>\n<p>H\u00f6chste Lebensdauer \u2013 Vom Benutzer zu wartende Service-Kits, vollst\u00e4ndige Werksersatzteile und \u00dcberholungsservice.<\/p>\n<h3 class=\"mt-4\">Leichtg\u00e4ngige, hochpr\u00e4zise Bewegung<\/h3>\n<p>Solide pr\u00e4zisionsgefertigte Komponenten, die einzeln montiert und zu 100 % kontrolliert und getestet werden. Wird mit einer kostenlosen 2-Jahres-Garantie geliefert.<\/p>\n<\/div>\n<div class=\"col-12 col-sm-7 col-lg-7 col-xl-5\"><div class=\"grid-wrap\">\n<div class=\"row g-2 g-md-3 mb-2 mb-md-3\">\n<div class=\"col-8\">\n<div class=\"grid-item double\"><img decoding=\"async\" loading=\"lazy\" src=\"https:\/\/www.omnitrack.com\/wp-content\/themes\/omnitrack2023\/images\/icon-maximum-load.svg\" class=\"ico-icons-grid\" alt=\"icon-maximum-load\"  \/>Nennlasten in jeder Richtung gleich<small><\/small><\/div>\n<\/div>\n<div class=\"col-4\">\n<div class=\"grid-item\"><img decoding=\"async\" loading=\"lazy\" src=\"https:\/\/www.omnitrack.com\/wp-content\/themes\/omnitrack2023\/images\/icon-low-friction.svg\" class=\"ico-icons-grid\" alt=\"icon-low-friction\"  \/>Reibungsarm<br \/>1 : 0,005<small><\/small><\/div>\n<\/div>\n<\/div>\n<div class=\"row g-2 g-md-3 mb-2 mb-md-3\">\n<div class=\"col-4\">\n<div class=\"grid-item\"><img decoding=\"async\" loading=\"lazy\" src=\"https:\/\/www.omnitrack.com\/wp-content\/themes\/omnitrack2023\/images\/icon-high-shock-resistence.svg\" class=\"ico-icons-grid\" alt=\"icon-high-shock-resistence\"  \/>Ikone &#8211; Hohe Sto\u00dffestigkeit<small><\/small><\/div>\n<\/div>\n<div class=\"col-4\">\n<div class=\"grid-item\"><img decoding=\"async\" loading=\"lazy\" src=\"https:\/\/www.omnitrack.com\/wp-content\/themes\/omnitrack2023\/images\/icon-temperature.svg\" class=\"ico-icons-grid\" alt=\"icon-temperature\"  \/>Temperatur<br \/>-50\/260\u00baC<small><\/small><\/div>\n<\/div>\n<div class=\"col-4\">\n<div class=\"grid-item\"><img decoding=\"async\" loading=\"lazy\" src=\"https:\/\/www.omnitrack.com\/wp-content\/themes\/omnitrack2023\/images\/icon-speed.svg\" class=\"ico-icons-grid\" alt=\"icon-speed\"  \/>Geschwindigkeit<br \/>2m\/sec<small><\/small><\/div>\n<\/div>\n<\/div>\n<div class=\"row g-2 g-md-3\">\n<div class=\"col-4\">\n<div class=\"grid-item\"><img decoding=\"async\" loading=\"lazy\" src=\"https:\/\/www.omnitrack.com\/wp-content\/themes\/omnitrack2023\/images\/icon-drain-channels.svg\" class=\"ico-icons-grid\" alt=\"icon-drain-channels\"  \/>Ablauf-\/Schmutskan\u00e4le<small>Nur Reihe 9000<\/small><\/div>\n<\/div>\n<div class=\"col-4\">\n<div class=\"grid-item\"><img decoding=\"async\" loading=\"lazy\" src=\"https:\/\/www.omnitrack.com\/wp-content\/themes\/omnitrack2023\/images\/icon-user-seviceble.svg\" class=\"ico-icons-grid\" alt=\"icon-user-seviceble\"  \/>Benutzerbedienbar<small>Nur Reihe 9000<\/small><\/div>\n<\/div>\n<div class=\"col-4\">\n<div class=\"grid-item\"><img decoding=\"async\" loading=\"lazy\" src=\"https:\/\/www.omnitrack.com\/wp-content\/themes\/omnitrack2023\/images\/icon-precision-machined-construction.svg\" class=\"ico-icons-grid\" alt=\"icon-precision-machined-construction\"  \/>Pr\u00e4zisionsbearbeitete Konstruktion<small><\/small><\/div>\n<\/div>\n<\/div>\n<\/div>\n<\/div>\n<\/section>\n<section id=\"cant-find\" class=\"row cpn-section py-5 two justify-content-between\"><div class=\"col-12 col-sm-6 col-lg-7 py-lg-4 pe-lg-5\">\n<h3 class=\"fontSize-2 fontSize-md-1\">Sie k\u00f6nnen nicht finden, was Sie suchen?<\/h3>\n<p class=\"fontSize-4\">Versuchen Sie, nach Schl\u00fcsselw\u00f6rtern, Teilenummern, Lasten und Befestigungsarten zu suchen.<\/p>\n<div class=\"input-group\"><form class=\"form-search\"><div class=\"input-group\">  <input type=\"text\" name=\"s\" class=\"form-control field\" placeholder=\"Suche Teilnummer\">  <input type=\"hidden\" name=\"post-type\" value=\"product\"><\/div><\/form><\/div>\n<\/div>\n<div class=\"col-12 col-sm-6 col-lg-5 py-lg-4 pt-4 pt-sm-0\">\n<h3 class=\"fontSize-2 fontSize-md-1\">Free technical advice<\/h3>\n<p class=\"fontSize-4\">Phone: <b><a href=\"tel:+4908001833297\">+49 0800 18 33 297<br \/><\/a><\/b><\/p>\n<p class=\"fontSize-4\">Email: <b><a href=\"mailto:info@omnitrack.com\">info@omnitrack.com<\/a><\/b><\/p>\n<div class=\"mt-4\"> <a class=\"btn-ot green me-2 mb-3 mb-md-0 w100-mobile\" href=\"https:\/\/wa.me\/447759128207\" target=\"_blank\" rel=\"noopener\"><img decoding=\"async\" loading=\"lazy\" src=\"https:\/\/www.omnitrack.com\/wp-content\/themes\/omnitrack2023\/images\/icon-whatsapp.svg\"  alt=\"WhatsApp Omnitrack\"  \/> WhatsApp<\/a> <a class=\"btn-ot w100-mobile\" href=\"https:\/\/calendly.com\/omnitrack\/15min\" target=\"_blank\" rel=\"noopener\"><img decoding=\"async\" loading=\"lazy\" src=\"https:\/\/www.omnitrack.com\/wp-content\/themes\/omnitrack2023\/images\/icon-schedule.svg\"  alt=\"Vereinbaren Sie einen Termin mit Omnitrack\"  \/> Einen Anruf vereinbaren<\/a><\/div>\n<\/div>\n<\/section>\n","protected":false},"excerpt":{"rendered":"<p>Federbelastete Kugelrollen &amp; T-\/B-Stangen Konstruktion mit geringster Reibung &#8222;Heavy-Duty&#8220; Kugelrollen bieten den niedrigsten Reibungskoeffizienten. Ausgedr\u00fcckt als Verh\u00e4ltnis von weniger als 1:0,005; oder als Losbrechpunkt der Tr\u00e4gheit, weniger als 0,5 % der bef\u00f6rderten Last. Maximale Belastung bei jeder Ausrichtung &#8222;Heavy-Duty&#8220; \u2013 Kugelrollen sind f\u00fcr den Einsatz bei maximaler Belastung in jedem Ausrichtungswinkel ausgelegt (Verwendung der Kugel [&hellip;]<\/p>\n","protected":false},"author":7,"featured_media":0,"parent":97537,"menu_order":0,"comment_status":"closed","ping_status":"closed","template":"page-spring-loaded-t-b-bars.php","meta":{"inline_featured_image":false,"footnotes":""},"class_list":["post-97549","page","type-page","status-publish","hentry"],"acf":[],"_links":{"self":[{"href":"https:\/\/www.omnitrack.com\/de\/wp-json\/wp\/v2\/pages\/97549","targetHints":{"allow":["GET"]}}],"collection":[{"href":"https:\/\/www.omnitrack.com\/de\/wp-json\/wp\/v2\/pages"}],"about":[{"href":"https:\/\/www.omnitrack.com\/de\/wp-json\/wp\/v2\/types\/page"}],"author":[{"embeddable":true,"href":"https:\/\/www.omnitrack.com\/de\/wp-json\/wp\/v2\/users\/7"}],"replies":[{"embeddable":true,"href":"https:\/\/www.omnitrack.com\/de\/wp-json\/wp\/v2\/comments?post=97549"}],"version-history":[{"count":3,"href":"https:\/\/www.omnitrack.com\/de\/wp-json\/wp\/v2\/pages\/97549\/revisions"}],"predecessor-version":[{"id":103659,"href":"https:\/\/www.omnitrack.com\/de\/wp-json\/wp\/v2\/pages\/97549\/revisions\/103659"}],"up":[{"embeddable":true,"href":"https:\/\/www.omnitrack.com\/de\/wp-json\/wp\/v2\/pages\/97537"}],"wp:attachment":[{"href":"https:\/\/www.omnitrack.com\/de\/wp-json\/wp\/v2\/media?parent=97549"}],"curies":[{"name":"wp","href":"https:\/\/api.w.org\/{rel}","templated":true}]}}