{"id":97547,"date":"2019-01-21T17:21:24","date_gmt":"2019-01-21T17:21:24","guid":{"rendered":"https:\/\/www.omnitrack.com\/technical-reference\/"},"modified":"2024-09-24T20:04:03","modified_gmt":"2024-09-24T20:04:03","slug":"technische-referenz","status":"publish","type":"page","link":"https:\/\/www.omnitrack.com\/de\/technische-referenz\/","title":{"rendered":"Technische Referenz"},"content":{"rendered":"<section id=\"header-product-one\" class=\"row cpn-section pb-4 fontSize-4\">\n<div class=\"col\">\n<h1>Technische Referenz<\/h1>\n<h2>Heavy-Duty-Kugelrollen &#8211; Maximale Pr\u00e4zision<\/h2>\n<p>Omnitrack Heavy Duty Kugelrollen der Serie 9000 \u2013 Seit 1954 in kontinuierlicher Produktion. Schnelle Wiederherstellung der Leistung innerhalb von Minuten mit den Service-Kits S1 und S2, die 2 Stufen von Komponenten und vollst\u00e4ndige \u00dcberholungsanweisungen enthalten. Werkseitiger \u00dcberholungsservice f\u00fcr federbelastete und kundenspezifische Einheiten, da diese unter Umst\u00e4nden spezielle Werkzeuge f\u00fcr eine sichere Demontage ben\u00f6tigen. Geben Sie bei der Bestellung die Original-Teilenummer, eine beliebige Kennzeichnung und den ben\u00f6tigten Service-Kit an, z. B. S1-9241. Im Zweifelsfall kontaktieren Sie uns und wir sorgen daf\u00fcr, dass Sie weiterfahren k\u00f6nnen!<\/p>\n<\/div>\n<\/section>\n<section class=\"row cpn-section fontSize-4\">\n<div class=\"col-12 col-md-6 mb-4 mb-md-0\"><img loading=\"lazy\" decoding=\"async\" class=\"img-fluid alignnone wp-image-79750 size-full\" src=\"https:\/\/www.omnitrack.com\/wp-content\/uploads\/2024\/09\/heavy_duty_technical_reference_de.webp\" alt=\"Kugelrolldiagramm Technische Referenz\" width=\"700\" height=\"696\" \/><\/div>\n<div class=\"col-12 col-md-6\"><div class=\"grid-wrap\">\n<div class=\"row g-2 g-md-3 mb-2 mb-md-3\">\n<div class=\"col-8\">\n<div class=\"grid-item double\"><img decoding=\"async\" loading=\"lazy\" src=\"https:\/\/www.omnitrack.com\/wp-content\/themes\/omnitrack2023\/images\/icon-maximum-load.svg\" class=\"ico-icons-grid\" alt=\"icon-maximum-load\"  \/>Nennlasten in jeder Richtung gleich<small><\/small><\/div>\n<\/div>\n<div class=\"col-4\">\n<div class=\"grid-item\"><img decoding=\"async\" loading=\"lazy\" src=\"https:\/\/www.omnitrack.com\/wp-content\/themes\/omnitrack2023\/images\/icon-low-friction.svg\" class=\"ico-icons-grid\" alt=\"icon-low-friction\"  \/>Reibungsarm<br \/>1 : 0,005<small><\/small><\/div>\n<\/div>\n<\/div>\n<div class=\"row g-2 g-md-3 mb-2 mb-md-3\">\n<div class=\"col-4\">\n<div class=\"grid-item\"><img decoding=\"async\" loading=\"lazy\" src=\"https:\/\/www.omnitrack.com\/wp-content\/themes\/omnitrack2023\/images\/icon-high-shock-resistence.svg\" class=\"ico-icons-grid\" alt=\"icon-high-shock-resistence\"  \/>Ikone &#8211; Hohe Sto\u00dffestigkeit<small><\/small><\/div>\n<\/div>\n<div class=\"col-4\">\n<div class=\"grid-item\"><img decoding=\"async\" loading=\"lazy\" src=\"https:\/\/www.omnitrack.com\/wp-content\/themes\/omnitrack2023\/images\/icon-temperature.svg\" class=\"ico-icons-grid\" alt=\"icon-temperature\"  \/>Temperatur<br \/>-50\/260\u00baC<small><\/small><\/div>\n<\/div>\n<div class=\"col-4\">\n<div class=\"grid-item\"><img decoding=\"async\" loading=\"lazy\" src=\"https:\/\/www.omnitrack.com\/wp-content\/themes\/omnitrack2023\/images\/icon-speed.svg\" class=\"ico-icons-grid\" alt=\"icon-speed\"  \/>Geschwindigkeit<br \/>2m\/sec<small><\/small><\/div>\n<\/div>\n<\/div>\n<div class=\"row g-2 g-md-3\">\n<div class=\"col-4\">\n<div class=\"grid-item\"><img decoding=\"async\" loading=\"lazy\" src=\"https:\/\/www.omnitrack.com\/wp-content\/themes\/omnitrack2023\/images\/icon-drain-channels.svg\" class=\"ico-icons-grid\" alt=\"icon-drain-channels\"  \/>Ablauf-\/Schmutskan\u00e4le<small>Nur Reihe 9000<\/small><\/div>\n<\/div>\n<div class=\"col-4\">\n<div class=\"grid-item\"><img decoding=\"async\" loading=\"lazy\" src=\"https:\/\/www.omnitrack.com\/wp-content\/themes\/omnitrack2023\/images\/icon-user-seviceble.svg\" class=\"ico-icons-grid\" alt=\"icon-user-seviceble\"  \/>Benutzerbedienbar<small>Nur Reihe 9000<\/small><\/div>\n<\/div>\n<div class=\"col-4\">\n<div class=\"grid-item\"><img decoding=\"async\" loading=\"lazy\" src=\"https:\/\/www.omnitrack.com\/wp-content\/themes\/omnitrack2023\/images\/icon-precision-machined-construction.svg\" class=\"ico-icons-grid\" alt=\"icon-precision-machined-construction\"  \/>Pr\u00e4zisionsbearbeitete Konstruktion<small><\/small><\/div>\n<\/div>\n<\/div>\n<\/div>\n<\/p>\n<p class=\"text-center mt-3\"><strong class=\"fontSize-3\">Schmutz- und Abflusskan\u00e4le<\/strong><br \/>\nAlle Einheiten (Hauptkugel) &gt; 15,8 mm<\/p>\n<\/div>\n<\/section>\n<div class=\"row cpn-section\">\n<div class=\"col\">\n<hr \/>\n<\/div>\n<\/div>\n<section class=\"row cpn-section fontSize-4\">\n<div class=\"col-12 col-md-6\">\n<div class=\"row align-items-center\">\n<div class=\"col-4\"><img loading=\"lazy\" decoding=\"async\" class=\"img-fluid alignnone wp-image-78060 size-medium\" src=\"https:\/\/www.omnitrack.com\/wp-content\/uploads\/2023\/03\/92-300x300.webp\" alt=\"Technische Referenz\" width=\"300\" height=\"300\" srcset=\"https:\/\/www.omnitrack.com\/wp-content\/uploads\/2023\/03\/92-300x300.webp 300w, https:\/\/www.omnitrack.com\/wp-content\/uploads\/2023\/03\/92-150x150.webp 150w, https:\/\/www.omnitrack.com\/wp-content\/uploads\/2023\/03\/92-768x768.webp 768w, https:\/\/www.omnitrack.com\/wp-content\/uploads\/2023\/03\/92-600x600.webp 600w, https:\/\/www.omnitrack.com\/wp-content\/uploads\/2023\/03\/92-100x100.webp 100w, https:\/\/www.omnitrack.com\/wp-content\/uploads\/2023\/03\/92.webp 800w\" sizes=\"auto, (max-width: 300px) 100vw, 300px\" \/><\/div>\n<div class=\"col-8\">\n<p class=\"fontSize-4 fontSize-md-3\"><strong class=\"fontSize-3 fontSize-md-2 lh-1 lh-md-2\">Anti-Oxid Elektrophoretische schwarze Oberfl\u00e4che<\/strong><br \/>\n&gt; 330 Stunden ISO-Salzbest\u00e4ndigkeit<\/p>\n<\/div>\n<\/div>\n<\/div>\n<div class=\"col-12 col-md-6\">\n<div class=\"row align-items-center\">\n<div class=\"col-4\"><img loading=\"lazy\" decoding=\"async\" class=\"img-fluid alignnone wp-image-78138 size-medium\" src=\"https:\/\/www.omnitrack.com\/wp-content\/uploads\/2023\/03\/93_SS-300x300.webp\" alt=\"Technische Referenz\" width=\"300\" height=\"300\" srcset=\"https:\/\/www.omnitrack.com\/wp-content\/uploads\/2023\/03\/93_SS-300x300.webp 300w, https:\/\/www.omnitrack.com\/wp-content\/uploads\/2023\/03\/93_SS-150x150.webp 150w, https:\/\/www.omnitrack.com\/wp-content\/uploads\/2023\/03\/93_SS-768x768.webp 768w, https:\/\/www.omnitrack.com\/wp-content\/uploads\/2023\/03\/93_SS-600x600.webp 600w, https:\/\/www.omnitrack.com\/wp-content\/uploads\/2023\/03\/93_SS-100x100.webp 100w, https:\/\/www.omnitrack.com\/wp-content\/uploads\/2023\/03\/93_SS.webp 800w\" sizes=\"auto, (max-width: 300px) 100vw, 300px\" \/><\/div>\n<div class=\"col-8\">\n<p class=\"fontSize-4 fontSize-md-3\"><strong class=\"fontSize-3 fontSize-md-2 lh-1 lh-md-2\">Edelstahl-Kugelrollen<\/strong><br \/>\nNaturbelassen<\/p>\n<\/div>\n<\/div>\n<\/div>\n<\/section>\n<div class=\"row cpn-section\">\n<div class=\"col\">\n<hr \/>\n<\/div>\n<\/div>\n<section class=\"row cpn-section fontSize-4\">\n<div class=\"col-12\">\n<h2 class=\"py-4\">Werkstoffe der Komponenten &amp; Korrosionsbest\u00e4ndigkeit<\/h2>\n<\/div>\n<div class=\"col col-lg-8 mb-4 mb-md-0\">\n<div class=\"table-border\">\n<table class=\"corrosion-table table ot-table-striped\">\n<thead>\n<tr>\n<th>\u00a0<\/th>\n<th><img loading=\"lazy\" decoding=\"async\" class=\"img-fluid alignnone wp-image-79886 size-full\" src=\"https:\/\/www.omnitrack.com\/wp-content\/uploads\/2023\/03\/tr-icon-materials-1.webp\" alt=\"Material-Icon\" width=\"205\" height=\"131\" \/><\/th>\n<th><img loading=\"lazy\" decoding=\"async\" class=\"img-fluid alignnone wp-image-79887 size-full\" src=\"https:\/\/www.omnitrack.com\/wp-content\/uploads\/2023\/03\/tr-icon-materials-2.webp\" alt=\"Material-Icon\" width=\"228\" height=\"181\" \/><\/th>\n<th><img loading=\"lazy\" decoding=\"async\" class=\"img-fluid alignnone wp-image-79888 size-full\" src=\"https:\/\/www.omnitrack.com\/wp-content\/uploads\/2023\/03\/tr-icon-materials-3.webp\" alt=\"Material-Icon\" width=\"200\" height=\"142\" \/><\/th>\n<th><img loading=\"lazy\" decoding=\"async\" class=\"img-fluid alignnone wp-image-79889 size-full\" src=\"https:\/\/www.omnitrack.com\/wp-content\/uploads\/2023\/03\/tr-icon-materials-4.webp\" alt=\"Material-Icon\" width=\"230\" height=\"111\" \/><\/th>\n<th><img loading=\"lazy\" decoding=\"async\" class=\"img-fluid alignnone wp-image-79890 size-full\" src=\"https:\/\/www.omnitrack.com\/wp-content\/uploads\/2023\/03\/tr-icon-materials-5.webp\" alt=\"Material-Icon\" width=\"158\" height=\"159\" srcset=\"https:\/\/www.omnitrack.com\/wp-content\/uploads\/2023\/03\/tr-icon-materials-5.webp 158w, https:\/\/www.omnitrack.com\/wp-content\/uploads\/2023\/03\/tr-icon-materials-5-150x150.webp 150w, https:\/\/www.omnitrack.com\/wp-content\/uploads\/2023\/03\/tr-icon-materials-5-100x100.webp 100w\" sizes=\"auto, (max-width: 158px) 100vw, 158px\" \/><\/th>\n<th><img loading=\"lazy\" decoding=\"async\" class=\"img-fluid alignnone wp-image-79891 size-full\" src=\"https:\/\/www.omnitrack.com\/wp-content\/uploads\/2023\/03\/tr-icon-materials-6.webp\" alt=\"Material-Icon\" width=\"188\" height=\"135\" \/><\/th>\n<\/tr>\n<\/thead>\n<tbody>\n<tr>\n<th><span class=\"material ball material-SS pe-2\">Alle Teile aus Edelstahl<\/span><\/th>\n<td>1<\/td>\n<td>1<\/td>\n<td>1<\/td>\n<td>2<\/td>\n<td>3<\/td>\n<td>3<\/td>\n<\/tr>\n<tr>\n<th><span class=\"material ball material-Z pe-2\">Schwierige Bedingungen<\/span><\/th>\n<td>4<\/td>\n<td>4<\/td>\n<td>1<\/td>\n<td>5<\/td>\n<td>3<\/td>\n<td>3<\/td>\n<\/tr>\n<tr>\n<th><span class=\"material ball material-A pe-2\">Kugeln aus rostfreiem Stahl, andere Materialien als Standard<\/span><\/th>\n<td>4<\/td>\n<td>4<\/td>\n<td>6<\/td>\n<td>5<\/td>\n<td>3<\/td>\n<td>6<\/td>\n<\/tr>\n<tr>\n<th>Standard-Materialien<\/th>\n<td>4<\/td>\n<td>4<\/td>\n<td>6<\/td>\n<td>5<\/td>\n<td>6<\/td>\n<td>6<\/td>\n<\/tr>\n<\/tbody>\n<\/table>\n<\/div>\n<\/div>\n<div class=\"col col-lg-4\">\n<div class=\"row\">\n<div class=\"col-3\"><img loading=\"lazy\" decoding=\"async\" class=\"alignnone size-full wp-image-80187\" src=\"https:\/\/www.omnitrack.com\/wp-content\/uploads\/2023\/03\/Corrosion-Scale.svg\" alt=\"Korrosionsskala\" width=\"101\" height=\"300\" \/><\/div>\n<div class=\"col-9\">\n<ol class=\"corrosion-list\">\n<li>Rostfreier Stahl AISI 304<\/li>\n<li>Rostfreier Stahl AISI 302<\/li>\n<li>Rostfreier Stahl AISI 440<\/li>\n<li>AISI 1050 &#8218;Anti-Oxid&#8216; Oberfl\u00e4che<\/li>\n<li>Kohlenstoffstahl AISI 1070<\/li>\n<li>Chromstahl AISI 52100<\/li>\n<\/ol>\n<\/div>\n<\/div>\n<\/div>\n<\/section>\n<div class=\"row cpn-section\">\n<div class=\"col\">\n<hr \/>\n<\/div>\n<\/div>\n<section class=\"row cpn-section fontSize-4\">\n<div class=\"col-12\">\n<h2 class=\"py-4\">Belastung und Stabilit\u00e4t<\/h2>\n<p>Bei Auftreten von Sto\u00dfbelastungen oder unebenen Lauffl\u00e4chen oder Lastbedingungen Modelle mit Federelement angeben.<\/p>\n<p>Aureichende Traglast sichestellen<\/p>\n<\/div>\n<div class=\"col-12 col-md-5\"><img loading=\"lazy\" decoding=\"async\" class=\"img-fluid alignnone wp-image-79752 size-full\" src=\"https:\/\/www.omnitrack.com\/wp-content\/uploads\/2024\/09\/load_de.webp\" alt=\"Bild laden\" width=\"651\" height=\"570\" \/><\/div>\n<div class=\"col-12 col-md-7\"><img loading=\"lazy\" decoding=\"async\" class=\"img-fluid alignnone wp-image-79753 size-full\" src=\"https:\/\/www.omnitrack.com\/wp-content\/uploads\/2024\/09\/unit_spacing_de.webp\" alt=\"Stabilit\u00e4tseinheit\" width=\"988\" height=\"570\" \/><\/div>\n<\/section>\n<div class=\"row cpn-section\">\n<div class=\"col\">\n<hr \/>\n<\/div>\n<\/div>\n<section class=\"row cpn-section fontSize-4\">\n<div class=\"col-12\">\n<h2 class=\"py-4\">Betriebstemperatur<\/h2>\n<p>Kompensieren Sie Temperatur und Betriebsumgebung, indem Sie die angegebene Tragf\u00e4higkeit reduzieren.<\/p>\n<p class=\"text-center\"><img loading=\"lazy\" decoding=\"async\" class=\"img-fluid alignnone wp-image-80186 size-full\" src=\"https:\/\/www.omnitrack.com\/wp-content\/uploads\/2024\/09\/operating_temperature_de.webp\" alt=\"Grafiken\" width=\"1101\" height=\"843\" \/><\/p>\n<\/div>\n<\/section>\n<div class=\"row cpn-section\">\n<div class=\"col\">\n<hr \/>\n<\/div>\n<\/div>\n<section class=\"row cpn-section fontSize-4\">\n<div class=\"col-12\">\n<h2 class=\"py-4\">Ber\u00fccksichtigen Sie die folgenden Aspekte bei der Auswahl Ihrer L\u00f6sung:<\/h2>\n<p class=\"text-center\"><img loading=\"lazy\" decoding=\"async\" class=\"img-fluid alignnone wp-image-80185 size-full\" src=\"https:\/\/www.omnitrack.com\/wp-content\/uploads\/2024\/09\/aspects_chart_de.webp\" alt=\"Grafiken\" width=\"1101\" height=\"556\" \/><\/p>\n<ul class=\"row clear-list aspect-list mt-5\">\n<li class=\"col-12 col-lg-4\">\n<div class=\"list-item\">\n<h3><img loading=\"lazy\" decoding=\"async\" class=\"alignnone wp-image-79754 size-full\" src=\"https:\/\/www.omnitrack.com\/wp-content\/uploads\/2023\/03\/icon-orientation.webp\" alt=\"icon\" width=\"100\" height=\"43\" \/> Einbaulage<\/h3>\n<p>In welcher Einbaulage m\u00fcssen die Kugelrollen in Ihrer Anwendung eingebaut werden oder funktionieren? Laufkugel &#8222;oben&#8220;, &#8222;unten&#8220; oder anders? SchwerlastKugelrollen arbeiten mit maximaler Traglast in allen Richtungen.<\/p>\n<\/div>\n<\/li>\n<li class=\"col-12 col-lg-4\">\n<div class=\"list-item\">\n<h3><img loading=\"lazy\" decoding=\"async\" class=\"alignnone wp-image-80184 size-full\" src=\"https:\/\/www.omnitrack.com\/wp-content\/uploads\/2023\/03\/icon-track-contact-1.svg\" alt=\"Diamant\" width=\"64\" height=\"33\" \/> Verfolgen und Kontakt<\/h3>\n<p>Welchen Zustand, welche H\u00e4rte und Oberfl\u00e4chenbeschaffenheit hat das Material, das die Kugelrollen f\u00f6rdern oder gegen das sie reiben? Unebene, verformbare und empfindliche Oberfl\u00e4chen m\u00fcssen speziell ber\u00fccksichtigt werden.<\/p>\n<\/div>\n<\/li>\n<li class=\"col-12 col-lg-4\">\n<div class=\"list-item\">\n<h3><img loading=\"lazy\" decoding=\"async\" class=\"alignnone wp-image-79892 size-full\" src=\"https:\/\/www.omnitrack.com\/wp-content\/uploads\/2023\/03\/icon-load-shock.webp\" alt=\"icon\" width=\"65\" height=\"33\" \/> Belastung und Sto\u00df<\/h3>\n<p>Dynamische und statische Traglasten sind identisch. Bei ungleichm\u00e4\u00dfiger Lastverteilung oder Bedingungen mit hohen Sto\u00dfbelastungen sind Kugelrollen mit Federelement ideal.<\/p>\n<\/div>\n<\/li>\n<li class=\"col-12 col-lg-4\">\n<div class=\"list-item\">\n<h3><img loading=\"lazy\" decoding=\"async\" class=\"alignnone wp-image-80183 size-full\" src=\"https:\/\/www.omnitrack.com\/wp-content\/uploads\/2023\/03\/icon-speed-2.svg\" alt=\"Temperatur\" width=\"40\" height=\"33\" \/> Geschwindigkeit<\/h3>\n<p>Maximale F\u00f6rdergeschwindigkeiten sind begrenzt, auch Frequenz und Dauer m\u00fcssen eventuell ber\u00fccksichtigt werden. Dynamische und statische Nenngeschwindigkeiten sind identisch.<\/p>\n<\/div>\n<\/li>\n<li class=\"col-12 col-lg-4\">\n<div class=\"list-item\">\n<h3><img loading=\"lazy\" decoding=\"async\" class=\"alignnone wp-image-80182 size-full\" src=\"https:\/\/www.omnitrack.com\/wp-content\/uploads\/2023\/03\/icon-track-contact-2.svg\" alt=\"Tools\" width=\"64\" height=\"33\" \/> Verfolgen und Kontakt<\/h3>\n<p>Niedrigster Reibungsbeiwert und h\u00f6chste Pr\u00e4zisionsgrade der Bewegung werden durch die Schwerlast-Kugelrollen (Seiten 4-7) geboten. In einigen Anwendungen k\u00f6nnen hierf\u00fcr Zugest\u00e4ndnisse in der Konstruktion gemacht werden.<\/p>\n<\/div>\n<\/li>\n<li class=\"col-12 col-lg-4\">\n<div class=\"list-item\">\n<h3><img loading=\"lazy\" decoding=\"async\" class=\"alignnone wp-image-79893 size-full\" src=\"https:\/\/www.omnitrack.com\/wp-content\/uploads\/2023\/03\/icon-load-shock-2.webp\" alt=\"icon\" width=\"57\" height=\"49\" \/> Belastung und Sto\u00df<\/h3>\n<p>Ber\u00fccksichtigen Sie die Stabilit\u00e4t des F\u00f6rderguts. Stellen Sie ausreichend Kontaktstellen (Teilung) sicher, um das Gewicht einheitlich abzust\u00fctzen. M\u00f6glichkeiten f\u00fcr Kontrolle und Bremsung des Gewichts d\u00fcrfen nicht \u00fcbersehen werden.<\/p>\n<\/div>\n<\/li>\n<li class=\"col-12 col-lg-4\">\n<div class=\"list-item\">\n<h3><img loading=\"lazy\" decoding=\"async\" class=\"alignnone wp-image-80181 size-full\" src=\"https:\/\/www.omnitrack.com\/wp-content\/uploads\/2023\/03\/icon-environment-2.svg\" alt=\"Tools\" width=\"65\" height=\"33\" \/> Umwelt<\/h3>\n<p>Ziehen Sie Alternativwerkstoffe in Betracht, um ung\u00fcnstigen Umgebungsbedingungen besser widerstehen zu k\u00f6nnen. Schmutzige oder staubige Bedingungen? Nasse und verschmutzte Bereiche? Chemikalien\/Verunreinigung? Magnetische Permeabilit\u00e4t und Strahlungsfelder?<\/p>\n<\/div>\n<\/li>\n<li class=\"col-12 col-lg-4\">\n<div class=\"list-item\">\n<h3><img loading=\"lazy\" decoding=\"async\" class=\"alignnone wp-image-80189 size-full\" src=\"https:\/\/www.omnitrack.com\/wp-content\/uploads\/2023\/03\/icon-lubrification-service.svg\" alt=\"Grafisches Symbol\" width=\"30\" height=\"33\" \/> Schmierung &amp; Service<\/h3>\n<p>Omnitrack-Produkte sind lebenslang geschmiert. Um die Lebensdauer weiter zu verl\u00e4ngern, bieten die Heavy-Duty-Kugelrollen und Omnifloat-Serien zus\u00e4tzliche Service-Kits f\u00fcr den Benutzer. Siehe Seite 7 f\u00fcr Heavy-Duty-Kugelrollen und Seite 20 f\u00fcr Omnifloat-Rollen f\u00fcr den Glastransport.<\/p>\n<\/div>\n<\/li>\n<li class=\"col-12 col-lg-4\">\n<div class=\"list-item\">\n<h3><img loading=\"lazy\" decoding=\"async\" class=\"alignnone wp-image-80190 size-full\" src=\"https:\/\/www.omnitrack.com\/wp-content\/uploads\/2023\/03\/icon-temperature-2.svg\" alt=\"Temperatur-Symbole\" width=\"65\" height=\"33\" \/> Temperatur<\/h3>\n<p>Umgebungstemperatur und maximale\/ minimale Temperaturbereiche m\u00fcssen evaluiert werden. Edelstahlbauteile widerstehen h\u00f6heren und niedrigeren Temperaturen besser als Standardwerkstoffe \u2013 Siehe die Temperaturtabelle auf Seite 29.<\/p>\n<\/div>\n<\/li>\n<\/ul>\n<\/div>\n<\/section>\n<section id=\"cant-find\" class=\"row cpn-section py-5 two justify-content-between\"><div class=\"col-12 col-sm-6 col-lg-7 py-lg-4 pe-lg-5\">\n<h3 class=\"fontSize-2 fontSize-md-1\">Sie k\u00f6nnen nicht finden, was Sie suchen?<\/h3>\n<p class=\"fontSize-4\">Versuchen Sie, nach Schl\u00fcsselw\u00f6rtern, Teilenummern, Lasten und Befestigungsarten zu suchen.<\/p>\n<div class=\"input-group\"><form class=\"form-search\"><div class=\"input-group\">  <input type=\"text\" name=\"s\" class=\"form-control field\" placeholder=\"Suche Teilnummer\">  <input type=\"hidden\" name=\"post-type\" value=\"product\"><\/div><\/form><\/div>\n<\/div>\n<div class=\"col-12 col-sm-6 col-lg-5 py-lg-4 pt-4 pt-sm-0\">\n<h3 class=\"fontSize-2 fontSize-md-1\">Free technical advice<\/h3>\n<p class=\"fontSize-4\">Phone: <b><a href=\"tel:+4908001833297\">+49 0800 18 33 297<br \/><\/a><\/b><\/p>\n<p class=\"fontSize-4\">Email: <b><a href=\"mailto:info@omnitrack.com\">info@omnitrack.com<\/a><\/b><\/p>\n<div class=\"mt-4\"> <a class=\"btn-ot green me-2 mb-3 mb-md-0 w100-mobile\" href=\"https:\/\/wa.me\/447759128207\" target=\"_blank\" rel=\"noopener\"><img decoding=\"async\" loading=\"lazy\" src=\"https:\/\/www.omnitrack.com\/wp-content\/themes\/omnitrack2023\/images\/icon-whatsapp.svg\"  alt=\"WhatsApp Omnitrack\"  \/> WhatsApp<\/a> <a class=\"btn-ot w100-mobile\" href=\"https:\/\/calendly.com\/omnitrack\/15min\" target=\"_blank\" rel=\"noopener\"><img decoding=\"async\" loading=\"lazy\" src=\"https:\/\/www.omnitrack.com\/wp-content\/themes\/omnitrack2023\/images\/icon-schedule.svg\"  alt=\"Vereinbaren Sie einen Termin mit Omnitrack\"  \/> Einen Anruf vereinbaren<\/a><\/div>\n<\/div>\n<\/section>\n","protected":false},"excerpt":{"rendered":"<p>Technische Referenz Heavy-Duty-Kugelrollen &#8211; Maximale Pr\u00e4zision Omnitrack Heavy Duty Kugelrollen der Serie 9000 \u2013 Seit 1954 in kontinuierlicher Produktion. Schnelle Wiederherstellung der Leistung innerhalb von Minuten mit den Service-Kits S1 und S2, die 2 Stufen von Komponenten und vollst\u00e4ndige \u00dcberholungsanweisungen enthalten. Werkseitiger \u00dcberholungsservice f\u00fcr federbelastete und kundenspezifische Einheiten, da diese unter Umst\u00e4nden spezielle Werkzeuge f\u00fcr [&hellip;]<\/p>\n","protected":false},"author":7,"featured_media":0,"parent":0,"menu_order":0,"comment_status":"closed","ping_status":"closed","template":"","meta":{"inline_featured_image":false,"footnotes":""},"class_list":["post-97547","page","type-page","status-publish","hentry"],"acf":[],"_links":{"self":[{"href":"https:\/\/www.omnitrack.com\/de\/wp-json\/wp\/v2\/pages\/97547","targetHints":{"allow":["GET"]}}],"collection":[{"href":"https:\/\/www.omnitrack.com\/de\/wp-json\/wp\/v2\/pages"}],"about":[{"href":"https:\/\/www.omnitrack.com\/de\/wp-json\/wp\/v2\/types\/page"}],"author":[{"embeddable":true,"href":"https:\/\/www.omnitrack.com\/de\/wp-json\/wp\/v2\/users\/7"}],"replies":[{"embeddable":true,"href":"https:\/\/www.omnitrack.com\/de\/wp-json\/wp\/v2\/comments?post=97547"}],"version-history":[{"count":3,"href":"https:\/\/www.omnitrack.com\/de\/wp-json\/wp\/v2\/pages\/97547\/revisions"}],"predecessor-version":[{"id":106861,"href":"https:\/\/www.omnitrack.com\/de\/wp-json\/wp\/v2\/pages\/97547\/revisions\/106861"}],"wp:attachment":[{"href":"https:\/\/www.omnitrack.com\/de\/wp-json\/wp\/v2\/media?parent=97547"}],"curies":[{"name":"wp","href":"https:\/\/api.w.org\/{rel}","templated":true}]}}