{"id":97545,"date":"2019-05-10T17:02:17","date_gmt":"2019-05-10T17:02:17","guid":{"rendered":"https:\/\/www.omnitrack.com\/warranty\/"},"modified":"2024-08-26T14:39:09","modified_gmt":"2024-08-26T14:39:09","slug":"garantie","status":"publish","type":"page","link":"https:\/\/www.omnitrack.com\/de\/garantie\/","title":{"rendered":"Garantie"},"content":{"rendered":"<section id=\"header-product-one\" class=\"row cpn-section fontSize-4\">\n<div class=\"col-12 col-lg-8\">\n<h1>Heavy Duty Range \u2013 Kostenlose 2-Jahres-Garantie<\/h1>\n<p>Aktivieren Sie Ihre Garantie online, um das Startdatum Ihrer kostenlosen <strong>2-Jahres-Garantie<\/strong> festzuhalten. Stellen Sie sicher, dass Sie Ihre Garantie innerhalb von sechs Monaten nach der Auslieferung aktivieren. Wir m\u00fcssen uns vergewissern, dass Ihre Anwendung dem beabsichtigten Verwendungszweck entspricht und mit der n\u00e4chstliegenden Originalspezifikation \u00fcbereinstimmt. Wir organisieren dann den kostenlosen Ersatz und den Versand an Sie. Wenn wir ein besser geeignetes Produkt f\u00fcr Ihre Anwendung sehen, sprechen wir mit Ihnen \u00fcber g\u00fcnstige Konditionen, um Ihr Problem zu l\u00f6sen.<\/p>\n<\/div>\n<div class=\"col-12 col-lg-4\"><img loading=\"lazy\" decoding=\"async\" class=\"img-fluid alignnone wp-image-79745 size-full\" src=\"https:\/\/www.omnitrack.com\/wp-content\/uploads\/2024\/08\/2_year_warranty_de.webp\" alt=\" Garantie\" width=\"401\" height=\"190\" \/><\/div>\n<\/section>\n<section class=\"row cpn-section pb-5 fontSize-4\">\n<div class=\"col-12\">[omni_warranty idform=&#8220;3512&#8243;]<\/div>\n<\/section>\n<section id=\"cant-find\" class=\"row cpn-section py-5 two justify-content-between\"><div class=\"col-12 col-sm-6 col-lg-7 py-lg-4 pe-lg-5\">\n<h3 class=\"fontSize-2 fontSize-md-1\">Sie k\u00f6nnen nicht finden, was Sie suchen?<\/h3>\n<p class=\"fontSize-4\">Versuchen Sie, nach Schl\u00fcsselw\u00f6rtern, Teilenummern, Lasten und Befestigungsarten zu suchen.<\/p>\n<div class=\"input-group\"><form class=\"form-search\"><div class=\"input-group\">  <input type=\"text\" name=\"s\" class=\"form-control field\" placeholder=\"Suche Teilnummer\">  <input type=\"hidden\" name=\"post-type\" value=\"product\"><\/div><\/form><\/div>\n<\/div>\n<div class=\"col-12 col-sm-6 col-lg-5 py-lg-4 pt-4 pt-sm-0\">\n<h3 class=\"fontSize-2 fontSize-md-1\">Free technical advice<\/h3>\n<p class=\"fontSize-4\">Phone: <b><a href=\"tel:+4908001833297\">+49 0800 18 33 297<br \/><\/a><\/b><\/p>\n<p class=\"fontSize-4\">Email: <b><a href=\"mailto:info@omnitrack.com\">info@omnitrack.com<\/a><\/b><\/p>\n<div class=\"mt-4\"> <a class=\"btn-ot green me-2 mb-3 mb-md-0 w100-mobile\" href=\"https:\/\/wa.me\/447759128207\" target=\"_blank\" rel=\"noopener\"><img decoding=\"async\" loading=\"lazy\" src=\"https:\/\/www.omnitrack.com\/wp-content\/themes\/omnitrack2023\/images\/icon-whatsapp.svg\"  alt=\"WhatsApp Omnitrack\"  \/> WhatsApp<\/a> <a class=\"btn-ot w100-mobile\" href=\"https:\/\/calendly.com\/omnitrack\/15min\" target=\"_blank\" rel=\"noopener\"><img decoding=\"async\" loading=\"lazy\" src=\"https:\/\/www.omnitrack.com\/wp-content\/themes\/omnitrack2023\/images\/icon-schedule.svg\"  alt=\"Vereinbaren Sie einen Termin mit Omnitrack\"  \/> Einen Anruf vereinbaren<\/a><\/div>\n<\/div>\n<\/section>\n","protected":false},"excerpt":{"rendered":"<p>Heavy Duty Range \u2013 Kostenlose 2-Jahres-Garantie Aktivieren Sie Ihre Garantie online, um das Startdatum Ihrer kostenlosen 2-Jahres-Garantie festzuhalten. Stellen Sie sicher, dass Sie Ihre Garantie innerhalb von sechs Monaten nach der Auslieferung aktivieren. Wir m\u00fcssen uns vergewissern, dass Ihre Anwendung dem beabsichtigten Verwendungszweck entspricht und mit der n\u00e4chstliegenden Originalspezifikation \u00fcbereinstimmt. Wir organisieren dann den kostenlosen [&hellip;]<\/p>\n","protected":false},"author":7,"featured_media":0,"parent":0,"menu_order":0,"comment_status":"closed","ping_status":"closed","template":"page-warranty.php","meta":{"inline_featured_image":false,"footnotes":""},"class_list":["post-97545","page","type-page","status-publish","hentry"],"acf":[],"_links":{"self":[{"href":"https:\/\/www.omnitrack.com\/de\/wp-json\/wp\/v2\/pages\/97545","targetHints":{"allow":["GET"]}}],"collection":[{"href":"https:\/\/www.omnitrack.com\/de\/wp-json\/wp\/v2\/pages"}],"about":[{"href":"https:\/\/www.omnitrack.com\/de\/wp-json\/wp\/v2\/types\/page"}],"author":[{"embeddable":true,"href":"https:\/\/www.omnitrack.com\/de\/wp-json\/wp\/v2\/users\/7"}],"replies":[{"embeddable":true,"href":"https:\/\/www.omnitrack.com\/de\/wp-json\/wp\/v2\/comments?post=97545"}],"version-history":[{"count":3,"href":"https:\/\/www.omnitrack.com\/de\/wp-json\/wp\/v2\/pages\/97545\/revisions"}],"predecessor-version":[{"id":105372,"href":"https:\/\/www.omnitrack.com\/de\/wp-json\/wp\/v2\/pages\/97545\/revisions\/105372"}],"wp:attachment":[{"href":"https:\/\/www.omnitrack.com\/de\/wp-json\/wp\/v2\/media?parent=97545"}],"curies":[{"name":"wp","href":"https:\/\/api.w.org\/{rel}","templated":true}]}}